{"id":2105,"date":"2021-07-21T19:01:11","date_gmt":"2021-07-21T17:01:11","guid":{"rendered":"https:\/\/piumacare.com\/journal\/piuma-startet\/"},"modified":"2021-10-09T17:19:56","modified_gmt":"2021-10-09T15:19:56","slug":"piuma-startet","status":"publish","type":"page","link":"https:\/\/www.piumacare.com\/de\/journal\/piuma-startet\/","title":{"rendered":"Piuma startet"},"content":{"rendered":"<div class=\"fusion-fullwidth fullwidth-box fusion-builder-row-1 fusion-flex-container nonhundred-percent-fullwidth non-hundred-percent-height-scrolling\" style=\"--awb-border-radius-top-left:0px;--awb-border-radius-top-right:0px;--awb-border-radius-bottom-right:0px;--awb-border-radius-bottom-left:0px;--awb-flex-wrap:wrap;\" ><div class=\"fusion-builder-row fusion-row fusion-flex-align-items-flex-start fusion-flex-justify-content-center fusion-flex-content-wrap\" style=\"max-width:1248px;margin-left: calc(-4% \/ 2 );margin-right: calc(-4% \/ 2 );\"><div class=\"fusion-layout-column fusion_builder_column fusion-builder-column-0 fusion_builder_column_1_1 1_1 fusion-flex-column\" style=\"--awb-bg-size:cover;--awb-width-large:100%;--awb-margin-top-large:0px;--awb-spacing-right-large:1.92%;--awb-margin-bottom-large:20px;--awb-spacing-left-large:1.92%;--awb-width-medium:100%;--awb-order-medium:0;--awb-spacing-right-medium:1.92%;--awb-spacing-left-medium:1.92%;--awb-width-small:100%;--awb-order-small:0;--awb-spacing-right-small:1.92%;--awb-spacing-left-small:1.92%;\"><div class=\"fusion-column-wrapper fusion-column-has-shadow fusion-flex-justify-content-flex-start fusion-content-layout-column\"><div class=\"fusion-image-element \" style=\"text-align:center;--awb-max-width:920px;--awb-caption-title-font-family:var(--h2_typography-font-family);--awb-caption-title-font-weight:var(--h2_typography-font-weight);--awb-caption-title-font-style:var(--h2_typography-font-style);--awb-caption-title-size:var(--h2_typography-font-size);--awb-caption-title-transform:var(--h2_typography-text-transform);--awb-caption-title-line-height:var(--h2_typography-line-height);--awb-caption-title-letter-spacing:var(--h2_typography-letter-spacing);\"><span class=\" fusion-imageframe imageframe-none imageframe-1 hover-type-none\"><img decoding=\"async\" width=\"1000\" height=\"673\" title=\"via-veneto-insegna-modif-1000x\" src=\"https:\/\/piumacare.com\/wp-content\/uploads\/2021\/06\/via-veneto-insegna-modif-1000x.jpg\" alt class=\"img-responsive wp-image-1275\" srcset=\"https:\/\/www.piumacare.com\/wp-content\/uploads\/2021\/06\/via-veneto-insegna-modif-1000x-200x135.jpg 200w, https:\/\/www.piumacare.com\/wp-content\/uploads\/2021\/06\/via-veneto-insegna-modif-1000x-400x269.jpg 400w, https:\/\/www.piumacare.com\/wp-content\/uploads\/2021\/06\/via-veneto-insegna-modif-1000x-600x404.jpg 600w, https:\/\/www.piumacare.com\/wp-content\/uploads\/2021\/06\/via-veneto-insegna-modif-1000x-800x538.jpg 800w, https:\/\/www.piumacare.com\/wp-content\/uploads\/2021\/06\/via-veneto-insegna-modif-1000x.jpg 1000w\" sizes=\"(max-width: 640px) 100vw, 1000px\" \/><\/span><\/div><\/div><\/div><div class=\"fusion-layout-column fusion_builder_column fusion-builder-column-1 fusion_builder_column_3_5 3_5 fusion-flex-column\" style=\"--awb-bg-size:cover;--awb-width-large:60%;--awb-margin-top-large:0px;--awb-spacing-right-large:6.4%;--awb-margin-bottom-large:20px;--awb-spacing-left-large:6.4%;--awb-width-medium:60%;--awb-order-medium:0;--awb-spacing-right-medium:6.4%;--awb-spacing-left-medium:6.4%;--awb-width-small:100%;--awb-order-small:0;--awb-spacing-right-small:1.92%;--awb-spacing-left-small:1.92%;\"><div class=\"fusion-column-wrapper fusion-column-has-shadow fusion-flex-justify-content-flex-start fusion-content-layout-column\"><div class=\"fusion-text fusion-text-1\" style=\"--awb-font-size:13px;--awb-letter-spacing:1px;--awb-text-color:#000000;\"><p><div class=\"fusion-fa-align-left\"><a class=\"fb-icon-element-1 fb-icon-element fontawesome-icon fa-arrow-left fas circle-yes fusion-link\" style=\"--awb-iconcolor:#000000;--awb-iconcolor-hover:#686868;--awb-circlecolor:rgba(74,78,87,0);--awb-circlecolor-hover:rgba(255,255,255,0);--awb-circlebordersize:0px;--awb-font-size:12.32px;--awb-width:24.64px;--awb-height:24.64px;--awb-line-height:24.64px;--awb-margin-right:7px;\" href=\"https:\/\/piumacare.com\" target=\"_self\" aria-label=\"Link to https:\/\/piumacare.com\"><\/a><\/div><u>BACK TO HOME<\/u><\/p>\n<\/div><div class=\"fusion-text fusion-text-2\"><h1 style=\"font-size: calc(1.75rem + 0.3vw); color: #000;\">Piuma<sup style=\"font-size: 15px;\">\u00ae<\/sup> startet in Orio al Serio<\/h1>\n<\/div><div class=\"fusion-text fusion-text-3\" style=\"--awb-text-color:#000000;\"><p>Mehrere Marken mit einem einzigen Ziel: unseren Kunden ein einzigartiges, hochwertiges Erlebnis zu bieten, bei dem sich eigentlich statische Produkte und Materialien in ein dynamisches, anspruchsvolles, cooles und einladendes Ambiente einf\u00fcgen.<\/p>\n<p>Die Marke Piuma, die f\u00fcr Funktionalit\u00e4t, innovative Technologie und Design steht, beginnt eine Kooperation mit dem Accessoire-Shop \u201eVia Veneto \u2013 Roma\u201c am Flughafen Bergamo.<\/p>\n<p>Beim Betreten des Shops f\u00e4llt sofort dessen Einzigartigkeit ins Auge: Accessoires f\u00fcr die Reise und vieles mehr bestechen sowohl durch ihr Design als auch durch die Qualit\u00e4t der Materialien, aus denen sie hergestellt sind.<\/p>\n<p>Neuheit, Stil, Exklusivit\u00e4t: all das und mehr finden Kunden in \u201eVia Veneto \u2013 Roma\u201c, einem Multimarkengesch\u00e4ft, das nicht nur auf das Einkaufserlebnis fokussiert ist, sondern auch dem Ambiente besondere Aufmerksamkeit schenkt, um f\u00fcr alle ein Klima wechselseitigen Austauschs zu schaffen: ein Klima, das anregend, befruchtend, freundlich und kreativ ist.<\/p>\n<p>Diese und viele andere Faktoren haben Piuma<sup>\u00ae<\/sup> dazu bewogen, sich dort einzubringen und dem Shop ein technologisches, aber gleichzeitig auch modernes und raffiniertes Flair zu verleihen.<\/p>\n<p>Haben Sie ein Faible f\u00fcr Accessoires und hat Mundhygiene f\u00fcr Sie einen hohen Stellenwert?<\/p>\n<p>PSchauen Sie in unserem Shop vorbei und machen Sie etwas Besonderes aus Ihrem Tag!<\/p>\n<p>hr Gl\u00fcck und vor allem Ihr L\u00e4cheln sind uns sehr wichtig.<\/p>\n<p>customerservice@piumacare.com<\/p>\n<p><a href=\"info@viavenetoroma.com\" target=\"_blank\" rel=\"noopener noreferrer nofollow\">info@viavenetoroma.com<\/a><\/p>\n<\/div><\/div><\/div><\/div><\/div>\n","protected":false},"excerpt":{"rendered":"","protected":false},"author":9000000,"featured_media":0,"parent":1964,"menu_order":0,"comment_status":"closed","ping_status":"closed","template":"100-width.php","meta":{"footnotes":""},"class_list":["post-2105","page","type-page","status-publish","hentry"],"yoast_head":"<!-- This site is optimized with the Yoast SEO plugin v27.4 - https:\/\/yoast.com\/product\/yoast-seo-wordpress\/ -->\n<title>Piuma startet - Piuma Care<\/title>\n<meta name=\"robots\" content=\"index, follow, max-snippet:-1, max-image-preview:large, max-video-preview:-1\" \/>\n<link rel=\"canonical\" href=\"https:\/\/www.piumacare.com\/de\/journal\/piuma-startet\/\" \/>\n<meta property=\"og:locale\" content=\"de_DE\" \/>\n<meta property=\"og:type\" content=\"article\" \/>\n<meta property=\"og:title\" content=\"Piuma startet - Piuma Care\" \/>\n<meta property=\"og:url\" content=\"https:\/\/www.piumacare.com\/de\/journal\/piuma-startet\/\" \/>\n<meta property=\"og:site_name\" content=\"Piuma Care\" \/>\n<meta property=\"article:modified_time\" content=\"2021-10-09T15:19:56+00:00\" \/>\n<meta name=\"twitter:card\" content=\"summary_large_image\" \/>\n<meta name=\"twitter:label1\" content=\"Gesch\u00e4tzte Lesezeit\" \/>\n\t<meta name=\"twitter:data1\" content=\"6\u00a0Minuten\" \/>\n<script type=\"application\/ld+json\" class=\"yoast-schema-graph\">{\"@context\":\"https:\\\/\\\/schema.org\",\"@graph\":[{\"@type\":\"WebPage\",\"@id\":\"https:\\\/\\\/www.piumacare.com\\\/de\\\/journal\\\/piuma-startet\\\/\",\"url\":\"https:\\\/\\\/www.piumacare.com\\\/de\\\/journal\\\/piuma-startet\\\/\",\"name\":\"Piuma startet - Piuma Care\",\"isPartOf\":{\"@id\":\"https:\\\/\\\/www.piumacare.com\\\/de\\\/#website\"},\"datePublished\":\"2021-07-21T17:01:11+00:00\",\"dateModified\":\"2021-10-09T15:19:56+00:00\",\"breadcrumb\":{\"@id\":\"https:\\\/\\\/www.piumacare.com\\\/de\\\/journal\\\/piuma-startet\\\/#breadcrumb\"},\"inLanguage\":\"de\",\"potentialAction\":[{\"@type\":\"ReadAction\",\"target\":[\"https:\\\/\\\/www.piumacare.com\\\/de\\\/journal\\\/piuma-startet\\\/\"]}]},{\"@type\":\"BreadcrumbList\",\"@id\":\"https:\\\/\\\/www.piumacare.com\\\/de\\\/journal\\\/piuma-startet\\\/#breadcrumb\",\"itemListElement\":[{\"@type\":\"ListItem\",\"position\":1,\"name\":\"Home\",\"item\":\"https:\\\/\\\/www.piumacare.com\\\/de\\\/home-de\\\/\"},{\"@type\":\"ListItem\",\"position\":2,\"name\":\"Journal\",\"item\":\"https:\\\/\\\/www.piumacare.com\\\/de\\\/journal\\\/\"},{\"@type\":\"ListItem\",\"position\":3,\"name\":\"Piuma startet\"}]},{\"@type\":\"WebSite\",\"@id\":\"https:\\\/\\\/www.piumacare.com\\\/de\\\/#website\",\"url\":\"https:\\\/\\\/www.piumacare.com\\\/de\\\/\",\"name\":\"Piuma Care\",\"description\":\"La scienza del sorriso\",\"potentialAction\":[{\"@type\":\"SearchAction\",\"target\":{\"@type\":\"EntryPoint\",\"urlTemplate\":\"https:\\\/\\\/www.piumacare.com\\\/de\\\/?s={search_term_string}\"},\"query-input\":{\"@type\":\"PropertyValueSpecification\",\"valueRequired\":true,\"valueName\":\"search_term_string\"}}],\"inLanguage\":\"de\"}]}<\/script>\n<!-- \/ Yoast SEO plugin. -->","yoast_head_json":{"title":"Piuma startet - Piuma Care","robots":{"index":"index","follow":"follow","max-snippet":"max-snippet:-1","max-image-preview":"max-image-preview:large","max-video-preview":"max-video-preview:-1"},"canonical":"https:\/\/www.piumacare.com\/de\/journal\/piuma-startet\/","og_locale":"de_DE","og_type":"article","og_title":"Piuma startet - Piuma Care","og_url":"https:\/\/www.piumacare.com\/de\/journal\/piuma-startet\/","og_site_name":"Piuma Care","article_modified_time":"2021-10-09T15:19:56+00:00","twitter_card":"summary_large_image","twitter_misc":{"Gesch\u00e4tzte Lesezeit":"6\u00a0Minuten"},"schema":{"@context":"https:\/\/schema.org","@graph":[{"@type":"WebPage","@id":"https:\/\/www.piumacare.com\/de\/journal\/piuma-startet\/","url":"https:\/\/www.piumacare.com\/de\/journal\/piuma-startet\/","name":"Piuma startet - Piuma Care","isPartOf":{"@id":"https:\/\/www.piumacare.com\/de\/#website"},"datePublished":"2021-07-21T17:01:11+00:00","dateModified":"2021-10-09T15:19:56+00:00","breadcrumb":{"@id":"https:\/\/www.piumacare.com\/de\/journal\/piuma-startet\/#breadcrumb"},"inLanguage":"de","potentialAction":[{"@type":"ReadAction","target":["https:\/\/www.piumacare.com\/de\/journal\/piuma-startet\/"]}]},{"@type":"BreadcrumbList","@id":"https:\/\/www.piumacare.com\/de\/journal\/piuma-startet\/#breadcrumb","itemListElement":[{"@type":"ListItem","position":1,"name":"Home","item":"https:\/\/www.piumacare.com\/de\/home-de\/"},{"@type":"ListItem","position":2,"name":"Journal","item":"https:\/\/www.piumacare.com\/de\/journal\/"},{"@type":"ListItem","position":3,"name":"Piuma startet"}]},{"@type":"WebSite","@id":"https:\/\/www.piumacare.com\/de\/#website","url":"https:\/\/www.piumacare.com\/de\/","name":"Piuma Care","description":"La scienza del sorriso","potentialAction":[{"@type":"SearchAction","target":{"@type":"EntryPoint","urlTemplate":"https:\/\/www.piumacare.com\/de\/?s={search_term_string}"},"query-input":{"@type":"PropertyValueSpecification","valueRequired":true,"valueName":"search_term_string"}}],"inLanguage":"de"}]}},"_links":{"self":[{"href":"https:\/\/www.piumacare.com\/de\/wp-json\/wp\/v2\/pages\/2105","targetHints":{"allow":["GET"]}}],"collection":[{"href":"https:\/\/www.piumacare.com\/de\/wp-json\/wp\/v2\/pages"}],"about":[{"href":"https:\/\/www.piumacare.com\/de\/wp-json\/wp\/v2\/types\/page"}],"author":[{"embeddable":true,"href":"https:\/\/www.piumacare.com\/de\/wp-json\/wp\/v2\/users\/9000000"}],"replies":[{"embeddable":true,"href":"https:\/\/www.piumacare.com\/de\/wp-json\/wp\/v2\/comments?post=2105"}],"version-history":[{"count":0,"href":"https:\/\/www.piumacare.com\/de\/wp-json\/wp\/v2\/pages\/2105\/revisions"}],"up":[{"embeddable":true,"href":"https:\/\/www.piumacare.com\/de\/wp-json\/wp\/v2\/pages\/1964"}],"wp:attachment":[{"href":"https:\/\/www.piumacare.com\/de\/wp-json\/wp\/v2\/media?parent=2105"}],"curies":[{"name":"wp","href":"https:\/\/api.w.org\/{rel}","templated":true}]}}