{"id":2429,"date":"2021-07-23T09:32:11","date_gmt":"2021-07-23T07:32:11","guid":{"rendered":"https:\/\/piumacare.com\/privacy-policy\/"},"modified":"2021-07-23T09:32:12","modified_gmt":"2021-07-23T07:32:12","slug":"privacy-policy","status":"publish","type":"page","link":"https:\/\/www.piumacare.com\/de\/privacy-policy\/","title":{"rendered":"Privacy policy"},"content":{"rendered":"<div class=\"fusion-fullwidth fullwidth-box fusion-builder-row-1 fusion-flex-container nonhundred-percent-fullwidth non-hundred-percent-height-scrolling\" style=\"--awb-border-radius-top-left:0px;--awb-border-radius-top-right:0px;--awb-border-radius-bottom-right:0px;--awb-border-radius-bottom-left:0px;--awb-flex-wrap:wrap;\" ><div class=\"fusion-builder-row fusion-row fusion-flex-align-items-flex-start fusion-flex-justify-content-center fusion-flex-content-wrap\" style=\"max-width:1248px;margin-left: calc(-4% \/ 2 );margin-right: calc(-4% \/ 2 );\"><div class=\"fusion-layout-column fusion_builder_column fusion-builder-column-0 fusion_builder_column_1_2 1_2 fusion-flex-column\" style=\"--awb-bg-size:cover;--awb-width-large:50%;--awb-margin-top-large:0px;--awb-spacing-right-large:3.84%;--awb-margin-bottom-large:0px;--awb-spacing-left-large:3.84%;--awb-width-medium:50%;--awb-spacing-right-medium:3.84%;--awb-spacing-left-medium:3.84%;--awb-width-small:100%;--awb-spacing-right-small:1.92%;--awb-spacing-left-small:1.92%;\"><div class=\"fusion-column-wrapper fusion-flex-justify-content-flex-start fusion-content-layout-column\"><div class=\"fusion-text fusion-text-1\"><p>Sehr geehrte Benutzerin\/sehr geehrter Benutzer dieser Website!<br \/>\nDie Firma Piuma Care S.r.l. mit Sitz in Via Pitagora, 10 \u2013 30020 Noventa di Piave, Venedig (Italien) in ihrer Eigenschaft als \u201eVerantwortlicher\u201c informiert Sie gem\u00e4\u00df Artikel 13 und 14 der Europ\u00e4ischen Verordnung Nr. 679\/2016 (im Folgenden \u201eEU-Verordnung\u201c), dass Ihre Daten wie nachstehend erl\u00e4utert verarbeitet werden.<\/p>\n<h4>1. Gegenstand der Datenverarbeitung<\/h4>\n<p>Der Verantwortliche verarbeitet personenbezogene und identifizierende Daten (z. B. Vorname, Nachname, Firmenname, Adresse, Telefonnummer, E-Mail-Adresse, Zahlungsreferenzen) \u2013 im Folgenden \u201epersonenbezogene Daten\u201c oder \u201eDaten\u201c genannt \u2013, die Sie bei der Unterzeichnung eines Vertrags oder der Erbringung einer Dienstleistung durch den Verantwortlichen mitteilen.<\/p>\n<h4>2. Zweck der Datenverarbeitung<\/h4>\n<p>Ihre personenbezogenen Daten werden verarbeitet:<\/p>\n<p>A) ohne Ihre ausdr\u00fcckliche Einwilligung gem\u00e4\u00df Art. 6 Buchst. b), e) DSGVO f\u00fcr die folgenden Dienstleistungszwecke:<\/p>\n<ul>\n<li>Zwecke, die sich aus der Ausf\u00fchrung des mit dem Verantwortlichen abgeschlossenen Liefervertrags ergeben und\/oder zur Erf\u00fcllung vorvertraglicher Verpflichtungen aus bestehenden Vertragsbeziehungen dienen;<br \/>\n\u2013 zur Erf\u00fcllung einer gesetzlichen Verpflichtung, der der Verantwortliche unterliegt;<\/li>\n<li>zur Erf\u00fcllung von Verpflichtungen, die durch ein Gesetz, eine Verordnung, eine gemeinschaftliche Rechtsvorschrift oder eine beh\u00f6rdliche Anordnung vorgeschrieben sind (wie z. B. Geldw\u00e4schebek\u00e4mpfung);<\/li>\n<li>zur Verfolgung eines berechtigten Interesses des Verantwortlichen, das mit der Erf\u00fcllung des bestehenden Vertrages zusammenh\u00e4ngt, wie z. B. die Verteidigung Ihrer aus der Erf\u00fcllung des abgeschlossenen Vertrages hervorgehenden Rechte vor Gericht.<br \/>\nB) Nur nach Ihrer spezifischen und separaten Einwilligung gem\u00e4\u00df Art. 7 DSGVO f\u00fcr folgende Marketingzwecke:<\/li>\n<li>Zusendung von informativen E-Mails, Newslettern, kommerziellen Mitteilungen und\/oder Werbematerial \u00fcber Produkte und\/oder Dienstleistungen, die vom Verantwortlichen angeboten werden, und Ermittlung des Zufriedenheitsgrades bez\u00fcglich der Qualit\u00e4t der Dienstleistungen;<br \/>\nC) Nur mit Ihrer spezifischen und ausdr\u00fccklichen Einwilligung gem\u00e4\u00df Art. 22 DSGVO zum Zwecke der Ermittlung des Zufriedenheitsgrades bez\u00fcglich der Qualit\u00e4t der Dienstleistungen durch Dritte (einschlie\u00dflich, aber nicht beschr\u00e4nkt auf Gesch\u00e4ftspartner, soziale Netzwerke) sowie Profiling-Aktivit\u00e4ten.<br \/>\nBitte beachten Sie, dass wir Ihnen, wenn Sie bereits unser Kunde sind, kommerzielle Mitteilungen \u00fcber \u00e4hnliche wie die bereits bezogenen Dienstleistungen und Produkte des Verantwortlichen zusenden k\u00f6nnen, sofern Sie nicht widersprechen.<\/li>\n<\/ul>\n<h4>3. Modalit\u00e4ten der Datenverarbeitung und Dauer der Speicherung<\/h4>\n<p>Daten k\u00f6nnen sowohl in Papierform als auch elektronisch und\/oder automatisiert verarbeitet werden, und zwar durch: das Erheben, das Erfassen, die Organisation, die Speicherung, das Abfragen, die Anpassung, die Ver\u00e4nderung, das Auslesen, das Extrahieren, den Abgleich, die Verwendung, die Verkn\u00fcpfung, die Einschr\u00e4nkung, das L\u00f6schen oder die Vernichtung.<br \/>\nDie Daten werden f\u00fcr den zur Erf\u00fcllung der mit dem Vertrag verbundenen Zwecke erforderlichen Zeitraum aufbewahrt, in jedem Fall jedoch nicht l\u00e4nger als zehn Jahre nach Beendigung des Vertrags f\u00fcr Zwecke, die mit der Erf\u00fcllung gesetzlicher Verpflichtungen und\/oder der Verfolgung berechtigter Interessen des Verantwortlichen verbunden sind.<br \/>\nDaten, die zum Zwecke des Profilings und\/oder des Marketings in jeglicher Form verarbeitet werden, werden nicht l\u00e4nger als 5 Jahre nach der Datenerfassung gespeichert.<\/p>\n<h4>4. Datenzugriff<\/h4>\n<p>Ihre Daten k\u00f6nnen f\u00fcr die in Art. 2.A), 2.B) und 2.C) genannten Zwecke folgenden Subjekten zug\u00e4nglich gemacht werden:<br \/>\n\u2013 Angestellten und Mitarbeitern des Verantwortlichen oder der Konzernunternehmen in Italien und im Ausland in ihrer Eigenschaft als interne Beauftragte und\/oder Verantwortliche und\/oder Systemadministratoren;<br \/>\n\u2013 Drittunternehmen oder anderen Subjekten (z. B. Kreditinstituten, Fachdienstleistungsunternehmen, Berater, Versicherungsgesellschaften f\u00fcr die Erbringung von Versicherungsleistungen usw.), die im Auftrag des Verantwortlichen T\u00e4tigkeiten im Outsourcing durchf\u00fchren, in ihrer Eigenschaft als externe Auftragsverarbeiter.<\/p>\n<h4>5. Empf\u00e4nger der Daten<\/h4>\n<p>Ihre Daten k\u00f6nnen auch an Dritte weitergegeben werden, und zwar f\u00fcr technische und betriebliche Zwecke, die eng mit den oben genannten Zwecken zusammenh\u00e4ngen, insbesondere an die folgenden Kategorien von Subjekten: a) von uns beauftragte K\u00f6rperschaften, Fachleute, Gesellschaften oder andere Einrichtungen zur Verarbeitung im Zusammenhang mit der Erf\u00fcllung von Verwaltungs-, Buchhaltungs- und Managementpflichten, die mit der ordentlichen Aus\u00fcbung unserer wirtschaftlichen T\u00e4tigkeit verbunden sind, auch zum Zwecke der Krediteintreibung; b) Beh\u00f6rden und Verwaltungen zu Zwecken, die mit der Erf\u00fcllung gesetzlicher Pflichten verbunden sind, oder an Subjekte, die aufgrund von Gesetzesvorschriften, Verordnungen, Gemeinschaftsnormen zum Zugriff auf diese Daten berechtigt sind; c) Banken, Finanzinstitute oder andere Subjekte, denen die oben genannten Daten f\u00fcr die Aus\u00fcbung der T\u00e4tigkeit unseres Unternehmens im Zusammenhang mit der Erf\u00fcllung der unsererseits Ihnen gegen\u00fcber eingegangenen vertraglichen Verpflichtungen \u00fcbermittelt werden m\u00fcssen; d) Lieferanten von Installations-, Service- und Wartungsleistungen f\u00fcr Computer- und Telematiksysteme und -anlagen sowie alle Leistungen, die funktional mit der Erf\u00fcllung der vertragsgegenst\u00e4ndlichen Leistungen verbunden und f\u00fcr diese notwendig sind.<\/p>\n<h4>6. Daten\u00fcbertragung<\/h4>\n<p>Personenbezogene Daten werden auf Servern gespeichert, die sich innerhalb der Europ\u00e4ischen Union befinden. In jedem Fall hat der Verantwortliche das Recht, die Server, falls erforderlich, auch in L\u00e4nder au\u00dferhalb der EU zu verlegen. In solchen F\u00e4llen sichert der Verantwortliche bereits jetzt zu, dass die \u00dcbermittlung von Daten au\u00dferhalb der EU in \u00dcbereinstimmung mit den geltenden gesetzlichen Bestimmungen und nach Abschluss der von der Europ\u00e4ischen Kommission vorgesehenen Standardvertragsklauseln erfolgt.<\/p>\n<h4>7. Art der Datenbereitstellung und Folgen einer Antwortverweigerung<\/h4>\n<p>Die Bereitstellung der Daten f\u00fcr die in Art. 2.A) genannten Zwecke ist f\u00fcr den Abschluss des Liefervertrages erforderlich. Bei fehlender Bereitstellung kann der Verantwortliche die Leistungen gem\u00e4\u00df Art. 2.A) nicht gew\u00e4hrleisten. Die Bereitstellung von Daten f\u00fcr die Zwecke gem\u00e4\u00df Art. 2.B) ist freiwillig. Die betroffene Person kann daher beschlie\u00dfen, keine Daten bereitzustellen oder die Verarbeitung bereits mitgeteilter Daten nachtr\u00e4glich zu widerrufen. In diesem Fall werden die in Art. 2.B) genannten Mitteilungen nicht vorgenommen.<\/p>\n<h4>8. Rechte der betroffenen Person<\/h4>\n<p>Wir informieren Sie dar\u00fcber, dass Sie in Bezug auf die Verarbeitung Ihrer personenbezogenen Daten folgende Rechte aus\u00fcben k\u00f6nnen:<br \/>\na) das Recht auf Zugang zu personenbezogenen Daten und folgenden Informationen: \u2013 eine Best\u00e4tigung dar\u00fcber, ob Sie betreffende personenbezogene Daten verarbeitet werden oder nicht; \u2013 die Zwecke der Verarbeitung; \u2013 die Kategorien personenbezogener Daten; \u2013 die Empf\u00e4nger oder Kategorien von Empf\u00e4ngern, denen die personenbezogenen Daten mitgeteilt wurden oder werden; \u2013 sofern die Daten nicht direkt bei der betroffenen Person erfasst wurden, alle verf\u00fcgbaren Informationen \u00fcber ihre Herkunft; \u2013 das Bestehen einer automatisierten Entscheidungsfindung einschlie\u00dflich Profiling; &#8211; eine Kopie der personenbezogenen Daten, die verarbeitet werden.<br \/>\nb) das Recht auf Berichtigung und Vervollst\u00e4ndigung personenbezogener Daten;<br \/>\nc) das Recht auf L\u00f6schung von Daten (\u201eRecht auf Vergessenwerden\u201c), wenn einer der folgenden Gr\u00fcnde vorliegt: 1. wenn die personenbezogenen Daten f\u00fcr die Zwecke, f\u00fcr die sie erhoben oder anderweitig verarbeitet wurden, nicht mehr erforderlich sind; 2. wenn die betroffene Person ihre Einwilligung zur Verarbeitung der Daten widerruft und keine andere Rechtsgrundlage f\u00fcr die Verarbeitung besteht; 3. wenn die betroffene Person Widerspruch gegen die Verarbeitung einlegt und kein vorrangiger berechtigter Grund f\u00fcr die Verarbeitung vorliegt; 4. wenn die personenbezogenen Daten unrechtm\u00e4\u00dfig verarbeitet wurden; 5. wenn die personenbezogenen Daten gel\u00f6scht werden m\u00fcssen, um einer rechtlichen Verpflichtung nach dem Recht der Europ\u00e4ischen Gemeinschaft oder des Mitgliedstaates nachzukommen, dem der Verantwortliche unterliegt; wenn der Verantwortliche personenbezogene Daten \u00f6ffentlich gemacht hat, die zu l\u00f6schen sind, muss er die anderen Verantwortlichen, die die personenbezogenen Daten verarbeiten, \u00fcber den Antrag auf L\u00f6schung jeglicher Verkn\u00fcpfung, Kopie oder Reproduktion Ihrer Daten informieren.<br \/>\nd) das Recht auf Einschr\u00e4nkung der Verarbeitung, wenn: 1. die betroffene Person die Richtigkeit der personenbezogenen Daten bestreitet, und zwar f\u00fcr den Zeitraum, der erforderlich ist, damit der Verantwortliche die Richtigkeit der personenbezogenen Daten \u00fcberpr\u00fcfen kann; 2. die Verarbeitung unrechtm\u00e4\u00dfig ist und die betroffene Person Widerspruch gegen die L\u00f6schung der personenbezogenen Daten einlegt und stattdessen verlangt, dass die Verwendung derselben eingeschr\u00e4nkt wird; 3. die personenbezogenen Daten f\u00fcr die betroffene Person zur Geltendmachung, Aus\u00fcbung oder Verteidigung von Rechtsanspr\u00fcchen erforderlich sind, obwohl der Verantwortliche die personenbezogenen Daten f\u00fcr die Zwecke der Verarbeitung nicht l\u00e4nger ben\u00f6tigt; 4. die betroffene Person Widerspruch gegen die Verarbeitung eingelegt hat, solange noch nicht feststeht, ob die berechtigten Gr\u00fcnde des Verantwortlichen gegen\u00fcber denen der betroffenen Person \u00fcberwiegen.<br \/>\ne) das Recht auf Beschwerde beim Garanten f\u00fcr den Schutz personenbezogener Daten (Aufsichtsbeh\u00f6rde) entsprechend den auf der offiziellen Website der Aufsichtsbeh\u00f6rde (www.garanteprivacy.it) ver\u00f6ffentlichten Verfahren und Hinweisen.<br \/>\nf) das Recht auf Daten\u00fcbertragbarkeit, d. h. das Recht der betroffenen Person, personenbezogene Daten, die einem Verantwortlichen bereitgestellt wurden, in einem strukturierten, allgemein gebr\u00e4uchlichen und maschinenlesbaren Format zu erhalten und sie gegebenenfalls an einen anderen Verantwortlichen zu \u00fcbermitteln, wenn die Verarbeitung auf einer Einwilligung oder einem Vertrag beruht und mit automatischen Mitteln erfolgt. Sofern dies technisch m\u00f6glich ist, hat die betroffene Person das Recht, die direkte \u00dcbermittlung von Daten von einem Verantwortlichen an einen anderen Verantwortlichen zu erwirken.<br \/>\ng) das Recht auf jederzeitigen Widerspruch gegen die Verarbeitung personenbezogener Daten, einschlie\u00dflich Profiling, insbesondere wenn: 1. die Verarbeitung auf der Grundlage des berechtigten Interesses des Verantwortlichen nach vorhergehender Darlegung der Gr\u00fcnde f\u00fcr den Widerspruch erfolgt; 2. die personenbezogenen Daten zu Zwecken der Direktwerbung verarbeitet werden.<br \/>\nh) das Recht, nicht einer Entscheidung unterworfen zu werden, die ausschlie\u00dflich auf einer automatisierten Verarbeitung, einschlie\u00dflich Profiling, beruht, es sei denn, die Entscheidung ist f\u00fcr den Abschluss oder die Erf\u00fcllung eines Vertrags zwischen der betroffenen Person und dem Verantwortlichen erforderlich oder durch das Recht der Europ\u00e4ischen Gemeinschaft oder des Mitgliedstaats, dem der Verantwortliche unterliegt, legitimiert oder beruht auf der ausdr\u00fccklichen Einwilligung der betroffenen Person.<br \/>\n(i) das Recht, die Einwilligung jederzeit zu widerrufen, mit allen sich daraus ergebenden Konsequenzen, dass die gesetzlichen oder vertraglichen Bestimmungen nicht eingehalten werden k\u00f6nnen, wenn die Verarbeitung durch solche Bestimmungen begr\u00fcndet ist.<br \/>\nDie Aus\u00fcbung der Rechte unterliegt keinem Formzwang und ist kostenlos.<\/p>\n<h4>9. Modalit\u00e4t f\u00fcr die Aus\u00fcbung der Rechte<\/h4>\n<p>Sie k\u00f6nnen Ihre Rechte jederzeit aus\u00fcben mittels: &#8211; Einschreiben mit R\u00fcckschein an: PIUMA CARE S.r.l., Steuernummer und MwSt.-Nr. IT04532430271, in der Person ihres gesetzlichen Vertreters pro tempore, mit Sitz in Noventa di Piave (VE), Via Pitagora 10, PLZ 30020, Italien; &#8211; E -Mail an: info@piumacare.com<\/p>\n<h4>10. Verweise auf Rechtsvorschriften<\/h4>\n<p>Der vollst\u00e4ndige Text der DSGVO und der Datenschutzkodex sind auf der Website der Aufsichtsbeh\u00f6rde unter www.garanteprivacy.it abrufbar.<\/p>\n<h4>11. \u00c4nderungen dieser Datenschutzerkl\u00e4rung<\/h4>\n<p>Der Verantwortliche beh\u00e4lt sich das Recht vor, diese Datenschutzerkl\u00e4rung jederzeit mit sofortiger Wirkung zu \u00e4ndern.<\/p>\n<h4>12. Verantwortlicher<\/h4>\n<p>PIUMA CARE S.r.l., Via Pitagora, 10, 30020 Noventa di Piave (Ve), ITALIEN, Steuernummer und Mehrwertsteuernummer IT04532430271.<br \/>\nDie aktualisierte Liste der Auftragsverarbeiter wird am Sitz des Verantwortlichen aufbewahrt.<\/p>\n<\/div><\/div><\/div><\/div><\/div>\n","protected":false},"excerpt":{"rendered":"","protected":false},"author":9000000,"featured_media":0,"parent":0,"menu_order":0,"comment_status":"closed","ping_status":"closed","template":"","meta":{"footnotes":""},"class_list":["post-2429","page","type-page","status-publish","hentry"],"yoast_head":"<!-- This site is optimized with the Yoast SEO plugin v27.4 - https:\/\/yoast.com\/product\/yoast-seo-wordpress\/ -->\n<title>Privacy policy - Piuma Care<\/title>\n<meta name=\"robots\" content=\"index, follow, max-snippet:-1, max-image-preview:large, max-video-preview:-1\" \/>\n<link rel=\"canonical\" href=\"https:\/\/www.piumacare.com\/de\/privacy-policy\/\" \/>\n<meta property=\"og:locale\" content=\"de_DE\" \/>\n<meta property=\"og:type\" content=\"article\" \/>\n<meta property=\"og:title\" content=\"Privacy policy - Piuma Care\" \/>\n<meta property=\"og:url\" content=\"https:\/\/www.piumacare.com\/de\/privacy-policy\/\" \/>\n<meta property=\"og:site_name\" content=\"Piuma Care\" \/>\n<meta property=\"article:modified_time\" content=\"2021-07-23T07:32:12+00:00\" \/>\n<meta name=\"twitter:card\" content=\"summary_large_image\" \/>\n<meta name=\"twitter:label1\" content=\"Gesch\u00e4tzte Lesezeit\" \/>\n\t<meta name=\"twitter:data1\" content=\"9\u00a0Minuten\" \/>\n<script type=\"application\/ld+json\" class=\"yoast-schema-graph\">{\"@context\":\"https:\\\/\\\/schema.org\",\"@graph\":[{\"@type\":\"WebPage\",\"@id\":\"https:\\\/\\\/www.piumacare.com\\\/de\\\/privacy-policy\\\/\",\"url\":\"https:\\\/\\\/www.piumacare.com\\\/de\\\/privacy-policy\\\/\",\"name\":\"Privacy policy - Piuma Care\",\"isPartOf\":{\"@id\":\"https:\\\/\\\/www.piumacare.com\\\/de\\\/#website\"},\"datePublished\":\"2021-07-23T07:32:11+00:00\",\"dateModified\":\"2021-07-23T07:32:12+00:00\",\"breadcrumb\":{\"@id\":\"https:\\\/\\\/www.piumacare.com\\\/de\\\/privacy-policy\\\/#breadcrumb\"},\"inLanguage\":\"de\",\"potentialAction\":[{\"@type\":\"ReadAction\",\"target\":[\"https:\\\/\\\/www.piumacare.com\\\/de\\\/privacy-policy\\\/\"]}]},{\"@type\":\"BreadcrumbList\",\"@id\":\"https:\\\/\\\/www.piumacare.com\\\/de\\\/privacy-policy\\\/#breadcrumb\",\"itemListElement\":[{\"@type\":\"ListItem\",\"position\":1,\"name\":\"Home\",\"item\":\"https:\\\/\\\/www.piumacare.com\\\/de\\\/home-de\\\/\"},{\"@type\":\"ListItem\",\"position\":2,\"name\":\"Privacy policy\"}]},{\"@type\":\"WebSite\",\"@id\":\"https:\\\/\\\/www.piumacare.com\\\/de\\\/#website\",\"url\":\"https:\\\/\\\/www.piumacare.com\\\/de\\\/\",\"name\":\"Piuma Care\",\"description\":\"La scienza del sorriso\",\"potentialAction\":[{\"@type\":\"SearchAction\",\"target\":{\"@type\":\"EntryPoint\",\"urlTemplate\":\"https:\\\/\\\/www.piumacare.com\\\/de\\\/?s={search_term_string}\"},\"query-input\":{\"@type\":\"PropertyValueSpecification\",\"valueRequired\":true,\"valueName\":\"search_term_string\"}}],\"inLanguage\":\"de\"}]}<\/script>\n<!-- \/ Yoast SEO plugin. -->","yoast_head_json":{"title":"Privacy policy - Piuma Care","robots":{"index":"index","follow":"follow","max-snippet":"max-snippet:-1","max-image-preview":"max-image-preview:large","max-video-preview":"max-video-preview:-1"},"canonical":"https:\/\/www.piumacare.com\/de\/privacy-policy\/","og_locale":"de_DE","og_type":"article","og_title":"Privacy policy - Piuma Care","og_url":"https:\/\/www.piumacare.com\/de\/privacy-policy\/","og_site_name":"Piuma Care","article_modified_time":"2021-07-23T07:32:12+00:00","twitter_card":"summary_large_image","twitter_misc":{"Gesch\u00e4tzte Lesezeit":"9\u00a0Minuten"},"schema":{"@context":"https:\/\/schema.org","@graph":[{"@type":"WebPage","@id":"https:\/\/www.piumacare.com\/de\/privacy-policy\/","url":"https:\/\/www.piumacare.com\/de\/privacy-policy\/","name":"Privacy policy - Piuma Care","isPartOf":{"@id":"https:\/\/www.piumacare.com\/de\/#website"},"datePublished":"2021-07-23T07:32:11+00:00","dateModified":"2021-07-23T07:32:12+00:00","breadcrumb":{"@id":"https:\/\/www.piumacare.com\/de\/privacy-policy\/#breadcrumb"},"inLanguage":"de","potentialAction":[{"@type":"ReadAction","target":["https:\/\/www.piumacare.com\/de\/privacy-policy\/"]}]},{"@type":"BreadcrumbList","@id":"https:\/\/www.piumacare.com\/de\/privacy-policy\/#breadcrumb","itemListElement":[{"@type":"ListItem","position":1,"name":"Home","item":"https:\/\/www.piumacare.com\/de\/home-de\/"},{"@type":"ListItem","position":2,"name":"Privacy policy"}]},{"@type":"WebSite","@id":"https:\/\/www.piumacare.com\/de\/#website","url":"https:\/\/www.piumacare.com\/de\/","name":"Piuma Care","description":"La scienza del sorriso","potentialAction":[{"@type":"SearchAction","target":{"@type":"EntryPoint","urlTemplate":"https:\/\/www.piumacare.com\/de\/?s={search_term_string}"},"query-input":{"@type":"PropertyValueSpecification","valueRequired":true,"valueName":"search_term_string"}}],"inLanguage":"de"}]}},"_links":{"self":[{"href":"https:\/\/www.piumacare.com\/de\/wp-json\/wp\/v2\/pages\/2429","targetHints":{"allow":["GET"]}}],"collection":[{"href":"https:\/\/www.piumacare.com\/de\/wp-json\/wp\/v2\/pages"}],"about":[{"href":"https:\/\/www.piumacare.com\/de\/wp-json\/wp\/v2\/types\/page"}],"author":[{"embeddable":true,"href":"https:\/\/www.piumacare.com\/de\/wp-json\/wp\/v2\/users\/9000000"}],"replies":[{"embeddable":true,"href":"https:\/\/www.piumacare.com\/de\/wp-json\/wp\/v2\/comments?post=2429"}],"version-history":[{"count":0,"href":"https:\/\/www.piumacare.com\/de\/wp-json\/wp\/v2\/pages\/2429\/revisions"}],"wp:attachment":[{"href":"https:\/\/www.piumacare.com\/de\/wp-json\/wp\/v2\/media?parent=2429"}],"curies":[{"name":"wp","href":"https:\/\/api.w.org\/{rel}","templated":true}]}}