{"id":2639,"date":"2021-07-24T10:03:35","date_gmt":"2021-07-24T08:03:35","guid":{"rendered":"https:\/\/piumacare.com\/journal\/piuma-b-active\/"},"modified":"2021-10-09T17:22:02","modified_gmt":"2021-10-09T15:22:02","slug":"piuma-b-active","status":"publish","type":"page","link":"https:\/\/www.piumacare.com\/de\/journal\/piuma-b-active\/","title":{"rendered":"Piuma B Active"},"content":{"rendered":"<div class=\"fusion-fullwidth fullwidth-box fusion-builder-row-1 fusion-flex-container nonhundred-percent-fullwidth non-hundred-percent-height-scrolling\" style=\"--awb-border-radius-top-left:0px;--awb-border-radius-top-right:0px;--awb-border-radius-bottom-right:0px;--awb-border-radius-bottom-left:0px;--awb-flex-wrap:wrap;\" ><div class=\"fusion-builder-row fusion-row fusion-flex-align-items-flex-start fusion-flex-justify-content-center fusion-flex-content-wrap\" style=\"max-width:1248px;margin-left: calc(-4% \/ 2 );margin-right: calc(-4% \/ 2 );\"><div class=\"fusion-layout-column fusion_builder_column fusion-builder-column-0 fusion_builder_column_1_1 1_1 fusion-flex-column\" style=\"--awb-bg-size:cover;--awb-width-large:100%;--awb-margin-top-large:0px;--awb-spacing-right-large:1.92%;--awb-margin-bottom-large:20px;--awb-spacing-left-large:1.92%;--awb-width-medium:100%;--awb-order-medium:0;--awb-spacing-right-medium:1.92%;--awb-spacing-left-medium:1.92%;--awb-width-small:100%;--awb-order-small:0;--awb-spacing-right-small:1.92%;--awb-spacing-left-small:1.92%;\"><div class=\"fusion-column-wrapper fusion-column-has-shadow fusion-flex-justify-content-flex-start fusion-content-layout-column\"><div class=\"fusion-image-element \" style=\"text-align:center;--awb-max-width:920px;--awb-caption-title-font-family:var(--h2_typography-font-family);--awb-caption-title-font-weight:var(--h2_typography-font-weight);--awb-caption-title-font-style:var(--h2_typography-font-style);--awb-caption-title-size:var(--h2_typography-font-size);--awb-caption-title-transform:var(--h2_typography-text-transform);--awb-caption-title-line-height:var(--h2_typography-line-height);--awb-caption-title-letter-spacing:var(--h2_typography-letter-spacing);\"><span class=\" fusion-imageframe imageframe-none imageframe-1 hover-type-none\"><img decoding=\"async\" width=\"1000\" height=\"744\" title=\"Piuma-B-Active\" src=\"https:\/\/piumacare.com\/wp-content\/uploads\/2021\/06\/Piuma-B-Active.jpg\" alt class=\"img-responsive wp-image-1263\" srcset=\"https:\/\/www.piumacare.com\/wp-content\/uploads\/2021\/06\/Piuma-B-Active-200x149.jpg 200w, https:\/\/www.piumacare.com\/wp-content\/uploads\/2021\/06\/Piuma-B-Active-400x298.jpg 400w, https:\/\/www.piumacare.com\/wp-content\/uploads\/2021\/06\/Piuma-B-Active-600x446.jpg 600w, https:\/\/www.piumacare.com\/wp-content\/uploads\/2021\/06\/Piuma-B-Active-800x595.jpg 800w, https:\/\/www.piumacare.com\/wp-content\/uploads\/2021\/06\/Piuma-B-Active.jpg 1000w\" sizes=\"(max-width: 640px) 100vw, 1000px\" \/><\/span><\/div><\/div><\/div><div class=\"fusion-layout-column fusion_builder_column fusion-builder-column-1 fusion_builder_column_3_5 3_5 fusion-flex-column\" style=\"--awb-bg-size:cover;--awb-width-large:60%;--awb-margin-top-large:0px;--awb-spacing-right-large:6.4%;--awb-margin-bottom-large:20px;--awb-spacing-left-large:6.4%;--awb-width-medium:60%;--awb-order-medium:0;--awb-spacing-right-medium:6.4%;--awb-spacing-left-medium:6.4%;--awb-width-small:100%;--awb-order-small:0;--awb-spacing-right-small:1.92%;--awb-spacing-left-small:1.92%;\"><div class=\"fusion-column-wrapper fusion-column-has-shadow fusion-flex-justify-content-flex-start fusion-content-layout-column\"><div class=\"fusion-text fusion-text-1\" style=\"--awb-font-size:13px;--awb-letter-spacing:1px;--awb-text-color:#000000;\"><p><div class=\"fusion-fa-align-left\"><a class=\"fb-icon-element-1 fb-icon-element fontawesome-icon fa-arrow-left fas circle-yes fusion-link\" style=\"--awb-iconcolor:#000000;--awb-iconcolor-hover:#686868;--awb-circlecolor:rgba(74,78,87,0);--awb-circlecolor-hover:rgba(255,255,255,0);--awb-circlebordersize:0px;--awb-font-size:12.32px;--awb-width:24.64px;--awb-height:24.64px;--awb-line-height:24.64px;--awb-margin-right:7px;\" href=\"https:\/\/piumacare.com\" target=\"_self\" aria-label=\"Link to https:\/\/piumacare.com\"><\/a><\/div><u>BACK TO HOME<\/u><\/p>\n<\/div><div class=\"fusion-text fusion-text-2\"><h1 style=\"font-size: calc(1.75rem + 0.3vw); color: #000;\">Piuma B-Active<sup style=\"font-size: 15px;\">\u00ae<\/sup><\/h1>\n<\/div><div class=\"fusion-text fusion-text-3\"><p>PIUMA, DIE INNOVATION DES L\u00c4CHELNS. DAS UNTERNEHMEN SETZT SEINE ENTWICKLUNGEN MADE IN ITALY FORT: AKTIVE B\u00dcRSTEN F\u00dcR ALLE ANFORDERUNGEN<\/p>\n<\/div><div class=\"fusion-text fusion-text-4\" style=\"--awb-text-color:#000000;\"><p><em>Nach zwei wichtigen internationalen Auszeichnungen f\u00fcr das Design der &#8222;Piuma Brush&#8220;-Zahnb\u00fcrste bringt das venezianische Mundpflegeunternehmen nun sein Sortiment an personalisierten Borsten neu auf den Markt: Es gibt Borsten mit keimt\u00f6tender Wirkung, zur Aufhellung und mit Vitamin C. Inhaber Michele Longato: &#8222;Wir sind Vorreiter beim Angebot dieser brandneuen Technologie&#8220;<\/em>.<\/p>\n<p>Nach dem gro\u00dfen Erfolg der innovativen &#8222;Piuma Brush&#8220;, der preisgekr\u00f6nten Zahnb\u00fcrste mit einzigartigem Design &#8222;Made in Italy&#8220;, bringt das Unternehmen &#8222;Piuma Care&#8220; mit Sitz in Noventa di Piave, im Raum Venedig, nun weitere technologische Innovationen f\u00fcr die Pflege des L\u00e4chelns auf den Markt.<\/p>\n<p>Neben den aktuellen Zahnb\u00fcrstenborsten aus antibakteriellen Materialien, die zu den feinsten und leistungsf\u00e4higsten auf dem Markt geh\u00f6ren, gibt es jetzt auch <strong>Aktivkohleborsten<\/strong>, die durch einen 100% nat\u00fcrlichen Holzverkohlungsprozess hergestellt werden und die Z\u00e4hne auf nat\u00fcrliche Weise aufhellen. Dar\u00fcber hinaus gibt es auch eine Zahnb\u00fcrste mit <strong>Fluoridborsten<\/strong>, die das pH-Gleichgewicht im Mund aufrechterhalten und die demineralisierten Teile des Zahnschmelzes st\u00e4rken. Aber das ist noch nicht alles. Ich entwerfe sogar eine Zahnb\u00fcrste mit <strong>Vitamin-C-Borsten<\/strong>, mit allen bekannten positiven Eigenschaften f\u00fcr das Immunsystem und einer begehrten antiviralen Wirkung. Erm\u00f6glicht werden diese Innovationen durch \u00d6ko-Nylon-Borsten, f\u00fcr die Rohstoffe aus nachwachsenden Rohstoffen verwendet werden und die mit Blick auf Umwelt und \u00d6kologie hergestellt werden, da sie auch aus recyceltem Kunststoff stammen.<\/p>\n<p>&#8222;Es hat viel harte Arbeit gekostet, aber am Ende sind wir stolz, unsere Kollektion zu pr\u00e4sentieren&#8220;, erkl\u00e4rt der Inhaber von Piuma Care, Michele Longato. &#8222;Viele der Produkte sind absolut einzigartig und wegweisend in ihrer Art. Wir gehen auf alle Bed\u00fcrfnisse ein: Alle, die empfindliches Zahnfleisch, nicht mehr nat\u00fcrlich wei\u00dfe Z\u00e4hne, Mundgeruch, Keime in der Mundh\u00f6hle oder Reizungen haben, k\u00f6nnen jetzt ihre eigene spezifische Zahnb\u00fcrste mit speziell entwickelten Borsten verwenden. Sie haben jeweils ihre eigene Farbe, was auch einen \u00e4sthetischen Vorteil hat. Gelbe Borsten sind f\u00fcr Vitamin C, graue Borsten f\u00fcr Aktivkohle und wei\u00dfe Borsten verst\u00e4rken den Zahnschmelz. Wir k\u00f6nnen uns diese Anpassungen leisten, weil wir an einem hochwertigen und exklusiven Produkt arbeiten&#8220;.<\/p>\n<p>Piuma Care wurde von Longato gegr\u00fcndet, einem Manager, der nach seiner Berufserfahrung in verschiedenen multinationalen Unternehmen in den USA und Japan und der Arbeit im Unternehmen seiner Familie (Stampoplast, das Kunststoffe verarbeitet) dieses Unternehmen gr\u00fcndete, das sich auf Mundpflegeprodukte mit innovativem Design und modernster Technologie spezialisiert hat. Die gesamte Produktion erfolgt in den eigenen Fabriken und die Auswahl der Materialien und Partner ist komplett made in Italy.<\/p>\n<p>Die Patente von Piuma, die bereits auf dem Markt sind, finden internationale Anerkennung. Der wichtigste war der Preis, den die gemeinsam mit der Hangar Design Group entworfene Zahnb\u00fcrste Piuma Brush erhielt: eine ehrenvolle Erw\u00e4hnung bei der 26. Ausgabe des Compasso d&#8217;Oro, dem begehrtesten Wettbewerb f\u00fcr die Welt des Designs (er existiert seit 1954). Aber auch den Product Design Red Dot Award 2019 hat das Unternehmen gewonnen: 5.500 Produkte aus 55 verschiedenen L\u00e4ndern waren nominiert. Die Piuma-Zahnb\u00fcrste ist auch als Teil der Adi-Auswahl (Verband f\u00fcr Industriedesign) im Museum f\u00fcr Wissenschaft und Technik in Mailand ausgestellt: sie wird wegen der Sorgfalt ihres Designs als Einrichtungsaccessoire betrachtet. Die Basis enth\u00e4lt eine Datumsanzeige, die den Zeitpunkt des Wechsels anzeigt, eine Art Sanduhr, die perfekte Hygiene garantiert. Dar\u00fcber hinaus sind alle verwendeten Materialien Fda-konform f\u00fcr den US-Markt und garantieren ein extrem hohes Ma\u00df an antibakterieller Hygiene.<\/p>\n<p>Piuma Care hat sich zum Ziel gesetzt, ein \u00d6kosystem zu schaffen, in dem Mundhygiene und Design zu einem Lebensstil verschmelzen, den man den &#8222;Piuma Way&#8220; nennt. Das Unternehmen war auch das erste, das eine Zahnpasta in einer Verpackung mit Airless-Technologie anbot, die normalerweise f\u00fcr anspruchsvollere Cremes verwendet wird. Und schlie\u00dflich hat das Unternehmen vor kurzem ein Mundwasser kreiert, das in einer revolution\u00e4ren Aluminiumverpackung geliefert wird, um sein kontinuierliches Engagement f\u00fcr die Umwelt zu unterstreichen.<\/p>\n<p>&nbsp;<br \/>\nPRESSE-B\u00dcRO<\/p>\n<\/div><\/div><\/div><\/div><\/div>\n","protected":false},"excerpt":{"rendered":"","protected":false},"author":9000000,"featured_media":0,"parent":1964,"menu_order":0,"comment_status":"closed","ping_status":"closed","template":"100-width.php","meta":{"footnotes":""},"class_list":["post-2639","page","type-page","status-publish","hentry"],"yoast_head":"<!-- This site is optimized with the Yoast SEO plugin v27.3 - https:\/\/yoast.com\/product\/yoast-seo-wordpress\/ -->\n<title>Piuma B Active - Piuma Care<\/title>\n<meta name=\"robots\" content=\"index, follow, max-snippet:-1, max-image-preview:large, max-video-preview:-1\" \/>\n<link rel=\"canonical\" href=\"https:\/\/www.piumacare.com\/de\/journal\/piuma-b-active\/\" \/>\n<meta property=\"og:locale\" content=\"de_DE\" \/>\n<meta property=\"og:type\" content=\"article\" \/>\n<meta property=\"og:title\" content=\"Piuma B Active - Piuma Care\" \/>\n<meta property=\"og:url\" content=\"https:\/\/www.piumacare.com\/de\/journal\/piuma-b-active\/\" \/>\n<meta property=\"og:site_name\" content=\"Piuma Care\" \/>\n<meta property=\"article:modified_time\" content=\"2021-10-09T15:22:02+00:00\" \/>\n<meta name=\"twitter:card\" content=\"summary_large_image\" \/>\n<meta name=\"twitter:label1\" content=\"Gesch\u00e4tzte Lesezeit\" \/>\n\t<meta name=\"twitter:data1\" content=\"9\u00a0Minuten\" \/>\n<script type=\"application\/ld+json\" class=\"yoast-schema-graph\">{\"@context\":\"https:\\\/\\\/schema.org\",\"@graph\":[{\"@type\":\"WebPage\",\"@id\":\"https:\\\/\\\/www.piumacare.com\\\/de\\\/journal\\\/piuma-b-active\\\/\",\"url\":\"https:\\\/\\\/www.piumacare.com\\\/de\\\/journal\\\/piuma-b-active\\\/\",\"name\":\"Piuma B Active - Piuma Care\",\"isPartOf\":{\"@id\":\"https:\\\/\\\/www.piumacare.com\\\/de\\\/#website\"},\"datePublished\":\"2021-07-24T08:03:35+00:00\",\"dateModified\":\"2021-10-09T15:22:02+00:00\",\"breadcrumb\":{\"@id\":\"https:\\\/\\\/www.piumacare.com\\\/de\\\/journal\\\/piuma-b-active\\\/#breadcrumb\"},\"inLanguage\":\"de\",\"potentialAction\":[{\"@type\":\"ReadAction\",\"target\":[\"https:\\\/\\\/www.piumacare.com\\\/de\\\/journal\\\/piuma-b-active\\\/\"]}]},{\"@type\":\"BreadcrumbList\",\"@id\":\"https:\\\/\\\/www.piumacare.com\\\/de\\\/journal\\\/piuma-b-active\\\/#breadcrumb\",\"itemListElement\":[{\"@type\":\"ListItem\",\"position\":1,\"name\":\"Home\",\"item\":\"https:\\\/\\\/www.piumacare.com\\\/de\\\/home-de\\\/\"},{\"@type\":\"ListItem\",\"position\":2,\"name\":\"Journal\",\"item\":\"https:\\\/\\\/www.piumacare.com\\\/de\\\/journal\\\/\"},{\"@type\":\"ListItem\",\"position\":3,\"name\":\"Piuma B Active\"}]},{\"@type\":\"WebSite\",\"@id\":\"https:\\\/\\\/www.piumacare.com\\\/de\\\/#website\",\"url\":\"https:\\\/\\\/www.piumacare.com\\\/de\\\/\",\"name\":\"Piuma Care\",\"description\":\"La scienza del sorriso\",\"potentialAction\":[{\"@type\":\"SearchAction\",\"target\":{\"@type\":\"EntryPoint\",\"urlTemplate\":\"https:\\\/\\\/www.piumacare.com\\\/de\\\/?s={search_term_string}\"},\"query-input\":{\"@type\":\"PropertyValueSpecification\",\"valueRequired\":true,\"valueName\":\"search_term_string\"}}],\"inLanguage\":\"de\"}]}<\/script>\n<!-- \/ Yoast SEO plugin. -->","yoast_head_json":{"title":"Piuma B Active - Piuma Care","robots":{"index":"index","follow":"follow","max-snippet":"max-snippet:-1","max-image-preview":"max-image-preview:large","max-video-preview":"max-video-preview:-1"},"canonical":"https:\/\/www.piumacare.com\/de\/journal\/piuma-b-active\/","og_locale":"de_DE","og_type":"article","og_title":"Piuma B Active - Piuma Care","og_url":"https:\/\/www.piumacare.com\/de\/journal\/piuma-b-active\/","og_site_name":"Piuma Care","article_modified_time":"2021-10-09T15:22:02+00:00","twitter_card":"summary_large_image","twitter_misc":{"Gesch\u00e4tzte Lesezeit":"9\u00a0Minuten"},"schema":{"@context":"https:\/\/schema.org","@graph":[{"@type":"WebPage","@id":"https:\/\/www.piumacare.com\/de\/journal\/piuma-b-active\/","url":"https:\/\/www.piumacare.com\/de\/journal\/piuma-b-active\/","name":"Piuma B Active - Piuma Care","isPartOf":{"@id":"https:\/\/www.piumacare.com\/de\/#website"},"datePublished":"2021-07-24T08:03:35+00:00","dateModified":"2021-10-09T15:22:02+00:00","breadcrumb":{"@id":"https:\/\/www.piumacare.com\/de\/journal\/piuma-b-active\/#breadcrumb"},"inLanguage":"de","potentialAction":[{"@type":"ReadAction","target":["https:\/\/www.piumacare.com\/de\/journal\/piuma-b-active\/"]}]},{"@type":"BreadcrumbList","@id":"https:\/\/www.piumacare.com\/de\/journal\/piuma-b-active\/#breadcrumb","itemListElement":[{"@type":"ListItem","position":1,"name":"Home","item":"https:\/\/www.piumacare.com\/de\/home-de\/"},{"@type":"ListItem","position":2,"name":"Journal","item":"https:\/\/www.piumacare.com\/de\/journal\/"},{"@type":"ListItem","position":3,"name":"Piuma B Active"}]},{"@type":"WebSite","@id":"https:\/\/www.piumacare.com\/de\/#website","url":"https:\/\/www.piumacare.com\/de\/","name":"Piuma Care","description":"La scienza del sorriso","potentialAction":[{"@type":"SearchAction","target":{"@type":"EntryPoint","urlTemplate":"https:\/\/www.piumacare.com\/de\/?s={search_term_string}"},"query-input":{"@type":"PropertyValueSpecification","valueRequired":true,"valueName":"search_term_string"}}],"inLanguage":"de"}]}},"_links":{"self":[{"href":"https:\/\/www.piumacare.com\/de\/wp-json\/wp\/v2\/pages\/2639","targetHints":{"allow":["GET"]}}],"collection":[{"href":"https:\/\/www.piumacare.com\/de\/wp-json\/wp\/v2\/pages"}],"about":[{"href":"https:\/\/www.piumacare.com\/de\/wp-json\/wp\/v2\/types\/page"}],"author":[{"embeddable":true,"href":"https:\/\/www.piumacare.com\/de\/wp-json\/wp\/v2\/users\/9000000"}],"replies":[{"embeddable":true,"href":"https:\/\/www.piumacare.com\/de\/wp-json\/wp\/v2\/comments?post=2639"}],"version-history":[{"count":0,"href":"https:\/\/www.piumacare.com\/de\/wp-json\/wp\/v2\/pages\/2639\/revisions"}],"up":[{"embeddable":true,"href":"https:\/\/www.piumacare.com\/de\/wp-json\/wp\/v2\/pages\/1964"}],"wp:attachment":[{"href":"https:\/\/www.piumacare.com\/de\/wp-json\/wp\/v2\/media?parent=2639"}],"curies":[{"name":"wp","href":"https:\/\/api.w.org\/{rel}","templated":true}]}}