{"id":4608,"date":"2021-11-04T11:38:10","date_gmt":"2021-11-04T10:38:10","guid":{"rendered":"https:\/\/www.piumacare.com\/?page_id=4608"},"modified":"2021-11-04T11:38:10","modified_gmt":"2021-11-04T10:38:10","slug":"piuma-fuer-die-wissenschaft","status":"publish","type":"page","link":"https:\/\/www.piumacare.com\/de\/journal\/piuma-fuer-die-wissenschaft\/","title":{"rendered":"PIUMA f\u00fcr die Wissenschaft"},"content":{"rendered":"<div class=\"fusion-fullwidth fullwidth-box fusion-builder-row-1 fusion-flex-container nonhundred-percent-fullwidth non-hundred-percent-height-scrolling\" style=\"--awb-border-radius-top-left:0px;--awb-border-radius-top-right:0px;--awb-border-radius-bottom-right:0px;--awb-border-radius-bottom-left:0px;--awb-flex-wrap:wrap;\" ><div class=\"fusion-builder-row fusion-row fusion-flex-align-items-flex-start fusion-flex-justify-content-center fusion-flex-content-wrap\" style=\"max-width:1248px;margin-left: calc(-4% \/ 2 );margin-right: calc(-4% \/ 2 );\"><div class=\"fusion-layout-column fusion_builder_column fusion-builder-column-0 fusion_builder_column_1_1 1_1 fusion-flex-column\" style=\"--awb-bg-size:cover;--awb-width-large:100%;--awb-margin-top-large:0px;--awb-spacing-right-large:1.92%;--awb-margin-bottom-large:20px;--awb-spacing-left-large:1.92%;--awb-width-medium:100%;--awb-order-medium:0;--awb-spacing-right-medium:1.92%;--awb-spacing-left-medium:1.92%;--awb-width-small:100%;--awb-order-small:0;--awb-spacing-right-small:1.92%;--awb-spacing-left-small:1.92%;\"><div class=\"fusion-column-wrapper fusion-column-has-shadow fusion-flex-justify-content-flex-start fusion-content-layout-column\"><div class=\"fusion-image-element \" style=\"text-align:center;--awb-max-width:920px;--awb-caption-title-font-family:var(--h2_typography-font-family);--awb-caption-title-font-weight:var(--h2_typography-font-weight);--awb-caption-title-font-style:var(--h2_typography-font-style);--awb-caption-title-size:var(--h2_typography-font-size);--awb-caption-title-transform:var(--h2_typography-text-transform);--awb-caption-title-line-height:var(--h2_typography-line-height);--awb-caption-title-letter-spacing:var(--h2_typography-letter-spacing);\"><span class=\" fusion-imageframe imageframe-none imageframe-1 hover-type-none\"><img decoding=\"async\" width=\"1246\" height=\"831\" title=\"piuma_stillife6551 copia\" src=\"https:\/\/www.piumacare.com\/wp-content\/uploads\/2021\/10\/piuma_stillife6551-copia.jpg\" alt class=\"img-responsive wp-image-4464\" srcset=\"https:\/\/www.piumacare.com\/wp-content\/uploads\/2021\/10\/piuma_stillife6551-copia-200x133.jpg 200w, https:\/\/www.piumacare.com\/wp-content\/uploads\/2021\/10\/piuma_stillife6551-copia-400x267.jpg 400w, https:\/\/www.piumacare.com\/wp-content\/uploads\/2021\/10\/piuma_stillife6551-copia-600x400.jpg 600w, https:\/\/www.piumacare.com\/wp-content\/uploads\/2021\/10\/piuma_stillife6551-copia-800x534.jpg 800w, https:\/\/www.piumacare.com\/wp-content\/uploads\/2021\/10\/piuma_stillife6551-copia-1200x800.jpg 1200w, https:\/\/www.piumacare.com\/wp-content\/uploads\/2021\/10\/piuma_stillife6551-copia.jpg 1246w\" sizes=\"(max-width: 640px) 100vw, 1200px\" \/><\/span><\/div><\/div><\/div><div class=\"fusion-layout-column fusion_builder_column fusion-builder-column-1 fusion_builder_column_3_5 3_5 fusion-flex-column\" style=\"--awb-bg-size:cover;--awb-width-large:60%;--awb-margin-top-large:0px;--awb-spacing-right-large:6.4%;--awb-margin-bottom-large:20px;--awb-spacing-left-large:6.4%;--awb-width-medium:60%;--awb-order-medium:0;--awb-spacing-right-medium:6.4%;--awb-spacing-left-medium:6.4%;--awb-width-small:100%;--awb-order-small:0;--awb-spacing-right-small:1.92%;--awb-spacing-left-small:1.92%;\"><div class=\"fusion-column-wrapper fusion-column-has-shadow fusion-flex-justify-content-flex-start fusion-content-layout-column\"><div class=\"fusion-text fusion-text-1\" style=\"--awb-font-size:13px;--awb-letter-spacing:1px;--awb-text-color:#000000;\"><p><div class=\"fusion-fa-align-left\"><a class=\"fb-icon-element-1 fb-icon-element fontawesome-icon fa-arrow-left fas circle-yes fusion-link\" style=\"--awb-iconcolor:#000000;--awb-iconcolor-hover:#686868;--awb-circlecolor:rgba(74,78,87,0);--awb-circlecolor-hover:rgba(255,255,255,0);--awb-circlebordersize:0px;--awb-font-size:12.32px;--awb-width:24.64px;--awb-height:24.64px;--awb-line-height:24.64px;--awb-margin-right:7px;\" href=\"https:\/\/piumacare.com\" target=\"_self\" aria-label=\"Link to https:\/\/piumacare.com\"><\/a><\/div><u>BACK TO HOME<\/u><\/p>\n<\/div><div class=\"fusion-text fusion-text-2\"><h1 style=\"font-size: calc(1.75rem + 0.3vw); color: #000;\">PIUMA mit Love Design<\/h1>\n<\/div><div class=\"fusion-text fusion-text-3\" style=\"--awb-font-size:18px;\"><h4>Vom 1. bis 7. November kehrt Love Design, die alle zwei Jahre stattfindende Initiative von AIRC und ADI, die die Welt des Designs zur Unterst\u00fctzung der Krebsforschung einbezieht, mit einer brandneuen digitalen Ausgabe zur\u00fcck.<\/h4>\n<\/div><div class=\"fusion-text fusion-text-4\" style=\"--awb-text-color:#000000;\"><div class=\"\">ine neue Partnerschaft von PIUMA mit Love Design, dem alle zwei Jahre stattfindenden Event zum Thema Design in Mailand mit einer brandneuen Online-Edition. Die von der Stiftung AIRC &#8211; Lombardisches Komitee in Zusammenarbeit mit ADI ( Assoziation f\u00fcr Industriedesign) organisierte Wohlt\u00e4tigkeitsveranstaltung sieht vor, dass die von den Unternehmen gespendeten Produkte mithilfe des Publikums, das der Stiftung AIRC besonders nahe steht, in Mittel f\u00fcr die Krebsforschung umgewandelt werden. Die Kooperation zwischen Unternehmen und \u00d6ffentlichkeit ist ein wichtiges und erfolgreiches Konzept, um neue Ressourcen f\u00fcr den Fortschritt der italienischen Krebsforschung zu sichern.<\/div>\n<div class=\"\"><\/div>\n<div class=\"\">Aus diesem Anlass beteiligt sich unser Unternehmen spendet die unverwechselbaren Produkte.<\/div>\n<div class=\"\"><\/div>\n<div class=\"\">Ziel ist es, zusammen drei dreij\u00e4hrige Stipendien zu finanzieren, damit Krebs zunehmend behandelbar wird.<\/div>\n<p><em><a href=\"https:\/\/lovedesign.airc.it\/chi-siamo\/\" target=\"_blank\" rel=\"noopener\">More Info<\/a><\/em><\/p>\n<\/div><\/div><\/div><\/div><\/div>\n","protected":false},"excerpt":{"rendered":"","protected":false},"author":9000002,"featured_media":0,"parent":1964,"menu_order":0,"comment_status":"closed","ping_status":"closed","template":"100-width.php","meta":{"footnotes":""},"class_list":["post-4608","page","type-page","status-publish","hentry"],"yoast_head":"<!-- This site is optimized with the Yoast SEO plugin v27.4 - https:\/\/yoast.com\/product\/yoast-seo-wordpress\/ -->\n<title>PIUMA f\u00fcr die Wissenschaft - Piuma Care<\/title>\n<meta name=\"robots\" content=\"index, follow, max-snippet:-1, max-image-preview:large, max-video-preview:-1\" \/>\n<link rel=\"canonical\" href=\"https:\/\/www.piumacare.com\/de\/journal\/piuma-fuer-die-wissenschaft\/\" \/>\n<meta property=\"og:locale\" content=\"de_DE\" \/>\n<meta property=\"og:type\" content=\"article\" \/>\n<meta property=\"og:title\" content=\"PIUMA f\u00fcr die Wissenschaft - Piuma Care\" \/>\n<meta property=\"og:url\" content=\"https:\/\/www.piumacare.com\/de\/journal\/piuma-fuer-die-wissenschaft\/\" \/>\n<meta property=\"og:site_name\" content=\"Piuma Care\" \/>\n<meta name=\"twitter:card\" content=\"summary_large_image\" \/>\n<meta name=\"twitter:label1\" content=\"Gesch\u00e4tzte Lesezeit\" \/>\n\t<meta name=\"twitter:data1\" content=\"6\u00a0Minuten\" \/>\n<script type=\"application\/ld+json\" class=\"yoast-schema-graph\">{\"@context\":\"https:\\\/\\\/schema.org\",\"@graph\":[{\"@type\":\"WebPage\",\"@id\":\"https:\\\/\\\/www.piumacare.com\\\/de\\\/journal\\\/piuma-fuer-die-wissenschaft\\\/\",\"url\":\"https:\\\/\\\/www.piumacare.com\\\/de\\\/journal\\\/piuma-fuer-die-wissenschaft\\\/\",\"name\":\"PIUMA f\u00fcr die Wissenschaft - Piuma Care\",\"isPartOf\":{\"@id\":\"https:\\\/\\\/www.piumacare.com\\\/de\\\/#website\"},\"datePublished\":\"2021-11-04T10:38:10+00:00\",\"breadcrumb\":{\"@id\":\"https:\\\/\\\/www.piumacare.com\\\/de\\\/journal\\\/piuma-fuer-die-wissenschaft\\\/#breadcrumb\"},\"inLanguage\":\"de\",\"potentialAction\":[{\"@type\":\"ReadAction\",\"target\":[\"https:\\\/\\\/www.piumacare.com\\\/de\\\/journal\\\/piuma-fuer-die-wissenschaft\\\/\"]}]},{\"@type\":\"BreadcrumbList\",\"@id\":\"https:\\\/\\\/www.piumacare.com\\\/de\\\/journal\\\/piuma-fuer-die-wissenschaft\\\/#breadcrumb\",\"itemListElement\":[{\"@type\":\"ListItem\",\"position\":1,\"name\":\"Home\",\"item\":\"https:\\\/\\\/www.piumacare.com\\\/de\\\/home-de\\\/\"},{\"@type\":\"ListItem\",\"position\":2,\"name\":\"Journal\",\"item\":\"https:\\\/\\\/www.piumacare.com\\\/de\\\/journal\\\/\"},{\"@type\":\"ListItem\",\"position\":3,\"name\":\"PIUMA f\u00fcr die Wissenschaft\"}]},{\"@type\":\"WebSite\",\"@id\":\"https:\\\/\\\/www.piumacare.com\\\/de\\\/#website\",\"url\":\"https:\\\/\\\/www.piumacare.com\\\/de\\\/\",\"name\":\"Piuma Care\",\"description\":\"La scienza del sorriso\",\"potentialAction\":[{\"@type\":\"SearchAction\",\"target\":{\"@type\":\"EntryPoint\",\"urlTemplate\":\"https:\\\/\\\/www.piumacare.com\\\/de\\\/?s={search_term_string}\"},\"query-input\":{\"@type\":\"PropertyValueSpecification\",\"valueRequired\":true,\"valueName\":\"search_term_string\"}}],\"inLanguage\":\"de\"}]}<\/script>\n<!-- \/ Yoast SEO plugin. -->","yoast_head_json":{"title":"PIUMA f\u00fcr die Wissenschaft - Piuma Care","robots":{"index":"index","follow":"follow","max-snippet":"max-snippet:-1","max-image-preview":"max-image-preview:large","max-video-preview":"max-video-preview:-1"},"canonical":"https:\/\/www.piumacare.com\/de\/journal\/piuma-fuer-die-wissenschaft\/","og_locale":"de_DE","og_type":"article","og_title":"PIUMA f\u00fcr die Wissenschaft - Piuma Care","og_url":"https:\/\/www.piumacare.com\/de\/journal\/piuma-fuer-die-wissenschaft\/","og_site_name":"Piuma Care","twitter_card":"summary_large_image","twitter_misc":{"Gesch\u00e4tzte Lesezeit":"6\u00a0Minuten"},"schema":{"@context":"https:\/\/schema.org","@graph":[{"@type":"WebPage","@id":"https:\/\/www.piumacare.com\/de\/journal\/piuma-fuer-die-wissenschaft\/","url":"https:\/\/www.piumacare.com\/de\/journal\/piuma-fuer-die-wissenschaft\/","name":"PIUMA f\u00fcr die Wissenschaft - Piuma Care","isPartOf":{"@id":"https:\/\/www.piumacare.com\/de\/#website"},"datePublished":"2021-11-04T10:38:10+00:00","breadcrumb":{"@id":"https:\/\/www.piumacare.com\/de\/journal\/piuma-fuer-die-wissenschaft\/#breadcrumb"},"inLanguage":"de","potentialAction":[{"@type":"ReadAction","target":["https:\/\/www.piumacare.com\/de\/journal\/piuma-fuer-die-wissenschaft\/"]}]},{"@type":"BreadcrumbList","@id":"https:\/\/www.piumacare.com\/de\/journal\/piuma-fuer-die-wissenschaft\/#breadcrumb","itemListElement":[{"@type":"ListItem","position":1,"name":"Home","item":"https:\/\/www.piumacare.com\/de\/home-de\/"},{"@type":"ListItem","position":2,"name":"Journal","item":"https:\/\/www.piumacare.com\/de\/journal\/"},{"@type":"ListItem","position":3,"name":"PIUMA f\u00fcr die Wissenschaft"}]},{"@type":"WebSite","@id":"https:\/\/www.piumacare.com\/de\/#website","url":"https:\/\/www.piumacare.com\/de\/","name":"Piuma Care","description":"La scienza del sorriso","potentialAction":[{"@type":"SearchAction","target":{"@type":"EntryPoint","urlTemplate":"https:\/\/www.piumacare.com\/de\/?s={search_term_string}"},"query-input":{"@type":"PropertyValueSpecification","valueRequired":true,"valueName":"search_term_string"}}],"inLanguage":"de"}]}},"_links":{"self":[{"href":"https:\/\/www.piumacare.com\/de\/wp-json\/wp\/v2\/pages\/4608","targetHints":{"allow":["GET"]}}],"collection":[{"href":"https:\/\/www.piumacare.com\/de\/wp-json\/wp\/v2\/pages"}],"about":[{"href":"https:\/\/www.piumacare.com\/de\/wp-json\/wp\/v2\/types\/page"}],"author":[{"embeddable":true,"href":"https:\/\/www.piumacare.com\/de\/wp-json\/wp\/v2\/users\/9000002"}],"replies":[{"embeddable":true,"href":"https:\/\/www.piumacare.com\/de\/wp-json\/wp\/v2\/comments?post=4608"}],"version-history":[{"count":0,"href":"https:\/\/www.piumacare.com\/de\/wp-json\/wp\/v2\/pages\/4608\/revisions"}],"up":[{"embeddable":true,"href":"https:\/\/www.piumacare.com\/de\/wp-json\/wp\/v2\/pages\/1964"}],"wp:attachment":[{"href":"https:\/\/www.piumacare.com\/de\/wp-json\/wp\/v2\/media?parent=4608"}],"curies":[{"name":"wp","href":"https:\/\/api.w.org\/{rel}","templated":true}]}}