{"id":12301,"date":"2022-11-21T10:29:30","date_gmt":"2022-11-21T09:29:30","guid":{"rendered":"https:\/\/www.piumacare.com\/?post_type=product&#038;p=12301"},"modified":"2025-05-14T15:00:00","modified_gmt":"2025-05-14T13:00:00","slug":"cavigard","status":"publish","type":"product","link":"https:\/\/www.piumacare.com\/de\/product\/cavigard\/","title":{"rendered":"Cavigard"},"content":{"rendered":"<div class=\"fusion-fullwidth fullwidth-box fusion-builder-row-1 fusion-flex-container has-pattern-background has-mask-background nonhundred-percent-fullwidth non-hundred-percent-height-scrolling\" style=\"--awb-border-radius-top-left:0px;--awb-border-radius-top-right:0px;--awb-border-radius-bottom-right:0px;--awb-border-radius-bottom-left:0px;--awb-flex-wrap:wrap;\" ><div class=\"fusion-builder-row fusion-row fusion-flex-align-items-flex-start fusion-flex-content-wrap\" style=\"max-width:1248px;margin-left: calc(-4% \/ 2 );margin-right: calc(-4% \/ 2 );\"><div class=\"fusion-layout-column fusion_builder_column fusion-builder-column-0 fusion_builder_column_1_1 1_1 fusion-flex-column\" style=\"--awb-bg-size:cover;--awb-width-large:100%;--awb-margin-top-large:0px;--awb-spacing-right-large:1.92%;--awb-margin-bottom-large:20px;--awb-spacing-left-large:1.92%;--awb-width-medium:100%;--awb-order-medium:0;--awb-spacing-right-medium:1.92%;--awb-spacing-left-medium:1.92%;--awb-width-small:100%;--awb-order-small:0;--awb-spacing-right-small:1.92%;--awb-spacing-left-small:1.92%;\"><div class=\"fusion-column-wrapper fusion-column-has-shadow fusion-flex-justify-content-flex-start fusion-content-layout-column\"><div class=\"fusion-image-element \" style=\"--awb-caption-title-font-family:var(--h2_typography-font-family);--awb-caption-title-font-weight:var(--h2_typography-font-weight);--awb-caption-title-font-style:var(--h2_typography-font-style);--awb-caption-title-size:var(--h2_typography-font-size);--awb-caption-title-transform:var(--h2_typography-text-transform);--awb-caption-title-line-height:var(--h2_typography-line-height);--awb-caption-title-letter-spacing:var(--h2_typography-letter-spacing);\"><span class=\" fusion-imageframe imageframe-none imageframe-1 hover-type-none\"><img decoding=\"async\" width=\"2000\" height=\"2000\" title=\"OLYMPUS DIGITAL CAMERA\" src=\"https:\/\/www.piumacare.com\/wp-content\/uploads\/2022\/11\/Cavigard_01.jpg\" alt class=\"img-responsive wp-image-19555\" srcset=\"https:\/\/www.piumacare.com\/wp-content\/uploads\/2022\/11\/Cavigard_01-200x200.jpg 200w, https:\/\/www.piumacare.com\/wp-content\/uploads\/2022\/11\/Cavigard_01-400x400.jpg 400w, https:\/\/www.piumacare.com\/wp-content\/uploads\/2022\/11\/Cavigard_01-600x600.jpg 600w, https:\/\/www.piumacare.com\/wp-content\/uploads\/2022\/11\/Cavigard_01-800x800.jpg 800w, https:\/\/www.piumacare.com\/wp-content\/uploads\/2022\/11\/Cavigard_01-1200x1200.jpg 1200w, https:\/\/www.piumacare.com\/wp-content\/uploads\/2022\/11\/Cavigard_01.jpg 2000w\" sizes=\"(max-width: 640px) 100vw, 1200px\" \/><\/span><\/div><\/div><\/div><\/div><\/div>\n","protected":false},"excerpt":{"rendered":"<p>Das Nahrungserg\u00e4nzungsmittel von Piuma, das zum Schutz der Mundgesundheit und zur F\u00f6rderung des Wohlbefindens von Z\u00e4hnen und Zahnfleisch entwickelt wurde.<\/p>\n<p><strong>CAVIGARD:<\/strong> Ein unverzichtbarer Helfer f\u00fcr ein gesundes und gesch\u00fctztes L\u00e4cheln jeden Tag.<\/p>\n<p>\u2714 <b>Probiotikum<\/b>: hilft, das Vorhandensein von sch\u00e4dlichen Bakterien zu bek\u00e4mpfen.<br \/>\n\u2714 <b>Vitamin C<\/b>: unterst\u00fctzt die Kollagenbildung f\u00fcr starkes Zahnfleisch.<br \/>\n\u2714 <b>Vitamin D<\/b>: unterst\u00fctzt die Gesundheit der Z\u00e4hne und der Knochenstruktur.<\/p>\n[fusion_accordion type=\"\" inactive_icon=\"fa-angle-down fas\" active_icon=\"fa-angle-up fas\" margin_top=\"\" margin_bottom=\"20px\" hide_on_mobile=\"small-visibility,medium-visibility,large-visibility\" class=\"\" id=\"\" boxed_mode=\"\" border_size=\"1\" border_color=\"\" hue=\"\" saturation=\"\" lightness=\"\" alpha=\"\" hover_color=\"\" background_color=\"\" divider_line=\"no\" divider_hover_color=\"\" divider_color=\"\" padding_top=\"\" padding_right=\"\" padding_bottom=\"\" padding_left=\"\" title_tag=\"h4\" fusion_font_family_title_font=\"Manrope\" fusion_font_variant_title_font=\"400\" title_font_size=\"13px\" title_line_height=\"1.3\" title_letter_spacing=\"\" title_text_transform=\"\" title_color=\"var(--awb-color6)\" icon_size=\"12\" icon_color=\"var(--awb-color5)\" icon_boxed_mode=\"no\" icon_box_color=\"\" icon_alignment=\"\" fusion_font_family_content_font=\"Manrope\" fusion_font_variant_content_font=\"400\" content_font_size=\"13\" content_line_height=\"1.3\" content_letter_spacing=\"\" content_text_transform=\"\" content_color=\"var(--awb-color6)\" toggle_hover_accent_color=\"#0093b5\" toggle_active_accent_color=\"var(--awb-color8)\" parent_dynamic_content=\"\"][fusion_toggle title=\"Entdecke weitere Nahrungserg\u00e4nzungsmittel\" open=\"no\" awb-switch-editor-focus=\"\" class=\"\" id=\"\" fusion_font_family_title_font=\"Manrope\" fusion_font_variant_title_font=\"400\" title_font_size=\"13px\" title_line_height=\"1.3\" title_letter_spacing=\"\" title_text_transform=\"\" title_color=\"var(--awb-color8)\" hue=\"\" saturation=\"\" lightness=\"\" alpha=\"\" fusion_font_family_content_font=\"Manrope\" fusion_font_variant_content_font=\"400\" content_font_size=\"13px\" content_line_height=\"1.3\" content_letter_spacing=\"\" content_text_transform=\"\" content_color=\"var(--awb-color6)\"]&#8211; <a class=\"linkpiuma\" href=\"https:\/\/www.piumacare.com\/product\/calcium-balance\/\">CALCIUM BALANCE<\/a><br \/>\n&#8211; <a class=\"linkpiuma\" href=\"https:\/\/www.piumacare.com\/product\/smile-boost\/\">SMILE BOOST<\/a><br \/>\n[\/fusion_toggle][\/fusion_accordion]\n","protected":false},"featured_media":19285,"template":"","meta":[],"product_brand":[],"product_cat":[345],"product_tag":[],"class_list":{"0":"post-12301","1":"product","2":"type-product","3":"status-publish","4":"has-post-thumbnail","6":"product_cat-nahrungserganzungsmittel","8":"first","9":"outofstock","10":"shipping-taxable","11":"purchasable","12":"product-type-simple"},"yoast_head":"<!-- This site is optimized with the Yoast SEO plugin v27.4 - https:\/\/yoast.com\/product\/yoast-seo-wordpress\/ -->\n<title>Orosolubales Nahrungserg\u00e4nzungsmittel f\u00fcr das Wohlbefinden der Mundh\u00f6hle - Piuma Care<\/title>\n<meta name=\"description\" content=\"Cavigard ist ein orosolubales Nahrungserg\u00e4nzungsmittel f\u00fcr das Wohlbefinden der Mundh\u00f6hle mit Probiotikum, Vitamin C und Vitamin D.\" \/>\n<meta name=\"robots\" content=\"index, follow, max-snippet:-1, max-image-preview:large, max-video-preview:-1\" \/>\n<link rel=\"canonical\" href=\"https:\/\/www.piumacare.com\/de\/product\/cavigard\/\" \/>\n<meta property=\"og:locale\" content=\"de_DE\" \/>\n<meta property=\"og:type\" content=\"article\" \/>\n<meta property=\"og:title\" content=\"Orosolubales Nahrungserg\u00e4nzungsmittel f\u00fcr das Wohlbefinden der Mundh\u00f6hle - Piuma Care\" \/>\n<meta property=\"og:description\" content=\"Cavigard ist ein orosolubales Nahrungserg\u00e4nzungsmittel f\u00fcr das Wohlbefinden der Mundh\u00f6hle mit Probiotikum, Vitamin C und Vitamin D.\" \/>\n<meta property=\"og:url\" content=\"https:\/\/www.piumacare.com\/de\/product\/cavigard\/\" \/>\n<meta property=\"og:site_name\" content=\"Piuma Care\" \/>\n<meta property=\"article:modified_time\" content=\"2025-05-14T13:00:00+00:00\" \/>\n<meta property=\"og:image\" content=\"https:\/\/www.piumacare.com\/wp-content\/uploads\/2025\/03\/Cavigard.jpg\" \/>\n\t<meta property=\"og:image:width\" content=\"2000\" \/>\n\t<meta property=\"og:image:height\" content=\"2000\" \/>\n\t<meta property=\"og:image:type\" content=\"image\/jpeg\" \/>\n<meta name=\"twitter:card\" content=\"summary_large_image\" \/>\n<meta name=\"twitter:label1\" content=\"Gesch\u00e4tzte Lesezeit\" \/>\n\t<meta name=\"twitter:data1\" content=\"6\u00a0Minuten\" \/>\n<script type=\"application\/ld+json\" class=\"yoast-schema-graph\">{\"@context\":\"https:\\\/\\\/schema.org\",\"@graph\":[{\"@type\":\"WebPage\",\"@id\":\"https:\\\/\\\/www.piumacare.com\\\/de\\\/product\\\/cavigard\\\/\",\"url\":\"https:\\\/\\\/www.piumacare.com\\\/de\\\/product\\\/cavigard\\\/\",\"name\":\"Orosolubales Nahrungserg\u00e4nzungsmittel f\u00fcr das Wohlbefinden der Mundh\u00f6hle - Piuma Care\",\"isPartOf\":{\"@id\":\"https:\\\/\\\/www.piumacare.com\\\/de\\\/#website\"},\"primaryImageOfPage\":{\"@id\":\"https:\\\/\\\/www.piumacare.com\\\/de\\\/product\\\/cavigard\\\/#primaryimage\"},\"image\":{\"@id\":\"https:\\\/\\\/www.piumacare.com\\\/de\\\/product\\\/cavigard\\\/#primaryimage\"},\"thumbnailUrl\":\"https:\\\/\\\/www.piumacare.com\\\/wp-content\\\/uploads\\\/2025\\\/03\\\/Cavigard.jpg\",\"datePublished\":\"2022-11-21T09:29:30+00:00\",\"dateModified\":\"2025-05-14T13:00:00+00:00\",\"description\":\"Cavigard ist ein orosolubales Nahrungserg\u00e4nzungsmittel f\u00fcr das Wohlbefinden der Mundh\u00f6hle mit Probiotikum, Vitamin C und Vitamin D.\",\"breadcrumb\":{\"@id\":\"https:\\\/\\\/www.piumacare.com\\\/de\\\/product\\\/cavigard\\\/#breadcrumb\"},\"inLanguage\":\"de\",\"potentialAction\":[{\"@type\":\"ReadAction\",\"target\":[\"https:\\\/\\\/www.piumacare.com\\\/de\\\/product\\\/cavigard\\\/\"]}]},{\"@type\":\"ImageObject\",\"inLanguage\":\"de\",\"@id\":\"https:\\\/\\\/www.piumacare.com\\\/de\\\/product\\\/cavigard\\\/#primaryimage\",\"url\":\"https:\\\/\\\/www.piumacare.com\\\/wp-content\\\/uploads\\\/2025\\\/03\\\/Cavigard.jpg\",\"contentUrl\":\"https:\\\/\\\/www.piumacare.com\\\/wp-content\\\/uploads\\\/2025\\\/03\\\/Cavigard.jpg\",\"width\":2000,\"height\":2000},{\"@type\":\"BreadcrumbList\",\"@id\":\"https:\\\/\\\/www.piumacare.com\\\/de\\\/product\\\/cavigard\\\/#breadcrumb\",\"itemListElement\":[{\"@type\":\"ListItem\",\"position\":1,\"name\":\"Home\",\"item\":\"https:\\\/\\\/www.piumacare.com\\\/de\\\/home-de\\\/\"},{\"@type\":\"ListItem\",\"position\":2,\"name\":\"Shop\",\"item\":\"https:\\\/\\\/www.piumacare.com\\\/de\\\/shop-2\\\/\"},{\"@type\":\"ListItem\",\"position\":3,\"name\":\"Cavigard\"}]},{\"@type\":\"WebSite\",\"@id\":\"https:\\\/\\\/www.piumacare.com\\\/de\\\/#website\",\"url\":\"https:\\\/\\\/www.piumacare.com\\\/de\\\/\",\"name\":\"Piuma Care\",\"description\":\"La scienza del sorriso\",\"potentialAction\":[{\"@type\":\"SearchAction\",\"target\":{\"@type\":\"EntryPoint\",\"urlTemplate\":\"https:\\\/\\\/www.piumacare.com\\\/de\\\/?s={search_term_string}\"},\"query-input\":{\"@type\":\"PropertyValueSpecification\",\"valueRequired\":true,\"valueName\":\"search_term_string\"}}],\"inLanguage\":\"de\"}]}<\/script>\n<!-- \/ Yoast SEO plugin. -->","yoast_head_json":{"title":"Orosolubales Nahrungserg\u00e4nzungsmittel f\u00fcr das Wohlbefinden der Mundh\u00f6hle - Piuma Care","description":"Cavigard ist ein orosolubales Nahrungserg\u00e4nzungsmittel f\u00fcr das Wohlbefinden der Mundh\u00f6hle mit Probiotikum, Vitamin C und Vitamin D.","robots":{"index":"index","follow":"follow","max-snippet":"max-snippet:-1","max-image-preview":"max-image-preview:large","max-video-preview":"max-video-preview:-1"},"canonical":"https:\/\/www.piumacare.com\/de\/product\/cavigard\/","og_locale":"de_DE","og_type":"article","og_title":"Orosolubales Nahrungserg\u00e4nzungsmittel f\u00fcr das Wohlbefinden der Mundh\u00f6hle - Piuma Care","og_description":"Cavigard ist ein orosolubales Nahrungserg\u00e4nzungsmittel f\u00fcr das Wohlbefinden der Mundh\u00f6hle mit Probiotikum, Vitamin C und Vitamin D.","og_url":"https:\/\/www.piumacare.com\/de\/product\/cavigard\/","og_site_name":"Piuma Care","article_modified_time":"2025-05-14T13:00:00+00:00","og_image":[{"width":2000,"height":2000,"url":"https:\/\/www.piumacare.com\/wp-content\/uploads\/2025\/03\/Cavigard.jpg","type":"image\/jpeg"}],"twitter_card":"summary_large_image","twitter_misc":{"Gesch\u00e4tzte Lesezeit":"6\u00a0Minuten"},"schema":{"@context":"https:\/\/schema.org","@graph":[{"@type":"WebPage","@id":"https:\/\/www.piumacare.com\/de\/product\/cavigard\/","url":"https:\/\/www.piumacare.com\/de\/product\/cavigard\/","name":"Orosolubales Nahrungserg\u00e4nzungsmittel f\u00fcr das Wohlbefinden der Mundh\u00f6hle - Piuma Care","isPartOf":{"@id":"https:\/\/www.piumacare.com\/de\/#website"},"primaryImageOfPage":{"@id":"https:\/\/www.piumacare.com\/de\/product\/cavigard\/#primaryimage"},"image":{"@id":"https:\/\/www.piumacare.com\/de\/product\/cavigard\/#primaryimage"},"thumbnailUrl":"https:\/\/www.piumacare.com\/wp-content\/uploads\/2025\/03\/Cavigard.jpg","datePublished":"2022-11-21T09:29:30+00:00","dateModified":"2025-05-14T13:00:00+00:00","description":"Cavigard ist ein orosolubales Nahrungserg\u00e4nzungsmittel f\u00fcr das Wohlbefinden der Mundh\u00f6hle mit Probiotikum, Vitamin C und Vitamin D.","breadcrumb":{"@id":"https:\/\/www.piumacare.com\/de\/product\/cavigard\/#breadcrumb"},"inLanguage":"de","potentialAction":[{"@type":"ReadAction","target":["https:\/\/www.piumacare.com\/de\/product\/cavigard\/"]}]},{"@type":"ImageObject","inLanguage":"de","@id":"https:\/\/www.piumacare.com\/de\/product\/cavigard\/#primaryimage","url":"https:\/\/www.piumacare.com\/wp-content\/uploads\/2025\/03\/Cavigard.jpg","contentUrl":"https:\/\/www.piumacare.com\/wp-content\/uploads\/2025\/03\/Cavigard.jpg","width":2000,"height":2000},{"@type":"BreadcrumbList","@id":"https:\/\/www.piumacare.com\/de\/product\/cavigard\/#breadcrumb","itemListElement":[{"@type":"ListItem","position":1,"name":"Home","item":"https:\/\/www.piumacare.com\/de\/home-de\/"},{"@type":"ListItem","position":2,"name":"Shop","item":"https:\/\/www.piumacare.com\/de\/shop-2\/"},{"@type":"ListItem","position":3,"name":"Cavigard"}]},{"@type":"WebSite","@id":"https:\/\/www.piumacare.com\/de\/#website","url":"https:\/\/www.piumacare.com\/de\/","name":"Piuma Care","description":"La scienza del sorriso","potentialAction":[{"@type":"SearchAction","target":{"@type":"EntryPoint","urlTemplate":"https:\/\/www.piumacare.com\/de\/?s={search_term_string}"},"query-input":{"@type":"PropertyValueSpecification","valueRequired":true,"valueName":"search_term_string"}}],"inLanguage":"de"}]}},"_links":{"self":[{"href":"https:\/\/www.piumacare.com\/de\/wp-json\/wp\/v2\/product\/12301","targetHints":{"allow":["GET"]}}],"collection":[{"href":"https:\/\/www.piumacare.com\/de\/wp-json\/wp\/v2\/product"}],"about":[{"href":"https:\/\/www.piumacare.com\/de\/wp-json\/wp\/v2\/types\/product"}],"wp:featuredmedia":[{"embeddable":true,"href":"https:\/\/www.piumacare.com\/de\/wp-json\/wp\/v2\/media\/19285"}],"wp:attachment":[{"href":"https:\/\/www.piumacare.com\/de\/wp-json\/wp\/v2\/media?parent=12301"}],"wp:term":[{"taxonomy":"product_brand","embeddable":true,"href":"https:\/\/www.piumacare.com\/de\/wp-json\/wp\/v2\/product_brand?post=12301"},{"taxonomy":"product_cat","embeddable":true,"href":"https:\/\/www.piumacare.com\/de\/wp-json\/wp\/v2\/product_cat?post=12301"},{"taxonomy":"product_tag","embeddable":true,"href":"https:\/\/www.piumacare.com\/de\/wp-json\/wp\/v2\/product_tag?post=12301"}],"curies":[{"name":"wp","href":"https:\/\/api.w.org\/{rel}","templated":true}]}}