{"id":13075,"date":"2022-12-07T13:53:28","date_gmt":"2022-12-07T12:53:47","guid":{"rendered":"https:\/\/www.piumacare.com\/?post_type=product&#038;p=13075"},"modified":"2024-09-13T13:47:45","modified_gmt":"2024-09-13T11:47:45","slug":"zahnburste-ohne-basis-gift","status":"publish","type":"product","link":"https:\/\/www.piumacare.com\/de\/product\/zahnburste-ohne-basis-gift\/","title":{"rendered":"Geschenk"},"content":{"rendered":"<div class=\"fusion-fullwidth fullwidth-box fusion-builder-row-1 fusion-flex-container hundred-percent-fullwidth non-hundred-percent-height-scrolling\" style=\"--awb-border-radius-top-left:0px;--awb-border-radius-top-right:0px;--awb-border-radius-bottom-right:0px;--awb-border-radius-bottom-left:0px;--awb-flex-wrap:wrap;\" ><div class=\"fusion-builder-row fusion-row fusion-flex-align-items-flex-start fusion-flex-justify-content-center fusion-flex-content-wrap\" style=\"width:104% !important;max-width:104% !important;margin-left: calc(-4% \/ 2 );margin-right: calc(-4% \/ 2 );\"><div class=\"fusion-layout-column fusion_builder_column fusion-builder-column-0 fusion_builder_column_1_1 1_1 fusion-flex-column\" style=\"--awb-bg-size:cover;--awb-width-large:100%;--awb-margin-top-large:0px;--awb-spacing-right-large:1.92%;--awb-margin-bottom-large:20px;--awb-spacing-left-large:1.92%;--awb-width-medium:100%;--awb-order-medium:0;--awb-spacing-right-medium:1.92%;--awb-spacing-left-medium:1.92%;--awb-width-small:100%;--awb-order-small:0;--awb-spacing-right-small:1.92%;--awb-spacing-left-small:1.92%;\"><div class=\"fusion-column-wrapper fusion-column-has-shadow fusion-flex-justify-content-flex-start fusion-content-layout-column\"><div class=\"accordian fusion-accordian\" style=\"--awb-border-size:1px;--awb-icon-size:13px;--awb-content-font-size:16px;--awb-icon-alignment:left;--awb-hover-color:#f9f9fb;--awb-border-color:#e2e2e2;--awb-background-color:#ffffff;--awb-divider-color:#e2e2e2;--awb-divider-hover-color:#e2e2e2;--awb-icon-color:#000000;--awb-title-color:#212934;--awb-content-color:#000000;--awb-icon-box-color:rgba(255,255,255,0);--awb-toggle-hover-accent-color:#898989;--awb-title-font-family:&quot;Manrope&quot;;--awb-title-font-weight:regular;--awb-title-font-style:normal;--awb-content-font-family:&quot;Manrope&quot;;--awb-content-font-style:normal;--awb-content-font-weight:regular;\"><div class=\"panel-group fusion-toggle-icon-boxed\" id=\"accordion-13075-1\"><div class=\"fusion-panel panel-default panel-c1bb68129788be5dc fusion-toggle-has-divider\"><div class=\"panel-heading\"><h4 class=\"panel-title toggle\" id=\"toggle_c1bb68129788be5dc\"><a aria-expanded=\"false\" aria-controls=\"c1bb68129788be5dc\" role=\"button\" data-toggle=\"collapse\" data-parent=\"#accordion-13075-1\" data-target=\"#c1bb68129788be5dc\" href=\"#c1bb68129788be5dc\"><span class=\"fusion-toggle-icon-wrapper\" aria-hidden=\"true\"><i class=\"fa-fusion-box active-icon awb-icon-minus\" aria-hidden=\"true\"><\/i><i class=\"fa-fusion-box inactive-icon awb-icon-plus\" aria-hidden=\"true\"><\/i><\/span><span class=\"fusion-toggle-heading\">Wie kann ich den Status meiner Bestellung \u00fcberpr\u00fcfen?<\/span><\/a><\/h4><\/div><div id=\"c1bb68129788be5dc\" class=\"panel-collapse collapse \" aria-labelledby=\"toggle_c1bb68129788be5dc\"><div class=\"panel-body toggle-content fusion-clearfix\">\n<p>Ogni volta che avviene un cambiamento dello stato dell\u2019ordine viene inviata una mail di avviso al cliente. Per maggiori domande vi preghiamo di contattarci a customerservice@piumacare.com.<\/p>\n<\/div><\/div><\/div><div class=\"fusion-panel panel-default panel-7bb2bec5e48bcdea9 fusion-toggle-has-divider\"><div class=\"panel-heading\"><h4 class=\"panel-title toggle\" id=\"toggle_7bb2bec5e48bcdea9\"><a aria-expanded=\"false\" aria-controls=\"7bb2bec5e48bcdea9\" role=\"button\" data-toggle=\"collapse\" data-parent=\"#accordion-13075-1\" data-target=\"#7bb2bec5e48bcdea9\" href=\"#7bb2bec5e48bcdea9\"><span class=\"fusion-toggle-icon-wrapper\" aria-hidden=\"true\"><i class=\"fa-fusion-box active-icon awb-icon-minus\" aria-hidden=\"true\"><\/i><i class=\"fa-fusion-box inactive-icon awb-icon-plus\" aria-hidden=\"true\"><\/i><\/span><span class=\"fusion-toggle-heading\">Wie lange dauert es, die Bestellung zu bearbeiten?<\/span><\/a><\/h4><\/div><div id=\"7bb2bec5e48bcdea9\" class=\"panel-collapse collapse \" aria-labelledby=\"toggle_7bb2bec5e48bcdea9\"><div class=\"panel-body toggle-content fusion-clearfix\">\n<p>Una volta confermato il pagamento, ne garantiamo la spedizione entro 3 giorni lavorativi (5 per le isole). La durata del trasporto dipende dal paese di consegna.<\/p>\n<\/div><\/div><\/div><div class=\"fusion-panel panel-default panel-20da20e22d75cd6e1 fusion-toggle-has-divider\"><div class=\"panel-heading\"><h4 class=\"panel-title toggle\" id=\"toggle_20da20e22d75cd6e1\"><a aria-expanded=\"false\" aria-controls=\"20da20e22d75cd6e1\" role=\"button\" data-toggle=\"collapse\" data-parent=\"#accordion-13075-1\" data-target=\"#20da20e22d75cd6e1\" href=\"#20da20e22d75cd6e1\"><span class=\"fusion-toggle-icon-wrapper\" aria-hidden=\"true\"><i class=\"fa-fusion-box active-icon awb-icon-minus\" aria-hidden=\"true\"><\/i><i class=\"fa-fusion-box inactive-icon awb-icon-plus\" aria-hidden=\"true\"><\/i><\/span><span class=\"fusion-toggle-heading\">Wie hoch sind die Versandkosten?<\/span><\/a><\/h4><\/div><div id=\"20da20e22d75cd6e1\" class=\"panel-collapse collapse \" aria-labelledby=\"toggle_20da20e22d75cd6e1\"><div class=\"panel-body toggle-content fusion-clearfix\">\n<p>Le spese di spedizione sono gratuite per i carrelli superiori ai 12\u20ac per l&#8217;Italia e 20\u20ac per il resto d&#8217;Europa. Non spediamo extra UE.<\/p>\n<\/div><\/div><\/div><div class=\"fusion-panel panel-default panel-1c14735643fadc1b1 fusion-toggle-has-divider\"><div class=\"panel-heading\"><h4 class=\"panel-title toggle\" id=\"toggle_1c14735643fadc1b1\"><a aria-expanded=\"false\" aria-controls=\"1c14735643fadc1b1\" role=\"button\" data-toggle=\"collapse\" data-parent=\"#accordion-13075-1\" data-target=\"#1c14735643fadc1b1\" href=\"#1c14735643fadc1b1\"><span class=\"fusion-toggle-icon-wrapper\" aria-hidden=\"true\"><i class=\"fa-fusion-box active-icon awb-icon-minus\" aria-hidden=\"true\"><\/i><i class=\"fa-fusion-box inactive-icon awb-icon-plus\" aria-hidden=\"true\"><\/i><\/span><span class=\"fusion-toggle-heading\">Ist ein Versand ins Ausland m\u00f6glich?<\/span><\/a><\/h4><\/div><div id=\"1c14735643fadc1b1\" class=\"panel-collapse collapse \" aria-labelledby=\"toggle_1c14735643fadc1b1\"><div class=\"panel-body toggle-content fusion-clearfix\">\n<p>Si, il nostro sito permette sia di ordinare che spedire all\u2019estero.<\/p>\n<\/div><\/div><\/div><div class=\"fusion-panel panel-default panel-6448e840940a0a192 fusion-toggle-has-divider\"><div class=\"panel-heading\"><h4 class=\"panel-title toggle\" id=\"toggle_6448e840940a0a192\"><a aria-expanded=\"false\" aria-controls=\"6448e840940a0a192\" role=\"button\" data-toggle=\"collapse\" data-parent=\"#accordion-13075-1\" data-target=\"#6448e840940a0a192\" href=\"#6448e840940a0a192\"><span class=\"fusion-toggle-icon-wrapper\" aria-hidden=\"true\"><i class=\"fa-fusion-box active-icon awb-icon-minus\" aria-hidden=\"true\"><\/i><i class=\"fa-fusion-box inactive-icon awb-icon-plus\" aria-hidden=\"true\"><\/i><\/span><span class=\"fusion-toggle-heading\">Sind die auf der Website aufgef\u00fchrten Preise einschlie\u00dflich Mehrwertsteuer?<\/span><\/a><\/h4><\/div><div id=\"6448e840940a0a192\" class=\"panel-collapse collapse \" aria-labelledby=\"toggle_6448e840940a0a192\"><div class=\"panel-body toggle-content fusion-clearfix\">\n<p>S\u00ec, tutti i prezzi includono l\u2019IVA.<\/p>\n<\/div><\/div><\/div><div class=\"fusion-panel panel-default panel-c81bd9dd476ebb234 fusion-toggle-has-divider\"><div class=\"panel-heading\"><h4 class=\"panel-title toggle\" id=\"toggle_c81bd9dd476ebb234\"><a aria-expanded=\"false\" aria-controls=\"c81bd9dd476ebb234\" role=\"button\" data-toggle=\"collapse\" data-parent=\"#accordion-13075-1\" data-target=\"#c81bd9dd476ebb234\" href=\"#c81bd9dd476ebb234\"><span class=\"fusion-toggle-icon-wrapper\" aria-hidden=\"true\"><i class=\"fa-fusion-box active-icon awb-icon-minus\" aria-hidden=\"true\"><\/i><i class=\"fa-fusion-box inactive-icon awb-icon-plus\" aria-hidden=\"true\"><\/i><\/span><span class=\"fusion-toggle-heading\">Welche Zahlungsarten werden akzeptiert?<\/span><\/a><\/h4><\/div><div id=\"c81bd9dd476ebb234\" class=\"panel-collapse collapse \" aria-labelledby=\"toggle_c81bd9dd476ebb234\"><div class=\"panel-body toggle-content fusion-clearfix\">\n<p>Accettiamo pagamenti solo in carta di credito (Visa, Mastercard, PayPal\u2026).<\/p>\n<\/div><\/div><\/div><div class=\"fusion-panel panel-default panel-d2a0d480ceb17e172 fusion-toggle-has-divider\"><div class=\"panel-heading\"><h4 class=\"panel-title toggle\" id=\"toggle_d2a0d480ceb17e172\"><a aria-expanded=\"false\" aria-controls=\"d2a0d480ceb17e172\" role=\"button\" data-toggle=\"collapse\" data-parent=\"#accordion-13075-1\" data-target=\"#d2a0d480ceb17e172\" href=\"#d2a0d480ceb17e172\"><span class=\"fusion-toggle-icon-wrapper\" aria-hidden=\"true\"><i class=\"fa-fusion-box active-icon awb-icon-minus\" aria-hidden=\"true\"><\/i><i class=\"fa-fusion-box inactive-icon awb-icon-plus\" aria-hidden=\"true\"><\/i><\/span><span class=\"fusion-toggle-heading\">Wie wird das R\u00fcckerstattungs- und R\u00fcckgaberecht gehandhabt?<\/span><\/a><\/h4><\/div><div id=\"d2a0d480ceb17e172\" class=\"panel-collapse collapse \" aria-labelledby=\"toggle_d2a0d480ceb17e172\"><div class=\"panel-body toggle-content fusion-clearfix\">\n<p>Hai la possibilit\u00e0 di restituirci qualsiasi articolo ordinato entro 30 giorni a partire dalla data di ricezione.<br \/>\nAl momento della restituzione, riporre l\u2019\/gli articolo\/i nell\u2019imballaggio originale, accompagnato\/i dagli accessori e dai documenti forniti, allegando anche il modulo di consegna. Si raccomanda di prendere ogni precauzione possibile al fine di garantire l\u2019integrit\u00e0 del prodotto reso.<br \/>\nGli articoli non restituiti, restituiti incompleti, rovinati, danneggiati, deteriorati, sporchi o in qualsiasi altra condizione che possa ragionevolmente suggerire che siano stati usati, non potranno essere rimborsati o sostituiti, nonch\u00e9 gli articoli sigillati che siano stati aperti dopo la consegna, per motivi igienici o di tutela della salute.<\/p>\n<\/div><\/div><\/div><div class=\"fusion-panel panel-default panel-aed5e9d43902ef1e5 fusion-toggle-has-divider\"><div class=\"panel-heading\"><h4 class=\"panel-title toggle\" id=\"toggle_aed5e9d43902ef1e5\"><a aria-expanded=\"false\" aria-controls=\"aed5e9d43902ef1e5\" role=\"button\" data-toggle=\"collapse\" data-parent=\"#accordion-13075-1\" data-target=\"#aed5e9d43902ef1e5\" href=\"#aed5e9d43902ef1e5\"><span class=\"fusion-toggle-icon-wrapper\" aria-hidden=\"true\"><i class=\"fa-fusion-box active-icon awb-icon-minus\" aria-hidden=\"true\"><\/i><i class=\"fa-fusion-box inactive-icon awb-icon-plus\" aria-hidden=\"true\"><\/i><\/span><span class=\"fusion-toggle-heading\">Wo werden die P\u200aI\u200aU\u200aM\u200aA-Produkte hergestellt?<\/span><\/a><\/h4><\/div><div id=\"aed5e9d43902ef1e5\" class=\"panel-collapse collapse \" aria-labelledby=\"toggle_aed5e9d43902ef1e5\"><div class=\"panel-body toggle-content fusion-clearfix\">\n<p>I prodotti P\u200aI\u200aU\u200aM\u200aA sono stati progettati e prodotti in Italia.<\/p>\n<\/div><\/div><\/div><div class=\"fusion-panel panel-default panel-ecfe9a692e953f11b fusion-toggle-has-divider\"><div class=\"panel-heading\"><h4 class=\"panel-title toggle\" id=\"toggle_ecfe9a692e953f11b\"><a aria-expanded=\"false\" aria-controls=\"ecfe9a692e953f11b\" role=\"button\" data-toggle=\"collapse\" data-parent=\"#accordion-13075-1\" data-target=\"#ecfe9a692e953f11b\" href=\"#ecfe9a692e953f11b\"><span class=\"fusion-toggle-icon-wrapper\" aria-hidden=\"true\"><i class=\"fa-fusion-box active-icon awb-icon-minus\" aria-hidden=\"true\"><\/i><i class=\"fa-fusion-box inactive-icon awb-icon-plus\" aria-hidden=\"true\"><\/i><\/span><span class=\"fusion-toggle-heading\">Welche Art von Zahnb\u00fcrste soll ich verwenden?<\/span><\/a><\/h4><\/div><div id=\"ecfe9a692e953f11b\" class=\"panel-collapse collapse \" aria-labelledby=\"toggle_ecfe9a692e953f11b\"><div class=\"panel-body toggle-content fusion-clearfix\">\n<p>Lo spazzolino con le setole medium \u00e8 adatto per chi non ha denti e gengive sensibili, in caso contrario consigliamo lo spazzolino con le setole soft.<\/p>\n<\/div><\/div><\/div><div class=\"fusion-panel panel-default panel-46dd1d62f71f7b85a fusion-toggle-has-divider\"><div class=\"panel-heading\"><h4 class=\"panel-title toggle\" id=\"toggle_46dd1d62f71f7b85a\"><a aria-expanded=\"false\" aria-controls=\"46dd1d62f71f7b85a\" role=\"button\" data-toggle=\"collapse\" data-parent=\"#accordion-13075-1\" data-target=\"#46dd1d62f71f7b85a\" href=\"#46dd1d62f71f7b85a\"><span class=\"fusion-toggle-icon-wrapper\" aria-hidden=\"true\"><i class=\"fa-fusion-box active-icon awb-icon-minus\" aria-hidden=\"true\"><\/i><i class=\"fa-fusion-box inactive-icon awb-icon-plus\" aria-hidden=\"true\"><\/i><\/span><span class=\"fusion-toggle-heading\">Wie oft soll ich meine Zahnb\u00fcrste austauschen?<\/span><\/a><\/h4><\/div><div id=\"46dd1d62f71f7b85a\" class=\"panel-collapse collapse \" aria-labelledby=\"toggle_46dd1d62f71f7b85a\"><div class=\"panel-body toggle-content fusion-clearfix\">\n<p>Si consiglia di cambiare spazzolino ogni 3 mesi. Abbiamo predisposto un \u201ccalendario\u201d sul retro della Base di appoggio, che ti suggerisce quando effettuare la sostituzione.<\/p>\n<\/div><\/div><\/div><\/div><\/div><\/div><\/div><\/div><\/div>\n","protected":false},"excerpt":{"rendered":"<div class=\"info-description\">\n<p>W\u00e4hlen Sie die PiumaBrush Nachf\u00fcllpackung, wenn Sie die Basis bereits besitzen und nur Ihre Zahnb\u00fcrste austauschen wollen oder wenn Sie Ihren Becher als Beh\u00e4lter nutzen m\u00f6chten.<\/p>\n<p><strong>Das ist es<\/strong>:<br \/>\ndie innovative und preisgekr\u00f6nte PiumaBrush Zahnb\u00fcrste<\/p>\n<p><strong>Merkmale<\/strong>:<\/p>\n<ul>\n<li>Zahnb\u00fcrste mit innovativem Design und flexiblem Griff<\/li>\n<li>Ultrasanfte, ergonomisch abgerundete Tynex\u00ae Mikroborsten mit einem Durchmesser von 0,1 mm machen es m\u00f6glich, mit der PiumaBrush auch die tiefsten Bereiche des Mundes zu erreichen<\/li>\n<li>Die verwendeten Rohstoffe sind antibakteriell und FDA-zertifiziert<\/li>\n<li>Zungenreiniger f\u00fcr ein multisensorisches Erlebnis zur Gew\u00e4hrleistung einer hervorragenden Zungenreinigung<\/li>\n<li>100% Made in Italy<\/li>\n<\/ul>\n<p><img decoding=\"async\" class=\"alignnone wp-image-8117\" src=\"https:\/\/www.piumacare.com\/wp-content\/uploads\/2021\/07\/Tavola-disegno-1-4.svg\" alt=\"\" width=\"241\" height=\"104\" \/><\/p>\n<p><strong>Pluspunkt<\/strong>: LDie Zahnb\u00fcrste wird unter Schutzatmosph\u00e4re verpackt, um ein H\u00f6chstma\u00df an Hygiene zu gew\u00e4hrleisten<\/p>\n<p><strong>Hinweis<\/strong>: die B\u00fcrstenh\u00fclle ist immer enthalten<\/p>\n<\/div>\n<p><span style=\"line-height: 52px; padding-right: 80px;\">Farbe<\/span><img decoding=\"async\" class=\"alignnone wp-image-8158\" src=\"https:\/\/www.piumacare.com\/wp-content\/uploads\/2021\/07\/icone_colore_Tavola-disegno-1.svg\" alt=\"\" width=\"55\" height=\"55\" \/><a href=\"https:\/\/piumacare.com\/de\/product\/piumabrush-refill_asphalt-grey\/\"><img decoding=\"async\" class=\"alignnone wp-image-8163\" src=\"https:\/\/www.piumacare.com\/wp-content\/uploads\/2021\/07\/icone_colore_Tavola-disegno-1-copia-3.svg\" alt=\"\" width=\"55\" height=\"55\" \/><\/a><a href=\"https:\/\/piumacare.com\/de\/product\/piumabrush-refill_pure-white\/\"><img decoding=\"async\" class=\"alignnone wp-image-8168\" src=\"https:\/\/www.piumacare.com\/wp-content\/uploads\/2021\/07\/icone_colore_Tavola-disegno-1-copia-5.svg\" alt=\"\" width=\"55\" height=\"55\" \/><\/a><a href=\"https:\/\/www.piumacare.com\/de\/product\/piumabrush-refill_nude-rose\/\"><img decoding=\"async\" class=\"alignnone wp-image-8173\" src=\"https:\/\/www.piumacare.com\/wp-content\/uploads\/2021\/07\/icone_colore_Tavola-disegno-1-copia-7.svg\" alt=\"\" width=\"55\" height=\"55\" \/><\/a><\/p>\n","protected":false},"featured_media":1595,"template":"","meta":[],"product_brand":[],"product_cat":[83],"product_tag":[118],"class_list":{"0":"post-13075","1":"product","2":"type-product","3":"status-publish","4":"has-post-thumbnail","6":"product_cat-refill-de","7":"product_tag-perfect-black-de","9":"first","10":"instock","11":"shipping-taxable","12":"purchasable","13":"product-type-simple"},"yoast_head":"<!-- This site is optimized with the Yoast SEO plugin v27.4 - https:\/\/yoast.com\/product\/yoast-seo-wordpress\/ -->\n<title>Schwarze Zahnb\u00fcrste von Piuma Care: Erstklassiges Design und Ergonomie<\/title>\n<meta name=\"description\" content=\"Schwarze Zahnb\u00fcrste, die erste in Design und Wirksamkeit. Ideal f\u00fcr alle, die bereits einen Basiskalender haben, der Sie daran erinnert, wann er ersetzt werden muss\" \/>\n<meta name=\"robots\" content=\"index, follow, max-snippet:-1, max-image-preview:large, max-video-preview:-1\" \/>\n<link rel=\"canonical\" href=\"https:\/\/www.piumacare.com\/de\/product\/zahnburste-ohne-basis-gift\/\" \/>\n<meta property=\"og:locale\" content=\"de_DE\" \/>\n<meta property=\"og:type\" content=\"article\" \/>\n<meta property=\"og:title\" content=\"Schwarze Zahnb\u00fcrste von Piuma Care: Erstklassiges Design und Ergonomie\" \/>\n<meta property=\"og:description\" content=\"Schwarze Zahnb\u00fcrste, die erste in Design und Wirksamkeit. Ideal f\u00fcr alle, die bereits einen Basiskalender haben, der Sie daran erinnert, wann er ersetzt werden muss\" \/>\n<meta property=\"og:url\" content=\"https:\/\/www.piumacare.com\/de\/product\/zahnburste-ohne-basis-gift\/\" \/>\n<meta property=\"og:site_name\" content=\"Piuma Care\" \/>\n<meta property=\"article:modified_time\" content=\"2024-09-13T11:47:45+00:00\" \/>\n<meta property=\"og:image\" content=\"https:\/\/www.piumacare.com\/wp-content\/uploads\/2021\/07\/Refill_perfect-black.png\" \/>\n\t<meta property=\"og:image:width\" content=\"1000\" \/>\n\t<meta property=\"og:image:height\" content=\"1000\" \/>\n\t<meta property=\"og:image:type\" content=\"image\/png\" \/>\n<meta name=\"twitter:card\" content=\"summary_large_image\" \/>\n<meta name=\"twitter:label1\" content=\"Gesch\u00e4tzte Lesezeit\" \/>\n\t<meta name=\"twitter:data1\" content=\"5\u00a0Minuten\" \/>\n<script type=\"application\/ld+json\" class=\"yoast-schema-graph\">{\"@context\":\"https:\\\/\\\/schema.org\",\"@graph\":[{\"@type\":\"WebPage\",\"@id\":\"https:\\\/\\\/www.piumacare.com\\\/de\\\/product\\\/zahnburste-ohne-basis-gift\\\/\",\"url\":\"https:\\\/\\\/www.piumacare.com\\\/de\\\/product\\\/zahnburste-ohne-basis-gift\\\/\",\"name\":\"Schwarze Zahnb\u00fcrste von Piuma Care: Erstklassiges Design und Ergonomie\",\"isPartOf\":{\"@id\":\"https:\\\/\\\/www.piumacare.com\\\/de\\\/#website\"},\"primaryImageOfPage\":{\"@id\":\"https:\\\/\\\/www.piumacare.com\\\/de\\\/product\\\/zahnburste-ohne-basis-gift\\\/#primaryimage\"},\"image\":{\"@id\":\"https:\\\/\\\/www.piumacare.com\\\/de\\\/product\\\/zahnburste-ohne-basis-gift\\\/#primaryimage\"},\"thumbnailUrl\":\"https:\\\/\\\/www.piumacare.com\\\/wp-content\\\/uploads\\\/2021\\\/07\\\/Refill_perfect-black.png\",\"datePublished\":\"2022-12-07T12:53:47+00:00\",\"dateModified\":\"2024-09-13T11:47:45+00:00\",\"description\":\"Schwarze Zahnb\u00fcrste, die erste in Design und Wirksamkeit. Ideal f\u00fcr alle, die bereits einen Basiskalender haben, der Sie daran erinnert, wann er ersetzt werden muss\",\"breadcrumb\":{\"@id\":\"https:\\\/\\\/www.piumacare.com\\\/de\\\/product\\\/zahnburste-ohne-basis-gift\\\/#breadcrumb\"},\"inLanguage\":\"de\",\"potentialAction\":[{\"@type\":\"ReadAction\",\"target\":[\"https:\\\/\\\/www.piumacare.com\\\/de\\\/product\\\/zahnburste-ohne-basis-gift\\\/\"]}]},{\"@type\":\"ImageObject\",\"inLanguage\":\"de\",\"@id\":\"https:\\\/\\\/www.piumacare.com\\\/de\\\/product\\\/zahnburste-ohne-basis-gift\\\/#primaryimage\",\"url\":\"https:\\\/\\\/www.piumacare.com\\\/wp-content\\\/uploads\\\/2021\\\/07\\\/Refill_perfect-black.png\",\"contentUrl\":\"https:\\\/\\\/www.piumacare.com\\\/wp-content\\\/uploads\\\/2021\\\/07\\\/Refill_perfect-black.png\",\"width\":1000,\"height\":1000,\"caption\":\"PiumaBrush Refill perfect black by Piuma Care\"},{\"@type\":\"BreadcrumbList\",\"@id\":\"https:\\\/\\\/www.piumacare.com\\\/de\\\/product\\\/zahnburste-ohne-basis-gift\\\/#breadcrumb\",\"itemListElement\":[{\"@type\":\"ListItem\",\"position\":1,\"name\":\"Home\",\"item\":\"https:\\\/\\\/www.piumacare.com\\\/de\\\/home-de\\\/\"},{\"@type\":\"ListItem\",\"position\":2,\"name\":\"Shop\",\"item\":\"https:\\\/\\\/www.piumacare.com\\\/de\\\/shop-2\\\/\"},{\"@type\":\"ListItem\",\"position\":3,\"name\":\"Geschenk\"}]},{\"@type\":\"WebSite\",\"@id\":\"https:\\\/\\\/www.piumacare.com\\\/de\\\/#website\",\"url\":\"https:\\\/\\\/www.piumacare.com\\\/de\\\/\",\"name\":\"Piuma Care\",\"description\":\"La scienza del sorriso\",\"potentialAction\":[{\"@type\":\"SearchAction\",\"target\":{\"@type\":\"EntryPoint\",\"urlTemplate\":\"https:\\\/\\\/www.piumacare.com\\\/de\\\/?s={search_term_string}\"},\"query-input\":{\"@type\":\"PropertyValueSpecification\",\"valueRequired\":true,\"valueName\":\"search_term_string\"}}],\"inLanguage\":\"de\"}]}<\/script>\n<!-- \/ Yoast SEO plugin. -->","yoast_head_json":{"title":"Schwarze Zahnb\u00fcrste von Piuma Care: Erstklassiges Design und Ergonomie","description":"Schwarze Zahnb\u00fcrste, die erste in Design und Wirksamkeit. Ideal f\u00fcr alle, die bereits einen Basiskalender haben, der Sie daran erinnert, wann er ersetzt werden muss","robots":{"index":"index","follow":"follow","max-snippet":"max-snippet:-1","max-image-preview":"max-image-preview:large","max-video-preview":"max-video-preview:-1"},"canonical":"https:\/\/www.piumacare.com\/de\/product\/zahnburste-ohne-basis-gift\/","og_locale":"de_DE","og_type":"article","og_title":"Schwarze Zahnb\u00fcrste von Piuma Care: Erstklassiges Design und Ergonomie","og_description":"Schwarze Zahnb\u00fcrste, die erste in Design und Wirksamkeit. Ideal f\u00fcr alle, die bereits einen Basiskalender haben, der Sie daran erinnert, wann er ersetzt werden muss","og_url":"https:\/\/www.piumacare.com\/de\/product\/zahnburste-ohne-basis-gift\/","og_site_name":"Piuma Care","article_modified_time":"2024-09-13T11:47:45+00:00","og_image":[{"width":1000,"height":1000,"url":"https:\/\/www.piumacare.com\/wp-content\/uploads\/2021\/07\/Refill_perfect-black.png","type":"image\/png"}],"twitter_card":"summary_large_image","twitter_misc":{"Gesch\u00e4tzte Lesezeit":"5\u00a0Minuten"},"schema":{"@context":"https:\/\/schema.org","@graph":[{"@type":"WebPage","@id":"https:\/\/www.piumacare.com\/de\/product\/zahnburste-ohne-basis-gift\/","url":"https:\/\/www.piumacare.com\/de\/product\/zahnburste-ohne-basis-gift\/","name":"Schwarze Zahnb\u00fcrste von Piuma Care: Erstklassiges Design und Ergonomie","isPartOf":{"@id":"https:\/\/www.piumacare.com\/de\/#website"},"primaryImageOfPage":{"@id":"https:\/\/www.piumacare.com\/de\/product\/zahnburste-ohne-basis-gift\/#primaryimage"},"image":{"@id":"https:\/\/www.piumacare.com\/de\/product\/zahnburste-ohne-basis-gift\/#primaryimage"},"thumbnailUrl":"https:\/\/www.piumacare.com\/wp-content\/uploads\/2021\/07\/Refill_perfect-black.png","datePublished":"2022-12-07T12:53:47+00:00","dateModified":"2024-09-13T11:47:45+00:00","description":"Schwarze Zahnb\u00fcrste, die erste in Design und Wirksamkeit. Ideal f\u00fcr alle, die bereits einen Basiskalender haben, der Sie daran erinnert, wann er ersetzt werden muss","breadcrumb":{"@id":"https:\/\/www.piumacare.com\/de\/product\/zahnburste-ohne-basis-gift\/#breadcrumb"},"inLanguage":"de","potentialAction":[{"@type":"ReadAction","target":["https:\/\/www.piumacare.com\/de\/product\/zahnburste-ohne-basis-gift\/"]}]},{"@type":"ImageObject","inLanguage":"de","@id":"https:\/\/www.piumacare.com\/de\/product\/zahnburste-ohne-basis-gift\/#primaryimage","url":"https:\/\/www.piumacare.com\/wp-content\/uploads\/2021\/07\/Refill_perfect-black.png","contentUrl":"https:\/\/www.piumacare.com\/wp-content\/uploads\/2021\/07\/Refill_perfect-black.png","width":1000,"height":1000,"caption":"PiumaBrush Refill perfect black by Piuma Care"},{"@type":"BreadcrumbList","@id":"https:\/\/www.piumacare.com\/de\/product\/zahnburste-ohne-basis-gift\/#breadcrumb","itemListElement":[{"@type":"ListItem","position":1,"name":"Home","item":"https:\/\/www.piumacare.com\/de\/home-de\/"},{"@type":"ListItem","position":2,"name":"Shop","item":"https:\/\/www.piumacare.com\/de\/shop-2\/"},{"@type":"ListItem","position":3,"name":"Geschenk"}]},{"@type":"WebSite","@id":"https:\/\/www.piumacare.com\/de\/#website","url":"https:\/\/www.piumacare.com\/de\/","name":"Piuma Care","description":"La scienza del sorriso","potentialAction":[{"@type":"SearchAction","target":{"@type":"EntryPoint","urlTemplate":"https:\/\/www.piumacare.com\/de\/?s={search_term_string}"},"query-input":{"@type":"PropertyValueSpecification","valueRequired":true,"valueName":"search_term_string"}}],"inLanguage":"de"}]}},"_links":{"self":[{"href":"https:\/\/www.piumacare.com\/de\/wp-json\/wp\/v2\/product\/13075","targetHints":{"allow":["GET"]}}],"collection":[{"href":"https:\/\/www.piumacare.com\/de\/wp-json\/wp\/v2\/product"}],"about":[{"href":"https:\/\/www.piumacare.com\/de\/wp-json\/wp\/v2\/types\/product"}],"wp:featuredmedia":[{"embeddable":true,"href":"https:\/\/www.piumacare.com\/de\/wp-json\/wp\/v2\/media\/1595"}],"wp:attachment":[{"href":"https:\/\/www.piumacare.com\/de\/wp-json\/wp\/v2\/media?parent=13075"}],"wp:term":[{"taxonomy":"product_brand","embeddable":true,"href":"https:\/\/www.piumacare.com\/de\/wp-json\/wp\/v2\/product_brand?post=13075"},{"taxonomy":"product_cat","embeddable":true,"href":"https:\/\/www.piumacare.com\/de\/wp-json\/wp\/v2\/product_cat?post=13075"},{"taxonomy":"product_tag","embeddable":true,"href":"https:\/\/www.piumacare.com\/de\/wp-json\/wp\/v2\/product_tag?post=13075"}],"curies":[{"name":"wp","href":"https:\/\/api.w.org\/{rel}","templated":true}]}}