{"id":14433,"date":"2023-04-27T08:59:00","date_gmt":"2023-04-27T06:59:00","guid":{"rendered":"https:\/\/www.piumacare.com\/?post_type=product&#038;p=14433"},"modified":"2024-09-13T13:44:04","modified_gmt":"2024-09-13T11:44:04","slug":"stella-limited-edition-singlepack","status":"publish","type":"product","link":"https:\/\/www.piumacare.com\/de\/product\/stella-limited-edition-singlepack\/","title":{"rendered":"STELLA &#8211; Single pack"},"content":{"rendered":"<div class=\"fusion-fullwidth fullwidth-box fusion-builder-row-1 fusion-flex-container hundred-percent-fullwidth non-hundred-percent-height-scrolling\" style=\"--awb-border-radius-top-left:0px;--awb-border-radius-top-right:0px;--awb-border-radius-bottom-right:0px;--awb-border-radius-bottom-left:0px;--awb-flex-wrap:wrap;\" ><div class=\"fusion-builder-row fusion-row fusion-flex-align-items-flex-start fusion-flex-justify-content-center fusion-flex-content-wrap\" style=\"width:104% !important;max-width:104% !important;margin-left: calc(-4% \/ 2 );margin-right: calc(-4% \/ 2 );\"><div class=\"fusion-layout-column fusion_builder_column fusion-builder-column-0 fusion_builder_column_1_1 1_1 fusion-flex-column\" style=\"--awb-bg-size:cover;--awb-width-large:100%;--awb-margin-top-large:0px;--awb-spacing-right-large:1.92%;--awb-margin-bottom-large:20px;--awb-spacing-left-large:1.92%;--awb-width-medium:100%;--awb-order-medium:0;--awb-spacing-right-medium:1.92%;--awb-spacing-left-medium:1.92%;--awb-width-small:100%;--awb-order-small:0;--awb-spacing-right-small:1.92%;--awb-spacing-left-small:1.92%;\"><div class=\"fusion-column-wrapper fusion-column-has-shadow fusion-flex-justify-content-flex-start fusion-content-layout-column\"><div class=\"accordian fusion-accordian\" style=\"--awb-border-size:1px;--awb-icon-size:13px;--awb-content-font-size:16px;--awb-icon-alignment:left;--awb-hover-color:#f9f9fb;--awb-border-color:#e2e2e2;--awb-background-color:#ffffff;--awb-divider-color:#e2e2e2;--awb-divider-hover-color:#e2e2e2;--awb-icon-color:#000000;--awb-title-color:#212934;--awb-content-color:#000000;--awb-icon-box-color:rgba(255,255,255,0);--awb-toggle-hover-accent-color:#898989;--awb-title-font-family:&quot;Manrope&quot;;--awb-title-font-weight:regular;--awb-title-font-style:normal;--awb-content-font-family:&quot;Manrope&quot;;--awb-content-font-style:normal;--awb-content-font-weight:regular;\"><div class=\"panel-group fusion-toggle-icon-boxed\" id=\"accordion-14433-1\"><div class=\"fusion-panel panel-default panel-1cc3b9670cbdfad74 fusion-toggle-has-divider\"><div class=\"panel-heading\"><h4 class=\"panel-title toggle\" id=\"toggle_1cc3b9670cbdfad74\"><a aria-expanded=\"false\" aria-controls=\"1cc3b9670cbdfad74\" role=\"button\" data-toggle=\"collapse\" data-parent=\"#accordion-14433-1\" data-target=\"#1cc3b9670cbdfad74\" href=\"#1cc3b9670cbdfad74\"><span class=\"fusion-toggle-icon-wrapper\" aria-hidden=\"true\"><i class=\"fa-fusion-box active-icon awb-icon-minus\" aria-hidden=\"true\"><\/i><i class=\"fa-fusion-box inactive-icon awb-icon-plus\" aria-hidden=\"true\"><\/i><\/span><span class=\"fusion-toggle-heading\">Sind die auf der Website aufgef\u00fchrten Preise einschlie\u00dflich Mehrwertsteuer?<\/span><\/a><\/h4><\/div><div id=\"1cc3b9670cbdfad74\" class=\"panel-collapse collapse \" aria-labelledby=\"toggle_1cc3b9670cbdfad74\"><div class=\"panel-body toggle-content fusion-clearfix\">\n<p>Ja, alle Preise enthalten Mehrwertsteuer.<\/p>\n<\/div><\/div><\/div><div class=\"fusion-panel panel-default panel-63445d104d6536964 fusion-toggle-has-divider\"><div class=\"panel-heading\"><h4 class=\"panel-title toggle\" id=\"toggle_63445d104d6536964\"><a aria-expanded=\"false\" aria-controls=\"63445d104d6536964\" role=\"button\" data-toggle=\"collapse\" data-parent=\"#accordion-14433-1\" data-target=\"#63445d104d6536964\" href=\"#63445d104d6536964\"><span class=\"fusion-toggle-icon-wrapper\" aria-hidden=\"true\"><i class=\"fa-fusion-box active-icon awb-icon-minus\" aria-hidden=\"true\"><\/i><i class=\"fa-fusion-box inactive-icon awb-icon-plus\" aria-hidden=\"true\"><\/i><\/span><span class=\"fusion-toggle-heading\">Wie wird das R\u00fcckerstattungs- und R\u00fcckgaberecht gehandhabt?<\/span><\/a><\/h4><\/div><div id=\"63445d104d6536964\" class=\"panel-collapse collapse \" aria-labelledby=\"toggle_63445d104d6536964\"><div class=\"panel-body toggle-content fusion-clearfix\">\n<p>Sie haben die M\u00f6glichkeit, jeden bestellten Artikel innerhalb von 30 Tagen nach Erhalt an uns<br \/>\nzur\u00fcckzusenden.<br \/>\nDer\/die zur\u00fcckzusendende(n) Artikel m\u00fcssen originalverpackt, zusammen mit dem Zubeh\u00f6r und<br \/>\nbeiliegenden Dokumenten sowie dem R\u00fccksendeformular eingeschickt werden. Achten Sie darauf, dass alle<br \/>\nzur\u00fcckgesandten Produkte unversehrt bleiben.<br \/>\nNicht zur\u00fcckgesandte, unvollst\u00e4ndig zur\u00fcckgesandte, besch\u00e4digte, abgenutzte, verschmutzte oder Artikel in<br \/>\neinem sonstigen Zustand, der auf eine Benutzung schlie\u00dfen l\u00e4sst werden ebenso aus Hygiene- oder<br \/>\nGesundheitsschutzgr\u00fcnden nicht erstattet oder ersetzt wie versiegelte Artikel, die nach der Lieferung<br \/>\nge\u00f6ffnet wurden.<\/p>\n<\/div><\/div><\/div><div class=\"fusion-panel panel-default panel-601d2bc4753a77425 fusion-toggle-has-divider\"><div class=\"panel-heading\"><h4 class=\"panel-title toggle\" id=\"toggle_601d2bc4753a77425\"><a aria-expanded=\"false\" aria-controls=\"601d2bc4753a77425\" role=\"button\" data-toggle=\"collapse\" data-parent=\"#accordion-14433-1\" data-target=\"#601d2bc4753a77425\" href=\"#601d2bc4753a77425\"><span class=\"fusion-toggle-icon-wrapper\" aria-hidden=\"true\"><i class=\"fa-fusion-box active-icon awb-icon-minus\" aria-hidden=\"true\"><\/i><i class=\"fa-fusion-box inactive-icon awb-icon-plus\" aria-hidden=\"true\"><\/i><\/span><span class=\"fusion-toggle-heading\">Wo werden die P\u200aI\u200aU\u200aM\u200aA-Produkte hergestellt?<\/span><\/a><\/h4><\/div><div id=\"601d2bc4753a77425\" class=\"panel-collapse collapse \" aria-labelledby=\"toggle_601d2bc4753a77425\"><div class=\"panel-body toggle-content fusion-clearfix\">\n<p>P\u200aI\u200aU\u200aM\u200aA-Produkte werden in Italien entwickelt und hergestellt.<\/p>\n<\/div><\/div><\/div><div class=\"fusion-panel panel-default panel-28a9b8dc29cc3fd11 fusion-toggle-has-divider\"><div class=\"panel-heading\"><h4 class=\"panel-title toggle\" id=\"toggle_28a9b8dc29cc3fd11\"><a aria-expanded=\"false\" aria-controls=\"28a9b8dc29cc3fd11\" role=\"button\" data-toggle=\"collapse\" data-parent=\"#accordion-14433-1\" data-target=\"#28a9b8dc29cc3fd11\" href=\"#28a9b8dc29cc3fd11\"><span class=\"fusion-toggle-icon-wrapper\" aria-hidden=\"true\"><i class=\"fa-fusion-box active-icon awb-icon-minus\" aria-hidden=\"true\"><\/i><i class=\"fa-fusion-box inactive-icon awb-icon-plus\" aria-hidden=\"true\"><\/i><\/span><span class=\"fusion-toggle-heading\">Welche Art von Zahnb\u00fcrste soll ich verwenden?<\/span><\/a><\/h4><\/div><div id=\"28a9b8dc29cc3fd11\" class=\"panel-collapse collapse \" aria-labelledby=\"toggle_28a9b8dc29cc3fd11\"><div class=\"panel-body toggle-content fusion-clearfix\">\n<p>Zahnb\u00fcrsten mit mittelharten Borsten eignen sich f\u00fcr Personen, die keine empfindlichen Z\u00e4hne oder empfindliches Zahnfleisch haben; ansonsten empfehlen wir Zahnb\u00fcrsten mit weichen Borsten.<\/p>\n<\/div><\/div><\/div><div class=\"fusion-panel panel-default panel-45f7c4018fd7f5234 fusion-toggle-has-divider\"><div class=\"panel-heading\"><h4 class=\"panel-title toggle\" id=\"toggle_45f7c4018fd7f5234\"><a aria-expanded=\"false\" aria-controls=\"45f7c4018fd7f5234\" role=\"button\" data-toggle=\"collapse\" data-parent=\"#accordion-14433-1\" data-target=\"#45f7c4018fd7f5234\" href=\"#45f7c4018fd7f5234\"><span class=\"fusion-toggle-icon-wrapper\" aria-hidden=\"true\"><i class=\"fa-fusion-box active-icon awb-icon-minus\" aria-hidden=\"true\"><\/i><i class=\"fa-fusion-box inactive-icon awb-icon-plus\" aria-hidden=\"true\"><\/i><\/span><span class=\"fusion-toggle-heading\">Wie oft soll ich meine Zahnb\u00fcrste austauschen?<\/span><\/a><\/h4><\/div><div id=\"45f7c4018fd7f5234\" class=\"panel-collapse collapse \" aria-labelledby=\"toggle_45f7c4018fd7f5234\"><div class=\"panel-body toggle-content fusion-clearfix\">\n<p>Wir empfehlen, Zahnb\u00fcrsten alle 3 Monate auszutauschen. Auf der R\u00fcckseite der Basis befindet sich ein \u201eKalender\u201c, der den Benutzer erinnert, wann die Zahnb\u00fcrste ausgetauscht werden soll.<\/p>\n<\/div><\/div><\/div><\/div><\/div><\/div><\/div><\/div><\/div>\n","protected":false},"excerpt":{"rendered":"<div class=\"info-description\">\n<p><strong>Zahnb\u00fcrste mit Swarovski-Kristall<\/strong><\/p>\n<p>Inspiriert vom Zauber des Sternenhimmels erstrahlt unsere Zahnb\u00fcrste in einem neuen Mitternachtsblau.<br class=\"\" \/>Ein au\u00dfergew\u00f6hnliches Designobjekt mit einzigartigem Charme, das erstmals die innovativen Whitening-Borsten aus Aktivkohle enth\u00e4lt.<br class=\"\" \/>Ein raffiniertes Objekt mit hohem Wiedererkennungswert, das mit der hervorragenden Wirkung der neuen Whitening-Borsten zum Lieblingsst\u00fcck f\u00fcr Ihr Wohlbefinden wird.<\/p>\n<p><strong>Merkmale:<\/strong><\/p>\n<ul>\n<li>Handapplizierter Swarovski Kristall<\/li>\n<li>Innovative Borsten mit aufhellender Aktivkohle<\/li>\n<li>Limitierte Auflage<\/li>\n<li>Zungenreiniger f\u00fcr eine garantiert hervorragende Reinigung der Zunge mit einem multisensorischen Erlebnis<\/li>\n<\/ul>\n<p><img decoding=\"async\" class=\"alignnone wp-image-8117\" src=\"https:\/\/www.piumacare.com\/wp-content\/uploads\/2021\/07\/Tavola-disegno-1-4.svg\" alt=\"\" width=\"241\" height=\"104\" \/><\/p>\n<p><strong>P<\/strong><strong>luspunkt<\/strong>: LDie Zahnb\u00fcrste wird unter Schutzatmosph\u00e4re verpackt, um ein H\u00f6chstma\u00df an Hygiene zu gew\u00e4hrleisten<\/p>\n<p><strong>Hinweis:<\/strong> B\u00fcrstenh\u00fclle immer enthalten<\/p>\n<p><strong>Borsten:<\/strong> Soft, aufhellende Wirkung mit Aktivkohle<\/p>\n<\/div>\n<p><span style=\"line-height: 52px; padding-right: 80px;\">Farbe<\/span><img decoding=\"async\" class=\"alignnone wp-image-12093\" src=\"https:\/\/www.piumacare.com\/wp-content\/uploads\/2022\/11\/icone_colore_DiamondBlue-12.svg\" alt=\"\" width=\"55\" \/><\/p>\n","protected":false},"featured_media":17388,"template":"","meta":[],"product_brand":[],"product_cat":[302],"product_tag":[],"class_list":{"0":"post-14433","1":"product","2":"type-product","3":"status-publish","4":"has-post-thumbnail","6":"product_cat-living-de","8":"first","9":"instock","10":"shipping-taxable","11":"purchasable","12":"product-type-simple"},"yoast_head":"<!-- This site is optimized with the Yoast SEO plugin v27.4 - https:\/\/yoast.com\/product\/yoast-seo-wordpress\/ -->\n<title>KIT PiumaBrush mit Basis: Zahnb\u00fcrste mit Borsten angereichert mit Vitamin C<\/title>\n<meta name=\"description\" content=\"White Kit, Zahnb\u00fcrste mit Borsten angereichert mit Vitamin C + Basis-Kalender, der Sie daran erinnert, wenn es zu ersetzen. Ein echtes Designobjekt\" \/>\n<meta name=\"robots\" content=\"index, follow, max-snippet:-1, max-image-preview:large, max-video-preview:-1\" \/>\n<link rel=\"canonical\" href=\"https:\/\/www.piumacare.com\/de\/product\/stella-limited-edition-singlepack\/\" \/>\n<meta property=\"og:locale\" content=\"de_DE\" \/>\n<meta property=\"og:type\" content=\"article\" \/>\n<meta property=\"og:title\" content=\"KIT PiumaBrush mit Basis: Zahnb\u00fcrste mit Borsten angereichert mit Vitamin C\" \/>\n<meta property=\"og:description\" content=\"White Kit, Zahnb\u00fcrste mit Borsten angereichert mit Vitamin C + Basis-Kalender, der Sie daran erinnert, wenn es zu ersetzen. Ein echtes Designobjekt\" \/>\n<meta property=\"og:url\" content=\"https:\/\/www.piumacare.com\/de\/product\/stella-limited-edition-singlepack\/\" \/>\n<meta property=\"og:site_name\" content=\"Piuma Care\" \/>\n<meta property=\"article:modified_time\" content=\"2024-09-13T11:44:04+00:00\" \/>\n<meta property=\"og:image\" content=\"https:\/\/www.piumacare.com\/wp-content\/uploads\/2023\/04\/SWAROVSKI_PIUMA_single-01.jpg\" \/>\n\t<meta property=\"og:image:width\" content=\"2000\" \/>\n\t<meta property=\"og:image:height\" content=\"2000\" \/>\n\t<meta property=\"og:image:type\" content=\"image\/jpeg\" \/>\n<meta name=\"twitter:card\" content=\"summary_large_image\" \/>\n<meta name=\"twitter:label1\" content=\"Gesch\u00e4tzte Lesezeit\" \/>\n\t<meta name=\"twitter:data1\" content=\"4\u00a0Minuten\" \/>\n<script type=\"application\/ld+json\" class=\"yoast-schema-graph\">{\"@context\":\"https:\\\/\\\/schema.org\",\"@graph\":[{\"@type\":\"WebPage\",\"@id\":\"https:\\\/\\\/www.piumacare.com\\\/de\\\/product\\\/stella-limited-edition-singlepack\\\/\",\"url\":\"https:\\\/\\\/www.piumacare.com\\\/de\\\/product\\\/stella-limited-edition-singlepack\\\/\",\"name\":\"KIT PiumaBrush mit Basis: Zahnb\u00fcrste mit Borsten angereichert mit Vitamin C\",\"isPartOf\":{\"@id\":\"https:\\\/\\\/www.piumacare.com\\\/de\\\/#website\"},\"primaryImageOfPage\":{\"@id\":\"https:\\\/\\\/www.piumacare.com\\\/de\\\/product\\\/stella-limited-edition-singlepack\\\/#primaryimage\"},\"image\":{\"@id\":\"https:\\\/\\\/www.piumacare.com\\\/de\\\/product\\\/stella-limited-edition-singlepack\\\/#primaryimage\"},\"thumbnailUrl\":\"https:\\\/\\\/www.piumacare.com\\\/wp-content\\\/uploads\\\/2023\\\/04\\\/SWAROVSKI_PIUMA_single-01.jpg\",\"datePublished\":\"2023-04-27T06:59:00+00:00\",\"dateModified\":\"2024-09-13T11:44:04+00:00\",\"description\":\"White Kit, Zahnb\u00fcrste mit Borsten angereichert mit Vitamin C + Basis-Kalender, der Sie daran erinnert, wenn es zu ersetzen. Ein echtes Designobjekt\",\"breadcrumb\":{\"@id\":\"https:\\\/\\\/www.piumacare.com\\\/de\\\/product\\\/stella-limited-edition-singlepack\\\/#breadcrumb\"},\"inLanguage\":\"de\",\"potentialAction\":[{\"@type\":\"ReadAction\",\"target\":[\"https:\\\/\\\/www.piumacare.com\\\/de\\\/product\\\/stella-limited-edition-singlepack\\\/\"]}]},{\"@type\":\"ImageObject\",\"inLanguage\":\"de\",\"@id\":\"https:\\\/\\\/www.piumacare.com\\\/de\\\/product\\\/stella-limited-edition-singlepack\\\/#primaryimage\",\"url\":\"https:\\\/\\\/www.piumacare.com\\\/wp-content\\\/uploads\\\/2023\\\/04\\\/SWAROVSKI_PIUMA_single-01.jpg\",\"contentUrl\":\"https:\\\/\\\/www.piumacare.com\\\/wp-content\\\/uploads\\\/2023\\\/04\\\/SWAROVSKI_PIUMA_single-01.jpg\",\"width\":2000,\"height\":2000},{\"@type\":\"BreadcrumbList\",\"@id\":\"https:\\\/\\\/www.piumacare.com\\\/de\\\/product\\\/stella-limited-edition-singlepack\\\/#breadcrumb\",\"itemListElement\":[{\"@type\":\"ListItem\",\"position\":1,\"name\":\"Home\",\"item\":\"https:\\\/\\\/www.piumacare.com\\\/de\\\/home-de\\\/\"},{\"@type\":\"ListItem\",\"position\":2,\"name\":\"Shop\",\"item\":\"https:\\\/\\\/www.piumacare.com\\\/de\\\/shop-2\\\/\"},{\"@type\":\"ListItem\",\"position\":3,\"name\":\"STELLA &#8211; Single pack\"}]},{\"@type\":\"WebSite\",\"@id\":\"https:\\\/\\\/www.piumacare.com\\\/de\\\/#website\",\"url\":\"https:\\\/\\\/www.piumacare.com\\\/de\\\/\",\"name\":\"Piuma Care\",\"description\":\"La scienza del sorriso\",\"potentialAction\":[{\"@type\":\"SearchAction\",\"target\":{\"@type\":\"EntryPoint\",\"urlTemplate\":\"https:\\\/\\\/www.piumacare.com\\\/de\\\/?s={search_term_string}\"},\"query-input\":{\"@type\":\"PropertyValueSpecification\",\"valueRequired\":true,\"valueName\":\"search_term_string\"}}],\"inLanguage\":\"de\"}]}<\/script>\n<!-- \/ Yoast SEO plugin. -->","yoast_head_json":{"title":"KIT PiumaBrush mit Basis: Zahnb\u00fcrste mit Borsten angereichert mit Vitamin C","description":"White Kit, Zahnb\u00fcrste mit Borsten angereichert mit Vitamin C + Basis-Kalender, der Sie daran erinnert, wenn es zu ersetzen. Ein echtes Designobjekt","robots":{"index":"index","follow":"follow","max-snippet":"max-snippet:-1","max-image-preview":"max-image-preview:large","max-video-preview":"max-video-preview:-1"},"canonical":"https:\/\/www.piumacare.com\/de\/product\/stella-limited-edition-singlepack\/","og_locale":"de_DE","og_type":"article","og_title":"KIT PiumaBrush mit Basis: Zahnb\u00fcrste mit Borsten angereichert mit Vitamin C","og_description":"White Kit, Zahnb\u00fcrste mit Borsten angereichert mit Vitamin C + Basis-Kalender, der Sie daran erinnert, wenn es zu ersetzen. Ein echtes Designobjekt","og_url":"https:\/\/www.piumacare.com\/de\/product\/stella-limited-edition-singlepack\/","og_site_name":"Piuma Care","article_modified_time":"2024-09-13T11:44:04+00:00","og_image":[{"width":2000,"height":2000,"url":"https:\/\/www.piumacare.com\/wp-content\/uploads\/2023\/04\/SWAROVSKI_PIUMA_single-01.jpg","type":"image\/jpeg"}],"twitter_card":"summary_large_image","twitter_misc":{"Gesch\u00e4tzte Lesezeit":"4\u00a0Minuten"},"schema":{"@context":"https:\/\/schema.org","@graph":[{"@type":"WebPage","@id":"https:\/\/www.piumacare.com\/de\/product\/stella-limited-edition-singlepack\/","url":"https:\/\/www.piumacare.com\/de\/product\/stella-limited-edition-singlepack\/","name":"KIT PiumaBrush mit Basis: Zahnb\u00fcrste mit Borsten angereichert mit Vitamin C","isPartOf":{"@id":"https:\/\/www.piumacare.com\/de\/#website"},"primaryImageOfPage":{"@id":"https:\/\/www.piumacare.com\/de\/product\/stella-limited-edition-singlepack\/#primaryimage"},"image":{"@id":"https:\/\/www.piumacare.com\/de\/product\/stella-limited-edition-singlepack\/#primaryimage"},"thumbnailUrl":"https:\/\/www.piumacare.com\/wp-content\/uploads\/2023\/04\/SWAROVSKI_PIUMA_single-01.jpg","datePublished":"2023-04-27T06:59:00+00:00","dateModified":"2024-09-13T11:44:04+00:00","description":"White Kit, Zahnb\u00fcrste mit Borsten angereichert mit Vitamin C + Basis-Kalender, der Sie daran erinnert, wenn es zu ersetzen. Ein echtes Designobjekt","breadcrumb":{"@id":"https:\/\/www.piumacare.com\/de\/product\/stella-limited-edition-singlepack\/#breadcrumb"},"inLanguage":"de","potentialAction":[{"@type":"ReadAction","target":["https:\/\/www.piumacare.com\/de\/product\/stella-limited-edition-singlepack\/"]}]},{"@type":"ImageObject","inLanguage":"de","@id":"https:\/\/www.piumacare.com\/de\/product\/stella-limited-edition-singlepack\/#primaryimage","url":"https:\/\/www.piumacare.com\/wp-content\/uploads\/2023\/04\/SWAROVSKI_PIUMA_single-01.jpg","contentUrl":"https:\/\/www.piumacare.com\/wp-content\/uploads\/2023\/04\/SWAROVSKI_PIUMA_single-01.jpg","width":2000,"height":2000},{"@type":"BreadcrumbList","@id":"https:\/\/www.piumacare.com\/de\/product\/stella-limited-edition-singlepack\/#breadcrumb","itemListElement":[{"@type":"ListItem","position":1,"name":"Home","item":"https:\/\/www.piumacare.com\/de\/home-de\/"},{"@type":"ListItem","position":2,"name":"Shop","item":"https:\/\/www.piumacare.com\/de\/shop-2\/"},{"@type":"ListItem","position":3,"name":"STELLA &#8211; Single pack"}]},{"@type":"WebSite","@id":"https:\/\/www.piumacare.com\/de\/#website","url":"https:\/\/www.piumacare.com\/de\/","name":"Piuma Care","description":"La scienza del sorriso","potentialAction":[{"@type":"SearchAction","target":{"@type":"EntryPoint","urlTemplate":"https:\/\/www.piumacare.com\/de\/?s={search_term_string}"},"query-input":{"@type":"PropertyValueSpecification","valueRequired":true,"valueName":"search_term_string"}}],"inLanguage":"de"}]}},"_links":{"self":[{"href":"https:\/\/www.piumacare.com\/de\/wp-json\/wp\/v2\/product\/14433","targetHints":{"allow":["GET"]}}],"collection":[{"href":"https:\/\/www.piumacare.com\/de\/wp-json\/wp\/v2\/product"}],"about":[{"href":"https:\/\/www.piumacare.com\/de\/wp-json\/wp\/v2\/types\/product"}],"wp:featuredmedia":[{"embeddable":true,"href":"https:\/\/www.piumacare.com\/de\/wp-json\/wp\/v2\/media\/17388"}],"wp:attachment":[{"href":"https:\/\/www.piumacare.com\/de\/wp-json\/wp\/v2\/media?parent=14433"}],"wp:term":[{"taxonomy":"product_brand","embeddable":true,"href":"https:\/\/www.piumacare.com\/de\/wp-json\/wp\/v2\/product_brand?post=14433"},{"taxonomy":"product_cat","embeddable":true,"href":"https:\/\/www.piumacare.com\/de\/wp-json\/wp\/v2\/product_cat?post=14433"},{"taxonomy":"product_tag","embeddable":true,"href":"https:\/\/www.piumacare.com\/de\/wp-json\/wp\/v2\/product_tag?post=14433"}],"curies":[{"name":"wp","href":"https:\/\/api.w.org\/{rel}","templated":true}]}}