{"id":16066,"date":"2023-10-10T17:43:44","date_gmt":"2023-10-10T15:43:44","guid":{"rendered":"https:\/\/www.piumacare.com\/?post_type=product&#038;p=16066"},"modified":"2024-09-13T13:40:24","modified_gmt":"2024-09-13T11:40:24","slug":"zahnburste-ohne-basis-pumpkin-brush","status":"publish","type":"product","link":"https:\/\/www.piumacare.com\/de\/product\/zahnburste-ohne-basis-pumpkin-brush\/","title":{"rendered":"Zahnb\u00fcrste ohne Basis"},"content":{"rendered":"<div class=\"fusion-fullwidth fullwidth-box fusion-builder-row-1 fusion-flex-container hundred-percent-fullwidth non-hundred-percent-height-scrolling\" style=\"--awb-border-radius-top-left:0px;--awb-border-radius-top-right:0px;--awb-border-radius-bottom-right:0px;--awb-border-radius-bottom-left:0px;--awb-flex-wrap:wrap;\" ><div class=\"fusion-builder-row fusion-row fusion-flex-align-items-flex-start fusion-flex-justify-content-center fusion-flex-content-wrap\" style=\"width:104% !important;max-width:104% !important;margin-left: calc(-4% \/ 2 );margin-right: calc(-4% \/ 2 );\"><div class=\"fusion-layout-column fusion_builder_column fusion-builder-column-0 fusion_builder_column_1_1 1_1 fusion-flex-column\" style=\"--awb-bg-size:cover;--awb-width-large:100%;--awb-margin-top-large:0px;--awb-spacing-right-large:1.92%;--awb-margin-bottom-large:20px;--awb-spacing-left-large:1.92%;--awb-width-medium:100%;--awb-order-medium:0;--awb-spacing-right-medium:1.92%;--awb-spacing-left-medium:1.92%;--awb-width-small:100%;--awb-order-small:0;--awb-spacing-right-small:1.92%;--awb-spacing-left-small:1.92%;\"><div class=\"fusion-column-wrapper fusion-column-has-shadow fusion-flex-justify-content-flex-start fusion-content-layout-column\"><div class=\"accordian fusion-accordian\" style=\"--awb-border-size:1px;--awb-icon-size:13px;--awb-content-font-size:16px;--awb-icon-alignment:left;--awb-hover-color:#f9f9fb;--awb-border-color:#e2e2e2;--awb-background-color:#ffffff;--awb-divider-color:#e2e2e2;--awb-divider-hover-color:#e2e2e2;--awb-icon-color:#000000;--awb-title-color:#212934;--awb-content-color:#000000;--awb-icon-box-color:rgba(255,255,255,0);--awb-toggle-hover-accent-color:#898989;--awb-title-font-family:&quot;Manrope&quot;;--awb-title-font-weight:regular;--awb-title-font-style:normal;--awb-content-font-family:&quot;Manrope&quot;;--awb-content-font-style:normal;--awb-content-font-weight:regular;\"><div class=\"panel-group fusion-toggle-icon-boxed\" id=\"accordion-16066-1\"><div class=\"fusion-panel panel-default panel-3d7bbcfe468c7dffd fusion-toggle-has-divider\" style=\"--awb-title-color:#212934;--awb-content-color:#000000;\"><div class=\"panel-heading\"><h4 class=\"panel-title toggle\" id=\"toggle_3d7bbcfe468c7dffd\"><a aria-expanded=\"false\" aria-controls=\"3d7bbcfe468c7dffd\" role=\"button\" data-toggle=\"collapse\" data-parent=\"#accordion-16066-1\" data-target=\"#3d7bbcfe468c7dffd\" href=\"#3d7bbcfe468c7dffd\"><span class=\"fusion-toggle-icon-wrapper\" aria-hidden=\"true\"><i class=\"fa-fusion-box active-icon awb-icon-minus\" aria-hidden=\"true\"><\/i><i class=\"fa-fusion-box inactive-icon awb-icon-plus\" aria-hidden=\"true\"><\/i><\/span><span class=\"fusion-toggle-heading\">I prezzi presenti sul sito internet sono comprensivi di IVA?<\/span><\/a><\/h4><\/div><div id=\"3d7bbcfe468c7dffd\" class=\"panel-collapse collapse \" aria-labelledby=\"toggle_3d7bbcfe468c7dffd\"><div class=\"panel-body toggle-content fusion-clearfix\">\n<p>S\u00ec, tutti i prezzi includono l\u2019IVA.<\/p>\n<\/div><\/div><\/div><div class=\"fusion-panel panel-default panel-cd3c156d7590f6c9c fusion-toggle-has-divider\"><div class=\"panel-heading\"><h4 class=\"panel-title toggle\" id=\"toggle_cd3c156d7590f6c9c\"><a aria-expanded=\"false\" aria-controls=\"cd3c156d7590f6c9c\" role=\"button\" data-toggle=\"collapse\" data-parent=\"#accordion-16066-1\" data-target=\"#cd3c156d7590f6c9c\" href=\"#cd3c156d7590f6c9c\"><span class=\"fusion-toggle-icon-wrapper\" aria-hidden=\"true\"><i class=\"fa-fusion-box active-icon awb-icon-minus\" aria-hidden=\"true\"><\/i><i class=\"fa-fusion-box inactive-icon awb-icon-plus\" aria-hidden=\"true\"><\/i><\/span><span class=\"fusion-toggle-heading\">Qual \u00e8 la vostra politica di rimborso e reso?<\/span><\/a><\/h4><\/div><div id=\"cd3c156d7590f6c9c\" class=\"panel-collapse collapse \" aria-labelledby=\"toggle_cd3c156d7590f6c9c\"><div class=\"panel-body toggle-content fusion-clearfix\">\n<p>Hai la possibilit\u00e0 di restituirci qualsiasi articolo ordinato entro 30 giorni a partire dalla data di ricezione.<br \/>\nAl momento della restituzione, riporre l\u2019\/gli articolo\/i nell\u2019imballaggio originale, accompagnato\/i dagli accessori e dai documenti forniti, allegando anche il modulo di consegna. Si raccomanda di prendere ogni precauzione possibile al fine di garantire l\u2019integrit\u00e0 del prodotto reso.<br \/>\nGli articoli non restituiti, restituiti incompleti, rovinati, danneggiati, deteriorati, sporchi o in qualsiasi altra condizione che possa ragionevolmente suggerire che siano stati usati, non potranno essere rimborsati o sostituiti, nonch\u00e9 gli articoli sigillati che siano stati aperti dopo la consegna, per motivi igienici o di tutela della salute.<\/p>\n<\/div><\/div><\/div><div class=\"fusion-panel panel-default panel-400c935d4d49bad18 fusion-toggle-has-divider\"><div class=\"panel-heading\"><h4 class=\"panel-title toggle\" id=\"toggle_400c935d4d49bad18\"><a aria-expanded=\"false\" aria-controls=\"400c935d4d49bad18\" role=\"button\" data-toggle=\"collapse\" data-parent=\"#accordion-16066-1\" data-target=\"#400c935d4d49bad18\" href=\"#400c935d4d49bad18\"><span class=\"fusion-toggle-icon-wrapper\" aria-hidden=\"true\"><i class=\"fa-fusion-box active-icon awb-icon-minus\" aria-hidden=\"true\"><\/i><i class=\"fa-fusion-box inactive-icon awb-icon-plus\" aria-hidden=\"true\"><\/i><\/span><span class=\"fusion-toggle-heading\">Da dove provengono i prodotti P\u200aI\u200aU\u200aM\u200aA?<\/span><\/a><\/h4><\/div><div id=\"400c935d4d49bad18\" class=\"panel-collapse collapse \" aria-labelledby=\"toggle_400c935d4d49bad18\"><div class=\"panel-body toggle-content fusion-clearfix\">\n<p>I prodotti P\u200aI\u200aU\u200aM\u200aA sono stati progettati e prodotti in Italia.<\/p>\n<\/div><\/div><\/div><div class=\"fusion-panel panel-default panel-8e4644c185be48682 fusion-toggle-has-divider\"><div class=\"panel-heading\"><h4 class=\"panel-title toggle\" id=\"toggle_8e4644c185be48682\"><a aria-expanded=\"false\" aria-controls=\"8e4644c185be48682\" role=\"button\" data-toggle=\"collapse\" data-parent=\"#accordion-16066-1\" data-target=\"#8e4644c185be48682\" href=\"#8e4644c185be48682\"><span class=\"fusion-toggle-icon-wrapper\" aria-hidden=\"true\"><i class=\"fa-fusion-box active-icon awb-icon-minus\" aria-hidden=\"true\"><\/i><i class=\"fa-fusion-box inactive-icon awb-icon-plus\" aria-hidden=\"true\"><\/i><\/span><span class=\"fusion-toggle-heading\">Quale tipo di spazzolino dovrei usare?<\/span><\/a><\/h4><\/div><div id=\"8e4644c185be48682\" class=\"panel-collapse collapse \" aria-labelledby=\"toggle_8e4644c185be48682\"><div class=\"panel-body toggle-content fusion-clearfix\">\n<p>Lo spazzolino con le setole medium \u00e8 adatto per chi non ha denti e gengive sensibili, in caso contrario consigliamo lo spazzolino con le setole soft.<\/p>\n<\/div><\/div><\/div><div class=\"fusion-panel panel-default panel-44483dde70104ce08 fusion-toggle-has-divider\"><div class=\"panel-heading\"><h4 class=\"panel-title toggle\" id=\"toggle_44483dde70104ce08\"><a aria-expanded=\"false\" aria-controls=\"44483dde70104ce08\" role=\"button\" data-toggle=\"collapse\" data-parent=\"#accordion-16066-1\" data-target=\"#44483dde70104ce08\" href=\"#44483dde70104ce08\"><span class=\"fusion-toggle-icon-wrapper\" aria-hidden=\"true\"><i class=\"fa-fusion-box active-icon awb-icon-minus\" aria-hidden=\"true\"><\/i><i class=\"fa-fusion-box inactive-icon awb-icon-plus\" aria-hidden=\"true\"><\/i><\/span><span class=\"fusion-toggle-heading\">Ogni quanto dovrei cambiare lo spazzolino?<\/span><\/a><\/h4><\/div><div id=\"44483dde70104ce08\" class=\"panel-collapse collapse \" aria-labelledby=\"toggle_44483dde70104ce08\"><div class=\"panel-body toggle-content fusion-clearfix\">\n<p>Si consiglia di cambiare spazzolino ogni 3 mesi. Abbiamo predisposto un \u201ccalendario\u201d sul retro della Base di appoggio, che ti suggerisce quando effettuare la sostituzione.<\/p>\n<\/div><\/div><\/div><\/div><\/div><\/div><\/div><\/div><\/div>\n","protected":false},"excerpt":{"rendered":"<div class=\"info-description\">\n<div class=\"info-description\">\n<div class=\"info-description\">\n<p>Die kultige Zahnb\u00fcrste mit ihrem preisgekr\u00f6nten Design erstrahlt passend zu Halloween in einem neuen &#8222;Sunset Orange&#8220;-Farbschema.<\/p>\n<p><strong>Das ist es<\/strong>:<br \/>\nDas Set enth\u00e4lt die Pumpkin Brush Zahnb\u00fcrste und den dazugeh\u00f6rigen Basis-Kalender<\/p>\n<p><strong>Merkmale<\/strong>:<\/p>\n<ul>\n<li>Zahnb\u00fcrste mit innovativem Design und flexiblem Griff<\/li>\n<li>Vitamin C ist daf\u00fcr bekannt, das Immunsystem zu st\u00e4rken: mithilfe innovativer Technologien wird es in die Borsten integriert und tr\u00e4gt dazu bei, die Mundgesundheit und Hygiene zu verbessern.<\/li>\n<li>Zungenreiniger f\u00fcr ein multisensorisches Erlebnis zur Gew\u00e4hrleistung einer hervorragenden Zungenreinigung<\/li>\n<li>100 % Made in Italy<\/li>\n<\/ul>\n<p><img decoding=\"async\" class=\"alignnone wp-image-8117\" src=\"https:\/\/www.piumacare.com\/wp-content\/uploads\/2021\/07\/Tavola-disegno-1-4.svg\" alt=\"\" width=\"241\" height=\"104\" \/><\/p>\n<p><strong>Pluspunkt<\/strong>: Die Zahnb\u00fcrste wird unter Schutzatmosph\u00e4re verpackt, um ein H\u00f6chstma\u00df an Hygiene zu gew\u00e4hrleisten<\/p>\n<p><strong>Hinweis<\/strong>: die B\u00fcrstenh\u00fclle ist immer enthalten<\/p>\n<p><strong>Borsten<\/strong>: Medium mit Vitamin C<\/p>\n<\/div>\n<\/div>\n<\/div>\n<p><span style=\"line-height: 52px; padding-right: 80px;\">Farbe<\/span><a href=\"https:\/\/piumacare.com\/de\/product\/refill-vitc_piumabrush-perfect-black\/\"><img decoding=\"async\" class=\"alignnone wp-image-8178\" src=\"https:\/\/www.piumacare.com\/wp-content\/uploads\/2021\/07\/icone_colore_Tavola-disegno-1-copia.svg\" alt=\"\" width=\"55\" height=\"55\" \/><\/a><a href=\"https:\/\/piumacare.com\/de\/product\/refill-vitc_piumabrush-perfect-grey\"><img decoding=\"async\" class=\"alignnone wp-image-8163\" src=\"https:\/\/www.piumacare.com\/wp-content\/uploads\/2021\/07\/icone_colore_Tavola-disegno-1-copia-3.svg\" alt=\"\" width=\"55\" height=\"55\" \/><\/a><a href=\"https:\/\/www.piumacare.com\/de\/product\/refill-vitc_piumabrush-perfect-white\/\"><img decoding=\"async\" class=\"alignnone wp-image-8168\" src=\"https:\/\/www.piumacare.com\/wp-content\/uploads\/2021\/07\/icone_colore_Tavola-disegno-1-copia-5.svg\" alt=\"\" width=\"55\" height=\"55\" \/><\/a><a href=\"https:\/\/www.piumacare.com\/de\/product\/refill-vitc_piumabrush-nude-rose\/\"><img decoding=\"async\" class=\"alignnone wp-image-8193\" src=\"https:\/\/www.piumacare.com\/wp-content\/uploads\/2021\/07\/icone_colore_Tavola-disegno-1-copia-7.svg\" alt=\"\" width=\"55\" height=\"55\" \/><img decoding=\"async\" class=\"alignnone wp-image-8188\" src=\"https:\/\/www.piumacare.com\/wp-content\/uploads\/2023\/10\/icone_colore_ORANGE.svg\" alt=\"Orange\" width=\"55\" height=\"55\" \/><\/a><\/p>\n","protected":false},"featured_media":16053,"template":"","meta":[],"product_brand":[],"product_cat":[87],"product_tag":[369],"class_list":{"0":"post-16066","1":"product","2":"type-product","3":"status-publish","4":"has-post-thumbnail","6":"product_cat-refill-vit-c-de","7":"product_tag-sunset-orange-de","9":"first","10":"instock","11":"shipping-taxable","12":"purchasable","13":"product-type-simple"},"yoast_head":"<!-- This site is optimized with the Yoast SEO plugin v27.4 - https:\/\/yoast.com\/product\/yoast-seo-wordpress\/ -->\n<title>Nackte Zahnb\u00fcrste mit Vitamin C - Piuma Care<\/title>\n<meta name=\"description\" content=\"Nackte Zahnb\u00fcrste mit Vitamin-C-angereicherten Borsten zur Erhaltung einer starken Immunabwehr, ideal f\u00fcr eine perfekte Mundhygiene\" \/>\n<meta name=\"robots\" content=\"index, follow, max-snippet:-1, max-image-preview:large, max-video-preview:-1\" \/>\n<link rel=\"canonical\" href=\"https:\/\/www.piumacare.com\/de\/product\/zahnburste-ohne-basis-pumpkin-brush\/\" \/>\n<meta property=\"og:locale\" content=\"de_DE\" \/>\n<meta property=\"og:type\" content=\"article\" \/>\n<meta property=\"og:title\" content=\"Nackte Zahnb\u00fcrste mit Vitamin C - Piuma Care\" \/>\n<meta property=\"og:description\" content=\"Nackte Zahnb\u00fcrste mit Vitamin-C-angereicherten Borsten zur Erhaltung einer starken Immunabwehr, ideal f\u00fcr eine perfekte Mundhygiene\" \/>\n<meta property=\"og:url\" content=\"https:\/\/www.piumacare.com\/de\/product\/zahnburste-ohne-basis-pumpkin-brush\/\" \/>\n<meta property=\"og:site_name\" content=\"Piuma Care\" \/>\n<meta property=\"article:modified_time\" content=\"2024-09-13T11:40:24+00:00\" \/>\n<meta property=\"og:image\" content=\"https:\/\/www.piumacare.com\/wp-content\/uploads\/2023\/10\/PIUMA_Halloween_single.jpg\" \/>\n\t<meta property=\"og:image:width\" content=\"2000\" \/>\n\t<meta property=\"og:image:height\" content=\"2000\" \/>\n\t<meta property=\"og:image:type\" content=\"image\/jpeg\" \/>\n<meta name=\"twitter:card\" content=\"summary_large_image\" \/>\n<meta name=\"twitter:label1\" content=\"Gesch\u00e4tzte Lesezeit\" \/>\n\t<meta name=\"twitter:data1\" content=\"5\u00a0Minuten\" \/>\n<script type=\"application\/ld+json\" class=\"yoast-schema-graph\">{\"@context\":\"https:\\\/\\\/schema.org\",\"@graph\":[{\"@type\":\"WebPage\",\"@id\":\"https:\\\/\\\/www.piumacare.com\\\/de\\\/product\\\/zahnburste-ohne-basis-pumpkin-brush\\\/\",\"url\":\"https:\\\/\\\/www.piumacare.com\\\/de\\\/product\\\/zahnburste-ohne-basis-pumpkin-brush\\\/\",\"name\":\"Nackte Zahnb\u00fcrste mit Vitamin C - Piuma Care\",\"isPartOf\":{\"@id\":\"https:\\\/\\\/www.piumacare.com\\\/de\\\/#website\"},\"primaryImageOfPage\":{\"@id\":\"https:\\\/\\\/www.piumacare.com\\\/de\\\/product\\\/zahnburste-ohne-basis-pumpkin-brush\\\/#primaryimage\"},\"image\":{\"@id\":\"https:\\\/\\\/www.piumacare.com\\\/de\\\/product\\\/zahnburste-ohne-basis-pumpkin-brush\\\/#primaryimage\"},\"thumbnailUrl\":\"https:\\\/\\\/www.piumacare.com\\\/wp-content\\\/uploads\\\/2023\\\/10\\\/PIUMA_Halloween_single.jpg\",\"datePublished\":\"2023-10-10T15:43:44+00:00\",\"dateModified\":\"2024-09-13T11:40:24+00:00\",\"description\":\"Nackte Zahnb\u00fcrste mit Vitamin-C-angereicherten Borsten zur Erhaltung einer starken Immunabwehr, ideal f\u00fcr eine perfekte Mundhygiene\",\"breadcrumb\":{\"@id\":\"https:\\\/\\\/www.piumacare.com\\\/de\\\/product\\\/zahnburste-ohne-basis-pumpkin-brush\\\/#breadcrumb\"},\"inLanguage\":\"de\",\"potentialAction\":[{\"@type\":\"ReadAction\",\"target\":[\"https:\\\/\\\/www.piumacare.com\\\/de\\\/product\\\/zahnburste-ohne-basis-pumpkin-brush\\\/\"]}]},{\"@type\":\"ImageObject\",\"inLanguage\":\"de\",\"@id\":\"https:\\\/\\\/www.piumacare.com\\\/de\\\/product\\\/zahnburste-ohne-basis-pumpkin-brush\\\/#primaryimage\",\"url\":\"https:\\\/\\\/www.piumacare.com\\\/wp-content\\\/uploads\\\/2023\\\/10\\\/PIUMA_Halloween_single.jpg\",\"contentUrl\":\"https:\\\/\\\/www.piumacare.com\\\/wp-content\\\/uploads\\\/2023\\\/10\\\/PIUMA_Halloween_single.jpg\",\"width\":2000,\"height\":2000},{\"@type\":\"BreadcrumbList\",\"@id\":\"https:\\\/\\\/www.piumacare.com\\\/de\\\/product\\\/zahnburste-ohne-basis-pumpkin-brush\\\/#breadcrumb\",\"itemListElement\":[{\"@type\":\"ListItem\",\"position\":1,\"name\":\"Home\",\"item\":\"https:\\\/\\\/www.piumacare.com\\\/de\\\/home-de\\\/\"},{\"@type\":\"ListItem\",\"position\":2,\"name\":\"Shop\",\"item\":\"https:\\\/\\\/www.piumacare.com\\\/de\\\/shop-2\\\/\"},{\"@type\":\"ListItem\",\"position\":3,\"name\":\"Zahnb\u00fcrste ohne Basis\"}]},{\"@type\":\"WebSite\",\"@id\":\"https:\\\/\\\/www.piumacare.com\\\/de\\\/#website\",\"url\":\"https:\\\/\\\/www.piumacare.com\\\/de\\\/\",\"name\":\"Piuma Care\",\"description\":\"La scienza del sorriso\",\"potentialAction\":[{\"@type\":\"SearchAction\",\"target\":{\"@type\":\"EntryPoint\",\"urlTemplate\":\"https:\\\/\\\/www.piumacare.com\\\/de\\\/?s={search_term_string}\"},\"query-input\":{\"@type\":\"PropertyValueSpecification\",\"valueRequired\":true,\"valueName\":\"search_term_string\"}}],\"inLanguage\":\"de\"}]}<\/script>\n<!-- \/ Yoast SEO plugin. -->","yoast_head_json":{"title":"Nackte Zahnb\u00fcrste mit Vitamin C - Piuma Care","description":"Nackte Zahnb\u00fcrste mit Vitamin-C-angereicherten Borsten zur Erhaltung einer starken Immunabwehr, ideal f\u00fcr eine perfekte Mundhygiene","robots":{"index":"index","follow":"follow","max-snippet":"max-snippet:-1","max-image-preview":"max-image-preview:large","max-video-preview":"max-video-preview:-1"},"canonical":"https:\/\/www.piumacare.com\/de\/product\/zahnburste-ohne-basis-pumpkin-brush\/","og_locale":"de_DE","og_type":"article","og_title":"Nackte Zahnb\u00fcrste mit Vitamin C - Piuma Care","og_description":"Nackte Zahnb\u00fcrste mit Vitamin-C-angereicherten Borsten zur Erhaltung einer starken Immunabwehr, ideal f\u00fcr eine perfekte Mundhygiene","og_url":"https:\/\/www.piumacare.com\/de\/product\/zahnburste-ohne-basis-pumpkin-brush\/","og_site_name":"Piuma Care","article_modified_time":"2024-09-13T11:40:24+00:00","og_image":[{"width":2000,"height":2000,"url":"https:\/\/www.piumacare.com\/wp-content\/uploads\/2023\/10\/PIUMA_Halloween_single.jpg","type":"image\/jpeg"}],"twitter_card":"summary_large_image","twitter_misc":{"Gesch\u00e4tzte Lesezeit":"5\u00a0Minuten"},"schema":{"@context":"https:\/\/schema.org","@graph":[{"@type":"WebPage","@id":"https:\/\/www.piumacare.com\/de\/product\/zahnburste-ohne-basis-pumpkin-brush\/","url":"https:\/\/www.piumacare.com\/de\/product\/zahnburste-ohne-basis-pumpkin-brush\/","name":"Nackte Zahnb\u00fcrste mit Vitamin C - Piuma Care","isPartOf":{"@id":"https:\/\/www.piumacare.com\/de\/#website"},"primaryImageOfPage":{"@id":"https:\/\/www.piumacare.com\/de\/product\/zahnburste-ohne-basis-pumpkin-brush\/#primaryimage"},"image":{"@id":"https:\/\/www.piumacare.com\/de\/product\/zahnburste-ohne-basis-pumpkin-brush\/#primaryimage"},"thumbnailUrl":"https:\/\/www.piumacare.com\/wp-content\/uploads\/2023\/10\/PIUMA_Halloween_single.jpg","datePublished":"2023-10-10T15:43:44+00:00","dateModified":"2024-09-13T11:40:24+00:00","description":"Nackte Zahnb\u00fcrste mit Vitamin-C-angereicherten Borsten zur Erhaltung einer starken Immunabwehr, ideal f\u00fcr eine perfekte Mundhygiene","breadcrumb":{"@id":"https:\/\/www.piumacare.com\/de\/product\/zahnburste-ohne-basis-pumpkin-brush\/#breadcrumb"},"inLanguage":"de","potentialAction":[{"@type":"ReadAction","target":["https:\/\/www.piumacare.com\/de\/product\/zahnburste-ohne-basis-pumpkin-brush\/"]}]},{"@type":"ImageObject","inLanguage":"de","@id":"https:\/\/www.piumacare.com\/de\/product\/zahnburste-ohne-basis-pumpkin-brush\/#primaryimage","url":"https:\/\/www.piumacare.com\/wp-content\/uploads\/2023\/10\/PIUMA_Halloween_single.jpg","contentUrl":"https:\/\/www.piumacare.com\/wp-content\/uploads\/2023\/10\/PIUMA_Halloween_single.jpg","width":2000,"height":2000},{"@type":"BreadcrumbList","@id":"https:\/\/www.piumacare.com\/de\/product\/zahnburste-ohne-basis-pumpkin-brush\/#breadcrumb","itemListElement":[{"@type":"ListItem","position":1,"name":"Home","item":"https:\/\/www.piumacare.com\/de\/home-de\/"},{"@type":"ListItem","position":2,"name":"Shop","item":"https:\/\/www.piumacare.com\/de\/shop-2\/"},{"@type":"ListItem","position":3,"name":"Zahnb\u00fcrste ohne Basis"}]},{"@type":"WebSite","@id":"https:\/\/www.piumacare.com\/de\/#website","url":"https:\/\/www.piumacare.com\/de\/","name":"Piuma Care","description":"La scienza del sorriso","potentialAction":[{"@type":"SearchAction","target":{"@type":"EntryPoint","urlTemplate":"https:\/\/www.piumacare.com\/de\/?s={search_term_string}"},"query-input":{"@type":"PropertyValueSpecification","valueRequired":true,"valueName":"search_term_string"}}],"inLanguage":"de"}]}},"_links":{"self":[{"href":"https:\/\/www.piumacare.com\/de\/wp-json\/wp\/v2\/product\/16066","targetHints":{"allow":["GET"]}}],"collection":[{"href":"https:\/\/www.piumacare.com\/de\/wp-json\/wp\/v2\/product"}],"about":[{"href":"https:\/\/www.piumacare.com\/de\/wp-json\/wp\/v2\/types\/product"}],"wp:featuredmedia":[{"embeddable":true,"href":"https:\/\/www.piumacare.com\/de\/wp-json\/wp\/v2\/media\/16053"}],"wp:attachment":[{"href":"https:\/\/www.piumacare.com\/de\/wp-json\/wp\/v2\/media?parent=16066"}],"wp:term":[{"taxonomy":"product_brand","embeddable":true,"href":"https:\/\/www.piumacare.com\/de\/wp-json\/wp\/v2\/product_brand?post=16066"},{"taxonomy":"product_cat","embeddable":true,"href":"https:\/\/www.piumacare.com\/de\/wp-json\/wp\/v2\/product_cat?post=16066"},{"taxonomy":"product_tag","embeddable":true,"href":"https:\/\/www.piumacare.com\/de\/wp-json\/wp\/v2\/product_tag?post=16066"}],"curies":[{"name":"wp","href":"https:\/\/api.w.org\/{rel}","templated":true}]}}