{"id":18289,"date":"2025-03-09T18:57:21","date_gmt":"2025-03-09T17:57:21","guid":{"rendered":"https:\/\/www.piumacare.com\/?post_type=product&#038;p=18289"},"modified":"2025-04-23T10:20:31","modified_gmt":"2025-04-23T08:20:31","slug":"brush-visible-active-carbon-black","status":"publish","type":"product","link":"https:\/\/www.piumacare.com\/de\/product\/brush-visible-active-carbon-black\/","title":{"rendered":"Brush Visible Active"},"content":{"rendered":"<div class=\"fusion-fullwidth fullwidth-box fusion-builder-row-1 fusion-flex-container has-pattern-background has-mask-background nonhundred-percent-fullwidth non-hundred-percent-height-scrolling\" style=\"--awb-border-radius-top-left:0px;--awb-border-radius-top-right:0px;--awb-border-radius-bottom-right:0px;--awb-border-radius-bottom-left:0px;--awb-padding-top:0px;--awb-padding-right:0px;--awb-padding-bottom:0px;--awb-padding-left:0px;--awb-margin-top:0px;--awb-margin-bottom:0px;--awb-flex-wrap:wrap;\" ><div class=\"fusion-builder-row fusion-row fusion-flex-align-items-flex-start fusion-flex-content-wrap\" style=\"max-width:1248px;margin-left: calc(-4% \/ 2 );margin-right: calc(-4% \/ 2 );\"><div class=\"fusion-layout-column fusion_builder_column fusion-builder-column-0 fusion_builder_column_1_2 1_2 fusion-flex-column\" style=\"--awb-bg-size:cover;--awb-width-large:50%;--awb-margin-top-large:0px;--awb-spacing-right-large:3.84%;--awb-margin-bottom-large:20px;--awb-spacing-left-large:3.84%;--awb-width-medium:50%;--awb-order-medium:0;--awb-spacing-right-medium:3.84%;--awb-spacing-left-medium:3.84%;--awb-width-small:100%;--awb-order-small:0;--awb-spacing-right-small:1.92%;--awb-spacing-left-small:1.92%;\"><div class=\"fusion-column-wrapper fusion-column-has-shadow fusion-flex-justify-content-flex-start fusion-content-layout-column\"><div class=\"fusion-text fusion-text-1\" style=\"--awb-font-size:14px;--awb-text-transform:uppercase;--awb-text-font-family:&quot;Manrope&quot;;--awb-text-font-style:normal;--awb-text-font-weight:400;\"><p>Schutzkappe<\/p>\n<\/div><div class=\"fusion-image-element \" style=\"text-align:center;--awb-caption-title-font-family:var(--h2_typography-font-family);--awb-caption-title-font-weight:var(--h2_typography-font-weight);--awb-caption-title-font-style:var(--h2_typography-font-style);--awb-caption-title-size:var(--h2_typography-font-size);--awb-caption-title-transform:var(--h2_typography-text-transform);--awb-caption-title-line-height:var(--h2_typography-line-height);--awb-caption-title-letter-spacing:var(--h2_typography-letter-spacing);\"><span class=\" fusion-imageframe imageframe-none imageframe-1 hover-type-none\" style=\"border:1px solid #e2e2e2;\"><img decoding=\"async\" width=\"2000\" height=\"2000\" title=\"IMMAGINI SITO PIUMA &#8211; 3\" src=\"https:\/\/www.piumacare.com\/wp-content\/uploads\/2025\/01\/Piuma_Brush_Antibatterico_Black_med-3.jpg\" alt class=\"img-responsive wp-image-19805\" srcset=\"https:\/\/www.piumacare.com\/wp-content\/uploads\/2025\/01\/Piuma_Brush_Antibatterico_Black_med-3-200x200.jpg 200w, https:\/\/www.piumacare.com\/wp-content\/uploads\/2025\/01\/Piuma_Brush_Antibatterico_Black_med-3-400x400.jpg 400w, https:\/\/www.piumacare.com\/wp-content\/uploads\/2025\/01\/Piuma_Brush_Antibatterico_Black_med-3-600x600.jpg 600w, https:\/\/www.piumacare.com\/wp-content\/uploads\/2025\/01\/Piuma_Brush_Antibatterico_Black_med-3-800x800.jpg 800w, https:\/\/www.piumacare.com\/wp-content\/uploads\/2025\/01\/Piuma_Brush_Antibatterico_Black_med-3-1200x1200.jpg 1200w, https:\/\/www.piumacare.com\/wp-content\/uploads\/2025\/01\/Piuma_Brush_Antibatterico_Black_med-3.jpg 2000w\" sizes=\"(max-width: 640px) 100vw, 600px\" \/><\/span><\/div><\/div><\/div><div class=\"fusion-layout-column fusion_builder_column fusion-builder-column-1 fusion_builder_column_1_2 1_2 fusion-flex-column\" style=\"--awb-bg-size:cover;--awb-width-large:50%;--awb-margin-top-large:0px;--awb-spacing-right-large:3.84%;--awb-margin-bottom-large:20px;--awb-spacing-left-large:3.84%;--awb-width-medium:50%;--awb-order-medium:0;--awb-spacing-right-medium:3.84%;--awb-spacing-left-medium:3.84%;--awb-width-small:100%;--awb-order-small:0;--awb-spacing-right-small:1.92%;--awb-spacing-left-small:1.92%;\"><div class=\"fusion-column-wrapper fusion-column-has-shadow fusion-flex-justify-content-flex-start fusion-content-layout-column\"><div class=\"fusion-text fusion-text-2\" style=\"--awb-font-size:14px;--awb-text-transform:uppercase;--awb-text-font-family:&quot;Manrope&quot;;--awb-text-font-style:normal;--awb-text-font-weight:400;\"><p>Packaging<\/p>\n<\/div><div class=\"fusion-image-element \" style=\"text-align:center;--awb-caption-title-font-family:var(--h2_typography-font-family);--awb-caption-title-font-weight:var(--h2_typography-font-weight);--awb-caption-title-font-style:var(--h2_typography-font-style);--awb-caption-title-size:var(--h2_typography-font-size);--awb-caption-title-transform:var(--h2_typography-text-transform);--awb-caption-title-line-height:var(--h2_typography-line-height);--awb-caption-title-letter-spacing:var(--h2_typography-letter-spacing);\"><span class=\" fusion-imageframe imageframe-none imageframe-2 hover-type-none\" style=\"border:1px solid #e2e2e2;\"><img decoding=\"async\" width=\"2000\" height=\"2000\" title=\"IMMAGINI SITO PIUMA &#8211; 67\" src=\"https:\/\/www.piumacare.com\/wp-content\/uploads\/2025\/04\/Carbone_Bamboo_Black_0.jpg\" alt class=\"img-responsive wp-image-20040\" srcset=\"https:\/\/www.piumacare.com\/wp-content\/uploads\/2025\/04\/Carbone_Bamboo_Black_0-200x200.jpg 200w, https:\/\/www.piumacare.com\/wp-content\/uploads\/2025\/04\/Carbone_Bamboo_Black_0-400x400.jpg 400w, https:\/\/www.piumacare.com\/wp-content\/uploads\/2025\/04\/Carbone_Bamboo_Black_0-600x600.jpg 600w, https:\/\/www.piumacare.com\/wp-content\/uploads\/2025\/04\/Carbone_Bamboo_Black_0-800x800.jpg 800w, https:\/\/www.piumacare.com\/wp-content\/uploads\/2025\/04\/Carbone_Bamboo_Black_0-1200x1200.jpg 1200w, https:\/\/www.piumacare.com\/wp-content\/uploads\/2025\/04\/Carbone_Bamboo_Black_0.jpg 2000w\" sizes=\"(max-width: 640px) 100vw, 600px\" \/><\/span><\/div><\/div><\/div><div class=\"fusion-layout-column fusion_builder_column fusion-builder-column-2 fusion_builder_column_1_1 1_1 fusion-flex-column\" style=\"--awb-bg-size:cover;--awb-width-large:100%;--awb-margin-top-large:0px;--awb-spacing-right-large:1.92%;--awb-margin-bottom-large:20px;--awb-spacing-left-large:1.92%;--awb-width-medium:100%;--awb-order-medium:0;--awb-spacing-right-medium:1.92%;--awb-spacing-left-medium:1.92%;--awb-width-small:100%;--awb-order-small:0;--awb-spacing-right-small:1.92%;--awb-spacing-left-small:1.92%;\"><div class=\"fusion-column-wrapper fusion-column-has-shadow fusion-flex-justify-content-flex-start fusion-content-layout-column\"><div class=\"fusion-image-element \" style=\"--awb-caption-title-font-family:var(--h2_typography-font-family);--awb-caption-title-font-weight:var(--h2_typography-font-weight);--awb-caption-title-font-style:var(--h2_typography-font-style);--awb-caption-title-size:var(--h2_typography-font-size);--awb-caption-title-transform:var(--h2_typography-text-transform);--awb-caption-title-line-height:var(--h2_typography-line-height);--awb-caption-title-letter-spacing:var(--h2_typography-letter-spacing);\"><span class=\" fusion-imageframe imageframe-none imageframe-3 hover-type-none\"><img decoding=\"async\" width=\"2000\" height=\"2000\" title=\"IMMAGINI SITO PIUMA &#8211; 2\" src=\"https:\/\/www.piumacare.com\/wp-content\/uploads\/2025\/01\/Piuma_Brush_Antibatterico_Black_med-2.jpg\" alt class=\"img-responsive wp-image-19800\" srcset=\"https:\/\/www.piumacare.com\/wp-content\/uploads\/2025\/01\/Piuma_Brush_Antibatterico_Black_med-2-200x200.jpg 200w, https:\/\/www.piumacare.com\/wp-content\/uploads\/2025\/01\/Piuma_Brush_Antibatterico_Black_med-2-400x400.jpg 400w, https:\/\/www.piumacare.com\/wp-content\/uploads\/2025\/01\/Piuma_Brush_Antibatterico_Black_med-2-600x600.jpg 600w, https:\/\/www.piumacare.com\/wp-content\/uploads\/2025\/01\/Piuma_Brush_Antibatterico_Black_med-2-800x800.jpg 800w, https:\/\/www.piumacare.com\/wp-content\/uploads\/2025\/01\/Piuma_Brush_Antibatterico_Black_med-2-1200x1200.jpg 1200w, https:\/\/www.piumacare.com\/wp-content\/uploads\/2025\/01\/Piuma_Brush_Antibatterico_Black_med-2.jpg 2000w\" sizes=\"(max-width: 640px) 100vw, 1200px\" \/><\/span><\/div><\/div><\/div><\/div><\/div>\n","protected":false},"excerpt":{"rendered":"<p><b>Die Anwesenheit von Bambuskohle hilft, den Zahnschmelz wiederherzustellen und die<br \/>Z\u00e4hne wei\u00df zu halten.<\/b><\/p>\n<p>Unsere Zahnb\u00fcrste kombiniert Innovation und Zahnpflege in einem preisgekr\u00f6nten Design.<br \/>Die mit <b>Bambuskohle <\/b>angereicherten Borsten absorbieren Verunreinigungen, bek\u00e4mpfen<br \/>Bakterien und tragen dazu bei, die nat\u00fcrliche Wei\u00dfheit der Z\u00e4hne zu erhalten. <\/p>\n[fusion_accordion type=\"\" inactive_icon=\"fa-angle-down fas\" active_icon=\"fa-angle-up fas\" margin_top=\"\" margin_bottom=\"20px\" hide_on_mobile=\"small-visibility,medium-visibility,large-visibility\" class=\"\" id=\"\" boxed_mode=\"\" border_size=\"1\" border_color=\"\" hue=\"\" saturation=\"\" lightness=\"\" alpha=\"\" hover_color=\"\" background_color=\"\" divider_line=\"no\" divider_hover_color=\"\" divider_color=\"\" padding_top=\"\" padding_right=\"\" padding_bottom=\"\" padding_left=\"\" title_tag=\"h4\" fusion_font_family_title_font=\"Manrope\" fusion_font_variant_title_font=\"400\" title_font_size=\"13px\" title_line_height=\"1.3\" title_letter_spacing=\"\" title_text_transform=\"\" title_color=\"var(--awb-color6)\" icon_size=\"12\" icon_color=\"var(--awb-color5)\" icon_boxed_mode=\"no\" icon_box_color=\"\" icon_alignment=\"\" fusion_font_family_content_font=\"Manrope\" fusion_font_variant_content_font=\"400\" content_font_size=\"13\" content_line_height=\"1.3\" content_letter_spacing=\"\" content_text_transform=\"\" content_color=\"var(--awb-color6)\" toggle_hover_accent_color=\"#0093b5\" toggle_active_accent_color=\"var(--awb-color8)\" parent_dynamic_content=\"\"][fusion_toggle title=\"Mehr erfahren\" open=\"no\" awb-switch-editor-focus=\"\" class=\"\" id=\"\" fusion_font_family_title_font=\"Manrope\" fusion_font_variant_title_font=\"400\" title_font_size=\"13px\" title_line_height=\"1.3\" title_letter_spacing=\"\" title_text_transform=\"\" title_color=\"var(--awb-color8)\" hue=\"\" saturation=\"\" lightness=\"\" alpha=\"\" fusion_font_family_content_font=\"Manrope\" fusion_font_variant_content_font=\"400\" content_font_size=\"13px\" content_line_height=\"1.3\" content_letter_spacing=\"\" content_text_transform=\"\" content_color=\"var(--awb-color6)\"]<\/p>\n<p><b>Hauptvorteile<\/b><\/p>\n<p>\u2714 <b>Aktive Bambuskohle-Borsten<\/b> \u2013 Entfernen Oberfl\u00e4chenflecken f\u00fcr ein strahlenderes<br \/>\nL\u00e4cheln.<br \/>\n\u2714 <b>Antibakterielle und reinigende Eigenschaften <\/b>\u2013 Helfen, Plaquebildung und schlechten<br \/>\nGeruch zu bek\u00e4mpfen.<br \/>\n\u2714<b> Innovatives und flexibles Design <\/b>\u2013 Ergonomischer Griff f\u00fcr eine bequeme Handhabung<br \/>und effektive Reinigung.<br \/>\u2714<b> Integrierter Zungenreiniger <\/b>\u2013 F\u00fcr lang anhaltende Frische und vollst\u00e4ndige Mundhygiene.<br \/>\u2714<b> Vegan, tierversuchsfrei, Made in Italy <\/b>\u2013 Qualit\u00e4t und Nachhaltigkeit in einem Produkt.<\/p>\n<p><b>Inklusive Extras<\/b><\/p>\n<p>\u2714 <b>Vegan <\/b>\u2013 Made in Italy \u2013 Tierversuchsfrei<br \/>\n\u2714 <b>Verpackt in kontrollierter Atmosph\u00e4re<\/b> f\u00fcr maximale Hygiene.<br \/>\n\u2714 <b>B\u00fcrstenkopf-Abdeckung immer enthalten<\/b>, um die Borsten vor Verunreinigungen zu<br \/>sch\u00fctzen.<\/p>\n<p>Perfekt f\u00fcr alle, die eine gr\u00fcndliche Mundpflege mit einem reinigenden und nat\u00fcrlichen<br \/>Aufhellungseffekt suchen. <b>F\u00fcgen Sie es Ihrer t\u00e4glichen Routine hinzu!<\/b><\/p>\n<p><b>Hinweis<\/b>: Schutzkappe immer inklusive<\/p>\n<p>[\/fusion_toggle][\/fusion_accordion]\n<p><b>Borsten<\/b>: <b>SOFT<\/b><\/p>\n<p><span style=\"padding-right: 80px;\"><b>Farben:<\/b> Perfect Black<\/span><br \/>\n<img decoding=\"async\" class=\"alignnone wp-image-8163\" src=\"https:\/\/www.piumacare.com\/wp-content\/uploads\/2025\/03\/icone_colore_PERFECT-BLACK_act.svg\" alt=\"\" width=\"40\" height=\"40\"><a href=\"https:\/\/www.piumacare.com\/product\/brush-visible-active-carbon-magenta\/\"><img decoding=\"async\" class=\"alignnone wp-image-8168\" src=\"https:\/\/www.piumacare.com\/wp-content\/uploads\/2025\/01\/icona_colore_Magenta.svg\" alt=\"\" width=\"40\" height=\"40\"><\/a><a href=\"https:\/\/www.piumacare.com\/product\/brush-visible-active-carbon-nude\/\"><img decoding=\"async\" class=\"alignnone wp-image-8173\" src=\"https:\/\/www.piumacare.com\/wp-content\/uploads\/2025\/03\/icona_colore_NUDE.svg\" alt=\"\" width=\"40\" height=\"40\"><\/a><\/p>\n","protected":false},"featured_media":20045,"template":"","meta":[],"product_brand":[],"product_cat":[478],"product_tag":[118,468],"class_list":{"0":"post-18289","1":"product","2":"type-product","3":"status-publish","4":"has-post-thumbnail","6":"product_cat-soft-borsten-mit-bambuskohle","7":"product_tag-perfect-black-de","8":"product_tag-refill-de","10":"first","11":"instock","12":"sale","13":"shipping-taxable","14":"purchasable","15":"product-type-simple"},"yoast_head":"<!-- This site is optimized with the Yoast SEO plugin v27.3 - https:\/\/yoast.com\/product\/yoast-seo-wordpress\/ -->\n<title>Zahnb\u00fcrste mit Bambuskohle Black - Piuma Care<\/title>\n<meta name=\"description\" content=\"Zahnb\u00fcrste mit Bambuskohle. Diese Borsten absorbieren Unreinheiten, bek\u00e4mpfen Bakterien und helfen, das nat\u00fcrliche Wei\u00df der Z\u00e4hne zu erhalten.\" \/>\n<meta name=\"robots\" content=\"index, follow, max-snippet:-1, max-image-preview:large, max-video-preview:-1\" \/>\n<link rel=\"canonical\" href=\"https:\/\/www.piumacare.com\/de\/product\/brush-visible-active-carbon-black\/\" \/>\n<meta property=\"og:locale\" content=\"de_DE\" \/>\n<meta property=\"og:type\" content=\"article\" \/>\n<meta property=\"og:title\" content=\"Zahnb\u00fcrste mit Bambuskohle Black - Piuma Care\" \/>\n<meta property=\"og:description\" content=\"Zahnb\u00fcrste mit Bambuskohle. Diese Borsten absorbieren Unreinheiten, bek\u00e4mpfen Bakterien und helfen, das nat\u00fcrliche Wei\u00df der Z\u00e4hne zu erhalten.\" \/>\n<meta property=\"og:url\" content=\"https:\/\/www.piumacare.com\/de\/product\/brush-visible-active-carbon-black\/\" \/>\n<meta property=\"og:site_name\" content=\"Piuma Care\" \/>\n<meta property=\"article:modified_time\" content=\"2025-04-23T08:20:31+00:00\" \/>\n<meta property=\"og:image\" content=\"https:\/\/www.piumacare.com\/wp-content\/uploads\/2025\/04\/Carbone_Bamboo_Black_1.jpg\" \/>\n\t<meta property=\"og:image:width\" content=\"2000\" \/>\n\t<meta property=\"og:image:height\" content=\"2000\" \/>\n\t<meta property=\"og:image:type\" content=\"image\/jpeg\" \/>\n<meta name=\"twitter:card\" content=\"summary_large_image\" \/>\n<meta name=\"twitter:label1\" content=\"Gesch\u00e4tzte Lesezeit\" \/>\n\t<meta name=\"twitter:data1\" content=\"1\u00a0Minute\" \/>\n<script type=\"application\/ld+json\" class=\"yoast-schema-graph\">{\"@context\":\"https:\\\/\\\/schema.org\",\"@graph\":[{\"@type\":\"WebPage\",\"@id\":\"https:\\\/\\\/www.piumacare.com\\\/de\\\/product\\\/brush-visible-active-carbon-black\\\/\",\"url\":\"https:\\\/\\\/www.piumacare.com\\\/de\\\/product\\\/brush-visible-active-carbon-black\\\/\",\"name\":\"Zahnb\u00fcrste mit Bambuskohle Black - Piuma Care\",\"isPartOf\":{\"@id\":\"https:\\\/\\\/www.piumacare.com\\\/de\\\/#website\"},\"primaryImageOfPage\":{\"@id\":\"https:\\\/\\\/www.piumacare.com\\\/de\\\/product\\\/brush-visible-active-carbon-black\\\/#primaryimage\"},\"image\":{\"@id\":\"https:\\\/\\\/www.piumacare.com\\\/de\\\/product\\\/brush-visible-active-carbon-black\\\/#primaryimage\"},\"thumbnailUrl\":\"https:\\\/\\\/www.piumacare.com\\\/wp-content\\\/uploads\\\/2025\\\/04\\\/Carbone_Bamboo_Black_1.jpg\",\"datePublished\":\"2025-03-09T17:57:21+00:00\",\"dateModified\":\"2025-04-23T08:20:31+00:00\",\"description\":\"Zahnb\u00fcrste mit Bambuskohle. Diese Borsten absorbieren Unreinheiten, bek\u00e4mpfen Bakterien und helfen, das nat\u00fcrliche Wei\u00df der Z\u00e4hne zu erhalten.\",\"breadcrumb\":{\"@id\":\"https:\\\/\\\/www.piumacare.com\\\/de\\\/product\\\/brush-visible-active-carbon-black\\\/#breadcrumb\"},\"inLanguage\":\"de\",\"potentialAction\":[{\"@type\":\"ReadAction\",\"target\":[\"https:\\\/\\\/www.piumacare.com\\\/de\\\/product\\\/brush-visible-active-carbon-black\\\/\"]}]},{\"@type\":\"ImageObject\",\"inLanguage\":\"de\",\"@id\":\"https:\\\/\\\/www.piumacare.com\\\/de\\\/product\\\/brush-visible-active-carbon-black\\\/#primaryimage\",\"url\":\"https:\\\/\\\/www.piumacare.com\\\/wp-content\\\/uploads\\\/2025\\\/04\\\/Carbone_Bamboo_Black_1.jpg\",\"contentUrl\":\"https:\\\/\\\/www.piumacare.com\\\/wp-content\\\/uploads\\\/2025\\\/04\\\/Carbone_Bamboo_Black_1.jpg\",\"width\":2000,\"height\":2000},{\"@type\":\"BreadcrumbList\",\"@id\":\"https:\\\/\\\/www.piumacare.com\\\/de\\\/product\\\/brush-visible-active-carbon-black\\\/#breadcrumb\",\"itemListElement\":[{\"@type\":\"ListItem\",\"position\":1,\"name\":\"Home\",\"item\":\"https:\\\/\\\/www.piumacare.com\\\/de\\\/home-de\\\/\"},{\"@type\":\"ListItem\",\"position\":2,\"name\":\"Shop\",\"item\":\"https:\\\/\\\/www.piumacare.com\\\/de\\\/shop-2\\\/\"},{\"@type\":\"ListItem\",\"position\":3,\"name\":\"Brush Visible Active\"}]},{\"@type\":\"WebSite\",\"@id\":\"https:\\\/\\\/www.piumacare.com\\\/de\\\/#website\",\"url\":\"https:\\\/\\\/www.piumacare.com\\\/de\\\/\",\"name\":\"Piuma Care\",\"description\":\"La scienza del sorriso\",\"potentialAction\":[{\"@type\":\"SearchAction\",\"target\":{\"@type\":\"EntryPoint\",\"urlTemplate\":\"https:\\\/\\\/www.piumacare.com\\\/de\\\/?s={search_term_string}\"},\"query-input\":{\"@type\":\"PropertyValueSpecification\",\"valueRequired\":true,\"valueName\":\"search_term_string\"}}],\"inLanguage\":\"de\"}]}<\/script>\n<!-- \/ Yoast SEO plugin. -->","yoast_head_json":{"title":"Zahnb\u00fcrste mit Bambuskohle Black - Piuma Care","description":"Zahnb\u00fcrste mit Bambuskohle. Diese Borsten absorbieren Unreinheiten, bek\u00e4mpfen Bakterien und helfen, das nat\u00fcrliche Wei\u00df der Z\u00e4hne zu erhalten.","robots":{"index":"index","follow":"follow","max-snippet":"max-snippet:-1","max-image-preview":"max-image-preview:large","max-video-preview":"max-video-preview:-1"},"canonical":"https:\/\/www.piumacare.com\/de\/product\/brush-visible-active-carbon-black\/","og_locale":"de_DE","og_type":"article","og_title":"Zahnb\u00fcrste mit Bambuskohle Black - Piuma Care","og_description":"Zahnb\u00fcrste mit Bambuskohle. Diese Borsten absorbieren Unreinheiten, bek\u00e4mpfen Bakterien und helfen, das nat\u00fcrliche Wei\u00df der Z\u00e4hne zu erhalten.","og_url":"https:\/\/www.piumacare.com\/de\/product\/brush-visible-active-carbon-black\/","og_site_name":"Piuma Care","article_modified_time":"2025-04-23T08:20:31+00:00","og_image":[{"width":2000,"height":2000,"url":"https:\/\/www.piumacare.com\/wp-content\/uploads\/2025\/04\/Carbone_Bamboo_Black_1.jpg","type":"image\/jpeg"}],"twitter_card":"summary_large_image","twitter_misc":{"Gesch\u00e4tzte Lesezeit":"1\u00a0Minute"},"schema":{"@context":"https:\/\/schema.org","@graph":[{"@type":"WebPage","@id":"https:\/\/www.piumacare.com\/de\/product\/brush-visible-active-carbon-black\/","url":"https:\/\/www.piumacare.com\/de\/product\/brush-visible-active-carbon-black\/","name":"Zahnb\u00fcrste mit Bambuskohle Black - Piuma Care","isPartOf":{"@id":"https:\/\/www.piumacare.com\/de\/#website"},"primaryImageOfPage":{"@id":"https:\/\/www.piumacare.com\/de\/product\/brush-visible-active-carbon-black\/#primaryimage"},"image":{"@id":"https:\/\/www.piumacare.com\/de\/product\/brush-visible-active-carbon-black\/#primaryimage"},"thumbnailUrl":"https:\/\/www.piumacare.com\/wp-content\/uploads\/2025\/04\/Carbone_Bamboo_Black_1.jpg","datePublished":"2025-03-09T17:57:21+00:00","dateModified":"2025-04-23T08:20:31+00:00","description":"Zahnb\u00fcrste mit Bambuskohle. Diese Borsten absorbieren Unreinheiten, bek\u00e4mpfen Bakterien und helfen, das nat\u00fcrliche Wei\u00df der Z\u00e4hne zu erhalten.","breadcrumb":{"@id":"https:\/\/www.piumacare.com\/de\/product\/brush-visible-active-carbon-black\/#breadcrumb"},"inLanguage":"de","potentialAction":[{"@type":"ReadAction","target":["https:\/\/www.piumacare.com\/de\/product\/brush-visible-active-carbon-black\/"]}]},{"@type":"ImageObject","inLanguage":"de","@id":"https:\/\/www.piumacare.com\/de\/product\/brush-visible-active-carbon-black\/#primaryimage","url":"https:\/\/www.piumacare.com\/wp-content\/uploads\/2025\/04\/Carbone_Bamboo_Black_1.jpg","contentUrl":"https:\/\/www.piumacare.com\/wp-content\/uploads\/2025\/04\/Carbone_Bamboo_Black_1.jpg","width":2000,"height":2000},{"@type":"BreadcrumbList","@id":"https:\/\/www.piumacare.com\/de\/product\/brush-visible-active-carbon-black\/#breadcrumb","itemListElement":[{"@type":"ListItem","position":1,"name":"Home","item":"https:\/\/www.piumacare.com\/de\/home-de\/"},{"@type":"ListItem","position":2,"name":"Shop","item":"https:\/\/www.piumacare.com\/de\/shop-2\/"},{"@type":"ListItem","position":3,"name":"Brush Visible Active"}]},{"@type":"WebSite","@id":"https:\/\/www.piumacare.com\/de\/#website","url":"https:\/\/www.piumacare.com\/de\/","name":"Piuma Care","description":"La scienza del sorriso","potentialAction":[{"@type":"SearchAction","target":{"@type":"EntryPoint","urlTemplate":"https:\/\/www.piumacare.com\/de\/?s={search_term_string}"},"query-input":{"@type":"PropertyValueSpecification","valueRequired":true,"valueName":"search_term_string"}}],"inLanguage":"de"}]}},"_links":{"self":[{"href":"https:\/\/www.piumacare.com\/de\/wp-json\/wp\/v2\/product\/18289","targetHints":{"allow":["GET"]}}],"collection":[{"href":"https:\/\/www.piumacare.com\/de\/wp-json\/wp\/v2\/product"}],"about":[{"href":"https:\/\/www.piumacare.com\/de\/wp-json\/wp\/v2\/types\/product"}],"wp:featuredmedia":[{"embeddable":true,"href":"https:\/\/www.piumacare.com\/de\/wp-json\/wp\/v2\/media\/20045"}],"wp:attachment":[{"href":"https:\/\/www.piumacare.com\/de\/wp-json\/wp\/v2\/media?parent=18289"}],"wp:term":[{"taxonomy":"product_brand","embeddable":true,"href":"https:\/\/www.piumacare.com\/de\/wp-json\/wp\/v2\/product_brand?post=18289"},{"taxonomy":"product_cat","embeddable":true,"href":"https:\/\/www.piumacare.com\/de\/wp-json\/wp\/v2\/product_cat?post=18289"},{"taxonomy":"product_tag","embeddable":true,"href":"https:\/\/www.piumacare.com\/de\/wp-json\/wp\/v2\/product_tag?post=18289"}],"curies":[{"name":"wp","href":"https:\/\/api.w.org\/{rel}","templated":true}]}}