{"id":18938,"date":"2025-03-13T21:35:29","date_gmt":"2025-03-13T20:35:29","guid":{"rendered":"https:\/\/www.piumacare.com\/?post_type=product&#038;p=18938"},"modified":"2025-05-01T12:40:50","modified_gmt":"2025-05-01T10:40:50","slug":"toothpaste-vitamin-c","status":"publish","type":"product","link":"https:\/\/www.piumacare.com\/de\/product\/toothpaste-vitamin-c\/","title":{"rendered":"Piuma Visible Active Zahnpasta"},"content":{"rendered":"<div class=\"fusion-fullwidth fullwidth-box fusion-builder-row-1 fusion-flex-container has-pattern-background has-mask-background nonhundred-percent-fullwidth non-hundred-percent-height-scrolling\" style=\"--awb-border-radius-top-left:0px;--awb-border-radius-top-right:0px;--awb-border-radius-bottom-right:0px;--awb-border-radius-bottom-left:0px;--awb-padding-top:0px;--awb-padding-right:0px;--awb-padding-bottom:0px;--awb-padding-left:0px;--awb-margin-top:0px;--awb-margin-bottom:0px;--awb-flex-wrap:wrap;\" ><div class=\"fusion-builder-row fusion-row fusion-flex-align-items-flex-start fusion-flex-content-wrap\" style=\"max-width:1248px;margin-left: calc(-4% \/ 2 );margin-right: calc(-4% \/ 2 );\"><\/div><\/div>\n","protected":false},"excerpt":{"rendered":"<p><b>S\u00fc\u00dfer Minzgeschmack<\/b><\/p>\n<p><b>GESUNDE Z\u00c4HNE<br \/>\n<\/b>Die Piuma Visible Active Vitamin C Zahnpasta wurde speziell formuliert, um die Gesundheit des Zahnfleisches zu unterst\u00fctzen und Mundproblemen vorzubeugen. Mit ihren kraftvollen antioxidativen Eigenschaften sch\u00fctzt sie das Zahnfleisch, regt die Kollagenproduktion an und hilft, Karies vorzubeugen. Eine innovative Mischung aus Wissenschaft und Natur f\u00fcr ein st\u00e4rkeres, ges\u00fcnderes L\u00e4cheln.<\/p>\n<p><b>Hauptvorteile<\/b><\/p>\n<p>\u2714 Hilft, Zahnfleischerkrankungen vorzubeugen<br \/>\n\u2714 Unterst\u00fctzt die Kollagenproduktion f\u00fcr st\u00e4rkere Z\u00e4hne<br \/>\n\u2714 Hilft, Karies zu sch\u00fctzen<br \/>\n\u2714 Angereichert mit Antioxidantien<br \/>\n\u2714 Vegan, tierversuchsfrei, Hergestellt in Italien<\/p>\n","protected":false},"featured_media":18931,"template":"","meta":[],"product_brand":[],"product_cat":[87],"product_tag":[506],"class_list":{"0":"post-18938","1":"product","2":"type-product","3":"status-publish","4":"has-post-thumbnail","6":"product_cat-refill-vit-c-de","7":"product_tag-zahnpasta","9":"first","10":"instock","11":"sale","12":"shipping-taxable","13":"purchasable","14":"product-type-simple"},"yoast_head":"<!-- This site is optimized with the Yoast SEO plugin v27.4 - https:\/\/yoast.com\/product\/yoast-seo-wordpress\/ -->\n<title>Spazzolino antibatterico Nero - Piuma Care<\/title>\n<meta name=\"description\" content=\"Spazzolino antibattericolo Nero dal design pluripremiato. Con micro-setole delicate che permettono un&#039;igiene orale accurata, senza irritare le gengive.\" \/>\n<meta name=\"robots\" content=\"index, follow, max-snippet:-1, max-image-preview:large, max-video-preview:-1\" \/>\n<link rel=\"canonical\" href=\"https:\/\/www.piumacare.com\/de\/product\/toothpaste-vitamin-c\/\" \/>\n<meta property=\"og:locale\" content=\"de_DE\" \/>\n<meta property=\"og:type\" content=\"article\" \/>\n<meta property=\"og:title\" content=\"Spazzolino antibatterico Nero - Piuma Care\" \/>\n<meta property=\"og:description\" content=\"Spazzolino antibattericolo Nero dal design pluripremiato. Con micro-setole delicate che permettono un&#039;igiene orale accurata, senza irritare le gengive.\" \/>\n<meta property=\"og:url\" content=\"https:\/\/www.piumacare.com\/de\/product\/toothpaste-vitamin-c\/\" \/>\n<meta property=\"og:site_name\" content=\"Piuma Care\" \/>\n<meta property=\"article:modified_time\" content=\"2025-05-01T10:40:50+00:00\" \/>\n<meta property=\"og:image\" content=\"https:\/\/www.piumacare.com\/wp-content\/uploads\/2025\/03\/Toothpaste_Vitamon-C-01.jpg\" \/>\n\t<meta property=\"og:image:width\" content=\"2000\" \/>\n\t<meta property=\"og:image:height\" content=\"2000\" \/>\n\t<meta property=\"og:image:type\" content=\"image\/jpeg\" \/>\n<meta name=\"twitter:card\" content=\"summary_large_image\" \/>\n<meta name=\"twitter:label1\" content=\"Gesch\u00e4tzte Lesezeit\" \/>\n\t<meta name=\"twitter:data1\" content=\"1\u00a0Minute\" \/>\n<script type=\"application\/ld+json\" class=\"yoast-schema-graph\">{\"@context\":\"https:\\\/\\\/schema.org\",\"@graph\":[{\"@type\":\"WebPage\",\"@id\":\"https:\\\/\\\/www.piumacare.com\\\/de\\\/product\\\/toothpaste-vitamin-c\\\/\",\"url\":\"https:\\\/\\\/www.piumacare.com\\\/de\\\/product\\\/toothpaste-vitamin-c\\\/\",\"name\":\"Spazzolino antibatterico Nero - Piuma Care\",\"isPartOf\":{\"@id\":\"https:\\\/\\\/www.piumacare.com\\\/de\\\/#website\"},\"primaryImageOfPage\":{\"@id\":\"https:\\\/\\\/www.piumacare.com\\\/de\\\/product\\\/toothpaste-vitamin-c\\\/#primaryimage\"},\"image\":{\"@id\":\"https:\\\/\\\/www.piumacare.com\\\/de\\\/product\\\/toothpaste-vitamin-c\\\/#primaryimage\"},\"thumbnailUrl\":\"https:\\\/\\\/www.piumacare.com\\\/wp-content\\\/uploads\\\/2025\\\/03\\\/Toothpaste_Vitamon-C-01.jpg\",\"datePublished\":\"2025-03-13T20:35:29+00:00\",\"dateModified\":\"2025-05-01T10:40:50+00:00\",\"description\":\"Spazzolino antibattericolo Nero dal design pluripremiato. Con micro-setole delicate che permettono un'igiene orale accurata, senza irritare le gengive.\",\"breadcrumb\":{\"@id\":\"https:\\\/\\\/www.piumacare.com\\\/de\\\/product\\\/toothpaste-vitamin-c\\\/#breadcrumb\"},\"inLanguage\":\"de\",\"potentialAction\":[{\"@type\":\"ReadAction\",\"target\":[\"https:\\\/\\\/www.piumacare.com\\\/de\\\/product\\\/toothpaste-vitamin-c\\\/\"]}]},{\"@type\":\"ImageObject\",\"inLanguage\":\"de\",\"@id\":\"https:\\\/\\\/www.piumacare.com\\\/de\\\/product\\\/toothpaste-vitamin-c\\\/#primaryimage\",\"url\":\"https:\\\/\\\/www.piumacare.com\\\/wp-content\\\/uploads\\\/2025\\\/03\\\/Toothpaste_Vitamon-C-01.jpg\",\"contentUrl\":\"https:\\\/\\\/www.piumacare.com\\\/wp-content\\\/uploads\\\/2025\\\/03\\\/Toothpaste_Vitamon-C-01.jpg\",\"width\":2000,\"height\":2000},{\"@type\":\"BreadcrumbList\",\"@id\":\"https:\\\/\\\/www.piumacare.com\\\/de\\\/product\\\/toothpaste-vitamin-c\\\/#breadcrumb\",\"itemListElement\":[{\"@type\":\"ListItem\",\"position\":1,\"name\":\"Home\",\"item\":\"https:\\\/\\\/www.piumacare.com\\\/de\\\/home-de\\\/\"},{\"@type\":\"ListItem\",\"position\":2,\"name\":\"Shop\",\"item\":\"https:\\\/\\\/www.piumacare.com\\\/de\\\/shop-2\\\/\"},{\"@type\":\"ListItem\",\"position\":3,\"name\":\"Piuma Visible Active Zahnpasta\"}]},{\"@type\":\"WebSite\",\"@id\":\"https:\\\/\\\/www.piumacare.com\\\/de\\\/#website\",\"url\":\"https:\\\/\\\/www.piumacare.com\\\/de\\\/\",\"name\":\"Piuma Care\",\"description\":\"La scienza del sorriso\",\"potentialAction\":[{\"@type\":\"SearchAction\",\"target\":{\"@type\":\"EntryPoint\",\"urlTemplate\":\"https:\\\/\\\/www.piumacare.com\\\/de\\\/?s={search_term_string}\"},\"query-input\":{\"@type\":\"PropertyValueSpecification\",\"valueRequired\":true,\"valueName\":\"search_term_string\"}}],\"inLanguage\":\"de\"}]}<\/script>\n<!-- \/ Yoast SEO plugin. -->","yoast_head_json":{"title":"Spazzolino antibatterico Nero - Piuma Care","description":"Spazzolino antibattericolo Nero dal design pluripremiato. Con micro-setole delicate che permettono un'igiene orale accurata, senza irritare le gengive.","robots":{"index":"index","follow":"follow","max-snippet":"max-snippet:-1","max-image-preview":"max-image-preview:large","max-video-preview":"max-video-preview:-1"},"canonical":"https:\/\/www.piumacare.com\/de\/product\/toothpaste-vitamin-c\/","og_locale":"de_DE","og_type":"article","og_title":"Spazzolino antibatterico Nero - Piuma Care","og_description":"Spazzolino antibattericolo Nero dal design pluripremiato. Con micro-setole delicate che permettono un'igiene orale accurata, senza irritare le gengive.","og_url":"https:\/\/www.piumacare.com\/de\/product\/toothpaste-vitamin-c\/","og_site_name":"Piuma Care","article_modified_time":"2025-05-01T10:40:50+00:00","og_image":[{"width":2000,"height":2000,"url":"https:\/\/www.piumacare.com\/wp-content\/uploads\/2025\/03\/Toothpaste_Vitamon-C-01.jpg","type":"image\/jpeg"}],"twitter_card":"summary_large_image","twitter_misc":{"Gesch\u00e4tzte Lesezeit":"1\u00a0Minute"},"schema":{"@context":"https:\/\/schema.org","@graph":[{"@type":"WebPage","@id":"https:\/\/www.piumacare.com\/de\/product\/toothpaste-vitamin-c\/","url":"https:\/\/www.piumacare.com\/de\/product\/toothpaste-vitamin-c\/","name":"Spazzolino antibatterico Nero - Piuma Care","isPartOf":{"@id":"https:\/\/www.piumacare.com\/de\/#website"},"primaryImageOfPage":{"@id":"https:\/\/www.piumacare.com\/de\/product\/toothpaste-vitamin-c\/#primaryimage"},"image":{"@id":"https:\/\/www.piumacare.com\/de\/product\/toothpaste-vitamin-c\/#primaryimage"},"thumbnailUrl":"https:\/\/www.piumacare.com\/wp-content\/uploads\/2025\/03\/Toothpaste_Vitamon-C-01.jpg","datePublished":"2025-03-13T20:35:29+00:00","dateModified":"2025-05-01T10:40:50+00:00","description":"Spazzolino antibattericolo Nero dal design pluripremiato. Con micro-setole delicate che permettono un'igiene orale accurata, senza irritare le gengive.","breadcrumb":{"@id":"https:\/\/www.piumacare.com\/de\/product\/toothpaste-vitamin-c\/#breadcrumb"},"inLanguage":"de","potentialAction":[{"@type":"ReadAction","target":["https:\/\/www.piumacare.com\/de\/product\/toothpaste-vitamin-c\/"]}]},{"@type":"ImageObject","inLanguage":"de","@id":"https:\/\/www.piumacare.com\/de\/product\/toothpaste-vitamin-c\/#primaryimage","url":"https:\/\/www.piumacare.com\/wp-content\/uploads\/2025\/03\/Toothpaste_Vitamon-C-01.jpg","contentUrl":"https:\/\/www.piumacare.com\/wp-content\/uploads\/2025\/03\/Toothpaste_Vitamon-C-01.jpg","width":2000,"height":2000},{"@type":"BreadcrumbList","@id":"https:\/\/www.piumacare.com\/de\/product\/toothpaste-vitamin-c\/#breadcrumb","itemListElement":[{"@type":"ListItem","position":1,"name":"Home","item":"https:\/\/www.piumacare.com\/de\/home-de\/"},{"@type":"ListItem","position":2,"name":"Shop","item":"https:\/\/www.piumacare.com\/de\/shop-2\/"},{"@type":"ListItem","position":3,"name":"Piuma Visible Active Zahnpasta"}]},{"@type":"WebSite","@id":"https:\/\/www.piumacare.com\/de\/#website","url":"https:\/\/www.piumacare.com\/de\/","name":"Piuma Care","description":"La scienza del sorriso","potentialAction":[{"@type":"SearchAction","target":{"@type":"EntryPoint","urlTemplate":"https:\/\/www.piumacare.com\/de\/?s={search_term_string}"},"query-input":{"@type":"PropertyValueSpecification","valueRequired":true,"valueName":"search_term_string"}}],"inLanguage":"de"}]}},"_links":{"self":[{"href":"https:\/\/www.piumacare.com\/de\/wp-json\/wp\/v2\/product\/18938","targetHints":{"allow":["GET"]}}],"collection":[{"href":"https:\/\/www.piumacare.com\/de\/wp-json\/wp\/v2\/product"}],"about":[{"href":"https:\/\/www.piumacare.com\/de\/wp-json\/wp\/v2\/types\/product"}],"wp:featuredmedia":[{"embeddable":true,"href":"https:\/\/www.piumacare.com\/de\/wp-json\/wp\/v2\/media\/18931"}],"wp:attachment":[{"href":"https:\/\/www.piumacare.com\/de\/wp-json\/wp\/v2\/media?parent=18938"}],"wp:term":[{"taxonomy":"product_brand","embeddable":true,"href":"https:\/\/www.piumacare.com\/de\/wp-json\/wp\/v2\/product_brand?post=18938"},{"taxonomy":"product_cat","embeddable":true,"href":"https:\/\/www.piumacare.com\/de\/wp-json\/wp\/v2\/product_cat?post=18938"},{"taxonomy":"product_tag","embeddable":true,"href":"https:\/\/www.piumacare.com\/de\/wp-json\/wp\/v2\/product_tag?post=18938"}],"curies":[{"name":"wp","href":"https:\/\/api.w.org\/{rel}","templated":true}]}}