{"id":18968,"date":"2025-03-13T21:47:51","date_gmt":"2025-03-13T20:47:51","guid":{"rendered":"https:\/\/www.piumacare.com\/?post_type=product&#038;p=18968"},"modified":"2025-05-01T12:39:49","modified_gmt":"2025-05-01T10:39:49","slug":"toothpaste-carbon","status":"publish","type":"product","link":"https:\/\/www.piumacare.com\/de\/product\/toothpaste-carbon\/","title":{"rendered":"Piuma Visible Active Zahnpasta"},"content":{"rendered":"<div class=\"fusion-fullwidth fullwidth-box fusion-builder-row-1 fusion-flex-container has-pattern-background has-mask-background nonhundred-percent-fullwidth non-hundred-percent-height-scrolling\" style=\"--awb-border-radius-top-left:0px;--awb-border-radius-top-right:0px;--awb-border-radius-bottom-right:0px;--awb-border-radius-bottom-left:0px;--awb-padding-top:0px;--awb-padding-right:0px;--awb-padding-bottom:0px;--awb-padding-left:0px;--awb-margin-top:0px;--awb-margin-bottom:0px;--awb-flex-wrap:wrap;\" ><div class=\"fusion-builder-row fusion-row fusion-flex-align-items-flex-start fusion-flex-content-wrap\" style=\"max-width:1248px;margin-left: calc(-4% \/ 2 );margin-right: calc(-4% \/ 2 );\"><\/div><\/div>\n","protected":false},"excerpt":{"rendered":"<p><b>Pfefferminzgeschmack<\/b><\/p>\n<p><b>AUFHELLUNG<br \/>\n<\/b>Die Piuma Visible Active Bambuskohle Zahnpasta ist die ideale L\u00f6sung f\u00fcr diejenigen, die sich ein helleres, wei\u00dferes L\u00e4cheln w\u00fcnschen. Mit den absorbierenden Eigenschaften der Bambuskohle entfernt sie effektiv Oberfl\u00e4chenverf\u00e4rbungen und stellt die nat\u00fcrliche Helligkeit der Z\u00e4hne wieder her. Ihre fortschrittliche Formel hilft auch, Karies zu verhindern und den Atem l\u00e4nger frisch zu halten.<\/p>\n<p><b>Hauptvorteile<\/b><\/p>\n<p>\u2714 Hilft, wei\u00dfe Z\u00e4hne wiederherzustellen und zu erhalten<br \/>\n\u2714 Entfernt Oberfl\u00e4chenverf\u00e4rbungen f\u00fcr ein strahlenderes L\u00e4cheln<br \/>\n\u2714 Unterst\u00fctzt die Kariespr\u00e4vention<br \/>\n\u2714 Angereichert mit Bambuskohle f\u00fcr eine reinigende Wirkung<br \/>\n\u2714 Vegan, tierversuchsfrei, Hergestellt in Italien<\/p>\n","protected":false},"featured_media":18945,"template":"","meta":[],"product_brand":[],"product_cat":[519],"product_tag":[506],"class_list":{"0":"post-18968","1":"product","2":"type-product","3":"status-publish","4":"has-post-thumbnail","6":"product_cat-bambuskohle","7":"product_tag-zahnpasta","9":"first","10":"instock","11":"sale","12":"shipping-taxable","13":"purchasable","14":"product-type-simple"},"yoast_head":"<!-- This site is optimized with the Yoast SEO plugin v27.3 - https:\/\/yoast.com\/product\/yoast-seo-wordpress\/ -->\n<title>Spazzolino antibatterico Nero - Piuma Care<\/title>\n<meta name=\"description\" content=\"Spazzolino antibattericolo Nero dal design pluripremiato. Con micro-setole delicate che permettono un&#039;igiene orale accurata, senza irritare le gengive.\" \/>\n<meta name=\"robots\" content=\"index, follow, max-snippet:-1, max-image-preview:large, max-video-preview:-1\" \/>\n<link rel=\"canonical\" href=\"https:\/\/www.piumacare.com\/de\/product\/toothpaste-carbon\/\" \/>\n<meta property=\"og:locale\" content=\"de_DE\" \/>\n<meta property=\"og:type\" content=\"article\" \/>\n<meta property=\"og:title\" content=\"Spazzolino antibatterico Nero - Piuma Care\" \/>\n<meta property=\"og:description\" content=\"Spazzolino antibattericolo Nero dal design pluripremiato. Con micro-setole delicate che permettono un&#039;igiene orale accurata, senza irritare le gengive.\" \/>\n<meta property=\"og:url\" content=\"https:\/\/www.piumacare.com\/de\/product\/toothpaste-carbon\/\" \/>\n<meta property=\"og:site_name\" content=\"Piuma Care\" \/>\n<meta property=\"article:modified_time\" content=\"2025-05-01T10:39:49+00:00\" \/>\n<meta property=\"og:image\" content=\"https:\/\/www.piumacare.com\/wp-content\/uploads\/2025\/03\/Toothpaste_Carbon-01-1.jpg\" \/>\n\t<meta property=\"og:image:width\" content=\"2000\" \/>\n\t<meta property=\"og:image:height\" content=\"2000\" \/>\n\t<meta property=\"og:image:type\" content=\"image\/jpeg\" \/>\n<meta name=\"twitter:card\" content=\"summary_large_image\" \/>\n<meta name=\"twitter:label1\" content=\"Gesch\u00e4tzte Lesezeit\" \/>\n\t<meta name=\"twitter:data1\" content=\"1\u00a0Minute\" \/>\n<script type=\"application\/ld+json\" class=\"yoast-schema-graph\">{\"@context\":\"https:\\\/\\\/schema.org\",\"@graph\":[{\"@type\":\"WebPage\",\"@id\":\"https:\\\/\\\/www.piumacare.com\\\/de\\\/product\\\/toothpaste-carbon\\\/\",\"url\":\"https:\\\/\\\/www.piumacare.com\\\/de\\\/product\\\/toothpaste-carbon\\\/\",\"name\":\"Spazzolino antibatterico Nero - Piuma Care\",\"isPartOf\":{\"@id\":\"https:\\\/\\\/www.piumacare.com\\\/de\\\/#website\"},\"primaryImageOfPage\":{\"@id\":\"https:\\\/\\\/www.piumacare.com\\\/de\\\/product\\\/toothpaste-carbon\\\/#primaryimage\"},\"image\":{\"@id\":\"https:\\\/\\\/www.piumacare.com\\\/de\\\/product\\\/toothpaste-carbon\\\/#primaryimage\"},\"thumbnailUrl\":\"https:\\\/\\\/www.piumacare.com\\\/wp-content\\\/uploads\\\/2025\\\/03\\\/Toothpaste_Carbon-01-1.jpg\",\"datePublished\":\"2025-03-13T20:47:51+00:00\",\"dateModified\":\"2025-05-01T10:39:49+00:00\",\"description\":\"Spazzolino antibattericolo Nero dal design pluripremiato. Con micro-setole delicate che permettono un'igiene orale accurata, senza irritare le gengive.\",\"breadcrumb\":{\"@id\":\"https:\\\/\\\/www.piumacare.com\\\/de\\\/product\\\/toothpaste-carbon\\\/#breadcrumb\"},\"inLanguage\":\"de\",\"potentialAction\":[{\"@type\":\"ReadAction\",\"target\":[\"https:\\\/\\\/www.piumacare.com\\\/de\\\/product\\\/toothpaste-carbon\\\/\"]}]},{\"@type\":\"ImageObject\",\"inLanguage\":\"de\",\"@id\":\"https:\\\/\\\/www.piumacare.com\\\/de\\\/product\\\/toothpaste-carbon\\\/#primaryimage\",\"url\":\"https:\\\/\\\/www.piumacare.com\\\/wp-content\\\/uploads\\\/2025\\\/03\\\/Toothpaste_Carbon-01-1.jpg\",\"contentUrl\":\"https:\\\/\\\/www.piumacare.com\\\/wp-content\\\/uploads\\\/2025\\\/03\\\/Toothpaste_Carbon-01-1.jpg\",\"width\":2000,\"height\":2000},{\"@type\":\"BreadcrumbList\",\"@id\":\"https:\\\/\\\/www.piumacare.com\\\/de\\\/product\\\/toothpaste-carbon\\\/#breadcrumb\",\"itemListElement\":[{\"@type\":\"ListItem\",\"position\":1,\"name\":\"Home\",\"item\":\"https:\\\/\\\/www.piumacare.com\\\/de\\\/home-de\\\/\"},{\"@type\":\"ListItem\",\"position\":2,\"name\":\"Shop\",\"item\":\"https:\\\/\\\/www.piumacare.com\\\/de\\\/shop-2\\\/\"},{\"@type\":\"ListItem\",\"position\":3,\"name\":\"Piuma Visible Active Zahnpasta\"}]},{\"@type\":\"WebSite\",\"@id\":\"https:\\\/\\\/www.piumacare.com\\\/de\\\/#website\",\"url\":\"https:\\\/\\\/www.piumacare.com\\\/de\\\/\",\"name\":\"Piuma Care\",\"description\":\"La scienza del sorriso\",\"potentialAction\":[{\"@type\":\"SearchAction\",\"target\":{\"@type\":\"EntryPoint\",\"urlTemplate\":\"https:\\\/\\\/www.piumacare.com\\\/de\\\/?s={search_term_string}\"},\"query-input\":{\"@type\":\"PropertyValueSpecification\",\"valueRequired\":true,\"valueName\":\"search_term_string\"}}],\"inLanguage\":\"de\"}]}<\/script>\n<!-- \/ Yoast SEO plugin. -->","yoast_head_json":{"title":"Spazzolino antibatterico Nero - Piuma Care","description":"Spazzolino antibattericolo Nero dal design pluripremiato. Con micro-setole delicate che permettono un'igiene orale accurata, senza irritare le gengive.","robots":{"index":"index","follow":"follow","max-snippet":"max-snippet:-1","max-image-preview":"max-image-preview:large","max-video-preview":"max-video-preview:-1"},"canonical":"https:\/\/www.piumacare.com\/de\/product\/toothpaste-carbon\/","og_locale":"de_DE","og_type":"article","og_title":"Spazzolino antibatterico Nero - Piuma Care","og_description":"Spazzolino antibattericolo Nero dal design pluripremiato. Con micro-setole delicate che permettono un'igiene orale accurata, senza irritare le gengive.","og_url":"https:\/\/www.piumacare.com\/de\/product\/toothpaste-carbon\/","og_site_name":"Piuma Care","article_modified_time":"2025-05-01T10:39:49+00:00","og_image":[{"width":2000,"height":2000,"url":"https:\/\/www.piumacare.com\/wp-content\/uploads\/2025\/03\/Toothpaste_Carbon-01-1.jpg","type":"image\/jpeg"}],"twitter_card":"summary_large_image","twitter_misc":{"Gesch\u00e4tzte Lesezeit":"1\u00a0Minute"},"schema":{"@context":"https:\/\/schema.org","@graph":[{"@type":"WebPage","@id":"https:\/\/www.piumacare.com\/de\/product\/toothpaste-carbon\/","url":"https:\/\/www.piumacare.com\/de\/product\/toothpaste-carbon\/","name":"Spazzolino antibatterico Nero - Piuma Care","isPartOf":{"@id":"https:\/\/www.piumacare.com\/de\/#website"},"primaryImageOfPage":{"@id":"https:\/\/www.piumacare.com\/de\/product\/toothpaste-carbon\/#primaryimage"},"image":{"@id":"https:\/\/www.piumacare.com\/de\/product\/toothpaste-carbon\/#primaryimage"},"thumbnailUrl":"https:\/\/www.piumacare.com\/wp-content\/uploads\/2025\/03\/Toothpaste_Carbon-01-1.jpg","datePublished":"2025-03-13T20:47:51+00:00","dateModified":"2025-05-01T10:39:49+00:00","description":"Spazzolino antibattericolo Nero dal design pluripremiato. Con micro-setole delicate che permettono un'igiene orale accurata, senza irritare le gengive.","breadcrumb":{"@id":"https:\/\/www.piumacare.com\/de\/product\/toothpaste-carbon\/#breadcrumb"},"inLanguage":"de","potentialAction":[{"@type":"ReadAction","target":["https:\/\/www.piumacare.com\/de\/product\/toothpaste-carbon\/"]}]},{"@type":"ImageObject","inLanguage":"de","@id":"https:\/\/www.piumacare.com\/de\/product\/toothpaste-carbon\/#primaryimage","url":"https:\/\/www.piumacare.com\/wp-content\/uploads\/2025\/03\/Toothpaste_Carbon-01-1.jpg","contentUrl":"https:\/\/www.piumacare.com\/wp-content\/uploads\/2025\/03\/Toothpaste_Carbon-01-1.jpg","width":2000,"height":2000},{"@type":"BreadcrumbList","@id":"https:\/\/www.piumacare.com\/de\/product\/toothpaste-carbon\/#breadcrumb","itemListElement":[{"@type":"ListItem","position":1,"name":"Home","item":"https:\/\/www.piumacare.com\/de\/home-de\/"},{"@type":"ListItem","position":2,"name":"Shop","item":"https:\/\/www.piumacare.com\/de\/shop-2\/"},{"@type":"ListItem","position":3,"name":"Piuma Visible Active Zahnpasta"}]},{"@type":"WebSite","@id":"https:\/\/www.piumacare.com\/de\/#website","url":"https:\/\/www.piumacare.com\/de\/","name":"Piuma Care","description":"La scienza del sorriso","potentialAction":[{"@type":"SearchAction","target":{"@type":"EntryPoint","urlTemplate":"https:\/\/www.piumacare.com\/de\/?s={search_term_string}"},"query-input":{"@type":"PropertyValueSpecification","valueRequired":true,"valueName":"search_term_string"}}],"inLanguage":"de"}]}},"_links":{"self":[{"href":"https:\/\/www.piumacare.com\/de\/wp-json\/wp\/v2\/product\/18968","targetHints":{"allow":["GET"]}}],"collection":[{"href":"https:\/\/www.piumacare.com\/de\/wp-json\/wp\/v2\/product"}],"about":[{"href":"https:\/\/www.piumacare.com\/de\/wp-json\/wp\/v2\/types\/product"}],"wp:featuredmedia":[{"embeddable":true,"href":"https:\/\/www.piumacare.com\/de\/wp-json\/wp\/v2\/media\/18945"}],"wp:attachment":[{"href":"https:\/\/www.piumacare.com\/de\/wp-json\/wp\/v2\/media?parent=18968"}],"wp:term":[{"taxonomy":"product_brand","embeddable":true,"href":"https:\/\/www.piumacare.com\/de\/wp-json\/wp\/v2\/product_brand?post=18968"},{"taxonomy":"product_cat","embeddable":true,"href":"https:\/\/www.piumacare.com\/de\/wp-json\/wp\/v2\/product_cat?post=18968"},{"taxonomy":"product_tag","embeddable":true,"href":"https:\/\/www.piumacare.com\/de\/wp-json\/wp\/v2\/product_tag?post=18968"}],"curies":[{"name":"wp","href":"https:\/\/api.w.org\/{rel}","templated":true}]}}