{"id":18990,"date":"2025-03-13T22:16:25","date_gmt":"2025-03-13T21:16:25","guid":{"rendered":"https:\/\/www.piumacare.com\/?post_type=product&#038;p=18990"},"modified":"2025-05-01T12:32:51","modified_gmt":"2025-05-01T10:32:51","slug":"gesunde-zaehne-mundwasser","status":"publish","type":"product","link":"https:\/\/www.piumacare.com\/de\/product\/gesunde-zaehne-mundwasser\/","title":{"rendered":"Gesunde z\u00e4hne-mundwasser"},"content":{"rendered":"<div class=\"fusion-fullwidth fullwidth-box fusion-builder-row-1 fusion-flex-container has-pattern-background has-mask-background nonhundred-percent-fullwidth non-hundred-percent-height-scrolling\" style=\"--awb-border-radius-top-left:0px;--awb-border-radius-top-right:0px;--awb-border-radius-bottom-right:0px;--awb-border-radius-bottom-left:0px;--awb-padding-top:0px;--awb-padding-right:0px;--awb-padding-bottom:0px;--awb-padding-left:0px;--awb-margin-top:0px;--awb-margin-bottom:0px;--awb-flex-wrap:wrap;\" ><div class=\"fusion-builder-row fusion-row fusion-flex-align-items-flex-start fusion-flex-content-wrap\" style=\"max-width:1248px;margin-left: calc(-4% \/ 2 );margin-right: calc(-4% \/ 2 );\"><div class=\"fusion-layout-column fusion_builder_column fusion-builder-column-0 fusion_builder_column_1_1 1_1 fusion-flex-column\" style=\"--awb-bg-size:cover;--awb-width-large:100%;--awb-margin-top-large:0px;--awb-spacing-right-large:1.92%;--awb-margin-bottom-large:20px;--awb-spacing-left-large:1.92%;--awb-width-medium:100%;--awb-order-medium:0;--awb-spacing-right-medium:1.92%;--awb-spacing-left-medium:1.92%;--awb-width-small:100%;--awb-order-small:0;--awb-spacing-right-small:1.92%;--awb-spacing-left-small:1.92%;\"><div class=\"fusion-column-wrapper fusion-column-has-shadow fusion-flex-justify-content-flex-start fusion-content-layout-column\"><div class=\"fusion-image-element \" style=\"text-align:center;--awb-caption-title-font-family:var(--h2_typography-font-family);--awb-caption-title-font-weight:var(--h2_typography-font-weight);--awb-caption-title-font-style:var(--h2_typography-font-style);--awb-caption-title-size:var(--h2_typography-font-size);--awb-caption-title-transform:var(--h2_typography-text-transform);--awb-caption-title-line-height:var(--h2_typography-line-height);--awb-caption-title-letter-spacing:var(--h2_typography-letter-spacing);\"><span class=\" fusion-imageframe imageframe-none imageframe-1 hover-type-none\" style=\"border:1px solid #e2e2e2;\"><img decoding=\"async\" width=\"2000\" height=\"2000\" title=\"OLYMPUS DIGITAL CAMERA\" src=\"https:\/\/www.piumacare.com\/wp-content\/uploads\/2025\/03\/COLLUTORIO-GENGIVE-SANE-2.jpg\" alt class=\"img-responsive wp-image-18997\" srcset=\"https:\/\/www.piumacare.com\/wp-content\/uploads\/2025\/03\/COLLUTORIO-GENGIVE-SANE-2-200x200.jpg 200w, https:\/\/www.piumacare.com\/wp-content\/uploads\/2025\/03\/COLLUTORIO-GENGIVE-SANE-2-400x400.jpg 400w, https:\/\/www.piumacare.com\/wp-content\/uploads\/2025\/03\/COLLUTORIO-GENGIVE-SANE-2-600x600.jpg 600w, https:\/\/www.piumacare.com\/wp-content\/uploads\/2025\/03\/COLLUTORIO-GENGIVE-SANE-2-800x800.jpg 800w, https:\/\/www.piumacare.com\/wp-content\/uploads\/2025\/03\/COLLUTORIO-GENGIVE-SANE-2-1200x1200.jpg 1200w, https:\/\/www.piumacare.com\/wp-content\/uploads\/2025\/03\/COLLUTORIO-GENGIVE-SANE-2.jpg 2000w\" sizes=\"(max-width: 640px) 100vw, 1200px\" \/><\/span><\/div><\/div><\/div><\/div><\/div>\n","protected":false},"excerpt":{"rendered":"<p>Das Piuma Gesunde Z\u00e4hne Mundwasser wurde entwickelt, um das Zahnfleisch zu beruhigen und zu sch\u00fctzen. Dank seiner Formulierung mit beruhigenden nat\u00fcrlichen Extrakten verhindert dieses Produkt Entz\u00fcndungen des Zahnfleisches und reduziert die Empfindlichkeit.<br \/>\n[fusion_accordion type=\"\" inactive_icon=\"fa-angle-down fas\" active_icon=\"fa-angle-up fas\" margin_top=\"\" margin_bottom=\"20px\" hide_on_mobile=\"small-visibility,medium-visibility,large-visibility\" class=\"\" id=\"\" boxed_mode=\"\" border_size=\"1\" border_color=\"\" hue=\"\" saturation=\"\" lightness=\"\" alpha=\"\" hover_color=\"\" background_color=\"\" divider_line=\"no\" divider_hover_color=\"\" divider_color=\"\" padding_top=\"\" padding_right=\"\" padding_bottom=\"\" padding_left=\"\" title_tag=\"h4\" fusion_font_family_title_font=\"Manrope\" fusion_font_variant_title_font=\"400\" title_font_size=\"13px\" title_line_height=\"1.3\" title_letter_spacing=\"\" title_text_transform=\"\" title_color=\"var(--awb-color6)\" icon_size=\"12\" icon_color=\"var(--awb-color5)\" icon_boxed_mode=\"no\" icon_box_color=\"\" icon_alignment=\"\" fusion_font_family_content_font=\"Manrope\" fusion_font_variant_content_font=\"400\" content_font_size=\"13\" content_line_height=\"1.3\" content_letter_spacing=\"\" content_text_transform=\"\" content_color=\"var(--awb-color6)\" toggle_hover_accent_color=\"#0093b5\" toggle_active_accent_color=\"var(--awb-color8)\" parent_dynamic_content=\"\"][fusion_toggle title=\"mehr erfahren\" open=\"no\" awb-switch-editor-focus=\"\" class=\"\" id=\"\" fusion_font_family_title_font=\"Manrope\" fusion_font_variant_title_font=\"400\" title_font_size=\"13px\" title_line_height=\"1.3\" title_letter_spacing=\"\" title_text_transform=\"\" title_color=\"var(--awb-color8)\" hue=\"\" saturation=\"\" lightness=\"\" alpha=\"\" fusion_font_family_content_font=\"Manrope\" fusion_font_variant_content_font=\"400\" content_font_size=\"13px\" content_line_height=\"1.3\" content_letter_spacing=\"\" content_text_transform=\"\" content_color=\"var(--awb-color6)\"]<\/p>\n<p>Ideal f\u00fcr diejenigen, die Linderung und Pflege f\u00fcr ihre t\u00e4gliche Mundgesundheit suchen, enth\u00e4lt das Piuma Gesunde Z\u00e4hne Mundwasser:<\/p>\n<ul>\n<li><b>Kamille, Bisabolol und Salbe<\/b>i: f\u00fcr eine entspannende und beruhigende Wirkung auf das Zahnfleisch.<\/li>\n<li><b>Ratanhia und Zinkchlorid<\/b>: zur Vorbeugung und Reduzierung von Entz\u00fcndungszust\u00e4nden.<\/li>\n<li><b>Vitamin C und E<\/b>: f\u00fcr eine antioxidative Wirkung, die die Mundgesundheit unterst\u00fctzt.<\/li>\n<li><b>Glycerin<\/b>: zum Hydratisieren und Sch\u00fctzen der Schleimh\u00e4ute.<\/li>\n<\/ul>\n<p>Jede Anwendung des Piuma Mundwassers tr\u00e4gt dazu bei, den Mund gesund und gesch\u00fctzt<br \/>\nzu halten und passt perfekt in deine t\u00e4gliche Mundhygieneroutine. Entdecke die perfekte<br \/>\nBalance zwischen Innovation und Natur f\u00fcr ein strahlendes L\u00e4cheln.<\/p>\n<p>[\/fusion_toggle][\/fusion_accordion]<\/p>\n","protected":false},"featured_media":19002,"template":"","meta":[],"product_brand":[],"product_cat":[533],"product_tag":[534],"class_list":{"0":"post-18990","1":"product","2":"type-product","3":"status-publish","4":"has-post-thumbnail","6":"product_cat-oral-care-de","7":"product_tag-mundwasser","9":"first","10":"instock","11":"shipping-taxable","12":"purchasable","13":"product-type-simple"},"yoast_head":"<!-- This site is optimized with the Yoast SEO plugin v27.4 - https:\/\/yoast.com\/product\/yoast-seo-wordpress\/ -->\n<title>Spazzolino antibatterico Nero - Piuma Care<\/title>\n<meta name=\"description\" content=\"Spazzolino antibattericolo Nero dal design pluripremiato. Con micro-setole delicate che permettono un&#039;igiene orale accurata, senza irritare le gengive.\" \/>\n<meta name=\"robots\" content=\"index, follow, max-snippet:-1, max-image-preview:large, max-video-preview:-1\" \/>\n<link rel=\"canonical\" href=\"https:\/\/www.piumacare.com\/de\/product\/gesunde-zaehne-mundwasser\/\" \/>\n<meta property=\"og:locale\" content=\"de_DE\" \/>\n<meta property=\"og:type\" content=\"article\" \/>\n<meta property=\"og:title\" content=\"Spazzolino antibatterico Nero - Piuma Care\" \/>\n<meta property=\"og:description\" content=\"Spazzolino antibattericolo Nero dal design pluripremiato. Con micro-setole delicate che permettono un&#039;igiene orale accurata, senza irritare le gengive.\" \/>\n<meta property=\"og:url\" content=\"https:\/\/www.piumacare.com\/de\/product\/gesunde-zaehne-mundwasser\/\" \/>\n<meta property=\"og:site_name\" content=\"Piuma Care\" \/>\n<meta property=\"article:modified_time\" content=\"2025-05-01T10:32:51+00:00\" \/>\n<meta property=\"og:image\" content=\"https:\/\/www.piumacare.com\/wp-content\/uploads\/2025\/03\/COLLUTORIO-GENGIVE-SANE.jpg\" \/>\n\t<meta property=\"og:image:width\" content=\"2000\" \/>\n\t<meta property=\"og:image:height\" content=\"2000\" \/>\n\t<meta property=\"og:image:type\" content=\"image\/jpeg\" \/>\n<meta name=\"twitter:card\" content=\"summary_large_image\" \/>\n<meta name=\"twitter:label1\" content=\"Gesch\u00e4tzte Lesezeit\" \/>\n\t<meta name=\"twitter:data1\" content=\"1\u00a0Minute\" \/>\n<script type=\"application\/ld+json\" class=\"yoast-schema-graph\">{\"@context\":\"https:\\\/\\\/schema.org\",\"@graph\":[{\"@type\":\"WebPage\",\"@id\":\"https:\\\/\\\/www.piumacare.com\\\/de\\\/product\\\/gesunde-zaehne-mundwasser\\\/\",\"url\":\"https:\\\/\\\/www.piumacare.com\\\/de\\\/product\\\/gesunde-zaehne-mundwasser\\\/\",\"name\":\"Spazzolino antibatterico Nero - Piuma Care\",\"isPartOf\":{\"@id\":\"https:\\\/\\\/www.piumacare.com\\\/de\\\/#website\"},\"primaryImageOfPage\":{\"@id\":\"https:\\\/\\\/www.piumacare.com\\\/de\\\/product\\\/gesunde-zaehne-mundwasser\\\/#primaryimage\"},\"image\":{\"@id\":\"https:\\\/\\\/www.piumacare.com\\\/de\\\/product\\\/gesunde-zaehne-mundwasser\\\/#primaryimage\"},\"thumbnailUrl\":\"https:\\\/\\\/www.piumacare.com\\\/wp-content\\\/uploads\\\/2025\\\/03\\\/COLLUTORIO-GENGIVE-SANE.jpg\",\"datePublished\":\"2025-03-13T21:16:25+00:00\",\"dateModified\":\"2025-05-01T10:32:51+00:00\",\"description\":\"Spazzolino antibattericolo Nero dal design pluripremiato. Con micro-setole delicate che permettono un'igiene orale accurata, senza irritare le gengive.\",\"breadcrumb\":{\"@id\":\"https:\\\/\\\/www.piumacare.com\\\/de\\\/product\\\/gesunde-zaehne-mundwasser\\\/#breadcrumb\"},\"inLanguage\":\"de\",\"potentialAction\":[{\"@type\":\"ReadAction\",\"target\":[\"https:\\\/\\\/www.piumacare.com\\\/de\\\/product\\\/gesunde-zaehne-mundwasser\\\/\"]}]},{\"@type\":\"ImageObject\",\"inLanguage\":\"de\",\"@id\":\"https:\\\/\\\/www.piumacare.com\\\/de\\\/product\\\/gesunde-zaehne-mundwasser\\\/#primaryimage\",\"url\":\"https:\\\/\\\/www.piumacare.com\\\/wp-content\\\/uploads\\\/2025\\\/03\\\/COLLUTORIO-GENGIVE-SANE.jpg\",\"contentUrl\":\"https:\\\/\\\/www.piumacare.com\\\/wp-content\\\/uploads\\\/2025\\\/03\\\/COLLUTORIO-GENGIVE-SANE.jpg\",\"width\":2000,\"height\":2000,\"caption\":\"OLYMPUS DIGITAL CAMERA\"},{\"@type\":\"BreadcrumbList\",\"@id\":\"https:\\\/\\\/www.piumacare.com\\\/de\\\/product\\\/gesunde-zaehne-mundwasser\\\/#breadcrumb\",\"itemListElement\":[{\"@type\":\"ListItem\",\"position\":1,\"name\":\"Home\",\"item\":\"https:\\\/\\\/www.piumacare.com\\\/de\\\/home-de\\\/\"},{\"@type\":\"ListItem\",\"position\":2,\"name\":\"Shop\",\"item\":\"https:\\\/\\\/www.piumacare.com\\\/de\\\/shop-2\\\/\"},{\"@type\":\"ListItem\",\"position\":3,\"name\":\"Gesunde z\u00e4hne-mundwasser\"}]},{\"@type\":\"WebSite\",\"@id\":\"https:\\\/\\\/www.piumacare.com\\\/de\\\/#website\",\"url\":\"https:\\\/\\\/www.piumacare.com\\\/de\\\/\",\"name\":\"Piuma Care\",\"description\":\"La scienza del sorriso\",\"potentialAction\":[{\"@type\":\"SearchAction\",\"target\":{\"@type\":\"EntryPoint\",\"urlTemplate\":\"https:\\\/\\\/www.piumacare.com\\\/de\\\/?s={search_term_string}\"},\"query-input\":{\"@type\":\"PropertyValueSpecification\",\"valueRequired\":true,\"valueName\":\"search_term_string\"}}],\"inLanguage\":\"de\"}]}<\/script>\n<!-- \/ Yoast SEO plugin. -->","yoast_head_json":{"title":"Spazzolino antibatterico Nero - Piuma Care","description":"Spazzolino antibattericolo Nero dal design pluripremiato. Con micro-setole delicate che permettono un'igiene orale accurata, senza irritare le gengive.","robots":{"index":"index","follow":"follow","max-snippet":"max-snippet:-1","max-image-preview":"max-image-preview:large","max-video-preview":"max-video-preview:-1"},"canonical":"https:\/\/www.piumacare.com\/de\/product\/gesunde-zaehne-mundwasser\/","og_locale":"de_DE","og_type":"article","og_title":"Spazzolino antibatterico Nero - Piuma Care","og_description":"Spazzolino antibattericolo Nero dal design pluripremiato. Con micro-setole delicate che permettono un'igiene orale accurata, senza irritare le gengive.","og_url":"https:\/\/www.piumacare.com\/de\/product\/gesunde-zaehne-mundwasser\/","og_site_name":"Piuma Care","article_modified_time":"2025-05-01T10:32:51+00:00","og_image":[{"width":2000,"height":2000,"url":"https:\/\/www.piumacare.com\/wp-content\/uploads\/2025\/03\/COLLUTORIO-GENGIVE-SANE.jpg","type":"image\/jpeg"}],"twitter_card":"summary_large_image","twitter_misc":{"Gesch\u00e4tzte Lesezeit":"1\u00a0Minute"},"schema":{"@context":"https:\/\/schema.org","@graph":[{"@type":"WebPage","@id":"https:\/\/www.piumacare.com\/de\/product\/gesunde-zaehne-mundwasser\/","url":"https:\/\/www.piumacare.com\/de\/product\/gesunde-zaehne-mundwasser\/","name":"Spazzolino antibatterico Nero - Piuma Care","isPartOf":{"@id":"https:\/\/www.piumacare.com\/de\/#website"},"primaryImageOfPage":{"@id":"https:\/\/www.piumacare.com\/de\/product\/gesunde-zaehne-mundwasser\/#primaryimage"},"image":{"@id":"https:\/\/www.piumacare.com\/de\/product\/gesunde-zaehne-mundwasser\/#primaryimage"},"thumbnailUrl":"https:\/\/www.piumacare.com\/wp-content\/uploads\/2025\/03\/COLLUTORIO-GENGIVE-SANE.jpg","datePublished":"2025-03-13T21:16:25+00:00","dateModified":"2025-05-01T10:32:51+00:00","description":"Spazzolino antibattericolo Nero dal design pluripremiato. Con micro-setole delicate che permettono un'igiene orale accurata, senza irritare le gengive.","breadcrumb":{"@id":"https:\/\/www.piumacare.com\/de\/product\/gesunde-zaehne-mundwasser\/#breadcrumb"},"inLanguage":"de","potentialAction":[{"@type":"ReadAction","target":["https:\/\/www.piumacare.com\/de\/product\/gesunde-zaehne-mundwasser\/"]}]},{"@type":"ImageObject","inLanguage":"de","@id":"https:\/\/www.piumacare.com\/de\/product\/gesunde-zaehne-mundwasser\/#primaryimage","url":"https:\/\/www.piumacare.com\/wp-content\/uploads\/2025\/03\/COLLUTORIO-GENGIVE-SANE.jpg","contentUrl":"https:\/\/www.piumacare.com\/wp-content\/uploads\/2025\/03\/COLLUTORIO-GENGIVE-SANE.jpg","width":2000,"height":2000,"caption":"OLYMPUS DIGITAL CAMERA"},{"@type":"BreadcrumbList","@id":"https:\/\/www.piumacare.com\/de\/product\/gesunde-zaehne-mundwasser\/#breadcrumb","itemListElement":[{"@type":"ListItem","position":1,"name":"Home","item":"https:\/\/www.piumacare.com\/de\/home-de\/"},{"@type":"ListItem","position":2,"name":"Shop","item":"https:\/\/www.piumacare.com\/de\/shop-2\/"},{"@type":"ListItem","position":3,"name":"Gesunde z\u00e4hne-mundwasser"}]},{"@type":"WebSite","@id":"https:\/\/www.piumacare.com\/de\/#website","url":"https:\/\/www.piumacare.com\/de\/","name":"Piuma Care","description":"La scienza del sorriso","potentialAction":[{"@type":"SearchAction","target":{"@type":"EntryPoint","urlTemplate":"https:\/\/www.piumacare.com\/de\/?s={search_term_string}"},"query-input":{"@type":"PropertyValueSpecification","valueRequired":true,"valueName":"search_term_string"}}],"inLanguage":"de"}]}},"_links":{"self":[{"href":"https:\/\/www.piumacare.com\/de\/wp-json\/wp\/v2\/product\/18990","targetHints":{"allow":["GET"]}}],"collection":[{"href":"https:\/\/www.piumacare.com\/de\/wp-json\/wp\/v2\/product"}],"about":[{"href":"https:\/\/www.piumacare.com\/de\/wp-json\/wp\/v2\/types\/product"}],"wp:featuredmedia":[{"embeddable":true,"href":"https:\/\/www.piumacare.com\/de\/wp-json\/wp\/v2\/media\/19002"}],"wp:attachment":[{"href":"https:\/\/www.piumacare.com\/de\/wp-json\/wp\/v2\/media?parent=18990"}],"wp:term":[{"taxonomy":"product_brand","embeddable":true,"href":"https:\/\/www.piumacare.com\/de\/wp-json\/wp\/v2\/product_brand?post=18990"},{"taxonomy":"product_cat","embeddable":true,"href":"https:\/\/www.piumacare.com\/de\/wp-json\/wp\/v2\/product_cat?post=18990"},{"taxonomy":"product_tag","embeddable":true,"href":"https:\/\/www.piumacare.com\/de\/wp-json\/wp\/v2\/product_tag?post=18990"}],"curies":[{"name":"wp","href":"https:\/\/api.w.org\/{rel}","templated":true}]}}