{"id":19517,"date":"2025-03-18T09:29:45","date_gmt":"2025-03-18T08:29:45","guid":{"rendered":"https:\/\/www.piumacare.com\/?post_type=product&#038;p=19517"},"modified":"2025-04-22T18:07:00","modified_gmt":"2025-04-22T16:07:00","slug":"base-black","status":"publish","type":"product","link":"https:\/\/www.piumacare.com\/de\/product\/base-black\/","title":{"rendered":"Base Black"},"content":{"rendered":"<div class=\"fusion-fullwidth fullwidth-box fusion-builder-row-1 fusion-flex-container has-pattern-background has-mask-background nonhundred-percent-fullwidth non-hundred-percent-height-scrolling\" style=\"--awb-border-radius-top-left:0px;--awb-border-radius-top-right:0px;--awb-border-radius-bottom-right:0px;--awb-border-radius-bottom-left:0px;--awb-padding-top:0px;--awb-padding-right:0px;--awb-padding-bottom:0px;--awb-padding-left:0px;--awb-margin-top:0px;--awb-margin-bottom:0px;--awb-flex-wrap:wrap;\" ><div class=\"fusion-builder-row fusion-row fusion-flex-align-items-flex-start fusion-flex-content-wrap\" style=\"max-width:1248px;margin-left: calc(-4% \/ 2 );margin-right: calc(-4% \/ 2 );\"><div class=\"fusion-layout-column fusion_builder_column fusion-builder-column-0 fusion_builder_column_1_1 1_1 fusion-flex-column\" style=\"--awb-bg-size:cover;--awb-width-large:100%;--awb-margin-top-large:0px;--awb-spacing-right-large:1.92%;--awb-margin-bottom-large:20px;--awb-spacing-left-large:1.92%;--awb-width-medium:100%;--awb-order-medium:0;--awb-spacing-right-medium:1.92%;--awb-spacing-left-medium:1.92%;--awb-width-small:100%;--awb-order-small:0;--awb-spacing-right-small:1.92%;--awb-spacing-left-small:1.92%;\"><div class=\"fusion-column-wrapper fusion-column-has-shadow fusion-flex-justify-content-flex-start fusion-content-layout-column\"><div class=\"fusion-image-element \" style=\"--awb-caption-title-font-family:var(--h2_typography-font-family);--awb-caption-title-font-weight:var(--h2_typography-font-weight);--awb-caption-title-font-style:var(--h2_typography-font-style);--awb-caption-title-size:var(--h2_typography-font-size);--awb-caption-title-transform:var(--h2_typography-text-transform);--awb-caption-title-line-height:var(--h2_typography-line-height);--awb-caption-title-letter-spacing:var(--h2_typography-letter-spacing);\"><span class=\" fusion-imageframe imageframe-none imageframe-1 hover-type-none\"><img decoding=\"async\" width=\"1000\" height=\"1000\" alt=\"Product_base-black\" title=\"Product_base-black\" src=\"https:\/\/www.piumacare.com\/wp-content\/uploads\/2021\/07\/Product_base-black.png\" class=\"img-responsive wp-image-1447\" srcset=\"https:\/\/www.piumacare.com\/wp-content\/uploads\/2021\/07\/Product_base-black-200x200.png 200w, https:\/\/www.piumacare.com\/wp-content\/uploads\/2021\/07\/Product_base-black-400x400.png 400w, https:\/\/www.piumacare.com\/wp-content\/uploads\/2021\/07\/Product_base-black-600x600.png 600w, https:\/\/www.piumacare.com\/wp-content\/uploads\/2021\/07\/Product_base-black-800x800.png 800w, https:\/\/www.piumacare.com\/wp-content\/uploads\/2021\/07\/Product_base-black.png 1000w\" sizes=\"(max-width: 640px) 100vw, 1000px\" \/><\/span><\/div><\/div><\/div><\/div><\/div>\n","protected":false},"excerpt":{"rendered":"<p style=\"font-weight: 400;\"><strong>Piuma Kalender-Basis<\/strong><b>.<\/b><\/p>\n<p><span lang=\"it\">Die Piuma Kalender-Basis ist eine patentierte L\u00f6sung, die Ihre Zahnb\u00fcrste h\u00e4lt und Ihnen hilft, den richtigen Zeitpunkt f\u00fcr den Austausch nicht zu verpassen. Stellen Sie einfach den Startmonat ein \u2014 die Basis zeigt Ihnen automatisch an, wann der Wechsel ansteht, und erleichtert so die Pflege Ihrer Mundhygiene. <\/span><\/p>\n<p style=\"font-weight: 400;\"><b>Eigenschaften<\/b><br \/>\n\u2714 Automatische Erinnerung zum Wechsel der Zahnb\u00fcrste.<br \/>\n\u2714 Praktische Halterung ohne sperrige Gegenst\u00e4nde.<br \/>\n\u2714 Drainagesystem f\u00fcr ein sauberes und hygienisches Badezimmer.<\/p>\n<p style=\"font-weight: 400;\"><b>Innovation, Funktionalit\u00e4t und Hygiene \u2014 vereint in einem einzigen Produkt.<\/b><\/p>\n<p><span style=\"padding-right: 80px;\">Farbe: Black<\/span><br \/>\n<img decoding=\"async\" class=\"alignnone wp-image-8178\" src=\"https:\/\/www.piumacare.com\/wp-content\/uploads\/2021\/07\/icone_colore_Tavola-disegno-1.svg\" alt=\"\" width=\"40\" height=\"40\" \/><a href=\"https:\/\/www.piumacare.com\/product\/base-grey\/\"><img decoding=\"async\" class=\"alignnone wp-image-8163\" src=\"https:\/\/www.piumacare.com\/wp-content\/uploads\/2021\/07\/icone_colore_Tavola-disegno-1-copia-3.svg\" alt=\"\" width=\"40\" height=\"40\" \/><\/a><a href=\"https:\/\/www.piumacare.com\/product\/base-white\/\"><img decoding=\"async\" class=\"alignnone wp-image-8168\" src=\"https:\/\/www.piumacare.com\/wp-content\/uploads\/2021\/07\/icone_colore_Tavola-disegno-1-copia-5.svg\" alt=\"\" width=\"40\" height=\"40\" \/><\/a><a href=\"https:\/\/www.piumacare.com\/product\/base-magenta\/\"><img decoding=\"async\" class=\"alignnone wp-image-8173\" src=\"https:\/\/www.piumacare.com\/wp-content\/uploads\/2025\/01\/icona_colore_Magenta.svg\" alt=\"\" width=\"40\" height=\"40\" \/><\/a><a href=\"https:\/\/www.piumacare.com\/product\/base-aqua\/\"><img decoding=\"async\" class=\"alignnone wp-image-8173\" src=\"https:\/\/www.piumacare.com\/wp-content\/uploads\/2025\/03\/icone_colore_AQUA-GREEN.svg\" alt=\"\" width=\"40\" height=\"40\" \/><\/a><a href=\"https:\/\/www.piumacare.com\/product\/base-pink\/\"><img decoding=\"async\" class=\"alignnone wp-image-8173\" src=\"https:\/\/www.piumacare.com\/wp-content\/uploads\/2025\/03\/icone_colore_BABY_PINK.svg\" alt=\"\" width=\"40\" height=\"40\" \/><\/a><\/p>\n","protected":false},"featured_media":19225,"template":"","meta":[],"product_brand":[],"product_cat":[556],"product_tag":[118],"class_list":{"0":"post-19517","1":"product","2":"type-product","3":"status-publish","4":"has-post-thumbnail","6":"product_cat-kalender-basis","7":"product_tag-perfect-black-de","9":"first","10":"instock","11":"shipping-taxable","12":"purchasable","13":"product-type-simple"},"yoast_head":"<!-- This site is optimized with the Yoast SEO plugin v27.3 - https:\/\/yoast.com\/product\/yoast-seo-wordpress\/ -->\n<title>Base Calendar Black - Piuma Care<\/title>\n<meta name=\"description\" content=\"Die Piuma Kalender-Basis ist eine patentierte L\u00f6sung, die Ihre Zahnb\u00fcrste h\u00e4lt und Ihnen hilft, den richtigen Zeitpunkt f\u00fcr den Austausch nicht zu verpassen.\" \/>\n<meta name=\"robots\" content=\"index, follow, max-snippet:-1, max-image-preview:large, max-video-preview:-1\" \/>\n<link rel=\"canonical\" href=\"https:\/\/www.piumacare.com\/de\/product\/base-black\/\" \/>\n<meta property=\"og:locale\" content=\"de_DE\" \/>\n<meta property=\"og:type\" content=\"article\" \/>\n<meta property=\"og:title\" content=\"Base Calendar Black - Piuma Care\" \/>\n<meta property=\"og:description\" content=\"Die Piuma Kalender-Basis ist eine patentierte L\u00f6sung, die Ihre Zahnb\u00fcrste h\u00e4lt und Ihnen hilft, den richtigen Zeitpunkt f\u00fcr den Austausch nicht zu verpassen.\" \/>\n<meta property=\"og:url\" content=\"https:\/\/www.piumacare.com\/de\/product\/base-black\/\" \/>\n<meta property=\"og:site_name\" content=\"Piuma Care\" \/>\n<meta property=\"article:modified_time\" content=\"2025-04-22T16:07:00+00:00\" \/>\n<meta property=\"og:image\" content=\"https:\/\/www.piumacare.com\/wp-content\/uploads\/2025\/03\/Base-perfect-black.jpg\" \/>\n\t<meta property=\"og:image:width\" content=\"2000\" \/>\n\t<meta property=\"og:image:height\" content=\"2000\" \/>\n\t<meta property=\"og:image:type\" content=\"image\/jpeg\" \/>\n<meta name=\"twitter:card\" content=\"summary_large_image\" \/>\n<meta name=\"twitter:label1\" content=\"Gesch\u00e4tzte Lesezeit\" \/>\n\t<meta name=\"twitter:data1\" content=\"1\u00a0Minute\" \/>\n<script type=\"application\/ld+json\" class=\"yoast-schema-graph\">{\"@context\":\"https:\\\/\\\/schema.org\",\"@graph\":[{\"@type\":\"WebPage\",\"@id\":\"https:\\\/\\\/www.piumacare.com\\\/de\\\/product\\\/base-black\\\/\",\"url\":\"https:\\\/\\\/www.piumacare.com\\\/de\\\/product\\\/base-black\\\/\",\"name\":\"Base Calendar Black - Piuma Care\",\"isPartOf\":{\"@id\":\"https:\\\/\\\/www.piumacare.com\\\/de\\\/#website\"},\"primaryImageOfPage\":{\"@id\":\"https:\\\/\\\/www.piumacare.com\\\/de\\\/product\\\/base-black\\\/#primaryimage\"},\"image\":{\"@id\":\"https:\\\/\\\/www.piumacare.com\\\/de\\\/product\\\/base-black\\\/#primaryimage\"},\"thumbnailUrl\":\"https:\\\/\\\/www.piumacare.com\\\/wp-content\\\/uploads\\\/2025\\\/03\\\/Base-perfect-black.jpg\",\"datePublished\":\"2025-03-18T08:29:45+00:00\",\"dateModified\":\"2025-04-22T16:07:00+00:00\",\"description\":\"Die Piuma Kalender-Basis ist eine patentierte L\u00f6sung, die Ihre Zahnb\u00fcrste h\u00e4lt und Ihnen hilft, den richtigen Zeitpunkt f\u00fcr den Austausch nicht zu verpassen.\",\"breadcrumb\":{\"@id\":\"https:\\\/\\\/www.piumacare.com\\\/de\\\/product\\\/base-black\\\/#breadcrumb\"},\"inLanguage\":\"de\",\"potentialAction\":[{\"@type\":\"ReadAction\",\"target\":[\"https:\\\/\\\/www.piumacare.com\\\/de\\\/product\\\/base-black\\\/\"]}]},{\"@type\":\"ImageObject\",\"inLanguage\":\"de\",\"@id\":\"https:\\\/\\\/www.piumacare.com\\\/de\\\/product\\\/base-black\\\/#primaryimage\",\"url\":\"https:\\\/\\\/www.piumacare.com\\\/wp-content\\\/uploads\\\/2025\\\/03\\\/Base-perfect-black.jpg\",\"contentUrl\":\"https:\\\/\\\/www.piumacare.com\\\/wp-content\\\/uploads\\\/2025\\\/03\\\/Base-perfect-black.jpg\",\"width\":2000,\"height\":2000},{\"@type\":\"BreadcrumbList\",\"@id\":\"https:\\\/\\\/www.piumacare.com\\\/de\\\/product\\\/base-black\\\/#breadcrumb\",\"itemListElement\":[{\"@type\":\"ListItem\",\"position\":1,\"name\":\"Home\",\"item\":\"https:\\\/\\\/www.piumacare.com\\\/de\\\/home-de\\\/\"},{\"@type\":\"ListItem\",\"position\":2,\"name\":\"Shop\",\"item\":\"https:\\\/\\\/www.piumacare.com\\\/de\\\/shop-2\\\/\"},{\"@type\":\"ListItem\",\"position\":3,\"name\":\"Base Black\"}]},{\"@type\":\"WebSite\",\"@id\":\"https:\\\/\\\/www.piumacare.com\\\/de\\\/#website\",\"url\":\"https:\\\/\\\/www.piumacare.com\\\/de\\\/\",\"name\":\"Piuma Care\",\"description\":\"La scienza del sorriso\",\"potentialAction\":[{\"@type\":\"SearchAction\",\"target\":{\"@type\":\"EntryPoint\",\"urlTemplate\":\"https:\\\/\\\/www.piumacare.com\\\/de\\\/?s={search_term_string}\"},\"query-input\":{\"@type\":\"PropertyValueSpecification\",\"valueRequired\":true,\"valueName\":\"search_term_string\"}}],\"inLanguage\":\"de\"}]}<\/script>\n<!-- \/ Yoast SEO plugin. -->","yoast_head_json":{"title":"Base Calendar Black - Piuma Care","description":"Die Piuma Kalender-Basis ist eine patentierte L\u00f6sung, die Ihre Zahnb\u00fcrste h\u00e4lt und Ihnen hilft, den richtigen Zeitpunkt f\u00fcr den Austausch nicht zu verpassen.","robots":{"index":"index","follow":"follow","max-snippet":"max-snippet:-1","max-image-preview":"max-image-preview:large","max-video-preview":"max-video-preview:-1"},"canonical":"https:\/\/www.piumacare.com\/de\/product\/base-black\/","og_locale":"de_DE","og_type":"article","og_title":"Base Calendar Black - Piuma Care","og_description":"Die Piuma Kalender-Basis ist eine patentierte L\u00f6sung, die Ihre Zahnb\u00fcrste h\u00e4lt und Ihnen hilft, den richtigen Zeitpunkt f\u00fcr den Austausch nicht zu verpassen.","og_url":"https:\/\/www.piumacare.com\/de\/product\/base-black\/","og_site_name":"Piuma Care","article_modified_time":"2025-04-22T16:07:00+00:00","og_image":[{"width":2000,"height":2000,"url":"https:\/\/www.piumacare.com\/wp-content\/uploads\/2025\/03\/Base-perfect-black.jpg","type":"image\/jpeg"}],"twitter_card":"summary_large_image","twitter_misc":{"Gesch\u00e4tzte Lesezeit":"1\u00a0Minute"},"schema":{"@context":"https:\/\/schema.org","@graph":[{"@type":"WebPage","@id":"https:\/\/www.piumacare.com\/de\/product\/base-black\/","url":"https:\/\/www.piumacare.com\/de\/product\/base-black\/","name":"Base Calendar Black - Piuma Care","isPartOf":{"@id":"https:\/\/www.piumacare.com\/de\/#website"},"primaryImageOfPage":{"@id":"https:\/\/www.piumacare.com\/de\/product\/base-black\/#primaryimage"},"image":{"@id":"https:\/\/www.piumacare.com\/de\/product\/base-black\/#primaryimage"},"thumbnailUrl":"https:\/\/www.piumacare.com\/wp-content\/uploads\/2025\/03\/Base-perfect-black.jpg","datePublished":"2025-03-18T08:29:45+00:00","dateModified":"2025-04-22T16:07:00+00:00","description":"Die Piuma Kalender-Basis ist eine patentierte L\u00f6sung, die Ihre Zahnb\u00fcrste h\u00e4lt und Ihnen hilft, den richtigen Zeitpunkt f\u00fcr den Austausch nicht zu verpassen.","breadcrumb":{"@id":"https:\/\/www.piumacare.com\/de\/product\/base-black\/#breadcrumb"},"inLanguage":"de","potentialAction":[{"@type":"ReadAction","target":["https:\/\/www.piumacare.com\/de\/product\/base-black\/"]}]},{"@type":"ImageObject","inLanguage":"de","@id":"https:\/\/www.piumacare.com\/de\/product\/base-black\/#primaryimage","url":"https:\/\/www.piumacare.com\/wp-content\/uploads\/2025\/03\/Base-perfect-black.jpg","contentUrl":"https:\/\/www.piumacare.com\/wp-content\/uploads\/2025\/03\/Base-perfect-black.jpg","width":2000,"height":2000},{"@type":"BreadcrumbList","@id":"https:\/\/www.piumacare.com\/de\/product\/base-black\/#breadcrumb","itemListElement":[{"@type":"ListItem","position":1,"name":"Home","item":"https:\/\/www.piumacare.com\/de\/home-de\/"},{"@type":"ListItem","position":2,"name":"Shop","item":"https:\/\/www.piumacare.com\/de\/shop-2\/"},{"@type":"ListItem","position":3,"name":"Base Black"}]},{"@type":"WebSite","@id":"https:\/\/www.piumacare.com\/de\/#website","url":"https:\/\/www.piumacare.com\/de\/","name":"Piuma Care","description":"La scienza del sorriso","potentialAction":[{"@type":"SearchAction","target":{"@type":"EntryPoint","urlTemplate":"https:\/\/www.piumacare.com\/de\/?s={search_term_string}"},"query-input":{"@type":"PropertyValueSpecification","valueRequired":true,"valueName":"search_term_string"}}],"inLanguage":"de"}]}},"_links":{"self":[{"href":"https:\/\/www.piumacare.com\/de\/wp-json\/wp\/v2\/product\/19517","targetHints":{"allow":["GET"]}}],"collection":[{"href":"https:\/\/www.piumacare.com\/de\/wp-json\/wp\/v2\/product"}],"about":[{"href":"https:\/\/www.piumacare.com\/de\/wp-json\/wp\/v2\/types\/product"}],"wp:featuredmedia":[{"embeddable":true,"href":"https:\/\/www.piumacare.com\/de\/wp-json\/wp\/v2\/media\/19225"}],"wp:attachment":[{"href":"https:\/\/www.piumacare.com\/de\/wp-json\/wp\/v2\/media?parent=19517"}],"wp:term":[{"taxonomy":"product_brand","embeddable":true,"href":"https:\/\/www.piumacare.com\/de\/wp-json\/wp\/v2\/product_brand?post=19517"},{"taxonomy":"product_cat","embeddable":true,"href":"https:\/\/www.piumacare.com\/de\/wp-json\/wp\/v2\/product_cat?post=19517"},{"taxonomy":"product_tag","embeddable":true,"href":"https:\/\/www.piumacare.com\/de\/wp-json\/wp\/v2\/product_tag?post=19517"}],"curies":[{"name":"wp","href":"https:\/\/api.w.org\/{rel}","templated":true}]}}