{"id":19543,"date":"2025-03-18T09:55:06","date_gmt":"2025-03-18T08:55:06","guid":{"rendered":"https:\/\/www.piumacare.com\/?post_type=product&#038;p=19543"},"modified":"2025-04-22T18:04:27","modified_gmt":"2025-04-22T16:04:27","slug":"base-pink","status":"publish","type":"product","link":"https:\/\/www.piumacare.com\/de\/product\/base-pink\/","title":{"rendered":"Base Pink"},"content":{"rendered":"<div class=\"fusion-fullwidth fullwidth-box fusion-builder-row-1 fusion-flex-container has-pattern-background has-mask-background nonhundred-percent-fullwidth non-hundred-percent-height-scrolling\" style=\"--awb-border-radius-top-left:0px;--awb-border-radius-top-right:0px;--awb-border-radius-bottom-right:0px;--awb-border-radius-bottom-left:0px;--awb-padding-top:0px;--awb-padding-right:0px;--awb-padding-bottom:0px;--awb-padding-left:0px;--awb-margin-top:0px;--awb-margin-bottom:0px;--awb-flex-wrap:wrap;\" ><div class=\"fusion-builder-row fusion-row fusion-flex-align-items-flex-start fusion-flex-content-wrap\" style=\"max-width:1248px;margin-left: calc(-4% \/ 2 );margin-right: calc(-4% \/ 2 );\"><div class=\"fusion-layout-column fusion_builder_column fusion-builder-column-0 fusion_builder_column_1_1 1_1 fusion-flex-column\" style=\"--awb-bg-size:cover;--awb-width-large:100%;--awb-margin-top-large:0px;--awb-spacing-right-large:1.92%;--awb-margin-bottom-large:20px;--awb-spacing-left-large:1.92%;--awb-width-medium:100%;--awb-order-medium:0;--awb-spacing-right-medium:1.92%;--awb-spacing-left-medium:1.92%;--awb-width-small:100%;--awb-order-small:0;--awb-spacing-right-small:1.92%;--awb-spacing-left-small:1.92%;\"><div class=\"fusion-column-wrapper fusion-column-has-shadow fusion-flex-justify-content-flex-start fusion-content-layout-column\"><div class=\"fusion-image-element \" style=\"--awb-caption-title-font-family:var(--h2_typography-font-family);--awb-caption-title-font-weight:var(--h2_typography-font-weight);--awb-caption-title-font-style:var(--h2_typography-font-style);--awb-caption-title-size:var(--h2_typography-font-size);--awb-caption-title-transform:var(--h2_typography-text-transform);--awb-caption-title-line-height:var(--h2_typography-line-height);--awb-caption-title-letter-spacing:var(--h2_typography-letter-spacing);\"><span class=\" fusion-imageframe imageframe-none imageframe-1 hover-type-none\"><img decoding=\"async\" width=\"2560\" height=\"2560\" alt=\"Piuma Care: Base Very magenta\" title=\"BASE_MG\" src=\"https:\/\/www.piumacare.com\/wp-content\/uploads\/2023\/06\/BASE_MG-scaled.jpg\" class=\"img-responsive wp-image-14790\" srcset=\"https:\/\/www.piumacare.com\/wp-content\/uploads\/2023\/06\/BASE_MG-200x200.jpg 200w, https:\/\/www.piumacare.com\/wp-content\/uploads\/2023\/06\/BASE_MG-400x400.jpg 400w, https:\/\/www.piumacare.com\/wp-content\/uploads\/2023\/06\/BASE_MG-600x600.jpg 600w, https:\/\/www.piumacare.com\/wp-content\/uploads\/2023\/06\/BASE_MG-800x800.jpg 800w, https:\/\/www.piumacare.com\/wp-content\/uploads\/2023\/06\/BASE_MG-1200x1200.jpg 1200w, https:\/\/www.piumacare.com\/wp-content\/uploads\/2023\/06\/BASE_MG-scaled.jpg 2560w\" sizes=\"(max-width: 640px) 100vw, 1200px\" \/><\/span><\/div><\/div><\/div><\/div><\/div>\n","protected":false},"excerpt":{"rendered":"<p style=\"font-weight: 400;\"><strong>Piuma Kalender-Basis<\/strong><b>.<\/b><\/p>\n<p><span lang=\"it\">Die Piuma Kalender-Basis ist eine patentierte L\u00f6sung, die Ihre Zahnb\u00fcrste h\u00e4lt und Ihnen hilft, den richtigen Zeitpunkt f\u00fcr den Austausch nicht zu verpassen. Stellen Sie einfach den Startmonat ein \u2014 die Basis zeigt Ihnen automatisch an, wann der Wechsel ansteht, und erleichtert so die Pflege Ihrer Mundhygiene. <\/span><\/p>\n<p style=\"font-weight: 400;\"><b>Eigenschaften<\/b><br \/>\n\u2714 Automatische Erinnerung zum Wechsel der Zahnb\u00fcrste.<br \/>\n\u2714 Praktische Halterung ohne sperrige Gegenst\u00e4nde.<br \/>\n\u2714 Drainagesystem f\u00fcr ein sauberes und hygienisches Badezimmer.<\/p>\n<p style=\"font-weight: 400;\"><b>Innovation, Funktionalit\u00e4t und Hygiene \u2014 vereint in einem einzigen Produkt.<\/b><\/p>\n<p><span style=\"padding-right: 80px;\">Farbe: Pink<\/span><br \/>\n<a href=\"https:\/\/www.piumacare.com\/de\/?post_type=product&#038;p=19517\"><img decoding=\"async\" class=\"alignnone wp-image-8178\" src=\"https:\/\/www.piumacare.com\/wp-content\/uploads\/2021\/07\/icone_colore_Tavola-disegno-1-copia.svg\" alt=\"\" width=\"40\" height=\"40\" \/><\/a><a href=\"https:\/\/www.piumacare.com\/de\/product\/base-grey\/\"><img decoding=\"async\" class=\"alignnone wp-image-8163\" src=\"https:\/\/www.piumacare.com\/wp-content\/uploads\/2021\/07\/icone_colore_Tavola-disegno-1-copia-3.svg\" alt=\"\" width=\"40\" height=\"40\" \/><\/a><a href=\"https:\/\/www.piumacare.com\/de\/?post_type=product&#038;p=19532\"><img decoding=\"async\" class=\"alignnone wp-image-8168\" src=\"https:\/\/www.piumacare.com\/wp-content\/uploads\/2021\/07\/icone_colore_Tavola-disegno-1-copia-5.svg\" alt=\"\" width=\"40\" height=\"40\" \/><\/a><a href=\"https:\/\/www.piumacare.com\/de\/?post_type=product&#038;p=19528\"><img decoding=\"async\" class=\"alignnone wp-image-8173\" src=\"https:\/\/www.piumacare.com\/wp-content\/uploads\/2025\/01\/icona_colore_Magenta.svg\" alt=\"\" width=\"40\" height=\"40\" \/><\/a><a href=\"https:\/\/www.piumacare.com\/de\/?post_type=product&#038;p=19523\"><img decoding=\"async\" class=\"alignnone wp-image-8173\" src=\"https:\/\/www.piumacare.com\/wp-content\/uploads\/2025\/03\/icone_colore_AQUA-GREEN.svg\" alt=\"\" width=\"40\" height=\"40\" \/><\/a><img decoding=\"async\" class=\"alignnone wp-image-8173\" src=\"https:\/\/www.piumacare.com\/wp-content\/uploads\/2025\/03\/icone_colore_BABY_PINK_act.svg\" alt=\"\" width=\"40\" height=\"40\" \/><\/p>\n","protected":false},"featured_media":19220,"template":"","meta":[],"product_brand":[],"product_cat":[556],"product_tag":[485],"class_list":{"0":"post-19543","1":"product","2":"type-product","3":"status-publish","4":"has-post-thumbnail","6":"product_cat-kalender-basis","7":"product_tag-baby-pink-de","9":"first","10":"instock","11":"shipping-taxable","12":"purchasable","13":"product-type-simple"},"yoast_head":"<!-- This site is optimized with the Yoast SEO plugin v27.4 - https:\/\/yoast.com\/product\/yoast-seo-wordpress\/ -->\n<title>Kalender-Basis Pink - Piuma Care<\/title>\n<meta name=\"description\" content=\"Die Piuma Kalender-Basis ist eine patentierte L\u00f6sung, die Ihre Zahnb\u00fcrste h\u00e4lt und Ihnen hilft, den richtigen Zeitpunkt f\u00fcr den Austausch nicht zu verpassen.\" \/>\n<meta name=\"robots\" content=\"index, follow, max-snippet:-1, max-image-preview:large, max-video-preview:-1\" \/>\n<link rel=\"canonical\" href=\"https:\/\/www.piumacare.com\/de\/product\/base-pink\/\" \/>\n<meta property=\"og:locale\" content=\"de_DE\" \/>\n<meta property=\"og:type\" content=\"article\" \/>\n<meta property=\"og:title\" content=\"Kalender-Basis Pink - Piuma Care\" \/>\n<meta property=\"og:description\" content=\"Die Piuma Kalender-Basis ist eine patentierte L\u00f6sung, die Ihre Zahnb\u00fcrste h\u00e4lt und Ihnen hilft, den richtigen Zeitpunkt f\u00fcr den Austausch nicht zu verpassen.\" \/>\n<meta property=\"og:url\" content=\"https:\/\/www.piumacare.com\/de\/product\/base-pink\/\" \/>\n<meta property=\"og:site_name\" content=\"Piuma Care\" \/>\n<meta property=\"article:modified_time\" content=\"2025-04-22T16:04:27+00:00\" \/>\n<meta property=\"og:image\" content=\"https:\/\/www.piumacare.com\/wp-content\/uploads\/2025\/03\/Base-baby-pink.jpg\" \/>\n\t<meta property=\"og:image:width\" content=\"2000\" \/>\n\t<meta property=\"og:image:height\" content=\"2000\" \/>\n\t<meta property=\"og:image:type\" content=\"image\/jpeg\" \/>\n<meta name=\"twitter:card\" content=\"summary_large_image\" \/>\n<meta name=\"twitter:label1\" content=\"Gesch\u00e4tzte Lesezeit\" \/>\n\t<meta name=\"twitter:data1\" content=\"1\u00a0Minute\" \/>\n<script type=\"application\/ld+json\" class=\"yoast-schema-graph\">{\"@context\":\"https:\\\/\\\/schema.org\",\"@graph\":[{\"@type\":\"WebPage\",\"@id\":\"https:\\\/\\\/www.piumacare.com\\\/de\\\/product\\\/base-pink\\\/\",\"url\":\"https:\\\/\\\/www.piumacare.com\\\/de\\\/product\\\/base-pink\\\/\",\"name\":\"Kalender-Basis Pink - Piuma Care\",\"isPartOf\":{\"@id\":\"https:\\\/\\\/www.piumacare.com\\\/de\\\/#website\"},\"primaryImageOfPage\":{\"@id\":\"https:\\\/\\\/www.piumacare.com\\\/de\\\/product\\\/base-pink\\\/#primaryimage\"},\"image\":{\"@id\":\"https:\\\/\\\/www.piumacare.com\\\/de\\\/product\\\/base-pink\\\/#primaryimage\"},\"thumbnailUrl\":\"https:\\\/\\\/www.piumacare.com\\\/wp-content\\\/uploads\\\/2025\\\/03\\\/Base-baby-pink.jpg\",\"datePublished\":\"2025-03-18T08:55:06+00:00\",\"dateModified\":\"2025-04-22T16:04:27+00:00\",\"description\":\"Die Piuma Kalender-Basis ist eine patentierte L\u00f6sung, die Ihre Zahnb\u00fcrste h\u00e4lt und Ihnen hilft, den richtigen Zeitpunkt f\u00fcr den Austausch nicht zu verpassen.\",\"breadcrumb\":{\"@id\":\"https:\\\/\\\/www.piumacare.com\\\/de\\\/product\\\/base-pink\\\/#breadcrumb\"},\"inLanguage\":\"de\",\"potentialAction\":[{\"@type\":\"ReadAction\",\"target\":[\"https:\\\/\\\/www.piumacare.com\\\/de\\\/product\\\/base-pink\\\/\"]}]},{\"@type\":\"ImageObject\",\"inLanguage\":\"de\",\"@id\":\"https:\\\/\\\/www.piumacare.com\\\/de\\\/product\\\/base-pink\\\/#primaryimage\",\"url\":\"https:\\\/\\\/www.piumacare.com\\\/wp-content\\\/uploads\\\/2025\\\/03\\\/Base-baby-pink.jpg\",\"contentUrl\":\"https:\\\/\\\/www.piumacare.com\\\/wp-content\\\/uploads\\\/2025\\\/03\\\/Base-baby-pink.jpg\",\"width\":2000,\"height\":2000},{\"@type\":\"BreadcrumbList\",\"@id\":\"https:\\\/\\\/www.piumacare.com\\\/de\\\/product\\\/base-pink\\\/#breadcrumb\",\"itemListElement\":[{\"@type\":\"ListItem\",\"position\":1,\"name\":\"Home\",\"item\":\"https:\\\/\\\/www.piumacare.com\\\/de\\\/home-de\\\/\"},{\"@type\":\"ListItem\",\"position\":2,\"name\":\"Shop\",\"item\":\"https:\\\/\\\/www.piumacare.com\\\/de\\\/shop-2\\\/\"},{\"@type\":\"ListItem\",\"position\":3,\"name\":\"Base Pink\"}]},{\"@type\":\"WebSite\",\"@id\":\"https:\\\/\\\/www.piumacare.com\\\/de\\\/#website\",\"url\":\"https:\\\/\\\/www.piumacare.com\\\/de\\\/\",\"name\":\"Piuma Care\",\"description\":\"La scienza del sorriso\",\"potentialAction\":[{\"@type\":\"SearchAction\",\"target\":{\"@type\":\"EntryPoint\",\"urlTemplate\":\"https:\\\/\\\/www.piumacare.com\\\/de\\\/?s={search_term_string}\"},\"query-input\":{\"@type\":\"PropertyValueSpecification\",\"valueRequired\":true,\"valueName\":\"search_term_string\"}}],\"inLanguage\":\"de\"}]}<\/script>\n<!-- \/ Yoast SEO plugin. -->","yoast_head_json":{"title":"Kalender-Basis Pink - Piuma Care","description":"Die Piuma Kalender-Basis ist eine patentierte L\u00f6sung, die Ihre Zahnb\u00fcrste h\u00e4lt und Ihnen hilft, den richtigen Zeitpunkt f\u00fcr den Austausch nicht zu verpassen.","robots":{"index":"index","follow":"follow","max-snippet":"max-snippet:-1","max-image-preview":"max-image-preview:large","max-video-preview":"max-video-preview:-1"},"canonical":"https:\/\/www.piumacare.com\/de\/product\/base-pink\/","og_locale":"de_DE","og_type":"article","og_title":"Kalender-Basis Pink - Piuma Care","og_description":"Die Piuma Kalender-Basis ist eine patentierte L\u00f6sung, die Ihre Zahnb\u00fcrste h\u00e4lt und Ihnen hilft, den richtigen Zeitpunkt f\u00fcr den Austausch nicht zu verpassen.","og_url":"https:\/\/www.piumacare.com\/de\/product\/base-pink\/","og_site_name":"Piuma Care","article_modified_time":"2025-04-22T16:04:27+00:00","og_image":[{"width":2000,"height":2000,"url":"https:\/\/www.piumacare.com\/wp-content\/uploads\/2025\/03\/Base-baby-pink.jpg","type":"image\/jpeg"}],"twitter_card":"summary_large_image","twitter_misc":{"Gesch\u00e4tzte Lesezeit":"1\u00a0Minute"},"schema":{"@context":"https:\/\/schema.org","@graph":[{"@type":"WebPage","@id":"https:\/\/www.piumacare.com\/de\/product\/base-pink\/","url":"https:\/\/www.piumacare.com\/de\/product\/base-pink\/","name":"Kalender-Basis Pink - Piuma Care","isPartOf":{"@id":"https:\/\/www.piumacare.com\/de\/#website"},"primaryImageOfPage":{"@id":"https:\/\/www.piumacare.com\/de\/product\/base-pink\/#primaryimage"},"image":{"@id":"https:\/\/www.piumacare.com\/de\/product\/base-pink\/#primaryimage"},"thumbnailUrl":"https:\/\/www.piumacare.com\/wp-content\/uploads\/2025\/03\/Base-baby-pink.jpg","datePublished":"2025-03-18T08:55:06+00:00","dateModified":"2025-04-22T16:04:27+00:00","description":"Die Piuma Kalender-Basis ist eine patentierte L\u00f6sung, die Ihre Zahnb\u00fcrste h\u00e4lt und Ihnen hilft, den richtigen Zeitpunkt f\u00fcr den Austausch nicht zu verpassen.","breadcrumb":{"@id":"https:\/\/www.piumacare.com\/de\/product\/base-pink\/#breadcrumb"},"inLanguage":"de","potentialAction":[{"@type":"ReadAction","target":["https:\/\/www.piumacare.com\/de\/product\/base-pink\/"]}]},{"@type":"ImageObject","inLanguage":"de","@id":"https:\/\/www.piumacare.com\/de\/product\/base-pink\/#primaryimage","url":"https:\/\/www.piumacare.com\/wp-content\/uploads\/2025\/03\/Base-baby-pink.jpg","contentUrl":"https:\/\/www.piumacare.com\/wp-content\/uploads\/2025\/03\/Base-baby-pink.jpg","width":2000,"height":2000},{"@type":"BreadcrumbList","@id":"https:\/\/www.piumacare.com\/de\/product\/base-pink\/#breadcrumb","itemListElement":[{"@type":"ListItem","position":1,"name":"Home","item":"https:\/\/www.piumacare.com\/de\/home-de\/"},{"@type":"ListItem","position":2,"name":"Shop","item":"https:\/\/www.piumacare.com\/de\/shop-2\/"},{"@type":"ListItem","position":3,"name":"Base Pink"}]},{"@type":"WebSite","@id":"https:\/\/www.piumacare.com\/de\/#website","url":"https:\/\/www.piumacare.com\/de\/","name":"Piuma Care","description":"La scienza del sorriso","potentialAction":[{"@type":"SearchAction","target":{"@type":"EntryPoint","urlTemplate":"https:\/\/www.piumacare.com\/de\/?s={search_term_string}"},"query-input":{"@type":"PropertyValueSpecification","valueRequired":true,"valueName":"search_term_string"}}],"inLanguage":"de"}]}},"_links":{"self":[{"href":"https:\/\/www.piumacare.com\/de\/wp-json\/wp\/v2\/product\/19543","targetHints":{"allow":["GET"]}}],"collection":[{"href":"https:\/\/www.piumacare.com\/de\/wp-json\/wp\/v2\/product"}],"about":[{"href":"https:\/\/www.piumacare.com\/de\/wp-json\/wp\/v2\/types\/product"}],"wp:featuredmedia":[{"embeddable":true,"href":"https:\/\/www.piumacare.com\/de\/wp-json\/wp\/v2\/media\/19220"}],"wp:attachment":[{"href":"https:\/\/www.piumacare.com\/de\/wp-json\/wp\/v2\/media?parent=19543"}],"wp:term":[{"taxonomy":"product_brand","embeddable":true,"href":"https:\/\/www.piumacare.com\/de\/wp-json\/wp\/v2\/product_brand?post=19543"},{"taxonomy":"product_cat","embeddable":true,"href":"https:\/\/www.piumacare.com\/de\/wp-json\/wp\/v2\/product_cat?post=19543"},{"taxonomy":"product_tag","embeddable":true,"href":"https:\/\/www.piumacare.com\/de\/wp-json\/wp\/v2\/product_tag?post=19543"}],"curies":[{"name":"wp","href":"https:\/\/api.w.org\/{rel}","templated":true}]}}