{"id":2191,"date":"2021-07-12T13:24:25","date_gmt":"2021-07-12T11:24:25","guid":{"rendered":"https:\/\/piumacare.com\/product\/smilebox-grey\/"},"modified":"2024-08-06T10:19:28","modified_gmt":"2024-08-06T08:19:28","slug":"smilebox-grey","status":"publish","type":"product","link":"https:\/\/www.piumacare.com\/de\/product\/smilebox-grey\/","title":{"rendered":"SmileBox"},"content":{"rendered":"<div class=\"fusion-fullwidth fullwidth-box fusion-builder-row-1 fusion-flex-container hundred-percent-fullwidth non-hundred-percent-height-scrolling\" style=\"--awb-border-radius-top-left:0px;--awb-border-radius-top-right:0px;--awb-border-radius-bottom-right:0px;--awb-border-radius-bottom-left:0px;--awb-flex-wrap:wrap;\" ><div class=\"fusion-builder-row fusion-row fusion-flex-align-items-flex-start fusion-flex-justify-content-center fusion-flex-content-wrap\" style=\"width:104% !important;max-width:104% !important;margin-left: calc(-4% \/ 2 );margin-right: calc(-4% \/ 2 );\"><div class=\"fusion-layout-column fusion_builder_column fusion-builder-column-0 fusion_builder_column_1_1 1_1 fusion-flex-column\" style=\"--awb-bg-size:cover;--awb-width-large:100%;--awb-margin-top-large:0px;--awb-spacing-right-large:1.92%;--awb-margin-bottom-large:20px;--awb-spacing-left-large:1.92%;--awb-width-medium:100%;--awb-order-medium:0;--awb-spacing-right-medium:1.92%;--awb-spacing-left-medium:1.92%;--awb-width-small:100%;--awb-order-small:0;--awb-spacing-right-small:1.92%;--awb-spacing-left-small:1.92%;\"><div class=\"fusion-column-wrapper fusion-column-has-shadow fusion-flex-justify-content-flex-start fusion-content-layout-column\"><div class=\"accordian fusion-accordian\" style=\"--awb-border-size:1px;--awb-icon-size:13px;--awb-content-font-size:16px;--awb-icon-alignment:left;--awb-hover-color:#f9f9fb;--awb-border-color:#e2e2e2;--awb-background-color:#ffffff;--awb-divider-color:#e2e2e2;--awb-divider-hover-color:#e2e2e2;--awb-icon-color:#000000;--awb-title-color:#212934;--awb-content-color:#000000;--awb-icon-box-color:rgba(255,255,255,0);--awb-toggle-hover-accent-color:#898989;--awb-title-font-family:&quot;Manrope&quot;;--awb-title-font-weight:regular;--awb-title-font-style:normal;--awb-content-font-family:&quot;Manrope&quot;;--awb-content-font-style:normal;--awb-content-font-weight:regular;\"><div class=\"panel-group fusion-toggle-icon-boxed\" id=\"accordion-2191-1\"><div class=\"fusion-panel panel-default panel-e5cdca0a3f1efab5a fusion-toggle-has-divider\"><div class=\"panel-heading\"><h4 class=\"panel-title toggle\" id=\"toggle_e5cdca0a3f1efab5a\"><a aria-expanded=\"false\" aria-controls=\"e5cdca0a3f1efab5a\" role=\"button\" data-toggle=\"collapse\" data-parent=\"#accordion-2191-1\" data-target=\"#e5cdca0a3f1efab5a\" href=\"#e5cdca0a3f1efab5a\"><span class=\"fusion-toggle-icon-wrapper\" aria-hidden=\"true\"><i class=\"fa-fusion-box active-icon awb-icon-minus\" aria-hidden=\"true\"><\/i><i class=\"fa-fusion-box inactive-icon awb-icon-plus\" aria-hidden=\"true\"><\/i><\/span><span class=\"fusion-toggle-heading\">Wie kann ich den Status meiner Bestellung \u00fcberpr\u00fcfen?<\/span><\/a><\/h4><\/div><div id=\"e5cdca0a3f1efab5a\" class=\"panel-collapse collapse \" aria-labelledby=\"toggle_e5cdca0a3f1efab5a\"><div class=\"panel-body toggle-content fusion-clearfix\">\n<p>Jedes Mal, wenn sich der Status Ihrer Bestellung \u00e4ndert, erhalten Sie eine Benachrichtigung per E-Mail. F\u00fcr weitere Fragen kontaktieren Sie uns bitte unter customerservice@piumacare.com.<\/p>\n<\/div><\/div><\/div><div class=\"fusion-panel panel-default panel-401c3b6f077f10149 fusion-toggle-has-divider\"><div class=\"panel-heading\"><h4 class=\"panel-title toggle\" id=\"toggle_401c3b6f077f10149\"><a aria-expanded=\"false\" aria-controls=\"401c3b6f077f10149\" role=\"button\" data-toggle=\"collapse\" data-parent=\"#accordion-2191-1\" data-target=\"#401c3b6f077f10149\" href=\"#401c3b6f077f10149\"><span class=\"fusion-toggle-icon-wrapper\" aria-hidden=\"true\"><i class=\"fa-fusion-box active-icon awb-icon-minus\" aria-hidden=\"true\"><\/i><i class=\"fa-fusion-box inactive-icon awb-icon-plus\" aria-hidden=\"true\"><\/i><\/span><span class=\"fusion-toggle-heading\">Wie lange dauert es, die Bestellung zu bearbeiten?<\/span><\/a><\/h4><\/div><div id=\"401c3b6f077f10149\" class=\"panel-collapse collapse \" aria-labelledby=\"toggle_401c3b6f077f10149\"><div class=\"panel-body toggle-content fusion-clearfix\">\n<p>Sobald die Zahlung best\u00e4tigt ist, garantieren wir den Versand innerhalb von 3 bis 5 Werktagen. Die Lieferzeit h\u00e4ngt vom Zustellungsland ab.<\/p>\n<\/div><\/div><\/div><div class=\"fusion-panel panel-default panel-6550b9d0028431434 fusion-toggle-has-divider\"><div class=\"panel-heading\"><h4 class=\"panel-title toggle\" id=\"toggle_6550b9d0028431434\"><a aria-expanded=\"false\" aria-controls=\"6550b9d0028431434\" role=\"button\" data-toggle=\"collapse\" data-parent=\"#accordion-2191-1\" data-target=\"#6550b9d0028431434\" href=\"#6550b9d0028431434\"><span class=\"fusion-toggle-icon-wrapper\" aria-hidden=\"true\"><i class=\"fa-fusion-box active-icon awb-icon-minus\" aria-hidden=\"true\"><\/i><i class=\"fa-fusion-box inactive-icon awb-icon-plus\" aria-hidden=\"true\"><\/i><\/span><span class=\"fusion-toggle-heading\">Wie hoch sind die Versandkosten?<\/span><\/a><\/h4><\/div><div id=\"6550b9d0028431434\" class=\"panel-collapse collapse \" aria-labelledby=\"toggle_6550b9d0028431434\"><div class=\"panel-body toggle-content fusion-clearfix\">\n<p>Le spese di spedizione sono gratuite per i carrelli superiori ai 12\u20ac per l&#8217;Italia e 20\u20ac per il resto d&#8217;Europa. Non spediamo extra UE.<\/p>\n<\/div><\/div><\/div><div class=\"fusion-panel panel-default panel-c1d7d62909bef1a13 fusion-toggle-has-divider\"><div class=\"panel-heading\"><h4 class=\"panel-title toggle\" id=\"toggle_c1d7d62909bef1a13\"><a aria-expanded=\"false\" aria-controls=\"c1d7d62909bef1a13\" role=\"button\" data-toggle=\"collapse\" data-parent=\"#accordion-2191-1\" data-target=\"#c1d7d62909bef1a13\" href=\"#c1d7d62909bef1a13\"><span class=\"fusion-toggle-icon-wrapper\" aria-hidden=\"true\"><i class=\"fa-fusion-box active-icon awb-icon-minus\" aria-hidden=\"true\"><\/i><i class=\"fa-fusion-box inactive-icon awb-icon-plus\" aria-hidden=\"true\"><\/i><\/span><span class=\"fusion-toggle-heading\">Ist ein Versand ins Ausland m\u00f6glich?<\/span><\/a><\/h4><\/div><div id=\"c1d7d62909bef1a13\" class=\"panel-collapse collapse \" aria-labelledby=\"toggle_c1d7d62909bef1a13\"><div class=\"panel-body toggle-content fusion-clearfix\">\n<p>Ja, unsere Website erm\u00f6glicht sowohl die Bestellung als auch den Versand ins Ausland.<\/p>\n<\/div><\/div><\/div><div class=\"fusion-panel panel-default panel-2c7fad3ccd4a48843 fusion-toggle-has-divider\"><div class=\"panel-heading\"><h4 class=\"panel-title toggle\" id=\"toggle_2c7fad3ccd4a48843\"><a aria-expanded=\"false\" aria-controls=\"2c7fad3ccd4a48843\" role=\"button\" data-toggle=\"collapse\" data-parent=\"#accordion-2191-1\" data-target=\"#2c7fad3ccd4a48843\" href=\"#2c7fad3ccd4a48843\"><span class=\"fusion-toggle-icon-wrapper\" aria-hidden=\"true\"><i class=\"fa-fusion-box active-icon awb-icon-minus\" aria-hidden=\"true\"><\/i><i class=\"fa-fusion-box inactive-icon awb-icon-plus\" aria-hidden=\"true\"><\/i><\/span><span class=\"fusion-toggle-heading\">Sind die auf der Website aufgef\u00fchrten Preise einschlie\u00dflich Mehrwertsteuer?<\/span><\/a><\/h4><\/div><div id=\"2c7fad3ccd4a48843\" class=\"panel-collapse collapse \" aria-labelledby=\"toggle_2c7fad3ccd4a48843\"><div class=\"panel-body toggle-content fusion-clearfix\">\n<p>Ja, alle Preise enthalten Mehrwertsteuer.<\/p>\n<\/div><\/div><\/div><div class=\"fusion-panel panel-default panel-1a78852b45a2a9d7c fusion-toggle-has-divider\"><div class=\"panel-heading\"><h4 class=\"panel-title toggle\" id=\"toggle_1a78852b45a2a9d7c\"><a aria-expanded=\"false\" aria-controls=\"1a78852b45a2a9d7c\" role=\"button\" data-toggle=\"collapse\" data-parent=\"#accordion-2191-1\" data-target=\"#1a78852b45a2a9d7c\" href=\"#1a78852b45a2a9d7c\"><span class=\"fusion-toggle-icon-wrapper\" aria-hidden=\"true\"><i class=\"fa-fusion-box active-icon awb-icon-minus\" aria-hidden=\"true\"><\/i><i class=\"fa-fusion-box inactive-icon awb-icon-plus\" aria-hidden=\"true\"><\/i><\/span><span class=\"fusion-toggle-heading\">Welche Zahlungsarten werden akzeptiert?<\/span><\/a><\/h4><\/div><div id=\"1a78852b45a2a9d7c\" class=\"panel-collapse collapse \" aria-labelledby=\"toggle_1a78852b45a2a9d7c\"><div class=\"panel-body toggle-content fusion-clearfix\">\n<p>Wir akzeptieren nur Zahlungen per Kreditkarte (Visa, Mastercard) oder mit PayPal.<\/p>\n<\/div><\/div><\/div><div class=\"fusion-panel panel-default panel-c316d0d52dc78adeb fusion-toggle-has-divider\"><div class=\"panel-heading\"><h4 class=\"panel-title toggle\" id=\"toggle_c316d0d52dc78adeb\"><a aria-expanded=\"false\" aria-controls=\"c316d0d52dc78adeb\" role=\"button\" data-toggle=\"collapse\" data-parent=\"#accordion-2191-1\" data-target=\"#c316d0d52dc78adeb\" href=\"#c316d0d52dc78adeb\"><span class=\"fusion-toggle-icon-wrapper\" aria-hidden=\"true\"><i class=\"fa-fusion-box active-icon awb-icon-minus\" aria-hidden=\"true\"><\/i><i class=\"fa-fusion-box inactive-icon awb-icon-plus\" aria-hidden=\"true\"><\/i><\/span><span class=\"fusion-toggle-heading\">Wie wird das R\u00fcckerstattungs- und R\u00fcckgaberecht gehandhabt?<\/span><\/a><\/h4><\/div><div id=\"c316d0d52dc78adeb\" class=\"panel-collapse collapse \" aria-labelledby=\"toggle_c316d0d52dc78adeb\"><div class=\"panel-body toggle-content fusion-clearfix\">\n<p>Sie haben die M\u00f6glichkeit, jeden bestellten Artikel innerhalb von 30 Tagen nach Erhalt an uns<br \/>\nzur\u00fcckzusenden.<br \/>\nDer\/die zur\u00fcckzusendende(n) Artikel m\u00fcssen originalverpackt, zusammen mit dem Zubeh\u00f6r und<br \/>\nbeiliegenden Dokumenten sowie dem R\u00fccksendeformular eingeschickt werden. Achten Sie darauf, dass alle<br \/>\nzur\u00fcckgesandten Produkte unversehrt bleiben.<br \/>\nNicht zur\u00fcckgesandte, unvollst\u00e4ndig zur\u00fcckgesandte, besch\u00e4digte, abgenutzte, verschmutzte oder Artikel in<br \/>\neinem sonstigen Zustand, der auf eine Benutzung schlie\u00dfen l\u00e4sst werden ebenso aus Hygiene- oder<br \/>\nGesundheitsschutzgr\u00fcnden nicht erstattet oder ersetzt wie versiegelte Artikel, die nach der Lieferung<br \/>\nge\u00f6ffnet wurden.<\/p>\n<\/div><\/div><\/div><div class=\"fusion-panel panel-default panel-b00568f9deca18339 fusion-toggle-has-divider\"><div class=\"panel-heading\"><h4 class=\"panel-title toggle\" id=\"toggle_b00568f9deca18339\"><a aria-expanded=\"false\" aria-controls=\"b00568f9deca18339\" role=\"button\" data-toggle=\"collapse\" data-parent=\"#accordion-2191-1\" data-target=\"#b00568f9deca18339\" href=\"#b00568f9deca18339\"><span class=\"fusion-toggle-icon-wrapper\" aria-hidden=\"true\"><i class=\"fa-fusion-box active-icon awb-icon-minus\" aria-hidden=\"true\"><\/i><i class=\"fa-fusion-box inactive-icon awb-icon-plus\" aria-hidden=\"true\"><\/i><\/span><span class=\"fusion-toggle-heading\">Wo werden die P\u200aI\u200aU\u200aM\u200aA-Produkte hergestellt?<\/span><\/a><\/h4><\/div><div id=\"b00568f9deca18339\" class=\"panel-collapse collapse \" aria-labelledby=\"toggle_b00568f9deca18339\"><div class=\"panel-body toggle-content fusion-clearfix\">\n<p>P\u200aI\u200aU\u200aM\u200aA-Produkte werden in Italien entwickelt und hergestellt.<\/p>\n<\/div><\/div><\/div><div class=\"fusion-panel panel-default panel-e4f7d23ca5846550d fusion-toggle-has-divider\"><div class=\"panel-heading\"><h4 class=\"panel-title toggle\" id=\"toggle_e4f7d23ca5846550d\"><a aria-expanded=\"false\" aria-controls=\"e4f7d23ca5846550d\" role=\"button\" data-toggle=\"collapse\" data-parent=\"#accordion-2191-1\" data-target=\"#e4f7d23ca5846550d\" href=\"#e4f7d23ca5846550d\"><span class=\"fusion-toggle-icon-wrapper\" aria-hidden=\"true\"><i class=\"fa-fusion-box active-icon awb-icon-minus\" aria-hidden=\"true\"><\/i><i class=\"fa-fusion-box inactive-icon awb-icon-plus\" aria-hidden=\"true\"><\/i><\/span><span class=\"fusion-toggle-heading\">Welche Art von Zahnb\u00fcrste soll ich verwenden?<\/span><\/a><\/h4><\/div><div id=\"e4f7d23ca5846550d\" class=\"panel-collapse collapse \" aria-labelledby=\"toggle_e4f7d23ca5846550d\"><div class=\"panel-body toggle-content fusion-clearfix\">\n<p>Zahnb\u00fcrsten mit mittelharten Borsten eignen sich f\u00fcr Personen, die keine empfindlichen Z\u00e4hne oder empfindliches Zahnfleisch haben; ansonsten empfehlen wir Zahnb\u00fcrsten mit weichen Borsten.<\/p>\n<\/div><\/div><\/div><div class=\"fusion-panel panel-default panel-1f4d86044044986ee fusion-toggle-has-divider\"><div class=\"panel-heading\"><h4 class=\"panel-title toggle\" id=\"toggle_1f4d86044044986ee\"><a aria-expanded=\"false\" aria-controls=\"1f4d86044044986ee\" role=\"button\" data-toggle=\"collapse\" data-parent=\"#accordion-2191-1\" data-target=\"#1f4d86044044986ee\" href=\"#1f4d86044044986ee\"><span class=\"fusion-toggle-icon-wrapper\" aria-hidden=\"true\"><i class=\"fa-fusion-box active-icon awb-icon-minus\" aria-hidden=\"true\"><\/i><i class=\"fa-fusion-box inactive-icon awb-icon-plus\" aria-hidden=\"true\"><\/i><\/span><span class=\"fusion-toggle-heading\">Wie oft soll ich meine Zahnb\u00fcrste austauschen?<\/span><\/a><\/h4><\/div><div id=\"1f4d86044044986ee\" class=\"panel-collapse collapse \" aria-labelledby=\"toggle_1f4d86044044986ee\"><div class=\"panel-body toggle-content fusion-clearfix\">\n<p>Wir empfehlen, Zahnb\u00fcrsten alle 3 Monate auszutauschen. Auf der R\u00fcckseite der Basis befindet sich ein \u201eKalender\u201c, der den Benutzer erinnert, wann die Zahnb\u00fcrste ausgetauscht werden soll.<\/p>\n<\/div><\/div><\/div><\/div><\/div><\/div><\/div><\/div><\/div>\n","protected":false},"excerpt":{"rendered":"<div class=\"info-description\">\n<div class=\"info-description\">\n<div class=\"info-description\">\n<div class=\"info-description\">\n<p>Mit der SmileBox holen Sie sich das Wesentliche f\u00fcr Ihre Smile Routine und sparen Geld!<\/p>\n<p><strong>Das ist es<\/strong>: Die SmileBox enth\u00e4lt ein PiumaBrush-Kit + Basis in Ihrer Lieblingsfarbe sowie Pure White, die Anti-Karies-Zahnpasta mit Multivitaminwirkung<\/p>\n<p><strong>Merkmale<\/strong>:<\/p>\n<ul>\n<li>Innovatives Design und flexibler Griff<\/li>\n<li>Ultrasanfte, ergonomisch abgerundete Tynex\u00ae Mikroborsten mit einem Durchmesser von 0,1 mm machen es m\u00f6glich, mit der PiumaBrush auch die tiefsten Bereiche im Mund zu erreichen.<\/li>\n<li>Schmal zulaufender Kopf, um alle Bereiche im Mund zu erreichen.<\/li>\n<li>Zungenreiniger f\u00fcr ein multisensorisches Erlebnis zur Gew\u00e4hrleistung einer hervorragenden Zungenreinigung<\/li>\n<li>Mit der Kalenderbasis k\u00f6nnen Sie Ihre Zahnb\u00fcrste auf jede Oberfl\u00e4che stellen. Ihr patentiertes Design verhindert Wasserr\u00fcckst\u00e4nde und der Kalender erinnert Sie daran, wann Sie Ihre Zahnb\u00fcrste austauschen m\u00fcssen.<\/li>\n<li>Die PURE WHITE Zahnpasta ist mit den Vitaminen A, B, C angereichert und ist eine wirksame, antioxidative und sch\u00fctzende Zahnpasta, ideal f\u00fcr die richtige Mundhygiene.<\/li>\n<li>Sie sorgt f\u00fcr eine Tiefenreinigung der Z\u00e4hne, bek\u00e4mpft die Bildung von Plaque und beugt mithilfe von Fluorid der Entstehung von Karies vor.<\/li>\n<li>Unter zahn\u00e4rztlicher Aufsicht klinisch getestet<\/li>\n<li>100% Made in Italy<\/li>\n<li>Frischer Minzgeschmack<\/li>\n<\/ul>\n<p><img decoding=\"async\" class=\"alignnone wp-image-8117\" src=\"https:\/\/www.piumacare.com\/wp-content\/uploads\/2021\/07\/Tavola-disegno-1-4.svg\" alt=\"\" width=\"241\" height=\"104\" \/><\/p>\n<p><strong>Pluspunkt<\/strong>: Haben Sie schon einmal daran gedacht? Die SmileBox ist ein perfektes Geschenk f\u00fcr Ihre Lieben!<\/p>\n<p><strong>Hinweis<\/strong>: die B\u00fcrstenh\u00fclle ist immer enthalten<\/p>\n<p><strong>Inci:\u00a0<\/strong>Aqua, Hydrogenated Starch Hydrolysate, Hydrated Silica, PEG-32, Cellulose Gum, Aroma, Retinyl Acetate, Panthenol, Sodium Ascorbyl Phosphate, Sodium Lauryl Sulfate, Sodium Saccharin,Sodium Fluoride, Phenoxyethanol, Ethylhexylglycerin,CI 74260, Limonene<\/p>\n<\/div>\n<\/div>\n<\/div>\n<\/div>\n<p><span style=\"line-height: 52px; padding-right: 80px;\">Farbe<\/span><a href=\"https:\/\/www.piumacare.com\/de\/product\/smilebox-black\/\"><img decoding=\"async\" class=\"alignnone wp-image-8178\" src=\"https:\/\/www.piumacare.com\/wp-content\/uploads\/2021\/07\/icone_colore_Tavola-disegno-1-copia.svg\" alt=\"\" width=\"55\" height=\"55\" \/><\/a><img decoding=\"async\" class=\"alignnone wp-image-8183\" src=\"https:\/\/www.piumacare.com\/wp-content\/uploads\/2021\/07\/icone_colore_Tavola-disegno-1-copia-2.svg\" alt=\"\" width=\"55\" height=\"55\" \/><a href=\"https:\/\/piumacare.com\/de\/product\/smilebox-white\/\"><img decoding=\"async\" class=\"alignnone wp-image-8168\" src=\"https:\/\/www.piumacare.com\/wp-content\/uploads\/2021\/07\/icone_colore_Tavola-disegno-1-copia-5.svg\" alt=\"\" width=\"55\" height=\"55\" \/><\/a><a href=\"https:\/\/www.piumacare.com\/de\/product\/smilebox-nude-rose\/\"><img decoding=\"async\" class=\"alignnone wp-image-8173\" src=\"https:\/\/www.piumacare.com\/wp-content\/uploads\/2021\/07\/icone_colore_Tavola-disegno-1-copia-7.svg\" alt=\"\" width=\"55\" height=\"55\" \/><\/a><\/p>\n","protected":false},"featured_media":1771,"template":"","meta":[],"product_brand":[],"product_cat":[71],"product_tag":[122],"class_list":{"0":"post-2191","1":"product","2":"type-product","3":"status-publish","4":"has-post-thumbnail","6":"product_cat-box-de","7":"product_tag-asphalt-grey-de","9":"first","10":"instock","11":"shipping-taxable","12":"purchasable","13":"product-type-variable","14":"has-default-attributes"},"yoast_head":"<!-- This site is optimized with the Yoast SEO plugin v27.4 - https:\/\/yoast.com\/product\/yoast-seo-wordpress\/ -->\n<title>Mundhygiene-Kit mit antibakteriellen Borsten - Piuma Care<\/title>\n<meta name=\"description\" content=\"Mundhygiene-Kit mit grauer Zahnb\u00fcrste mit antibakteriellen Mikroborsten und tropfsicherem Zahnb\u00fcrstenhalter mit Kalender f\u00fcr eine perfekte Smile Routine\" \/>\n<meta name=\"robots\" content=\"index, follow, max-snippet:-1, max-image-preview:large, max-video-preview:-1\" \/>\n<link rel=\"canonical\" href=\"https:\/\/www.piumacare.com\/de\/product\/smilebox-grey\/\" \/>\n<meta property=\"og:locale\" content=\"de_DE\" \/>\n<meta property=\"og:type\" content=\"article\" \/>\n<meta property=\"og:title\" content=\"Mundhygiene-Kit mit antibakteriellen Borsten - Piuma Care\" \/>\n<meta property=\"og:description\" content=\"Mundhygiene-Kit mit grauer Zahnb\u00fcrste mit antibakteriellen Mikroborsten und tropfsicherem Zahnb\u00fcrstenhalter mit Kalender f\u00fcr eine perfekte Smile Routine\" \/>\n<meta property=\"og:url\" content=\"https:\/\/www.piumacare.com\/de\/product\/smilebox-grey\/\" \/>\n<meta property=\"og:site_name\" content=\"Piuma Care\" \/>\n<meta property=\"article:modified_time\" content=\"2024-08-06T08:19:28+00:00\" \/>\n<meta property=\"og:image\" content=\"https:\/\/www.piumacare.com\/wp-content\/uploads\/2021\/07\/Box_SmileBox_grey.jpg\" \/>\n\t<meta property=\"og:image:width\" content=\"1000\" \/>\n\t<meta property=\"og:image:height\" content=\"1000\" \/>\n\t<meta property=\"og:image:type\" content=\"image\/jpeg\" \/>\n<meta name=\"twitter:card\" content=\"summary_large_image\" \/>\n<meta name=\"twitter:label1\" content=\"Gesch\u00e4tzte Lesezeit\" \/>\n\t<meta name=\"twitter:data1\" content=\"5\u00a0Minuten\" \/>\n<script type=\"application\/ld+json\" class=\"yoast-schema-graph\">{\"@context\":\"https:\\\/\\\/schema.org\",\"@graph\":[{\"@type\":\"WebPage\",\"@id\":\"https:\\\/\\\/www.piumacare.com\\\/de\\\/product\\\/smilebox-grey\\\/\",\"url\":\"https:\\\/\\\/www.piumacare.com\\\/de\\\/product\\\/smilebox-grey\\\/\",\"name\":\"Mundhygiene-Kit mit antibakteriellen Borsten - Piuma Care\",\"isPartOf\":{\"@id\":\"https:\\\/\\\/www.piumacare.com\\\/de\\\/#website\"},\"primaryImageOfPage\":{\"@id\":\"https:\\\/\\\/www.piumacare.com\\\/de\\\/product\\\/smilebox-grey\\\/#primaryimage\"},\"image\":{\"@id\":\"https:\\\/\\\/www.piumacare.com\\\/de\\\/product\\\/smilebox-grey\\\/#primaryimage\"},\"thumbnailUrl\":\"https:\\\/\\\/www.piumacare.com\\\/wp-content\\\/uploads\\\/2021\\\/07\\\/Box_SmileBox_grey.jpg\",\"datePublished\":\"2021-07-12T11:24:25+00:00\",\"dateModified\":\"2024-08-06T08:19:28+00:00\",\"description\":\"Mundhygiene-Kit mit grauer Zahnb\u00fcrste mit antibakteriellen Mikroborsten und tropfsicherem Zahnb\u00fcrstenhalter mit Kalender f\u00fcr eine perfekte Smile Routine\",\"breadcrumb\":{\"@id\":\"https:\\\/\\\/www.piumacare.com\\\/de\\\/product\\\/smilebox-grey\\\/#breadcrumb\"},\"inLanguage\":\"de\",\"potentialAction\":[{\"@type\":\"ReadAction\",\"target\":[\"https:\\\/\\\/www.piumacare.com\\\/de\\\/product\\\/smilebox-grey\\\/\"]}]},{\"@type\":\"ImageObject\",\"inLanguage\":\"de\",\"@id\":\"https:\\\/\\\/www.piumacare.com\\\/de\\\/product\\\/smilebox-grey\\\/#primaryimage\",\"url\":\"https:\\\/\\\/www.piumacare.com\\\/wp-content\\\/uploads\\\/2021\\\/07\\\/Box_SmileBox_grey.jpg\",\"contentUrl\":\"https:\\\/\\\/www.piumacare.com\\\/wp-content\\\/uploads\\\/2021\\\/07\\\/Box_SmileBox_grey.jpg\",\"width\":1000,\"height\":1000,\"caption\":\"Grauer SmileBox\"},{\"@type\":\"BreadcrumbList\",\"@id\":\"https:\\\/\\\/www.piumacare.com\\\/de\\\/product\\\/smilebox-grey\\\/#breadcrumb\",\"itemListElement\":[{\"@type\":\"ListItem\",\"position\":1,\"name\":\"Home\",\"item\":\"https:\\\/\\\/www.piumacare.com\\\/de\\\/home-de\\\/\"},{\"@type\":\"ListItem\",\"position\":2,\"name\":\"Shop\",\"item\":\"https:\\\/\\\/www.piumacare.com\\\/de\\\/shop-2\\\/\"},{\"@type\":\"ListItem\",\"position\":3,\"name\":\"SmileBox\"}]},{\"@type\":\"WebSite\",\"@id\":\"https:\\\/\\\/www.piumacare.com\\\/de\\\/#website\",\"url\":\"https:\\\/\\\/www.piumacare.com\\\/de\\\/\",\"name\":\"Piuma Care\",\"description\":\"La scienza del sorriso\",\"potentialAction\":[{\"@type\":\"SearchAction\",\"target\":{\"@type\":\"EntryPoint\",\"urlTemplate\":\"https:\\\/\\\/www.piumacare.com\\\/de\\\/?s={search_term_string}\"},\"query-input\":{\"@type\":\"PropertyValueSpecification\",\"valueRequired\":true,\"valueName\":\"search_term_string\"}}],\"inLanguage\":\"de\"}]}<\/script>\n<!-- \/ Yoast SEO plugin. -->","yoast_head_json":{"title":"Mundhygiene-Kit mit antibakteriellen Borsten - Piuma Care","description":"Mundhygiene-Kit mit grauer Zahnb\u00fcrste mit antibakteriellen Mikroborsten und tropfsicherem Zahnb\u00fcrstenhalter mit Kalender f\u00fcr eine perfekte Smile Routine","robots":{"index":"index","follow":"follow","max-snippet":"max-snippet:-1","max-image-preview":"max-image-preview:large","max-video-preview":"max-video-preview:-1"},"canonical":"https:\/\/www.piumacare.com\/de\/product\/smilebox-grey\/","og_locale":"de_DE","og_type":"article","og_title":"Mundhygiene-Kit mit antibakteriellen Borsten - Piuma Care","og_description":"Mundhygiene-Kit mit grauer Zahnb\u00fcrste mit antibakteriellen Mikroborsten und tropfsicherem Zahnb\u00fcrstenhalter mit Kalender f\u00fcr eine perfekte Smile Routine","og_url":"https:\/\/www.piumacare.com\/de\/product\/smilebox-grey\/","og_site_name":"Piuma Care","article_modified_time":"2024-08-06T08:19:28+00:00","og_image":[{"width":1000,"height":1000,"url":"https:\/\/www.piumacare.com\/wp-content\/uploads\/2021\/07\/Box_SmileBox_grey.jpg","type":"image\/jpeg"}],"twitter_card":"summary_large_image","twitter_misc":{"Gesch\u00e4tzte Lesezeit":"5\u00a0Minuten"},"schema":{"@context":"https:\/\/schema.org","@graph":[{"@type":"WebPage","@id":"https:\/\/www.piumacare.com\/de\/product\/smilebox-grey\/","url":"https:\/\/www.piumacare.com\/de\/product\/smilebox-grey\/","name":"Mundhygiene-Kit mit antibakteriellen Borsten - Piuma Care","isPartOf":{"@id":"https:\/\/www.piumacare.com\/de\/#website"},"primaryImageOfPage":{"@id":"https:\/\/www.piumacare.com\/de\/product\/smilebox-grey\/#primaryimage"},"image":{"@id":"https:\/\/www.piumacare.com\/de\/product\/smilebox-grey\/#primaryimage"},"thumbnailUrl":"https:\/\/www.piumacare.com\/wp-content\/uploads\/2021\/07\/Box_SmileBox_grey.jpg","datePublished":"2021-07-12T11:24:25+00:00","dateModified":"2024-08-06T08:19:28+00:00","description":"Mundhygiene-Kit mit grauer Zahnb\u00fcrste mit antibakteriellen Mikroborsten und tropfsicherem Zahnb\u00fcrstenhalter mit Kalender f\u00fcr eine perfekte Smile Routine","breadcrumb":{"@id":"https:\/\/www.piumacare.com\/de\/product\/smilebox-grey\/#breadcrumb"},"inLanguage":"de","potentialAction":[{"@type":"ReadAction","target":["https:\/\/www.piumacare.com\/de\/product\/smilebox-grey\/"]}]},{"@type":"ImageObject","inLanguage":"de","@id":"https:\/\/www.piumacare.com\/de\/product\/smilebox-grey\/#primaryimage","url":"https:\/\/www.piumacare.com\/wp-content\/uploads\/2021\/07\/Box_SmileBox_grey.jpg","contentUrl":"https:\/\/www.piumacare.com\/wp-content\/uploads\/2021\/07\/Box_SmileBox_grey.jpg","width":1000,"height":1000,"caption":"Grauer SmileBox"},{"@type":"BreadcrumbList","@id":"https:\/\/www.piumacare.com\/de\/product\/smilebox-grey\/#breadcrumb","itemListElement":[{"@type":"ListItem","position":1,"name":"Home","item":"https:\/\/www.piumacare.com\/de\/home-de\/"},{"@type":"ListItem","position":2,"name":"Shop","item":"https:\/\/www.piumacare.com\/de\/shop-2\/"},{"@type":"ListItem","position":3,"name":"SmileBox"}]},{"@type":"WebSite","@id":"https:\/\/www.piumacare.com\/de\/#website","url":"https:\/\/www.piumacare.com\/de\/","name":"Piuma Care","description":"La scienza del sorriso","potentialAction":[{"@type":"SearchAction","target":{"@type":"EntryPoint","urlTemplate":"https:\/\/www.piumacare.com\/de\/?s={search_term_string}"},"query-input":{"@type":"PropertyValueSpecification","valueRequired":true,"valueName":"search_term_string"}}],"inLanguage":"de"}]}},"_links":{"self":[{"href":"https:\/\/www.piumacare.com\/de\/wp-json\/wp\/v2\/product\/2191","targetHints":{"allow":["GET"]}}],"collection":[{"href":"https:\/\/www.piumacare.com\/de\/wp-json\/wp\/v2\/product"}],"about":[{"href":"https:\/\/www.piumacare.com\/de\/wp-json\/wp\/v2\/types\/product"}],"wp:featuredmedia":[{"embeddable":true,"href":"https:\/\/www.piumacare.com\/de\/wp-json\/wp\/v2\/media\/1771"}],"wp:attachment":[{"href":"https:\/\/www.piumacare.com\/de\/wp-json\/wp\/v2\/media?parent=2191"}],"wp:term":[{"taxonomy":"product_brand","embeddable":true,"href":"https:\/\/www.piumacare.com\/de\/wp-json\/wp\/v2\/product_brand?post=2191"},{"taxonomy":"product_cat","embeddable":true,"href":"https:\/\/www.piumacare.com\/de\/wp-json\/wp\/v2\/product_cat?post=2191"},{"taxonomy":"product_tag","embeddable":true,"href":"https:\/\/www.piumacare.com\/de\/wp-json\/wp\/v2\/product_tag?post=2191"}],"curies":[{"name":"wp","href":"https:\/\/api.w.org\/{rel}","templated":true}]}}