{"id":6011,"date":"2021-11-26T11:30:37","date_gmt":"2021-11-26T10:30:37","guid":{"rendered":"https:\/\/www.piumacare.com\/?post_type=product&#038;p=6011"},"modified":"2024-09-13T18:13:26","modified_gmt":"2024-09-13T16:13:26","slug":"vassoio-frame","status":"publish","type":"product","link":"https:\/\/www.piumacare.com\/de\/product\/vassoio-frame\/","title":{"rendered":"Vassoio Frame"},"content":{"rendered":"<div class=\"fusion-fullwidth fullwidth-box fusion-builder-row-1 fusion-flex-container hundred-percent-fullwidth non-hundred-percent-height-scrolling\" style=\"--awb-border-radius-top-left:0px;--awb-border-radius-top-right:0px;--awb-border-radius-bottom-right:0px;--awb-border-radius-bottom-left:0px;--awb-flex-wrap:wrap;\" ><div class=\"fusion-builder-row fusion-row fusion-flex-align-items-flex-start fusion-flex-justify-content-center fusion-flex-content-wrap\" style=\"width:104% !important;max-width:104% !important;margin-left: calc(-4% \/ 2 );margin-right: calc(-4% \/ 2 );\"><div class=\"fusion-layout-column fusion_builder_column fusion-builder-column-0 fusion_builder_column_1_1 1_1 fusion-flex-column\" style=\"--awb-bg-size:cover;--awb-width-large:100%;--awb-margin-top-large:0px;--awb-spacing-right-large:1.92%;--awb-margin-bottom-large:20px;--awb-spacing-left-large:1.92%;--awb-width-medium:100%;--awb-order-medium:0;--awb-spacing-right-medium:1.92%;--awb-spacing-left-medium:1.92%;--awb-width-small:100%;--awb-order-small:0;--awb-spacing-right-small:1.92%;--awb-spacing-left-small:1.92%;\"><div class=\"fusion-column-wrapper fusion-column-has-shadow fusion-flex-justify-content-flex-start fusion-content-layout-column\"><div class=\"accordian fusion-accordian\" style=\"--awb-border-size:1px;--awb-icon-size:13px;--awb-content-font-size:16px;--awb-icon-alignment:left;--awb-hover-color:#f9f9fb;--awb-border-color:#e2e2e2;--awb-background-color:#ffffff;--awb-divider-color:#e2e2e2;--awb-divider-hover-color:#e2e2e2;--awb-icon-color:#000000;--awb-title-color:#212934;--awb-content-color:#000000;--awb-icon-box-color:rgba(255,255,255,0);--awb-toggle-hover-accent-color:#898989;--awb-title-font-family:&quot;Manrope&quot;;--awb-title-font-weight:regular;--awb-title-font-style:normal;--awb-content-font-family:&quot;Manrope&quot;;--awb-content-font-style:normal;--awb-content-font-weight:regular;\"><div class=\"panel-group fusion-toggle-icon-boxed\" id=\"accordion-6011-1\"><div class=\"fusion-panel panel-default panel-be5a4a017f03a7ecf fusion-toggle-has-divider\"><div class=\"panel-heading\"><h4 class=\"panel-title toggle\" id=\"toggle_be5a4a017f03a7ecf\"><a aria-expanded=\"false\" aria-controls=\"be5a4a017f03a7ecf\" role=\"button\" data-toggle=\"collapse\" data-parent=\"#accordion-6011-1\" data-target=\"#be5a4a017f03a7ecf\" href=\"#be5a4a017f03a7ecf\"><span class=\"fusion-toggle-icon-wrapper\" aria-hidden=\"true\"><i class=\"fa-fusion-box active-icon awb-icon-minus\" aria-hidden=\"true\"><\/i><i class=\"fa-fusion-box inactive-icon awb-icon-plus\" aria-hidden=\"true\"><\/i><\/span><span class=\"fusion-toggle-heading\">Sind die auf der Website aufgef\u00fchrten Preise einschlie\u00dflich Mehrwertsteuer?<\/span><\/a><\/h4><\/div><div id=\"be5a4a017f03a7ecf\" class=\"panel-collapse collapse \" aria-labelledby=\"toggle_be5a4a017f03a7ecf\"><div class=\"panel-body toggle-content fusion-clearfix\">\n<p>Ja, alle Preise enthalten Mehrwertsteuer.<\/p>\n<\/div><\/div><\/div><div class=\"fusion-panel panel-default panel-27280bcd1eec36346 fusion-toggle-has-divider\"><div class=\"panel-heading\"><h4 class=\"panel-title toggle\" id=\"toggle_27280bcd1eec36346\"><a aria-expanded=\"false\" aria-controls=\"27280bcd1eec36346\" role=\"button\" data-toggle=\"collapse\" data-parent=\"#accordion-6011-1\" data-target=\"#27280bcd1eec36346\" href=\"#27280bcd1eec36346\"><span class=\"fusion-toggle-icon-wrapper\" aria-hidden=\"true\"><i class=\"fa-fusion-box active-icon awb-icon-minus\" aria-hidden=\"true\"><\/i><i class=\"fa-fusion-box inactive-icon awb-icon-plus\" aria-hidden=\"true\"><\/i><\/span><span class=\"fusion-toggle-heading\">Wie wird das R\u00fcckerstattungs- und R\u00fcckgaberecht gehandhabt?<\/span><\/a><\/h4><\/div><div id=\"27280bcd1eec36346\" class=\"panel-collapse collapse \" aria-labelledby=\"toggle_27280bcd1eec36346\"><div class=\"panel-body toggle-content fusion-clearfix\">\n<p>Sie haben die M\u00f6glichkeit, jeden bestellten Artikel innerhalb von 30 Tagen nach Erhalt an uns<br \/>\nzur\u00fcckzusenden.<br \/>\nDer\/die zur\u00fcckzusendende(n) Artikel m\u00fcssen originalverpackt, zusammen mit dem Zubeh\u00f6r und<br \/>\nbeiliegenden Dokumenten sowie dem R\u00fccksendeformular eingeschickt werden. Achten Sie darauf, dass alle<br \/>\nzur\u00fcckgesandten Produkte unversehrt bleiben.<br \/>\nNicht zur\u00fcckgesandte, unvollst\u00e4ndig zur\u00fcckgesandte, besch\u00e4digte, abgenutzte, verschmutzte oder Artikel in<br \/>\neinem sonstigen Zustand, der auf eine Benutzung schlie\u00dfen l\u00e4sst werden ebenso aus Hygiene- oder<br \/>\nGesundheitsschutzgr\u00fcnden nicht erstattet oder ersetzt wie versiegelte Artikel, die nach der Lieferung<br \/>\nge\u00f6ffnet wurden.<\/p>\n<\/div><\/div><\/div><div class=\"fusion-panel panel-default panel-41f491a0982ab714f fusion-toggle-has-divider\"><div class=\"panel-heading\"><h4 class=\"panel-title toggle\" id=\"toggle_41f491a0982ab714f\"><a aria-expanded=\"false\" aria-controls=\"41f491a0982ab714f\" role=\"button\" data-toggle=\"collapse\" data-parent=\"#accordion-6011-1\" data-target=\"#41f491a0982ab714f\" href=\"#41f491a0982ab714f\"><span class=\"fusion-toggle-icon-wrapper\" aria-hidden=\"true\"><i class=\"fa-fusion-box active-icon awb-icon-minus\" aria-hidden=\"true\"><\/i><i class=\"fa-fusion-box inactive-icon awb-icon-plus\" aria-hidden=\"true\"><\/i><\/span><span class=\"fusion-toggle-heading\">Wo werden die P\u200aI\u200aU\u200aM\u200aA-Produkte hergestellt?<\/span><\/a><\/h4><\/div><div id=\"41f491a0982ab714f\" class=\"panel-collapse collapse \" aria-labelledby=\"toggle_41f491a0982ab714f\"><div class=\"panel-body toggle-content fusion-clearfix\">\n<p>I prodotti P\u200aI\u200aU\u200aM\u200aA sono stati progettati e prodotti in Italia.<\/p>\n<\/div><\/div><\/div><div class=\"fusion-panel panel-default panel-21973f490296f0f97 fusion-toggle-has-divider\"><div class=\"panel-heading\"><h4 class=\"panel-title toggle\" id=\"toggle_21973f490296f0f97\"><a aria-expanded=\"false\" aria-controls=\"21973f490296f0f97\" role=\"button\" data-toggle=\"collapse\" data-parent=\"#accordion-6011-1\" data-target=\"#21973f490296f0f97\" href=\"#21973f490296f0f97\"><span class=\"fusion-toggle-icon-wrapper\" aria-hidden=\"true\"><i class=\"fa-fusion-box active-icon awb-icon-minus\" aria-hidden=\"true\"><\/i><i class=\"fa-fusion-box inactive-icon awb-icon-plus\" aria-hidden=\"true\"><\/i><\/span><span class=\"fusion-toggle-heading\">Welche Art von Zahnb\u00fcrste soll ich verwenden?<\/span><\/a><\/h4><\/div><div id=\"21973f490296f0f97\" class=\"panel-collapse collapse \" aria-labelledby=\"toggle_21973f490296f0f97\"><div class=\"panel-body toggle-content fusion-clearfix\">\n<p>P\u200aI\u200aU\u200aM\u200aA-Produkte werden in Italien entwickelt und hergestellt.<\/p>\n<\/div><\/div><\/div><div class=\"fusion-panel panel-default panel-c21c0ed155c1e3869 fusion-toggle-has-divider\"><div class=\"panel-heading\"><h4 class=\"panel-title toggle\" id=\"toggle_c21c0ed155c1e3869\"><a aria-expanded=\"false\" aria-controls=\"c21c0ed155c1e3869\" role=\"button\" data-toggle=\"collapse\" data-parent=\"#accordion-6011-1\" data-target=\"#c21c0ed155c1e3869\" href=\"#c21c0ed155c1e3869\"><span class=\"fusion-toggle-icon-wrapper\" aria-hidden=\"true\"><i class=\"fa-fusion-box active-icon awb-icon-minus\" aria-hidden=\"true\"><\/i><i class=\"fa-fusion-box inactive-icon awb-icon-plus\" aria-hidden=\"true\"><\/i><\/span><span class=\"fusion-toggle-heading\">Wie oft soll ich meine Zahnb\u00fcrste austauschen?<\/span><\/a><\/h4><\/div><div id=\"c21c0ed155c1e3869\" class=\"panel-collapse collapse \" aria-labelledby=\"toggle_c21c0ed155c1e3869\"><div class=\"panel-body toggle-content fusion-clearfix\">\n<p>Zahnb\u00fcrsten mit mittelharten Borsten eignen sich f\u00fcr Personen, die keine empfindlichen Z\u00e4hne oder empfindliches Zahnfleisch haben; ansonsten empfehlen wir Zahnb\u00fcrsten mit weichen Borsten.<\/p>\n<\/div><\/div><\/div><\/div><\/div><\/div><\/div><\/div><\/div>\n","protected":false},"excerpt":{"rendered":"<div class=\"info-description\">\n<p><strong>Was es ist:<\/strong> Ein einzigartiges Tablett, das als perfekter Rahmen f\u00fcr alle PIUMA-Produkte in Ihrem Bad konzipiert wurde und ein H\u00f6chstma\u00df an Hygiene und Komfort bietet. Es besteht aus einem in Italien handgefertigten Block aus speziellem, langlebigem, lebensmittelechtem Harz und besteht aus einem Rahmen und einem Sockel, die beide leicht zu reinigen sind. Ein Produkt mit raffiniertem Design, das Ihrem Badezimmer Ordnung und Charakter verleihen wird.<\/p>\n<p><strong>Merkmale:<\/strong><\/p>\n<ul>\n<li>Hygienisch: Kein N\u00e4hrboden f\u00fcr das Wachstum von Bakterien und Pilzen.<\/li>\n<li>Langlebig und solide<\/li>\n<li>100% in Italien hergestellt<\/li>\n<li>Ma\u00dfe: 17 x 11 x H 1,9 cm<\/li>\n<\/ul>\n<p><img decoding=\"async\" class=\"alignnone wp-image-8117 ls-is-cached lazyloaded\" src=\"https:\/\/www.piumacare.com\/wp-content\/uploads\/2021\/07\/Tavola-disegno-1-4.svg\" alt=\"\" width=\"241\" height=\"104\" data-orig-src=\"https:\/\/www.piumacare.com\/wp-content\/uploads\/2021\/07\/Tavola-disegno-1-4.svg\" \/><\/p>\n<p><strong>Extra<\/strong>: Kann mit normalen, milden Reinigungsmitteln und einem Scheuerschwamm gereinigt werden.<\/p>\n<\/div>\n<p><span style=\"line-height: 52px; padding-right: 80px;\">Farbe<\/span><img decoding=\"async\" class=\"alignnone wp-image-8188\" src=\"https:\/\/www.piumacare.com\/wp-content\/uploads\/2021\/07\/icone_colore_Tavola-disegno-1-copia-4.svg\" alt=\"\" width=\"55\" height=\"55\" \/><\/p>\n","protected":false},"featured_media":10726,"template":"","meta":[],"product_brand":[],"product_cat":[302],"product_tag":[116,310],"class_list":{"0":"post-6011","1":"product","2":"type-product","3":"status-publish","4":"has-post-thumbnail","6":"product_cat-living-de","7":"product_tag-pure-white-de","8":"product_tag-tablett-frame","10":"first","11":"instock","12":"shipping-taxable","13":"purchasable","14":"product-type-simple"},"yoast_head":"<!-- This site is optimized with the Yoast SEO plugin v27.4 - https:\/\/yoast.com\/product\/yoast-seo-wordpress\/ -->\n<title>Zahnb\u00fcrstenschale aus Kunstharz - Piuma Care<\/title>\n<meta name=\"description\" content=\"Ein einzigartiges Tablett f\u00fcr alle PIUMA-Produkte in Ihrem Badezimmer, handgefertigt in Italien aus einem einzigen Block eines speziellen lebensmittelechten Harzes\" \/>\n<meta name=\"robots\" content=\"index, follow, max-snippet:-1, max-image-preview:large, max-video-preview:-1\" \/>\n<link rel=\"canonical\" href=\"https:\/\/www.piumacare.com\/de\/product\/vassoio-frame\/\" \/>\n<meta property=\"og:locale\" content=\"de_DE\" \/>\n<meta property=\"og:type\" content=\"article\" \/>\n<meta property=\"og:title\" content=\"Zahnb\u00fcrstenschale aus Kunstharz - Piuma Care\" \/>\n<meta property=\"og:description\" content=\"Ein einzigartiges Tablett f\u00fcr alle PIUMA-Produkte in Ihrem Badezimmer, handgefertigt in Italien aus einem einzigen Block eines speziellen lebensmittelechten Harzes\" \/>\n<meta property=\"og:url\" content=\"https:\/\/www.piumacare.com\/de\/product\/vassoio-frame\/\" \/>\n<meta property=\"og:site_name\" content=\"Piuma Care\" \/>\n<meta property=\"article:modified_time\" content=\"2024-09-13T16:13:26+00:00\" \/>\n<meta property=\"og:image\" content=\"https:\/\/www.piumacare.com\/wp-content\/uploads\/2022\/07\/05-shop-scaled.jpg\" \/>\n\t<meta property=\"og:image:width\" content=\"2041\" \/>\n\t<meta property=\"og:image:height\" content=\"2560\" \/>\n\t<meta property=\"og:image:type\" content=\"image\/jpeg\" \/>\n<meta name=\"twitter:card\" content=\"summary_large_image\" \/>\n<meta name=\"twitter:label1\" content=\"Gesch\u00e4tzte Lesezeit\" \/>\n\t<meta name=\"twitter:data1\" content=\"5\u00a0Minuten\" \/>\n<script type=\"application\/ld+json\" class=\"yoast-schema-graph\">{\"@context\":\"https:\\\/\\\/schema.org\",\"@graph\":[{\"@type\":\"WebPage\",\"@id\":\"https:\\\/\\\/www.piumacare.com\\\/de\\\/product\\\/vassoio-frame\\\/\",\"url\":\"https:\\\/\\\/www.piumacare.com\\\/de\\\/product\\\/vassoio-frame\\\/\",\"name\":\"Zahnb\u00fcrstenschale aus Kunstharz - Piuma Care\",\"isPartOf\":{\"@id\":\"https:\\\/\\\/www.piumacare.com\\\/de\\\/#website\"},\"primaryImageOfPage\":{\"@id\":\"https:\\\/\\\/www.piumacare.com\\\/de\\\/product\\\/vassoio-frame\\\/#primaryimage\"},\"image\":{\"@id\":\"https:\\\/\\\/www.piumacare.com\\\/de\\\/product\\\/vassoio-frame\\\/#primaryimage\"},\"thumbnailUrl\":\"https:\\\/\\\/www.piumacare.com\\\/wp-content\\\/uploads\\\/2022\\\/07\\\/05-shop-scaled.jpg\",\"datePublished\":\"2021-11-26T10:30:37+00:00\",\"dateModified\":\"2024-09-13T16:13:26+00:00\",\"description\":\"Ein einzigartiges Tablett f\u00fcr alle PIUMA-Produkte in Ihrem Badezimmer, handgefertigt in Italien aus einem einzigen Block eines speziellen lebensmittelechten Harzes\",\"breadcrumb\":{\"@id\":\"https:\\\/\\\/www.piumacare.com\\\/de\\\/product\\\/vassoio-frame\\\/#breadcrumb\"},\"inLanguage\":\"de\",\"potentialAction\":[{\"@type\":\"ReadAction\",\"target\":[\"https:\\\/\\\/www.piumacare.com\\\/de\\\/product\\\/vassoio-frame\\\/\"]}]},{\"@type\":\"ImageObject\",\"inLanguage\":\"de\",\"@id\":\"https:\\\/\\\/www.piumacare.com\\\/de\\\/product\\\/vassoio-frame\\\/#primaryimage\",\"url\":\"https:\\\/\\\/www.piumacare.com\\\/wp-content\\\/uploads\\\/2022\\\/07\\\/05-shop-scaled.jpg\",\"contentUrl\":\"https:\\\/\\\/www.piumacare.com\\\/wp-content\\\/uploads\\\/2022\\\/07\\\/05-shop-scaled.jpg\",\"width\":2041,\"height\":2560},{\"@type\":\"BreadcrumbList\",\"@id\":\"https:\\\/\\\/www.piumacare.com\\\/de\\\/product\\\/vassoio-frame\\\/#breadcrumb\",\"itemListElement\":[{\"@type\":\"ListItem\",\"position\":1,\"name\":\"Home\",\"item\":\"https:\\\/\\\/www.piumacare.com\\\/de\\\/home-de\\\/\"},{\"@type\":\"ListItem\",\"position\":2,\"name\":\"Shop\",\"item\":\"https:\\\/\\\/www.piumacare.com\\\/de\\\/shop-2\\\/\"},{\"@type\":\"ListItem\",\"position\":3,\"name\":\"Vassoio Frame\"}]},{\"@type\":\"WebSite\",\"@id\":\"https:\\\/\\\/www.piumacare.com\\\/de\\\/#website\",\"url\":\"https:\\\/\\\/www.piumacare.com\\\/de\\\/\",\"name\":\"Piuma Care\",\"description\":\"La scienza del sorriso\",\"potentialAction\":[{\"@type\":\"SearchAction\",\"target\":{\"@type\":\"EntryPoint\",\"urlTemplate\":\"https:\\\/\\\/www.piumacare.com\\\/de\\\/?s={search_term_string}\"},\"query-input\":{\"@type\":\"PropertyValueSpecification\",\"valueRequired\":true,\"valueName\":\"search_term_string\"}}],\"inLanguage\":\"de\"}]}<\/script>\n<!-- \/ Yoast SEO plugin. -->","yoast_head_json":{"title":"Zahnb\u00fcrstenschale aus Kunstharz - Piuma Care","description":"Ein einzigartiges Tablett f\u00fcr alle PIUMA-Produkte in Ihrem Badezimmer, handgefertigt in Italien aus einem einzigen Block eines speziellen lebensmittelechten Harzes","robots":{"index":"index","follow":"follow","max-snippet":"max-snippet:-1","max-image-preview":"max-image-preview:large","max-video-preview":"max-video-preview:-1"},"canonical":"https:\/\/www.piumacare.com\/de\/product\/vassoio-frame\/","og_locale":"de_DE","og_type":"article","og_title":"Zahnb\u00fcrstenschale aus Kunstharz - Piuma Care","og_description":"Ein einzigartiges Tablett f\u00fcr alle PIUMA-Produkte in Ihrem Badezimmer, handgefertigt in Italien aus einem einzigen Block eines speziellen lebensmittelechten Harzes","og_url":"https:\/\/www.piumacare.com\/de\/product\/vassoio-frame\/","og_site_name":"Piuma Care","article_modified_time":"2024-09-13T16:13:26+00:00","og_image":[{"width":2041,"height":2560,"url":"https:\/\/www.piumacare.com\/wp-content\/uploads\/2022\/07\/05-shop-scaled.jpg","type":"image\/jpeg"}],"twitter_card":"summary_large_image","twitter_misc":{"Gesch\u00e4tzte Lesezeit":"5\u00a0Minuten"},"schema":{"@context":"https:\/\/schema.org","@graph":[{"@type":"WebPage","@id":"https:\/\/www.piumacare.com\/de\/product\/vassoio-frame\/","url":"https:\/\/www.piumacare.com\/de\/product\/vassoio-frame\/","name":"Zahnb\u00fcrstenschale aus Kunstharz - Piuma Care","isPartOf":{"@id":"https:\/\/www.piumacare.com\/de\/#website"},"primaryImageOfPage":{"@id":"https:\/\/www.piumacare.com\/de\/product\/vassoio-frame\/#primaryimage"},"image":{"@id":"https:\/\/www.piumacare.com\/de\/product\/vassoio-frame\/#primaryimage"},"thumbnailUrl":"https:\/\/www.piumacare.com\/wp-content\/uploads\/2022\/07\/05-shop-scaled.jpg","datePublished":"2021-11-26T10:30:37+00:00","dateModified":"2024-09-13T16:13:26+00:00","description":"Ein einzigartiges Tablett f\u00fcr alle PIUMA-Produkte in Ihrem Badezimmer, handgefertigt in Italien aus einem einzigen Block eines speziellen lebensmittelechten Harzes","breadcrumb":{"@id":"https:\/\/www.piumacare.com\/de\/product\/vassoio-frame\/#breadcrumb"},"inLanguage":"de","potentialAction":[{"@type":"ReadAction","target":["https:\/\/www.piumacare.com\/de\/product\/vassoio-frame\/"]}]},{"@type":"ImageObject","inLanguage":"de","@id":"https:\/\/www.piumacare.com\/de\/product\/vassoio-frame\/#primaryimage","url":"https:\/\/www.piumacare.com\/wp-content\/uploads\/2022\/07\/05-shop-scaled.jpg","contentUrl":"https:\/\/www.piumacare.com\/wp-content\/uploads\/2022\/07\/05-shop-scaled.jpg","width":2041,"height":2560},{"@type":"BreadcrumbList","@id":"https:\/\/www.piumacare.com\/de\/product\/vassoio-frame\/#breadcrumb","itemListElement":[{"@type":"ListItem","position":1,"name":"Home","item":"https:\/\/www.piumacare.com\/de\/home-de\/"},{"@type":"ListItem","position":2,"name":"Shop","item":"https:\/\/www.piumacare.com\/de\/shop-2\/"},{"@type":"ListItem","position":3,"name":"Vassoio Frame"}]},{"@type":"WebSite","@id":"https:\/\/www.piumacare.com\/de\/#website","url":"https:\/\/www.piumacare.com\/de\/","name":"Piuma Care","description":"La scienza del sorriso","potentialAction":[{"@type":"SearchAction","target":{"@type":"EntryPoint","urlTemplate":"https:\/\/www.piumacare.com\/de\/?s={search_term_string}"},"query-input":{"@type":"PropertyValueSpecification","valueRequired":true,"valueName":"search_term_string"}}],"inLanguage":"de"}]}},"_links":{"self":[{"href":"https:\/\/www.piumacare.com\/de\/wp-json\/wp\/v2\/product\/6011","targetHints":{"allow":["GET"]}}],"collection":[{"href":"https:\/\/www.piumacare.com\/de\/wp-json\/wp\/v2\/product"}],"about":[{"href":"https:\/\/www.piumacare.com\/de\/wp-json\/wp\/v2\/types\/product"}],"wp:featuredmedia":[{"embeddable":true,"href":"https:\/\/www.piumacare.com\/de\/wp-json\/wp\/v2\/media\/10726"}],"wp:attachment":[{"href":"https:\/\/www.piumacare.com\/de\/wp-json\/wp\/v2\/media?parent=6011"}],"wp:term":[{"taxonomy":"product_brand","embeddable":true,"href":"https:\/\/www.piumacare.com\/de\/wp-json\/wp\/v2\/product_brand?post=6011"},{"taxonomy":"product_cat","embeddable":true,"href":"https:\/\/www.piumacare.com\/de\/wp-json\/wp\/v2\/product_cat?post=6011"},{"taxonomy":"product_tag","embeddable":true,"href":"https:\/\/www.piumacare.com\/de\/wp-json\/wp\/v2\/product_tag?post=6011"}],"curies":[{"name":"wp","href":"https:\/\/api.w.org\/{rel}","templated":true}]}}