{"id":2069,"date":"2021-07-21T17:40:58","date_gmt":"2021-07-21T15:40:58","guid":{"rendered":"https:\/\/piumacare.com\/journal\/compasso-doro\/"},"modified":"2021-10-08T18:23:11","modified_gmt":"2021-10-08T16:23:11","slug":"compasso-doro","status":"publish","type":"page","link":"https:\/\/www.piumacare.com\/es\/journal\/compasso-doro\/","title":{"rendered":"Compasso d&#8217;oro"},"content":{"rendered":"<p><div class=\"fusion-fullwidth fullwidth-box fusion-builder-row-1 fusion-flex-container nonhundred-percent-fullwidth non-hundred-percent-height-scrolling\" style=\"--link_hover_color: #000000;--awb-border-radius-top-left:0px;--awb-border-radius-top-right:0px;--awb-border-radius-bottom-right:0px;--awb-border-radius-bottom-left:0px;--awb-flex-wrap:wrap;\" ><div class=\"fusion-builder-row fusion-row fusion-flex-align-items-flex-start fusion-flex-content-wrap\" style=\"max-width:1248px;margin-left: calc(-4% \/ 2 );margin-right: calc(-4% \/ 2 );\"><div class=\"fusion-layout-column fusion_builder_column fusion-builder-column-0 fusion_builder_column_1_1 1_1 fusion-flex-column\" style=\"--awb-bg-size:cover;--awb-width-large:100%;--awb-margin-top-large:0px;--awb-spacing-right-large:1.92%;--awb-margin-bottom-large:20px;--awb-spacing-left-large:1.92%;--awb-width-medium:100%;--awb-order-medium:0;--awb-spacing-right-medium:1.92%;--awb-spacing-left-medium:1.92%;--awb-width-small:100%;--awb-order-small:0;--awb-spacing-right-small:1.92%;--awb-spacing-left-small:1.92%;\"><div class=\"fusion-column-wrapper fusion-column-has-shadow fusion-flex-justify-content-flex-start fusion-content-layout-column\"><div class=\"fusion-video fusion-selfhosted-video\" style=\"align-self:center;max-width:920px;\"><div class=\"video-wrapper\"><video playsinline=\"true\" width=\"100%\" style=\"object-fit: cover;\" autoplay=\"true\" muted=\"true\" loop=\"true\" preload=\"auto\"><source src=\"https:\/\/piumacare.com\/wp-content\/uploads\/2021\/06\/piuma_adi-2019.mp4\" type=\"video\/mp4\">Sorry, your browser doesn&#039;t support embedded videos.<\/video><\/div><\/div><\/div><\/div><\/div><\/div><div class=\"fusion-fullwidth fullwidth-box fusion-builder-row-2 fusion-flex-container nonhundred-percent-fullwidth non-hundred-percent-height-scrolling\" style=\"--link_hover_color: #000000;--awb-border-radius-top-left:0px;--awb-border-radius-top-right:0px;--awb-border-radius-bottom-right:0px;--awb-border-radius-bottom-left:0px;--awb-flex-wrap:wrap;\" ><div class=\"fusion-builder-row fusion-row fusion-flex-align-items-flex-start fusion-flex-justify-content-center fusion-flex-content-wrap\" style=\"max-width:1248px;margin-left: calc(-4% \/ 2 );margin-right: calc(-4% \/ 2 );\"><div class=\"fusion-layout-column fusion_builder_column fusion-builder-column-1 fusion_builder_column_1_3 1_3 fusion-flex-column\" style=\"--awb-bg-size:cover;--awb-width-large:33.333333333333%;--awb-margin-top-large:0px;--awb-spacing-right-large:0%;--awb-margin-bottom-large:0px;--awb-spacing-left-large:0%;--awb-width-medium:33.333333333333%;--awb-order-medium:0;--awb-spacing-right-medium:0%;--awb-spacing-left-medium:0%;--awb-width-small:100%;--awb-order-small:0;--awb-spacing-right-small:1.92%;--awb-spacing-left-small:1.92%;\"><div class=\"fusion-column-wrapper fusion-column-has-shadow fusion-flex-justify-content-flex-start fusion-content-layout-column\"><div class=\"fusion-image-element \" style=\"text-align:left;--awb-margin-left:0px;--awb-caption-title-font-family:var(--h2_typography-font-family);--awb-caption-title-font-weight:var(--h2_typography-font-weight);--awb-caption-title-font-style:var(--h2_typography-font-style);--awb-caption-title-size:var(--h2_typography-font-size);--awb-caption-title-transform:var(--h2_typography-text-transform);--awb-caption-title-line-height:var(--h2_typography-line-height);--awb-caption-title-letter-spacing:var(--h2_typography-letter-spacing);\"><span class=\" fusion-imageframe imageframe-none imageframe-1 hover-type-none\"><img decoding=\"async\" width=\"1000\" height=\"1778\" title=\"piumastoriesagosto-1-0028-1000x\" src=\"https:\/\/piumacare.com\/wp-content\/uploads\/2021\/06\/piumastoriesagosto-1-0028-1000x.jpg\" alt class=\"img-responsive wp-image-1272\" srcset=\"https:\/\/www.piumacare.com\/wp-content\/uploads\/2021\/06\/piumastoriesagosto-1-0028-1000x-200x356.jpg 200w, https:\/\/www.piumacare.com\/wp-content\/uploads\/2021\/06\/piumastoriesagosto-1-0028-1000x-400x711.jpg 400w, https:\/\/www.piumacare.com\/wp-content\/uploads\/2021\/06\/piumastoriesagosto-1-0028-1000x-600x1067.jpg 600w, https:\/\/www.piumacare.com\/wp-content\/uploads\/2021\/06\/piumastoriesagosto-1-0028-1000x-800x1422.jpg 800w, https:\/\/www.piumacare.com\/wp-content\/uploads\/2021\/06\/piumastoriesagosto-1-0028-1000x.jpg 1000w\" sizes=\"(max-width: 640px) 100vw, 600px\" \/><\/span><\/div><\/div><\/div><div class=\"fusion-layout-column fusion_builder_column fusion-builder-column-2 fusion-flex-column\" style=\"--awb-bg-size:cover;--awb-width-large:40.15%;--awb-margin-top-large:0px;--awb-spacing-right-large:0%;--awb-margin-bottom-large:20px;--awb-spacing-left-large:9.5641344956413%;--awb-width-medium:40.15%;--awb-order-medium:0;--awb-spacing-right-medium:0%;--awb-spacing-left-medium:9.5641344956413%;--awb-width-small:100%;--awb-order-small:0;--awb-spacing-right-small:1.92%;--awb-spacing-left-small:1.92%;\"><div class=\"fusion-column-wrapper fusion-column-has-shadow fusion-flex-justify-content-flex-start fusion-content-layout-column\"><div class=\"fusion-text fusion-text-1\" style=\"--awb-font-size:13px;--awb-letter-spacing:1px;--awb-text-color:#000000;\"><p><div class=\"fusion-fa-align-left\"><a class=\"fb-icon-element-1 fb-icon-element fontawesome-icon fa-arrow-left fas circle-yes fusion-link\" style=\"--awb-iconcolor:#000000;--awb-iconcolor-hover:#686868;--awb-circlecolor:rgba(74,78,87,0);--awb-circlecolor-hover:rgba(255,255,255,0);--awb-circlebordersize:0px;--awb-font-size:12.32px;--awb-width:24.64px;--awb-height:24.64px;--awb-line-height:24.64px;--awb-margin-right:7px;\" href=\"https:\/\/piumacare.com\" target=\"_self\" aria-label=\"Link to https:\/\/piumacare.com\"><\/a><\/div><a href=\"https:\/\/piumacare.com\/\"><u>BACK TO HOME<\/u><\/a><\/p>\n<\/div><div class=\"fusion-text fusion-text-2\"><h1 style=\"font-size: calc(1.75rem + 0.3vw); color: #000;\">Piuma<sup style=\"font-size: 12px;\">\u00ae<\/sup> recibe la Menci\u00f3n de Honor al Compasso d&#8217;Oro.<\/h1>\n<\/div><div class=\"fusion-text fusion-text-3\" style=\"--awb-line-height:1.5;--awb-text-color:#000000;\"><p>Nos llena de orgullo informarle de que Piuma\u00ae ha recibido una menci\u00f3n de honor en el Compasso d&#8217;Oro &#8211; ADI (Asociaci\u00f3n de Dise\u00f1o Industrial). Este importante reconocimiento ha sido otorgado a la empresa por la calidad de su producto en el campo del dise\u00f1o del cuidado personal. El premio Compasso d&#8217;Oro es el m\u00e1ximo reconocimiento nacional e internacional al dise\u00f1o, creado en 1954 y concedido cada 3 a\u00f1os tras una estricta selecci\u00f3n. A partir de este a\u00f1o, los productos premiados se expondr\u00e1n permanentemente en el nuevo Museo ADI de Mil\u00e1n.<\/p>\n<p>Es para nosotros una gran fuente de satisfacci\u00f3n poder aspirar a un premio tan importante, reconocimiento de nuestro esfuerzo cualitativo por proponeros cada d\u00eda los mejores productos posibles <em>mediante el dise\u00f1o y la ergonom\u00eda funcionales, materiales excelentes y f\u00f3rmulas innovadoras dirigidas a regalaros una rutina de la higiene cotidiana exclusiva.<\/em><\/p>\n<p>Si ten\u00e9is ocasi\u00f3n, desde hoy pod\u00e9is encontrarnos tambi\u00e9n en el Museo ADI en <strong>Via Ceresio 7, 20154 Mil\u00e1n, Italia<\/strong><\/p>\n<p>Para probar Piuma<sup style=\"font-size:10px;\">\u00ae<\/sup>, <a href=\"https:\/\/www.piumacare.com\/es\/shop\/\" target=\"_blank\" rel=\"noopener noreferrer nofollow\"><u>visitad nuestra tienda<\/u><\/a>.<\/p>\n<\/div><\/div><\/div><\/div><\/div><\/p>\n","protected":false},"excerpt":{"rendered":"","protected":false},"author":9000000,"featured_media":0,"parent":1965,"menu_order":0,"comment_status":"closed","ping_status":"closed","template":"100-width.php","meta":{"footnotes":""},"class_list":["post-2069","page","type-page","status-publish","hentry"],"yoast_head":"<!-- This site is optimized with the Yoast SEO plugin v27.1.1 - https:\/\/yoast.com\/product\/yoast-seo-wordpress\/ -->\n<title>Compasso d&#039;oro - Piuma Care<\/title>\n<meta name=\"robots\" content=\"index, follow, max-snippet:-1, max-image-preview:large, max-video-preview:-1\" \/>\n<link rel=\"canonical\" href=\"https:\/\/www.piumacare.com\/es\/journal\/compasso-doro\/\" \/>\n<meta property=\"og:locale\" content=\"es_ES\" \/>\n<meta property=\"og:type\" content=\"article\" \/>\n<meta property=\"og:title\" content=\"Compasso d&#039;oro - Piuma Care\" \/>\n<meta property=\"og:url\" content=\"https:\/\/www.piumacare.com\/es\/journal\/compasso-doro\/\" \/>\n<meta property=\"og:site_name\" content=\"Piuma Care\" \/>\n<meta property=\"article:modified_time\" content=\"2021-10-08T16:23:11+00:00\" \/>\n<meta name=\"twitter:card\" content=\"summary_large_image\" \/>\n<meta name=\"twitter:label1\" content=\"Tiempo de lectura\" \/>\n\t<meta name=\"twitter:data1\" content=\"9 minutos\" \/>\n<script type=\"application\/ld+json\" class=\"yoast-schema-graph\">{\"@context\":\"https:\/\/schema.org\",\"@graph\":[{\"@type\":\"WebPage\",\"@id\":\"https:\/\/www.piumacare.com\/es\/journal\/compasso-doro\/\",\"url\":\"https:\/\/www.piumacare.com\/es\/journal\/compasso-doro\/\",\"name\":\"Compasso d'oro - Piuma Care\",\"isPartOf\":{\"@id\":\"https:\/\/www.piumacare.com\/es\/#website\"},\"datePublished\":\"2021-07-21T15:40:58+00:00\",\"dateModified\":\"2021-10-08T16:23:11+00:00\",\"breadcrumb\":{\"@id\":\"https:\/\/www.piumacare.com\/es\/journal\/compasso-doro\/#breadcrumb\"},\"inLanguage\":\"es\",\"potentialAction\":[{\"@type\":\"ReadAction\",\"target\":[\"https:\/\/www.piumacare.com\/es\/journal\/compasso-doro\/\"]}]},{\"@type\":\"BreadcrumbList\",\"@id\":\"https:\/\/www.piumacare.com\/es\/journal\/compasso-doro\/#breadcrumb\",\"itemListElement\":[{\"@type\":\"ListItem\",\"position\":1,\"name\":\"Home\",\"item\":\"https:\/\/www.piumacare.com\/es\/home-es\/\"},{\"@type\":\"ListItem\",\"position\":2,\"name\":\"Journal\",\"item\":\"https:\/\/www.piumacare.com\/es\/journal\/\"},{\"@type\":\"ListItem\",\"position\":3,\"name\":\"Compasso d&#8217;oro\"}]},{\"@type\":\"WebSite\",\"@id\":\"https:\/\/www.piumacare.com\/es\/#website\",\"url\":\"https:\/\/www.piumacare.com\/es\/\",\"name\":\"Piuma Care\",\"description\":\"La scienza del sorriso\",\"potentialAction\":[{\"@type\":\"SearchAction\",\"target\":{\"@type\":\"EntryPoint\",\"urlTemplate\":\"https:\/\/www.piumacare.com\/es\/?s={search_term_string}\"},\"query-input\":{\"@type\":\"PropertyValueSpecification\",\"valueRequired\":true,\"valueName\":\"search_term_string\"}}],\"inLanguage\":\"es\"}]}<\/script>\n<!-- \/ Yoast SEO plugin. -->","yoast_head_json":{"title":"Compasso d'oro - Piuma Care","robots":{"index":"index","follow":"follow","max-snippet":"max-snippet:-1","max-image-preview":"max-image-preview:large","max-video-preview":"max-video-preview:-1"},"canonical":"https:\/\/www.piumacare.com\/es\/journal\/compasso-doro\/","og_locale":"es_ES","og_type":"article","og_title":"Compasso d'oro - Piuma Care","og_url":"https:\/\/www.piumacare.com\/es\/journal\/compasso-doro\/","og_site_name":"Piuma Care","article_modified_time":"2021-10-08T16:23:11+00:00","twitter_card":"summary_large_image","twitter_misc":{"Tiempo de lectura":"9 minutos"},"schema":{"@context":"https:\/\/schema.org","@graph":[{"@type":"WebPage","@id":"https:\/\/www.piumacare.com\/es\/journal\/compasso-doro\/","url":"https:\/\/www.piumacare.com\/es\/journal\/compasso-doro\/","name":"Compasso d'oro - Piuma Care","isPartOf":{"@id":"https:\/\/www.piumacare.com\/es\/#website"},"datePublished":"2021-07-21T15:40:58+00:00","dateModified":"2021-10-08T16:23:11+00:00","breadcrumb":{"@id":"https:\/\/www.piumacare.com\/es\/journal\/compasso-doro\/#breadcrumb"},"inLanguage":"es","potentialAction":[{"@type":"ReadAction","target":["https:\/\/www.piumacare.com\/es\/journal\/compasso-doro\/"]}]},{"@type":"BreadcrumbList","@id":"https:\/\/www.piumacare.com\/es\/journal\/compasso-doro\/#breadcrumb","itemListElement":[{"@type":"ListItem","position":1,"name":"Home","item":"https:\/\/www.piumacare.com\/es\/home-es\/"},{"@type":"ListItem","position":2,"name":"Journal","item":"https:\/\/www.piumacare.com\/es\/journal\/"},{"@type":"ListItem","position":3,"name":"Compasso d&#8217;oro"}]},{"@type":"WebSite","@id":"https:\/\/www.piumacare.com\/es\/#website","url":"https:\/\/www.piumacare.com\/es\/","name":"Piuma Care","description":"La scienza del sorriso","potentialAction":[{"@type":"SearchAction","target":{"@type":"EntryPoint","urlTemplate":"https:\/\/www.piumacare.com\/es\/?s={search_term_string}"},"query-input":{"@type":"PropertyValueSpecification","valueRequired":true,"valueName":"search_term_string"}}],"inLanguage":"es"}]}},"_links":{"self":[{"href":"https:\/\/www.piumacare.com\/es\/wp-json\/wp\/v2\/pages\/2069","targetHints":{"allow":["GET"]}}],"collection":[{"href":"https:\/\/www.piumacare.com\/es\/wp-json\/wp\/v2\/pages"}],"about":[{"href":"https:\/\/www.piumacare.com\/es\/wp-json\/wp\/v2\/types\/page"}],"author":[{"embeddable":true,"href":"https:\/\/www.piumacare.com\/es\/wp-json\/wp\/v2\/users\/9000000"}],"replies":[{"embeddable":true,"href":"https:\/\/www.piumacare.com\/es\/wp-json\/wp\/v2\/comments?post=2069"}],"version-history":[{"count":0,"href":"https:\/\/www.piumacare.com\/es\/wp-json\/wp\/v2\/pages\/2069\/revisions"}],"up":[{"embeddable":true,"href":"https:\/\/www.piumacare.com\/es\/wp-json\/wp\/v2\/pages\/1965"}],"wp:attachment":[{"href":"https:\/\/www.piumacare.com\/es\/wp-json\/wp\/v2\/media?parent=2069"}],"curies":[{"name":"wp","href":"https:\/\/api.w.org\/{rel}","templated":true}]}}