{"id":2077,"date":"2021-07-21T17:54:06","date_gmt":"2021-07-21T15:54:06","guid":{"rendered":"https:\/\/piumacare.com\/journal\/piuma-b-active\/"},"modified":"2021-10-09T17:22:35","modified_gmt":"2021-10-09T15:22:35","slug":"piuma-b-active","status":"publish","type":"page","link":"https:\/\/www.piumacare.com\/es\/journal\/piuma-b-active\/","title":{"rendered":"Piuma B Active"},"content":{"rendered":"<div class=\"fusion-fullwidth fullwidth-box fusion-builder-row-1 fusion-flex-container nonhundred-percent-fullwidth non-hundred-percent-height-scrolling\" style=\"--awb-border-radius-top-left:0px;--awb-border-radius-top-right:0px;--awb-border-radius-bottom-right:0px;--awb-border-radius-bottom-left:0px;--awb-flex-wrap:wrap;\" ><div class=\"fusion-builder-row fusion-row fusion-flex-align-items-flex-start fusion-flex-justify-content-center fusion-flex-content-wrap\" style=\"max-width:1248px;margin-left: calc(-4% \/ 2 );margin-right: calc(-4% \/ 2 );\"><div class=\"fusion-layout-column fusion_builder_column fusion-builder-column-0 fusion_builder_column_1_1 1_1 fusion-flex-column\" style=\"--awb-bg-size:cover;--awb-width-large:100%;--awb-margin-top-large:0px;--awb-spacing-right-large:1.92%;--awb-margin-bottom-large:20px;--awb-spacing-left-large:1.92%;--awb-width-medium:100%;--awb-order-medium:0;--awb-spacing-right-medium:1.92%;--awb-spacing-left-medium:1.92%;--awb-width-small:100%;--awb-order-small:0;--awb-spacing-right-small:1.92%;--awb-spacing-left-small:1.92%;\"><div class=\"fusion-column-wrapper fusion-column-has-shadow fusion-flex-justify-content-flex-start fusion-content-layout-column\"><div class=\"fusion-image-element \" style=\"text-align:center;--awb-max-width:920px;--awb-caption-title-font-family:var(--h2_typography-font-family);--awb-caption-title-font-weight:var(--h2_typography-font-weight);--awb-caption-title-font-style:var(--h2_typography-font-style);--awb-caption-title-size:var(--h2_typography-font-size);--awb-caption-title-transform:var(--h2_typography-text-transform);--awb-caption-title-line-height:var(--h2_typography-line-height);--awb-caption-title-letter-spacing:var(--h2_typography-letter-spacing);\"><span class=\" fusion-imageframe imageframe-none imageframe-1 hover-type-none\"><img decoding=\"async\" width=\"1000\" height=\"744\" title=\"Piuma-B-Active\" src=\"https:\/\/piumacare.com\/wp-content\/uploads\/2021\/06\/Piuma-B-Active.jpg\" alt class=\"img-responsive wp-image-1264\" srcset=\"https:\/\/www.piumacare.com\/wp-content\/uploads\/2021\/06\/Piuma-B-Active-200x149.jpg 200w, https:\/\/www.piumacare.com\/wp-content\/uploads\/2021\/06\/Piuma-B-Active-400x298.jpg 400w, https:\/\/www.piumacare.com\/wp-content\/uploads\/2021\/06\/Piuma-B-Active-600x446.jpg 600w, https:\/\/www.piumacare.com\/wp-content\/uploads\/2021\/06\/Piuma-B-Active-800x595.jpg 800w, https:\/\/www.piumacare.com\/wp-content\/uploads\/2021\/06\/Piuma-B-Active.jpg 1000w\" sizes=\"(max-width: 640px) 100vw, 1000px\" \/><\/span><\/div><\/div><\/div><div class=\"fusion-layout-column fusion_builder_column fusion-builder-column-1 fusion_builder_column_3_5 3_5 fusion-flex-column\" style=\"--awb-bg-size:cover;--awb-width-large:60%;--awb-margin-top-large:0px;--awb-spacing-right-large:6.4%;--awb-margin-bottom-large:20px;--awb-spacing-left-large:6.4%;--awb-width-medium:60%;--awb-order-medium:0;--awb-spacing-right-medium:6.4%;--awb-spacing-left-medium:6.4%;--awb-width-small:100%;--awb-order-small:0;--awb-spacing-right-small:1.92%;--awb-spacing-left-small:1.92%;\"><div class=\"fusion-column-wrapper fusion-column-has-shadow fusion-flex-justify-content-flex-start fusion-content-layout-column\"><div class=\"fusion-text fusion-text-1\" style=\"--awb-font-size:13px;--awb-letter-spacing:1px;--awb-text-color:#000000;\"><p><div class=\"fusion-fa-align-left\"><a class=\"fb-icon-element-1 fb-icon-element fontawesome-icon fa-arrow-left fas circle-yes fusion-link\" style=\"--awb-iconcolor:#000000;--awb-iconcolor-hover:#686868;--awb-circlecolor:rgba(74,78,87,0);--awb-circlecolor-hover:rgba(255,255,255,0);--awb-circlebordersize:0px;--awb-font-size:12.32px;--awb-width:24.64px;--awb-height:24.64px;--awb-line-height:24.64px;--awb-margin-right:7px;\" href=\"https:\/\/piumacare.com\" target=\"_self\" aria-label=\"Link to https:\/\/piumacare.com\"><\/a><\/div><u>BACK TO HOME<\/u><\/p>\n<\/div><div class=\"fusion-text fusion-text-2\"><h1 style=\"font-size: calc(1.75rem + 0.3vw); color: #000;\">Piuma B-Active<sup style=\"font-size: 15px;\">\u00ae<\/sup><\/h1>\n<\/div><div class=\"fusion-text fusion-text-3\"><p>PIUMA, LA CIENCIA DE LA SONRISA, CONTIN\u00daA LA INNOVACI\u00d3N EN LA EMPRESA MADE IN ITALY: LAS CERDAS ACTIVAS PARA TODAS TUS NECESIDADES<\/p>\n<\/div><div class=\"fusion-text fusion-text-4\" style=\"--awb-text-color:#000000;\"><p><em>Despu\u00e9s de recibir dos premios internacionales importantes por el dise\u00f1o del cepillo de dientes \u00abPiuma Brush\u00bb, ahora la empresa veneciana del cuidado bucal se relanza personalizando las cerdas: hay cerdas con efecto germicida, blanqueador y con vitamina C. El propietario, Michele Longato: \u00abEstamos a la vanguardia en la propuesta de esta nueva tecnolog\u00eda\u00bb<\/em><\/p>\n<p>Despu\u00e9s del gran \u00e9xito del innovador \u00abPiuma Brush\u00bb, el cepillo multipremiado por el dise\u00f1o \u00fanico hecho en Italia, la empresa dise\u00f1adora con sede en Noventa di Piave, en el Veneziano, ahora lanza otras novedades tecnol\u00f3gicas para el cuidado de la sonrisa.<\/p>\n<p>AAdem\u00e1s de las cerdas actuales de los cepillos de dientes, fabricadas con materiales antibacterianos, que se encuentran entre las m\u00e1s eficaces y suaves que existen, tambi\u00e9n existen <strong>cerdas de carb\u00f3n activado<\/strong>, fabricadas mediante un proceso de carbonizaci\u00f3n de la madera 100% natural, que tienen el efecto natural de blanquear los dientes. Y no s\u00f3lo eso, tambi\u00e9n est\u00e1 el cepillo de dientes con <strong>cerdas de fl\u00faor<\/strong> que mantienen el PH de la boca en equilibrio, fortaleciendo las partes desmineralizadas del esmalte dental. Pero la cosa no acaba ah\u00ed. Incluso dise\u00f1o un cepillo de dientes con <strong>cerdas de vitamina C<\/strong>, con todas las propiedades positivas conocidas para el sistema inmunol\u00f3gico con un efecto antiviral muy buscado. Estas innovaciones son posibles gracias a las cerdas de nailon ecol\u00f3gico, que utilizan materias primas procedentes de fuentes renovables, elaboradas con atenci\u00f3n al medio ambiente y a la ecolog\u00eda, ya que tambi\u00e9n proceden de pl\u00e1stico reciclado.<\/p>\n<p>\u201cHa costado mucho trabajo, pero al final estamos orgullosos de presentar nuestra colecci\u00f3n\u00bb, explica el propietario de Piuma Care, Michele Longato. \u00abMuchos de los productos son absolutamente \u00fanicos y vanguardistas en su g\u00e9nero. Respondemos a todas las necesidades: todos aquellos que tienen enc\u00edas sensibles, dientes que han perdido su blancura natural, mal aliento, g\u00e9rmenes en la cavidad bucal o irritaci\u00f3n, pueden tener ahora su propio cepillo de dientes espec\u00edfico, con cerdas especialmente dise\u00f1adas. Cada uno tiene su propio color, lo que tambi\u00e9n supone una ventaja est\u00e9tica. Las cerdas amarillas son las de la vitamina C, las grises las del carb\u00f3n activo, mientras que las blancas refuerzan el esmalte dental, adem\u00e1s de las que ya figuran en el cat\u00e1logo, que son negras y redondeadas para estar entre las m\u00e1s delicadas y suaves del mundo. Podemos permitirnos estas personalizaciones porque trabajamos con un producto de calidad y exclusivo\u201d.<\/p>\n<p>Piuma Care fue fundada por Longato, un directivo que, tras su experiencia profesional en varias multinacionales de Estados Unidos y Jap\u00f3n y su trabajo en la empresa familiar (Stampoplast, que opera en el procesamiento de materiales pl\u00e1sticos), fund\u00f3 la empresa especializada en productos para el cuidado bucal, fabricados con un dise\u00f1o innovador y elaborados con tecnolog\u00eda de vanguardia. Toda la producci\u00f3n se lleva a cabo en las propias f\u00e1bricas de la empresa y la elecci\u00f3n de los materiales y socios es totalmente fabricado en Italia.<\/p>\n<p>Las patentes de Piuma, que ya est\u00e1n en el mercado, est\u00e1n ganando reconocimiento internacional. El m\u00e1s importante fue el premio obtenido por el cepillo de dientes Piuma Brush, dise\u00f1ado junto con Hangar Design Group: la menci\u00f3n de honor en la XXVI edici\u00f3n del Compasso d&#8217;Oro, el concurso m\u00e1s codiciado para quienes trabajan en el mundo del dise\u00f1o (existe desde 1954). Pero la empresa tambi\u00e9n ha ganado el Product Design Red Dot Award 2019: 5.500 productos de 55 pa\u00edses diferentes eran candidatos. El cepillo de dientes Piuma tambi\u00e9n est\u00e1 expuesto en el Museo de la Ciencia y la Tecnolog\u00eda de Mil\u00e1n, formando parte de la selecci\u00f3n de Adi (la Asociaci\u00f3n de Dise\u00f1o Industrial): se considera un accesorio de mobiliario, tanto que se ha cuidado su dise\u00f1o. Gracias a la base que contiene un indicador de fecha que te avisa cuando es el momento de cambiarlo, una especie de reloj de arena que garantiza una higiene perfecta. Adem\u00e1s, todos los materiales utilizados cuentan con la conformidad de la Fda para el mercado estadounidense, lo que garantiza unos niveles de higiene antibacteriana extremadamente altos.<\/p>\n<p>Hay que decir que Piuma Care se ha propuesto crear un ecosistema en el que la higiene bucal y el dise\u00f1o se unen en un estilo de vida denominado \u00abPiuma Way\u00bb. La empresa tambi\u00e9n fue la primera en ofrecer una pasta de dientes en un envase dotado de la tecnolog\u00eda airless, que suele utilizarse para las cremas m\u00e1s sofisticadas. Por \u00faltimo, en cuanto a nuevos productos, tambi\u00e9n ha creado recientemente un enjuague bucal, que se ofrece en un revolucionario envase de aluminio para subrayar su continuo compromiso con el medio ambiente.<\/p>\n<p>OFICINA DE PRENSA<\/p>\n<\/div><\/div><\/div><\/div><\/div>\n","protected":false},"excerpt":{"rendered":"","protected":false},"author":9000000,"featured_media":0,"parent":1965,"menu_order":0,"comment_status":"closed","ping_status":"closed","template":"100-width.php","meta":{"footnotes":""},"class_list":["post-2077","page","type-page","status-publish","hentry"],"yoast_head":"<!-- This site is optimized with the Yoast SEO plugin v27.4 - https:\/\/yoast.com\/product\/yoast-seo-wordpress\/ -->\n<title>Piuma B Active - Piuma Care<\/title>\n<meta name=\"robots\" content=\"index, follow, max-snippet:-1, max-image-preview:large, max-video-preview:-1\" \/>\n<link rel=\"canonical\" href=\"https:\/\/www.piumacare.com\/es\/journal\/piuma-b-active\/\" \/>\n<meta property=\"og:locale\" content=\"es_ES\" \/>\n<meta property=\"og:type\" content=\"article\" \/>\n<meta property=\"og:title\" content=\"Piuma B Active - Piuma Care\" \/>\n<meta property=\"og:url\" content=\"https:\/\/www.piumacare.com\/es\/journal\/piuma-b-active\/\" \/>\n<meta property=\"og:site_name\" content=\"Piuma Care\" \/>\n<meta property=\"article:modified_time\" content=\"2021-10-09T15:22:35+00:00\" \/>\n<meta name=\"twitter:card\" content=\"summary_large_image\" \/>\n<meta name=\"twitter:label1\" content=\"Tiempo de lectura\" \/>\n\t<meta name=\"twitter:data1\" content=\"10 minutos\" \/>\n<script type=\"application\/ld+json\" class=\"yoast-schema-graph\">{\"@context\":\"https:\\\/\\\/schema.org\",\"@graph\":[{\"@type\":\"WebPage\",\"@id\":\"https:\\\/\\\/www.piumacare.com\\\/es\\\/journal\\\/piuma-b-active\\\/\",\"url\":\"https:\\\/\\\/www.piumacare.com\\\/es\\\/journal\\\/piuma-b-active\\\/\",\"name\":\"Piuma B Active - Piuma Care\",\"isPartOf\":{\"@id\":\"https:\\\/\\\/www.piumacare.com\\\/es\\\/#website\"},\"datePublished\":\"2021-07-21T15:54:06+00:00\",\"dateModified\":\"2021-10-09T15:22:35+00:00\",\"breadcrumb\":{\"@id\":\"https:\\\/\\\/www.piumacare.com\\\/es\\\/journal\\\/piuma-b-active\\\/#breadcrumb\"},\"inLanguage\":\"es\",\"potentialAction\":[{\"@type\":\"ReadAction\",\"target\":[\"https:\\\/\\\/www.piumacare.com\\\/es\\\/journal\\\/piuma-b-active\\\/\"]}]},{\"@type\":\"BreadcrumbList\",\"@id\":\"https:\\\/\\\/www.piumacare.com\\\/es\\\/journal\\\/piuma-b-active\\\/#breadcrumb\",\"itemListElement\":[{\"@type\":\"ListItem\",\"position\":1,\"name\":\"Home\",\"item\":\"https:\\\/\\\/www.piumacare.com\\\/es\\\/home-es\\\/\"},{\"@type\":\"ListItem\",\"position\":2,\"name\":\"Journal\",\"item\":\"https:\\\/\\\/www.piumacare.com\\\/es\\\/journal\\\/\"},{\"@type\":\"ListItem\",\"position\":3,\"name\":\"Piuma B Active\"}]},{\"@type\":\"WebSite\",\"@id\":\"https:\\\/\\\/www.piumacare.com\\\/es\\\/#website\",\"url\":\"https:\\\/\\\/www.piumacare.com\\\/es\\\/\",\"name\":\"Piuma Care\",\"description\":\"La scienza del sorriso\",\"potentialAction\":[{\"@type\":\"SearchAction\",\"target\":{\"@type\":\"EntryPoint\",\"urlTemplate\":\"https:\\\/\\\/www.piumacare.com\\\/es\\\/?s={search_term_string}\"},\"query-input\":{\"@type\":\"PropertyValueSpecification\",\"valueRequired\":true,\"valueName\":\"search_term_string\"}}],\"inLanguage\":\"es\"}]}<\/script>\n<!-- \/ Yoast SEO plugin. -->","yoast_head_json":{"title":"Piuma B Active - Piuma Care","robots":{"index":"index","follow":"follow","max-snippet":"max-snippet:-1","max-image-preview":"max-image-preview:large","max-video-preview":"max-video-preview:-1"},"canonical":"https:\/\/www.piumacare.com\/es\/journal\/piuma-b-active\/","og_locale":"es_ES","og_type":"article","og_title":"Piuma B Active - Piuma Care","og_url":"https:\/\/www.piumacare.com\/es\/journal\/piuma-b-active\/","og_site_name":"Piuma Care","article_modified_time":"2021-10-09T15:22:35+00:00","twitter_card":"summary_large_image","twitter_misc":{"Tiempo de lectura":"10 minutos"},"schema":{"@context":"https:\/\/schema.org","@graph":[{"@type":"WebPage","@id":"https:\/\/www.piumacare.com\/es\/journal\/piuma-b-active\/","url":"https:\/\/www.piumacare.com\/es\/journal\/piuma-b-active\/","name":"Piuma B Active - Piuma Care","isPartOf":{"@id":"https:\/\/www.piumacare.com\/es\/#website"},"datePublished":"2021-07-21T15:54:06+00:00","dateModified":"2021-10-09T15:22:35+00:00","breadcrumb":{"@id":"https:\/\/www.piumacare.com\/es\/journal\/piuma-b-active\/#breadcrumb"},"inLanguage":"es","potentialAction":[{"@type":"ReadAction","target":["https:\/\/www.piumacare.com\/es\/journal\/piuma-b-active\/"]}]},{"@type":"BreadcrumbList","@id":"https:\/\/www.piumacare.com\/es\/journal\/piuma-b-active\/#breadcrumb","itemListElement":[{"@type":"ListItem","position":1,"name":"Home","item":"https:\/\/www.piumacare.com\/es\/home-es\/"},{"@type":"ListItem","position":2,"name":"Journal","item":"https:\/\/www.piumacare.com\/es\/journal\/"},{"@type":"ListItem","position":3,"name":"Piuma B Active"}]},{"@type":"WebSite","@id":"https:\/\/www.piumacare.com\/es\/#website","url":"https:\/\/www.piumacare.com\/es\/","name":"Piuma Care","description":"La scienza del sorriso","potentialAction":[{"@type":"SearchAction","target":{"@type":"EntryPoint","urlTemplate":"https:\/\/www.piumacare.com\/es\/?s={search_term_string}"},"query-input":{"@type":"PropertyValueSpecification","valueRequired":true,"valueName":"search_term_string"}}],"inLanguage":"es"}]}},"_links":{"self":[{"href":"https:\/\/www.piumacare.com\/es\/wp-json\/wp\/v2\/pages\/2077","targetHints":{"allow":["GET"]}}],"collection":[{"href":"https:\/\/www.piumacare.com\/es\/wp-json\/wp\/v2\/pages"}],"about":[{"href":"https:\/\/www.piumacare.com\/es\/wp-json\/wp\/v2\/types\/page"}],"author":[{"embeddable":true,"href":"https:\/\/www.piumacare.com\/es\/wp-json\/wp\/v2\/users\/9000000"}],"replies":[{"embeddable":true,"href":"https:\/\/www.piumacare.com\/es\/wp-json\/wp\/v2\/comments?post=2077"}],"version-history":[{"count":0,"href":"https:\/\/www.piumacare.com\/es\/wp-json\/wp\/v2\/pages\/2077\/revisions"}],"up":[{"embeddable":true,"href":"https:\/\/www.piumacare.com\/es\/wp-json\/wp\/v2\/pages\/1965"}],"wp:attachment":[{"href":"https:\/\/www.piumacare.com\/es\/wp-json\/wp\/v2\/media?parent=2077"}],"curies":[{"name":"wp","href":"https:\/\/api.w.org\/{rel}","templated":true}]}}