{"id":2416,"date":"2021-07-23T08:13:10","date_gmt":"2021-07-23T06:13:10","guid":{"rendered":"https:\/\/piumacare.com\/politica-de-cookies\/"},"modified":"2021-10-09T17:28:04","modified_gmt":"2021-10-09T15:28:04","slug":"politica-de-cookies","status":"publish","type":"page","link":"https:\/\/www.piumacare.com\/es\/politica-de-cookies\/","title":{"rendered":"Pol\u00edtica de Cookies"},"content":{"rendered":"<div class=\"fusion-fullwidth fullwidth-box fusion-builder-row-1 fusion-flex-container nonhundred-percent-fullwidth non-hundred-percent-height-scrolling\" style=\"--awb-border-radius-top-left:0px;--awb-border-radius-top-right:0px;--awb-border-radius-bottom-right:0px;--awb-border-radius-bottom-left:0px;--awb-margin-top:90px;--awb-flex-wrap:wrap;\" ><div class=\"fusion-builder-row fusion-row fusion-flex-align-items-flex-start fusion-flex-justify-content-center fusion-flex-content-wrap\" style=\"max-width:1248px;margin-left: calc(-4% \/ 2 );margin-right: calc(-4% \/ 2 );\"><div class=\"fusion-layout-column fusion_builder_column fusion-builder-column-0 fusion_builder_column_2_3 2_3 fusion-flex-column\" style=\"--awb-bg-size:cover;--awb-width-large:66.666666666667%;--awb-margin-top-large:0px;--awb-spacing-right-large:0px;--awb-margin-bottom-large:20px;--awb-spacing-left-large:0px;--awb-width-medium:66.666666666667%;--awb-order-medium:0;--awb-spacing-right-medium:0px;--awb-spacing-left-medium:0px;--awb-width-small:100%;--awb-order-small:0;--awb-spacing-right-small:1.92%;--awb-spacing-left-small:1.92%;\"><div class=\"fusion-column-wrapper fusion-column-has-shadow fusion-flex-justify-content-flex-start fusion-content-layout-column\"><div class=\"fusion-text fusion-text-1\" style=\"--awb-font-size:16px;--awb-line-height:1.4;--awb-text-color:#000000;\"><h2>1. Responsable del tratamiento<\/h2>\n<p>De conformidad con el art. 4 del RGPD y del Decreto Legislativo n\u00ba 196 de 30 de junio de 2003, modificado por el Decreto Legislativo n\u00ba 101 de 10 de agosto de 2018 (en adelante, el \u00abC\u00f3digo de Privacidad\u00bb), el Responsable del Tratamiento es:<br \/>\nPiuma Care S.r.l. \u2013 V\u00eda Pitagora, 10 \u2013 30020 Noventa di Piave (VE)<br \/>\nDirecci\u00f3n de correo electr\u00f3nico del responsable: info@piumacare.com<\/p>\n<h2>2. \u00bfQu\u00e9 es una Cookie?<\/h2>\n<p>Las cookies son archivos de texto que contienen peque\u00f1as porciones de informaci\u00f3n que se archivan en el dispositivo del Usuario (ordenador, Tablet, smartphone) cuando se visita un sitio web. Las cookies permiten al sitio \u00abrecordar\u00bb el ordenador del Usuario, pero no concretamente quien lo usa, y de hacer m\u00e1s agradable la experiencia de navegaci\u00f3n.<\/p>\n<h2>3. \u00bfPara qu\u00e9 utilizamos las cookies?<\/h2>\n<p>Las cookies se utilizan generalmente con diversos fines, como navegar por las p\u00e1ginas de un sitio de forma eficiente, aplicar sus preferencias y, en general, mejorar su experiencia personalizando el sitio en funci\u00f3n de sus h\u00e1bitos de navegaci\u00f3n. Es posible bloquear o eliminar las cookies, pero en este caso algunas funciones del sitio pueden no funcionar o no hacerlo correctamente.\u2028No utilizamos la informaci\u00f3n de las cookies para identificarle y sus datos de navegaci\u00f3n permanecen bajo nuestro control en todo momento. Estas cookies sirven \u00fanicamente para los fines descritos en este documento.<\/p>\n<h2>4. \u00bfQu\u00e9 Cookies utilizamos?<\/h2>\n<p><strong>A \u2013 Cookies Propias<\/strong><\/p>\n<p>El sitio web www.piumacare.com de Piuma Care (a continuaci\u00f3n \u00abel Sitio\u00bb)\u00a0utiliza algunas cookies propias, descritas en la informaci\u00f3n visible clicando en la pesta\u00f1a \u00abConfiguraci\u00f3n de Cookies\u00bb que se encuentra en la parte inferior derecha.<\/p>\n<p><strong>B \u2013 Cookies de terceros<\/strong><\/p>\n<p>Durante la navegaci\u00f3n en el Sitio el Usuario podr\u00eda recibir en su terminal cookies de sitios o servidores web diversos (es decir, \u00abcookies de terceros\u00bb): esto sucede porque puede haber elementos presentes en el sitio, como por ejemplo, im\u00e1genes, mapas, pistas de audio, enlaces espec\u00edficos a p\u00e1ginas web de otros dominios, que residen en servidores diversos entre los que se encuentra la p\u00e1gina solicitada. En otras palabras, las mencionadas cookies se configuran directamente por parte de gestores de sitios web o servidores diferentes al Sitio.<\/p>\n<p>Estas cookies pueden ser enviadas al navegador del Usuario por terceras empresas directamente desde su sitio web al que se puede acceder navegando desde este Sitio. En estos casos, la Empresa no interviene en el funcionamiento de estas cookies, cuyo env\u00edo es responsabilidad de estas terceras empresas.<\/p>\n<p>De acuerdo con la normativa vigente, el Usuario podr\u00e1 manifestar su consentimiento y modificar sus preferencias en cualquier momento sobre el uso de dichas cookies a trav\u00e9s de configuraciones espec\u00edficas del navegador y de programas o dispositivos inform\u00e1ticos de f\u00e1cil y clara utilizaci\u00f3n por el Usuario. El Usuario tambi\u00e9n tiene la posibilidad de deshabilitar las cookies del navegador en cualquier momento, aunque esta operaci\u00f3n puede impedir que el Usuario utilice ciertas partes del Sitio. En cualquier caso, la desactivaci\u00f3n de las cookies de \u00abterceros\u00bb no afecta en absoluto a la navegabilidad.\u2028 Es posible ver qu\u00e9 cookies de este tipo utiliza el sitio web de Piuma Care haciendo clic en la pesta\u00f1a \u00abConfiguraci\u00f3n de cookies\u00bb situada en la parte inferior derecha.<\/p>\n<h2>5. \u00bfC\u00f3mo se pueden administrar las preferencias respecto a las Cookies?<\/h2>\n<p>El Usuario puede administrar las preferencias relativas a las cookies directamente desde el interior del propio servidor. Mediante las preferencias del navegador, adem\u00e1s, el Usuario puede eliminar las cookies ya instaladas anteriormente, incluso las cookies en las que se guarde el consenso a la instalaci\u00f3n de cookies por parte de ese sitio. Pero si escoge esta opci\u00f3n, es posible que algunos servicios o determinadas funciones no est\u00e9n disponibles.\u2028Con referencia a las cookies instaladas por terceros, el Usuario tambi\u00e9n puede gestionar su configuraci\u00f3n y revocar el consentimiento utilizando las herramientas descritas en la Pol\u00edtica de Privacidad del tercero o poni\u00e9ndose en contacto directamente con \u00e9l.<\/p>\n<p>Dada la complejidad objetiva de las tecnolog\u00edas de identificaci\u00f3n basadas en cookies, se invita al Usuario a ponerse en contacto con el Responsable del Tratamiento si desea recibir m\u00e1s informaci\u00f3n sobre el uso de cookies a trav\u00e9s de este Sitio.<\/p>\n<\/div><\/div><\/div><\/div><\/div>\n","protected":false},"excerpt":{"rendered":"","protected":false},"author":9000000,"featured_media":0,"parent":0,"menu_order":0,"comment_status":"closed","ping_status":"closed","template":"100-width.php","meta":{"footnotes":""},"class_list":["post-2416","page","type-page","status-publish","hentry"],"yoast_head":"<!-- This site is optimized with the Yoast SEO plugin v27.1.1 - https:\/\/yoast.com\/product\/yoast-seo-wordpress\/ -->\n<title>Pol\u00edtica de Cookies - Piuma Care<\/title>\n<meta name=\"robots\" content=\"index, follow, max-snippet:-1, max-image-preview:large, max-video-preview:-1\" \/>\n<link rel=\"canonical\" href=\"https:\/\/www.piumacare.com\/es\/politica-de-cookies\/\" \/>\n<meta property=\"og:locale\" content=\"es_ES\" \/>\n<meta property=\"og:type\" content=\"article\" \/>\n<meta property=\"og:title\" content=\"Pol\u00edtica de Cookies - Piuma Care\" \/>\n<meta property=\"og:url\" content=\"https:\/\/www.piumacare.com\/es\/politica-de-cookies\/\" \/>\n<meta property=\"og:site_name\" content=\"Piuma Care\" \/>\n<meta property=\"article:modified_time\" content=\"2021-10-09T15:28:04+00:00\" \/>\n<meta name=\"twitter:card\" content=\"summary_large_image\" \/>\n<meta name=\"twitter:label1\" content=\"Tiempo de lectura\" \/>\n\t<meta name=\"twitter:data1\" content=\"7 minutos\" \/>\n<script type=\"application\/ld+json\" class=\"yoast-schema-graph\">{\"@context\":\"https:\/\/schema.org\",\"@graph\":[{\"@type\":\"WebPage\",\"@id\":\"https:\/\/www.piumacare.com\/es\/politica-de-cookies\/\",\"url\":\"https:\/\/www.piumacare.com\/es\/politica-de-cookies\/\",\"name\":\"Pol\u00edtica de Cookies - Piuma Care\",\"isPartOf\":{\"@id\":\"https:\/\/www.piumacare.com\/es\/#website\"},\"datePublished\":\"2021-07-23T06:13:10+00:00\",\"dateModified\":\"2021-10-09T15:28:04+00:00\",\"breadcrumb\":{\"@id\":\"https:\/\/www.piumacare.com\/es\/politica-de-cookies\/#breadcrumb\"},\"inLanguage\":\"es\",\"potentialAction\":[{\"@type\":\"ReadAction\",\"target\":[\"https:\/\/www.piumacare.com\/es\/politica-de-cookies\/\"]}]},{\"@type\":\"BreadcrumbList\",\"@id\":\"https:\/\/www.piumacare.com\/es\/politica-de-cookies\/#breadcrumb\",\"itemListElement\":[{\"@type\":\"ListItem\",\"position\":1,\"name\":\"Home\",\"item\":\"https:\/\/www.piumacare.com\/es\/home-es\/\"},{\"@type\":\"ListItem\",\"position\":2,\"name\":\"Pol\u00edtica de Cookies\"}]},{\"@type\":\"WebSite\",\"@id\":\"https:\/\/www.piumacare.com\/es\/#website\",\"url\":\"https:\/\/www.piumacare.com\/es\/\",\"name\":\"Piuma Care\",\"description\":\"La scienza del sorriso\",\"potentialAction\":[{\"@type\":\"SearchAction\",\"target\":{\"@type\":\"EntryPoint\",\"urlTemplate\":\"https:\/\/www.piumacare.com\/es\/?s={search_term_string}\"},\"query-input\":{\"@type\":\"PropertyValueSpecification\",\"valueRequired\":true,\"valueName\":\"search_term_string\"}}],\"inLanguage\":\"es\"}]}<\/script>\n<!-- \/ Yoast SEO plugin. -->","yoast_head_json":{"title":"Pol\u00edtica de Cookies - Piuma Care","robots":{"index":"index","follow":"follow","max-snippet":"max-snippet:-1","max-image-preview":"max-image-preview:large","max-video-preview":"max-video-preview:-1"},"canonical":"https:\/\/www.piumacare.com\/es\/politica-de-cookies\/","og_locale":"es_ES","og_type":"article","og_title":"Pol\u00edtica de Cookies - Piuma Care","og_url":"https:\/\/www.piumacare.com\/es\/politica-de-cookies\/","og_site_name":"Piuma Care","article_modified_time":"2021-10-09T15:28:04+00:00","twitter_card":"summary_large_image","twitter_misc":{"Tiempo de lectura":"7 minutos"},"schema":{"@context":"https:\/\/schema.org","@graph":[{"@type":"WebPage","@id":"https:\/\/www.piumacare.com\/es\/politica-de-cookies\/","url":"https:\/\/www.piumacare.com\/es\/politica-de-cookies\/","name":"Pol\u00edtica de Cookies - Piuma Care","isPartOf":{"@id":"https:\/\/www.piumacare.com\/es\/#website"},"datePublished":"2021-07-23T06:13:10+00:00","dateModified":"2021-10-09T15:28:04+00:00","breadcrumb":{"@id":"https:\/\/www.piumacare.com\/es\/politica-de-cookies\/#breadcrumb"},"inLanguage":"es","potentialAction":[{"@type":"ReadAction","target":["https:\/\/www.piumacare.com\/es\/politica-de-cookies\/"]}]},{"@type":"BreadcrumbList","@id":"https:\/\/www.piumacare.com\/es\/politica-de-cookies\/#breadcrumb","itemListElement":[{"@type":"ListItem","position":1,"name":"Home","item":"https:\/\/www.piumacare.com\/es\/home-es\/"},{"@type":"ListItem","position":2,"name":"Pol\u00edtica de Cookies"}]},{"@type":"WebSite","@id":"https:\/\/www.piumacare.com\/es\/#website","url":"https:\/\/www.piumacare.com\/es\/","name":"Piuma Care","description":"La scienza del sorriso","potentialAction":[{"@type":"SearchAction","target":{"@type":"EntryPoint","urlTemplate":"https:\/\/www.piumacare.com\/es\/?s={search_term_string}"},"query-input":{"@type":"PropertyValueSpecification","valueRequired":true,"valueName":"search_term_string"}}],"inLanguage":"es"}]}},"_links":{"self":[{"href":"https:\/\/www.piumacare.com\/es\/wp-json\/wp\/v2\/pages\/2416","targetHints":{"allow":["GET"]}}],"collection":[{"href":"https:\/\/www.piumacare.com\/es\/wp-json\/wp\/v2\/pages"}],"about":[{"href":"https:\/\/www.piumacare.com\/es\/wp-json\/wp\/v2\/types\/page"}],"author":[{"embeddable":true,"href":"https:\/\/www.piumacare.com\/es\/wp-json\/wp\/v2\/users\/9000000"}],"replies":[{"embeddable":true,"href":"https:\/\/www.piumacare.com\/es\/wp-json\/wp\/v2\/comments?post=2416"}],"version-history":[{"count":0,"href":"https:\/\/www.piumacare.com\/es\/wp-json\/wp\/v2\/pages\/2416\/revisions"}],"wp:attachment":[{"href":"https:\/\/www.piumacare.com\/es\/wp-json\/wp\/v2\/media?parent=2416"}],"curies":[{"name":"wp","href":"https:\/\/api.w.org\/{rel}","templated":true}]}}