{"id":2432,"date":"2021-07-23T09:38:56","date_gmt":"2021-07-23T07:38:56","guid":{"rendered":"https:\/\/piumacare.com\/politica-de-privacidad\/"},"modified":"2021-07-23T09:38:57","modified_gmt":"2021-07-23T07:38:57","slug":"politica-de-privacidad","status":"publish","type":"page","link":"https:\/\/www.piumacare.com\/es\/politica-de-privacidad\/","title":{"rendered":"Pol\u00edtica de Privacidad"},"content":{"rendered":"<div class=\"fusion-fullwidth fullwidth-box fusion-builder-row-1 fusion-flex-container nonhundred-percent-fullwidth non-hundred-percent-height-scrolling\" style=\"--awb-border-radius-top-left:0px;--awb-border-radius-top-right:0px;--awb-border-radius-bottom-right:0px;--awb-border-radius-bottom-left:0px;--awb-flex-wrap:wrap;\" ><div class=\"fusion-builder-row fusion-row fusion-flex-align-items-flex-start fusion-flex-justify-content-center fusion-flex-content-wrap\" style=\"max-width:1248px;margin-left: calc(-4% \/ 2 );margin-right: calc(-4% \/ 2 );\"><div class=\"fusion-layout-column fusion_builder_column fusion-builder-column-0 fusion_builder_column_1_2 1_2 fusion-flex-column\" style=\"--awb-bg-size:cover;--awb-width-large:50%;--awb-margin-top-large:0px;--awb-spacing-right-large:3.84%;--awb-margin-bottom-large:0px;--awb-spacing-left-large:3.84%;--awb-width-medium:50%;--awb-spacing-right-medium:3.84%;--awb-spacing-left-medium:3.84%;--awb-width-small:100%;--awb-spacing-right-small:1.92%;--awb-spacing-left-small:1.92%;\"><div class=\"fusion-column-wrapper fusion-flex-justify-content-flex-start fusion-content-layout-column\"><div class=\"fusion-text fusion-text-1\"><p>Estimado navegante, el abajo firmante Piuma Care S.r.l., con sede en V\u00eda Pitagora, 10 &#8211; 30020 Noventa di Piave, Venecia (Italia), en calidad de \u00abResponsable del tratamiento\u00bb, le informa, de conformidad con los art\u00edculos 13 y 14 del Reglamento Europeo n.\u00ba 679\/2016 (en adelante, \u00abReglamento UE\u00bb), que sus datos ser\u00e1n tratados como se indica a continuaci\u00f3n:<\/p>\n<h4>1. Objeto del tratamiento<\/h4>\n<p>El Responsable del Tratamiento trata los datos personales y de identificaci\u00f3n (por ejemplo, nombre, apellidos, nombre de la empresa, direcci\u00f3n, n\u00famero de tel\u00e9fono, direcci\u00f3n de correo electr\u00f3nico, referencias de pago) -en adelante, \u00abdatos personales\u00bb o \u00abdatos\u00bb- comunicados por usted al firmar un contrato o al recibir un servicio del Responsable del Tratamiento.<\/p>\n<h4>2. Finalidad del tratamiento<\/h4>\n<p>Sus datos personales son tratados A)sin su consentimiento expreso seg\u00fan el art. 6. b), e) del RGPD, para los siguientes fines de servicio: &#8211; fines inherentes a la ejecuci\u00f3n del contrato de suministro celebrado con el Responsable del Tratamiento y\/o para cumplir con las obligaciones precontractuales derivadas de las relaciones existentes; &#8211; el cumplimiento de una obligaci\u00f3n legal a la que est\u00e9 sujeto el Responsable del Tratamiento; &#8211; el cumplimiento de las obligaciones derivadas de la ley, de un reglamento, de la legislaci\u00f3n de la UE o de una orden de la Autoridad (como la lucha contra el blanqueo de capitales); &#8211; la persecuci\u00f3n de un inter\u00e9s leg\u00edtimo del Propietario inherente a la ejecuci\u00f3n del contrato en vigor, como, por ejemplo, la defensa de sus derechos en los tribunales derivados de la ejecuci\u00f3n del contrato celebrado.<\/p>\n<p><strong>B)<\/strong> S\u00f3lo con su consentimiento espec\u00edfico y por separado, de acuerdo con el art. 7 del RGPD, para los siguientes fines de marketing: &#8211; env\u00edo de correos electr\u00f3nicos informativos, newsletters, comunicaciones comerciales y\/o material publicitario sobre productos y\/o servicios ofrecidos por el Responsable y para la evaluaci\u00f3n del grado de satisfacci\u00f3n sobre la calidad de los servicios;<\/p>\n<p><strong>C)<\/strong> S\u00f3lo despu\u00e9s de su consentimiento espec\u00edfico y expl\u00edcito en virtud del Art. 22 del RGPD con el fin de detectar el grado de satisfacci\u00f3n sobre la calidad de los servicios por parte de terceros (incluyendo, pero no limitado a los socios comerciales, las redes sociales), as\u00ed como las actividades de elaboraci\u00f3n de perfiles.<\/p>\n<p>Tenga en cuenta que si ya es nuestro cliente, podemos enviarle comunicaciones comerciales relacionadas con servicios y productos del Responsable similares a los que ya ha utilizado, a menos que usted no est\u00e9 de acuerdo.<\/p>\n<h4>3. M\u00e9todos de procesamiento y per\u00edodo de almacenamiento de datos<\/h4>\n<p>Los datos pueden ser objeto de tratamiento tanto en papel como electr\u00f3nico y\/o automatizado y concretamente mediante las operaciones de recogida, registro, organizaci\u00f3n, almacenamiento, consulta, elaboraci\u00f3n, modificaci\u00f3n, selecci\u00f3n, extracci\u00f3n, comparaci\u00f3n, utilizaci\u00f3n, interconexi\u00f3n, bloqueo, cancelaci\u00f3n y destrucci\u00f3n de datos.<\/p>\n<p>Los datos se conservan durante el per\u00edodo necesario para cumplir con los fines inherentes a la ejecuci\u00f3n del contrato y, en cualquier caso, no m\u00e1s de diez a\u00f1os a partir de la terminaci\u00f3n de la relaci\u00f3n para fines relacionados con el cumplimiento de las obligaciones en virtud de la ley y \/ o la b\u00fasqueda de intereses leg\u00edtimos del Responsable.<\/p>\n<p>Los datos tratados con fines de elaboraci\u00f3n de perfiles y\/o de marketing en todas sus formas se conservan durante no m\u00e1s de 5 a\u00f1os despu\u00e9s de su recogida.<\/p>\n<h4>4. Acceso a los datos<\/h4>\n<p>Tus datos podr\u00e1n ser accesibles para las finalidades descritas en los art. 2.A), 2.B) y 2.C): &#8211; para los empleados y colaboradores del Responsable del Tratamiento o de las empresas del grupo en Italia y en el extranjero, en su calidad de responsables y\/o encargados internos del tratamiento y\/o administradores de sistemas; &#8211; a terceras empresas u otras entidades (a modo de ejemplo, entidades de cr\u00e9dito, despachos profesionales, consultores, compa\u00f1\u00edas de seguros para la prestaci\u00f3n de servicios de seguros, etc.) que realicen actividades de externalizaci\u00f3n por cuenta del Responsable del Tratamiento, en su calidad de encargados externos del tratamiento.<\/p>\n<h4>5. Destinatarios de los datos<\/h4>\n<p>Tus datos, adem\u00e1s, podr\u00e1n ser comunicados a terceros, por necesidades t\u00e9cnicas y operativas estrictamente relacionadas con las finalidades expuestas anteriormente y, en particular, a las siguientes categor\u00edas de sujetos: a)organismos, profesionales, empresas u otras estructuras designadas por nosotros para el tratamiento relacionado con el cumplimiento de las obligaciones administrativas, contables y de gesti\u00f3n vinculadas al desempe\u00f1o ordinario de nuestra actividad econ\u00f3mica, tambi\u00e9n con fines de recuperaci\u00f3n de cr\u00e9ditos; b)autoridades y administraciones p\u00fablicas para fines relacionados con el cumplimiento de obligaciones legales o a sujetos legitimados para acceder a ellos en virtud de disposiciones de la ley, reglamentos, normas comunitarias; c)bancos, entidades financieras u otros sujetos a los que sea necesaria la cesi\u00f3n de los citados datos para el desarrollo de la actividad de nuestra empresa en relaci\u00f3n con el cumplimiento, por nuestra parte, de las obligaciones contractuales asumidas con usted. d)proveedores de servicios para el tratamiento de datos personales. d) los proveedores de servicios de instalaci\u00f3n, asistencia y mantenimiento de sistemas y equipos inform\u00e1ticos y telem\u00e1ticos y todos los servicios funcionalmente relacionados y necesarios para el cumplimiento de los servicios objeto del Contrato.<\/p>\n<h4>6. Transferencia de datos<\/h4>\n<p>Los datos personales se almacenan en servidores situados en la Uni\u00f3n Europea. En cualquier caso, se entiende que el Responsable, si es necesario, tendr\u00e1 derecho a trasladar los servidores fuera de la UE. En este caso, el Responsable asegura desde ahora que la transferencia de datos fuera de la UE se llevar\u00e1 a cabo de acuerdo con las leyes aplicables, sujeto a la estipulaci\u00f3n de cl\u00e1usulas contractuales est\u00e1ndar proporcionadas por la Comisi\u00f3n Europea.<\/p>\n<h4>\u00a07. Naturaleza de la concesi\u00f3n de datos y consecuencias de la negativa a responder<\/h4>\n<p>El suministro de datos a efectos del art. 2.A) es necesario para la celebraci\u00f3n del contrato de suministro. En caso de no comunicar los datos, el Responsable no podr\u00e1 garantizar los Servicios seg\u00fan el art. 2.A. El suministro de datos a efectos del art. 2.B) es opcional. Por lo tanto, el interesado puede decidir no proporcionar ning\u00fan dato o negar posteriormente la posibilidad de tratar los datos ya proporcionados: en este caso, las comunicaciones a las que se refiere el art. 2).<\/p>\n<h4>8. Derechos del interesado<\/h4>\n<p>Te informamos que en relaci\u00f3n con el tratamiento de tus datos personales puedes ejercer los siguientes derechos: a)Derecho a obtener acceso a tus datos personales y a la siguiente informaci\u00f3n: &#8211; la confirmaci\u00f3n de si se est\u00e1n tratando o no sus datos personales; &#8211; los fines del tratamiento; &#8211; las categor\u00edas de datos personales; &#8211; los destinatarios o categor\u00edas de destinatarios a los que se han comunicado o se comunicar\u00e1n los datos personales; &#8211; si los datos no se recogen del interesado, toda la informaci\u00f3n disponible sobre su origen; &#8211; la existencia de un proceso de toma de decisiones automatizado, incluida la elaboraci\u00f3n de perfiles; &#8211; una copia de los datos personales que se est\u00e1n tratando. b)Derecho a la rectificaci\u00f3n e integraci\u00f3n de los datos personales; c)Derecho a la supresi\u00f3n de los datos (\u00abderecho a ser olvidado\u00bb) si existe alguno de los siguientes motivos los datos personales ya no son necesarios en relaci\u00f3n con los fines para los que fueron recogidos o tratados de otro modo; 2.el interesado revoca su consentimiento para el tratamiento de los datos y no existe ninguna otra base jur\u00eddica para el tratamiento; 3.el interesado se opone al tratamiento y no existe ninguna raz\u00f3n leg\u00edtima imperiosa para proceder a \u00e9l; 4.los datos personales han sido tratados ilegalmente los datos personales deben ser borrados para cumplir una obligaci\u00f3n legal establecida por el Derecho de la Uni\u00f3n o de los Estados miembros a la que est\u00e9 sujeto el responsable del tratamiento; Si el responsable del tratamiento ha hecho p\u00fablicos los datos personales y est\u00e1 obligado a borrarlos, deber\u00e1 informar a los dem\u00e1s responsables del tratamiento de los datos personales de la solicitud de borrar cualquier enlace, copia o reproducci\u00f3n de sus datos. d) Derecho a la limitaci\u00f3n del tratamiento cuando: 1.El interesado impugna la exactitud de los datos personales, durante el periodo necesario para que el responsable del tratamiento verifique la exactitud de dichos datos personales; 2.El tratamiento es ilegal y el interesado se opone a la supresi\u00f3n de los datos personales y solicita, en cambio, que se restrinja su uso; 3.El responsable del tratamiento se opone a la supresi\u00f3n de los datos personales. Aunque el responsable del tratamiento ya no necesita los datos personales para los fines del tratamiento, los datos personales son necesarios para el establecimiento, el ejercicio o la defensa de una reclamaci\u00f3n legal; 4.El interesado se ha opuesto al tratamiento, a la espera de que se verifique si los motivos leg\u00edtimos del responsable del tratamiento prevalecen sobre los del interesado. e) Derecho a presentar una reclamaci\u00f3n ante el Garante para la protecci\u00f3n de los datos personales, siguiendo los procedimientos e indicaciones publicados en el sitio web oficial de la Autoridad www.garanteprivacy.it. f) Derecho a la portabilidad de los datos: es decir, el derecho a recibir en un formato estructurado, de uso com\u00fan y legible por m\u00e1quina los datos personales que le conciernen proporcionados a un responsable del tratamiento y a transmitirlos eventualmente a otro responsable del tratamiento, si el tratamiento se basa en el consentimiento o en un contrato y se realiza por medios automatizados. Cuando sea t\u00e9cnicamente posible, el interesado tendr\u00e1 derecho a obtener la transmisi\u00f3n directa de los datos de un responsable del tratamiento a otro. g) Derecho de oposici\u00f3n: en cualquier momento al tratamiento de datos personales, incluida la elaboraci\u00f3n de perfiles, en particular cuando: 1. el tratamiento se realiza sobre la base del inter\u00e9s leg\u00edtimo del responsable del tratamiento, previa explicaci\u00f3n de los motivos de la objeci\u00f3n; 2.los datos personales se tratan con fines de venta directa. h) El derecho a no ser objeto de una decisi\u00f3n basada \u00fanicamente en el tratamiento automatizado, incluida la elaboraci\u00f3n de perfiles, salvo cuando la decisi\u00f3n: sea necesaria para la celebraci\u00f3n o ejecuci\u00f3n de un contrato entre el interesado y un responsable del tratamiento, est\u00e9 autorizada por el Derecho de la Uni\u00f3n o del Estado miembro al que est\u00e9 sujeto el responsable del tratamiento, o se base en el consentimiento expl\u00edcito del interesado. (i) Derecho a retirar el consentimiento en cualquier momento; obviamente con las consecuencias derivadas de la imposibilidad de poder cumplir con las disposiciones legales o contractuales si el tratamiento est\u00e1 establecido por dichas disposiciones. El ejercicio de los derechos no est\u00e1 sujeto a ninguna restricci\u00f3n de forma y es gratuito.<\/p>\n<h4>9. C\u00f3mo ejercer sus derechos<\/h4>\n<p>Puede ejercer sus derechos en cualquier momento enviando: -una carta certificada con acuse de recibo a PIUMA CARE S.r.l., C.F. y P.IVA IT04532430271, en la persona de su representante legal pro tempore, con sede en Noventa di Piave (VE), v\u00eda Pitagora n. 10, CAP 30020. -un correo electr\u00f3nico a la direcci\u00f3n: info@piumacare.com<\/p>\n<h4>10. Referencias reglamentarias<\/h4>\n<p>El texto completo del RGPD y del C\u00f3digo de Privacidad puede consultarse en el sitio web del Garante, accesible en www.garanteprivacy.it.<\/p>\n<h4>11. Cambios en esta informaci\u00f3n sobre el procesamiento de datos<\/h4>\n<p>El Responsable del Tratamiento se reserva el derecho de modificar esta informaci\u00f3n en cualquier momento, notific\u00e1ndolo inmediatamente.<\/p>\n<h4>12. Controlador de datos<\/h4>\n<p>PIUMA CARE S.r.l., V\u00eda Pitagora, 10 30020 Noventa di Piave (Ve) ITALIA C.F. y P.IVA IT04532430271<\/p>\n<p>La lista actualizada de procesadores de datos se encuentra en el domicilio social del responsable del tratamiento.<\/p>\n<\/div><\/div><\/div><\/div><\/div>\n","protected":false},"excerpt":{"rendered":"","protected":false},"author":9000000,"featured_media":0,"parent":0,"menu_order":0,"comment_status":"closed","ping_status":"closed","template":"","meta":{"footnotes":""},"class_list":["post-2432","page","type-page","status-publish","hentry"],"yoast_head":"<!-- This site is optimized with the Yoast SEO plugin v27.4 - https:\/\/yoast.com\/product\/yoast-seo-wordpress\/ -->\n<title>Pol\u00edtica de Privacidad - Piuma Care<\/title>\n<meta name=\"robots\" content=\"index, follow, max-snippet:-1, max-image-preview:large, max-video-preview:-1\" \/>\n<link rel=\"canonical\" href=\"https:\/\/www.piumacare.com\/es\/politica-de-privacidad\/\" \/>\n<meta property=\"og:locale\" content=\"es_ES\" \/>\n<meta property=\"og:type\" content=\"article\" \/>\n<meta property=\"og:title\" content=\"Pol\u00edtica de Privacidad - Piuma Care\" \/>\n<meta property=\"og:url\" content=\"https:\/\/www.piumacare.com\/es\/politica-de-privacidad\/\" \/>\n<meta property=\"og:site_name\" content=\"Piuma Care\" \/>\n<meta property=\"article:modified_time\" content=\"2021-07-23T07:38:57+00:00\" \/>\n<meta name=\"twitter:card\" content=\"summary_large_image\" \/>\n<meta name=\"twitter:label1\" content=\"Tiempo de lectura\" \/>\n\t<meta name=\"twitter:data1\" content=\"11 minutos\" \/>\n<script type=\"application\/ld+json\" class=\"yoast-schema-graph\">{\"@context\":\"https:\\\/\\\/schema.org\",\"@graph\":[{\"@type\":\"WebPage\",\"@id\":\"https:\\\/\\\/www.piumacare.com\\\/es\\\/politica-de-privacidad\\\/\",\"url\":\"https:\\\/\\\/www.piumacare.com\\\/es\\\/politica-de-privacidad\\\/\",\"name\":\"Pol\u00edtica de Privacidad - Piuma Care\",\"isPartOf\":{\"@id\":\"https:\\\/\\\/www.piumacare.com\\\/es\\\/#website\"},\"datePublished\":\"2021-07-23T07:38:56+00:00\",\"dateModified\":\"2021-07-23T07:38:57+00:00\",\"breadcrumb\":{\"@id\":\"https:\\\/\\\/www.piumacare.com\\\/es\\\/politica-de-privacidad\\\/#breadcrumb\"},\"inLanguage\":\"es\",\"potentialAction\":[{\"@type\":\"ReadAction\",\"target\":[\"https:\\\/\\\/www.piumacare.com\\\/es\\\/politica-de-privacidad\\\/\"]}]},{\"@type\":\"BreadcrumbList\",\"@id\":\"https:\\\/\\\/www.piumacare.com\\\/es\\\/politica-de-privacidad\\\/#breadcrumb\",\"itemListElement\":[{\"@type\":\"ListItem\",\"position\":1,\"name\":\"Home\",\"item\":\"https:\\\/\\\/www.piumacare.com\\\/es\\\/home-es\\\/\"},{\"@type\":\"ListItem\",\"position\":2,\"name\":\"Pol\u00edtica de Privacidad\"}]},{\"@type\":\"WebSite\",\"@id\":\"https:\\\/\\\/www.piumacare.com\\\/es\\\/#website\",\"url\":\"https:\\\/\\\/www.piumacare.com\\\/es\\\/\",\"name\":\"Piuma Care\",\"description\":\"La scienza del sorriso\",\"potentialAction\":[{\"@type\":\"SearchAction\",\"target\":{\"@type\":\"EntryPoint\",\"urlTemplate\":\"https:\\\/\\\/www.piumacare.com\\\/es\\\/?s={search_term_string}\"},\"query-input\":{\"@type\":\"PropertyValueSpecification\",\"valueRequired\":true,\"valueName\":\"search_term_string\"}}],\"inLanguage\":\"es\"}]}<\/script>\n<!-- \/ Yoast SEO plugin. -->","yoast_head_json":{"title":"Pol\u00edtica de Privacidad - Piuma Care","robots":{"index":"index","follow":"follow","max-snippet":"max-snippet:-1","max-image-preview":"max-image-preview:large","max-video-preview":"max-video-preview:-1"},"canonical":"https:\/\/www.piumacare.com\/es\/politica-de-privacidad\/","og_locale":"es_ES","og_type":"article","og_title":"Pol\u00edtica de Privacidad - Piuma Care","og_url":"https:\/\/www.piumacare.com\/es\/politica-de-privacidad\/","og_site_name":"Piuma Care","article_modified_time":"2021-07-23T07:38:57+00:00","twitter_card":"summary_large_image","twitter_misc":{"Tiempo de lectura":"11 minutos"},"schema":{"@context":"https:\/\/schema.org","@graph":[{"@type":"WebPage","@id":"https:\/\/www.piumacare.com\/es\/politica-de-privacidad\/","url":"https:\/\/www.piumacare.com\/es\/politica-de-privacidad\/","name":"Pol\u00edtica de Privacidad - Piuma Care","isPartOf":{"@id":"https:\/\/www.piumacare.com\/es\/#website"},"datePublished":"2021-07-23T07:38:56+00:00","dateModified":"2021-07-23T07:38:57+00:00","breadcrumb":{"@id":"https:\/\/www.piumacare.com\/es\/politica-de-privacidad\/#breadcrumb"},"inLanguage":"es","potentialAction":[{"@type":"ReadAction","target":["https:\/\/www.piumacare.com\/es\/politica-de-privacidad\/"]}]},{"@type":"BreadcrumbList","@id":"https:\/\/www.piumacare.com\/es\/politica-de-privacidad\/#breadcrumb","itemListElement":[{"@type":"ListItem","position":1,"name":"Home","item":"https:\/\/www.piumacare.com\/es\/home-es\/"},{"@type":"ListItem","position":2,"name":"Pol\u00edtica de Privacidad"}]},{"@type":"WebSite","@id":"https:\/\/www.piumacare.com\/es\/#website","url":"https:\/\/www.piumacare.com\/es\/","name":"Piuma Care","description":"La scienza del sorriso","potentialAction":[{"@type":"SearchAction","target":{"@type":"EntryPoint","urlTemplate":"https:\/\/www.piumacare.com\/es\/?s={search_term_string}"},"query-input":{"@type":"PropertyValueSpecification","valueRequired":true,"valueName":"search_term_string"}}],"inLanguage":"es"}]}},"_links":{"self":[{"href":"https:\/\/www.piumacare.com\/es\/wp-json\/wp\/v2\/pages\/2432","targetHints":{"allow":["GET"]}}],"collection":[{"href":"https:\/\/www.piumacare.com\/es\/wp-json\/wp\/v2\/pages"}],"about":[{"href":"https:\/\/www.piumacare.com\/es\/wp-json\/wp\/v2\/types\/page"}],"author":[{"embeddable":true,"href":"https:\/\/www.piumacare.com\/es\/wp-json\/wp\/v2\/users\/9000000"}],"replies":[{"embeddable":true,"href":"https:\/\/www.piumacare.com\/es\/wp-json\/wp\/v2\/comments?post=2432"}],"version-history":[{"count":0,"href":"https:\/\/www.piumacare.com\/es\/wp-json\/wp\/v2\/pages\/2432\/revisions"}],"wp:attachment":[{"href":"https:\/\/www.piumacare.com\/es\/wp-json\/wp\/v2\/media?parent=2432"}],"curies":[{"name":"wp","href":"https:\/\/api.w.org\/{rel}","templated":true}]}}