{"id":4610,"date":"2021-11-19T14:46:48","date_gmt":"2021-11-19T13:46:48","guid":{"rendered":"https:\/\/www.piumacare.com\/?page_id=4610"},"modified":"2021-11-19T14:46:49","modified_gmt":"2021-11-19T13:46:49","slug":"piuma-por-la-investigacion","status":"publish","type":"page","link":"https:\/\/www.piumacare.com\/es\/journal\/piuma-por-la-investigacion\/","title":{"rendered":"PIUMA por la investigaci\u00f3n"},"content":{"rendered":"<div class=\"fusion-fullwidth fullwidth-box fusion-builder-row-1 fusion-flex-container nonhundred-percent-fullwidth non-hundred-percent-height-scrolling\" style=\"--awb-border-radius-top-left:0px;--awb-border-radius-top-right:0px;--awb-border-radius-bottom-right:0px;--awb-border-radius-bottom-left:0px;--awb-flex-wrap:wrap;\" ><div class=\"fusion-builder-row fusion-row fusion-flex-align-items-flex-start fusion-flex-justify-content-center fusion-flex-content-wrap\" style=\"max-width:1248px;margin-left: calc(-4% \/ 2 );margin-right: calc(-4% \/ 2 );\"><div class=\"fusion-layout-column fusion_builder_column fusion-builder-column-0 fusion_builder_column_1_1 1_1 fusion-flex-column\" style=\"--awb-bg-size:cover;--awb-width-large:100%;--awb-margin-top-large:0px;--awb-spacing-right-large:1.92%;--awb-margin-bottom-large:20px;--awb-spacing-left-large:1.92%;--awb-width-medium:100%;--awb-order-medium:0;--awb-spacing-right-medium:1.92%;--awb-spacing-left-medium:1.92%;--awb-width-small:100%;--awb-order-small:0;--awb-spacing-right-small:1.92%;--awb-spacing-left-small:1.92%;\"><div class=\"fusion-column-wrapper fusion-column-has-shadow fusion-flex-justify-content-flex-start fusion-content-layout-column\"><div class=\"fusion-image-element \" style=\"text-align:center;--awb-max-width:920px;--awb-caption-title-font-family:var(--h2_typography-font-family);--awb-caption-title-font-weight:var(--h2_typography-font-weight);--awb-caption-title-font-style:var(--h2_typography-font-style);--awb-caption-title-size:var(--h2_typography-font-size);--awb-caption-title-transform:var(--h2_typography-text-transform);--awb-caption-title-line-height:var(--h2_typography-line-height);--awb-caption-title-letter-spacing:var(--h2_typography-letter-spacing);\"><span class=\" fusion-imageframe imageframe-none imageframe-1 hover-type-none\"><img decoding=\"async\" width=\"1246\" height=\"831\" title=\"piuma_stillife6551 copia\" src=\"https:\/\/www.piumacare.com\/wp-content\/uploads\/2021\/10\/piuma_stillife6551-copia.jpg\" alt class=\"img-responsive wp-image-4465\" srcset=\"https:\/\/www.piumacare.com\/wp-content\/uploads\/2021\/10\/piuma_stillife6551-copia-200x133.jpg 200w, https:\/\/www.piumacare.com\/wp-content\/uploads\/2021\/10\/piuma_stillife6551-copia-400x267.jpg 400w, https:\/\/www.piumacare.com\/wp-content\/uploads\/2021\/10\/piuma_stillife6551-copia-600x400.jpg 600w, https:\/\/www.piumacare.com\/wp-content\/uploads\/2021\/10\/piuma_stillife6551-copia-800x534.jpg 800w, https:\/\/www.piumacare.com\/wp-content\/uploads\/2021\/10\/piuma_stillife6551-copia-1200x800.jpg 1200w, https:\/\/www.piumacare.com\/wp-content\/uploads\/2021\/10\/piuma_stillife6551-copia.jpg 1246w\" sizes=\"(max-width: 640px) 100vw, 1200px\" \/><\/span><\/div><\/div><\/div><div class=\"fusion-layout-column fusion_builder_column fusion-builder-column-1 fusion_builder_column_3_5 3_5 fusion-flex-column\" style=\"--awb-bg-size:cover;--awb-width-large:60%;--awb-margin-top-large:0px;--awb-spacing-right-large:6.4%;--awb-margin-bottom-large:20px;--awb-spacing-left-large:6.4%;--awb-width-medium:60%;--awb-order-medium:0;--awb-spacing-right-medium:6.4%;--awb-spacing-left-medium:6.4%;--awb-width-small:100%;--awb-order-small:0;--awb-spacing-right-small:1.92%;--awb-spacing-left-small:1.92%;\"><div class=\"fusion-column-wrapper fusion-column-has-shadow fusion-flex-justify-content-flex-start fusion-content-layout-column\"><div class=\"fusion-text fusion-text-1\" style=\"--awb-font-size:13px;--awb-letter-spacing:1px;--awb-text-color:#000000;\"><p><div class=\"fusion-fa-align-left\"><a class=\"fb-icon-element-1 fb-icon-element fontawesome-icon fa-arrow-left fas circle-yes fusion-link\" style=\"--awb-iconcolor:#000000;--awb-iconcolor-hover:#686868;--awb-circlecolor:rgba(74,78,87,0);--awb-circlecolor-hover:rgba(255,255,255,0);--awb-circlebordersize:0px;--awb-font-size:12.32px;--awb-width:24.64px;--awb-height:24.64px;--awb-line-height:24.64px;--awb-margin-right:7px;\" href=\"https:\/\/piumacare.com\" target=\"_self\" aria-label=\"Link to https:\/\/piumacare.com\"><\/a><\/div><u>BACK TO HOME<\/u><\/p>\n<\/div><div class=\"fusion-text fusion-text-2\"><h1>PIUMA con Love Design<\/h1>\n<\/div><div class=\"fusion-text fusion-text-3\" style=\"--awb-font-size:18px;\"><h4>Del 1 al 7 de noviembre vuelve, en una edici\u00f3n virtual in\u00e9dita, Love Design, la iniciativa bienal de AIRC y ADI que une el mundo del dise\u00f1o con el apoyo a la investigaci\u00f3n oncol\u00f3gica<\/h4>\n<\/div><div class=\"fusion-text fusion-text-4\" style=\"--awb-text-color:#000000;\"><p>Una nueva colaboraci\u00f3n de PIUMA con Love Design, la cita bienal con el dise\u00f1o en Mil\u00e1n en una nueva edici\u00f3n online. Organizada por la Fundaci\u00f3n AIRC &#8211; Comit\u00e9 de Lombard\u00eda en colaboraci\u00f3n con ADI (Asociaci\u00f3n para el Dise\u00f1o Industrial), el evento ben\u00e9fico ve c\u00f3mo los productos donados por las empresas se transforman en recursos que se destinan a la investigaci\u00f3n contra el c\u00e1ncer, gracias a la participaci\u00f3n del p\u00fablico m\u00e1s sensible y cercano a AIRC. La alianza entre las empresas y el p\u00fablico es indispensable y eficaz para garantizar nuevos recursos para el progreso de la investigaci\u00f3n oncol\u00f3gica italiana.<\/p>\n<p>En esta ocasi\u00f3n, la empresa participa donando sus productos emblem\u00e1ticos.<\/p>\n<p>El objetivos es financiar tres bolsas de estudios trienales, para lograr que el c\u00e1ncer cada vez sea m\u00e1s curable.<\/p>\n<p><em><a href=\"https:\/\/lovedesign.airc.it\/chi-siamo\/\" target=\"_blank\" rel=\"noopener\">More Info<\/a><\/em><\/p>\n<\/div><\/div><\/div><\/div><\/div>\n","protected":false},"excerpt":{"rendered":"","protected":false},"author":9000002,"featured_media":0,"parent":1965,"menu_order":0,"comment_status":"closed","ping_status":"closed","template":"100-width.php","meta":{"footnotes":""},"class_list":["post-4610","page","type-page","status-publish","hentry"],"yoast_head":"<!-- This site is optimized with the Yoast SEO plugin v27.4 - https:\/\/yoast.com\/product\/yoast-seo-wordpress\/ -->\n<title>PIUMA por la investigaci\u00f3n - Piuma Care<\/title>\n<meta name=\"robots\" content=\"index, follow, max-snippet:-1, max-image-preview:large, max-video-preview:-1\" \/>\n<link rel=\"canonical\" href=\"https:\/\/www.piumacare.com\/es\/journal\/piuma-por-la-investigacion\/\" \/>\n<meta property=\"og:locale\" content=\"es_ES\" \/>\n<meta property=\"og:type\" content=\"article\" \/>\n<meta property=\"og:title\" content=\"PIUMA por la investigaci\u00f3n - Piuma Care\" \/>\n<meta property=\"og:url\" content=\"https:\/\/www.piumacare.com\/es\/journal\/piuma-por-la-investigacion\/\" \/>\n<meta property=\"og:site_name\" content=\"Piuma Care\" \/>\n<meta property=\"article:modified_time\" content=\"2021-11-19T13:46:49+00:00\" \/>\n<meta name=\"twitter:card\" content=\"summary_large_image\" \/>\n<meta name=\"twitter:label1\" content=\"Tiempo de lectura\" \/>\n\t<meta name=\"twitter:data1\" content=\"7 minutos\" \/>\n<script type=\"application\/ld+json\" class=\"yoast-schema-graph\">{\"@context\":\"https:\\\/\\\/schema.org\",\"@graph\":[{\"@type\":\"WebPage\",\"@id\":\"https:\\\/\\\/www.piumacare.com\\\/es\\\/journal\\\/piuma-por-la-investigacion\\\/\",\"url\":\"https:\\\/\\\/www.piumacare.com\\\/es\\\/journal\\\/piuma-por-la-investigacion\\\/\",\"name\":\"PIUMA por la investigaci\u00f3n - Piuma Care\",\"isPartOf\":{\"@id\":\"https:\\\/\\\/www.piumacare.com\\\/es\\\/#website\"},\"datePublished\":\"2021-11-19T13:46:48+00:00\",\"dateModified\":\"2021-11-19T13:46:49+00:00\",\"breadcrumb\":{\"@id\":\"https:\\\/\\\/www.piumacare.com\\\/es\\\/journal\\\/piuma-por-la-investigacion\\\/#breadcrumb\"},\"inLanguage\":\"es\",\"potentialAction\":[{\"@type\":\"ReadAction\",\"target\":[\"https:\\\/\\\/www.piumacare.com\\\/es\\\/journal\\\/piuma-por-la-investigacion\\\/\"]}]},{\"@type\":\"BreadcrumbList\",\"@id\":\"https:\\\/\\\/www.piumacare.com\\\/es\\\/journal\\\/piuma-por-la-investigacion\\\/#breadcrumb\",\"itemListElement\":[{\"@type\":\"ListItem\",\"position\":1,\"name\":\"Home\",\"item\":\"https:\\\/\\\/www.piumacare.com\\\/es\\\/home-es\\\/\"},{\"@type\":\"ListItem\",\"position\":2,\"name\":\"Journal\",\"item\":\"https:\\\/\\\/www.piumacare.com\\\/es\\\/journal\\\/\"},{\"@type\":\"ListItem\",\"position\":3,\"name\":\"PIUMA por la investigaci\u00f3n\"}]},{\"@type\":\"WebSite\",\"@id\":\"https:\\\/\\\/www.piumacare.com\\\/es\\\/#website\",\"url\":\"https:\\\/\\\/www.piumacare.com\\\/es\\\/\",\"name\":\"Piuma Care\",\"description\":\"La scienza del sorriso\",\"potentialAction\":[{\"@type\":\"SearchAction\",\"target\":{\"@type\":\"EntryPoint\",\"urlTemplate\":\"https:\\\/\\\/www.piumacare.com\\\/es\\\/?s={search_term_string}\"},\"query-input\":{\"@type\":\"PropertyValueSpecification\",\"valueRequired\":true,\"valueName\":\"search_term_string\"}}],\"inLanguage\":\"es\"}]}<\/script>\n<!-- \/ Yoast SEO plugin. -->","yoast_head_json":{"title":"PIUMA por la investigaci\u00f3n - Piuma Care","robots":{"index":"index","follow":"follow","max-snippet":"max-snippet:-1","max-image-preview":"max-image-preview:large","max-video-preview":"max-video-preview:-1"},"canonical":"https:\/\/www.piumacare.com\/es\/journal\/piuma-por-la-investigacion\/","og_locale":"es_ES","og_type":"article","og_title":"PIUMA por la investigaci\u00f3n - Piuma Care","og_url":"https:\/\/www.piumacare.com\/es\/journal\/piuma-por-la-investigacion\/","og_site_name":"Piuma Care","article_modified_time":"2021-11-19T13:46:49+00:00","twitter_card":"summary_large_image","twitter_misc":{"Tiempo de lectura":"7 minutos"},"schema":{"@context":"https:\/\/schema.org","@graph":[{"@type":"WebPage","@id":"https:\/\/www.piumacare.com\/es\/journal\/piuma-por-la-investigacion\/","url":"https:\/\/www.piumacare.com\/es\/journal\/piuma-por-la-investigacion\/","name":"PIUMA por la investigaci\u00f3n - Piuma Care","isPartOf":{"@id":"https:\/\/www.piumacare.com\/es\/#website"},"datePublished":"2021-11-19T13:46:48+00:00","dateModified":"2021-11-19T13:46:49+00:00","breadcrumb":{"@id":"https:\/\/www.piumacare.com\/es\/journal\/piuma-por-la-investigacion\/#breadcrumb"},"inLanguage":"es","potentialAction":[{"@type":"ReadAction","target":["https:\/\/www.piumacare.com\/es\/journal\/piuma-por-la-investigacion\/"]}]},{"@type":"BreadcrumbList","@id":"https:\/\/www.piumacare.com\/es\/journal\/piuma-por-la-investigacion\/#breadcrumb","itemListElement":[{"@type":"ListItem","position":1,"name":"Home","item":"https:\/\/www.piumacare.com\/es\/home-es\/"},{"@type":"ListItem","position":2,"name":"Journal","item":"https:\/\/www.piumacare.com\/es\/journal\/"},{"@type":"ListItem","position":3,"name":"PIUMA por la investigaci\u00f3n"}]},{"@type":"WebSite","@id":"https:\/\/www.piumacare.com\/es\/#website","url":"https:\/\/www.piumacare.com\/es\/","name":"Piuma Care","description":"La scienza del sorriso","potentialAction":[{"@type":"SearchAction","target":{"@type":"EntryPoint","urlTemplate":"https:\/\/www.piumacare.com\/es\/?s={search_term_string}"},"query-input":{"@type":"PropertyValueSpecification","valueRequired":true,"valueName":"search_term_string"}}],"inLanguage":"es"}]}},"_links":{"self":[{"href":"https:\/\/www.piumacare.com\/es\/wp-json\/wp\/v2\/pages\/4610","targetHints":{"allow":["GET"]}}],"collection":[{"href":"https:\/\/www.piumacare.com\/es\/wp-json\/wp\/v2\/pages"}],"about":[{"href":"https:\/\/www.piumacare.com\/es\/wp-json\/wp\/v2\/types\/page"}],"author":[{"embeddable":true,"href":"https:\/\/www.piumacare.com\/es\/wp-json\/wp\/v2\/users\/9000002"}],"replies":[{"embeddable":true,"href":"https:\/\/www.piumacare.com\/es\/wp-json\/wp\/v2\/comments?post=4610"}],"version-history":[{"count":0,"href":"https:\/\/www.piumacare.com\/es\/wp-json\/wp\/v2\/pages\/4610\/revisions"}],"up":[{"embeddable":true,"href":"https:\/\/www.piumacare.com\/es\/wp-json\/wp\/v2\/pages\/1965"}],"wp:attachment":[{"href":"https:\/\/www.piumacare.com\/es\/wp-json\/wp\/v2\/media?parent=4610"}],"curies":[{"name":"wp","href":"https:\/\/api.w.org\/{rel}","templated":true}]}}