{"id":4895,"date":"2021-11-19T14:08:06","date_gmt":"2021-11-19T13:08:06","guid":{"rendered":"https:\/\/www.piumacare.com\/?page_id=4895"},"modified":"2022-07-28T10:06:00","modified_gmt":"2022-07-28T08:06:00","slug":"piuma-es-italia-geniale-en-la-expo-2020-dubai","status":"publish","type":"page","link":"https:\/\/www.piumacare.com\/es\/journal\/piuma-es-italia-geniale-en-la-expo-2020-dubai\/","title":{"rendered":"PIUMA es \u00abItalia Geniale\u00bb en la EXPO 2020 Dub\u00e1i"},"content":{"rendered":"<p><div class=\"fusion-fullwidth fullwidth-box fusion-builder-row-1 fusion-flex-container nonhundred-percent-fullwidth non-hundred-percent-height-scrolling fusion-no-small-visibility\" style=\"--awb-border-radius-top-left:0px;--awb-border-radius-top-right:0px;--awb-border-radius-bottom-right:0px;--awb-border-radius-bottom-left:0px;--awb-flex-wrap:wrap;\" ><div class=\"fusion-builder-row fusion-row fusion-flex-align-items-flex-start fusion-flex-justify-content-space-between fusion-flex-content-wrap\" style=\"max-width:calc( 1200px + 10px );margin-left: calc(-10px \/ 2 );margin-right: calc(-10px \/ 2 );\"><div class=\"fusion-layout-column fusion_builder_column fusion-builder-column-0 fusion_builder_column_1_1 1_1 fusion-flex-column\" style=\"--awb-bg-size:cover;--awb-width-large:100%;--awb-margin-top-large:0px;--awb-spacing-right-large:calc( 0.04 * calc( 100% - 10 ) );--awb-margin-bottom-large:20px;--awb-spacing-left-large:calc( 0.04 * calc( 100% - 10 ) );--awb-width-medium:100%;--awb-order-medium:0;--awb-spacing-right-medium:calc( 0.04 * calc( 100% - 10 ) );--awb-spacing-left-medium:calc( 0.04 * calc( 100% - 10 ) );--awb-width-small:100%;--awb-order-small:0;--awb-spacing-right-small:5px;--awb-spacing-left-small:5px;\"><div class=\"fusion-column-wrapper fusion-column-has-shadow fusion-flex-justify-content-flex-start fusion-content-layout-column\"><div class=\"fusion-text fusion-text-1 fusion-no-small-visibility\" style=\"--awb-font-size:14px;--awb-text-transform:none;\"><h1>PIUMA es \u00abItalia Geniale\u00bb en la EXPO 2020 Dub\u00e1i<\/h1>\n<h2>Italia Geniale: en el Pabell\u00f3n Italia de la Expo Dub\u00e1i la Belleza del dise\u00f1o une a las Personas<\/h2>\n<\/div><div class=\"fusion-text fusion-text-2\" style=\"--awb-text-color:#000000;\"><p>En el Pabell\u00f3n Italia de la Expo Dub\u00e1i se abre, con motivo de la Semana del Dise\u00f1o de Dub\u00e1i, la exhibici\u00f3n\u00a0<strong>ITALIA GENIALE. El dise\u00f1o permite, la belleza, la originalidad, la creatividad del dise\u00f1o industrial universalmente apreciado.<\/strong><\/p>\n<p>Una exposici\u00f3n realizada por ADI y el Museo del Dise\u00f1o ADI para el Ministerio del Crecimiento Econ\u00f3mico, el Ministerio de Asuntos Exteriores y de la Cooperaci\u00f3n Internacional y el Comisariado General para Expo 2020 Dub\u00e1i, en colaboraci\u00f3n con la UIBM Oficina Italiana de Patentes y Marcas, Unioncamere e ITA\/ICE Agencia Italiana de Comercio.<\/p>\n<p>Los iconos hist\u00f3ricos y modernos expuestos en el Pabell\u00f3n son testigos de la conexi\u00f3n entre la creatividad y la artesan\u00eda, entre la concepci\u00f3n y la realizaci\u00f3n.<\/p>\n<p><strong>Italia Geniale<\/strong> quiere representar la cualidad m\u00e1s poderosa de nuestra identidad, de la belleza italiana que une a las personas, tanto en la memoria como en la contemporaneidad.<\/p>\n<p>La exposici\u00f3n est\u00e1 dividida en 5 tem\u00e1ticas: nuestro ic\u00f3nico cepillo de dientes se exhibe en la secci\u00f3n Live-able (Vivible): objetos relacionados con la integridad f\u00edsica y mental, que tienen en su n\u00facleo el tema del cuidado de uno mismo y de los dem\u00e1s.<\/p>\n<p><a href=\"https:\/\/www.italyexpo2020.it\/2021\/11\/08\/italia-geniale-al-padiglione-italia-di-expo-dubai-la-bellezza-del-design-unisce-le-persone\/\"><em>ItalyExpo2020<\/em><\/a><\/p>\n<p><a href=\"https:\/\/www.rai.it\/dl\/RaiTV\/programmi\/media\/ContentItem-e1166390-7464-48b3-b6df-cc6542831211-tg1.html\">Servicio TG1<\/a><\/p>\n<\/div><div class=\"fusion-text fusion-text-3\" style=\"--awb-font-size:13px;--awb-letter-spacing:1px;--awb-text-color:#000000;\"><p><div class=\"fusion-fa-align-left\"><a class=\"fb-icon-element-1 fb-icon-element fontawesome-icon fa-arrow-left fas circle-yes fusion-link\" style=\"--awb-iconcolor:#000000;--awb-iconcolor-hover:#686868;--awb-circlecolor:rgba(74,78,87,0);--awb-circlecolor-hover:rgba(255,255,255,0);--awb-circlebordersize:0px;--awb-font-size:12.32px;--awb-width:24.64px;--awb-height:24.64px;--awb-line-height:24.64px;--awb-margin-right:7px;\" href=\"https:\/\/piumacare.com\" target=\"_self\" aria-label=\"Link to https:\/\/piumacare.com\"><\/a><\/div><u>BACK TO HOME<\/u><\/p>\n<\/div><\/div><\/div><\/div><\/div><div class=\"fusion-fullwidth fullwidth-box fusion-builder-row-2 fusion-flex-container has-pattern-background has-mask-background nonhundred-percent-fullwidth non-hundred-percent-height-scrolling fusion-no-medium-visibility fusion-no-large-visibility\" style=\"--awb-border-radius-top-left:0px;--awb-border-radius-top-right:0px;--awb-border-radius-bottom-right:0px;--awb-border-radius-bottom-left:0px;--awb-flex-wrap:wrap;\" ><div class=\"fusion-builder-row fusion-row fusion-flex-align-items-flex-start fusion-flex-justify-content-space-between fusion-flex-content-wrap\" style=\"max-width:calc( 1200px + 10px );margin-left: calc(-10px \/ 2 );margin-right: calc(-10px \/ 2 );\"><div class=\"fusion-layout-column fusion_builder_column fusion-builder-column-1 fusion_builder_column_1_1 1_1 fusion-flex-column\" style=\"--awb-bg-size:cover;--awb-width-large:100%;--awb-margin-top-large:0px;--awb-spacing-right-large:calc( 0.04 * calc( 100% - 10 ) );--awb-margin-bottom-large:20px;--awb-spacing-left-large:calc( 0.04 * calc( 100% - 10 ) );--awb-width-medium:100%;--awb-order-medium:0;--awb-spacing-right-medium:calc( 0.04 * calc( 100% - 10 ) );--awb-spacing-left-medium:calc( 0.04 * calc( 100% - 10 ) );--awb-width-small:100%;--awb-order-small:0;--awb-spacing-right-small:5px;--awb-spacing-left-small:5px;\"><div class=\"fusion-column-wrapper fusion-column-has-shadow fusion-flex-justify-content-flex-start fusion-content-layout-column\"><div class=\"fusion-text fusion-text-4\" style=\"--awb-font-size:40px;--awb-line-height:1.4;--awb-text-transform:none;--awb-margin-top:30px;\"><p>PIUMA\u00a0es<br \/>\n\u00abItalia Geniale\u00bb<br \/>\nen la EXPO 2020 Dub\u00e1i<\/p>\n<h2><span style=\"font-family: Helvetica; color: #222221;\">Italia Geniale: al Padiglione Italia di Expo Dubai la Bellezza del design unisce le Persone<\/span><\/h2>\n<\/div><div class=\"fusion-text fusion-text-5\" style=\"--awb-font-size:13px;--awb-letter-spacing:1px;--awb-text-color:#000000;\"><p><div class=\"fusion-fa-align-left\"><a class=\"fb-icon-element-2 fb-icon-element fontawesome-icon fa-arrow-left fas circle-yes fusion-link\" style=\"--awb-iconcolor:#000000;--awb-iconcolor-hover:#686868;--awb-circlecolor:rgba(74,78,87,0);--awb-circlecolor-hover:rgba(255,255,255,0);--awb-circlebordersize:0px;--awb-font-size:12.32px;--awb-width:24.64px;--awb-height:24.64px;--awb-line-height:24.64px;--awb-margin-right:7px;\" href=\"https:\/\/piumacare.com\" target=\"_self\" aria-label=\"Link to https:\/\/piumacare.com\"><\/a><\/div><u>BACK TO HOME<\/u><\/p>\n<\/div><div class=\"fusion-text fusion-text-6\" style=\"--awb-text-color:#000000;\"><p>En el Pabell\u00f3n Italia de la Expo Dub\u00e1i se abre, con motivo de la Semana del Dise\u00f1o de Dub\u00e1i, la exhibici\u00f3n\u00a0<strong>ITALIA GENIALE. El dise\u00f1o permite, la belleza, la originalidad, la creatividad del dise\u00f1o industrial universalmente apreciado.<\/strong><\/p>\n<p>Una exposici\u00f3n realizada por ADI y el Museo del Dise\u00f1o ADI para el Ministerio del Crecimiento Econ\u00f3mico, el Ministerio de Asuntos Exteriores y de la Cooperaci\u00f3n Internacional y el Comisariado General para Expo 2020 Dub\u00e1i, en colaboraci\u00f3n con la UIBM Oficina Italiana de Patentes y Marcas, Unioncamere e ITA\/ICE Agencia Italiana de Comercio.<\/p>\n<p>Los iconos hist\u00f3ricos y modernos expuestos en el Pabell\u00f3n son testigos de la conexi\u00f3n entre la creatividad y la artesan\u00eda, entre la concepci\u00f3n y la realizaci\u00f3n.<\/p>\n<p><strong>Italia Geniale<\/strong> quiere representar la cualidad m\u00e1s poderosa de nuestra identidad, de la belleza italiana que une a las personas, tanto en la memoria como en la contemporaneidad.<\/p>\n<p>La exposici\u00f3n est\u00e1 dividida en 5 tem\u00e1ticas: nuestro ic\u00f3nico cepillo de dientes se exhibe en la secci\u00f3n Live-able (Vivible): objetos relacionados con la integridad f\u00edsica y mental, que tienen en su n\u00facleo el tema del cuidado de uno mismo y de los dem\u00e1s.<\/p>\n<p><a href=\"https:\/\/www.italyexpo2020.it\/2021\/11\/08\/italia-geniale-al-padiglione-italia-di-expo-dubai-la-bellezza-del-design-unisce-le-persone\/\"><em>ItalyExpo2020<\/em><\/a><\/p>\n<p><a href=\"https:\/\/www.rai.it\/dl\/RaiTV\/programmi\/media\/ContentItem-e1166390-7464-48b3-b6df-cc6542831211-tg1.html\">Servicio TG1<\/a><\/p>\n<\/div><\/div><\/div><\/div><\/div><div class=\"fusion-fullwidth fullwidth-box fusion-builder-row-3 fusion-flex-container hundred-percent-fullwidth non-hundred-percent-height-scrolling\" style=\"--awb-border-radius-top-left:0px;--awb-border-radius-top-right:0px;--awb-border-radius-bottom-right:0px;--awb-border-radius-bottom-left:0px;--awb-padding-right:0px;--awb-padding-bottom:40px;--awb-padding-left:0px;--awb-flex-wrap:wrap;\" ><div class=\"fusion-builder-row fusion-row fusion-flex-align-items-flex-start fusion-flex-justify-content-center fusion-flex-content-wrap\" style=\"width:104% !important;max-width:104% !important;margin-left: calc(-4% \/ 2 );margin-right: calc(-4% \/ 2 );\"><div class=\"fusion-layout-column fusion_builder_column fusion-builder-column-2 fusion_builder_column_1_1 1_1 fusion-flex-column\" style=\"--awb-bg-size:cover;--awb-width-large:100%;--awb-margin-top-large:0px;--awb-spacing-right-large:1.92%;--awb-margin-bottom-large:20px;--awb-spacing-left-large:1.92%;--awb-width-medium:100%;--awb-order-medium:0;--awb-spacing-right-medium:1.92%;--awb-spacing-left-medium:1.92%;--awb-width-small:100%;--awb-order-small:0;--awb-spacing-right-small:1.92%;--awb-spacing-left-small:1.92%;\"><div class=\"fusion-column-wrapper fusion-column-has-shadow fusion-flex-justify-content-flex-start fusion-content-layout-column\"><div class=\"fusion-image-element \" style=\"text-align:center;--awb-max-width:920px;--awb-caption-title-font-family:var(--h2_typography-font-family);--awb-caption-title-font-weight:var(--h2_typography-font-weight);--awb-caption-title-font-style:var(--h2_typography-font-style);--awb-caption-title-size:var(--h2_typography-font-size);--awb-caption-title-transform:var(--h2_typography-text-transform);--awb-caption-title-line-height:var(--h2_typography-line-height);--awb-caption-title-letter-spacing:var(--h2_typography-letter-spacing);\"><span class=\" fusion-imageframe imageframe-none imageframe-1 hover-type-none\"><img decoding=\"async\" width=\"2480\" height=\"1994\" title=\"Catalogo-Italia-Geniale_LR-1_compressed_compressed-1 copia\" src=\"https:\/\/www.piumacare.com\/wp-content\/uploads\/2021\/11\/Catalogo-Italia-Geniale_LR-1_compressed_compressed-1-copia.jpg\" alt class=\"img-responsive wp-image-4921\" srcset=\"https:\/\/www.piumacare.com\/wp-content\/uploads\/2021\/11\/Catalogo-Italia-Geniale_LR-1_compressed_compressed-1-copia-200x161.jpg 200w, https:\/\/www.piumacare.com\/wp-content\/uploads\/2021\/11\/Catalogo-Italia-Geniale_LR-1_compressed_compressed-1-copia-400x322.jpg 400w, https:\/\/www.piumacare.com\/wp-content\/uploads\/2021\/11\/Catalogo-Italia-Geniale_LR-1_compressed_compressed-1-copia-600x482.jpg 600w, https:\/\/www.piumacare.com\/wp-content\/uploads\/2021\/11\/Catalogo-Italia-Geniale_LR-1_compressed_compressed-1-copia-800x643.jpg 800w, https:\/\/www.piumacare.com\/wp-content\/uploads\/2021\/11\/Catalogo-Italia-Geniale_LR-1_compressed_compressed-1-copia-1200x965.jpg 1200w, https:\/\/www.piumacare.com\/wp-content\/uploads\/2021\/11\/Catalogo-Italia-Geniale_LR-1_compressed_compressed-1-copia.jpg 2480w\" sizes=\"(max-width: 640px) 100vw, 1200px\" \/><\/span><\/div><\/div><\/div><\/div><\/div><\/p>\n","protected":false},"excerpt":{"rendered":"","protected":false},"author":9000002,"featured_media":0,"parent":1965,"menu_order":0,"comment_status":"closed","ping_status":"closed","template":"100-width.php","meta":{"footnotes":""},"class_list":["post-4895","page","type-page","status-publish","hentry"],"yoast_head":"<!-- This site is optimized with the Yoast SEO plugin v27.3 - https:\/\/yoast.com\/product\/yoast-seo-wordpress\/ -->\n<title>PIUMA es \u00abItalia Geniale\u00bb en la EXPO 2020 Dub\u00e1i - Piuma Care<\/title>\n<meta name=\"robots\" content=\"index, follow, max-snippet:-1, max-image-preview:large, max-video-preview:-1\" \/>\n<link rel=\"canonical\" href=\"https:\/\/www.piumacare.com\/es\/journal\/piuma-es-italia-geniale-en-la-expo-2020-dubai\/\" \/>\n<meta property=\"og:locale\" content=\"es_ES\" \/>\n<meta property=\"og:type\" content=\"article\" \/>\n<meta property=\"og:title\" content=\"PIUMA es \u00abItalia Geniale\u00bb en la EXPO 2020 Dub\u00e1i - Piuma Care\" \/>\n<meta property=\"og:url\" content=\"https:\/\/www.piumacare.com\/es\/journal\/piuma-es-italia-geniale-en-la-expo-2020-dubai\/\" \/>\n<meta property=\"og:site_name\" content=\"Piuma Care\" \/>\n<meta property=\"article:modified_time\" content=\"2022-07-28T08:06:00+00:00\" \/>\n<meta name=\"twitter:card\" content=\"summary_large_image\" \/>\n<meta name=\"twitter:label1\" content=\"Tiempo de lectura\" \/>\n\t<meta name=\"twitter:data1\" content=\"8 minutos\" \/>\n<script type=\"application\/ld+json\" class=\"yoast-schema-graph\">{\"@context\":\"https:\\\/\\\/schema.org\",\"@graph\":[{\"@type\":\"WebPage\",\"@id\":\"https:\\\/\\\/www.piumacare.com\\\/es\\\/journal\\\/piuma-es-italia-geniale-en-la-expo-2020-dubai\\\/\",\"url\":\"https:\\\/\\\/www.piumacare.com\\\/es\\\/journal\\\/piuma-es-italia-geniale-en-la-expo-2020-dubai\\\/\",\"name\":\"PIUMA es \u00abItalia Geniale\u00bb en la EXPO 2020 Dub\u00e1i - Piuma Care\",\"isPartOf\":{\"@id\":\"https:\\\/\\\/www.piumacare.com\\\/es\\\/#website\"},\"datePublished\":\"2021-11-19T13:08:06+00:00\",\"dateModified\":\"2022-07-28T08:06:00+00:00\",\"breadcrumb\":{\"@id\":\"https:\\\/\\\/www.piumacare.com\\\/es\\\/journal\\\/piuma-es-italia-geniale-en-la-expo-2020-dubai\\\/#breadcrumb\"},\"inLanguage\":\"es\",\"potentialAction\":[{\"@type\":\"ReadAction\",\"target\":[\"https:\\\/\\\/www.piumacare.com\\\/es\\\/journal\\\/piuma-es-italia-geniale-en-la-expo-2020-dubai\\\/\"]}]},{\"@type\":\"BreadcrumbList\",\"@id\":\"https:\\\/\\\/www.piumacare.com\\\/es\\\/journal\\\/piuma-es-italia-geniale-en-la-expo-2020-dubai\\\/#breadcrumb\",\"itemListElement\":[{\"@type\":\"ListItem\",\"position\":1,\"name\":\"Home\",\"item\":\"https:\\\/\\\/www.piumacare.com\\\/es\\\/home-es\\\/\"},{\"@type\":\"ListItem\",\"position\":2,\"name\":\"Journal\",\"item\":\"https:\\\/\\\/www.piumacare.com\\\/es\\\/journal\\\/\"},{\"@type\":\"ListItem\",\"position\":3,\"name\":\"PIUMA es \u00abItalia Geniale\u00bb en la EXPO 2020 Dub\u00e1i\"}]},{\"@type\":\"WebSite\",\"@id\":\"https:\\\/\\\/www.piumacare.com\\\/es\\\/#website\",\"url\":\"https:\\\/\\\/www.piumacare.com\\\/es\\\/\",\"name\":\"Piuma Care\",\"description\":\"La scienza del sorriso\",\"potentialAction\":[{\"@type\":\"SearchAction\",\"target\":{\"@type\":\"EntryPoint\",\"urlTemplate\":\"https:\\\/\\\/www.piumacare.com\\\/es\\\/?s={search_term_string}\"},\"query-input\":{\"@type\":\"PropertyValueSpecification\",\"valueRequired\":true,\"valueName\":\"search_term_string\"}}],\"inLanguage\":\"es\"}]}<\/script>\n<!-- \/ Yoast SEO plugin. -->","yoast_head_json":{"title":"PIUMA es \u00abItalia Geniale\u00bb en la EXPO 2020 Dub\u00e1i - Piuma Care","robots":{"index":"index","follow":"follow","max-snippet":"max-snippet:-1","max-image-preview":"max-image-preview:large","max-video-preview":"max-video-preview:-1"},"canonical":"https:\/\/www.piumacare.com\/es\/journal\/piuma-es-italia-geniale-en-la-expo-2020-dubai\/","og_locale":"es_ES","og_type":"article","og_title":"PIUMA es \u00abItalia Geniale\u00bb en la EXPO 2020 Dub\u00e1i - Piuma Care","og_url":"https:\/\/www.piumacare.com\/es\/journal\/piuma-es-italia-geniale-en-la-expo-2020-dubai\/","og_site_name":"Piuma Care","article_modified_time":"2022-07-28T08:06:00+00:00","twitter_card":"summary_large_image","twitter_misc":{"Tiempo de lectura":"8 minutos"},"schema":{"@context":"https:\/\/schema.org","@graph":[{"@type":"WebPage","@id":"https:\/\/www.piumacare.com\/es\/journal\/piuma-es-italia-geniale-en-la-expo-2020-dubai\/","url":"https:\/\/www.piumacare.com\/es\/journal\/piuma-es-italia-geniale-en-la-expo-2020-dubai\/","name":"PIUMA es \u00abItalia Geniale\u00bb en la EXPO 2020 Dub\u00e1i - Piuma Care","isPartOf":{"@id":"https:\/\/www.piumacare.com\/es\/#website"},"datePublished":"2021-11-19T13:08:06+00:00","dateModified":"2022-07-28T08:06:00+00:00","breadcrumb":{"@id":"https:\/\/www.piumacare.com\/es\/journal\/piuma-es-italia-geniale-en-la-expo-2020-dubai\/#breadcrumb"},"inLanguage":"es","potentialAction":[{"@type":"ReadAction","target":["https:\/\/www.piumacare.com\/es\/journal\/piuma-es-italia-geniale-en-la-expo-2020-dubai\/"]}]},{"@type":"BreadcrumbList","@id":"https:\/\/www.piumacare.com\/es\/journal\/piuma-es-italia-geniale-en-la-expo-2020-dubai\/#breadcrumb","itemListElement":[{"@type":"ListItem","position":1,"name":"Home","item":"https:\/\/www.piumacare.com\/es\/home-es\/"},{"@type":"ListItem","position":2,"name":"Journal","item":"https:\/\/www.piumacare.com\/es\/journal\/"},{"@type":"ListItem","position":3,"name":"PIUMA es \u00abItalia Geniale\u00bb en la EXPO 2020 Dub\u00e1i"}]},{"@type":"WebSite","@id":"https:\/\/www.piumacare.com\/es\/#website","url":"https:\/\/www.piumacare.com\/es\/","name":"Piuma Care","description":"La scienza del sorriso","potentialAction":[{"@type":"SearchAction","target":{"@type":"EntryPoint","urlTemplate":"https:\/\/www.piumacare.com\/es\/?s={search_term_string}"},"query-input":{"@type":"PropertyValueSpecification","valueRequired":true,"valueName":"search_term_string"}}],"inLanguage":"es"}]}},"_links":{"self":[{"href":"https:\/\/www.piumacare.com\/es\/wp-json\/wp\/v2\/pages\/4895","targetHints":{"allow":["GET"]}}],"collection":[{"href":"https:\/\/www.piumacare.com\/es\/wp-json\/wp\/v2\/pages"}],"about":[{"href":"https:\/\/www.piumacare.com\/es\/wp-json\/wp\/v2\/types\/page"}],"author":[{"embeddable":true,"href":"https:\/\/www.piumacare.com\/es\/wp-json\/wp\/v2\/users\/9000002"}],"replies":[{"embeddable":true,"href":"https:\/\/www.piumacare.com\/es\/wp-json\/wp\/v2\/comments?post=4895"}],"version-history":[{"count":5,"href":"https:\/\/www.piumacare.com\/es\/wp-json\/wp\/v2\/pages\/4895\/revisions"}],"predecessor-version":[{"id":11016,"href":"https:\/\/www.piumacare.com\/es\/wp-json\/wp\/v2\/pages\/4895\/revisions\/11016"}],"up":[{"embeddable":true,"href":"https:\/\/www.piumacare.com\/es\/wp-json\/wp\/v2\/pages\/1965"}],"wp:attachment":[{"href":"https:\/\/www.piumacare.com\/es\/wp-json\/wp\/v2\/media?parent=4895"}],"curies":[{"name":"wp","href":"https:\/\/api.w.org\/{rel}","templated":true}]}}