{"id":12091,"date":"2022-11-18T09:22:37","date_gmt":"2022-11-18T08:22:37","guid":{"rendered":"https:\/\/www.piumacare.com\/?post_type=product&#038;p=12091"},"modified":"2024-09-13T13:51:34","modified_gmt":"2024-09-13T11:51:34","slug":"stella-limited-edition","status":"publish","type":"product","link":"https:\/\/www.piumacare.com\/es\/product\/stella-limited-edition\/","title":{"rendered":"STELLA \u2013 Edici\u00f3n Limitada"},"content":{"rendered":"<div class=\"fusion-fullwidth fullwidth-box fusion-builder-row-1 fusion-flex-container hundred-percent-fullwidth non-hundred-percent-height-scrolling\" style=\"--awb-border-radius-top-left:0px;--awb-border-radius-top-right:0px;--awb-border-radius-bottom-right:0px;--awb-border-radius-bottom-left:0px;--awb-flex-wrap:wrap;\" ><div class=\"fusion-builder-row fusion-row fusion-flex-align-items-flex-start fusion-flex-justify-content-center fusion-flex-content-wrap\" style=\"width:104% !important;max-width:104% !important;margin-left: calc(-4% \/ 2 );margin-right: calc(-4% \/ 2 );\"><div class=\"fusion-layout-column fusion_builder_column fusion-builder-column-0 fusion_builder_column_1_1 1_1 fusion-flex-column\" style=\"--awb-bg-size:cover;--awb-width-large:100%;--awb-margin-top-large:0px;--awb-spacing-right-large:1.92%;--awb-margin-bottom-large:20px;--awb-spacing-left-large:1.92%;--awb-width-medium:100%;--awb-order-medium:0;--awb-spacing-right-medium:1.92%;--awb-spacing-left-medium:1.92%;--awb-width-small:100%;--awb-order-small:0;--awb-spacing-right-small:1.92%;--awb-spacing-left-small:1.92%;\"><div class=\"fusion-column-wrapper fusion-column-has-shadow fusion-flex-justify-content-flex-start fusion-content-layout-column\"><div class=\"accordian fusion-accordian\" style=\"--awb-border-size:1px;--awb-icon-size:13px;--awb-content-font-size:16px;--awb-icon-alignment:left;--awb-hover-color:#f9f9fb;--awb-border-color:#e2e2e2;--awb-background-color:#ffffff;--awb-divider-color:#e2e2e2;--awb-divider-hover-color:#e2e2e2;--awb-icon-color:#000000;--awb-title-color:#212934;--awb-content-color:#000000;--awb-icon-box-color:rgba(255,255,255,0);--awb-toggle-hover-accent-color:#898989;--awb-title-font-family:&quot;Manrope&quot;;--awb-title-font-weight:regular;--awb-title-font-style:normal;--awb-content-font-family:&quot;Manrope&quot;;--awb-content-font-style:normal;--awb-content-font-weight:regular;\"><div class=\"panel-group fusion-toggle-icon-boxed\" id=\"accordion-12091-1\"><div class=\"fusion-panel panel-default panel-d9774e8efa1be08c6 fusion-toggle-has-divider\"><div class=\"panel-heading\"><h4 class=\"panel-title toggle\" id=\"toggle_d9774e8efa1be08c6\"><a aria-expanded=\"false\" aria-controls=\"d9774e8efa1be08c6\" role=\"button\" data-toggle=\"collapse\" data-parent=\"#accordion-12091-1\" data-target=\"#d9774e8efa1be08c6\" href=\"#d9774e8efa1be08c6\"><span class=\"fusion-toggle-icon-wrapper\" aria-hidden=\"true\"><i class=\"fa-fusion-box active-icon awb-icon-minus\" aria-hidden=\"true\"><\/i><i class=\"fa-fusion-box inactive-icon awb-icon-plus\" aria-hidden=\"true\"><\/i><\/span><span class=\"fusion-toggle-heading\">\u00bfLos precios del sitio web incluyen el IVA?<\/span><\/a><\/h4><\/div><div id=\"d9774e8efa1be08c6\" class=\"panel-collapse collapse \" aria-labelledby=\"toggle_d9774e8efa1be08c6\"><div class=\"panel-body toggle-content fusion-clearfix\">\n<p>S\u00ed, todos los precios incluyen el IVA.<\/p>\n<\/div><\/div><\/div><div class=\"fusion-panel panel-default panel-5b6ef0512791b366c fusion-toggle-has-divider\"><div class=\"panel-heading\"><h4 class=\"panel-title toggle\" id=\"toggle_5b6ef0512791b366c\"><a aria-expanded=\"false\" aria-controls=\"5b6ef0512791b366c\" role=\"button\" data-toggle=\"collapse\" data-parent=\"#accordion-12091-1\" data-target=\"#5b6ef0512791b366c\" href=\"#5b6ef0512791b366c\"><span class=\"fusion-toggle-icon-wrapper\" aria-hidden=\"true\"><i class=\"fa-fusion-box active-icon awb-icon-minus\" aria-hidden=\"true\"><\/i><i class=\"fa-fusion-box inactive-icon awb-icon-plus\" aria-hidden=\"true\"><\/i><\/span><span class=\"fusion-toggle-heading\">\u00bfCu\u00e1l es la pol\u00edtica de devoluciones y reembolsos?<\/span><\/a><\/h4><\/div><div id=\"5b6ef0512791b366c\" class=\"panel-collapse collapse \" aria-labelledby=\"toggle_5b6ef0512791b366c\"><div class=\"panel-body toggle-content fusion-clearfix\">\n<p>Tiene la opci\u00f3n de devolver cualquier art\u00edculo pedido en un plazo de 30 d\u00edas a partir de la fecha de recepci\u00f3n.<br \/>\nCuando devuelva el art\u00edculo o los art\u00edculos, col\u00f3quelos en su embalaje original, acompa\u00f1ados de los accesorios y documentos provistos, y adjunte el formulario de entrega. Le recomendamos que tome todas las precauciones posibles para garantizar la integridad del producto devuelto.<br \/>\nLos art\u00edculos no devueltos, devueltos incompletos, deteriorados, sucios o en cualquier otra condici\u00f3n que pueda sugerir razonablemente que han sido utilizados, no ser\u00e1n reembolsados ni reemplazados, as\u00ed como los art\u00edculos precintados que hayan sido abiertos despu\u00e9s de la entrega, por razones higi\u00e9nicas o de protecci\u00f3n de la salud.<\/p>\n<\/div><\/div><\/div><div class=\"fusion-panel panel-default panel-2da3b5cf1c443794f fusion-toggle-has-divider\"><div class=\"panel-heading\"><h4 class=\"panel-title toggle\" id=\"toggle_2da3b5cf1c443794f\"><a aria-expanded=\"false\" aria-controls=\"2da3b5cf1c443794f\" role=\"button\" data-toggle=\"collapse\" data-parent=\"#accordion-12091-1\" data-target=\"#2da3b5cf1c443794f\" href=\"#2da3b5cf1c443794f\"><span class=\"fusion-toggle-icon-wrapper\" aria-hidden=\"true\"><i class=\"fa-fusion-box active-icon awb-icon-minus\" aria-hidden=\"true\"><\/i><i class=\"fa-fusion-box inactive-icon awb-icon-plus\" aria-hidden=\"true\"><\/i><\/span><span class=\"fusion-toggle-heading\">\u00bfDe d\u00f3nde proceden los productos PIUMA?<\/span><\/a><\/h4><\/div><div id=\"2da3b5cf1c443794f\" class=\"panel-collapse collapse \" aria-labelledby=\"toggle_2da3b5cf1c443794f\"><div class=\"panel-body toggle-content fusion-clearfix\">\n<p>Los productos P I U M A se dise\u00f1an y fabrican en Italia.<\/p>\n<\/div><\/div><\/div><div class=\"fusion-panel panel-default panel-5ac4aa86d529d888a fusion-toggle-has-divider\"><div class=\"panel-heading\"><h4 class=\"panel-title toggle\" id=\"toggle_5ac4aa86d529d888a\"><a aria-expanded=\"false\" aria-controls=\"5ac4aa86d529d888a\" role=\"button\" data-toggle=\"collapse\" data-parent=\"#accordion-12091-1\" data-target=\"#5ac4aa86d529d888a\" href=\"#5ac4aa86d529d888a\"><span class=\"fusion-toggle-icon-wrapper\" aria-hidden=\"true\"><i class=\"fa-fusion-box active-icon awb-icon-minus\" aria-hidden=\"true\"><\/i><i class=\"fa-fusion-box inactive-icon awb-icon-plus\" aria-hidden=\"true\"><\/i><\/span><span class=\"fusion-toggle-heading\">\u00bfQu\u00e9 tipo de cepillo de dientes debo utilizar?<\/span><\/a><\/h4><\/div><div id=\"5ac4aa86d529d888a\" class=\"panel-collapse collapse \" aria-labelledby=\"toggle_5ac4aa86d529d888a\"><div class=\"panel-body toggle-content fusion-clearfix\">\n<p>El cepillo de dientes con cerdas medianas es adecuado para aquellos que no tienen dientes y enc\u00edas sensibles, de lo contrario recomendamos el cepillo de dientes con cerdas suaves.<\/p>\n<\/div><\/div><\/div><div class=\"fusion-panel panel-default panel-5e061107332888ee3 fusion-toggle-has-divider\"><div class=\"panel-heading\"><h4 class=\"panel-title toggle\" id=\"toggle_5e061107332888ee3\"><a aria-expanded=\"false\" aria-controls=\"5e061107332888ee3\" role=\"button\" data-toggle=\"collapse\" data-parent=\"#accordion-12091-1\" data-target=\"#5e061107332888ee3\" href=\"#5e061107332888ee3\"><span class=\"fusion-toggle-icon-wrapper\" aria-hidden=\"true\"><i class=\"fa-fusion-box active-icon awb-icon-minus\" aria-hidden=\"true\"><\/i><i class=\"fa-fusion-box inactive-icon awb-icon-plus\" aria-hidden=\"true\"><\/i><\/span><span class=\"fusion-toggle-heading\">\u00bfCon qu\u00e9 frecuencia debo cambiar mi cepillo de dientes?<\/span><\/a><\/h4><\/div><div id=\"5e061107332888ee3\" class=\"panel-collapse collapse \" aria-labelledby=\"toggle_5e061107332888ee3\"><div class=\"panel-body toggle-content fusion-clearfix\">\n<p>Se recomienda cambiar el cepillo de dientes cada 3 meses. Hemos dispuesto un \u00abcalendario\u00bb en la parte posterior de la Base de Apoyo, que sugiere cu\u00e1ndo sustituir el cepillo de dientes.<\/p>\n<\/div><\/div><\/div><\/div><\/div><\/div><\/div><\/div><\/div>\n","protected":false},"excerpt":{"rendered":"<div class=\"info-description\">\n<p><strong>Conjunto b\u00e1sico adornado con cristales Swarovski<\/strong><\/p>\n<p>Inspirada en la magia del cielo estrellado, nuestro cepillo junto con su base calendario, se viste de un nuevo color azul noche.<br \/>\nEstrella, este es su nombre, ilumina y decora el ba\u00f1o gracias a la luz de sus 38 cristales Swarovski aplicados a mano.<br \/>\nUn extraordinario elemento de dise\u00f1o con un encanto \u00fanico que por primera vez ofrece innovadoras cerdas blanqueadoras con carb\u00f3n activado.<br \/>\nUn art\u00edculo refinado y de gran distinci\u00f3n que, junto con la excelente eficacia de sus nuevas cerdas blanqueadoras, ser\u00e1 todo un objeto de culto para su bienestar.<\/p>\n<p><strong>Caracter\u00edsticas:<\/strong><\/p>\n<ul>\n<li>38 cristales Swarovski aplicados a mano<\/li>\n<li>Innovadoras cerdas con carb\u00f3n blanqueante<\/li>\n<li>Edici\u00f3n limitada<\/li>\n<li>La base-calendario permite apoyar el cepillo en cualquier superficie. Su dise\u00f1o patentado evita la acumulaci\u00f3n de agua y, gracias al calendario que lleva en su interior, le recuerda cu\u00e1ndo debe cambiar el cepillo de dientes<\/li>\n<\/ul>\n<p><img decoding=\"async\" class=\"alignnone wp-image-8117\" src=\"https:\/\/www.piumacare.com\/wp-content\/uploads\/2021\/07\/Tavola-disegno-1-4.svg\" alt=\"\" width=\"241\" height=\"104\" \/><\/p>\n<p><strong>Extra:<\/strong>\u00a0\u00a1Una vez compras el conjunto, la base te dura para siempre!<\/p>\n<p><strong>Nota<\/strong>: Cubre-cerdas siempre incluido<\/p>\n<p><strong>Cerdas<\/strong>: Suaves blanqueadoras con carb\u00f3n<\/p>\n<\/div>\n<p><span style=\"line-height: 52px; padding-right: 80px;\">Color<\/span><img decoding=\"async\" class=\"alignnone wp-image-12093\" src=\"https:\/\/www.piumacare.com\/wp-content\/uploads\/2022\/11\/icone_colore_DiamondBlue-12.svg\" alt=\"\" width=\"55\" \/><\/p>\n","protected":false},"featured_media":17359,"template":"","meta":[],"product_brand":[],"product_cat":[303],"product_tag":[],"class_list":{"0":"post-12091","1":"product","2":"type-product","3":"status-publish","4":"has-post-thumbnail","6":"product_cat-living-es","8":"first","9":"instock","10":"shipping-taxable","11":"purchasable","12":"product-type-simple"},"yoast_head":"<!-- This site is optimized with the Yoast SEO plugin v27.3 - https:\/\/yoast.com\/product\/yoast-seo-wordpress\/ -->\n<title>Stella: El cepillo de dientes con Swarovski - Piuma Care<\/title>\n<meta name=\"description\" content=\"Inspirado en la magia del cielo estrellado, nuestro cepillo de dientes con Swarovski se viste con un nuevo color azul noche. \u00a1Un extraordinario objeto de dise\u00f1o!\" \/>\n<meta name=\"robots\" content=\"index, follow, max-snippet:-1, max-image-preview:large, max-video-preview:-1\" \/>\n<link rel=\"canonical\" href=\"https:\/\/www.piumacare.com\/es\/product\/stella-limited-edition\/\" \/>\n<meta property=\"og:locale\" content=\"es_ES\" \/>\n<meta property=\"og:type\" content=\"article\" \/>\n<meta property=\"og:title\" content=\"Stella: El cepillo de dientes con Swarovski - Piuma Care\" \/>\n<meta property=\"og:description\" content=\"Inspirado en la magia del cielo estrellado, nuestro cepillo de dientes con Swarovski se viste con un nuevo color azul noche. \u00a1Un extraordinario objeto de dise\u00f1o!\" \/>\n<meta property=\"og:url\" content=\"https:\/\/www.piumacare.com\/es\/product\/stella-limited-edition\/\" \/>\n<meta property=\"og:site_name\" content=\"Piuma Care\" \/>\n<meta property=\"article:modified_time\" content=\"2024-09-13T11:51:34+00:00\" \/>\n<meta property=\"og:image\" content=\"https:\/\/www.piumacare.com\/wp-content\/uploads\/2022\/11\/SWAROVSKI_PIUMA_brush-01.jpg\" \/>\n\t<meta property=\"og:image:width\" content=\"2000\" \/>\n\t<meta property=\"og:image:height\" content=\"2000\" \/>\n\t<meta property=\"og:image:type\" content=\"image\/jpeg\" \/>\n<meta name=\"twitter:card\" content=\"summary_large_image\" \/>\n<meta name=\"twitter:label1\" content=\"Tiempo de lectura\" \/>\n\t<meta name=\"twitter:data1\" content=\"4 minutos\" \/>\n<script type=\"application\/ld+json\" class=\"yoast-schema-graph\">{\"@context\":\"https:\\\/\\\/schema.org\",\"@graph\":[{\"@type\":\"WebPage\",\"@id\":\"https:\\\/\\\/www.piumacare.com\\\/es\\\/product\\\/stella-limited-edition\\\/\",\"url\":\"https:\\\/\\\/www.piumacare.com\\\/es\\\/product\\\/stella-limited-edition\\\/\",\"name\":\"Stella: El cepillo de dientes con Swarovski - Piuma Care\",\"isPartOf\":{\"@id\":\"https:\\\/\\\/www.piumacare.com\\\/es\\\/#website\"},\"primaryImageOfPage\":{\"@id\":\"https:\\\/\\\/www.piumacare.com\\\/es\\\/product\\\/stella-limited-edition\\\/#primaryimage\"},\"image\":{\"@id\":\"https:\\\/\\\/www.piumacare.com\\\/es\\\/product\\\/stella-limited-edition\\\/#primaryimage\"},\"thumbnailUrl\":\"https:\\\/\\\/www.piumacare.com\\\/wp-content\\\/uploads\\\/2022\\\/11\\\/SWAROVSKI_PIUMA_brush-01.jpg\",\"datePublished\":\"2022-11-18T08:22:37+00:00\",\"dateModified\":\"2024-09-13T11:51:34+00:00\",\"description\":\"Inspirado en la magia del cielo estrellado, nuestro cepillo de dientes con Swarovski se viste con un nuevo color azul noche. \u00a1Un extraordinario objeto de dise\u00f1o!\",\"breadcrumb\":{\"@id\":\"https:\\\/\\\/www.piumacare.com\\\/es\\\/product\\\/stella-limited-edition\\\/#breadcrumb\"},\"inLanguage\":\"es\",\"potentialAction\":[{\"@type\":\"ReadAction\",\"target\":[\"https:\\\/\\\/www.piumacare.com\\\/es\\\/product\\\/stella-limited-edition\\\/\"]}]},{\"@type\":\"ImageObject\",\"inLanguage\":\"es\",\"@id\":\"https:\\\/\\\/www.piumacare.com\\\/es\\\/product\\\/stella-limited-edition\\\/#primaryimage\",\"url\":\"https:\\\/\\\/www.piumacare.com\\\/wp-content\\\/uploads\\\/2022\\\/11\\\/SWAROVSKI_PIUMA_brush-01.jpg\",\"contentUrl\":\"https:\\\/\\\/www.piumacare.com\\\/wp-content\\\/uploads\\\/2022\\\/11\\\/SWAROVSKI_PIUMA_brush-01.jpg\",\"width\":2000,\"height\":2000},{\"@type\":\"BreadcrumbList\",\"@id\":\"https:\\\/\\\/www.piumacare.com\\\/es\\\/product\\\/stella-limited-edition\\\/#breadcrumb\",\"itemListElement\":[{\"@type\":\"ListItem\",\"position\":1,\"name\":\"Home\",\"item\":\"https:\\\/\\\/www.piumacare.com\\\/es\\\/home-es\\\/\"},{\"@type\":\"ListItem\",\"position\":2,\"name\":\"Tienda\",\"item\":\"https:\\\/\\\/www.piumacare.com\\\/es\\\/tienda\\\/\"},{\"@type\":\"ListItem\",\"position\":3,\"name\":\"STELLA \u2013 Edici\u00f3n Limitada\"}]},{\"@type\":\"WebSite\",\"@id\":\"https:\\\/\\\/www.piumacare.com\\\/es\\\/#website\",\"url\":\"https:\\\/\\\/www.piumacare.com\\\/es\\\/\",\"name\":\"Piuma Care\",\"description\":\"La scienza del sorriso\",\"potentialAction\":[{\"@type\":\"SearchAction\",\"target\":{\"@type\":\"EntryPoint\",\"urlTemplate\":\"https:\\\/\\\/www.piumacare.com\\\/es\\\/?s={search_term_string}\"},\"query-input\":{\"@type\":\"PropertyValueSpecification\",\"valueRequired\":true,\"valueName\":\"search_term_string\"}}],\"inLanguage\":\"es\"}]}<\/script>\n<!-- \/ Yoast SEO plugin. -->","yoast_head_json":{"title":"Stella: El cepillo de dientes con Swarovski - Piuma Care","description":"Inspirado en la magia del cielo estrellado, nuestro cepillo de dientes con Swarovski se viste con un nuevo color azul noche. \u00a1Un extraordinario objeto de dise\u00f1o!","robots":{"index":"index","follow":"follow","max-snippet":"max-snippet:-1","max-image-preview":"max-image-preview:large","max-video-preview":"max-video-preview:-1"},"canonical":"https:\/\/www.piumacare.com\/es\/product\/stella-limited-edition\/","og_locale":"es_ES","og_type":"article","og_title":"Stella: El cepillo de dientes con Swarovski - Piuma Care","og_description":"Inspirado en la magia del cielo estrellado, nuestro cepillo de dientes con Swarovski se viste con un nuevo color azul noche. \u00a1Un extraordinario objeto de dise\u00f1o!","og_url":"https:\/\/www.piumacare.com\/es\/product\/stella-limited-edition\/","og_site_name":"Piuma Care","article_modified_time":"2024-09-13T11:51:34+00:00","og_image":[{"width":2000,"height":2000,"url":"https:\/\/www.piumacare.com\/wp-content\/uploads\/2022\/11\/SWAROVSKI_PIUMA_brush-01.jpg","type":"image\/jpeg"}],"twitter_card":"summary_large_image","twitter_misc":{"Tiempo de lectura":"4 minutos"},"schema":{"@context":"https:\/\/schema.org","@graph":[{"@type":"WebPage","@id":"https:\/\/www.piumacare.com\/es\/product\/stella-limited-edition\/","url":"https:\/\/www.piumacare.com\/es\/product\/stella-limited-edition\/","name":"Stella: El cepillo de dientes con Swarovski - Piuma Care","isPartOf":{"@id":"https:\/\/www.piumacare.com\/es\/#website"},"primaryImageOfPage":{"@id":"https:\/\/www.piumacare.com\/es\/product\/stella-limited-edition\/#primaryimage"},"image":{"@id":"https:\/\/www.piumacare.com\/es\/product\/stella-limited-edition\/#primaryimage"},"thumbnailUrl":"https:\/\/www.piumacare.com\/wp-content\/uploads\/2022\/11\/SWAROVSKI_PIUMA_brush-01.jpg","datePublished":"2022-11-18T08:22:37+00:00","dateModified":"2024-09-13T11:51:34+00:00","description":"Inspirado en la magia del cielo estrellado, nuestro cepillo de dientes con Swarovski se viste con un nuevo color azul noche. \u00a1Un extraordinario objeto de dise\u00f1o!","breadcrumb":{"@id":"https:\/\/www.piumacare.com\/es\/product\/stella-limited-edition\/#breadcrumb"},"inLanguage":"es","potentialAction":[{"@type":"ReadAction","target":["https:\/\/www.piumacare.com\/es\/product\/stella-limited-edition\/"]}]},{"@type":"ImageObject","inLanguage":"es","@id":"https:\/\/www.piumacare.com\/es\/product\/stella-limited-edition\/#primaryimage","url":"https:\/\/www.piumacare.com\/wp-content\/uploads\/2022\/11\/SWAROVSKI_PIUMA_brush-01.jpg","contentUrl":"https:\/\/www.piumacare.com\/wp-content\/uploads\/2022\/11\/SWAROVSKI_PIUMA_brush-01.jpg","width":2000,"height":2000},{"@type":"BreadcrumbList","@id":"https:\/\/www.piumacare.com\/es\/product\/stella-limited-edition\/#breadcrumb","itemListElement":[{"@type":"ListItem","position":1,"name":"Home","item":"https:\/\/www.piumacare.com\/es\/home-es\/"},{"@type":"ListItem","position":2,"name":"Tienda","item":"https:\/\/www.piumacare.com\/es\/tienda\/"},{"@type":"ListItem","position":3,"name":"STELLA \u2013 Edici\u00f3n Limitada"}]},{"@type":"WebSite","@id":"https:\/\/www.piumacare.com\/es\/#website","url":"https:\/\/www.piumacare.com\/es\/","name":"Piuma Care","description":"La scienza del sorriso","potentialAction":[{"@type":"SearchAction","target":{"@type":"EntryPoint","urlTemplate":"https:\/\/www.piumacare.com\/es\/?s={search_term_string}"},"query-input":{"@type":"PropertyValueSpecification","valueRequired":true,"valueName":"search_term_string"}}],"inLanguage":"es"}]}},"_links":{"self":[{"href":"https:\/\/www.piumacare.com\/es\/wp-json\/wp\/v2\/product\/12091","targetHints":{"allow":["GET"]}}],"collection":[{"href":"https:\/\/www.piumacare.com\/es\/wp-json\/wp\/v2\/product"}],"about":[{"href":"https:\/\/www.piumacare.com\/es\/wp-json\/wp\/v2\/types\/product"}],"wp:featuredmedia":[{"embeddable":true,"href":"https:\/\/www.piumacare.com\/es\/wp-json\/wp\/v2\/media\/17359"}],"wp:attachment":[{"href":"https:\/\/www.piumacare.com\/es\/wp-json\/wp\/v2\/media?parent=12091"}],"wp:term":[{"taxonomy":"product_brand","embeddable":true,"href":"https:\/\/www.piumacare.com\/es\/wp-json\/wp\/v2\/product_brand?post=12091"},{"taxonomy":"product_cat","embeddable":true,"href":"https:\/\/www.piumacare.com\/es\/wp-json\/wp\/v2\/product_cat?post=12091"},{"taxonomy":"product_tag","embeddable":true,"href":"https:\/\/www.piumacare.com\/es\/wp-json\/wp\/v2\/product_tag?post=12091"}],"curies":[{"name":"wp","href":"https:\/\/api.w.org\/{rel}","templated":true}]}}