{"id":12372,"date":"2022-11-21T11:26:43","date_gmt":"2022-11-21T10:26:43","guid":{"rendered":"https:\/\/www.piumacare.com\/?post_type=product&#038;p=12372"},"modified":"2025-04-23T11:44:33","modified_gmt":"2025-04-23T09:44:33","slug":"calcium-balance","status":"publish","type":"product","link":"https:\/\/www.piumacare.com\/es\/product\/calcium-balance\/","title":{"rendered":"Calcium Balance"},"content":{"rendered":"<div class=\"fusion-fullwidth fullwidth-box fusion-builder-row-1 fusion-flex-container has-pattern-background has-mask-background nonhundred-percent-fullwidth non-hundred-percent-height-scrolling\" style=\"--awb-border-radius-top-left:0px;--awb-border-radius-top-right:0px;--awb-border-radius-bottom-right:0px;--awb-border-radius-bottom-left:0px;--awb-flex-wrap:wrap;\" ><div class=\"fusion-builder-row fusion-row fusion-flex-align-items-flex-start fusion-flex-content-wrap\" style=\"max-width:1248px;margin-left: calc(-4% \/ 2 );margin-right: calc(-4% \/ 2 );\"><div class=\"fusion-layout-column fusion_builder_column fusion-builder-column-0 fusion_builder_column_1_1 1_1 fusion-flex-column\" style=\"--awb-bg-size:cover;--awb-width-large:100%;--awb-margin-top-large:0px;--awb-spacing-right-large:1.92%;--awb-margin-bottom-large:20px;--awb-spacing-left-large:1.92%;--awb-width-medium:100%;--awb-order-medium:0;--awb-spacing-right-medium:1.92%;--awb-spacing-left-medium:1.92%;--awb-width-small:100%;--awb-order-small:0;--awb-spacing-right-small:1.92%;--awb-spacing-left-small:1.92%;\"><div class=\"fusion-column-wrapper fusion-column-has-shadow fusion-flex-justify-content-flex-start fusion-content-layout-column\"><div class=\"fusion-image-element \" style=\"--awb-caption-title-font-family:var(--h2_typography-font-family);--awb-caption-title-font-weight:var(--h2_typography-font-weight);--awb-caption-title-font-style:var(--h2_typography-font-style);--awb-caption-title-size:var(--h2_typography-font-size);--awb-caption-title-transform:var(--h2_typography-text-transform);--awb-caption-title-line-height:var(--h2_typography-line-height);--awb-caption-title-letter-spacing:var(--h2_typography-letter-spacing);\"><span class=\" fusion-imageframe imageframe-none imageframe-1 hover-type-none\"><img decoding=\"async\" width=\"2000\" height=\"2000\" title=\"OLYMPUS DIGITAL CAMERA\" src=\"https:\/\/www.piumacare.com\/wp-content\/uploads\/2022\/11\/CalciumBalance_01.jpg\" alt class=\"img-responsive wp-image-19551\" srcset=\"https:\/\/www.piumacare.com\/wp-content\/uploads\/2022\/11\/CalciumBalance_01-200x200.jpg 200w, https:\/\/www.piumacare.com\/wp-content\/uploads\/2022\/11\/CalciumBalance_01-400x400.jpg 400w, https:\/\/www.piumacare.com\/wp-content\/uploads\/2022\/11\/CalciumBalance_01-600x600.jpg 600w, https:\/\/www.piumacare.com\/wp-content\/uploads\/2022\/11\/CalciumBalance_01-800x800.jpg 800w, https:\/\/www.piumacare.com\/wp-content\/uploads\/2022\/11\/CalciumBalance_01-1200x1200.jpg 1200w, https:\/\/www.piumacare.com\/wp-content\/uploads\/2022\/11\/CalciumBalance_01.jpg 2000w\" sizes=\"(max-width: 640px) 100vw, 1200px\" \/><\/span><\/div><\/div><\/div><\/div><\/div>\n","protected":false},"excerpt":{"rendered":"<p>Piuma presenta una l\u00ednea de suplementos diet\u00e9ticos dise\u00f1ados para apoyar la salud bucal<br \/>desde el interior, abordando problemas comunes con un enfoque innovador y hol\u00edstico.<\/p>\n<p><strong>CALCIUM BALANCE:<\/strong> Un apoyo integral para dientes fuertes y enc\u00edas saludables.<\/p>\n<p>\u2714 <b>Calcio<\/b>: esencial para la salud del esmalte.<br \/>\n\u2714 <b>Vitamina B2<\/b>: ayuda a mantener las membranas mucosas saludables.<br \/>\n\u2714 <b>Vitaminas B6, B12<\/b>: apoyan el sistema inmunol\u00f3gico.<br \/>\n\u2714 <b>Cal\u00e9ndula<\/b>: acci\u00f3n calmante y emoliente para la boca y la garganta.<br \/>\n\u2714 <b>Biotina<\/b>: contribuye al bienestar de las membranas mucosas.<\/p>\n[fusion_accordion type=\"\" inactive_icon=\"fa-angle-down fas\" active_icon=\"fa-angle-up fas\" margin_top=\"\" margin_bottom=\"20px\" hide_on_mobile=\"small-visibility,medium-visibility,large-visibility\" class=\"\" id=\"\" boxed_mode=\"\" border_size=\"1\" border_color=\"\" hue=\"\" saturation=\"\" lightness=\"\" alpha=\"\" hover_color=\"\" background_color=\"\" divider_line=\"no\" divider_hover_color=\"\" divider_color=\"\" padding_top=\"\" padding_right=\"\" padding_bottom=\"\" padding_left=\"\" title_tag=\"h4\" fusion_font_family_title_font=\"Manrope\" fusion_font_variant_title_font=\"400\" title_font_size=\"13px\" title_line_height=\"1.3\" title_letter_spacing=\"\" title_text_transform=\"\" title_color=\"var(--awb-color6)\" icon_size=\"12\" icon_color=\"var(--awb-color5)\" icon_boxed_mode=\"no\" icon_box_color=\"\" icon_alignment=\"\" fusion_font_family_content_font=\"Manrope\" fusion_font_variant_content_font=\"400\" content_font_size=\"13\" content_line_height=\"1.3\" content_letter_spacing=\"\" content_text_transform=\"\" content_color=\"var(--awb-color6)\" toggle_hover_accent_color=\"#0093b5\" toggle_active_accent_color=\"var(--awb-color8)\" parent_dynamic_content=\"\"][fusion_toggle title=\"Descubre otros complementos\" open=\"no\" awb-switch-editor-focus=\"\" class=\"\" id=\"\" fusion_font_family_title_font=\"Manrope\" fusion_font_variant_title_font=\"400\" title_font_size=\"13px\" title_line_height=\"1.3\" title_letter_spacing=\"\" title_text_transform=\"\" title_color=\"var(--awb-color8)\" hue=\"\" saturation=\"\" lightness=\"\" alpha=\"\" fusion_font_family_content_font=\"Manrope\" fusion_font_variant_content_font=\"400\" content_font_size=\"13px\" content_line_height=\"1.3\" content_letter_spacing=\"\" content_text_transform=\"\" content_color=\"var(--awb-color6)\"]&#8211; <a class=\"linkpiuma\" href=\"https:\/\/www.piumacare.com\/product\/cavigard\/\">CAVIGARD<\/a><br \/>\n&#8211; <a class=\"linkpiuma\" href=\"https:\/\/www.piumacare.com\/product\/smile-boost\/\">SMILE BOOST<\/a><br \/>\n[\/fusion_toggle][\/fusion_accordion]\n","protected":false},"featured_media":19281,"template":"","meta":[],"product_brand":[],"product_cat":[346],"product_tag":[],"class_list":{"0":"post-12372","1":"product","2":"type-product","3":"status-publish","4":"has-post-thumbnail","6":"product_cat-suplemento","8":"first","9":"outofstock","10":"shipping-taxable","11":"purchasable","12":"product-type-simple"},"yoast_head":"<!-- This site is optimized with the Yoast SEO plugin v27.3 - https:\/\/yoast.com\/product\/yoast-seo-wordpress\/ -->\n<title>Calcium Balance - Complemento alimenticio orosoluble - Piuma Care<\/title>\n<meta name=\"description\" content=\"Calcium Balance es un complemento alimenticio orosoluble para el bienestar de la cavidad bucal, rico en Zinc, Calcio, Fl\u00faor y Vitamina D.\" \/>\n<meta name=\"robots\" content=\"index, follow, max-snippet:-1, max-image-preview:large, max-video-preview:-1\" \/>\n<link rel=\"canonical\" href=\"https:\/\/www.piumacare.com\/es\/product\/calcium-balance\/\" \/>\n<meta property=\"og:locale\" content=\"es_ES\" \/>\n<meta property=\"og:type\" content=\"article\" \/>\n<meta property=\"og:title\" content=\"Calcium Balance - Complemento alimenticio orosoluble - Piuma Care\" \/>\n<meta property=\"og:description\" content=\"Calcium Balance es un complemento alimenticio orosoluble para el bienestar de la cavidad bucal, rico en Zinc, Calcio, Fl\u00faor y Vitamina D.\" \/>\n<meta property=\"og:url\" content=\"https:\/\/www.piumacare.com\/es\/product\/calcium-balance\/\" \/>\n<meta property=\"og:site_name\" content=\"Piuma Care\" \/>\n<meta property=\"article:modified_time\" content=\"2025-04-23T09:44:33+00:00\" \/>\n<meta property=\"og:image\" content=\"https:\/\/www.piumacare.com\/wp-content\/uploads\/2025\/03\/Calcium-Balance.jpg\" \/>\n\t<meta property=\"og:image:width\" content=\"2000\" \/>\n\t<meta property=\"og:image:height\" content=\"2000\" \/>\n\t<meta property=\"og:image:type\" content=\"image\/jpeg\" \/>\n<meta name=\"twitter:card\" content=\"summary_large_image\" \/>\n<meta name=\"twitter:label1\" content=\"Tiempo de lectura\" \/>\n\t<meta name=\"twitter:data1\" content=\"6 minutos\" \/>\n<script type=\"application\/ld+json\" class=\"yoast-schema-graph\">{\"@context\":\"https:\\\/\\\/schema.org\",\"@graph\":[{\"@type\":\"WebPage\",\"@id\":\"https:\\\/\\\/www.piumacare.com\\\/es\\\/product\\\/calcium-balance\\\/\",\"url\":\"https:\\\/\\\/www.piumacare.com\\\/es\\\/product\\\/calcium-balance\\\/\",\"name\":\"Calcium Balance - Complemento alimenticio orosoluble - Piuma Care\",\"isPartOf\":{\"@id\":\"https:\\\/\\\/www.piumacare.com\\\/es\\\/#website\"},\"primaryImageOfPage\":{\"@id\":\"https:\\\/\\\/www.piumacare.com\\\/es\\\/product\\\/calcium-balance\\\/#primaryimage\"},\"image\":{\"@id\":\"https:\\\/\\\/www.piumacare.com\\\/es\\\/product\\\/calcium-balance\\\/#primaryimage\"},\"thumbnailUrl\":\"https:\\\/\\\/www.piumacare.com\\\/wp-content\\\/uploads\\\/2025\\\/03\\\/Calcium-Balance.jpg\",\"datePublished\":\"2022-11-21T10:26:43+00:00\",\"dateModified\":\"2025-04-23T09:44:33+00:00\",\"description\":\"Calcium Balance es un complemento alimenticio orosoluble para el bienestar de la cavidad bucal, rico en Zinc, Calcio, Fl\u00faor y Vitamina D.\",\"breadcrumb\":{\"@id\":\"https:\\\/\\\/www.piumacare.com\\\/es\\\/product\\\/calcium-balance\\\/#breadcrumb\"},\"inLanguage\":\"es\",\"potentialAction\":[{\"@type\":\"ReadAction\",\"target\":[\"https:\\\/\\\/www.piumacare.com\\\/es\\\/product\\\/calcium-balance\\\/\"]}]},{\"@type\":\"ImageObject\",\"inLanguage\":\"es\",\"@id\":\"https:\\\/\\\/www.piumacare.com\\\/es\\\/product\\\/calcium-balance\\\/#primaryimage\",\"url\":\"https:\\\/\\\/www.piumacare.com\\\/wp-content\\\/uploads\\\/2025\\\/03\\\/Calcium-Balance.jpg\",\"contentUrl\":\"https:\\\/\\\/www.piumacare.com\\\/wp-content\\\/uploads\\\/2025\\\/03\\\/Calcium-Balance.jpg\",\"width\":2000,\"height\":2000},{\"@type\":\"BreadcrumbList\",\"@id\":\"https:\\\/\\\/www.piumacare.com\\\/es\\\/product\\\/calcium-balance\\\/#breadcrumb\",\"itemListElement\":[{\"@type\":\"ListItem\",\"position\":1,\"name\":\"Home\",\"item\":\"https:\\\/\\\/www.piumacare.com\\\/es\\\/home-es\\\/\"},{\"@type\":\"ListItem\",\"position\":2,\"name\":\"Tienda\",\"item\":\"https:\\\/\\\/www.piumacare.com\\\/es\\\/tienda\\\/\"},{\"@type\":\"ListItem\",\"position\":3,\"name\":\"Calcium Balance\"}]},{\"@type\":\"WebSite\",\"@id\":\"https:\\\/\\\/www.piumacare.com\\\/es\\\/#website\",\"url\":\"https:\\\/\\\/www.piumacare.com\\\/es\\\/\",\"name\":\"Piuma Care\",\"description\":\"La scienza del sorriso\",\"potentialAction\":[{\"@type\":\"SearchAction\",\"target\":{\"@type\":\"EntryPoint\",\"urlTemplate\":\"https:\\\/\\\/www.piumacare.com\\\/es\\\/?s={search_term_string}\"},\"query-input\":{\"@type\":\"PropertyValueSpecification\",\"valueRequired\":true,\"valueName\":\"search_term_string\"}}],\"inLanguage\":\"es\"}]}<\/script>\n<!-- \/ Yoast SEO plugin. -->","yoast_head_json":{"title":"Calcium Balance - Complemento alimenticio orosoluble - Piuma Care","description":"Calcium Balance es un complemento alimenticio orosoluble para el bienestar de la cavidad bucal, rico en Zinc, Calcio, Fl\u00faor y Vitamina D.","robots":{"index":"index","follow":"follow","max-snippet":"max-snippet:-1","max-image-preview":"max-image-preview:large","max-video-preview":"max-video-preview:-1"},"canonical":"https:\/\/www.piumacare.com\/es\/product\/calcium-balance\/","og_locale":"es_ES","og_type":"article","og_title":"Calcium Balance - Complemento alimenticio orosoluble - Piuma Care","og_description":"Calcium Balance es un complemento alimenticio orosoluble para el bienestar de la cavidad bucal, rico en Zinc, Calcio, Fl\u00faor y Vitamina D.","og_url":"https:\/\/www.piumacare.com\/es\/product\/calcium-balance\/","og_site_name":"Piuma Care","article_modified_time":"2025-04-23T09:44:33+00:00","og_image":[{"width":2000,"height":2000,"url":"https:\/\/www.piumacare.com\/wp-content\/uploads\/2025\/03\/Calcium-Balance.jpg","type":"image\/jpeg"}],"twitter_card":"summary_large_image","twitter_misc":{"Tiempo de lectura":"6 minutos"},"schema":{"@context":"https:\/\/schema.org","@graph":[{"@type":"WebPage","@id":"https:\/\/www.piumacare.com\/es\/product\/calcium-balance\/","url":"https:\/\/www.piumacare.com\/es\/product\/calcium-balance\/","name":"Calcium Balance - Complemento alimenticio orosoluble - Piuma Care","isPartOf":{"@id":"https:\/\/www.piumacare.com\/es\/#website"},"primaryImageOfPage":{"@id":"https:\/\/www.piumacare.com\/es\/product\/calcium-balance\/#primaryimage"},"image":{"@id":"https:\/\/www.piumacare.com\/es\/product\/calcium-balance\/#primaryimage"},"thumbnailUrl":"https:\/\/www.piumacare.com\/wp-content\/uploads\/2025\/03\/Calcium-Balance.jpg","datePublished":"2022-11-21T10:26:43+00:00","dateModified":"2025-04-23T09:44:33+00:00","description":"Calcium Balance es un complemento alimenticio orosoluble para el bienestar de la cavidad bucal, rico en Zinc, Calcio, Fl\u00faor y Vitamina D.","breadcrumb":{"@id":"https:\/\/www.piumacare.com\/es\/product\/calcium-balance\/#breadcrumb"},"inLanguage":"es","potentialAction":[{"@type":"ReadAction","target":["https:\/\/www.piumacare.com\/es\/product\/calcium-balance\/"]}]},{"@type":"ImageObject","inLanguage":"es","@id":"https:\/\/www.piumacare.com\/es\/product\/calcium-balance\/#primaryimage","url":"https:\/\/www.piumacare.com\/wp-content\/uploads\/2025\/03\/Calcium-Balance.jpg","contentUrl":"https:\/\/www.piumacare.com\/wp-content\/uploads\/2025\/03\/Calcium-Balance.jpg","width":2000,"height":2000},{"@type":"BreadcrumbList","@id":"https:\/\/www.piumacare.com\/es\/product\/calcium-balance\/#breadcrumb","itemListElement":[{"@type":"ListItem","position":1,"name":"Home","item":"https:\/\/www.piumacare.com\/es\/home-es\/"},{"@type":"ListItem","position":2,"name":"Tienda","item":"https:\/\/www.piumacare.com\/es\/tienda\/"},{"@type":"ListItem","position":3,"name":"Calcium Balance"}]},{"@type":"WebSite","@id":"https:\/\/www.piumacare.com\/es\/#website","url":"https:\/\/www.piumacare.com\/es\/","name":"Piuma Care","description":"La scienza del sorriso","potentialAction":[{"@type":"SearchAction","target":{"@type":"EntryPoint","urlTemplate":"https:\/\/www.piumacare.com\/es\/?s={search_term_string}"},"query-input":{"@type":"PropertyValueSpecification","valueRequired":true,"valueName":"search_term_string"}}],"inLanguage":"es"}]}},"_links":{"self":[{"href":"https:\/\/www.piumacare.com\/es\/wp-json\/wp\/v2\/product\/12372","targetHints":{"allow":["GET"]}}],"collection":[{"href":"https:\/\/www.piumacare.com\/es\/wp-json\/wp\/v2\/product"}],"about":[{"href":"https:\/\/www.piumacare.com\/es\/wp-json\/wp\/v2\/types\/product"}],"wp:featuredmedia":[{"embeddable":true,"href":"https:\/\/www.piumacare.com\/es\/wp-json\/wp\/v2\/media\/19281"}],"wp:attachment":[{"href":"https:\/\/www.piumacare.com\/es\/wp-json\/wp\/v2\/media?parent=12372"}],"wp:term":[{"taxonomy":"product_brand","embeddable":true,"href":"https:\/\/www.piumacare.com\/es\/wp-json\/wp\/v2\/product_brand?post=12372"},{"taxonomy":"product_cat","embeddable":true,"href":"https:\/\/www.piumacare.com\/es\/wp-json\/wp\/v2\/product_cat?post=12372"},{"taxonomy":"product_tag","embeddable":true,"href":"https:\/\/www.piumacare.com\/es\/wp-json\/wp\/v2\/product_tag?post=12372"}],"curies":[{"name":"wp","href":"https:\/\/api.w.org\/{rel}","templated":true}]}}