{"id":18826,"date":"2025-03-13T12:07:37","date_gmt":"2025-03-13T11:07:37","guid":{"rendered":"https:\/\/www.piumacare.com\/?post_type=product&#038;p=18826"},"modified":"2025-04-23T09:15:15","modified_gmt":"2025-04-23T07:15:15","slug":"multipak-3-antibacterial-medium","status":"publish","type":"product","link":"https:\/\/www.piumacare.com\/es\/product\/multipak-3-antibacterial-medium\/","title":{"rendered":"Multipack 3 piezas"},"content":{"rendered":"<div class=\"fusion-fullwidth fullwidth-box fusion-builder-row-1 fusion-flex-container has-pattern-background has-mask-background nonhundred-percent-fullwidth non-hundred-percent-height-scrolling\" style=\"--awb-border-radius-top-left:0px;--awb-border-radius-top-right:0px;--awb-border-radius-bottom-right:0px;--awb-border-radius-bottom-left:0px;--awb-padding-top:0px;--awb-padding-right:0px;--awb-padding-bottom:0px;--awb-padding-left:0px;--awb-margin-top:0px;--awb-margin-bottom:0px;--awb-flex-wrap:wrap;\" ><div class=\"fusion-builder-row fusion-row fusion-flex-align-items-flex-start fusion-flex-content-wrap\" style=\"max-width:1248px;margin-left: calc(-4% \/ 2 );margin-right: calc(-4% \/ 2 );\"><div class=\"fusion-layout-column fusion_builder_column fusion-builder-column-0 fusion_builder_column_1_3 1_3 fusion-flex-column\" style=\"--awb-bg-size:cover;--awb-width-large:33.333333333333%;--awb-margin-top-large:0px;--awb-spacing-right-large:5.76%;--awb-margin-bottom-large:20px;--awb-spacing-left-large:5.76%;--awb-width-medium:33.333333333333%;--awb-order-medium:0;--awb-spacing-right-medium:5.76%;--awb-spacing-left-medium:5.76%;--awb-width-small:100%;--awb-order-small:0;--awb-spacing-right-small:1.92%;--awb-spacing-left-small:1.92%;\"><div class=\"fusion-column-wrapper fusion-column-has-shadow fusion-flex-justify-content-flex-start fusion-content-layout-column\"><div class=\"fusion-text fusion-text-1\" style=\"--awb-font-size:14px;--awb-text-transform:uppercase;--awb-text-font-family:&quot;Manrope&quot;;--awb-text-font-style:normal;--awb-text-font-weight:400;\"><p>Perfect black<\/p>\n<\/div><div class=\"fusion-image-element \" style=\"text-align:center;--awb-caption-title-font-family:var(--h2_typography-font-family);--awb-caption-title-font-weight:var(--h2_typography-font-weight);--awb-caption-title-font-style:var(--h2_typography-font-style);--awb-caption-title-size:var(--h2_typography-font-size);--awb-caption-title-transform:var(--h2_typography-text-transform);--awb-caption-title-line-height:var(--h2_typography-line-height);--awb-caption-title-letter-spacing:var(--h2_typography-letter-spacing);\"><span class=\" fusion-imageframe imageframe-none imageframe-1 hover-type-none\" style=\"border:1px solid #e2e2e2;\"><a href=\"https:\/\/www.piumacare.com\/wp-content\/uploads\/2025\/01\/Piuma_Brush_Antibatterico_Black_med-4.jpg\" class=\"fusion-lightbox\" data-rel=\"iLightbox[90b44a3f250c07afbfd]\" data-title=\"IMMAGINI SITO PIUMA &#8211; 25\" title=\"IMMAGINI SITO PIUMA &#8211; 25\"><img decoding=\"async\" width=\"2000\" height=\"2000\" alt=\"Perfect Black Antibatterico\" src=\"https:\/\/www.piumacare.com\/wp-content\/uploads\/2025\/01\/Piuma_Brush_Antibatterico_Black_med-4.jpg\" class=\"img-responsive wp-image-19860\" srcset=\"https:\/\/www.piumacare.com\/wp-content\/uploads\/2025\/01\/Piuma_Brush_Antibatterico_Black_med-4-200x200.jpg 200w, https:\/\/www.piumacare.com\/wp-content\/uploads\/2025\/01\/Piuma_Brush_Antibatterico_Black_med-4-400x400.jpg 400w, https:\/\/www.piumacare.com\/wp-content\/uploads\/2025\/01\/Piuma_Brush_Antibatterico_Black_med-4-600x600.jpg 600w, https:\/\/www.piumacare.com\/wp-content\/uploads\/2025\/01\/Piuma_Brush_Antibatterico_Black_med-4-800x800.jpg 800w, https:\/\/www.piumacare.com\/wp-content\/uploads\/2025\/01\/Piuma_Brush_Antibatterico_Black_med-4-1200x1200.jpg 1200w, https:\/\/www.piumacare.com\/wp-content\/uploads\/2025\/01\/Piuma_Brush_Antibatterico_Black_med-4.jpg 2000w\" sizes=\"(max-width: 640px) 100vw, 400px\" \/><\/a><\/span><\/div><\/div><\/div><div class=\"fusion-layout-column fusion_builder_column fusion-builder-column-1 fusion_builder_column_1_3 1_3 fusion-flex-column\" style=\"--awb-bg-size:cover;--awb-width-large:33.333333333333%;--awb-margin-top-large:0px;--awb-spacing-right-large:5.76%;--awb-margin-bottom-large:20px;--awb-spacing-left-large:5.76%;--awb-width-medium:33.333333333333%;--awb-order-medium:0;--awb-spacing-right-medium:5.76%;--awb-spacing-left-medium:5.76%;--awb-width-small:100%;--awb-order-small:0;--awb-spacing-right-small:1.92%;--awb-spacing-left-small:1.92%;\"><div class=\"fusion-column-wrapper fusion-column-has-shadow fusion-flex-justify-content-flex-start fusion-content-layout-column\"><div class=\"fusion-text fusion-text-2\" style=\"--awb-font-size:14px;--awb-text-transform:uppercase;--awb-text-font-family:&quot;Manrope&quot;;--awb-text-font-style:normal;--awb-text-font-weight:400;\"><p>Pure white<\/p>\n<\/div><div class=\"fusion-image-element \" style=\"text-align:center;--awb-caption-title-font-family:var(--h2_typography-font-family);--awb-caption-title-font-weight:var(--h2_typography-font-weight);--awb-caption-title-font-style:var(--h2_typography-font-style);--awb-caption-title-size:var(--h2_typography-font-size);--awb-caption-title-transform:var(--h2_typography-text-transform);--awb-caption-title-line-height:var(--h2_typography-line-height);--awb-caption-title-letter-spacing:var(--h2_typography-letter-spacing);\"><span class=\" fusion-imageframe imageframe-none imageframe-2 hover-type-none\" style=\"border:1px solid #e2e2e2;\"><a href=\"https:\/\/www.piumacare.com\/wp-content\/uploads\/2025\/01\/Piuma_Brush_Antibatterico_White_med-4.jpg\" class=\"fusion-lightbox\" data-rel=\"iLightbox[c06b6c7ff5ea6947b7c]\" data-title=\"IMMAGINI SITO PIUMA &#8211; 21\" title=\"IMMAGINI SITO PIUMA &#8211; 21\"><img decoding=\"async\" width=\"2000\" height=\"2000\" alt=\"Pure White Antibatterico\" src=\"https:\/\/www.piumacare.com\/wp-content\/uploads\/2025\/01\/Piuma_Brush_Antibatterico_White_med-4.jpg\" class=\"img-responsive wp-image-19875\" srcset=\"https:\/\/www.piumacare.com\/wp-content\/uploads\/2025\/01\/Piuma_Brush_Antibatterico_White_med-4-200x200.jpg 200w, https:\/\/www.piumacare.com\/wp-content\/uploads\/2025\/01\/Piuma_Brush_Antibatterico_White_med-4-400x400.jpg 400w, https:\/\/www.piumacare.com\/wp-content\/uploads\/2025\/01\/Piuma_Brush_Antibatterico_White_med-4-600x600.jpg 600w, https:\/\/www.piumacare.com\/wp-content\/uploads\/2025\/01\/Piuma_Brush_Antibatterico_White_med-4-800x800.jpg 800w, https:\/\/www.piumacare.com\/wp-content\/uploads\/2025\/01\/Piuma_Brush_Antibatterico_White_med-4-1200x1200.jpg 1200w, https:\/\/www.piumacare.com\/wp-content\/uploads\/2025\/01\/Piuma_Brush_Antibatterico_White_med-4.jpg 2000w\" sizes=\"(max-width: 640px) 100vw, 400px\" \/><\/a><\/span><\/div><\/div><\/div><div class=\"fusion-layout-column fusion_builder_column fusion-builder-column-2 fusion_builder_column_1_3 1_3 fusion-flex-column\" style=\"--awb-bg-size:cover;--awb-width-large:33.333333333333%;--awb-margin-top-large:0px;--awb-spacing-right-large:5.76%;--awb-margin-bottom-large:20px;--awb-spacing-left-large:5.76%;--awb-width-medium:33.333333333333%;--awb-order-medium:0;--awb-spacing-right-medium:5.76%;--awb-spacing-left-medium:5.76%;--awb-width-small:100%;--awb-order-small:0;--awb-spacing-right-small:1.92%;--awb-spacing-left-small:1.92%;\"><div class=\"fusion-column-wrapper fusion-column-has-shadow fusion-flex-justify-content-flex-start fusion-content-layout-column\"><div class=\"fusion-text fusion-text-3\" style=\"--awb-font-size:14px;--awb-text-transform:uppercase;--awb-text-font-family:&quot;Manrope&quot;;--awb-text-font-style:normal;--awb-text-font-weight:400;\"><p>Asphalt grey<\/p>\n<\/div><div class=\"fusion-image-element \" style=\"text-align:center;--awb-caption-title-font-family:var(--h2_typography-font-family);--awb-caption-title-font-weight:var(--h2_typography-font-weight);--awb-caption-title-font-style:var(--h2_typography-font-style);--awb-caption-title-size:var(--h2_typography-font-size);--awb-caption-title-transform:var(--h2_typography-text-transform);--awb-caption-title-line-height:var(--h2_typography-line-height);--awb-caption-title-letter-spacing:var(--h2_typography-letter-spacing);\"><span class=\" fusion-imageframe imageframe-none imageframe-3 hover-type-none\" style=\"border:1px solid #e2e2e2;\"><a href=\"https:\/\/www.piumacare.com\/wp-content\/uploads\/2025\/01\/Piuma_Brush_Antibatterico_Grey_med-4.jpg\" class=\"fusion-lightbox\" data-rel=\"iLightbox[7c9dff49fdd87f340c3]\" data-title=\"IMMAGINI SITO PIUMA &#8211; 29\" title=\"IMMAGINI SITO PIUMA &#8211; 29\"><img decoding=\"async\" width=\"2000\" height=\"2000\" alt=\"Asphalt Grey Antibatterico\" src=\"https:\/\/www.piumacare.com\/wp-content\/uploads\/2025\/01\/Piuma_Brush_Antibatterico_Grey_med-4.jpg\" class=\"img-responsive wp-image-19865\" srcset=\"https:\/\/www.piumacare.com\/wp-content\/uploads\/2025\/01\/Piuma_Brush_Antibatterico_Grey_med-4-200x200.jpg 200w, https:\/\/www.piumacare.com\/wp-content\/uploads\/2025\/01\/Piuma_Brush_Antibatterico_Grey_med-4-400x400.jpg 400w, https:\/\/www.piumacare.com\/wp-content\/uploads\/2025\/01\/Piuma_Brush_Antibatterico_Grey_med-4-600x600.jpg 600w, https:\/\/www.piumacare.com\/wp-content\/uploads\/2025\/01\/Piuma_Brush_Antibatterico_Grey_med-4-800x800.jpg 800w, https:\/\/www.piumacare.com\/wp-content\/uploads\/2025\/01\/Piuma_Brush_Antibatterico_Grey_med-4-1200x1200.jpg 1200w, https:\/\/www.piumacare.com\/wp-content\/uploads\/2025\/01\/Piuma_Brush_Antibatterico_Grey_med-4.jpg 2000w\" sizes=\"(max-width: 640px) 100vw, 400px\" \/><\/a><\/span><\/div><\/div><\/div><\/div><\/div>\n","protected":false},"excerpt":{"rendered":"<p><b>Ayuda a combatir las bacterias orales y promueve una protecci\u00f3n completa contra las<br \/>\ninfecciones de las enc\u00edas, garantizando una limpieza profunda y duradera.<\/b><\/p>\n<p>Un dise\u00f1o innovador que combina ciencia y tecnolog\u00eda en un producto pensado para una<br \/>\nprotecci\u00f3n \u00f3ptima de las enc\u00edas y los dientes. Las cerdas antibacterianas garantizan una<br \/>\nlimpieza m\u00e1s profunda, mientras que el mango ergon\u00f3mico asegura una comodidad sin<br \/>\nigual.<\/p>\n[fusion_accordion type=\"\" inactive_icon=\"fa-angle-down fas\" active_icon=\"fa-angle-up fas\" margin_top=\"\" margin_bottom=\"20px\" hide_on_mobile=\"small-visibility,medium-visibility,large-visibility\" class=\"\" id=\"\" boxed_mode=\"\" border_size=\"1\" border_color=\"\" hue=\"\" saturation=\"\" lightness=\"\" alpha=\"\" hover_color=\"\" background_color=\"\" divider_line=\"no\" divider_hover_color=\"\" divider_color=\"\" padding_top=\"\" padding_right=\"\" padding_bottom=\"\" padding_left=\"\" title_tag=\"h4\" fusion_font_family_title_font=\"Manrope\" fusion_font_variant_title_font=\"400\" title_font_size=\"13px\" title_line_height=\"1.3\" title_letter_spacing=\"\" title_text_transform=\"\" title_color=\"var(--awb-color6)\" icon_size=\"12\" icon_color=\"var(--awb-color5)\" icon_boxed_mode=\"no\" icon_box_color=\"\" icon_alignment=\"\" fusion_font_family_content_font=\"Manrope\" fusion_font_variant_content_font=\"400\" content_font_size=\"13\" content_line_height=\"1.3\" content_letter_spacing=\"\" content_text_transform=\"\" content_color=\"var(--awb-color6)\" toggle_hover_accent_color=\"#0093b5\" toggle_active_accent_color=\"var(--awb-color8)\" parent_dynamic_content=\"\"][fusion_toggle title=\"descubrir m\u00e1s\" open=\"no\" awb-switch-editor-focus=\"\" class=\"\" id=\"\" fusion_font_family_title_font=\"Manrope\" fusion_font_variant_title_font=\"400\" title_font_size=\"13px\" title_line_height=\"1.3\" title_letter_spacing=\"\" title_text_transform=\"\" title_color=\"var(--awb-color8)\" hue=\"\" saturation=\"\" lightness=\"\" alpha=\"\" fusion_font_family_content_font=\"Manrope\" fusion_font_variant_content_font=\"400\" content_font_size=\"13px\" content_line_height=\"1.3\" content_letter_spacing=\"\" content_text_transform=\"\" content_color=\"var(--awb-color6)\"]<\/p>\n<p><b>Beneficios principales<br \/>\n<\/b>\u2714 Cerdas antibacterianas avanzadas \u2013 Combaten las bacterias, protegen las enc\u00edas y<br \/>\nmejoran la salud bucal.<br \/>\n\u2714 Dise\u00f1o innovador y ergon\u00f3mico \u2013 Mango dise\u00f1ado para garantizar un agarre c\u00f3modo y<br \/>\nuna limpieza eficaz.<br \/>\n\u2714 Limpiador de lengua integrado \u2013 Elimina las bacterias de la lengua, favoreciendo una<br \/>\nfrescura duradera.<br \/>\n\u2714 Cerdas ultra suaves \u2013 Ideales para enc\u00edas sensibles y para una limpieza profunda.<br \/>\n\u2714 Vegano, libre de crueldad, Hecho en Italia \u2013 Un producto de alta calidad, respetuoso con<br \/>\nel medio ambiente.<\/p>\n<p><b>Extras incluidos<br \/>\n<\/b>\u2714 Empaquetado en atm\u00f3sfera controlada para garantizar la m\u00e1xima higiene.<br \/>\n\u2714 Siempre incluye una tapa para proteger las cerdas de contaminaciones.<\/p>\n<p>Perfecto para quienes buscan una experiencia avanzada de higiene bucal con m\u00e1xima<br \/>\ncomodidad y protecci\u00f3n. <b>\u00a1A\u00f1\u00e1delo a tu rutina diaria!<\/b><\/p>\n<p>[\/fusion_toggle][\/fusion_accordion]\n<p><b>Envase<\/b>: <b><u>3 piezas<\/u><\/b> &#8211; <a style=\"color: #b4b4b4;\" href=\"https:\/\/www.piumacare.com\/product\/multipak-6-antibacterial-medium\/\">6 piezas<\/a><\/p>\n<p><b>Cerdas<\/b>: <a style=\"color: #b4b4b4;\" href=\"https:\/\/www.piumacare.com\/product\/multipak-3-antibacterial-soft\/\">suaves<\/a> &#8211; <b><u>MEDIAS<\/u><\/b><\/p>\n<p><span style=\"padding-right: 80px;\">Colores:<\/span><br \/>\n<img decoding=\"async\" class=\"alignnone wp-image-8173\" src=\"https:\/\/www.piumacare.com\/wp-content\/uploads\/2025\/03\/icone_colore_PERFECT-BLACK_act.svg\" alt=\"Perfect black\" width=\"40\" height=\"40\" \/><img decoding=\"async\" class=\"alignnone wp-image-8173\" src=\"https:\/\/www.piumacare.com\/wp-content\/uploads\/2025\/03\/icone_colore_PURE-WHITE_act.svg\" alt=\"Pure white\" width=\"40\" height=\"40\" \/><img decoding=\"async\" class=\"alignnone wp-image-8173\" src=\"https:\/\/www.piumacare.com\/wp-content\/uploads\/2025\/03\/icone_colore_ASPHALT-GREY_act.svg\" alt=\"Asphalt grey\" width=\"40\" height=\"40\" \/><\/p>\n[fusion_accordion type=\"\" inactive_icon=\"fa-angle-down fas\" active_icon=\"fa-angle-up fas\" margin_top=\"\" margin_bottom=\"20px\" hide_on_mobile=\"small-visibility,medium-visibility,large-visibility\" class=\"\" id=\"\" boxed_mode=\"\" border_size=\"1\" border_color=\"\" hue=\"\" saturation=\"\" lightness=\"\" alpha=\"\" hover_color=\"\" background_color=\"\" divider_line=\"no\" divider_hover_color=\"\" divider_color=\"\" padding_top=\"\" padding_right=\"\" padding_bottom=\"\" padding_left=\"\" title_tag=\"h4\" fusion_font_family_title_font=\"Manrope\" fusion_font_variant_title_font=\"400\" title_font_size=\"13px\" title_line_height=\"1.3\" title_letter_spacing=\"\" title_text_transform=\"\" title_color=\"var(--awb-color6)\" icon_size=\"12\" icon_color=\"var(--awb-color5)\" icon_boxed_mode=\"no\" icon_box_color=\"\" icon_alignment=\"\" fusion_font_family_content_font=\"Manrope\" fusion_font_variant_content_font=\"400\" content_font_size=\"13\" content_line_height=\"1.3\" content_letter_spacing=\"\" content_text_transform=\"\" content_color=\"var(--awb-color6)\" toggle_hover_accent_color=\"#0093b5\" toggle_active_accent_color=\"var(--awb-color8)\" parent_dynamic_content=\"\"][fusion_toggle title=\"DESCUBRE OTROS MULTIPACKS\" open=\"no\" awb-switch-editor-focus=\"\" class=\"\" id=\"\" fusion_font_family_title_font=\"Manrope\" fusion_font_variant_title_font=\"400\" title_font_size=\"13px\" title_line_height=\"1.3\" title_letter_spacing=\"\" title_text_transform=\"\" title_color=\"var(--awb-color8)\" hue=\"\" saturation=\"\" lightness=\"\" alpha=\"\" fusion_font_family_content_font=\"Manrope\" fusion_font_variant_content_font=\"400\" content_font_size=\"13px\" content_line_height=\"1.3\" content_letter_spacing=\"\" content_text_transform=\"\" content_color=\"var(--awb-color6)\"]<\/p>\n<p>\u2714 <a href=\"https:\/\/www.piumacare.com\/product\/multipak-3-echinacea\/\"><b>Cerdas con Equin\u00e1cea<\/b><\/a><\/p>\n<p>\u2714 <a href=\"https:\/\/www.piumacare.com\/product\/multipak-3-carbon\/\"><b>Cerdas con Carb\u00f3n de Bamb\u00fa<\/b><\/a><\/p>\n<p>\u2714 <a><b>Borsten mit Vitamin C<\/b><\/a><\/p>\n<p>[\/fusion_toggle][\/fusion_accordion]\n","protected":false},"featured_media":18832,"template":"","meta":[],"product_brand":[],"product_cat":[500],"product_tag":[112,493],"class_list":{"0":"post-18826","1":"product","2":"type-product","3":"status-publish","4":"has-post-thumbnail","6":"product_cat-cerdas-medias-antibacterianas","7":"product_tag-multicolor","8":"product_tag-refill-x-3-es","10":"first","11":"instock","12":"sale","13":"shipping-taxable","14":"purchasable","15":"product-type-simple"},"yoast_head":"<!-- This site is optimized with the Yoast SEO plugin v27.1.1 - https:\/\/yoast.com\/product\/yoast-seo-wordpress\/ -->\n<title>Cepillos de dientes antibacterianos Multipack 3 piezas - Piuma Care<\/title>\n<meta name=\"description\" content=\"Multipack 3 piezas. Los filamentos antibacterianos garantizan una limpieza m\u00e1s profunda, mientras que el mango ergon\u00f3mico ofrece una comodidad excepcional.\" \/>\n<meta name=\"robots\" content=\"index, follow, max-snippet:-1, max-image-preview:large, max-video-preview:-1\" \/>\n<link rel=\"canonical\" href=\"https:\/\/www.piumacare.com\/es\/product\/multipak-3-antibacterial-medium\/\" \/>\n<meta property=\"og:locale\" content=\"es_ES\" \/>\n<meta property=\"og:type\" content=\"article\" \/>\n<meta property=\"og:title\" content=\"Cepillos de dientes antibacterianos Multipack 3 piezas - Piuma Care\" \/>\n<meta property=\"og:description\" content=\"Multipack 3 piezas. Los filamentos antibacterianos garantizan una limpieza m\u00e1s profunda, mientras que el mango ergon\u00f3mico ofrece una comodidad excepcional.\" \/>\n<meta property=\"og:url\" content=\"https:\/\/www.piumacare.com\/es\/product\/multipak-3-antibacterial-medium\/\" \/>\n<meta property=\"og:site_name\" content=\"Piuma Care\" \/>\n<meta property=\"article:modified_time\" content=\"2025-04-23T07:15:15+00:00\" \/>\n<meta property=\"og:image\" content=\"https:\/\/www.piumacare.com\/wp-content\/uploads\/2025\/03\/MULTIPACK-3-Antibatterico-medium.jpg\" \/>\n\t<meta property=\"og:image:width\" content=\"2000\" \/>\n\t<meta property=\"og:image:height\" content=\"2000\" \/>\n\t<meta property=\"og:image:type\" content=\"image\/jpeg\" \/>\n<meta name=\"twitter:card\" content=\"summary_large_image\" \/>\n<meta name=\"twitter:label1\" content=\"Tiempo de lectura\" \/>\n\t<meta name=\"twitter:data1\" content=\"1 minuto\" \/>\n<script type=\"application\/ld+json\" class=\"yoast-schema-graph\">{\"@context\":\"https:\/\/schema.org\",\"@graph\":[{\"@type\":\"WebPage\",\"@id\":\"https:\/\/www.piumacare.com\/es\/product\/multipak-3-antibacterial-medium\/\",\"url\":\"https:\/\/www.piumacare.com\/es\/product\/multipak-3-antibacterial-medium\/\",\"name\":\"Cepillos de dientes antibacterianos Multipack 3 piezas - Piuma Care\",\"isPartOf\":{\"@id\":\"https:\/\/www.piumacare.com\/es\/#website\"},\"primaryImageOfPage\":{\"@id\":\"https:\/\/www.piumacare.com\/es\/product\/multipak-3-antibacterial-medium\/#primaryimage\"},\"image\":{\"@id\":\"https:\/\/www.piumacare.com\/es\/product\/multipak-3-antibacterial-medium\/#primaryimage\"},\"thumbnailUrl\":\"https:\/\/www.piumacare.com\/wp-content\/uploads\/2025\/03\/MULTIPACK-3-Antibatterico-medium.jpg\",\"datePublished\":\"2025-03-13T11:07:37+00:00\",\"dateModified\":\"2025-04-23T07:15:15+00:00\",\"description\":\"Multipack 3 piezas. Los filamentos antibacterianos garantizan una limpieza m\u00e1s profunda, mientras que el mango ergon\u00f3mico ofrece una comodidad excepcional.\",\"breadcrumb\":{\"@id\":\"https:\/\/www.piumacare.com\/es\/product\/multipak-3-antibacterial-medium\/#breadcrumb\"},\"inLanguage\":\"es\",\"potentialAction\":[{\"@type\":\"ReadAction\",\"target\":[\"https:\/\/www.piumacare.com\/es\/product\/multipak-3-antibacterial-medium\/\"]}]},{\"@type\":\"ImageObject\",\"inLanguage\":\"es\",\"@id\":\"https:\/\/www.piumacare.com\/es\/product\/multipak-3-antibacterial-medium\/#primaryimage\",\"url\":\"https:\/\/www.piumacare.com\/wp-content\/uploads\/2025\/03\/MULTIPACK-3-Antibatterico-medium.jpg\",\"contentUrl\":\"https:\/\/www.piumacare.com\/wp-content\/uploads\/2025\/03\/MULTIPACK-3-Antibatterico-medium.jpg\",\"width\":2000,\"height\":2000},{\"@type\":\"BreadcrumbList\",\"@id\":\"https:\/\/www.piumacare.com\/es\/product\/multipak-3-antibacterial-medium\/#breadcrumb\",\"itemListElement\":[{\"@type\":\"ListItem\",\"position\":1,\"name\":\"Home\",\"item\":\"https:\/\/www.piumacare.com\/es\/home-es\/\"},{\"@type\":\"ListItem\",\"position\":2,\"name\":\"Tienda\",\"item\":\"https:\/\/www.piumacare.com\/es\/tienda\/\"},{\"@type\":\"ListItem\",\"position\":3,\"name\":\"Multipack 3 piezas\"}]},{\"@type\":\"WebSite\",\"@id\":\"https:\/\/www.piumacare.com\/es\/#website\",\"url\":\"https:\/\/www.piumacare.com\/es\/\",\"name\":\"Piuma Care\",\"description\":\"La scienza del sorriso\",\"potentialAction\":[{\"@type\":\"SearchAction\",\"target\":{\"@type\":\"EntryPoint\",\"urlTemplate\":\"https:\/\/www.piumacare.com\/es\/?s={search_term_string}\"},\"query-input\":{\"@type\":\"PropertyValueSpecification\",\"valueRequired\":true,\"valueName\":\"search_term_string\"}}],\"inLanguage\":\"es\"}]}<\/script>\n<!-- \/ Yoast SEO plugin. -->","yoast_head_json":{"title":"Cepillos de dientes antibacterianos Multipack 3 piezas - Piuma Care","description":"Multipack 3 piezas. Los filamentos antibacterianos garantizan una limpieza m\u00e1s profunda, mientras que el mango ergon\u00f3mico ofrece una comodidad excepcional.","robots":{"index":"index","follow":"follow","max-snippet":"max-snippet:-1","max-image-preview":"max-image-preview:large","max-video-preview":"max-video-preview:-1"},"canonical":"https:\/\/www.piumacare.com\/es\/product\/multipak-3-antibacterial-medium\/","og_locale":"es_ES","og_type":"article","og_title":"Cepillos de dientes antibacterianos Multipack 3 piezas - Piuma Care","og_description":"Multipack 3 piezas. Los filamentos antibacterianos garantizan una limpieza m\u00e1s profunda, mientras que el mango ergon\u00f3mico ofrece una comodidad excepcional.","og_url":"https:\/\/www.piumacare.com\/es\/product\/multipak-3-antibacterial-medium\/","og_site_name":"Piuma Care","article_modified_time":"2025-04-23T07:15:15+00:00","og_image":[{"width":2000,"height":2000,"url":"https:\/\/www.piumacare.com\/wp-content\/uploads\/2025\/03\/MULTIPACK-3-Antibatterico-medium.jpg","type":"image\/jpeg"}],"twitter_card":"summary_large_image","twitter_misc":{"Tiempo de lectura":"1 minuto"},"schema":{"@context":"https:\/\/schema.org","@graph":[{"@type":"WebPage","@id":"https:\/\/www.piumacare.com\/es\/product\/multipak-3-antibacterial-medium\/","url":"https:\/\/www.piumacare.com\/es\/product\/multipak-3-antibacterial-medium\/","name":"Cepillos de dientes antibacterianos Multipack 3 piezas - Piuma Care","isPartOf":{"@id":"https:\/\/www.piumacare.com\/es\/#website"},"primaryImageOfPage":{"@id":"https:\/\/www.piumacare.com\/es\/product\/multipak-3-antibacterial-medium\/#primaryimage"},"image":{"@id":"https:\/\/www.piumacare.com\/es\/product\/multipak-3-antibacterial-medium\/#primaryimage"},"thumbnailUrl":"https:\/\/www.piumacare.com\/wp-content\/uploads\/2025\/03\/MULTIPACK-3-Antibatterico-medium.jpg","datePublished":"2025-03-13T11:07:37+00:00","dateModified":"2025-04-23T07:15:15+00:00","description":"Multipack 3 piezas. Los filamentos antibacterianos garantizan una limpieza m\u00e1s profunda, mientras que el mango ergon\u00f3mico ofrece una comodidad excepcional.","breadcrumb":{"@id":"https:\/\/www.piumacare.com\/es\/product\/multipak-3-antibacterial-medium\/#breadcrumb"},"inLanguage":"es","potentialAction":[{"@type":"ReadAction","target":["https:\/\/www.piumacare.com\/es\/product\/multipak-3-antibacterial-medium\/"]}]},{"@type":"ImageObject","inLanguage":"es","@id":"https:\/\/www.piumacare.com\/es\/product\/multipak-3-antibacterial-medium\/#primaryimage","url":"https:\/\/www.piumacare.com\/wp-content\/uploads\/2025\/03\/MULTIPACK-3-Antibatterico-medium.jpg","contentUrl":"https:\/\/www.piumacare.com\/wp-content\/uploads\/2025\/03\/MULTIPACK-3-Antibatterico-medium.jpg","width":2000,"height":2000},{"@type":"BreadcrumbList","@id":"https:\/\/www.piumacare.com\/es\/product\/multipak-3-antibacterial-medium\/#breadcrumb","itemListElement":[{"@type":"ListItem","position":1,"name":"Home","item":"https:\/\/www.piumacare.com\/es\/home-es\/"},{"@type":"ListItem","position":2,"name":"Tienda","item":"https:\/\/www.piumacare.com\/es\/tienda\/"},{"@type":"ListItem","position":3,"name":"Multipack 3 piezas"}]},{"@type":"WebSite","@id":"https:\/\/www.piumacare.com\/es\/#website","url":"https:\/\/www.piumacare.com\/es\/","name":"Piuma Care","description":"La scienza del sorriso","potentialAction":[{"@type":"SearchAction","target":{"@type":"EntryPoint","urlTemplate":"https:\/\/www.piumacare.com\/es\/?s={search_term_string}"},"query-input":{"@type":"PropertyValueSpecification","valueRequired":true,"valueName":"search_term_string"}}],"inLanguage":"es"}]}},"_links":{"self":[{"href":"https:\/\/www.piumacare.com\/es\/wp-json\/wp\/v2\/product\/18826","targetHints":{"allow":["GET"]}}],"collection":[{"href":"https:\/\/www.piumacare.com\/es\/wp-json\/wp\/v2\/product"}],"about":[{"href":"https:\/\/www.piumacare.com\/es\/wp-json\/wp\/v2\/types\/product"}],"wp:featuredmedia":[{"embeddable":true,"href":"https:\/\/www.piumacare.com\/es\/wp-json\/wp\/v2\/media\/18832"}],"wp:attachment":[{"href":"https:\/\/www.piumacare.com\/es\/wp-json\/wp\/v2\/media?parent=18826"}],"wp:term":[{"taxonomy":"product_brand","embeddable":true,"href":"https:\/\/www.piumacare.com\/es\/wp-json\/wp\/v2\/product_brand?post=18826"},{"taxonomy":"product_cat","embeddable":true,"href":"https:\/\/www.piumacare.com\/es\/wp-json\/wp\/v2\/product_cat?post=18826"},{"taxonomy":"product_tag","embeddable":true,"href":"https:\/\/www.piumacare.com\/es\/wp-json\/wp\/v2\/product_tag?post=18826"}],"curies":[{"name":"wp","href":"https:\/\/api.w.org\/{rel}","templated":true}]}}