{"id":2167,"date":"2021-07-12T13:24:25","date_gmt":"2021-07-12T11:24:25","guid":{"rendered":"https:\/\/piumacare.com\/product\/smilebox-grey\/"},"modified":"2024-08-06T10:19:32","modified_gmt":"2024-08-06T08:19:32","slug":"smilebox-grey","status":"publish","type":"product","link":"https:\/\/www.piumacare.com\/es\/product\/smilebox-grey\/","title":{"rendered":"SmileBox"},"content":{"rendered":"<div class=\"fusion-fullwidth fullwidth-box fusion-builder-row-1 fusion-flex-container hundred-percent-fullwidth non-hundred-percent-height-scrolling\" style=\"--awb-border-radius-top-left:0px;--awb-border-radius-top-right:0px;--awb-border-radius-bottom-right:0px;--awb-border-radius-bottom-left:0px;--awb-flex-wrap:wrap;\" ><div class=\"fusion-builder-row fusion-row fusion-flex-align-items-flex-start fusion-flex-justify-content-center fusion-flex-content-wrap\" style=\"width:104% !important;max-width:104% !important;margin-left: calc(-4% \/ 2 );margin-right: calc(-4% \/ 2 );\"><div class=\"fusion-layout-column fusion_builder_column fusion-builder-column-0 fusion_builder_column_1_1 1_1 fusion-flex-column\" style=\"--awb-bg-size:cover;--awb-width-large:100%;--awb-margin-top-large:0px;--awb-spacing-right-large:1.92%;--awb-margin-bottom-large:20px;--awb-spacing-left-large:1.92%;--awb-width-medium:100%;--awb-order-medium:0;--awb-spacing-right-medium:1.92%;--awb-spacing-left-medium:1.92%;--awb-width-small:100%;--awb-order-small:0;--awb-spacing-right-small:1.92%;--awb-spacing-left-small:1.92%;\"><div class=\"fusion-column-wrapper fusion-column-has-shadow fusion-flex-justify-content-flex-start fusion-content-layout-column\"><div class=\"accordian fusion-accordian\" style=\"--awb-border-size:1px;--awb-icon-size:13px;--awb-content-font-size:16px;--awb-icon-alignment:left;--awb-hover-color:#f9f9fb;--awb-border-color:#e2e2e2;--awb-background-color:#ffffff;--awb-divider-color:#e2e2e2;--awb-divider-hover-color:#e2e2e2;--awb-icon-color:#000000;--awb-title-color:#212934;--awb-content-color:#000000;--awb-icon-box-color:rgba(255,255,255,0);--awb-toggle-hover-accent-color:#898989;--awb-title-font-family:&quot;Manrope&quot;;--awb-title-font-weight:regular;--awb-title-font-style:normal;--awb-content-font-family:&quot;Manrope&quot;;--awb-content-font-style:normal;--awb-content-font-weight:regular;\"><div class=\"panel-group fusion-toggle-icon-boxed\" id=\"accordion-2167-1\"><div class=\"fusion-panel panel-default panel-990287ed7c2678c90 fusion-toggle-has-divider\"><div class=\"panel-heading\"><h4 class=\"panel-title toggle\" id=\"toggle_990287ed7c2678c90\"><a aria-expanded=\"false\" aria-controls=\"990287ed7c2678c90\" role=\"button\" data-toggle=\"collapse\" data-parent=\"#accordion-2167-1\" data-target=\"#990287ed7c2678c90\" href=\"#990287ed7c2678c90\"><span class=\"fusion-toggle-icon-wrapper\" aria-hidden=\"true\"><i class=\"fa-fusion-box active-icon awb-icon-minus\" aria-hidden=\"true\"><\/i><i class=\"fa-fusion-box inactive-icon awb-icon-plus\" aria-hidden=\"true\"><\/i><\/span><span class=\"fusion-toggle-heading\">\u00bfC\u00f3mo puedo comprobar el estado de mi pedido?<\/span><\/a><\/h4><\/div><div id=\"990287ed7c2678c90\" class=\"panel-collapse collapse \" aria-labelledby=\"toggle_990287ed7c2678c90\"><div class=\"panel-body toggle-content fusion-clearfix\">\n<p>Cada vez que hay un cambio en el estado de su pedido, se env\u00eda una alerta por correo electr\u00f3nico al cliente. Si tiene m\u00e1s preguntas, p\u00f3ngase en contacto con nosotros en customerservice@piumacare.com.<\/p>\n<\/div><\/div><\/div><div class=\"fusion-panel panel-default panel-d92f043848b7741b0 fusion-toggle-has-divider\"><div class=\"panel-heading\"><h4 class=\"panel-title toggle\" id=\"toggle_d92f043848b7741b0\"><a aria-expanded=\"false\" aria-controls=\"d92f043848b7741b0\" role=\"button\" data-toggle=\"collapse\" data-parent=\"#accordion-2167-1\" data-target=\"#d92f043848b7741b0\" href=\"#d92f043848b7741b0\"><span class=\"fusion-toggle-icon-wrapper\" aria-hidden=\"true\"><i class=\"fa-fusion-box active-icon awb-icon-minus\" aria-hidden=\"true\"><\/i><i class=\"fa-fusion-box inactive-icon awb-icon-plus\" aria-hidden=\"true\"><\/i><\/span><span class=\"fusion-toggle-heading\">\u00bfCu\u00e1nto tiempo se tarda en preparar el pedido?<\/span><\/a><\/h4><\/div><div id=\"d92f043848b7741b0\" class=\"panel-collapse collapse \" aria-labelledby=\"toggle_d92f043848b7741b0\"><div class=\"panel-body toggle-content fusion-clearfix\">\n<p>Una vez confirmado el pago, garantizamos el env\u00edo en 3 d\u00edas laborables (5 para las islas). La duraci\u00f3n del transporte depende del pa\u00eds de entrega.<\/p>\n<\/div><\/div><\/div><div class=\"fusion-panel panel-default panel-1239bd2741f4c64cd fusion-toggle-has-divider\"><div class=\"panel-heading\"><h4 class=\"panel-title toggle\" id=\"toggle_1239bd2741f4c64cd\"><a aria-expanded=\"false\" aria-controls=\"1239bd2741f4c64cd\" role=\"button\" data-toggle=\"collapse\" data-parent=\"#accordion-2167-1\" data-target=\"#1239bd2741f4c64cd\" href=\"#1239bd2741f4c64cd\"><span class=\"fusion-toggle-icon-wrapper\" aria-hidden=\"true\"><i class=\"fa-fusion-box active-icon awb-icon-minus\" aria-hidden=\"true\"><\/i><i class=\"fa-fusion-box inactive-icon awb-icon-plus\" aria-hidden=\"true\"><\/i><\/span><span class=\"fusion-toggle-heading\">\u00bfCu\u00e1les son los gastos de env\u00edo?<\/span><\/a><\/h4><\/div><div id=\"1239bd2741f4c64cd\" class=\"panel-collapse collapse \" aria-labelledby=\"toggle_1239bd2741f4c64cd\"><div class=\"panel-body toggle-content fusion-clearfix\">\n<p>Le spese di spedizione sono gratuite per i carrelli superiori ai 12\u20ac per l&#8217;Italia e 20\u20ac per il resto d&#8217;Europa. Non spediamo extra UE.<\/p>\n<\/div><\/div><\/div><div class=\"fusion-panel panel-default panel-281b9c111c7ca2095 fusion-toggle-has-divider\"><div class=\"panel-heading\"><h4 class=\"panel-title toggle\" id=\"toggle_281b9c111c7ca2095\"><a aria-expanded=\"false\" aria-controls=\"281b9c111c7ca2095\" role=\"button\" data-toggle=\"collapse\" data-parent=\"#accordion-2167-1\" data-target=\"#281b9c111c7ca2095\" href=\"#281b9c111c7ca2095\"><span class=\"fusion-toggle-icon-wrapper\" aria-hidden=\"true\"><i class=\"fa-fusion-box active-icon awb-icon-minus\" aria-hidden=\"true\"><\/i><i class=\"fa-fusion-box inactive-icon awb-icon-plus\" aria-hidden=\"true\"><\/i><\/span><span class=\"fusion-toggle-heading\">\u00bfEs posible realizar env\u00edos al extranjero?<\/span><\/a><\/h4><\/div><div id=\"281b9c111c7ca2095\" class=\"panel-collapse collapse \" aria-labelledby=\"toggle_281b9c111c7ca2095\"><div class=\"panel-body toggle-content fusion-clearfix\">\n<p>S\u00ed, nuestro sitio web permite hacer pedidos y env\u00edos al extranjero.<\/p>\n<\/div><\/div><\/div><div class=\"fusion-panel panel-default panel-fcf0ed798d7fe9f2c fusion-toggle-has-divider\"><div class=\"panel-heading\"><h4 class=\"panel-title toggle\" id=\"toggle_fcf0ed798d7fe9f2c\"><a aria-expanded=\"false\" aria-controls=\"fcf0ed798d7fe9f2c\" role=\"button\" data-toggle=\"collapse\" data-parent=\"#accordion-2167-1\" data-target=\"#fcf0ed798d7fe9f2c\" href=\"#fcf0ed798d7fe9f2c\"><span class=\"fusion-toggle-icon-wrapper\" aria-hidden=\"true\"><i class=\"fa-fusion-box active-icon awb-icon-minus\" aria-hidden=\"true\"><\/i><i class=\"fa-fusion-box inactive-icon awb-icon-plus\" aria-hidden=\"true\"><\/i><\/span><span class=\"fusion-toggle-heading\">\u00bfLos precios del sitio web incluyen el IVA?<\/span><\/a><\/h4><\/div><div id=\"fcf0ed798d7fe9f2c\" class=\"panel-collapse collapse \" aria-labelledby=\"toggle_fcf0ed798d7fe9f2c\"><div class=\"panel-body toggle-content fusion-clearfix\">\n<p>S\u00ed, todos los precios incluyen el IVA.<\/p>\n<\/div><\/div><\/div><div class=\"fusion-panel panel-default panel-3b574f1389b3381f3 fusion-toggle-has-divider\"><div class=\"panel-heading\"><h4 class=\"panel-title toggle\" id=\"toggle_3b574f1389b3381f3\"><a aria-expanded=\"false\" aria-controls=\"3b574f1389b3381f3\" role=\"button\" data-toggle=\"collapse\" data-parent=\"#accordion-2167-1\" data-target=\"#3b574f1389b3381f3\" href=\"#3b574f1389b3381f3\"><span class=\"fusion-toggle-icon-wrapper\" aria-hidden=\"true\"><i class=\"fa-fusion-box active-icon awb-icon-minus\" aria-hidden=\"true\"><\/i><i class=\"fa-fusion-box inactive-icon awb-icon-plus\" aria-hidden=\"true\"><\/i><\/span><span class=\"fusion-toggle-heading\">\u00bfQu\u00e9 m\u00e9todos de pago se aceptan?<\/span><\/a><\/h4><\/div><div id=\"3b574f1389b3381f3\" class=\"panel-collapse collapse \" aria-labelledby=\"toggle_3b574f1389b3381f3\"><div class=\"panel-body toggle-content fusion-clearfix\">\n<p>S\u00f3lo aceptamos el pago con tarjeta de cr\u00e9dito (Visa, Mastercard, PayPal&#8230;).<\/p>\n<\/div><\/div><\/div><div class=\"fusion-panel panel-default panel-fd588c0b7e7ae4058 fusion-toggle-has-divider\"><div class=\"panel-heading\"><h4 class=\"panel-title toggle\" id=\"toggle_fd588c0b7e7ae4058\"><a aria-expanded=\"false\" aria-controls=\"fd588c0b7e7ae4058\" role=\"button\" data-toggle=\"collapse\" data-parent=\"#accordion-2167-1\" data-target=\"#fd588c0b7e7ae4058\" href=\"#fd588c0b7e7ae4058\"><span class=\"fusion-toggle-icon-wrapper\" aria-hidden=\"true\"><i class=\"fa-fusion-box active-icon awb-icon-minus\" aria-hidden=\"true\"><\/i><i class=\"fa-fusion-box inactive-icon awb-icon-plus\" aria-hidden=\"true\"><\/i><\/span><span class=\"fusion-toggle-heading\">\u00bfCu\u00e1l es la pol\u00edtica de devoluciones y reembolsos?<\/span><\/a><\/h4><\/div><div id=\"fd588c0b7e7ae4058\" class=\"panel-collapse collapse \" aria-labelledby=\"toggle_fd588c0b7e7ae4058\"><div class=\"panel-body toggle-content fusion-clearfix\">\n<p>Tiene la opci\u00f3n de devolver cualquier art\u00edculo pedido en un plazo de 30 d\u00edas a partir de la fecha de recepci\u00f3n.<br \/>\nCuando devuelva el art\u00edculo o los art\u00edculos, col\u00f3quelos en su embalaje original, acompa\u00f1ados de los accesorios y documentos provistos, y adjunte el formulario de entrega. Le recomendamos que tome todas las precauciones posibles para garantizar la integridad del producto devuelto.<br \/>\nLos art\u00edculos no devueltos, devueltos incompletos, deteriorados, sucios o en cualquier otra condici\u00f3n que pueda sugerir razonablemente que han sido utilizados, no ser\u00e1n reembolsados ni reemplazados, as\u00ed como los art\u00edculos precintados que hayan sido abiertos despu\u00e9s de la entrega, por razones higi\u00e9nicas o de protecci\u00f3n de la salud.<\/p>\n<\/div><\/div><\/div><div class=\"fusion-panel panel-default panel-be2adac1067977d22 fusion-toggle-has-divider\"><div class=\"panel-heading\"><h4 class=\"panel-title toggle\" id=\"toggle_be2adac1067977d22\"><a aria-expanded=\"false\" aria-controls=\"be2adac1067977d22\" role=\"button\" data-toggle=\"collapse\" data-parent=\"#accordion-2167-1\" data-target=\"#be2adac1067977d22\" href=\"#be2adac1067977d22\"><span class=\"fusion-toggle-icon-wrapper\" aria-hidden=\"true\"><i class=\"fa-fusion-box active-icon awb-icon-minus\" aria-hidden=\"true\"><\/i><i class=\"fa-fusion-box inactive-icon awb-icon-plus\" aria-hidden=\"true\"><\/i><\/span><span class=\"fusion-toggle-heading\">\u00bfDe d\u00f3nde proceden los productos PIUMA?<\/span><\/a><\/h4><\/div><div id=\"be2adac1067977d22\" class=\"panel-collapse collapse \" aria-labelledby=\"toggle_be2adac1067977d22\"><div class=\"panel-body toggle-content fusion-clearfix\">\n<p>Los productos PIUMA se dise\u00f1an y fabrican en Italia.<\/p>\n<\/div><\/div><\/div><div class=\"fusion-panel panel-default panel-1b4873d5d8518f2ec fusion-toggle-has-divider\"><div class=\"panel-heading\"><h4 class=\"panel-title toggle\" id=\"toggle_1b4873d5d8518f2ec\"><a aria-expanded=\"false\" aria-controls=\"1b4873d5d8518f2ec\" role=\"button\" data-toggle=\"collapse\" data-parent=\"#accordion-2167-1\" data-target=\"#1b4873d5d8518f2ec\" href=\"#1b4873d5d8518f2ec\"><span class=\"fusion-toggle-icon-wrapper\" aria-hidden=\"true\"><i class=\"fa-fusion-box active-icon awb-icon-minus\" aria-hidden=\"true\"><\/i><i class=\"fa-fusion-box inactive-icon awb-icon-plus\" aria-hidden=\"true\"><\/i><\/span><span class=\"fusion-toggle-heading\">\u00bfQu\u00e9 tipo de cepillo de dientes debo utilizar?<\/span><\/a><\/h4><\/div><div id=\"1b4873d5d8518f2ec\" class=\"panel-collapse collapse \" aria-labelledby=\"toggle_1b4873d5d8518f2ec\"><div class=\"panel-body toggle-content fusion-clearfix\">\n<p>El cepillo de dientes con cerdas medianas es adecuado para aquellos que no tienen dientes y enc\u00edas sensibles, de lo contrario recomendamos el cepillo de dientes con cerdas suaves.<\/p>\n<\/div><\/div><\/div><div class=\"fusion-panel panel-default panel-75c8edd518390dc74 fusion-toggle-has-divider\"><div class=\"panel-heading\"><h4 class=\"panel-title toggle\" id=\"toggle_75c8edd518390dc74\"><a aria-expanded=\"false\" aria-controls=\"75c8edd518390dc74\" role=\"button\" data-toggle=\"collapse\" data-parent=\"#accordion-2167-1\" data-target=\"#75c8edd518390dc74\" href=\"#75c8edd518390dc74\"><span class=\"fusion-toggle-icon-wrapper\" aria-hidden=\"true\"><i class=\"fa-fusion-box active-icon awb-icon-minus\" aria-hidden=\"true\"><\/i><i class=\"fa-fusion-box inactive-icon awb-icon-plus\" aria-hidden=\"true\"><\/i><\/span><span class=\"fusion-toggle-heading\">\u00bfCon qu\u00e9 frecuencia debo cambiar mi cepillo de dientes?<\/span><\/a><\/h4><\/div><div id=\"75c8edd518390dc74\" class=\"panel-collapse collapse \" aria-labelledby=\"toggle_75c8edd518390dc74\"><div class=\"panel-body toggle-content fusion-clearfix\">\n<p>Se recomienda cambiar el cepillo de dientes cada 3 meses. Hemos dispuesto un \u00abcalendario\u00bb en la parte posterior de la Base de Apoyo, que sugiere cu\u00e1ndo sustituir el cepillo de dientes.<\/p>\n<\/div><\/div><\/div><\/div><\/div><\/div><\/div><\/div><\/div>\n","protected":false},"excerpt":{"rendered":"<div class=\"info-description\">\n<div class=\"info-description\">\n<div class=\"info-description\">\n<div class=\"info-description\">\n<p>Con la Smile Box te llevas a casa lo esencial para tu Rutina Smile y m\u00e1s&#8230; \u00a1ahorre dinero!<\/p>\n<p><strong>Qu\u00e9 es<\/strong>: La Smile Box contiene un kit PiumaBrush + Base de tu color favorito y Pure White, la pasta de dientes anticaries con acci\u00f3n multivitam\u00ednica.<\/p>\n<p><strong>Caracter\u00edsticas<\/strong>:<\/p>\n<ul>\n<li>Dise\u00f1o innovador con mango flexible<\/li>\n<li>MLas cerdas Micro Tynex\u00ae de 0,1 mm de di\u00e1metro, extra delicadas, ergon\u00f3micas y redondeadas, permiten que Piuma Brush llegue hasta las zonas m\u00e1s profundas de la boca<\/li>\n<li>Cabezal c\u00f3nico para llegar a todos los rincones de la boca<\/li>\n<li>Limpiador lingual para una experiencia multisensorial que garantiza una excelente limpieza de la lengua<\/li>\n<li>La base con calendario te permite colocar el cepillo en cualquier superficie. Su dise\u00f1o patentado mantiene el agua fuera, y el calendario interior te recuerda cu\u00e1ndo debes cambiar el cepillo de dientes<\/li>\n<li>El dent\u00edfrico PURE WHITE, enriquecido con vitaminas A, B, C, es un eficaz dent\u00edfrico antioxidante y protector, ideal para una correcta higiene bucal.<\/li>\n<li>Limpia los dientes en profundidad, combate la formaci\u00f3n de placa y, gracias a la acci\u00f3n del fl\u00faor, previene la aparici\u00f3n de caries.<\/li>\n<li>Probado cl\u00ednicamente bajo control odontol\u00f3gico<\/li>\n<li>100% Fabricado en Italia<\/li>\n<li>Sabor a menta fresca<\/li>\n<\/ul>\n<p><img decoding=\"async\" class=\"alignnone wp-image-8117\" src=\"https:\/\/www.piumacare.com\/wp-content\/uploads\/2021\/07\/Tavola-disegno-1-4.svg\" alt=\"\" width=\"241\" height=\"104\" \/><\/p>\n<p><strong>Extra:<\/strong> \u00bfLo has pensado alguna vez? La Smile Box es un regalo perfecto para las personas que quieres<\/p>\n<p><strong>Nota<\/strong>: Cubre-cerdas siempre incluido<\/p>\n<p><strong>Inci:\u00a0<\/strong>Aqua, Hydrogenated Starch Hydrolysate, Hydrated Silica, PEG-32, Cellulose Gum, Aroma, Retinyl Acetate, Panthenol, Sodium Ascorbyl Phosphate, Sodium Lauryl Sulfate, Sodium Saccharin,Sodium Fluoride, Phenoxyethanol, Ethylhexylglycerin,CI 74260, Limonene<\/p>\n<\/div>\n<\/div>\n<\/div>\n<\/div>\n<p><span style=\"line-height: 52px; padding-right: 80px;\">Color<\/span><a href=\"https:\/\/www.piumacare.com\/es\/product\/smilebox-black\/\"><img decoding=\"async\" class=\"alignnone wp-image-8178\" src=\"https:\/\/www.piumacare.com\/wp-content\/uploads\/2021\/07\/icone_colore_Tavola-disegno-1-copia.svg\" alt=\"\" width=\"55\" height=\"55\" \/><\/a><img decoding=\"async\" class=\"alignnone wp-image-8183\" src=\"https:\/\/www.piumacare.com\/wp-content\/uploads\/2021\/07\/icone_colore_Tavola-disegno-1-copia-2.svg\" alt=\"\" width=\"55\" height=\"55\" \/><a href=\"https:\/\/piumacare.com\/es\/product\/smilebox-white\/\"><img decoding=\"async\" class=\"alignnone wp-image-8168\" src=\"https:\/\/www.piumacare.com\/wp-content\/uploads\/2021\/07\/icone_colore_Tavola-disegno-1-copia-5.svg\" alt=\"\" width=\"55\" height=\"55\" \/><\/a><a href=\"https:\/\/www.piumacare.com\/es\/product\/smilebox-nude-rose\/\"><img decoding=\"async\" class=\"alignnone wp-image-8173\" src=\"https:\/\/www.piumacare.com\/wp-content\/uploads\/2021\/07\/icone_colore_Tavola-disegno-1-copia-7.svg\" alt=\"\" width=\"55\" height=\"55\" \/><\/a><\/p>\n","protected":false},"featured_media":1772,"template":"","meta":[],"product_brand":[],"product_cat":[72],"product_tag":[124],"class_list":{"0":"post-2167","1":"product","2":"type-product","3":"status-publish","4":"has-post-thumbnail","6":"product_cat-box-es","7":"product_tag-asphalt-grey-es","9":"first","10":"instock","11":"shipping-taxable","12":"purchasable","13":"product-type-variable","14":"has-default-attributes"},"yoast_head":"<!-- This site is optimized with the Yoast SEO plugin v27.1.1 - https:\/\/yoast.com\/product\/yoast-seo-wordpress\/ -->\n<title>Kit de higiene bucal con cerdas antibacterianas - Piuma Care<\/title>\n<meta name=\"description\" content=\"Kit de higiene bucal con cepillo de dientes gris con microcerdas antibacterianas y portacepillos antigoteo con calendario para una Rutina Sonrisa perfecta\" \/>\n<meta name=\"robots\" content=\"index, follow, max-snippet:-1, max-image-preview:large, max-video-preview:-1\" \/>\n<link rel=\"canonical\" href=\"https:\/\/www.piumacare.com\/es\/product\/smilebox-grey\/\" \/>\n<meta property=\"og:locale\" content=\"es_ES\" \/>\n<meta property=\"og:type\" content=\"article\" \/>\n<meta property=\"og:title\" content=\"Kit de higiene bucal con cerdas antibacterianas - Piuma Care\" \/>\n<meta property=\"og:description\" content=\"Kit de higiene bucal con cepillo de dientes gris con microcerdas antibacterianas y portacepillos antigoteo con calendario para una Rutina Sonrisa perfecta\" \/>\n<meta property=\"og:url\" content=\"https:\/\/www.piumacare.com\/es\/product\/smilebox-grey\/\" \/>\n<meta property=\"og:site_name\" content=\"Piuma Care\" \/>\n<meta property=\"article:modified_time\" content=\"2024-08-06T08:19:32+00:00\" \/>\n<meta property=\"og:image\" content=\"https:\/\/www.piumacare.com\/wp-content\/uploads\/2021\/07\/Box_SmileBox_grey.jpg\" \/>\n\t<meta property=\"og:image:width\" content=\"1000\" \/>\n\t<meta property=\"og:image:height\" content=\"1000\" \/>\n\t<meta property=\"og:image:type\" content=\"image\/jpeg\" \/>\n<meta name=\"twitter:card\" content=\"summary_large_image\" \/>\n<meta name=\"twitter:label1\" content=\"Tiempo de lectura\" \/>\n\t<meta name=\"twitter:data1\" content=\"6 minutos\" \/>\n<script type=\"application\/ld+json\" class=\"yoast-schema-graph\">{\"@context\":\"https:\/\/schema.org\",\"@graph\":[{\"@type\":\"WebPage\",\"@id\":\"https:\/\/www.piumacare.com\/es\/product\/smilebox-grey\/\",\"url\":\"https:\/\/www.piumacare.com\/es\/product\/smilebox-grey\/\",\"name\":\"Kit de higiene bucal con cerdas antibacterianas - Piuma Care\",\"isPartOf\":{\"@id\":\"https:\/\/www.piumacare.com\/es\/#website\"},\"primaryImageOfPage\":{\"@id\":\"https:\/\/www.piumacare.com\/es\/product\/smilebox-grey\/#primaryimage\"},\"image\":{\"@id\":\"https:\/\/www.piumacare.com\/es\/product\/smilebox-grey\/#primaryimage\"},\"thumbnailUrl\":\"https:\/\/www.piumacare.com\/wp-content\/uploads\/2021\/07\/Box_SmileBox_grey.jpg\",\"datePublished\":\"2021-07-12T11:24:25+00:00\",\"dateModified\":\"2024-08-06T08:19:32+00:00\",\"description\":\"Kit de higiene bucal con cepillo de dientes gris con microcerdas antibacterianas y portacepillos antigoteo con calendario para una Rutina Sonrisa perfecta\",\"breadcrumb\":{\"@id\":\"https:\/\/www.piumacare.com\/es\/product\/smilebox-grey\/#breadcrumb\"},\"inLanguage\":\"es\",\"potentialAction\":[{\"@type\":\"ReadAction\",\"target\":[\"https:\/\/www.piumacare.com\/es\/product\/smilebox-grey\/\"]}]},{\"@type\":\"ImageObject\",\"inLanguage\":\"es\",\"@id\":\"https:\/\/www.piumacare.com\/es\/product\/smilebox-grey\/#primaryimage\",\"url\":\"https:\/\/www.piumacare.com\/wp-content\/uploads\/2021\/07\/Box_SmileBox_grey.jpg\",\"contentUrl\":\"https:\/\/www.piumacare.com\/wp-content\/uploads\/2021\/07\/Box_SmileBox_grey.jpg\",\"width\":1000,\"height\":1000,\"caption\":\"Piuma Care SmileBox grey\"},{\"@type\":\"BreadcrumbList\",\"@id\":\"https:\/\/www.piumacare.com\/es\/product\/smilebox-grey\/#breadcrumb\",\"itemListElement\":[{\"@type\":\"ListItem\",\"position\":1,\"name\":\"Home\",\"item\":\"https:\/\/www.piumacare.com\/es\/home-es\/\"},{\"@type\":\"ListItem\",\"position\":2,\"name\":\"Tienda\",\"item\":\"https:\/\/www.piumacare.com\/es\/tienda\/\"},{\"@type\":\"ListItem\",\"position\":3,\"name\":\"SmileBox\"}]},{\"@type\":\"WebSite\",\"@id\":\"https:\/\/www.piumacare.com\/es\/#website\",\"url\":\"https:\/\/www.piumacare.com\/es\/\",\"name\":\"Piuma Care\",\"description\":\"La scienza del sorriso\",\"potentialAction\":[{\"@type\":\"SearchAction\",\"target\":{\"@type\":\"EntryPoint\",\"urlTemplate\":\"https:\/\/www.piumacare.com\/es\/?s={search_term_string}\"},\"query-input\":{\"@type\":\"PropertyValueSpecification\",\"valueRequired\":true,\"valueName\":\"search_term_string\"}}],\"inLanguage\":\"es\"}]}<\/script>\n<!-- \/ Yoast SEO plugin. -->","yoast_head_json":{"title":"Kit de higiene bucal con cerdas antibacterianas - Piuma Care","description":"Kit de higiene bucal con cepillo de dientes gris con microcerdas antibacterianas y portacepillos antigoteo con calendario para una Rutina Sonrisa perfecta","robots":{"index":"index","follow":"follow","max-snippet":"max-snippet:-1","max-image-preview":"max-image-preview:large","max-video-preview":"max-video-preview:-1"},"canonical":"https:\/\/www.piumacare.com\/es\/product\/smilebox-grey\/","og_locale":"es_ES","og_type":"article","og_title":"Kit de higiene bucal con cerdas antibacterianas - Piuma Care","og_description":"Kit de higiene bucal con cepillo de dientes gris con microcerdas antibacterianas y portacepillos antigoteo con calendario para una Rutina Sonrisa perfecta","og_url":"https:\/\/www.piumacare.com\/es\/product\/smilebox-grey\/","og_site_name":"Piuma Care","article_modified_time":"2024-08-06T08:19:32+00:00","og_image":[{"width":1000,"height":1000,"url":"https:\/\/www.piumacare.com\/wp-content\/uploads\/2021\/07\/Box_SmileBox_grey.jpg","type":"image\/jpeg"}],"twitter_card":"summary_large_image","twitter_misc":{"Tiempo de lectura":"6 minutos"},"schema":{"@context":"https:\/\/schema.org","@graph":[{"@type":"WebPage","@id":"https:\/\/www.piumacare.com\/es\/product\/smilebox-grey\/","url":"https:\/\/www.piumacare.com\/es\/product\/smilebox-grey\/","name":"Kit de higiene bucal con cerdas antibacterianas - Piuma Care","isPartOf":{"@id":"https:\/\/www.piumacare.com\/es\/#website"},"primaryImageOfPage":{"@id":"https:\/\/www.piumacare.com\/es\/product\/smilebox-grey\/#primaryimage"},"image":{"@id":"https:\/\/www.piumacare.com\/es\/product\/smilebox-grey\/#primaryimage"},"thumbnailUrl":"https:\/\/www.piumacare.com\/wp-content\/uploads\/2021\/07\/Box_SmileBox_grey.jpg","datePublished":"2021-07-12T11:24:25+00:00","dateModified":"2024-08-06T08:19:32+00:00","description":"Kit de higiene bucal con cepillo de dientes gris con microcerdas antibacterianas y portacepillos antigoteo con calendario para una Rutina Sonrisa perfecta","breadcrumb":{"@id":"https:\/\/www.piumacare.com\/es\/product\/smilebox-grey\/#breadcrumb"},"inLanguage":"es","potentialAction":[{"@type":"ReadAction","target":["https:\/\/www.piumacare.com\/es\/product\/smilebox-grey\/"]}]},{"@type":"ImageObject","inLanguage":"es","@id":"https:\/\/www.piumacare.com\/es\/product\/smilebox-grey\/#primaryimage","url":"https:\/\/www.piumacare.com\/wp-content\/uploads\/2021\/07\/Box_SmileBox_grey.jpg","contentUrl":"https:\/\/www.piumacare.com\/wp-content\/uploads\/2021\/07\/Box_SmileBox_grey.jpg","width":1000,"height":1000,"caption":"Piuma Care SmileBox grey"},{"@type":"BreadcrumbList","@id":"https:\/\/www.piumacare.com\/es\/product\/smilebox-grey\/#breadcrumb","itemListElement":[{"@type":"ListItem","position":1,"name":"Home","item":"https:\/\/www.piumacare.com\/es\/home-es\/"},{"@type":"ListItem","position":2,"name":"Tienda","item":"https:\/\/www.piumacare.com\/es\/tienda\/"},{"@type":"ListItem","position":3,"name":"SmileBox"}]},{"@type":"WebSite","@id":"https:\/\/www.piumacare.com\/es\/#website","url":"https:\/\/www.piumacare.com\/es\/","name":"Piuma Care","description":"La scienza del sorriso","potentialAction":[{"@type":"SearchAction","target":{"@type":"EntryPoint","urlTemplate":"https:\/\/www.piumacare.com\/es\/?s={search_term_string}"},"query-input":{"@type":"PropertyValueSpecification","valueRequired":true,"valueName":"search_term_string"}}],"inLanguage":"es"}]}},"_links":{"self":[{"href":"https:\/\/www.piumacare.com\/es\/wp-json\/wp\/v2\/product\/2167","targetHints":{"allow":["GET"]}}],"collection":[{"href":"https:\/\/www.piumacare.com\/es\/wp-json\/wp\/v2\/product"}],"about":[{"href":"https:\/\/www.piumacare.com\/es\/wp-json\/wp\/v2\/types\/product"}],"wp:featuredmedia":[{"embeddable":true,"href":"https:\/\/www.piumacare.com\/es\/wp-json\/wp\/v2\/media\/1772"}],"wp:attachment":[{"href":"https:\/\/www.piumacare.com\/es\/wp-json\/wp\/v2\/media?parent=2167"}],"wp:term":[{"taxonomy":"product_brand","embeddable":true,"href":"https:\/\/www.piumacare.com\/es\/wp-json\/wp\/v2\/product_brand?post=2167"},{"taxonomy":"product_cat","embeddable":true,"href":"https:\/\/www.piumacare.com\/es\/wp-json\/wp\/v2\/product_cat?post=2167"},{"taxonomy":"product_tag","embeddable":true,"href":"https:\/\/www.piumacare.com\/es\/wp-json\/wp\/v2\/product_tag?post=2167"}],"curies":[{"name":"wp","href":"https:\/\/api.w.org\/{rel}","templated":true}]}}