{"id":2219,"date":"2021-07-12T12:44:20","date_gmt":"2021-07-12T10:44:20","guid":{"rendered":"https:\/\/piumacare.com\/product\/pure-white\/"},"modified":"2024-09-17T11:45:00","modified_gmt":"2024-09-17T09:45:00","slug":"pure-white","status":"publish","type":"product","link":"https:\/\/www.piumacare.com\/es\/product\/pure-white\/","title":{"rendered":"Pure White"},"content":{"rendered":"<div class=\"fusion-fullwidth fullwidth-box fusion-builder-row-1 fusion-flex-container hundred-percent-fullwidth non-hundred-percent-height-scrolling\" style=\"--awb-border-radius-top-left:0px;--awb-border-radius-top-right:0px;--awb-border-radius-bottom-right:0px;--awb-border-radius-bottom-left:0px;--awb-flex-wrap:wrap;\" ><div class=\"fusion-builder-row fusion-row fusion-flex-align-items-flex-start fusion-flex-justify-content-center fusion-flex-content-wrap\" style=\"width:104% !important;max-width:104% !important;margin-left: calc(-4% \/ 2 );margin-right: calc(-4% \/ 2 );\"><div class=\"fusion-layout-column fusion_builder_column fusion-builder-column-0 fusion_builder_column_1_1 1_1 fusion-flex-column\" style=\"--awb-bg-size:cover;--awb-width-large:100%;--awb-margin-top-large:0px;--awb-spacing-right-large:1.92%;--awb-margin-bottom-large:20px;--awb-spacing-left-large:1.92%;--awb-width-medium:100%;--awb-order-medium:0;--awb-spacing-right-medium:1.92%;--awb-spacing-left-medium:1.92%;--awb-width-small:100%;--awb-order-small:0;--awb-spacing-right-small:1.92%;--awb-spacing-left-small:1.92%;\"><div class=\"fusion-column-wrapper fusion-column-has-shadow fusion-flex-justify-content-flex-start fusion-content-layout-column\"><div class=\"accordian fusion-accordian\" style=\"--awb-border-size:1px;--awb-icon-size:13px;--awb-content-font-size:16px;--awb-icon-alignment:left;--awb-hover-color:#f9f9fb;--awb-border-color:#e2e2e2;--awb-background-color:#ffffff;--awb-divider-color:#e2e2e2;--awb-divider-hover-color:#e2e2e2;--awb-icon-color:#000000;--awb-title-color:#212934;--awb-content-color:#000000;--awb-icon-box-color:rgba(255,255,255,0);--awb-toggle-hover-accent-color:#898989;--awb-title-font-family:&quot;Manrope&quot;;--awb-title-font-weight:regular;--awb-title-font-style:normal;--awb-content-font-family:&quot;Manrope&quot;;--awb-content-font-style:normal;--awb-content-font-weight:regular;\"><div class=\"panel-group fusion-toggle-icon-boxed\" id=\"accordion-2219-1\"><div class=\"fusion-panel panel-default panel-23e6eae02cf83f84f fusion-toggle-has-divider\"><div class=\"panel-heading\"><h4 class=\"panel-title toggle\" id=\"toggle_23e6eae02cf83f84f\"><a aria-expanded=\"false\" aria-controls=\"23e6eae02cf83f84f\" role=\"button\" data-toggle=\"collapse\" data-parent=\"#accordion-2219-1\" data-target=\"#23e6eae02cf83f84f\" href=\"#23e6eae02cf83f84f\"><span class=\"fusion-toggle-icon-wrapper\" aria-hidden=\"true\"><i class=\"fa-fusion-box active-icon awb-icon-minus\" aria-hidden=\"true\"><\/i><i class=\"fa-fusion-box inactive-icon awb-icon-plus\" aria-hidden=\"true\"><\/i><\/span><span class=\"fusion-toggle-heading\">\u00bfLos precios del sitio web incluyen el IVA?<\/span><\/a><\/h4><\/div><div id=\"23e6eae02cf83f84f\" class=\"panel-collapse collapse \" aria-labelledby=\"toggle_23e6eae02cf83f84f\"><div class=\"panel-body toggle-content fusion-clearfix\">\n<p>S\u00ed, todos los precios incluyen el IVA.<\/p>\n<\/div><\/div><\/div><div class=\"fusion-panel panel-default panel-82bf2cbc3454449e9 fusion-toggle-has-divider\"><div class=\"panel-heading\"><h4 class=\"panel-title toggle\" id=\"toggle_82bf2cbc3454449e9\"><a aria-expanded=\"false\" aria-controls=\"82bf2cbc3454449e9\" role=\"button\" data-toggle=\"collapse\" data-parent=\"#accordion-2219-1\" data-target=\"#82bf2cbc3454449e9\" href=\"#82bf2cbc3454449e9\"><span class=\"fusion-toggle-icon-wrapper\" aria-hidden=\"true\"><i class=\"fa-fusion-box active-icon awb-icon-minus\" aria-hidden=\"true\"><\/i><i class=\"fa-fusion-box inactive-icon awb-icon-plus\" aria-hidden=\"true\"><\/i><\/span><span class=\"fusion-toggle-heading\">\u00bfCu\u00e1l es la pol\u00edtica de devoluciones y reembolsos?<\/span><\/a><\/h4><\/div><div id=\"82bf2cbc3454449e9\" class=\"panel-collapse collapse \" aria-labelledby=\"toggle_82bf2cbc3454449e9\"><div class=\"panel-body toggle-content fusion-clearfix\">\n<p>Tiene la opci\u00f3n de devolver cualquier art\u00edculo pedido en un plazo de 30 d\u00edas a partir de la fecha de recepci\u00f3n.<br \/>\nCuando devuelva el art\u00edculo o los art\u00edculos, col\u00f3quelos en su embalaje original, acompa\u00f1ados de los accesorios y documentos provistos, y adjunte el formulario de entrega. Le recomendamos que tome todas las precauciones posibles para garantizar la integridad del producto devuelto.<br \/>\nLos art\u00edculos no devueltos, devueltos incompletos, deteriorados, sucios o en cualquier otra condici\u00f3n que pueda sugerir razonablemente que han sido utilizados, no ser\u00e1n reembolsados ni reemplazados, as\u00ed como los art\u00edculos precintados que hayan sido abiertos despu\u00e9s de la entrega, por razones higi\u00e9nicas o de protecci\u00f3n de la salud.<\/p>\n<\/div><\/div><\/div><div class=\"fusion-panel panel-default panel-cfb39eb1021f41b41 fusion-toggle-has-divider\"><div class=\"panel-heading\"><h4 class=\"panel-title toggle\" id=\"toggle_cfb39eb1021f41b41\"><a aria-expanded=\"false\" aria-controls=\"cfb39eb1021f41b41\" role=\"button\" data-toggle=\"collapse\" data-parent=\"#accordion-2219-1\" data-target=\"#cfb39eb1021f41b41\" href=\"#cfb39eb1021f41b41\"><span class=\"fusion-toggle-icon-wrapper\" aria-hidden=\"true\"><i class=\"fa-fusion-box active-icon awb-icon-minus\" aria-hidden=\"true\"><\/i><i class=\"fa-fusion-box inactive-icon awb-icon-plus\" aria-hidden=\"true\"><\/i><\/span><span class=\"fusion-toggle-heading\">\u00bfDe d\u00f3nde proceden los productos P I U M A?<\/span><\/a><\/h4><\/div><div id=\"cfb39eb1021f41b41\" class=\"panel-collapse collapse \" aria-labelledby=\"toggle_cfb39eb1021f41b41\"><div class=\"panel-body toggle-content fusion-clearfix\">\n<p>Los productos PIUMA se dise\u00f1an y fabrican en Italia.<\/p>\n<\/div><\/div><\/div><div class=\"fusion-panel panel-default panel-96fac6c8cea8a4c7f fusion-toggle-has-divider\"><div class=\"panel-heading\"><h4 class=\"panel-title toggle\" id=\"toggle_96fac6c8cea8a4c7f\"><a aria-expanded=\"false\" aria-controls=\"96fac6c8cea8a4c7f\" role=\"button\" data-toggle=\"collapse\" data-parent=\"#accordion-2219-1\" data-target=\"#96fac6c8cea8a4c7f\" href=\"#96fac6c8cea8a4c7f\"><span class=\"fusion-toggle-icon-wrapper\" aria-hidden=\"true\"><i class=\"fa-fusion-box active-icon awb-icon-minus\" aria-hidden=\"true\"><\/i><i class=\"fa-fusion-box inactive-icon awb-icon-plus\" aria-hidden=\"true\"><\/i><\/span><span class=\"fusion-toggle-heading\">\u00bfQu\u00e9 tipo de cepillo de dientes debo utilizar?<\/span><\/a><\/h4><\/div><div id=\"96fac6c8cea8a4c7f\" class=\"panel-collapse collapse \" aria-labelledby=\"toggle_96fac6c8cea8a4c7f\"><div class=\"panel-body toggle-content fusion-clearfix\">\n<p>El cepillo de dientes con cerdas medianas es adecuado para aquellos que no tienen dientes y enc\u00edas sensibles, de lo contrario recomendamos el cepillo de dientes con cerdas suaves.<\/p>\n<\/div><\/div><\/div><div class=\"fusion-panel panel-default panel-3dde7309d6264e251 fusion-toggle-has-divider\"><div class=\"panel-heading\"><h4 class=\"panel-title toggle\" id=\"toggle_3dde7309d6264e251\"><a aria-expanded=\"false\" aria-controls=\"3dde7309d6264e251\" role=\"button\" data-toggle=\"collapse\" data-parent=\"#accordion-2219-1\" data-target=\"#3dde7309d6264e251\" href=\"#3dde7309d6264e251\"><span class=\"fusion-toggle-icon-wrapper\" aria-hidden=\"true\"><i class=\"fa-fusion-box active-icon awb-icon-minus\" aria-hidden=\"true\"><\/i><i class=\"fa-fusion-box inactive-icon awb-icon-plus\" aria-hidden=\"true\"><\/i><\/span><span class=\"fusion-toggle-heading\">\u00bfCon qu\u00e9 frecuencia debo cambiar mi cepillo de dientes?<\/span><\/a><\/h4><\/div><div id=\"3dde7309d6264e251\" class=\"panel-collapse collapse \" aria-labelledby=\"toggle_3dde7309d6264e251\"><div class=\"panel-body toggle-content fusion-clearfix\">\n<p>Se recomienda cambiar el cepillo de dientes cada 3 meses. Hemos dispuesto un \u00abcalendario\u00bb en la parte posterior de la Base de Apoyo, que sugiere cu\u00e1ndo sustituir el cepillo de dientes.<\/p>\n<\/div><\/div><\/div><\/div><\/div><\/div><\/div><\/div><\/div>\n","protected":false},"excerpt":{"rendered":"<div class=\"info-description\">\n<div class=\"info-description\">\n<div class=\"info-description\">\n<div class=\"info-description\">\n<p>El dent\u00edfrico anticaries con acci\u00f3n multivitam\u00ednica<br \/>\n75ml<\/p>\n<p><strong>Qu\u00e9 es<\/strong>:<br \/>\nEnriquecido con vitaminas A, B, C, PURE WHITE es un eficaz dent\u00edfrico antioxidante y protector, ideal para una correcta higiene bucal. Limpia los dientes en profundidad, combate la formaci\u00f3n de placa y, gracias a la acci\u00f3n del fl\u00faor, previene la aparici\u00f3n de caries.<\/p>\n<p><strong>Caracter\u00edsticas<\/strong>:<\/p>\n<ul>\n<li>Formulaci\u00f3n especial enriquecida con vitaminas A, B, C<\/li>\n<li>Acci\u00f3n anticaries y antiplaca probada<\/li>\n<li>Sabor a menta fresca<\/li>\n<li>100% Fabricado en Italia<\/li>\n<li>Probado cl\u00ednicamente bajo control dental<\/li>\n<li>CTextura fresca y ligera como el agua, c\u00f3moda como una emulsi\u00f3n<\/li>\n<\/ul>\n<p><img decoding=\"async\" class=\"alignnone wp-image-8117\" src=\"https:\/\/www.piumacare.com\/wp-content\/uploads\/2021\/07\/Tavola-disegno-1-4.svg\" alt=\"\" width=\"241\" height=\"104\" \/><\/p>\n<p><strong>Extra:<\/strong> \u00a1El innovador envase \u00abairless\u00bb (sin aire) de los dent\u00edfricos Piuma garantiza el uso de todo el producto sin desperdicio!<\/p>\n<p><strong>Inci:\u00a0<\/strong>Aqua, Hydrogenated Starch Hydrolysate, Hydrated Silica, PEG-32, Cellulose Gum, Aroma, Retinyl Acetate, Panthenol, Sodium Ascorbyl Phosphate, Sodium Lauryl Sulfate, Sodium Saccharin,Sodium Fluoride, Phenoxyethanol, Ethylhexylglycerin,CI 74260, Limonene<\/p>\n<\/div>\n<\/div>\n<\/div>\n<\/div>\n","protected":false},"featured_media":1712,"template":"","meta":[],"product_brand":[],"product_cat":[100],"product_tag":[125],"class_list":{"0":"post-2219","1":"product","2":"type-product","3":"status-publish","4":"has-post-thumbnail","6":"product_cat-dentifrico","7":"product_tag-anti-caries","9":"first","10":"instock","11":"shipping-taxable","12":"purchasable","13":"product-type-simple"},"yoast_head":"<!-- This site is optimized with the Yoast SEO plugin v27.4 - https:\/\/yoast.com\/product\/yoast-seo-wordpress\/ -->\n<title>PURE WHITE: el dent\u00edfrico anticaries con fl\u00faor de Piuma Care<\/title>\n<meta name=\"description\" content=\"Pasta dent\u00edfrica anticaries fluorada enriquecida con vitaminas A, B, C para una higiene bucal en profundidad. Bonito a la vista y c\u00f3modo de usar\" \/>\n<meta name=\"robots\" content=\"index, follow, max-snippet:-1, max-image-preview:large, max-video-preview:-1\" \/>\n<link rel=\"canonical\" href=\"https:\/\/www.piumacare.com\/es\/product\/pure-white\/\" \/>\n<meta property=\"og:locale\" content=\"es_ES\" \/>\n<meta property=\"og:type\" content=\"article\" \/>\n<meta property=\"og:title\" content=\"PURE WHITE: el dent\u00edfrico anticaries con fl\u00faor de Piuma Care\" \/>\n<meta property=\"og:description\" content=\"Pasta dent\u00edfrica anticaries fluorada enriquecida con vitaminas A, B, C para una higiene bucal en profundidad. Bonito a la vista y c\u00f3modo de usar\" \/>\n<meta property=\"og:url\" content=\"https:\/\/www.piumacare.com\/es\/product\/pure-white\/\" \/>\n<meta property=\"og:site_name\" content=\"Piuma Care\" \/>\n<meta property=\"article:modified_time\" content=\"2024-09-17T09:45:00+00:00\" \/>\n<meta property=\"og:image\" content=\"https:\/\/www.piumacare.com\/wp-content\/uploads\/2021\/06\/Pure-White.png\" \/>\n\t<meta property=\"og:image:width\" content=\"1000\" \/>\n\t<meta property=\"og:image:height\" content=\"1000\" \/>\n\t<meta property=\"og:image:type\" content=\"image\/png\" \/>\n<meta name=\"twitter:card\" content=\"summary_large_image\" \/>\n<meta name=\"twitter:label1\" content=\"Tiempo de lectura\" \/>\n\t<meta name=\"twitter:data1\" content=\"5 minutos\" \/>\n<script type=\"application\/ld+json\" class=\"yoast-schema-graph\">{\"@context\":\"https:\\\/\\\/schema.org\",\"@graph\":[{\"@type\":\"WebPage\",\"@id\":\"https:\\\/\\\/www.piumacare.com\\\/es\\\/product\\\/pure-white\\\/\",\"url\":\"https:\\\/\\\/www.piumacare.com\\\/es\\\/product\\\/pure-white\\\/\",\"name\":\"PURE WHITE: el dent\u00edfrico anticaries con fl\u00faor de Piuma Care\",\"isPartOf\":{\"@id\":\"https:\\\/\\\/www.piumacare.com\\\/es\\\/#website\"},\"primaryImageOfPage\":{\"@id\":\"https:\\\/\\\/www.piumacare.com\\\/es\\\/product\\\/pure-white\\\/#primaryimage\"},\"image\":{\"@id\":\"https:\\\/\\\/www.piumacare.com\\\/es\\\/product\\\/pure-white\\\/#primaryimage\"},\"thumbnailUrl\":\"https:\\\/\\\/www.piumacare.com\\\/wp-content\\\/uploads\\\/2021\\\/06\\\/Pure-White.png\",\"datePublished\":\"2021-07-12T10:44:20+00:00\",\"dateModified\":\"2024-09-17T09:45:00+00:00\",\"description\":\"Pasta dent\u00edfrica anticaries fluorada enriquecida con vitaminas A, B, C para una higiene bucal en profundidad. Bonito a la vista y c\u00f3modo de usar\",\"breadcrumb\":{\"@id\":\"https:\\\/\\\/www.piumacare.com\\\/es\\\/product\\\/pure-white\\\/#breadcrumb\"},\"inLanguage\":\"es\",\"potentialAction\":[{\"@type\":\"ReadAction\",\"target\":[\"https:\\\/\\\/www.piumacare.com\\\/es\\\/product\\\/pure-white\\\/\"]}]},{\"@type\":\"ImageObject\",\"inLanguage\":\"es\",\"@id\":\"https:\\\/\\\/www.piumacare.com\\\/es\\\/product\\\/pure-white\\\/#primaryimage\",\"url\":\"https:\\\/\\\/www.piumacare.com\\\/wp-content\\\/uploads\\\/2021\\\/06\\\/Pure-White.png\",\"contentUrl\":\"https:\\\/\\\/www.piumacare.com\\\/wp-content\\\/uploads\\\/2021\\\/06\\\/Pure-White.png\",\"width\":1000,\"height\":1000,\"caption\":\"Dentifricio Pure White di Piuma Care\"},{\"@type\":\"BreadcrumbList\",\"@id\":\"https:\\\/\\\/www.piumacare.com\\\/es\\\/product\\\/pure-white\\\/#breadcrumb\",\"itemListElement\":[{\"@type\":\"ListItem\",\"position\":1,\"name\":\"Home\",\"item\":\"https:\\\/\\\/www.piumacare.com\\\/es\\\/home-es\\\/\"},{\"@type\":\"ListItem\",\"position\":2,\"name\":\"Tienda\",\"item\":\"https:\\\/\\\/www.piumacare.com\\\/es\\\/tienda\\\/\"},{\"@type\":\"ListItem\",\"position\":3,\"name\":\"Pure White\"}]},{\"@type\":\"WebSite\",\"@id\":\"https:\\\/\\\/www.piumacare.com\\\/es\\\/#website\",\"url\":\"https:\\\/\\\/www.piumacare.com\\\/es\\\/\",\"name\":\"Piuma Care\",\"description\":\"La scienza del sorriso\",\"potentialAction\":[{\"@type\":\"SearchAction\",\"target\":{\"@type\":\"EntryPoint\",\"urlTemplate\":\"https:\\\/\\\/www.piumacare.com\\\/es\\\/?s={search_term_string}\"},\"query-input\":{\"@type\":\"PropertyValueSpecification\",\"valueRequired\":true,\"valueName\":\"search_term_string\"}}],\"inLanguage\":\"es\"}]}<\/script>\n<!-- \/ Yoast SEO plugin. -->","yoast_head_json":{"title":"PURE WHITE: el dent\u00edfrico anticaries con fl\u00faor de Piuma Care","description":"Pasta dent\u00edfrica anticaries fluorada enriquecida con vitaminas A, B, C para una higiene bucal en profundidad. Bonito a la vista y c\u00f3modo de usar","robots":{"index":"index","follow":"follow","max-snippet":"max-snippet:-1","max-image-preview":"max-image-preview:large","max-video-preview":"max-video-preview:-1"},"canonical":"https:\/\/www.piumacare.com\/es\/product\/pure-white\/","og_locale":"es_ES","og_type":"article","og_title":"PURE WHITE: el dent\u00edfrico anticaries con fl\u00faor de Piuma Care","og_description":"Pasta dent\u00edfrica anticaries fluorada enriquecida con vitaminas A, B, C para una higiene bucal en profundidad. Bonito a la vista y c\u00f3modo de usar","og_url":"https:\/\/www.piumacare.com\/es\/product\/pure-white\/","og_site_name":"Piuma Care","article_modified_time":"2024-09-17T09:45:00+00:00","og_image":[{"width":1000,"height":1000,"url":"https:\/\/www.piumacare.com\/wp-content\/uploads\/2021\/06\/Pure-White.png","type":"image\/png"}],"twitter_card":"summary_large_image","twitter_misc":{"Tiempo de lectura":"5 minutos"},"schema":{"@context":"https:\/\/schema.org","@graph":[{"@type":"WebPage","@id":"https:\/\/www.piumacare.com\/es\/product\/pure-white\/","url":"https:\/\/www.piumacare.com\/es\/product\/pure-white\/","name":"PURE WHITE: el dent\u00edfrico anticaries con fl\u00faor de Piuma Care","isPartOf":{"@id":"https:\/\/www.piumacare.com\/es\/#website"},"primaryImageOfPage":{"@id":"https:\/\/www.piumacare.com\/es\/product\/pure-white\/#primaryimage"},"image":{"@id":"https:\/\/www.piumacare.com\/es\/product\/pure-white\/#primaryimage"},"thumbnailUrl":"https:\/\/www.piumacare.com\/wp-content\/uploads\/2021\/06\/Pure-White.png","datePublished":"2021-07-12T10:44:20+00:00","dateModified":"2024-09-17T09:45:00+00:00","description":"Pasta dent\u00edfrica anticaries fluorada enriquecida con vitaminas A, B, C para una higiene bucal en profundidad. Bonito a la vista y c\u00f3modo de usar","breadcrumb":{"@id":"https:\/\/www.piumacare.com\/es\/product\/pure-white\/#breadcrumb"},"inLanguage":"es","potentialAction":[{"@type":"ReadAction","target":["https:\/\/www.piumacare.com\/es\/product\/pure-white\/"]}]},{"@type":"ImageObject","inLanguage":"es","@id":"https:\/\/www.piumacare.com\/es\/product\/pure-white\/#primaryimage","url":"https:\/\/www.piumacare.com\/wp-content\/uploads\/2021\/06\/Pure-White.png","contentUrl":"https:\/\/www.piumacare.com\/wp-content\/uploads\/2021\/06\/Pure-White.png","width":1000,"height":1000,"caption":"Dentifricio Pure White di Piuma Care"},{"@type":"BreadcrumbList","@id":"https:\/\/www.piumacare.com\/es\/product\/pure-white\/#breadcrumb","itemListElement":[{"@type":"ListItem","position":1,"name":"Home","item":"https:\/\/www.piumacare.com\/es\/home-es\/"},{"@type":"ListItem","position":2,"name":"Tienda","item":"https:\/\/www.piumacare.com\/es\/tienda\/"},{"@type":"ListItem","position":3,"name":"Pure White"}]},{"@type":"WebSite","@id":"https:\/\/www.piumacare.com\/es\/#website","url":"https:\/\/www.piumacare.com\/es\/","name":"Piuma Care","description":"La scienza del sorriso","potentialAction":[{"@type":"SearchAction","target":{"@type":"EntryPoint","urlTemplate":"https:\/\/www.piumacare.com\/es\/?s={search_term_string}"},"query-input":{"@type":"PropertyValueSpecification","valueRequired":true,"valueName":"search_term_string"}}],"inLanguage":"es"}]}},"_links":{"self":[{"href":"https:\/\/www.piumacare.com\/es\/wp-json\/wp\/v2\/product\/2219","targetHints":{"allow":["GET"]}}],"collection":[{"href":"https:\/\/www.piumacare.com\/es\/wp-json\/wp\/v2\/product"}],"about":[{"href":"https:\/\/www.piumacare.com\/es\/wp-json\/wp\/v2\/types\/product"}],"wp:featuredmedia":[{"embeddable":true,"href":"https:\/\/www.piumacare.com\/es\/wp-json\/wp\/v2\/media\/1712"}],"wp:attachment":[{"href":"https:\/\/www.piumacare.com\/es\/wp-json\/wp\/v2\/media?parent=2219"}],"wp:term":[{"taxonomy":"product_brand","embeddable":true,"href":"https:\/\/www.piumacare.com\/es\/wp-json\/wp\/v2\/product_brand?post=2219"},{"taxonomy":"product_cat","embeddable":true,"href":"https:\/\/www.piumacare.com\/es\/wp-json\/wp\/v2\/product_cat?post=2219"},{"taxonomy":"product_tag","embeddable":true,"href":"https:\/\/www.piumacare.com\/es\/wp-json\/wp\/v2\/product_tag?post=2219"}],"curies":[{"name":"wp","href":"https:\/\/api.w.org\/{rel}","templated":true}]}}