{"id":5198,"date":"2021-11-16T17:35:43","date_gmt":"2021-11-16T16:35:43","guid":{"rendered":"https:\/\/www.piumacare.com\/?post_type=product&#038;p=5198"},"modified":"2025-04-21T18:51:58","modified_gmt":"2025-04-21T16:51:58","slug":"black-bernini-marble-base","status":"publish","type":"product","link":"https:\/\/www.piumacare.com\/es\/product\/black-bernini-marble-base\/","title":{"rendered":"Base de M\u00e1rmol Bernini"},"content":{"rendered":"<div class=\"fusion-fullwidth fullwidth-box fusion-builder-row-1 fusion-flex-container hundred-percent-fullwidth non-hundred-percent-height-scrolling\" style=\"--awb-border-radius-top-left:0px;--awb-border-radius-top-right:0px;--awb-border-radius-bottom-right:0px;--awb-border-radius-bottom-left:0px;--awb-flex-wrap:wrap;\" ><div class=\"fusion-builder-row fusion-row fusion-flex-align-items-flex-start fusion-flex-justify-content-center fusion-flex-content-wrap\" style=\"width:104% !important;max-width:104% !important;margin-left: calc(-4% \/ 2 );margin-right: calc(-4% \/ 2 );\"><div class=\"fusion-layout-column fusion_builder_column fusion-builder-column-0 fusion_builder_column_1_1 1_1 fusion-flex-column\" style=\"--awb-bg-size:cover;--awb-width-large:100%;--awb-margin-top-large:0px;--awb-spacing-right-large:1.92%;--awb-margin-bottom-large:20px;--awb-spacing-left-large:1.92%;--awb-width-medium:100%;--awb-order-medium:0;--awb-spacing-right-medium:1.92%;--awb-spacing-left-medium:1.92%;--awb-width-small:100%;--awb-order-small:0;--awb-spacing-right-small:1.92%;--awb-spacing-left-small:1.92%;\"><div class=\"fusion-column-wrapper fusion-column-has-shadow fusion-flex-justify-content-flex-start fusion-content-layout-column\"><div class=\"accordian fusion-accordian\" style=\"--awb-border-size:1px;--awb-icon-size:13px;--awb-content-font-size:16px;--awb-icon-alignment:left;--awb-hover-color:#f9f9fb;--awb-border-color:#e2e2e2;--awb-background-color:#ffffff;--awb-divider-color:#e2e2e2;--awb-divider-hover-color:#e2e2e2;--awb-icon-color:#000000;--awb-title-color:#212934;--awb-content-color:#000000;--awb-icon-box-color:rgba(255,255,255,0);--awb-toggle-hover-accent-color:#898989;--awb-title-font-family:&quot;Manrope&quot;;--awb-title-font-weight:regular;--awb-title-font-style:normal;--awb-content-font-family:&quot;Manrope&quot;;--awb-content-font-style:normal;--awb-content-font-weight:regular;\"><div class=\"panel-group fusion-toggle-icon-boxed\" id=\"accordion-5198-1\"><div class=\"fusion-panel panel-default panel-1221b274813896c67 fusion-toggle-has-divider\"><div class=\"panel-heading\"><h4 class=\"panel-title toggle\" id=\"toggle_1221b274813896c67\"><a aria-expanded=\"false\" aria-controls=\"1221b274813896c67\" role=\"button\" data-toggle=\"collapse\" data-parent=\"#accordion-5198-1\" data-target=\"#1221b274813896c67\" href=\"#1221b274813896c67\"><span class=\"fusion-toggle-icon-wrapper\" aria-hidden=\"true\"><i class=\"fa-fusion-box active-icon awb-icon-minus\" aria-hidden=\"true\"><\/i><i class=\"fa-fusion-box inactive-icon awb-icon-plus\" aria-hidden=\"true\"><\/i><\/span><span class=\"fusion-toggle-heading\">\u00bfLos precios del sitio web incluyen el IVA?<\/span><\/a><\/h4><\/div><div id=\"1221b274813896c67\" class=\"panel-collapse collapse \" aria-labelledby=\"toggle_1221b274813896c67\"><div class=\"panel-body toggle-content fusion-clearfix\">\n<p>S\u00ed, todos los precios incluyen el IVA.<\/p>\n<\/div><\/div><\/div><div class=\"fusion-panel panel-default panel-973b203657eefcff3 fusion-toggle-has-divider\"><div class=\"panel-heading\"><h4 class=\"panel-title toggle\" id=\"toggle_973b203657eefcff3\"><a aria-expanded=\"false\" aria-controls=\"973b203657eefcff3\" role=\"button\" data-toggle=\"collapse\" data-parent=\"#accordion-5198-1\" data-target=\"#973b203657eefcff3\" href=\"#973b203657eefcff3\"><span class=\"fusion-toggle-icon-wrapper\" aria-hidden=\"true\"><i class=\"fa-fusion-box active-icon awb-icon-minus\" aria-hidden=\"true\"><\/i><i class=\"fa-fusion-box inactive-icon awb-icon-plus\" aria-hidden=\"true\"><\/i><\/span><span class=\"fusion-toggle-heading\">\u00bfCu\u00e1l es la pol\u00edtica de devoluciones y reembolsos?<\/span><\/a><\/h4><\/div><div id=\"973b203657eefcff3\" class=\"panel-collapse collapse \" aria-labelledby=\"toggle_973b203657eefcff3\"><div class=\"panel-body toggle-content fusion-clearfix\">\n<p>Tiene la opci\u00f3n de devolver cualquier art\u00edculo pedido en un plazo de 30 d\u00edas a partir de la fecha de recepci\u00f3n.<br \/>\nCuando devuelva el art\u00edculo o los art\u00edculos, col\u00f3quelos en su embalaje original, acompa\u00f1ados de los accesorios y documentos provistos, y adjunte el formulario de entrega. Le recomendamos que tome todas las precauciones posibles para garantizar la integridad del producto devuelto.<br \/>\nLos art\u00edculos no devueltos, devueltos incompletos, deteriorados, sucios o en cualquier otra condici\u00f3n que pueda sugerir razonablemente que han sido utilizados, no ser\u00e1n reembolsados ni reemplazados, as\u00ed como los art\u00edculos precintados que hayan sido abiertos despu\u00e9s de la entrega, por razones higi\u00e9nicas o de protecci\u00f3n de la salud.<\/p>\n<\/div><\/div><\/div><div class=\"fusion-panel panel-default panel-010ec9611a6f5c371 fusion-toggle-has-divider\"><div class=\"panel-heading\"><h4 class=\"panel-title toggle\" id=\"toggle_010ec9611a6f5c371\"><a aria-expanded=\"false\" aria-controls=\"010ec9611a6f5c371\" role=\"button\" data-toggle=\"collapse\" data-parent=\"#accordion-5198-1\" data-target=\"#010ec9611a6f5c371\" href=\"#010ec9611a6f5c371\"><span class=\"fusion-toggle-icon-wrapper\" aria-hidden=\"true\"><i class=\"fa-fusion-box active-icon awb-icon-minus\" aria-hidden=\"true\"><\/i><i class=\"fa-fusion-box inactive-icon awb-icon-plus\" aria-hidden=\"true\"><\/i><\/span><span class=\"fusion-toggle-heading\">\u00bfDe d\u00f3nde proceden los productos PIUMA?<\/span><\/a><\/h4><\/div><div id=\"010ec9611a6f5c371\" class=\"panel-collapse collapse \" aria-labelledby=\"toggle_010ec9611a6f5c371\"><div class=\"panel-body toggle-content fusion-clearfix\">\n<p>Los productos PIUMA se dise\u00f1an y fabrican en Italia.<\/p>\n<\/div><\/div><\/div><div class=\"fusion-panel panel-default panel-d86177ed562f24e46 fusion-toggle-has-divider\"><div class=\"panel-heading\"><h4 class=\"panel-title toggle\" id=\"toggle_d86177ed562f24e46\"><a aria-expanded=\"false\" aria-controls=\"d86177ed562f24e46\" role=\"button\" data-toggle=\"collapse\" data-parent=\"#accordion-5198-1\" data-target=\"#d86177ed562f24e46\" href=\"#d86177ed562f24e46\"><span class=\"fusion-toggle-icon-wrapper\" aria-hidden=\"true\"><i class=\"fa-fusion-box active-icon awb-icon-minus\" aria-hidden=\"true\"><\/i><i class=\"fa-fusion-box inactive-icon awb-icon-plus\" aria-hidden=\"true\"><\/i><\/span><span class=\"fusion-toggle-heading\">\u00bfQu\u00e9 tipo de cepillo de dientes debo utilizar?<\/span><\/a><\/h4><\/div><div id=\"d86177ed562f24e46\" class=\"panel-collapse collapse \" aria-labelledby=\"toggle_d86177ed562f24e46\"><div class=\"panel-body toggle-content fusion-clearfix\">\n<p>El cepillo de dientes con cerdas medianas es adecuado para aquellos que no tienen dientes y enc\u00edas sensibles, de lo contrario recomendamos el cepillo de dientes con cerdas suaves.<\/p>\n<\/div><\/div><\/div><div class=\"fusion-panel panel-default panel-fe7a0937a4621b1fd fusion-toggle-has-divider\"><div class=\"panel-heading\"><h4 class=\"panel-title toggle\" id=\"toggle_fe7a0937a4621b1fd\"><a aria-expanded=\"false\" aria-controls=\"fe7a0937a4621b1fd\" role=\"button\" data-toggle=\"collapse\" data-parent=\"#accordion-5198-1\" data-target=\"#fe7a0937a4621b1fd\" href=\"#fe7a0937a4621b1fd\"><span class=\"fusion-toggle-icon-wrapper\" aria-hidden=\"true\"><i class=\"fa-fusion-box active-icon awb-icon-minus\" aria-hidden=\"true\"><\/i><i class=\"fa-fusion-box inactive-icon awb-icon-plus\" aria-hidden=\"true\"><\/i><\/span><span class=\"fusion-toggle-heading\">\u00bfCon qu\u00e9 frecuencia debo cambiar mi cepillo de dientes?<\/span><\/a><\/h4><\/div><div id=\"fe7a0937a4621b1fd\" class=\"panel-collapse collapse \" aria-labelledby=\"toggle_fe7a0937a4621b1fd\"><div class=\"panel-body toggle-content fusion-clearfix\">\n<p>Se recomienda cambiar el cepillo de dientes cada 3 meses. Hemos dispuesto un \u00abcalendario\u00bb en la parte posterior de la Base de Apoyo, que sugiere cu\u00e1ndo sustituir el cepillo de dientes.<\/p>\n<\/div><\/div><\/div><\/div><\/div><\/div><\/div><\/div><\/div>\n","protected":false},"excerpt":{"rendered":"<p><strong>Qu\u00e9 es<\/strong>: El dise\u00f1o y la ciencia se combinan en Bernini, la base exclusiva hecha de m\u00e1rmol<br \/>de Carrara. Terminada manualmente, sus formas suaves y esenciales a\u00f1aden un toque de<br \/>dise\u00f1o elegante y refinado a cualquier ba\u00f1o. <\/p>\n[fusion_accordion type=\"\" inactive_icon=\"fa-angle-down fas\" active_icon=\"fa-angle-up fas\" margin_top=\"\" margin_bottom=\"20px\" hide_on_mobile=\"small-visibility,medium-visibility,large-visibility\" class=\"\" id=\"\" boxed_mode=\"\" border_size=\"1\" border_color=\"\" hue=\"\" saturation=\"\" lightness=\"\" alpha=\"\" hover_color=\"\" background_color=\"\" divider_line=\"no\" divider_hover_color=\"\" divider_color=\"\" padding_top=\"\" padding_right=\"\" padding_bottom=\"\" padding_left=\"\" title_tag=\"h4\" fusion_font_family_title_font=\"Manrope\" fusion_font_variant_title_font=\"400\" title_font_size=\"13px\" title_line_height=\"1.3\" title_letter_spacing=\"\" title_text_transform=\"\" title_color=\"var(--awb-color6)\" icon_size=\"12\" icon_color=\"var(--awb-color5)\" icon_boxed_mode=\"no\" icon_box_color=\"\" icon_alignment=\"\" fusion_font_family_content_font=\"Manrope\" fusion_font_variant_content_font=\"400\" content_font_size=\"13\" content_line_height=\"1.3\" content_letter_spacing=\"\" content_text_transform=\"\" content_color=\"var(--awb-color6)\" toggle_hover_accent_color=\"#0093b5\" toggle_active_accent_color=\"var(--awb-color8)\" parent_dynamic_content=\"\"][fusion_toggle title=\"descubrir m\u00e1s\" open=\"no\" awb-switch-editor-focus=\"\" class=\"\" id=\"\" fusion_font_family_title_font=\"Manrope\" fusion_font_variant_title_font=\"400\" title_font_size=\"13px\" title_line_height=\"1.3\" title_letter_spacing=\"\" title_text_transform=\"\" title_color=\"var(--awb-color8)\" hue=\"\" saturation=\"\" lightness=\"\" alpha=\"\" fusion_font_family_content_font=\"Manrope\" fusion_font_variant_content_font=\"400\" content_font_size=\"13px\" content_line_height=\"1.3\" content_letter_spacing=\"\" content_text_transform=\"\" content_color=\"var(--awb-color6)\"]<\/p>\n<p><strong>Caracter\u00edsticas<\/strong>:<\/p>\n<ul>\n<li>Base de m\u00e1rmol de Carrara terminada a mano<\/li>\n<li>Su dise\u00f1o evita la acumulaci\u00f3n de agua gracias al orificio de drenaje<\/li>\n<li>100% Made in Italy<\/li>\n<\/ul>\n<p><strong>Extra<\/strong>: Los materiales naturales se distinguen por su unicidad: cualquier diferencia<br \/>en el tono garantiza la naturalidad del producto.<\/p>\n<p>[\/fusion_toggle][\/fusion_accordion]\n<p><span style=\"padding-right: 80px;\">Color: M\u00e1rmol Negro<\/span><br \/>\n<img decoding=\"async\" class=\"alignnone wp-image-8158\" src=\"https:\/\/www.piumacare.com\/wp-content\/uploads\/2021\/07\/icone_colore_Tavola-disegno-1.svg\" alt=\"\" width=\"40\" height=\"40\"><a href=\"https:\/\/www.piumacare.com\/es\/product\/grey-bernini-marble-base\/\"><img decoding=\"async\" class=\"alignnone wp-image-8163\" src=\"https:\/\/www.piumacare.com\/wp-content\/uploads\/2021\/07\/icone_colore_Tavola-disegno-1-copia-3.svg\" alt=\"\" width=\"40\" height=\"40\"><\/a><a href=\"https:\/\/www.piumacare.com\/es\/product\/white-bernini-marble-base\/\"><img decoding=\"async\" class=\"alignnone wp-image-8168\" src=\"https:\/\/www.piumacare.com\/wp-content\/uploads\/2021\/07\/icone_colore_Tavola-disegno-1-copia-5.svg\" alt=\"\" width=\"40\" height=\"40\"><\/a><a href=\"https:\/\/www.piumacare.com\/es\/product\/nude-base-marmo-bernini\/\"><img decoding=\"async\" class=\"alignnone wp-image-8173\" src=\"https:\/\/www.piumacare.com\/wp-content\/uploads\/2021\/07\/icone_colore_Tavola-disegno-1-copia-7.svg\" alt=\"\" width=\"40\" height=\"40\"><\/a><\/p>\n","protected":false},"featured_media":13793,"template":"","meta":[],"product_brand":[],"product_cat":[303],"product_tag":[295],"class_list":{"0":"post-5198","1":"product","2":"type-product","3":"status-publish","4":"has-post-thumbnail","6":"product_cat-living-es","7":"product_tag-bernini-black-es","9":"first","10":"instock","11":"shipping-taxable","12":"purchasable","13":"product-type-simple"},"yoast_head":"<!-- This site is optimized with the Yoast SEO plugin v27.4 - https:\/\/yoast.com\/product\/yoast-seo-wordpress\/ -->\n<title>Soporte para cepillo de dientes de M\u00e1rmol Negro Bernini - Piuma Care<\/title>\n<meta name=\"description\" content=\"Kit completo de cuidado bucal con el primer cepillo de dientes de dise\u00f1o, la innovadora base de calendario, la pasta de dientes anticaries y el colutorio antiplaca.\" \/>\n<meta name=\"robots\" content=\"index, follow, max-snippet:-1, max-image-preview:large, max-video-preview:-1\" \/>\n<link rel=\"canonical\" href=\"https:\/\/www.piumacare.com\/es\/product\/black-bernini-marble-base\/\" \/>\n<meta property=\"og:locale\" content=\"es_ES\" \/>\n<meta property=\"og:type\" content=\"article\" \/>\n<meta property=\"og:title\" content=\"Soporte para cepillo de dientes de M\u00e1rmol Negro Bernini - Piuma Care\" \/>\n<meta property=\"og:description\" content=\"Kit completo de cuidado bucal con el primer cepillo de dientes de dise\u00f1o, la innovadora base de calendario, la pasta de dientes anticaries y el colutorio antiplaca.\" \/>\n<meta property=\"og:url\" content=\"https:\/\/www.piumacare.com\/es\/product\/black-bernini-marble-base\/\" \/>\n<meta property=\"og:site_name\" content=\"Piuma Care\" \/>\n<meta property=\"article:modified_time\" content=\"2025-04-21T16:51:58+00:00\" \/>\n<meta property=\"og:image\" content=\"https:\/\/www.piumacare.com\/wp-content\/uploads\/2023\/02\/Piuma_Bernini_Black.jpg\" \/>\n\t<meta property=\"og:image:width\" content=\"1500\" \/>\n\t<meta property=\"og:image:height\" content=\"1500\" \/>\n\t<meta property=\"og:image:type\" content=\"image\/jpeg\" \/>\n<meta name=\"twitter:card\" content=\"summary_large_image\" \/>\n<meta name=\"twitter:label1\" content=\"Tiempo de lectura\" \/>\n\t<meta name=\"twitter:data1\" content=\"5 minutos\" \/>\n<script type=\"application\/ld+json\" class=\"yoast-schema-graph\">{\"@context\":\"https:\\\/\\\/schema.org\",\"@graph\":[{\"@type\":\"WebPage\",\"@id\":\"https:\\\/\\\/www.piumacare.com\\\/es\\\/product\\\/black-bernini-marble-base\\\/\",\"url\":\"https:\\\/\\\/www.piumacare.com\\\/es\\\/product\\\/black-bernini-marble-base\\\/\",\"name\":\"Soporte para cepillo de dientes de M\u00e1rmol Negro Bernini - Piuma Care\",\"isPartOf\":{\"@id\":\"https:\\\/\\\/www.piumacare.com\\\/es\\\/#website\"},\"primaryImageOfPage\":{\"@id\":\"https:\\\/\\\/www.piumacare.com\\\/es\\\/product\\\/black-bernini-marble-base\\\/#primaryimage\"},\"image\":{\"@id\":\"https:\\\/\\\/www.piumacare.com\\\/es\\\/product\\\/black-bernini-marble-base\\\/#primaryimage\"},\"thumbnailUrl\":\"https:\\\/\\\/www.piumacare.com\\\/wp-content\\\/uploads\\\/2023\\\/02\\\/Piuma_Bernini_Black.jpg\",\"datePublished\":\"2021-11-16T16:35:43+00:00\",\"dateModified\":\"2025-04-21T16:51:58+00:00\",\"description\":\"Kit completo de cuidado bucal con el primer cepillo de dientes de dise\u00f1o, la innovadora base de calendario, la pasta de dientes anticaries y el colutorio antiplaca.\",\"breadcrumb\":{\"@id\":\"https:\\\/\\\/www.piumacare.com\\\/es\\\/product\\\/black-bernini-marble-base\\\/#breadcrumb\"},\"inLanguage\":\"es\",\"potentialAction\":[{\"@type\":\"ReadAction\",\"target\":[\"https:\\\/\\\/www.piumacare.com\\\/es\\\/product\\\/black-bernini-marble-base\\\/\"]}]},{\"@type\":\"ImageObject\",\"inLanguage\":\"es\",\"@id\":\"https:\\\/\\\/www.piumacare.com\\\/es\\\/product\\\/black-bernini-marble-base\\\/#primaryimage\",\"url\":\"https:\\\/\\\/www.piumacare.com\\\/wp-content\\\/uploads\\\/2023\\\/02\\\/Piuma_Bernini_Black.jpg\",\"contentUrl\":\"https:\\\/\\\/www.piumacare.com\\\/wp-content\\\/uploads\\\/2023\\\/02\\\/Piuma_Bernini_Black.jpg\",\"width\":1500,\"height\":1500,\"caption\":\"OLYMPUS DIGITAL CAMERA\"},{\"@type\":\"BreadcrumbList\",\"@id\":\"https:\\\/\\\/www.piumacare.com\\\/es\\\/product\\\/black-bernini-marble-base\\\/#breadcrumb\",\"itemListElement\":[{\"@type\":\"ListItem\",\"position\":1,\"name\":\"Home\",\"item\":\"https:\\\/\\\/www.piumacare.com\\\/es\\\/home-es\\\/\"},{\"@type\":\"ListItem\",\"position\":2,\"name\":\"Tienda\",\"item\":\"https:\\\/\\\/www.piumacare.com\\\/es\\\/tienda\\\/\"},{\"@type\":\"ListItem\",\"position\":3,\"name\":\"Base de M\u00e1rmol Bernini\"}]},{\"@type\":\"WebSite\",\"@id\":\"https:\\\/\\\/www.piumacare.com\\\/es\\\/#website\",\"url\":\"https:\\\/\\\/www.piumacare.com\\\/es\\\/\",\"name\":\"Piuma Care\",\"description\":\"La scienza del sorriso\",\"potentialAction\":[{\"@type\":\"SearchAction\",\"target\":{\"@type\":\"EntryPoint\",\"urlTemplate\":\"https:\\\/\\\/www.piumacare.com\\\/es\\\/?s={search_term_string}\"},\"query-input\":{\"@type\":\"PropertyValueSpecification\",\"valueRequired\":true,\"valueName\":\"search_term_string\"}}],\"inLanguage\":\"es\"}]}<\/script>\n<!-- \/ Yoast SEO plugin. -->","yoast_head_json":{"title":"Soporte para cepillo de dientes de M\u00e1rmol Negro Bernini - Piuma Care","description":"Kit completo de cuidado bucal con el primer cepillo de dientes de dise\u00f1o, la innovadora base de calendario, la pasta de dientes anticaries y el colutorio antiplaca.","robots":{"index":"index","follow":"follow","max-snippet":"max-snippet:-1","max-image-preview":"max-image-preview:large","max-video-preview":"max-video-preview:-1"},"canonical":"https:\/\/www.piumacare.com\/es\/product\/black-bernini-marble-base\/","og_locale":"es_ES","og_type":"article","og_title":"Soporte para cepillo de dientes de M\u00e1rmol Negro Bernini - Piuma Care","og_description":"Kit completo de cuidado bucal con el primer cepillo de dientes de dise\u00f1o, la innovadora base de calendario, la pasta de dientes anticaries y el colutorio antiplaca.","og_url":"https:\/\/www.piumacare.com\/es\/product\/black-bernini-marble-base\/","og_site_name":"Piuma Care","article_modified_time":"2025-04-21T16:51:58+00:00","og_image":[{"width":1500,"height":1500,"url":"https:\/\/www.piumacare.com\/wp-content\/uploads\/2023\/02\/Piuma_Bernini_Black.jpg","type":"image\/jpeg"}],"twitter_card":"summary_large_image","twitter_misc":{"Tiempo de lectura":"5 minutos"},"schema":{"@context":"https:\/\/schema.org","@graph":[{"@type":"WebPage","@id":"https:\/\/www.piumacare.com\/es\/product\/black-bernini-marble-base\/","url":"https:\/\/www.piumacare.com\/es\/product\/black-bernini-marble-base\/","name":"Soporte para cepillo de dientes de M\u00e1rmol Negro Bernini - Piuma Care","isPartOf":{"@id":"https:\/\/www.piumacare.com\/es\/#website"},"primaryImageOfPage":{"@id":"https:\/\/www.piumacare.com\/es\/product\/black-bernini-marble-base\/#primaryimage"},"image":{"@id":"https:\/\/www.piumacare.com\/es\/product\/black-bernini-marble-base\/#primaryimage"},"thumbnailUrl":"https:\/\/www.piumacare.com\/wp-content\/uploads\/2023\/02\/Piuma_Bernini_Black.jpg","datePublished":"2021-11-16T16:35:43+00:00","dateModified":"2025-04-21T16:51:58+00:00","description":"Kit completo de cuidado bucal con el primer cepillo de dientes de dise\u00f1o, la innovadora base de calendario, la pasta de dientes anticaries y el colutorio antiplaca.","breadcrumb":{"@id":"https:\/\/www.piumacare.com\/es\/product\/black-bernini-marble-base\/#breadcrumb"},"inLanguage":"es","potentialAction":[{"@type":"ReadAction","target":["https:\/\/www.piumacare.com\/es\/product\/black-bernini-marble-base\/"]}]},{"@type":"ImageObject","inLanguage":"es","@id":"https:\/\/www.piumacare.com\/es\/product\/black-bernini-marble-base\/#primaryimage","url":"https:\/\/www.piumacare.com\/wp-content\/uploads\/2023\/02\/Piuma_Bernini_Black.jpg","contentUrl":"https:\/\/www.piumacare.com\/wp-content\/uploads\/2023\/02\/Piuma_Bernini_Black.jpg","width":1500,"height":1500,"caption":"OLYMPUS DIGITAL CAMERA"},{"@type":"BreadcrumbList","@id":"https:\/\/www.piumacare.com\/es\/product\/black-bernini-marble-base\/#breadcrumb","itemListElement":[{"@type":"ListItem","position":1,"name":"Home","item":"https:\/\/www.piumacare.com\/es\/home-es\/"},{"@type":"ListItem","position":2,"name":"Tienda","item":"https:\/\/www.piumacare.com\/es\/tienda\/"},{"@type":"ListItem","position":3,"name":"Base de M\u00e1rmol Bernini"}]},{"@type":"WebSite","@id":"https:\/\/www.piumacare.com\/es\/#website","url":"https:\/\/www.piumacare.com\/es\/","name":"Piuma Care","description":"La scienza del sorriso","potentialAction":[{"@type":"SearchAction","target":{"@type":"EntryPoint","urlTemplate":"https:\/\/www.piumacare.com\/es\/?s={search_term_string}"},"query-input":{"@type":"PropertyValueSpecification","valueRequired":true,"valueName":"search_term_string"}}],"inLanguage":"es"}]}},"_links":{"self":[{"href":"https:\/\/www.piumacare.com\/es\/wp-json\/wp\/v2\/product\/5198","targetHints":{"allow":["GET"]}}],"collection":[{"href":"https:\/\/www.piumacare.com\/es\/wp-json\/wp\/v2\/product"}],"about":[{"href":"https:\/\/www.piumacare.com\/es\/wp-json\/wp\/v2\/types\/product"}],"wp:featuredmedia":[{"embeddable":true,"href":"https:\/\/www.piumacare.com\/es\/wp-json\/wp\/v2\/media\/13793"}],"wp:attachment":[{"href":"https:\/\/www.piumacare.com\/es\/wp-json\/wp\/v2\/media?parent=5198"}],"wp:term":[{"taxonomy":"product_brand","embeddable":true,"href":"https:\/\/www.piumacare.com\/es\/wp-json\/wp\/v2\/product_brand?post=5198"},{"taxonomy":"product_cat","embeddable":true,"href":"https:\/\/www.piumacare.com\/es\/wp-json\/wp\/v2\/product_cat?post=5198"},{"taxonomy":"product_tag","embeddable":true,"href":"https:\/\/www.piumacare.com\/es\/wp-json\/wp\/v2\/product_tag?post=5198"}],"curies":[{"name":"wp","href":"https:\/\/api.w.org\/{rel}","templated":true}]}}