{"id":7792,"date":"2022-02-25T06:50:37","date_gmt":"2022-02-25T05:50:37","guid":{"rendered":"https:\/\/www.piumacare.com\/?post_type=product&#038;p=7792"},"modified":"2024-09-13T18:10:22","modified_gmt":"2024-09-13T16:10:22","slug":"kit-piumabrush-base-pink","status":"publish","type":"product","link":"https:\/\/www.piumacare.com\/es\/product\/kit-piumabrush-base-pink\/","title":{"rendered":"KIT BASE"},"content":{"rendered":"<div class=\"fusion-fullwidth fullwidth-box fusion-builder-row-1 fusion-flex-container hundred-percent-fullwidth non-hundred-percent-height-scrolling\" style=\"--awb-border-radius-top-left:0px;--awb-border-radius-top-right:0px;--awb-border-radius-bottom-right:0px;--awb-border-radius-bottom-left:0px;--awb-flex-wrap:wrap;\" ><div class=\"fusion-builder-row fusion-row fusion-flex-align-items-flex-start fusion-flex-justify-content-center fusion-flex-content-wrap\" style=\"width:104% !important;max-width:104% !important;margin-left: calc(-4% \/ 2 );margin-right: calc(-4% \/ 2 );\"><div class=\"fusion-layout-column fusion_builder_column fusion-builder-column-0 fusion_builder_column_1_1 1_1 fusion-flex-column\" style=\"--awb-bg-size:cover;--awb-width-large:100%;--awb-margin-top-large:0px;--awb-spacing-right-large:1.92%;--awb-margin-bottom-large:20px;--awb-spacing-left-large:1.92%;--awb-width-medium:100%;--awb-order-medium:0;--awb-spacing-right-medium:1.92%;--awb-spacing-left-medium:1.92%;--awb-width-small:100%;--awb-order-small:0;--awb-spacing-right-small:1.92%;--awb-spacing-left-small:1.92%;\"><div class=\"fusion-column-wrapper fusion-column-has-shadow fusion-flex-justify-content-flex-start fusion-content-layout-column\"><div class=\"accordian fusion-accordian\" style=\"--awb-border-size:1px;--awb-icon-size:13px;--awb-content-font-size:16px;--awb-icon-alignment:left;--awb-hover-color:#f9f9fb;--awb-border-color:#e2e2e2;--awb-background-color:#ffffff;--awb-divider-color:#e2e2e2;--awb-divider-hover-color:#e2e2e2;--awb-icon-color:#000000;--awb-title-color:#212934;--awb-content-color:#000000;--awb-icon-box-color:rgba(255,255,255,0);--awb-toggle-hover-accent-color:#898989;--awb-title-font-family:&quot;Manrope&quot;;--awb-title-font-weight:regular;--awb-title-font-style:normal;--awb-content-font-family:&quot;Manrope&quot;;--awb-content-font-style:normal;--awb-content-font-weight:regular;\"><div class=\"panel-group fusion-toggle-icon-boxed\" id=\"accordion-7792-1\"><div class=\"fusion-panel panel-default panel-10f35d5a684f01db3 fusion-toggle-has-divider\"><div class=\"panel-heading\"><h4 class=\"panel-title toggle\" id=\"toggle_10f35d5a684f01db3\"><a aria-expanded=\"false\" aria-controls=\"10f35d5a684f01db3\" role=\"button\" data-toggle=\"collapse\" data-parent=\"#accordion-7792-1\" data-target=\"#10f35d5a684f01db3\" href=\"#10f35d5a684f01db3\"><span class=\"fusion-toggle-icon-wrapper\" aria-hidden=\"true\"><i class=\"fa-fusion-box active-icon awb-icon-minus\" aria-hidden=\"true\"><\/i><i class=\"fa-fusion-box inactive-icon awb-icon-plus\" aria-hidden=\"true\"><\/i><\/span><span class=\"fusion-toggle-heading\">\u00bfLos precios del sitio web incluyen el IVA?<\/span><\/a><\/h4><\/div><div id=\"10f35d5a684f01db3\" class=\"panel-collapse collapse \" aria-labelledby=\"toggle_10f35d5a684f01db3\"><div class=\"panel-body toggle-content fusion-clearfix\">\n<p>S\u00ed, todos los precios incluyen el IVA.<\/p>\n<\/div><\/div><\/div><div class=\"fusion-panel panel-default panel-36ffe7b3e204bf6d2 fusion-toggle-has-divider\"><div class=\"panel-heading\"><h4 class=\"panel-title toggle\" id=\"toggle_36ffe7b3e204bf6d2\"><a aria-expanded=\"false\" aria-controls=\"36ffe7b3e204bf6d2\" role=\"button\" data-toggle=\"collapse\" data-parent=\"#accordion-7792-1\" data-target=\"#36ffe7b3e204bf6d2\" href=\"#36ffe7b3e204bf6d2\"><span class=\"fusion-toggle-icon-wrapper\" aria-hidden=\"true\"><i class=\"fa-fusion-box active-icon awb-icon-minus\" aria-hidden=\"true\"><\/i><i class=\"fa-fusion-box inactive-icon awb-icon-plus\" aria-hidden=\"true\"><\/i><\/span><span class=\"fusion-toggle-heading\">\u00bfCu\u00e1l es la pol\u00edtica de devoluciones y reembolsos?<\/span><\/a><\/h4><\/div><div id=\"36ffe7b3e204bf6d2\" class=\"panel-collapse collapse \" aria-labelledby=\"toggle_36ffe7b3e204bf6d2\"><div class=\"panel-body toggle-content fusion-clearfix\">\n<p>Tiene la opci\u00f3n de devolver cualquier art\u00edculo pedido en un plazo de 30 d\u00edas a partir de la fecha de recepci\u00f3n.<br \/>\nCuando devuelva el art\u00edculo o los art\u00edculos, col\u00f3quelos en su embalaje original, acompa\u00f1ados de los accesorios y documentos provistos, y adjunte el formulario de entrega. Le recomendamos que tome todas las precauciones posibles para garantizar la integridad del producto devuelto.<br \/>\nLos art\u00edculos no devueltos, devueltos incompletos, deteriorados, sucios o en cualquier otra condici\u00f3n que pueda sugerir razonablemente que han sido utilizados, no ser\u00e1n reembolsados ni reemplazados, as\u00ed como los art\u00edculos precintados que hayan sido abiertos despu\u00e9s de la entrega, por razones higi\u00e9nicas o de protecci\u00f3n de la salud.<\/p>\n<\/div><\/div><\/div><div class=\"fusion-panel panel-default panel-8c8c1c5077c0e56b7 fusion-toggle-has-divider\"><div class=\"panel-heading\"><h4 class=\"panel-title toggle\" id=\"toggle_8c8c1c5077c0e56b7\"><a aria-expanded=\"false\" aria-controls=\"8c8c1c5077c0e56b7\" role=\"button\" data-toggle=\"collapse\" data-parent=\"#accordion-7792-1\" data-target=\"#8c8c1c5077c0e56b7\" href=\"#8c8c1c5077c0e56b7\"><span class=\"fusion-toggle-icon-wrapper\" aria-hidden=\"true\"><i class=\"fa-fusion-box active-icon awb-icon-minus\" aria-hidden=\"true\"><\/i><i class=\"fa-fusion-box inactive-icon awb-icon-plus\" aria-hidden=\"true\"><\/i><\/span><span class=\"fusion-toggle-heading\">\u00bfDe d\u00f3nde proceden los productos P I U M A?<\/span><\/a><\/h4><\/div><div id=\"8c8c1c5077c0e56b7\" class=\"panel-collapse collapse \" aria-labelledby=\"toggle_8c8c1c5077c0e56b7\"><div class=\"panel-body toggle-content fusion-clearfix\">\n<p>Los productos P I U M A se dise\u00f1an y fabrican en Italia.<\/p>\n<\/div><\/div><\/div><div class=\"fusion-panel panel-default panel-5aa0e12b54c70eb80 fusion-toggle-has-divider\"><div class=\"panel-heading\"><h4 class=\"panel-title toggle\" id=\"toggle_5aa0e12b54c70eb80\"><a aria-expanded=\"false\" aria-controls=\"5aa0e12b54c70eb80\" role=\"button\" data-toggle=\"collapse\" data-parent=\"#accordion-7792-1\" data-target=\"#5aa0e12b54c70eb80\" href=\"#5aa0e12b54c70eb80\"><span class=\"fusion-toggle-icon-wrapper\" aria-hidden=\"true\"><i class=\"fa-fusion-box active-icon awb-icon-minus\" aria-hidden=\"true\"><\/i><i class=\"fa-fusion-box inactive-icon awb-icon-plus\" aria-hidden=\"true\"><\/i><\/span><span class=\"fusion-toggle-heading\">\u00bfQu\u00e9 tipo de cepillo de dientes debo utilizar?<\/span><\/a><\/h4><\/div><div id=\"5aa0e12b54c70eb80\" class=\"panel-collapse collapse \" aria-labelledby=\"toggle_5aa0e12b54c70eb80\"><div class=\"panel-body toggle-content fusion-clearfix\">\n<p>El cepillo de dientes con cerdas medianas es adecuado para aquellos que no tienen dientes y enc\u00edas sensibles, de lo contrario recomendamos el cepillo de dientes con cerdas suaves.<\/p>\n<\/div><\/div><\/div><div class=\"fusion-panel panel-default panel-56decac8a850db7cc fusion-toggle-has-divider\"><div class=\"panel-heading\"><h4 class=\"panel-title toggle\" id=\"toggle_56decac8a850db7cc\"><a aria-expanded=\"false\" aria-controls=\"56decac8a850db7cc\" role=\"button\" data-toggle=\"collapse\" data-parent=\"#accordion-7792-1\" data-target=\"#56decac8a850db7cc\" href=\"#56decac8a850db7cc\"><span class=\"fusion-toggle-icon-wrapper\" aria-hidden=\"true\"><i class=\"fa-fusion-box active-icon awb-icon-minus\" aria-hidden=\"true\"><\/i><i class=\"fa-fusion-box inactive-icon awb-icon-plus\" aria-hidden=\"true\"><\/i><\/span><span class=\"fusion-toggle-heading\">\u00bfCon qu\u00e9 frecuencia debo cambiar mi cepillo de dientes?<\/span><\/a><\/h4><\/div><div id=\"56decac8a850db7cc\" class=\"panel-collapse collapse \" aria-labelledby=\"toggle_56decac8a850db7cc\"><div class=\"panel-body toggle-content fusion-clearfix\">\n<p>Se recomienda cambiar el cepillo de dientes cada 3 meses. Hemos dispuesto un \u00abcalendario\u00bb en la parte posterior de la Base de Apoyo, que sugiere cu\u00e1ndo sustituir el cepillo de dientes.<\/p>\n<\/div><\/div><\/div><\/div><\/div><\/div><\/div><\/div><\/div>\n","protected":false},"excerpt":{"rendered":"<div class=\"info-description\">\n<p>La ciencia y la tecnolog\u00eda se unen en un dise\u00f1o premiado que es el complemento perfecto para tu rutina diaria de cuidado bucal.<\/p>\n<p><strong>Qu\u00e9 es<\/strong>:<br \/>\n<span lang=\"ES\">El kit incluye el cepillo de dientes PiumaBrush y su base con calendario<\/span><\/p>\n<p><strong>Caracter\u00edsticas<\/strong>:<\/p>\n<ul>\n<li><span lang=\"ES\">Cepillo de dientes de dise\u00f1o innovador con mango flexib<\/span>e<\/li>\n<li>Las cerdas contienen Echinacea, que tiene propiedades antiinflamatorias, cicatrizantes y estimulantes del sistema inmunitario, por lo que es ideal para la higiene de la l\u00ednea de las enc\u00edas y los espacios interdentales. Tambi\u00e9n reduce el mal aliento y ayuda a eliminar las bacterias que causan la halitosis.<\/li>\n<li>Cabezal con limpiador lingual, para una experiencia multisensorial que garantiza una excelente limpieza de la lengua<\/li>\n<li>\n<div><span lang=\"ES\">La base con calendario permite colocar el cepillo de dientes en cualquier superficie. Su dise\u00f1o patentado mantiene el agua fuera, y el calendario interior le recuerda cu\u00e1ndo debe cambiar el cepillo de dientes<\/span><\/div>\n<\/li>\n<\/ul>\n<p><img decoding=\"async\" class=\"alignnone wp-image-8117\" src=\"https:\/\/www.piumacare.com\/wp-content\/uploads\/2021\/07\/Tavola-disegno-1-4.svg\" alt=\"\" width=\"241\" height=\"104\" \/><\/p>\n<p><strong>Extra<\/strong>: <span lang=\"ES\">Cuando compras el kit, \u00a1la base dura para siempre!<\/span><\/p>\n<p><strong>Nota<\/strong>: Cubre-cerdas siempre incluido<\/p>\n<p><strong>Cerdas<\/strong>: cerdas con Equin\u00e1cea<\/p>\n<\/div>\n<p><span style=\"line-height: 52px; padding-right: 80px;\">Color<\/span><span style=\"line-height: 52px; padding-right: 80px;\"><a href=\"https:\/\/www.piumacare.com\/es\/product\/kit-piumabrush-base-aqua\/\"><img decoding=\"async\" class=\"alignnone wp-image-8215\" src=\"https:\/\/www.piumacare.com\/wp-content\/uploads\/2022\/03\/icone_colore_Tavola-disegno-1-copia-11.svg\" alt=\"\" width=\"55\" height=\"55\" \/><\/a><img decoding=\"async\" class=\"alignnone wp-image-8210\" src=\"https:\/\/www.piumacare.com\/wp-content\/uploads\/2022\/03\/icone_colore_Tavola-disegno-1-copia-10.svg\" alt=\"\" width=\"55\" height=\"55\" \/><a href=\"https:\/\/www.piumacare.com\/es\/product\/kit-piumabrush-base-lemon\/\"><img decoding=\"async\" class=\"alignnone wp-image-8205\" src=\"https:\/\/www.piumacare.com\/wp-content\/uploads\/2022\/03\/icone_colore_Tavola-disegno-1-copia-9.svg\" alt=\"\" width=\"55\" height=\"55\" \/><\/a><\/span><\/p>\n","protected":false},"featured_media":7743,"template":"","meta":[],"product_brand":[],"product_cat":[76],"product_tag":[332],"class_list":{"0":"post-7792","1":"product","2":"type-product","3":"status-publish","4":"has-post-thumbnail","6":"product_cat-kit-es","7":"product_tag-pink-es","9":"first","10":"instock","11":"shipping-taxable","12":"purchasable","13":"product-type-simple"},"yoast_head":"<!-- This site is optimized with the Yoast SEO plugin v27.3 - https:\/\/yoast.com\/product\/yoast-seo-wordpress\/ -->\n<title>KIT Base Pink: cepillo de dientes con cerdas enriquecidas con Echinacea<\/title>\n<meta name=\"description\" content=\"Cepillo de dientes Nude con cerdas enriquecidas con Echinacea. El portacepillos antigoteo con calendario convierte el conjunto en un aut\u00e9ntico objeto de dise\u00f1o.\" \/>\n<meta name=\"robots\" content=\"index, follow, max-snippet:-1, max-image-preview:large, max-video-preview:-1\" \/>\n<link rel=\"canonical\" href=\"https:\/\/www.piumacare.com\/es\/product\/kit-piumabrush-base-pink\/\" \/>\n<meta property=\"og:locale\" content=\"es_ES\" \/>\n<meta property=\"og:type\" content=\"article\" \/>\n<meta property=\"og:title\" content=\"KIT Base Pink: cepillo de dientes con cerdas enriquecidas con Echinacea\" \/>\n<meta property=\"og:description\" content=\"Cepillo de dientes Nude con cerdas enriquecidas con Echinacea. El portacepillos antigoteo con calendario convierte el conjunto en un aut\u00e9ntico objeto de dise\u00f1o.\" \/>\n<meta property=\"og:url\" content=\"https:\/\/www.piumacare.com\/es\/product\/kit-piumabrush-base-pink\/\" \/>\n<meta property=\"og:site_name\" content=\"Piuma Care\" \/>\n<meta property=\"article:modified_time\" content=\"2024-09-13T16:10:22+00:00\" \/>\n<meta property=\"og:image\" content=\"https:\/\/www.piumacare.com\/wp-content\/uploads\/2022\/02\/02_KB_PK_WH_FL.jpg\" \/>\n\t<meta property=\"og:image:width\" content=\"2000\" \/>\n\t<meta property=\"og:image:height\" content=\"2000\" \/>\n\t<meta property=\"og:image:type\" content=\"image\/jpeg\" \/>\n<meta name=\"twitter:card\" content=\"summary_large_image\" \/>\n<meta name=\"twitter:label1\" content=\"Tiempo de lectura\" \/>\n\t<meta name=\"twitter:data1\" content=\"5 minutos\" \/>\n<script type=\"application\/ld+json\" class=\"yoast-schema-graph\">{\"@context\":\"https:\\\/\\\/schema.org\",\"@graph\":[{\"@type\":\"WebPage\",\"@id\":\"https:\\\/\\\/www.piumacare.com\\\/es\\\/product\\\/kit-piumabrush-base-pink\\\/\",\"url\":\"https:\\\/\\\/www.piumacare.com\\\/es\\\/product\\\/kit-piumabrush-base-pink\\\/\",\"name\":\"KIT Base Pink: cepillo de dientes con cerdas enriquecidas con Echinacea\",\"isPartOf\":{\"@id\":\"https:\\\/\\\/www.piumacare.com\\\/es\\\/#website\"},\"primaryImageOfPage\":{\"@id\":\"https:\\\/\\\/www.piumacare.com\\\/es\\\/product\\\/kit-piumabrush-base-pink\\\/#primaryimage\"},\"image\":{\"@id\":\"https:\\\/\\\/www.piumacare.com\\\/es\\\/product\\\/kit-piumabrush-base-pink\\\/#primaryimage\"},\"thumbnailUrl\":\"https:\\\/\\\/www.piumacare.com\\\/wp-content\\\/uploads\\\/2022\\\/02\\\/02_KB_PK_WH_FL.jpg\",\"datePublished\":\"2022-02-25T05:50:37+00:00\",\"dateModified\":\"2024-09-13T16:10:22+00:00\",\"description\":\"Cepillo de dientes Nude con cerdas enriquecidas con Echinacea. El portacepillos antigoteo con calendario convierte el conjunto en un aut\u00e9ntico objeto de dise\u00f1o.\",\"breadcrumb\":{\"@id\":\"https:\\\/\\\/www.piumacare.com\\\/es\\\/product\\\/kit-piumabrush-base-pink\\\/#breadcrumb\"},\"inLanguage\":\"es\",\"potentialAction\":[{\"@type\":\"ReadAction\",\"target\":[\"https:\\\/\\\/www.piumacare.com\\\/es\\\/product\\\/kit-piumabrush-base-pink\\\/\"]}]},{\"@type\":\"ImageObject\",\"inLanguage\":\"es\",\"@id\":\"https:\\\/\\\/www.piumacare.com\\\/es\\\/product\\\/kit-piumabrush-base-pink\\\/#primaryimage\",\"url\":\"https:\\\/\\\/www.piumacare.com\\\/wp-content\\\/uploads\\\/2022\\\/02\\\/02_KB_PK_WH_FL.jpg\",\"contentUrl\":\"https:\\\/\\\/www.piumacare.com\\\/wp-content\\\/uploads\\\/2022\\\/02\\\/02_KB_PK_WH_FL.jpg\",\"width\":2000,\"height\":2000},{\"@type\":\"BreadcrumbList\",\"@id\":\"https:\\\/\\\/www.piumacare.com\\\/es\\\/product\\\/kit-piumabrush-base-pink\\\/#breadcrumb\",\"itemListElement\":[{\"@type\":\"ListItem\",\"position\":1,\"name\":\"Home\",\"item\":\"https:\\\/\\\/www.piumacare.com\\\/es\\\/home-es\\\/\"},{\"@type\":\"ListItem\",\"position\":2,\"name\":\"Tienda\",\"item\":\"https:\\\/\\\/www.piumacare.com\\\/es\\\/tienda\\\/\"},{\"@type\":\"ListItem\",\"position\":3,\"name\":\"KIT BASE\"}]},{\"@type\":\"WebSite\",\"@id\":\"https:\\\/\\\/www.piumacare.com\\\/es\\\/#website\",\"url\":\"https:\\\/\\\/www.piumacare.com\\\/es\\\/\",\"name\":\"Piuma Care\",\"description\":\"La scienza del sorriso\",\"potentialAction\":[{\"@type\":\"SearchAction\",\"target\":{\"@type\":\"EntryPoint\",\"urlTemplate\":\"https:\\\/\\\/www.piumacare.com\\\/es\\\/?s={search_term_string}\"},\"query-input\":{\"@type\":\"PropertyValueSpecification\",\"valueRequired\":true,\"valueName\":\"search_term_string\"}}],\"inLanguage\":\"es\"}]}<\/script>\n<!-- \/ Yoast SEO plugin. -->","yoast_head_json":{"title":"KIT Base Pink: cepillo de dientes con cerdas enriquecidas con Echinacea","description":"Cepillo de dientes Nude con cerdas enriquecidas con Echinacea. El portacepillos antigoteo con calendario convierte el conjunto en un aut\u00e9ntico objeto de dise\u00f1o.","robots":{"index":"index","follow":"follow","max-snippet":"max-snippet:-1","max-image-preview":"max-image-preview:large","max-video-preview":"max-video-preview:-1"},"canonical":"https:\/\/www.piumacare.com\/es\/product\/kit-piumabrush-base-pink\/","og_locale":"es_ES","og_type":"article","og_title":"KIT Base Pink: cepillo de dientes con cerdas enriquecidas con Echinacea","og_description":"Cepillo de dientes Nude con cerdas enriquecidas con Echinacea. El portacepillos antigoteo con calendario convierte el conjunto en un aut\u00e9ntico objeto de dise\u00f1o.","og_url":"https:\/\/www.piumacare.com\/es\/product\/kit-piumabrush-base-pink\/","og_site_name":"Piuma Care","article_modified_time":"2024-09-13T16:10:22+00:00","og_image":[{"width":2000,"height":2000,"url":"https:\/\/www.piumacare.com\/wp-content\/uploads\/2022\/02\/02_KB_PK_WH_FL.jpg","type":"image\/jpeg"}],"twitter_card":"summary_large_image","twitter_misc":{"Tiempo de lectura":"5 minutos"},"schema":{"@context":"https:\/\/schema.org","@graph":[{"@type":"WebPage","@id":"https:\/\/www.piumacare.com\/es\/product\/kit-piumabrush-base-pink\/","url":"https:\/\/www.piumacare.com\/es\/product\/kit-piumabrush-base-pink\/","name":"KIT Base Pink: cepillo de dientes con cerdas enriquecidas con Echinacea","isPartOf":{"@id":"https:\/\/www.piumacare.com\/es\/#website"},"primaryImageOfPage":{"@id":"https:\/\/www.piumacare.com\/es\/product\/kit-piumabrush-base-pink\/#primaryimage"},"image":{"@id":"https:\/\/www.piumacare.com\/es\/product\/kit-piumabrush-base-pink\/#primaryimage"},"thumbnailUrl":"https:\/\/www.piumacare.com\/wp-content\/uploads\/2022\/02\/02_KB_PK_WH_FL.jpg","datePublished":"2022-02-25T05:50:37+00:00","dateModified":"2024-09-13T16:10:22+00:00","description":"Cepillo de dientes Nude con cerdas enriquecidas con Echinacea. El portacepillos antigoteo con calendario convierte el conjunto en un aut\u00e9ntico objeto de dise\u00f1o.","breadcrumb":{"@id":"https:\/\/www.piumacare.com\/es\/product\/kit-piumabrush-base-pink\/#breadcrumb"},"inLanguage":"es","potentialAction":[{"@type":"ReadAction","target":["https:\/\/www.piumacare.com\/es\/product\/kit-piumabrush-base-pink\/"]}]},{"@type":"ImageObject","inLanguage":"es","@id":"https:\/\/www.piumacare.com\/es\/product\/kit-piumabrush-base-pink\/#primaryimage","url":"https:\/\/www.piumacare.com\/wp-content\/uploads\/2022\/02\/02_KB_PK_WH_FL.jpg","contentUrl":"https:\/\/www.piumacare.com\/wp-content\/uploads\/2022\/02\/02_KB_PK_WH_FL.jpg","width":2000,"height":2000},{"@type":"BreadcrumbList","@id":"https:\/\/www.piumacare.com\/es\/product\/kit-piumabrush-base-pink\/#breadcrumb","itemListElement":[{"@type":"ListItem","position":1,"name":"Home","item":"https:\/\/www.piumacare.com\/es\/home-es\/"},{"@type":"ListItem","position":2,"name":"Tienda","item":"https:\/\/www.piumacare.com\/es\/tienda\/"},{"@type":"ListItem","position":3,"name":"KIT BASE"}]},{"@type":"WebSite","@id":"https:\/\/www.piumacare.com\/es\/#website","url":"https:\/\/www.piumacare.com\/es\/","name":"Piuma Care","description":"La scienza del sorriso","potentialAction":[{"@type":"SearchAction","target":{"@type":"EntryPoint","urlTemplate":"https:\/\/www.piumacare.com\/es\/?s={search_term_string}"},"query-input":{"@type":"PropertyValueSpecification","valueRequired":true,"valueName":"search_term_string"}}],"inLanguage":"es"}]}},"_links":{"self":[{"href":"https:\/\/www.piumacare.com\/es\/wp-json\/wp\/v2\/product\/7792","targetHints":{"allow":["GET"]}}],"collection":[{"href":"https:\/\/www.piumacare.com\/es\/wp-json\/wp\/v2\/product"}],"about":[{"href":"https:\/\/www.piumacare.com\/es\/wp-json\/wp\/v2\/types\/product"}],"wp:featuredmedia":[{"embeddable":true,"href":"https:\/\/www.piumacare.com\/es\/wp-json\/wp\/v2\/media\/7743"}],"wp:attachment":[{"href":"https:\/\/www.piumacare.com\/es\/wp-json\/wp\/v2\/media?parent=7792"}],"wp:term":[{"taxonomy":"product_brand","embeddable":true,"href":"https:\/\/www.piumacare.com\/es\/wp-json\/wp\/v2\/product_brand?post=7792"},{"taxonomy":"product_cat","embeddable":true,"href":"https:\/\/www.piumacare.com\/es\/wp-json\/wp\/v2\/product_cat?post=7792"},{"taxonomy":"product_tag","embeddable":true,"href":"https:\/\/www.piumacare.com\/es\/wp-json\/wp\/v2\/product_tag?post=7792"}],"curies":[{"name":"wp","href":"https:\/\/api.w.org\/{rel}","templated":true}]}}