{"id":2085,"date":"2021-07-21T18:22:27","date_gmt":"2021-07-21T16:22:27","guid":{"rendered":"https:\/\/piumacare.com\/journal\/piuma-b-active\/"},"modified":"2021-10-09T17:21:26","modified_gmt":"2021-10-09T15:21:26","slug":"piuma-b-active","status":"publish","type":"page","link":"https:\/\/www.piumacare.com\/fr\/journal\/piuma-b-active\/","title":{"rendered":"Piuma B Active"},"content":{"rendered":"<div class=\"fusion-fullwidth fullwidth-box fusion-builder-row-1 fusion-flex-container nonhundred-percent-fullwidth non-hundred-percent-height-scrolling\" style=\"--awb-border-radius-top-left:0px;--awb-border-radius-top-right:0px;--awb-border-radius-bottom-right:0px;--awb-border-radius-bottom-left:0px;--awb-flex-wrap:wrap;\" ><div class=\"fusion-builder-row fusion-row fusion-flex-align-items-flex-start fusion-flex-justify-content-center fusion-flex-content-wrap\" style=\"max-width:1248px;margin-left: calc(-4% \/ 2 );margin-right: calc(-4% \/ 2 );\"><div class=\"fusion-layout-column fusion_builder_column fusion-builder-column-0 fusion_builder_column_1_1 1_1 fusion-flex-column\" style=\"--awb-bg-size:cover;--awb-width-large:100%;--awb-margin-top-large:0px;--awb-spacing-right-large:1.92%;--awb-margin-bottom-large:20px;--awb-spacing-left-large:1.92%;--awb-width-medium:100%;--awb-order-medium:0;--awb-spacing-right-medium:1.92%;--awb-spacing-left-medium:1.92%;--awb-width-small:100%;--awb-order-small:0;--awb-spacing-right-small:1.92%;--awb-spacing-left-small:1.92%;\"><div class=\"fusion-column-wrapper fusion-column-has-shadow fusion-flex-justify-content-flex-start fusion-content-layout-column\"><div class=\"fusion-image-element \" style=\"text-align:center;--awb-max-width:920px;--awb-caption-title-font-family:var(--h2_typography-font-family);--awb-caption-title-font-weight:var(--h2_typography-font-weight);--awb-caption-title-font-style:var(--h2_typography-font-style);--awb-caption-title-size:var(--h2_typography-font-size);--awb-caption-title-transform:var(--h2_typography-text-transform);--awb-caption-title-line-height:var(--h2_typography-line-height);--awb-caption-title-letter-spacing:var(--h2_typography-letter-spacing);\"><span class=\" fusion-imageframe imageframe-none imageframe-1 hover-type-none\"><img decoding=\"async\" width=\"1000\" height=\"744\" title=\"Piuma-B-Active\" src=\"https:\/\/piumacare.com\/wp-content\/uploads\/2021\/06\/Piuma-B-Active.jpg\" alt class=\"img-responsive wp-image-1262\" srcset=\"https:\/\/www.piumacare.com\/wp-content\/uploads\/2021\/06\/Piuma-B-Active-200x149.jpg 200w, https:\/\/www.piumacare.com\/wp-content\/uploads\/2021\/06\/Piuma-B-Active-400x298.jpg 400w, https:\/\/www.piumacare.com\/wp-content\/uploads\/2021\/06\/Piuma-B-Active-600x446.jpg 600w, https:\/\/www.piumacare.com\/wp-content\/uploads\/2021\/06\/Piuma-B-Active-800x595.jpg 800w, https:\/\/www.piumacare.com\/wp-content\/uploads\/2021\/06\/Piuma-B-Active.jpg 1000w\" sizes=\"(max-width: 640px) 100vw, 1000px\" \/><\/span><\/div><\/div><\/div><div class=\"fusion-layout-column fusion_builder_column fusion-builder-column-1 fusion_builder_column_3_5 3_5 fusion-flex-column\" style=\"--awb-bg-size:cover;--awb-width-large:60%;--awb-margin-top-large:0px;--awb-spacing-right-large:6.4%;--awb-margin-bottom-large:20px;--awb-spacing-left-large:6.4%;--awb-width-medium:60%;--awb-order-medium:0;--awb-spacing-right-medium:6.4%;--awb-spacing-left-medium:6.4%;--awb-width-small:100%;--awb-order-small:0;--awb-spacing-right-small:1.92%;--awb-spacing-left-small:1.92%;\"><div class=\"fusion-column-wrapper fusion-column-has-shadow fusion-flex-justify-content-flex-start fusion-content-layout-column\"><div class=\"fusion-text fusion-text-1\" style=\"--awb-font-size:13px;--awb-letter-spacing:1px;--awb-text-color:#000000;\"><p><div class=\"fusion-fa-align-left\"><a class=\"fb-icon-element-1 fb-icon-element fontawesome-icon fa-arrow-left fas circle-yes fusion-link\" style=\"--awb-iconcolor:#000000;--awb-iconcolor-hover:#686868;--awb-circlecolor:rgba(74,78,87,0);--awb-circlecolor-hover:rgba(255,255,255,0);--awb-circlebordersize:0px;--awb-font-size:12.32px;--awb-width:24.64px;--awb-height:24.64px;--awb-line-height:24.64px;--awb-margin-right:7px;\" href=\"https:\/\/piumacare.com\" target=\"_self\" aria-label=\"Link to https:\/\/piumacare.com\"><\/a><\/div><u>BACK TO HOME<\/u><\/p>\n<\/div><div class=\"fusion-text fusion-text-2\"><h1 style=\"font-size: calc(1.75rem + 0.3vw); color: #000;\">Piuma B-Active<sup style=\"font-size: 15px;\">\u00ae<\/sup><\/h1>\n<\/div><div class=\"fusion-text fusion-text-3\"><p>PIUMA, LA SCIENCE DU SOURIRE. L&rsquo;INNOVATION DE L&rsquo;ENTREPRISE MADE IN ITALY CONTINUE : DES POILS ACTIFS POUR TOUS VOS BESOINS<\/p>\n<\/div><div class=\"fusion-text fusion-text-4\" style=\"--awb-text-color:#000000;\"><p><em>Apr\u00e8s avoir re\u00e7u deux importants prix internationaux pour le design de la brosse \u00e0 dents \u00ab\u00a0Piuma Brush\u00a0\u00bb, l&rsquo;entreprise v\u00e9nitienne de soins bucco-dentaires relance aujourd&rsquo;hui sa gamme de poils personnalis\u00e9s : il existe des poils \u00e0 effet germicide, blanchissant et \u00e0 la vitamine C. Le propri\u00e9taire, Michele Longato : \u00ab\u00a0Nous sommes \u00e0 l&rsquo;avant-garde en proposant cette toute nouvelle technologie\u00a0\u00bb<\/em><\/p>\n<p>Apr\u00e8s le grand succ\u00e8s de l&rsquo;innovante \u00ab\u00a0Piuma Brush\u00a0\u00bb, la brosse \u00e0 dents prim\u00e9e au design unique Made in Italy, la soci\u00e9t\u00e9 qui a cr\u00e9\u00e9 \u00ab\u00a0Piuma Care\u00a0\u00bb, bas\u00e9e \u00e0 Noventa di Piave, dans la r\u00e9gion de Venise, lance maintenant d&rsquo;autres innovations technologiques pour le soin du sourire.<\/p>\n<p>Outre les poils actuels des brosses \u00e0 dents, constitu\u00e9s de mat\u00e9riaux antibact\u00e9riens, qui sont parmi les plus efficaces et les plus d\u00e9licats qui soient, il existe \u00e9galement des <strong> poils au charbon actif <\/strong> obtenus par un processus de carbonisation du bois 100% naturel, qui ont pour effet naturel de blanchir les dents. En plus de cela, il y a aussi la brosse \u00e0 dents avec <strong> des poils fluor\u00e9s <\/strong> qui maintiennent l&rsquo;\u00e9quilibre du ph de la bouche, en renfor\u00e7ant les parties d\u00e9min\u00e9ralis\u00e9es de l&rsquo;\u00e9mail des dents. Mais cela ne s&rsquo;arr\u00eate pas l\u00e0. Il existe m\u00eame des projets de brosse \u00e0 dents avec <strong> des poils \u00e0 la vitamine C <\/strong>, avec toutes les propri\u00e9t\u00e9s positives connues pour le syst\u00e8me immunitaire et un effet antiviral tr\u00e8s recherch\u00e9. Ces innovations sont rendues possibles gr\u00e2ce aux poils en nylon \u00e9cologique, qui utilisent des mati\u00e8res premi\u00e8res issues de sources renouvelables, r\u00e9alis\u00e9es dans le respect de l&rsquo;environnement et de l&rsquo;\u00e9cologie, car elles proviennent \u00e9galement de plastique recycl\u00e9.<\/p>\n<p>\u00ab\u00a0Cela a demand\u00e9 beaucoup de travail, mais finalement nous sommes fiers de pr\u00e9senter notre collection\u00a0\u00bb, explique Michele Longato, propri\u00e9taire de Piuma Care. \u00ab\u00a0De nombreux produits sont absolument uniques et avant-gardistes dans leur genre. Nous r\u00e9pondons \u00e0 tous les besoins : tous ceux qui ont des gencives sensibles, des dents qui ont perdu leur blancheur naturelle, une mauvaise haleine, des germes dans la cavit\u00e9 buccale ou des irritations, peuvent d\u00e9sormais avoir leur propre brosse \u00e0 dents sp\u00e9cifique, avec des poils sp\u00e9cialement con\u00e7us pour eux. Chacun a sa propre couleur, ce qui pr\u00e9sente \u00e9galement un avantage esth\u00e9tique. Les poils jaunes sont ceux qui contiennent de la vitamine C, les gris ceux qui contiennent du charbon actif, tandis que les blancs renforcent l&rsquo;\u00e9mail dentaire, en plus de ceux d\u00e9j\u00e0 pr\u00e9sents dans le catalogue qui sont noirs et arrondis afin d&rsquo;\u00eatre parmi les plus d\u00e9licats et doux au monde. Nous pouvons nous permettre ces personnalisations car nous travaillons sur un produit de qualit\u00e9 et exclusif.<\/p>\n<p>Piuma Care a \u00e9t\u00e9 fond\u00e9e par Longato, un manager qui, apr\u00e8s une exp\u00e9rience professionnelle dans diverses multinationales aux \u00c9tats-Unis et au Japon et un passage dans l&rsquo;entreprise familiale (Stampoplast, qui op\u00e8re dans le domaine de la transformation des mati\u00e8res plastiques), a fond\u00e9 sa propre entreprise sp\u00e9cialis\u00e9e dans les produits d&rsquo;hygi\u00e8ne bucco-dentaire, aux designs innovants et con\u00e7us avec des technologies d&rsquo;avant-garde. Toute la production est r\u00e9alis\u00e9e dans les usines de l&rsquo;entreprise et le choix des mat\u00e9riaux et des partenaires est enti\u00e8rement fait en Italie.<\/p>\n<p>Les brevets de Piuma, d\u00e9j\u00e0 sur le march\u00e9, b\u00e9n\u00e9ficient d&rsquo;une reconnaissance internationale. Le plus important a \u00e9t\u00e9 le prix obtenu par la brosse \u00e0 dents Piuma Brush, con\u00e7ue en collaboration avec Hangar Design Group : la mention honorable \u00e0 la XXVI\u00e8me \u00e9dition du Compasso d&rsquo;Oro, le concours le plus convoit\u00e9 par ceux qui travaillent dans le monde du design (il existe depuis 1954). Mais l&rsquo;entreprise a \u00e9galement remport\u00e9 le prix au Product Design Red Dot Award 2019 : 5 500 produits de 55 pays diff\u00e9rents \u00e9taient candidats. La brosse \u00e0 dents Piuma est \u00e9galement expos\u00e9e au Mus\u00e9e des Sciences et des Technologies de Milan, faisant partie de la s\u00e9lection de l&rsquo;Adi (l&rsquo;Association de design industriel) : elle est consid\u00e9r\u00e9e comme un accessoire d&rsquo;ameublement, tellement son design a \u00e9t\u00e9 soign\u00e9. Gr\u00e2ce \u00e0 la base qui contient un affichage de la date qui vous avertit quand il est temps de la changer, une sorte de sablier qui garantit une hygi\u00e8ne parfaite. En outre, tous les mat\u00e9riaux utilis\u00e9s sont conformes aux normes FDA pour le march\u00e9 am\u00e9ricain, garantissant des niveaux d&rsquo;hygi\u00e8ne antibact\u00e9rienne extr\u00eamement \u00e9lev\u00e9s.<\/p>\n<p>Il faut dire que Piuma Care s&rsquo;est fix\u00e9 pour objectif de cr\u00e9er un \u00e9cosyst\u00e8me o\u00f9 l&rsquo;hygi\u00e8ne buccale et le design se rejoignent dans un lifestyle baptis\u00e9 \u00ab\u00a0Piuma Way\u00a0\u00bb. L\u2019entreprise a \u00e9galement \u00e9t\u00e9 la premi\u00e8re \u00e0 proposer un dentifrice dans un emballage \u00e9quip\u00e9 de la technologie airless, habituellement utilis\u00e9e pour les cr\u00e8mes les plus sophistiqu\u00e9es. Enfin, sur le front des nouveaux produits, elle a \u00e9galement cr\u00e9\u00e9 r\u00e9cemment un bain de bouche, propos\u00e9 dans un emballage r\u00e9volutionnaire en aluminium pour souligner son engagement continu en faveur de l&rsquo;environnement.<\/p>\n<p>SERVICE DE PRESSE<\/p>\n<\/div><\/div><\/div><\/div><\/div>\n","protected":false},"excerpt":{"rendered":"","protected":false},"author":9000000,"featured_media":0,"parent":1963,"menu_order":0,"comment_status":"closed","ping_status":"closed","template":"100-width.php","meta":{"footnotes":""},"class_list":["post-2085","page","type-page","status-publish","hentry"],"yoast_head":"<!-- This site is optimized with the Yoast SEO plugin v27.4 - https:\/\/yoast.com\/product\/yoast-seo-wordpress\/ -->\n<title>Piuma B Active - Piuma Care<\/title>\n<meta name=\"robots\" content=\"index, follow, max-snippet:-1, max-image-preview:large, max-video-preview:-1\" \/>\n<link rel=\"canonical\" href=\"https:\/\/www.piumacare.com\/fr\/journal\/piuma-b-active\/\" \/>\n<meta property=\"og:locale\" content=\"fr_FR\" \/>\n<meta property=\"og:type\" content=\"article\" \/>\n<meta property=\"og:title\" content=\"Piuma B Active - Piuma Care\" \/>\n<meta property=\"og:url\" content=\"https:\/\/www.piumacare.com\/fr\/journal\/piuma-b-active\/\" \/>\n<meta property=\"og:site_name\" content=\"Piuma Care\" \/>\n<meta property=\"article:modified_time\" content=\"2021-10-09T15:21:26+00:00\" \/>\n<meta name=\"twitter:card\" content=\"summary_large_image\" \/>\n<meta name=\"twitter:label1\" content=\"Dur\u00e9e de lecture estim\u00e9e\" \/>\n\t<meta name=\"twitter:data1\" content=\"10 minutes\" \/>\n<script type=\"application\/ld+json\" class=\"yoast-schema-graph\">{\"@context\":\"https:\\\/\\\/schema.org\",\"@graph\":[{\"@type\":\"WebPage\",\"@id\":\"https:\\\/\\\/www.piumacare.com\\\/fr\\\/journal\\\/piuma-b-active\\\/\",\"url\":\"https:\\\/\\\/www.piumacare.com\\\/fr\\\/journal\\\/piuma-b-active\\\/\",\"name\":\"Piuma B Active - Piuma Care\",\"isPartOf\":{\"@id\":\"https:\\\/\\\/www.piumacare.com\\\/fr\\\/#website\"},\"datePublished\":\"2021-07-21T16:22:27+00:00\",\"dateModified\":\"2021-10-09T15:21:26+00:00\",\"breadcrumb\":{\"@id\":\"https:\\\/\\\/www.piumacare.com\\\/fr\\\/journal\\\/piuma-b-active\\\/#breadcrumb\"},\"inLanguage\":\"fr-FR\",\"potentialAction\":[{\"@type\":\"ReadAction\",\"target\":[\"https:\\\/\\\/www.piumacare.com\\\/fr\\\/journal\\\/piuma-b-active\\\/\"]}]},{\"@type\":\"BreadcrumbList\",\"@id\":\"https:\\\/\\\/www.piumacare.com\\\/fr\\\/journal\\\/piuma-b-active\\\/#breadcrumb\",\"itemListElement\":[{\"@type\":\"ListItem\",\"position\":1,\"name\":\"Home\",\"item\":\"https:\\\/\\\/www.piumacare.com\\\/fr\\\/accueil-fr\\\/\"},{\"@type\":\"ListItem\",\"position\":2,\"name\":\"Journal\",\"item\":\"https:\\\/\\\/www.piumacare.com\\\/fr\\\/journal\\\/\"},{\"@type\":\"ListItem\",\"position\":3,\"name\":\"Piuma B Active\"}]},{\"@type\":\"WebSite\",\"@id\":\"https:\\\/\\\/www.piumacare.com\\\/fr\\\/#website\",\"url\":\"https:\\\/\\\/www.piumacare.com\\\/fr\\\/\",\"name\":\"Piuma Care\",\"description\":\"La scienza del sorriso\",\"potentialAction\":[{\"@type\":\"SearchAction\",\"target\":{\"@type\":\"EntryPoint\",\"urlTemplate\":\"https:\\\/\\\/www.piumacare.com\\\/fr\\\/?s={search_term_string}\"},\"query-input\":{\"@type\":\"PropertyValueSpecification\",\"valueRequired\":true,\"valueName\":\"search_term_string\"}}],\"inLanguage\":\"fr-FR\"}]}<\/script>\n<!-- \/ Yoast SEO plugin. -->","yoast_head_json":{"title":"Piuma B Active - Piuma Care","robots":{"index":"index","follow":"follow","max-snippet":"max-snippet:-1","max-image-preview":"max-image-preview:large","max-video-preview":"max-video-preview:-1"},"canonical":"https:\/\/www.piumacare.com\/fr\/journal\/piuma-b-active\/","og_locale":"fr_FR","og_type":"article","og_title":"Piuma B Active - Piuma Care","og_url":"https:\/\/www.piumacare.com\/fr\/journal\/piuma-b-active\/","og_site_name":"Piuma Care","article_modified_time":"2021-10-09T15:21:26+00:00","twitter_card":"summary_large_image","twitter_misc":{"Dur\u00e9e de lecture estim\u00e9e":"10 minutes"},"schema":{"@context":"https:\/\/schema.org","@graph":[{"@type":"WebPage","@id":"https:\/\/www.piumacare.com\/fr\/journal\/piuma-b-active\/","url":"https:\/\/www.piumacare.com\/fr\/journal\/piuma-b-active\/","name":"Piuma B Active - Piuma Care","isPartOf":{"@id":"https:\/\/www.piumacare.com\/fr\/#website"},"datePublished":"2021-07-21T16:22:27+00:00","dateModified":"2021-10-09T15:21:26+00:00","breadcrumb":{"@id":"https:\/\/www.piumacare.com\/fr\/journal\/piuma-b-active\/#breadcrumb"},"inLanguage":"fr-FR","potentialAction":[{"@type":"ReadAction","target":["https:\/\/www.piumacare.com\/fr\/journal\/piuma-b-active\/"]}]},{"@type":"BreadcrumbList","@id":"https:\/\/www.piumacare.com\/fr\/journal\/piuma-b-active\/#breadcrumb","itemListElement":[{"@type":"ListItem","position":1,"name":"Home","item":"https:\/\/www.piumacare.com\/fr\/accueil-fr\/"},{"@type":"ListItem","position":2,"name":"Journal","item":"https:\/\/www.piumacare.com\/fr\/journal\/"},{"@type":"ListItem","position":3,"name":"Piuma B Active"}]},{"@type":"WebSite","@id":"https:\/\/www.piumacare.com\/fr\/#website","url":"https:\/\/www.piumacare.com\/fr\/","name":"Piuma Care","description":"La scienza del sorriso","potentialAction":[{"@type":"SearchAction","target":{"@type":"EntryPoint","urlTemplate":"https:\/\/www.piumacare.com\/fr\/?s={search_term_string}"},"query-input":{"@type":"PropertyValueSpecification","valueRequired":true,"valueName":"search_term_string"}}],"inLanguage":"fr-FR"}]}},"_links":{"self":[{"href":"https:\/\/www.piumacare.com\/fr\/wp-json\/wp\/v2\/pages\/2085","targetHints":{"allow":["GET"]}}],"collection":[{"href":"https:\/\/www.piumacare.com\/fr\/wp-json\/wp\/v2\/pages"}],"about":[{"href":"https:\/\/www.piumacare.com\/fr\/wp-json\/wp\/v2\/types\/page"}],"author":[{"embeddable":true,"href":"https:\/\/www.piumacare.com\/fr\/wp-json\/wp\/v2\/users\/9000000"}],"replies":[{"embeddable":true,"href":"https:\/\/www.piumacare.com\/fr\/wp-json\/wp\/v2\/comments?post=2085"}],"version-history":[{"count":0,"href":"https:\/\/www.piumacare.com\/fr\/wp-json\/wp\/v2\/pages\/2085\/revisions"}],"up":[{"embeddable":true,"href":"https:\/\/www.piumacare.com\/fr\/wp-json\/wp\/v2\/pages\/1963"}],"wp:attachment":[{"href":"https:\/\/www.piumacare.com\/fr\/wp-json\/wp\/v2\/media?parent=2085"}],"curies":[{"name":"wp","href":"https:\/\/api.w.org\/{rel}","templated":true}]}}