{"id":2097,"date":"2021-07-21T18:31:50","date_gmt":"2021-07-21T16:31:50","guid":{"rendered":"https:\/\/piumacare.com\/journal\/la-famille-sagrandit\/"},"modified":"2021-10-09T17:26:40","modified_gmt":"2021-10-09T15:26:40","slug":"la-famille-sagrandit","status":"publish","type":"page","link":"https:\/\/www.piumacare.com\/fr\/journal\/la-famille-sagrandit\/","title":{"rendered":"La famille s\u2019agrandit"},"content":{"rendered":"<div class=\"fusion-fullwidth fullwidth-box fusion-builder-row-1 fusion-flex-container nonhundred-percent-fullwidth non-hundred-percent-height-scrolling\" style=\"--awb-border-radius-top-left:0px;--awb-border-radius-top-right:0px;--awb-border-radius-bottom-right:0px;--awb-border-radius-bottom-left:0px;--awb-flex-wrap:wrap;\" ><div class=\"fusion-builder-row fusion-row fusion-flex-align-items-flex-start fusion-flex-content-wrap\" style=\"max-width:1248px;margin-left: calc(-4% \/ 2 );margin-right: calc(-4% \/ 2 );\"><div class=\"fusion-layout-column fusion_builder_column fusion-builder-column-0 fusion_builder_column_1_2 1_2 fusion-flex-column\" style=\"--awb-bg-size:cover;--awb-width-large:50%;--awb-margin-top-large:0px;--awb-spacing-right-large:7.68%;--awb-margin-bottom-large:20px;--awb-spacing-left-large:7.68%;--awb-width-medium:50%;--awb-order-medium:0;--awb-spacing-right-medium:7.68%;--awb-spacing-left-medium:7.68%;--awb-width-small:100%;--awb-order-small:0;--awb-spacing-right-small:1.92%;--awb-spacing-left-small:1.92%;\"><div class=\"fusion-column-wrapper fusion-column-has-shadow fusion-flex-justify-content-flex-start fusion-content-layout-column\"><div class=\"fusion-image-element \" style=\"text-align:center;--awb-caption-title-font-family:var(--h2_typography-font-family);--awb-caption-title-font-weight:var(--h2_typography-font-weight);--awb-caption-title-font-style:var(--h2_typography-font-style);--awb-caption-title-size:var(--h2_typography-font-size);--awb-caption-title-transform:var(--h2_typography-text-transform);--awb-caption-title-line-height:var(--h2_typography-line-height);--awb-caption-title-letter-spacing:var(--h2_typography-letter-spacing);\"><span class=\" fusion-imageframe imageframe-none imageframe-1 hover-type-none\"><img decoding=\"async\" width=\"1000\" height=\"1500\" title=\"news-collutorio-1000x\" src=\"https:\/\/piumacare.com\/wp-content\/uploads\/2021\/06\/news-collutorio-1000x.jpg\" alt class=\"img-responsive wp-image-1278\" srcset=\"https:\/\/www.piumacare.com\/wp-content\/uploads\/2021\/06\/news-collutorio-1000x-200x300.jpg 200w, https:\/\/www.piumacare.com\/wp-content\/uploads\/2021\/06\/news-collutorio-1000x-400x600.jpg 400w, https:\/\/www.piumacare.com\/wp-content\/uploads\/2021\/06\/news-collutorio-1000x-600x900.jpg 600w, https:\/\/www.piumacare.com\/wp-content\/uploads\/2021\/06\/news-collutorio-1000x-800x1200.jpg 800w, https:\/\/www.piumacare.com\/wp-content\/uploads\/2021\/06\/news-collutorio-1000x.jpg 1000w\" sizes=\"(max-width: 640px) 100vw, 600px\" \/><\/span><\/div><\/div><\/div><div class=\"fusion-layout-column fusion_builder_column fusion-builder-column-1 fusion_builder_column_1_2 1_2 fusion-flex-column\" style=\"--awb-bg-size:cover;--awb-width-large:50%;--awb-margin-top-large:0px;--awb-spacing-right-large:7.68%;--awb-margin-bottom-large:20px;--awb-spacing-left-large:7.68%;--awb-width-medium:50%;--awb-order-medium:0;--awb-spacing-right-medium:7.68%;--awb-spacing-left-medium:7.68%;--awb-width-small:100%;--awb-order-small:0;--awb-spacing-right-small:1.92%;--awb-spacing-left-small:1.92%;\"><div class=\"fusion-column-wrapper fusion-column-has-shadow fusion-flex-justify-content-flex-start fusion-content-layout-column\"><div class=\"fusion-text fusion-text-1\" style=\"--awb-font-size:13px;--awb-letter-spacing:1px;--awb-text-color:#000000;\"><p><div class=\"fusion-fa-align-left\"><a class=\"fb-icon-element-1 fb-icon-element fontawesome-icon fa-arrow-left fas circle-yes fusion-link\" style=\"--awb-iconcolor:#000000;--awb-iconcolor-hover:#686868;--awb-circlecolor:rgba(74,78,87,0);--awb-circlecolor-hover:rgba(255,255,255,0);--awb-circlebordersize:0px;--awb-font-size:12.32px;--awb-width:24.64px;--awb-height:24.64px;--awb-line-height:24.64px;--awb-margin-right:7px;\" href=\"https:\/\/piumacare.com\" target=\"_self\" aria-label=\"Link to https:\/\/piumacare.com\"><\/a><\/div><a href=\"https:\/\/piumacare.com\/fr\/\"><u>BACK TO HOME<\/u><\/a><\/p>\n<\/div><div class=\"fusion-text fusion-text-2\"><h1 style=\"font-size: calc(1.75rem + 0.3vw); color: #000;\">La famille Piuma<sup style=\"font-size: 15px;\">\u00ae<\/sup> s\u2019agrandit !<\/h1>\n<\/div><div class=\"fusion-text fusion-text-3\" style=\"--awb-text-color:#000000;\"><p>Bienvenue \u00e0 FRESH, le nouveau bain de bouche con\u00e7u et produit en Italie gr\u00e2ce \u00e0 la recherche Piuma avec une formule sp\u00e9ciale apaisante et antibact\u00e9rienne dans un agr\u00e9able parfum de menthe.<\/p>\n<p>Pr\u00e9sent\u00e9 dans un flacon innovant en aluminium 100% recyclable, r\u00e9utilisable et \u00e9cologique, Piuma FRESH \u00e9largit la famille de produits con\u00e7us pour votre hygi\u00e8ne quotidienne, en la transformant en un v\u00e9ritable rituel de beaut\u00e9 ; pour une hygi\u00e8ne maximale et un sourire sain, plus longtemps.<\/p>\n<\/div><\/div><\/div><\/div><\/div>\n","protected":false},"excerpt":{"rendered":"","protected":false},"author":9000000,"featured_media":0,"parent":1963,"menu_order":0,"comment_status":"closed","ping_status":"closed","template":"100-width.php","meta":{"footnotes":""},"class_list":["post-2097","page","type-page","status-publish","hentry"],"yoast_head":"<!-- This site is optimized with the Yoast SEO plugin v27.4 - https:\/\/yoast.com\/product\/yoast-seo-wordpress\/ -->\n<title>La famille s\u2019agrandit - Piuma Care<\/title>\n<meta name=\"robots\" content=\"index, follow, max-snippet:-1, max-image-preview:large, max-video-preview:-1\" \/>\n<link rel=\"canonical\" href=\"https:\/\/www.piumacare.com\/fr\/journal\/la-famille-sagrandit\/\" \/>\n<meta property=\"og:locale\" content=\"fr_FR\" \/>\n<meta property=\"og:type\" content=\"article\" \/>\n<meta property=\"og:title\" content=\"La famille s\u2019agrandit - Piuma Care\" \/>\n<meta property=\"og:url\" content=\"https:\/\/www.piumacare.com\/fr\/journal\/la-famille-sagrandit\/\" \/>\n<meta property=\"og:site_name\" content=\"Piuma Care\" \/>\n<meta property=\"article:modified_time\" content=\"2021-10-09T15:26:40+00:00\" \/>\n<meta name=\"twitter:card\" content=\"summary_large_image\" \/>\n<meta name=\"twitter:label1\" content=\"Dur\u00e9e de lecture estim\u00e9e\" \/>\n\t<meta name=\"twitter:data1\" content=\"6 minutes\" \/>\n<script type=\"application\/ld+json\" class=\"yoast-schema-graph\">{\"@context\":\"https:\\\/\\\/schema.org\",\"@graph\":[{\"@type\":\"WebPage\",\"@id\":\"https:\\\/\\\/www.piumacare.com\\\/fr\\\/journal\\\/la-famille-sagrandit\\\/\",\"url\":\"https:\\\/\\\/www.piumacare.com\\\/fr\\\/journal\\\/la-famille-sagrandit\\\/\",\"name\":\"La famille s\u2019agrandit - Piuma Care\",\"isPartOf\":{\"@id\":\"https:\\\/\\\/www.piumacare.com\\\/fr\\\/#website\"},\"datePublished\":\"2021-07-21T16:31:50+00:00\",\"dateModified\":\"2021-10-09T15:26:40+00:00\",\"breadcrumb\":{\"@id\":\"https:\\\/\\\/www.piumacare.com\\\/fr\\\/journal\\\/la-famille-sagrandit\\\/#breadcrumb\"},\"inLanguage\":\"fr-FR\",\"potentialAction\":[{\"@type\":\"ReadAction\",\"target\":[\"https:\\\/\\\/www.piumacare.com\\\/fr\\\/journal\\\/la-famille-sagrandit\\\/\"]}]},{\"@type\":\"BreadcrumbList\",\"@id\":\"https:\\\/\\\/www.piumacare.com\\\/fr\\\/journal\\\/la-famille-sagrandit\\\/#breadcrumb\",\"itemListElement\":[{\"@type\":\"ListItem\",\"position\":1,\"name\":\"Home\",\"item\":\"https:\\\/\\\/www.piumacare.com\\\/fr\\\/accueil-fr\\\/\"},{\"@type\":\"ListItem\",\"position\":2,\"name\":\"Journal\",\"item\":\"https:\\\/\\\/www.piumacare.com\\\/fr\\\/journal\\\/\"},{\"@type\":\"ListItem\",\"position\":3,\"name\":\"La famille s\u2019agrandit\"}]},{\"@type\":\"WebSite\",\"@id\":\"https:\\\/\\\/www.piumacare.com\\\/fr\\\/#website\",\"url\":\"https:\\\/\\\/www.piumacare.com\\\/fr\\\/\",\"name\":\"Piuma Care\",\"description\":\"La scienza del sorriso\",\"potentialAction\":[{\"@type\":\"SearchAction\",\"target\":{\"@type\":\"EntryPoint\",\"urlTemplate\":\"https:\\\/\\\/www.piumacare.com\\\/fr\\\/?s={search_term_string}\"},\"query-input\":{\"@type\":\"PropertyValueSpecification\",\"valueRequired\":true,\"valueName\":\"search_term_string\"}}],\"inLanguage\":\"fr-FR\"}]}<\/script>\n<!-- \/ Yoast SEO plugin. -->","yoast_head_json":{"title":"La famille s\u2019agrandit - Piuma Care","robots":{"index":"index","follow":"follow","max-snippet":"max-snippet:-1","max-image-preview":"max-image-preview:large","max-video-preview":"max-video-preview:-1"},"canonical":"https:\/\/www.piumacare.com\/fr\/journal\/la-famille-sagrandit\/","og_locale":"fr_FR","og_type":"article","og_title":"La famille s\u2019agrandit - Piuma Care","og_url":"https:\/\/www.piumacare.com\/fr\/journal\/la-famille-sagrandit\/","og_site_name":"Piuma Care","article_modified_time":"2021-10-09T15:26:40+00:00","twitter_card":"summary_large_image","twitter_misc":{"Dur\u00e9e de lecture estim\u00e9e":"6 minutes"},"schema":{"@context":"https:\/\/schema.org","@graph":[{"@type":"WebPage","@id":"https:\/\/www.piumacare.com\/fr\/journal\/la-famille-sagrandit\/","url":"https:\/\/www.piumacare.com\/fr\/journal\/la-famille-sagrandit\/","name":"La famille s\u2019agrandit - Piuma Care","isPartOf":{"@id":"https:\/\/www.piumacare.com\/fr\/#website"},"datePublished":"2021-07-21T16:31:50+00:00","dateModified":"2021-10-09T15:26:40+00:00","breadcrumb":{"@id":"https:\/\/www.piumacare.com\/fr\/journal\/la-famille-sagrandit\/#breadcrumb"},"inLanguage":"fr-FR","potentialAction":[{"@type":"ReadAction","target":["https:\/\/www.piumacare.com\/fr\/journal\/la-famille-sagrandit\/"]}]},{"@type":"BreadcrumbList","@id":"https:\/\/www.piumacare.com\/fr\/journal\/la-famille-sagrandit\/#breadcrumb","itemListElement":[{"@type":"ListItem","position":1,"name":"Home","item":"https:\/\/www.piumacare.com\/fr\/accueil-fr\/"},{"@type":"ListItem","position":2,"name":"Journal","item":"https:\/\/www.piumacare.com\/fr\/journal\/"},{"@type":"ListItem","position":3,"name":"La famille s\u2019agrandit"}]},{"@type":"WebSite","@id":"https:\/\/www.piumacare.com\/fr\/#website","url":"https:\/\/www.piumacare.com\/fr\/","name":"Piuma Care","description":"La scienza del sorriso","potentialAction":[{"@type":"SearchAction","target":{"@type":"EntryPoint","urlTemplate":"https:\/\/www.piumacare.com\/fr\/?s={search_term_string}"},"query-input":{"@type":"PropertyValueSpecification","valueRequired":true,"valueName":"search_term_string"}}],"inLanguage":"fr-FR"}]}},"_links":{"self":[{"href":"https:\/\/www.piumacare.com\/fr\/wp-json\/wp\/v2\/pages\/2097","targetHints":{"allow":["GET"]}}],"collection":[{"href":"https:\/\/www.piumacare.com\/fr\/wp-json\/wp\/v2\/pages"}],"about":[{"href":"https:\/\/www.piumacare.com\/fr\/wp-json\/wp\/v2\/types\/page"}],"author":[{"embeddable":true,"href":"https:\/\/www.piumacare.com\/fr\/wp-json\/wp\/v2\/users\/9000000"}],"replies":[{"embeddable":true,"href":"https:\/\/www.piumacare.com\/fr\/wp-json\/wp\/v2\/comments?post=2097"}],"version-history":[{"count":0,"href":"https:\/\/www.piumacare.com\/fr\/wp-json\/wp\/v2\/pages\/2097\/revisions"}],"up":[{"embeddable":true,"href":"https:\/\/www.piumacare.com\/fr\/wp-json\/wp\/v2\/pages\/1963"}],"wp:attachment":[{"href":"https:\/\/www.piumacare.com\/fr\/wp-json\/wp\/v2\/media?parent=2097"}],"curies":[{"name":"wp","href":"https:\/\/api.w.org\/{rel}","templated":true}]}}