{"id":2438,"date":"2021-07-23T09:43:01","date_gmt":"2021-07-23T07:43:01","guid":{"rendered":"https:\/\/piumacare.com\/retours\/"},"modified":"2021-10-18T16:38:10","modified_gmt":"2021-10-18T14:38:10","slug":"retours","status":"publish","type":"page","link":"https:\/\/www.piumacare.com\/fr\/retours\/","title":{"rendered":"Retours et envois"},"content":{"rendered":"<p><div class=\"fusion-fullwidth fullwidth-box fusion-builder-row-1 fusion-flex-container nonhundred-percent-fullwidth non-hundred-percent-height-scrolling\" style=\"--awb-border-radius-top-left:0px;--awb-border-radius-top-right:0px;--awb-border-radius-bottom-right:0px;--awb-border-radius-bottom-left:0px;--awb-flex-wrap:wrap;\" ><div class=\"fusion-builder-row fusion-row fusion-flex-align-items-flex-start fusion-flex-content-wrap\" style=\"max-width:1248px;margin-left: calc(-4% \/ 2 );margin-right: calc(-4% \/ 2 );\"><div class=\"fusion-layout-column fusion_builder_column fusion-builder-column-0 fusion_builder_column_1_1 1_1 fusion-flex-column\" style=\"--awb-bg-size:cover;--awb-width-large:100%;--awb-margin-top-large:0px;--awb-spacing-right-large:1.92%;--awb-margin-bottom-large:20px;--awb-spacing-left-large:1.92%;--awb-width-medium:100%;--awb-order-medium:0;--awb-spacing-right-medium:1.92%;--awb-spacing-left-medium:1.92%;--awb-width-small:100%;--awb-order-small:0;--awb-spacing-right-small:1.92%;--awb-spacing-left-small:1.92%;\"><div class=\"fusion-column-wrapper fusion-column-has-shadow fusion-flex-justify-content-flex-start fusion-content-layout-column\"><div class=\"fusion-text fusion-text-1\"><div class=\"content-text\">\n<h3>Livraison<\/h3>\n<p>La livraison est gratuite pour toutes les commandes.<\/p>\n<p>Nous livrons en Italie* et dans toute l&rsquo;Union europ\u00e9enne (Autriche, Belgique, Bulgarie, Croatie, Danemark, Estonie, Finlande, France, Allemagne, Gr\u00e8ce, Irlande, Lettonie, Lituanie, Luxembourg, Pays-Bas, Pologne, Portugal, Royaume-Uni, R\u00e9publique tch\u00e8que, Roumanie, Slovaquie, Slov\u00e9nie, Espagne, Su\u00e8de, Hongrie, Malte, Chypre, Monaco).<\/p>\n<p>En g\u00e9n\u00e9ral, la pr\u00e9paration et l&rsquo;exp\u00e9dition de votre commande prennent 1 \u00e0 2 jours ouvrables, tandis que la livraison par le transporteur peut varier en fonction de la destination :<\/p>\n<p>&#8211; Italie : 1 \u00e0 3 jours ouvrables ;<\/p>\n<p>&#8211; Union europ\u00e9enne : 1 \u00e0 5 jours ouvrables ;<\/p>\n<p>Une fois votre commande exp\u00e9di\u00e9e, vous recevrez un email vous permettant de suivre votre colis ; les mises \u00e0 jour sur le statut de votre commande sont g\u00e9n\u00e9ralement disponibles dans les heures qui suivent la r\u00e9ception de l\u2019email.<\/p>\n<p>Nous ferons tout notre possible pour livrer votre commande rapidement.<\/p>\n<p>*Livigno, La Maddalena, Asinara, les \u00eeles Tremiti, Ustica et Carloforte ne sont pas inclus.<\/p>\n<\/div>\n<\/div><\/div><\/div><\/div><\/div><div class=\"fusion-fullwidth fullwidth-box fusion-builder-row-2 fusion-flex-container nonhundred-percent-fullwidth non-hundred-percent-height-scrolling\" style=\"--awb-border-radius-top-left:0px;--awb-border-radius-top-right:0px;--awb-border-radius-bottom-right:0px;--awb-border-radius-bottom-left:0px;--awb-flex-wrap:wrap;\" ><div class=\"fusion-builder-row fusion-row fusion-flex-align-items-flex-start fusion-flex-justify-content-center fusion-flex-content-wrap\" style=\"max-width:1248px;margin-left: calc(-4% \/ 2 );margin-right: calc(-4% \/ 2 );\"><div class=\"fusion-layout-column fusion_builder_column fusion-builder-column-1 fusion_builder_column_1_2 1_2 fusion-flex-column\" style=\"--awb-bg-size:cover;--awb-width-large:50%;--awb-margin-top-large:0px;--awb-spacing-right-large:3.84%;--awb-margin-bottom-large:0px;--awb-spacing-left-large:3.84%;--awb-width-medium:50%;--awb-spacing-right-medium:3.84%;--awb-spacing-left-medium:3.84%;--awb-width-small:100%;--awb-spacing-right-small:1.92%;--awb-spacing-left-small:1.92%;\"><div class=\"fusion-column-wrapper fusion-flex-justify-content-flex-start fusion-content-layout-column\"><div class=\"fusion-text fusion-text-2\"><div class=\"content-text\">\n<h3>Puis-je retourner un article command\u00e9 en ligne et demander un remplacement ou un remboursement ?<\/h3>\n<p>Vous avez la possibilit\u00e9 de nous retourner tout article command\u00e9 dans les 30 jours suivant la date de r\u00e9ception.<br \/>\nLors du retour du ou des articles, veuillez les renvoyer dans leur emballage d&rsquo;origine, accompagn\u00e9s des accessoires et documents fournis, et joindre le formulaire de livraison. Nous vous recommandons de prendre toutes les pr\u00e9cautions possibles pour garantir l&rsquo;int\u00e9grit\u00e9 du produit retourn\u00e9.<br \/>\nLes articles non retourn\u00e9s, retourn\u00e9s incomplets, ab\u00eem\u00e9s, endommag\u00e9s, d\u00e9t\u00e9rior\u00e9s, sales ou dans tout autre \u00e9tat pouvant raisonnablement laisser penser qu&rsquo;ils ont \u00e9t\u00e9 utilis\u00e9s, ne seront pas rembours\u00e9s ou remplac\u00e9s, de m\u00eame que les articles scell\u00e9s qui ont \u00e9t\u00e9 ouverts apr\u00e8s la livraison, pour des raisons d&rsquo;hygi\u00e8ne ou de protection de la sant\u00e9.<\/p>\n<\/div>\n<\/div><\/div><\/div><div class=\"fusion-layout-column fusion_builder_column fusion-builder-column-2 fusion_builder_column_1_2 1_2 fusion-flex-column\" style=\"--awb-bg-size:cover;--awb-width-large:50%;--awb-margin-top-large:0px;--awb-spacing-right-large:3.84%;--awb-margin-bottom-large:15px;--awb-spacing-left-large:3.84%;--awb-width-medium:50%;--awb-order-medium:0;--awb-spacing-right-medium:3.84%;--awb-spacing-left-medium:3.84%;--awb-width-small:100%;--awb-order-small:0;--awb-spacing-right-small:1.92%;--awb-spacing-left-small:1.92%;\"><div class=\"fusion-column-wrapper fusion-column-has-shadow fusion-flex-justify-content-flex-start fusion-content-layout-column\"><div class=\"fusion-form fusion-form-builder fusion-form-form-wrapper fusion-form-3861\" style=\"--awb-tooltip-text-color:#ffffff;--awb-tooltip-background-color:#333333;--awb-form-focus-border-color:#000000;--awb-form-focus-border-hover-color:rgba(0,0,0,0.5);\" data-form-id=\"3861\" data-config=\"{&quot;form_id&quot;:3861,&quot;form_post_id&quot;:3861,&quot;post_id&quot;:2438,&quot;form_type&quot;:&quot;ajax&quot;,&quot;confirmation_type&quot;:&quot;message&quot;,&quot;redirect_url&quot;:&quot;&quot;,&quot;redirect_timeout&quot;:&quot;0&quot;,&quot;field_labels&quot;:{&quot;nome&quot;:&quot;&quot;,&quot;email&quot;:&quot;&quot;,&quot;ordine&quot;:&quot;&quot;,&quot;data&quot;:&quot;&quot;,&quot;indirizzo&quot;:&quot;&quot;,&quot;cap&quot;:&quot;&quot;,&quot;motivazione&quot;:&quot;&quot;},&quot;field_logics&quot;:{&quot;nome&quot;:&quot;&quot;,&quot;email&quot;:&quot;&quot;,&quot;ordine&quot;:&quot;&quot;,&quot;data&quot;:&quot;&quot;,&quot;indirizzo&quot;:&quot;&quot;,&quot;cap&quot;:&quot;&quot;,&quot;motivazione&quot;:&quot;&quot;,&quot;submit_1&quot;:&quot;&quot;,&quot;notice_1&quot;:&quot;&quot;},&quot;field_types&quot;:{&quot;nome&quot;:&quot;text&quot;,&quot;email&quot;:&quot;email&quot;,&quot;ordine&quot;:&quot;text&quot;,&quot;data&quot;:&quot;date&quot;,&quot;indirizzo&quot;:&quot;text&quot;,&quot;cap&quot;:&quot;text&quot;,&quot;motivazione&quot;:&quot;text&quot;,&quot;submit_1&quot;:&quot;submit&quot;,&quot;notice_1&quot;:&quot;notice&quot;},&quot;nonce_method&quot;:&quot;ajax&quot;,&quot;form_views&quot;:&quot;ajax&quot;,&quot;form_views_counting&quot;:&quot;all&quot;}\"><form action=\"https:\/\/www.piumacare.com\/fr\/retours\/\" method=\"post\" class=\"fusion-form fusion-form-3861\"><div class=\"fusion-fullwidth fullwidth-box fusion-builder-row-2-1 fusion-flex-container nonhundred-percent-fullwidth non-hundred-percent-height-scrolling\" style=\"--awb-border-radius-top-left:0px;--awb-border-radius-top-right:0px;--awb-border-radius-bottom-right:0px;--awb-border-radius-bottom-left:0px;--awb-flex-wrap:wrap;\" ><div class=\"fusion-builder-row fusion-row fusion-flex-align-items-flex-start fusion-flex-content-wrap\" style=\"width:104% !important;max-width:104% !important;margin-left: calc(-4% \/ 2 );margin-right: calc(-4% \/ 2 );\"><div class=\"fusion-layout-column fusion_builder_column fusion-builder-column-3 fusion_builder_column_1_1 1_1 fusion-flex-column\" style=\"--awb-bg-size:cover;--awb-width-large:100%;--awb-flex-grow:0;--awb-flex-shrink:0;--awb-margin-top-large:0px;--awb-spacing-right-large:1.92%;--awb-margin-bottom-large:20px;--awb-spacing-left-large:1.92%;--awb-width-medium:100%;--awb-order-medium:0;--awb-flex-grow-medium:0;--awb-flex-shrink-medium:0;--awb-spacing-right-medium:1.92%;--awb-spacing-left-medium:1.92%;--awb-width-small:100%;--awb-order-small:0;--awb-flex-grow-small:0;--awb-flex-shrink-small:0;--awb-spacing-right-small:1.92%;--awb-spacing-left-small:1.92%;\"><div class=\"fusion-column-wrapper fusion-column-has-shadow fusion-flex-justify-content-flex-start fusion-content-layout-column\"><div class=\"fusion-form-field fusion-form-text-field fusion-form-label-above\" style=\"\" data-form-id=\"3861\"><input type=\"text\" autocomplete=\"off\" name=\"nome\" id=\"nome\" value=\"\"  class=\"fusion-form-input\" required=\"true\" aria-required=\"true\" placeholder=\"Nom et pr\u00e9nom *\" data-holds-private-data=\"false\" minlength=\"0\"\/><\/div><div class=\"fusion-form-field fusion-form-email-field fusion-form-label-above\" style=\"\" data-form-id=\"3861\"><input type=\"email\" autocomplete=\"off\" name=\"email\" id=\"email\" value=\"\"  class=\"fusion-form-input\" required=\"true\" aria-required=\"true\" placeholder=\"Adresse e-mail *\" data-holds-private-data=\"false\"\/><\/div><div class=\"fusion-form-field fusion-form-text-field fusion-form-label-above\" style=\"\" data-form-id=\"3861\"><input type=\"text\" autocomplete=\"off\" name=\"ordine\" id=\"ordine\" value=\"\"  class=\"fusion-form-input\" required=\"true\" aria-required=\"true\" placeholder=\"Num\u00e9ro de commande *\" data-holds-private-data=\"false\" minlength=\"0\"\/><\/div><div class=\"fusion-form-field fusion-form-date-field fusion-form-label-above\" style=\"\" data-form-id=\"3861\"><input autocomplete=\"off\" type=\"date\" data-first-day=\"1\"  data-format=\"\" tabindex=\"\" id=\"data\" name=\"data\" data-type=\"custom\" value=\"\" data-holds-private-data=\"false\" class=\"fusion-form-input\" required=\"true\" aria-required=\"true\" placeholder=\"Date de la commande *\"autocomplete=\"no\"\/><\/div><div class=\"fusion-form-field fusion-form-text-field fusion-form-label-above\" style=\"\" data-form-id=\"3861\"><input type=\"text\" autocomplete=\"off\" name=\"indirizzo\" id=\"indirizzo\" value=\"\"  class=\"fusion-form-input\" required=\"true\" aria-required=\"true\" placeholder=\"Adresse compl\u00e8te *\" data-holds-private-data=\"false\" minlength=\"0\"\/><\/div><div class=\"fusion-form-field fusion-form-text-field fusion-form-label-above\" style=\"\" data-form-id=\"3861\"><input type=\"text\" autocomplete=\"off\" name=\"cap\" id=\"cap\" value=\"\"  class=\"fusion-form-input\" required=\"true\" aria-required=\"true\" placeholder=\"CODE POSTAL *\" data-holds-private-data=\"false\" minlength=\"0\"\/><\/div><div class=\"fusion-form-field fusion-form-text-field fusion-form-label-above\" style=\"\" data-form-id=\"3861\"><input type=\"text\" autocomplete=\"off\" name=\"motivazione\" id=\"motivazione\" value=\"\"  class=\"fusion-form-input\" required=\"true\" aria-required=\"true\" placeholder=\"Motif du retour *\" data-holds-private-data=\"false\" minlength=\"0\"\/><\/div><div class=\"fusion-form-field fusion-form-submit-field fusion-form-label-above\" style=\"\" data-form-id=\"3861\"><div style=\"text-align:center;\"><button type=\"submit\" class=\"fusion-button button-flat fusion-button-default-size button-custom fusion-button-default button-1 fusion-button-span-yes  button-default form-form-submit\" style=\"--button_accent_color:#000000;--button_accent_hover_color:#ffffff;--button_border_hover_color:#000000;--button_gradient_top_color:#f4f4f4;--button_gradient_bottom_color:#f4f4f4;--button_gradient_top_color_hover:#000000;--button_gradient_bottom_color_hover:#000000;\" data-form-number=\"3861\" tabindex=\"\"><span class=\"fusion-button-text awb-button__text awb-button__text--default\">Envoyer<\/span><\/button><\/div><\/div><div class=\"form-submission-notices data-notice_1\" id=\"fusion-notices-1\" data-instance=\"1\"><div class=\"fusion-alert alert success alert-success fusion-alert-center fusion-form-response fusion-form-response-success awb-alert-native-link-color alert-dismissable awb-alert-close-boxed\" role=\"alert\"><div class=\"fusion-alert-content-wrapper\"><span class=\"alert-icon\"><i class=\"awb-icon-check-circle\" aria-hidden=\"true\"><\/i><\/span><span class=\"fusion-alert-content\">Merci pour votre message. Il a \u00e9t\u00e9 envoy\u00e9.<\/span><\/div><button type=\"button\" class=\"close toggle-alert\" data-dismiss=\"alert\" aria-label=\"Close\">&times;<\/button><\/div><div class=\"fusion-alert alert error alert-danger fusion-alert-center fusion-form-response fusion-form-response-error awb-alert-native-link-color alert-dismissable awb-alert-close-boxed\" role=\"alert\"><div class=\"fusion-alert-content-wrapper\"><span class=\"alert-icon\"><i class=\"awb-icon-exclamation-triangle\" aria-hidden=\"true\"><\/i><\/span><span class=\"fusion-alert-content\">Une erreur s'est produite lors de l'envoi de votre message. Veuillez r\u00e9essayer plus tard.<\/span><\/div><button type=\"button\" class=\"close toggle-alert\" data-dismiss=\"alert\" aria-label=\"Close\">&times;<\/button><\/div><\/div><\/div><\/div><\/div><\/div><input type=\"hidden\" name=\"fusion_privacy_expiration_interval\" value=\"48\"><input type=\"hidden\" name=\"privacy_expiration_action\" value=\"anonymize\"><\/form><\/div><\/div><\/div><\/div><\/div><\/p>\n","protected":false},"excerpt":{"rendered":"","protected":false},"author":9000000,"featured_media":0,"parent":0,"menu_order":0,"comment_status":"closed","ping_status":"closed","template":"","meta":{"footnotes":""},"class_list":["post-2438","page","type-page","status-publish","hentry"],"yoast_head":"<!-- This site is optimized with the Yoast SEO plugin v27.4 - https:\/\/yoast.com\/product\/yoast-seo-wordpress\/ -->\n<title>Retours et envois - Piuma Care<\/title>\n<meta name=\"robots\" content=\"index, follow, max-snippet:-1, max-image-preview:large, max-video-preview:-1\" \/>\n<link rel=\"canonical\" href=\"https:\/\/www.piumacare.com\/fr\/retours\/\" \/>\n<meta property=\"og:locale\" content=\"fr_FR\" \/>\n<meta property=\"og:type\" content=\"article\" \/>\n<meta property=\"og:title\" content=\"Retours et envois - Piuma Care\" \/>\n<meta property=\"og:url\" content=\"https:\/\/www.piumacare.com\/fr\/retours\/\" \/>\n<meta property=\"og:site_name\" content=\"Piuma Care\" \/>\n<meta property=\"article:modified_time\" content=\"2021-10-18T14:38:10+00:00\" \/>\n<meta name=\"twitter:card\" content=\"summary_large_image\" \/>\n<meta name=\"twitter:label1\" content=\"Dur\u00e9e de lecture estim\u00e9e\" \/>\n\t<meta name=\"twitter:data1\" content=\"7 minutes\" \/>\n<script type=\"application\/ld+json\" class=\"yoast-schema-graph\">{\"@context\":\"https:\\\/\\\/schema.org\",\"@graph\":[{\"@type\":\"WebPage\",\"@id\":\"https:\\\/\\\/www.piumacare.com\\\/fr\\\/retours\\\/\",\"url\":\"https:\\\/\\\/www.piumacare.com\\\/fr\\\/retours\\\/\",\"name\":\"Retours et envois - Piuma Care\",\"isPartOf\":{\"@id\":\"https:\\\/\\\/www.piumacare.com\\\/fr\\\/#website\"},\"datePublished\":\"2021-07-23T07:43:01+00:00\",\"dateModified\":\"2021-10-18T14:38:10+00:00\",\"breadcrumb\":{\"@id\":\"https:\\\/\\\/www.piumacare.com\\\/fr\\\/retours\\\/#breadcrumb\"},\"inLanguage\":\"fr-FR\",\"potentialAction\":[{\"@type\":\"ReadAction\",\"target\":[\"https:\\\/\\\/www.piumacare.com\\\/fr\\\/retours\\\/\"]}]},{\"@type\":\"BreadcrumbList\",\"@id\":\"https:\\\/\\\/www.piumacare.com\\\/fr\\\/retours\\\/#breadcrumb\",\"itemListElement\":[{\"@type\":\"ListItem\",\"position\":1,\"name\":\"Home\",\"item\":\"https:\\\/\\\/www.piumacare.com\\\/fr\\\/accueil-fr\\\/\"},{\"@type\":\"ListItem\",\"position\":2,\"name\":\"Retours et envois\"}]},{\"@type\":\"WebSite\",\"@id\":\"https:\\\/\\\/www.piumacare.com\\\/fr\\\/#website\",\"url\":\"https:\\\/\\\/www.piumacare.com\\\/fr\\\/\",\"name\":\"Piuma Care\",\"description\":\"La scienza del sorriso\",\"potentialAction\":[{\"@type\":\"SearchAction\",\"target\":{\"@type\":\"EntryPoint\",\"urlTemplate\":\"https:\\\/\\\/www.piumacare.com\\\/fr\\\/?s={search_term_string}\"},\"query-input\":{\"@type\":\"PropertyValueSpecification\",\"valueRequired\":true,\"valueName\":\"search_term_string\"}}],\"inLanguage\":\"fr-FR\"}]}<\/script>\n<!-- \/ Yoast SEO plugin. -->","yoast_head_json":{"title":"Retours et envois - Piuma Care","robots":{"index":"index","follow":"follow","max-snippet":"max-snippet:-1","max-image-preview":"max-image-preview:large","max-video-preview":"max-video-preview:-1"},"canonical":"https:\/\/www.piumacare.com\/fr\/retours\/","og_locale":"fr_FR","og_type":"article","og_title":"Retours et envois - Piuma Care","og_url":"https:\/\/www.piumacare.com\/fr\/retours\/","og_site_name":"Piuma Care","article_modified_time":"2021-10-18T14:38:10+00:00","twitter_card":"summary_large_image","twitter_misc":{"Dur\u00e9e de lecture estim\u00e9e":"7 minutes"},"schema":{"@context":"https:\/\/schema.org","@graph":[{"@type":"WebPage","@id":"https:\/\/www.piumacare.com\/fr\/retours\/","url":"https:\/\/www.piumacare.com\/fr\/retours\/","name":"Retours et envois - Piuma Care","isPartOf":{"@id":"https:\/\/www.piumacare.com\/fr\/#website"},"datePublished":"2021-07-23T07:43:01+00:00","dateModified":"2021-10-18T14:38:10+00:00","breadcrumb":{"@id":"https:\/\/www.piumacare.com\/fr\/retours\/#breadcrumb"},"inLanguage":"fr-FR","potentialAction":[{"@type":"ReadAction","target":["https:\/\/www.piumacare.com\/fr\/retours\/"]}]},{"@type":"BreadcrumbList","@id":"https:\/\/www.piumacare.com\/fr\/retours\/#breadcrumb","itemListElement":[{"@type":"ListItem","position":1,"name":"Home","item":"https:\/\/www.piumacare.com\/fr\/accueil-fr\/"},{"@type":"ListItem","position":2,"name":"Retours et envois"}]},{"@type":"WebSite","@id":"https:\/\/www.piumacare.com\/fr\/#website","url":"https:\/\/www.piumacare.com\/fr\/","name":"Piuma Care","description":"La scienza del sorriso","potentialAction":[{"@type":"SearchAction","target":{"@type":"EntryPoint","urlTemplate":"https:\/\/www.piumacare.com\/fr\/?s={search_term_string}"},"query-input":{"@type":"PropertyValueSpecification","valueRequired":true,"valueName":"search_term_string"}}],"inLanguage":"fr-FR"}]}},"_links":{"self":[{"href":"https:\/\/www.piumacare.com\/fr\/wp-json\/wp\/v2\/pages\/2438","targetHints":{"allow":["GET"]}}],"collection":[{"href":"https:\/\/www.piumacare.com\/fr\/wp-json\/wp\/v2\/pages"}],"about":[{"href":"https:\/\/www.piumacare.com\/fr\/wp-json\/wp\/v2\/types\/page"}],"author":[{"embeddable":true,"href":"https:\/\/www.piumacare.com\/fr\/wp-json\/wp\/v2\/users\/9000000"}],"replies":[{"embeddable":true,"href":"https:\/\/www.piumacare.com\/fr\/wp-json\/wp\/v2\/comments?post=2438"}],"version-history":[{"count":0,"href":"https:\/\/www.piumacare.com\/fr\/wp-json\/wp\/v2\/pages\/2438\/revisions"}],"wp:attachment":[{"href":"https:\/\/www.piumacare.com\/fr\/wp-json\/wp\/v2\/media?parent=2438"}],"curies":[{"name":"wp","href":"https:\/\/api.w.org\/{rel}","templated":true}]}}