{"id":4611,"date":"2021-11-19T14:34:32","date_gmt":"2021-11-19T13:34:32","guid":{"rendered":"https:\/\/www.piumacare.com\/?page_id=4611"},"modified":"2021-11-19T14:34:32","modified_gmt":"2021-11-19T13:34:32","slug":"piuma-pour-la-recherche","status":"publish","type":"page","link":"https:\/\/www.piumacare.com\/fr\/journal\/piuma-pour-la-recherche\/","title":{"rendered":"PIUMA pour la recherche"},"content":{"rendered":"<div class=\"fusion-fullwidth fullwidth-box fusion-builder-row-1 fusion-flex-container nonhundred-percent-fullwidth non-hundred-percent-height-scrolling\" style=\"--awb-border-radius-top-left:0px;--awb-border-radius-top-right:0px;--awb-border-radius-bottom-right:0px;--awb-border-radius-bottom-left:0px;--awb-flex-wrap:wrap;\" ><div class=\"fusion-builder-row fusion-row fusion-flex-align-items-flex-start fusion-flex-justify-content-center fusion-flex-content-wrap\" style=\"max-width:1248px;margin-left: calc(-4% \/ 2 );margin-right: calc(-4% \/ 2 );\"><div class=\"fusion-layout-column fusion_builder_column fusion-builder-column-0 fusion_builder_column_1_1 1_1 fusion-flex-column\" style=\"--awb-bg-size:cover;--awb-width-large:100%;--awb-margin-top-large:0px;--awb-spacing-right-large:1.92%;--awb-margin-bottom-large:20px;--awb-spacing-left-large:1.92%;--awb-width-medium:100%;--awb-order-medium:0;--awb-spacing-right-medium:1.92%;--awb-spacing-left-medium:1.92%;--awb-width-small:100%;--awb-order-small:0;--awb-spacing-right-small:1.92%;--awb-spacing-left-small:1.92%;\"><div class=\"fusion-column-wrapper fusion-column-has-shadow fusion-flex-justify-content-flex-start fusion-content-layout-column\"><div class=\"fusion-image-element \" style=\"text-align:center;--awb-max-width:920px;--awb-caption-title-font-family:var(--h2_typography-font-family);--awb-caption-title-font-weight:var(--h2_typography-font-weight);--awb-caption-title-font-style:var(--h2_typography-font-style);--awb-caption-title-size:var(--h2_typography-font-size);--awb-caption-title-transform:var(--h2_typography-text-transform);--awb-caption-title-line-height:var(--h2_typography-line-height);--awb-caption-title-letter-spacing:var(--h2_typography-letter-spacing);\"><span class=\" fusion-imageframe imageframe-none imageframe-1 hover-type-none\"><img decoding=\"async\" width=\"1246\" height=\"831\" title=\"piuma_stillife6551 copia\" src=\"https:\/\/www.piumacare.com\/wp-content\/uploads\/2021\/10\/piuma_stillife6551-copia.jpg\" alt class=\"img-responsive wp-image-4463\" srcset=\"https:\/\/www.piumacare.com\/wp-content\/uploads\/2021\/10\/piuma_stillife6551-copia-200x133.jpg 200w, https:\/\/www.piumacare.com\/wp-content\/uploads\/2021\/10\/piuma_stillife6551-copia-400x267.jpg 400w, https:\/\/www.piumacare.com\/wp-content\/uploads\/2021\/10\/piuma_stillife6551-copia-600x400.jpg 600w, https:\/\/www.piumacare.com\/wp-content\/uploads\/2021\/10\/piuma_stillife6551-copia-800x534.jpg 800w, https:\/\/www.piumacare.com\/wp-content\/uploads\/2021\/10\/piuma_stillife6551-copia-1200x800.jpg 1200w, https:\/\/www.piumacare.com\/wp-content\/uploads\/2021\/10\/piuma_stillife6551-copia.jpg 1246w\" sizes=\"(max-width: 640px) 100vw, 1200px\" \/><\/span><\/div><\/div><\/div><div class=\"fusion-layout-column fusion_builder_column fusion-builder-column-1 fusion_builder_column_3_5 3_5 fusion-flex-column\" style=\"--awb-bg-size:cover;--awb-width-large:60%;--awb-margin-top-large:0px;--awb-spacing-right-large:6.4%;--awb-margin-bottom-large:20px;--awb-spacing-left-large:6.4%;--awb-width-medium:60%;--awb-order-medium:0;--awb-spacing-right-medium:6.4%;--awb-spacing-left-medium:6.4%;--awb-width-small:100%;--awb-order-small:0;--awb-spacing-right-small:1.92%;--awb-spacing-left-small:1.92%;\"><div class=\"fusion-column-wrapper fusion-column-has-shadow fusion-flex-justify-content-flex-start fusion-content-layout-column\"><div class=\"fusion-text fusion-text-1\" style=\"--awb-font-size:13px;--awb-letter-spacing:1px;--awb-text-color:#000000;\"><p><div class=\"fusion-fa-align-left\"><a class=\"fb-icon-element-1 fb-icon-element fontawesome-icon fa-arrow-left fas circle-yes fusion-link\" style=\"--awb-iconcolor:#000000;--awb-iconcolor-hover:#686868;--awb-circlecolor:rgba(74,78,87,0);--awb-circlecolor-hover:rgba(255,255,255,0);--awb-circlebordersize:0px;--awb-font-size:12.32px;--awb-width:24.64px;--awb-height:24.64px;--awb-line-height:24.64px;--awb-margin-right:7px;\" href=\"https:\/\/piumacare.com\" target=\"_self\" aria-label=\"Link to https:\/\/piumacare.com\"><\/a><\/div><u>BACK TO HOME<\/u><\/p>\n<\/div><div class=\"fusion-text fusion-text-2\"><h1>PIUMA avec Love Design<\/h1>\n<\/div><div class=\"fusion-text fusion-text-3\" style=\"--awb-font-size:18px;\"><h4>Du 1er au 7 novembre, Love Design, l&rsquo;initiative biennale de l&rsquo;AIRC et de l&rsquo;ADI impliquant le monde du design pour soutenir la recherche sur le cancer, revient dans une nouvelle \u00e9dition num\u00e9rique<\/h4>\n<\/div><div class=\"fusion-text fusion-text-4\" style=\"--awb-text-color:#000000;\"><p>Un nouveau partenariat pour PIUMA avec Love Design, le rendez-vous biennal avec le design \u00e0 Milan dans une toute nouvelle \u00e9dition en ligne. Organis\u00e9 par la Fondation AIRC &#8211; Comit\u00e9 Lombardie en collaboration avec l&rsquo;ADI (Association pour le Design Industriel), l&rsquo;\u00e9v\u00e9nement caritatif voit les produits donn\u00e9s par les entreprises se transformer en ressources \u00e0 allouer \u00e0 la recherche contre le cancer, gr\u00e2ce \u00e0 la participation du public le plus sensible et le plus proche d&rsquo;AIRC. L&rsquo;alliance entre les entreprises et le public est indispensable et r\u00e9ussit \u00e0 assurer de nouvelles ressources pour le progr\u00e8s de la recherche italienne sur le cancer.<\/p>\n<p>\u00c0 cette occasion, l&rsquo;entreprise participe en faisant don de ses produits embl\u00e9matiques.<\/p>\n<p>L&rsquo;objectif est de financer trois bourses d&rsquo;\u00e9tudes de trois ans afin de rendre le cancer de plus en plus curable.<\/p>\n<p><em><a href=\"https:\/\/lovedesign.airc.it\/chi-siamo\/\" target=\"_blank\" rel=\"noopener\">Plusd&rsquo;info<\/a><\/em><\/p>\n<\/div><\/div><\/div><\/div><\/div>\n","protected":false},"excerpt":{"rendered":"","protected":false},"author":9000002,"featured_media":0,"parent":1963,"menu_order":0,"comment_status":"closed","ping_status":"closed","template":"100-width.php","meta":{"footnotes":""},"class_list":["post-4611","page","type-page","status-publish","hentry"],"yoast_head":"<!-- This site is optimized with the Yoast SEO plugin v27.4 - https:\/\/yoast.com\/product\/yoast-seo-wordpress\/ -->\n<title>PIUMA pour la recherche - Piuma Care<\/title>\n<meta name=\"robots\" content=\"index, follow, max-snippet:-1, max-image-preview:large, max-video-preview:-1\" \/>\n<link rel=\"canonical\" href=\"https:\/\/www.piumacare.com\/fr\/journal\/piuma-pour-la-recherche\/\" \/>\n<meta property=\"og:locale\" content=\"fr_FR\" \/>\n<meta property=\"og:type\" content=\"article\" \/>\n<meta property=\"og:title\" content=\"PIUMA pour la recherche - Piuma Care\" \/>\n<meta property=\"og:url\" content=\"https:\/\/www.piumacare.com\/fr\/journal\/piuma-pour-la-recherche\/\" \/>\n<meta property=\"og:site_name\" content=\"Piuma Care\" \/>\n<meta name=\"twitter:card\" content=\"summary_large_image\" \/>\n<meta name=\"twitter:label1\" content=\"Dur\u00e9e de lecture estim\u00e9e\" \/>\n\t<meta name=\"twitter:data1\" content=\"6 minutes\" \/>\n<script type=\"application\/ld+json\" class=\"yoast-schema-graph\">{\"@context\":\"https:\\\/\\\/schema.org\",\"@graph\":[{\"@type\":\"WebPage\",\"@id\":\"https:\\\/\\\/www.piumacare.com\\\/fr\\\/journal\\\/piuma-pour-la-recherche\\\/\",\"url\":\"https:\\\/\\\/www.piumacare.com\\\/fr\\\/journal\\\/piuma-pour-la-recherche\\\/\",\"name\":\"PIUMA pour la recherche - Piuma Care\",\"isPartOf\":{\"@id\":\"https:\\\/\\\/www.piumacare.com\\\/fr\\\/#website\"},\"datePublished\":\"2021-11-19T13:34:32+00:00\",\"breadcrumb\":{\"@id\":\"https:\\\/\\\/www.piumacare.com\\\/fr\\\/journal\\\/piuma-pour-la-recherche\\\/#breadcrumb\"},\"inLanguage\":\"fr-FR\",\"potentialAction\":[{\"@type\":\"ReadAction\",\"target\":[\"https:\\\/\\\/www.piumacare.com\\\/fr\\\/journal\\\/piuma-pour-la-recherche\\\/\"]}]},{\"@type\":\"BreadcrumbList\",\"@id\":\"https:\\\/\\\/www.piumacare.com\\\/fr\\\/journal\\\/piuma-pour-la-recherche\\\/#breadcrumb\",\"itemListElement\":[{\"@type\":\"ListItem\",\"position\":1,\"name\":\"Home\",\"item\":\"https:\\\/\\\/www.piumacare.com\\\/fr\\\/accueil-fr\\\/\"},{\"@type\":\"ListItem\",\"position\":2,\"name\":\"Journal\",\"item\":\"https:\\\/\\\/www.piumacare.com\\\/fr\\\/journal\\\/\"},{\"@type\":\"ListItem\",\"position\":3,\"name\":\"PIUMA pour la recherche\"}]},{\"@type\":\"WebSite\",\"@id\":\"https:\\\/\\\/www.piumacare.com\\\/fr\\\/#website\",\"url\":\"https:\\\/\\\/www.piumacare.com\\\/fr\\\/\",\"name\":\"Piuma Care\",\"description\":\"La scienza del sorriso\",\"potentialAction\":[{\"@type\":\"SearchAction\",\"target\":{\"@type\":\"EntryPoint\",\"urlTemplate\":\"https:\\\/\\\/www.piumacare.com\\\/fr\\\/?s={search_term_string}\"},\"query-input\":{\"@type\":\"PropertyValueSpecification\",\"valueRequired\":true,\"valueName\":\"search_term_string\"}}],\"inLanguage\":\"fr-FR\"}]}<\/script>\n<!-- \/ Yoast SEO plugin. -->","yoast_head_json":{"title":"PIUMA pour la recherche - Piuma Care","robots":{"index":"index","follow":"follow","max-snippet":"max-snippet:-1","max-image-preview":"max-image-preview:large","max-video-preview":"max-video-preview:-1"},"canonical":"https:\/\/www.piumacare.com\/fr\/journal\/piuma-pour-la-recherche\/","og_locale":"fr_FR","og_type":"article","og_title":"PIUMA pour la recherche - Piuma Care","og_url":"https:\/\/www.piumacare.com\/fr\/journal\/piuma-pour-la-recherche\/","og_site_name":"Piuma Care","twitter_card":"summary_large_image","twitter_misc":{"Dur\u00e9e de lecture estim\u00e9e":"6 minutes"},"schema":{"@context":"https:\/\/schema.org","@graph":[{"@type":"WebPage","@id":"https:\/\/www.piumacare.com\/fr\/journal\/piuma-pour-la-recherche\/","url":"https:\/\/www.piumacare.com\/fr\/journal\/piuma-pour-la-recherche\/","name":"PIUMA pour la recherche - Piuma Care","isPartOf":{"@id":"https:\/\/www.piumacare.com\/fr\/#website"},"datePublished":"2021-11-19T13:34:32+00:00","breadcrumb":{"@id":"https:\/\/www.piumacare.com\/fr\/journal\/piuma-pour-la-recherche\/#breadcrumb"},"inLanguage":"fr-FR","potentialAction":[{"@type":"ReadAction","target":["https:\/\/www.piumacare.com\/fr\/journal\/piuma-pour-la-recherche\/"]}]},{"@type":"BreadcrumbList","@id":"https:\/\/www.piumacare.com\/fr\/journal\/piuma-pour-la-recherche\/#breadcrumb","itemListElement":[{"@type":"ListItem","position":1,"name":"Home","item":"https:\/\/www.piumacare.com\/fr\/accueil-fr\/"},{"@type":"ListItem","position":2,"name":"Journal","item":"https:\/\/www.piumacare.com\/fr\/journal\/"},{"@type":"ListItem","position":3,"name":"PIUMA pour la recherche"}]},{"@type":"WebSite","@id":"https:\/\/www.piumacare.com\/fr\/#website","url":"https:\/\/www.piumacare.com\/fr\/","name":"Piuma Care","description":"La scienza del sorriso","potentialAction":[{"@type":"SearchAction","target":{"@type":"EntryPoint","urlTemplate":"https:\/\/www.piumacare.com\/fr\/?s={search_term_string}"},"query-input":{"@type":"PropertyValueSpecification","valueRequired":true,"valueName":"search_term_string"}}],"inLanguage":"fr-FR"}]}},"_links":{"self":[{"href":"https:\/\/www.piumacare.com\/fr\/wp-json\/wp\/v2\/pages\/4611","targetHints":{"allow":["GET"]}}],"collection":[{"href":"https:\/\/www.piumacare.com\/fr\/wp-json\/wp\/v2\/pages"}],"about":[{"href":"https:\/\/www.piumacare.com\/fr\/wp-json\/wp\/v2\/types\/page"}],"author":[{"embeddable":true,"href":"https:\/\/www.piumacare.com\/fr\/wp-json\/wp\/v2\/users\/9000002"}],"replies":[{"embeddable":true,"href":"https:\/\/www.piumacare.com\/fr\/wp-json\/wp\/v2\/comments?post=4611"}],"version-history":[{"count":0,"href":"https:\/\/www.piumacare.com\/fr\/wp-json\/wp\/v2\/pages\/4611\/revisions"}],"up":[{"embeddable":true,"href":"https:\/\/www.piumacare.com\/fr\/wp-json\/wp\/v2\/pages\/1963"}],"wp:attachment":[{"href":"https:\/\/www.piumacare.com\/fr\/wp-json\/wp\/v2\/media?parent=4611"}],"curies":[{"name":"wp","href":"https:\/\/api.w.org\/{rel}","templated":true}]}}