{"id":4896,"date":"2021-11-19T14:06:37","date_gmt":"2021-11-19T13:06:37","guid":{"rendered":"https:\/\/www.piumacare.com\/?page_id=4896"},"modified":"2022-07-28T10:04:44","modified_gmt":"2022-07-28T08:04:44","slug":"piuma-est-italia-geniale-a-lexpo-2020-de-dubai","status":"publish","type":"page","link":"https:\/\/www.piumacare.com\/fr\/journal\/piuma-est-italia-geniale-a-lexpo-2020-de-dubai\/","title":{"rendered":"PIUMA est \u00ab\u00a0Italia Geniale\u00a0\u00bb \u00e0 l&rsquo;EXPO 2020 de Duba\u00ef"},"content":{"rendered":"<p><div class=\"fusion-fullwidth fullwidth-box fusion-builder-row-1 fusion-flex-container nonhundred-percent-fullwidth non-hundred-percent-height-scrolling fusion-no-small-visibility\" style=\"--awb-border-radius-top-left:0px;--awb-border-radius-top-right:0px;--awb-border-radius-bottom-right:0px;--awb-border-radius-bottom-left:0px;--awb-flex-wrap:wrap;\" ><div class=\"fusion-builder-row fusion-row fusion-flex-align-items-flex-start fusion-flex-justify-content-space-between fusion-flex-content-wrap\" style=\"max-width:calc( 1200px + 10px );margin-left: calc(-10px \/ 2 );margin-right: calc(-10px \/ 2 );\"><div class=\"fusion-layout-column fusion_builder_column fusion-builder-column-0 fusion_builder_column_1_1 1_1 fusion-flex-column\" style=\"--awb-bg-size:cover;--awb-width-large:100%;--awb-margin-top-large:0px;--awb-spacing-right-large:calc( 0.04 * calc( 100% - 10 ) );--awb-margin-bottom-large:20px;--awb-spacing-left-large:calc( 0.04 * calc( 100% - 10 ) );--awb-width-medium:100%;--awb-order-medium:0;--awb-spacing-right-medium:calc( 0.04 * calc( 100% - 10 ) );--awb-spacing-left-medium:calc( 0.04 * calc( 100% - 10 ) );--awb-width-small:100%;--awb-order-small:0;--awb-spacing-right-small:5px;--awb-spacing-left-small:5px;\"><div class=\"fusion-column-wrapper fusion-column-has-shadow fusion-flex-justify-content-flex-start fusion-content-layout-column\"><div class=\"fusion-text fusion-text-1 fusion-no-small-visibility\" style=\"--awb-font-size:14px;--awb-text-transform:none;\"><h1>PIUMA est \u00ab\u00a0Italia Geniale\u00a0\u00bb \u00e0 l&rsquo;EXPO 2020 de Duba\u00ef<\/h1>\n<h2>Italia Geniale : au pavillon italien de l&rsquo;Expo de Duba\u00ef, la beaut\u00e9 du design unit les gens<\/h2>\n<\/div><div class=\"fusion-text fusion-text-2\" style=\"--awb-text-color:#000000;\"><p>Au pavillon italien de l\u2019Expo de Duba\u00ef, \u00e0 l&rsquo;occasion de la Duba\u00ef Design Week, l&rsquo;exposition <strong>ITALIA GENIALE (Italie ing\u00e9nieuse). Le design permet, Beaut\u00e9, originalit\u00e9, cr\u00e9ativit\u00e9 du design industriel universellement appr\u00e9ci\u00e9.<\/strong><\/p>\n<p>Une exposition r\u00e9alis\u00e9e par ADI et ADI Design Museum pour le minist\u00e8re du D\u00e9veloppement \u00e9conomique, le minist\u00e8re des Affaires \u00e9trang\u00e8res et de la Coop\u00e9ration internationale et le Commissariat g\u00e9n\u00e9ral pour l&rsquo;Expo 2020 de Duba\u00ef, en collaboration avec UIBM Office italien des brevets et des marques, Unioncamere et ITA\/ICE Italian Trade Agency.<\/p>\n<p>Les ic\u00f4nes historiques et modernes expos\u00e9es dans le pavillon t\u00e9moignent du lien entre cr\u00e9ativit\u00e9 et artisanat, entre conception et r\u00e9alisation.<\/p>\n<p><strong>L&rsquo;Italia Geniale<\/strong> veut repr\u00e9senter la force douce la plus puissante de notre identit\u00e9, de la beaut\u00e9 italienne qui unit les gens, dans la m\u00e9moire comme dans la contemporan\u00e9it\u00e9.<\/p>\n<p>L&rsquo;exposition est divis\u00e9e en 5 th\u00e8mes : notre brosse \u00e0 dents iconique est expos\u00e9e dans la section <strong>Live-able :<\/strong> des objets en lien avec l&rsquo;int\u00e9grit\u00e9 physique et mentale, qui sont ax\u00e9s sur le th\u00e8me du soin de soi et des autres.<\/p>\n<p><a href=\"https:\/\/www.rai.it\/dl\/RaiTV\/programmi\/media\/ContentItem-e1166390-7464-48b3-b6df-cc6542831211-tg1.html\"><em>Service TG1<\/em><\/a><\/p>\n<p><em><a href=\"https:\/\/www.italyexpo2020.it\/2021\/11\/08\/italia-geniale-al-padiglione-italia-di-expo-dubai-la-bellezza-del-design-unisce-le-persone\/\" target=\"_blank\" rel=\"noopener\">ItalyExpo2020<\/a><\/em><\/p>\n<\/div><div class=\"fusion-text fusion-text-3\" style=\"--awb-font-size:13px;--awb-letter-spacing:1px;--awb-text-color:#000000;\"><p><div class=\"fusion-fa-align-left\"><a class=\"fb-icon-element-1 fb-icon-element fontawesome-icon fa-arrow-left fas circle-yes fusion-link\" style=\"--awb-iconcolor:#000000;--awb-iconcolor-hover:#686868;--awb-circlecolor:rgba(74,78,87,0);--awb-circlecolor-hover:rgba(255,255,255,0);--awb-circlebordersize:0px;--awb-font-size:12.32px;--awb-width:24.64px;--awb-height:24.64px;--awb-line-height:24.64px;--awb-margin-right:7px;\" href=\"https:\/\/piumacare.com\" target=\"_self\" aria-label=\"Link to https:\/\/piumacare.com\"><\/a><\/div><u>BACK TO HOME<\/u><\/p>\n<\/div><\/div><\/div><\/div><\/div><div class=\"fusion-fullwidth fullwidth-box fusion-builder-row-2 fusion-flex-container has-pattern-background has-mask-background nonhundred-percent-fullwidth non-hundred-percent-height-scrolling fusion-no-medium-visibility fusion-no-large-visibility\" style=\"--awb-border-radius-top-left:0px;--awb-border-radius-top-right:0px;--awb-border-radius-bottom-right:0px;--awb-border-radius-bottom-left:0px;--awb-flex-wrap:wrap;\" ><div class=\"fusion-builder-row fusion-row fusion-flex-align-items-flex-start fusion-flex-justify-content-space-between fusion-flex-content-wrap\" style=\"max-width:calc( 1200px + 10px );margin-left: calc(-10px \/ 2 );margin-right: calc(-10px \/ 2 );\"><div class=\"fusion-layout-column fusion_builder_column fusion-builder-column-1 fusion_builder_column_1_1 1_1 fusion-flex-column\" style=\"--awb-bg-size:cover;--awb-width-large:100%;--awb-margin-top-large:0px;--awb-spacing-right-large:calc( 0.04 * calc( 100% - 10 ) );--awb-margin-bottom-large:20px;--awb-spacing-left-large:calc( 0.04 * calc( 100% - 10 ) );--awb-width-medium:100%;--awb-order-medium:0;--awb-spacing-right-medium:calc( 0.04 * calc( 100% - 10 ) );--awb-spacing-left-medium:calc( 0.04 * calc( 100% - 10 ) );--awb-width-small:100%;--awb-order-small:0;--awb-spacing-right-small:5px;--awb-spacing-left-small:5px;\"><div class=\"fusion-column-wrapper fusion-column-has-shadow fusion-flex-justify-content-flex-start fusion-content-layout-column\"><div class=\"fusion-text fusion-text-4\" style=\"--awb-font-size:40px;--awb-line-height:1.4;--awb-text-transform:none;--awb-margin-top:30px;\"><p>PIUMA\u00a0 est<br \/>\n\u00ab\u00a0Italia Geniale\u00a0\u00bb<br \/>\n\u00e0 l&rsquo;EXPO 2020 de Duba\u00ef<\/p>\n<h2><span style=\"font-family: Helvetica; color: #222221;\">Italia Geniale: al Padiglione Italia di Expo Dubai la Bellezza del design unisce le Persone<\/span><\/h2>\n<\/div><div class=\"fusion-text fusion-text-5\" style=\"--awb-font-size:13px;--awb-letter-spacing:1px;--awb-text-color:#000000;\"><p><div class=\"fusion-fa-align-left\"><a class=\"fb-icon-element-2 fb-icon-element fontawesome-icon fa-arrow-left fas circle-yes fusion-link\" style=\"--awb-iconcolor:#000000;--awb-iconcolor-hover:#686868;--awb-circlecolor:rgba(74,78,87,0);--awb-circlecolor-hover:rgba(255,255,255,0);--awb-circlebordersize:0px;--awb-font-size:12.32px;--awb-width:24.64px;--awb-height:24.64px;--awb-line-height:24.64px;--awb-margin-right:7px;\" href=\"https:\/\/piumacare.com\" target=\"_self\" aria-label=\"Link to https:\/\/piumacare.com\"><\/a><\/div><u>BACK TO HOME<\/u><\/p>\n<\/div><div class=\"fusion-text fusion-text-6\" style=\"--awb-text-color:#000000;\"><p>Au pavillon italien de l\u2019Expo de Duba\u00ef, \u00e0 l&rsquo;occasion de la Duba\u00ef Design Week, l&rsquo;exposition <strong>ITALIA GENIALE (Italie ing\u00e9nieuse). Le design permet, Beaut\u00e9, originalit\u00e9, cr\u00e9ativit\u00e9 du design industriel universellement appr\u00e9ci\u00e9.<\/strong><\/p>\n<p>Une exposition r\u00e9alis\u00e9e par ADI et ADI Design Museum pour le minist\u00e8re du D\u00e9veloppement \u00e9conomique, le minist\u00e8re des Affaires \u00e9trang\u00e8res et de la Coop\u00e9ration internationale et le Commissariat g\u00e9n\u00e9ral pour l&rsquo;Expo 2020 de Duba\u00ef, en collaboration avec UIBM Office italien des brevets et des marques, Unioncamere et ITA\/ICE Italian Trade Agency.<\/p>\n<p>Les ic\u00f4nes historiques et modernes expos\u00e9es dans le pavillon t\u00e9moignent du lien entre cr\u00e9ativit\u00e9 et artisanat, entre conception et r\u00e9alisation.<\/p>\n<p><strong>L&rsquo;Italia Geniale<\/strong> veut repr\u00e9senter la force douce la plus puissante de notre identit\u00e9, de la beaut\u00e9 italienne qui unit les gens, dans la m\u00e9moire comme dans la contemporan\u00e9it\u00e9.<\/p>\n<p>L&rsquo;exposition est divis\u00e9e en 5 th\u00e8mes : notre brosse \u00e0 dents iconique est expos\u00e9e dans la section <strong>Live-able :<\/strong> des objets en lien avec l&rsquo;int\u00e9grit\u00e9 physique et mentale, qui sont ax\u00e9s sur le th\u00e8me du soin de soi et des autres.<\/p>\n<p><a href=\"https:\/\/www.rai.it\/dl\/RaiTV\/programmi\/media\/ContentItem-e1166390-7464-48b3-b6df-cc6542831211-tg1.html\"><em>Service TG1<\/em><\/a><\/p>\n<p><em><a href=\"https:\/\/www.italyexpo2020.it\/2021\/11\/08\/italia-geniale-al-padiglione-italia-di-expo-dubai-la-bellezza-del-design-unisce-le-persone\/\" target=\"_blank\" rel=\"noopener\">ItalyExpo2020<\/a><\/em><\/p>\n<\/div><\/div><\/div><\/div><\/div><div class=\"fusion-fullwidth fullwidth-box fusion-builder-row-3 fusion-flex-container hundred-percent-fullwidth non-hundred-percent-height-scrolling\" style=\"--awb-border-radius-top-left:0px;--awb-border-radius-top-right:0px;--awb-border-radius-bottom-right:0px;--awb-border-radius-bottom-left:0px;--awb-padding-right:0px;--awb-padding-bottom:40px;--awb-padding-left:0px;--awb-flex-wrap:wrap;\" ><div class=\"fusion-builder-row fusion-row fusion-flex-align-items-flex-start fusion-flex-justify-content-center fusion-flex-content-wrap\" style=\"width:104% !important;max-width:104% !important;margin-left: calc(-4% \/ 2 );margin-right: calc(-4% \/ 2 );\"><div class=\"fusion-layout-column fusion_builder_column fusion-builder-column-2 fusion_builder_column_1_1 1_1 fusion-flex-column\" style=\"--awb-bg-size:cover;--awb-width-large:100%;--awb-margin-top-large:0px;--awb-spacing-right-large:1.92%;--awb-margin-bottom-large:20px;--awb-spacing-left-large:1.92%;--awb-width-medium:100%;--awb-order-medium:0;--awb-spacing-right-medium:1.92%;--awb-spacing-left-medium:1.92%;--awb-width-small:100%;--awb-order-small:0;--awb-spacing-right-small:1.92%;--awb-spacing-left-small:1.92%;\"><div class=\"fusion-column-wrapper fusion-column-has-shadow fusion-flex-justify-content-flex-start fusion-content-layout-column\"><div class=\"fusion-image-element \" style=\"text-align:center;--awb-max-width:920px;--awb-caption-title-font-family:var(--h2_typography-font-family);--awb-caption-title-font-weight:var(--h2_typography-font-weight);--awb-caption-title-font-style:var(--h2_typography-font-style);--awb-caption-title-size:var(--h2_typography-font-size);--awb-caption-title-transform:var(--h2_typography-text-transform);--awb-caption-title-line-height:var(--h2_typography-line-height);--awb-caption-title-letter-spacing:var(--h2_typography-letter-spacing);\"><span class=\" fusion-imageframe imageframe-none imageframe-1 hover-type-none\"><img decoding=\"async\" width=\"2480\" height=\"1994\" title=\"Catalogo-Italia-Geniale_LR-1_compressed_compressed-1 copia\" src=\"https:\/\/www.piumacare.com\/wp-content\/uploads\/2021\/11\/Catalogo-Italia-Geniale_LR-1_compressed_compressed-1-copia.jpg\" alt class=\"img-responsive wp-image-4919\" srcset=\"https:\/\/www.piumacare.com\/wp-content\/uploads\/2021\/11\/Catalogo-Italia-Geniale_LR-1_compressed_compressed-1-copia-200x161.jpg 200w, https:\/\/www.piumacare.com\/wp-content\/uploads\/2021\/11\/Catalogo-Italia-Geniale_LR-1_compressed_compressed-1-copia-400x322.jpg 400w, https:\/\/www.piumacare.com\/wp-content\/uploads\/2021\/11\/Catalogo-Italia-Geniale_LR-1_compressed_compressed-1-copia-600x482.jpg 600w, https:\/\/www.piumacare.com\/wp-content\/uploads\/2021\/11\/Catalogo-Italia-Geniale_LR-1_compressed_compressed-1-copia-800x643.jpg 800w, https:\/\/www.piumacare.com\/wp-content\/uploads\/2021\/11\/Catalogo-Italia-Geniale_LR-1_compressed_compressed-1-copia-1200x965.jpg 1200w, https:\/\/www.piumacare.com\/wp-content\/uploads\/2021\/11\/Catalogo-Italia-Geniale_LR-1_compressed_compressed-1-copia.jpg 2480w\" sizes=\"(max-width: 640px) 100vw, 1200px\" \/><\/span><\/div><\/div><\/div><\/div><\/div><\/p>\n","protected":false},"excerpt":{"rendered":"","protected":false},"author":9000002,"featured_media":0,"parent":1963,"menu_order":0,"comment_status":"closed","ping_status":"closed","template":"100-width.php","meta":{"footnotes":""},"class_list":["post-4896","page","type-page","status-publish","hentry"],"yoast_head":"<!-- This site is optimized with the Yoast SEO plugin v27.4 - https:\/\/yoast.com\/product\/yoast-seo-wordpress\/ -->\n<title>PIUMA est &quot;Italia Geniale&quot; \u00e0 l&#039;EXPO 2020 de Duba\u00ef - Piuma Care<\/title>\n<meta name=\"robots\" content=\"index, follow, max-snippet:-1, max-image-preview:large, max-video-preview:-1\" \/>\n<link rel=\"canonical\" href=\"https:\/\/www.piumacare.com\/fr\/journal\/piuma-est-italia-geniale-a-lexpo-2020-de-dubai\/\" \/>\n<meta property=\"og:locale\" content=\"fr_FR\" \/>\n<meta property=\"og:type\" content=\"article\" \/>\n<meta property=\"og:title\" content=\"PIUMA est &quot;Italia Geniale&quot; \u00e0 l&#039;EXPO 2020 de Duba\u00ef - Piuma Care\" \/>\n<meta property=\"og:url\" content=\"https:\/\/www.piumacare.com\/fr\/journal\/piuma-est-italia-geniale-a-lexpo-2020-de-dubai\/\" \/>\n<meta property=\"og:site_name\" content=\"Piuma Care\" \/>\n<meta property=\"article:modified_time\" content=\"2022-07-28T08:04:44+00:00\" \/>\n<meta name=\"twitter:card\" content=\"summary_large_image\" \/>\n<meta name=\"twitter:label1\" content=\"Dur\u00e9e de lecture estim\u00e9e\" \/>\n\t<meta name=\"twitter:data1\" content=\"7 minutes\" \/>\n<script type=\"application\/ld+json\" class=\"yoast-schema-graph\">{\"@context\":\"https:\\\/\\\/schema.org\",\"@graph\":[{\"@type\":\"WebPage\",\"@id\":\"https:\\\/\\\/www.piumacare.com\\\/fr\\\/journal\\\/piuma-est-italia-geniale-a-lexpo-2020-de-dubai\\\/\",\"url\":\"https:\\\/\\\/www.piumacare.com\\\/fr\\\/journal\\\/piuma-est-italia-geniale-a-lexpo-2020-de-dubai\\\/\",\"name\":\"PIUMA est \\\"Italia Geniale\\\" \u00e0 l'EXPO 2020 de Duba\u00ef - Piuma Care\",\"isPartOf\":{\"@id\":\"https:\\\/\\\/www.piumacare.com\\\/fr\\\/#website\"},\"datePublished\":\"2021-11-19T13:06:37+00:00\",\"dateModified\":\"2022-07-28T08:04:44+00:00\",\"breadcrumb\":{\"@id\":\"https:\\\/\\\/www.piumacare.com\\\/fr\\\/journal\\\/piuma-est-italia-geniale-a-lexpo-2020-de-dubai\\\/#breadcrumb\"},\"inLanguage\":\"fr-FR\",\"potentialAction\":[{\"@type\":\"ReadAction\",\"target\":[\"https:\\\/\\\/www.piumacare.com\\\/fr\\\/journal\\\/piuma-est-italia-geniale-a-lexpo-2020-de-dubai\\\/\"]}]},{\"@type\":\"BreadcrumbList\",\"@id\":\"https:\\\/\\\/www.piumacare.com\\\/fr\\\/journal\\\/piuma-est-italia-geniale-a-lexpo-2020-de-dubai\\\/#breadcrumb\",\"itemListElement\":[{\"@type\":\"ListItem\",\"position\":1,\"name\":\"Home\",\"item\":\"https:\\\/\\\/www.piumacare.com\\\/fr\\\/accueil-fr\\\/\"},{\"@type\":\"ListItem\",\"position\":2,\"name\":\"Journal\",\"item\":\"https:\\\/\\\/www.piumacare.com\\\/fr\\\/journal\\\/\"},{\"@type\":\"ListItem\",\"position\":3,\"name\":\"PIUMA est &#8220;Italia Geniale&#8221; \u00e0 l&#8217;EXPO 2020 de Duba\u00ef\"}]},{\"@type\":\"WebSite\",\"@id\":\"https:\\\/\\\/www.piumacare.com\\\/fr\\\/#website\",\"url\":\"https:\\\/\\\/www.piumacare.com\\\/fr\\\/\",\"name\":\"Piuma Care\",\"description\":\"La scienza del sorriso\",\"potentialAction\":[{\"@type\":\"SearchAction\",\"target\":{\"@type\":\"EntryPoint\",\"urlTemplate\":\"https:\\\/\\\/www.piumacare.com\\\/fr\\\/?s={search_term_string}\"},\"query-input\":{\"@type\":\"PropertyValueSpecification\",\"valueRequired\":true,\"valueName\":\"search_term_string\"}}],\"inLanguage\":\"fr-FR\"}]}<\/script>\n<!-- \/ Yoast SEO plugin. -->","yoast_head_json":{"title":"PIUMA est \"Italia Geniale\" \u00e0 l'EXPO 2020 de Duba\u00ef - Piuma Care","robots":{"index":"index","follow":"follow","max-snippet":"max-snippet:-1","max-image-preview":"max-image-preview:large","max-video-preview":"max-video-preview:-1"},"canonical":"https:\/\/www.piumacare.com\/fr\/journal\/piuma-est-italia-geniale-a-lexpo-2020-de-dubai\/","og_locale":"fr_FR","og_type":"article","og_title":"PIUMA est \"Italia Geniale\" \u00e0 l'EXPO 2020 de Duba\u00ef - Piuma Care","og_url":"https:\/\/www.piumacare.com\/fr\/journal\/piuma-est-italia-geniale-a-lexpo-2020-de-dubai\/","og_site_name":"Piuma Care","article_modified_time":"2022-07-28T08:04:44+00:00","twitter_card":"summary_large_image","twitter_misc":{"Dur\u00e9e de lecture estim\u00e9e":"7 minutes"},"schema":{"@context":"https:\/\/schema.org","@graph":[{"@type":"WebPage","@id":"https:\/\/www.piumacare.com\/fr\/journal\/piuma-est-italia-geniale-a-lexpo-2020-de-dubai\/","url":"https:\/\/www.piumacare.com\/fr\/journal\/piuma-est-italia-geniale-a-lexpo-2020-de-dubai\/","name":"PIUMA est \"Italia Geniale\" \u00e0 l'EXPO 2020 de Duba\u00ef - Piuma Care","isPartOf":{"@id":"https:\/\/www.piumacare.com\/fr\/#website"},"datePublished":"2021-11-19T13:06:37+00:00","dateModified":"2022-07-28T08:04:44+00:00","breadcrumb":{"@id":"https:\/\/www.piumacare.com\/fr\/journal\/piuma-est-italia-geniale-a-lexpo-2020-de-dubai\/#breadcrumb"},"inLanguage":"fr-FR","potentialAction":[{"@type":"ReadAction","target":["https:\/\/www.piumacare.com\/fr\/journal\/piuma-est-italia-geniale-a-lexpo-2020-de-dubai\/"]}]},{"@type":"BreadcrumbList","@id":"https:\/\/www.piumacare.com\/fr\/journal\/piuma-est-italia-geniale-a-lexpo-2020-de-dubai\/#breadcrumb","itemListElement":[{"@type":"ListItem","position":1,"name":"Home","item":"https:\/\/www.piumacare.com\/fr\/accueil-fr\/"},{"@type":"ListItem","position":2,"name":"Journal","item":"https:\/\/www.piumacare.com\/fr\/journal\/"},{"@type":"ListItem","position":3,"name":"PIUMA est &#8220;Italia Geniale&#8221; \u00e0 l&#8217;EXPO 2020 de Duba\u00ef"}]},{"@type":"WebSite","@id":"https:\/\/www.piumacare.com\/fr\/#website","url":"https:\/\/www.piumacare.com\/fr\/","name":"Piuma Care","description":"La scienza del sorriso","potentialAction":[{"@type":"SearchAction","target":{"@type":"EntryPoint","urlTemplate":"https:\/\/www.piumacare.com\/fr\/?s={search_term_string}"},"query-input":{"@type":"PropertyValueSpecification","valueRequired":true,"valueName":"search_term_string"}}],"inLanguage":"fr-FR"}]}},"_links":{"self":[{"href":"https:\/\/www.piumacare.com\/fr\/wp-json\/wp\/v2\/pages\/4896","targetHints":{"allow":["GET"]}}],"collection":[{"href":"https:\/\/www.piumacare.com\/fr\/wp-json\/wp\/v2\/pages"}],"about":[{"href":"https:\/\/www.piumacare.com\/fr\/wp-json\/wp\/v2\/types\/page"}],"author":[{"embeddable":true,"href":"https:\/\/www.piumacare.com\/fr\/wp-json\/wp\/v2\/users\/9000002"}],"replies":[{"embeddable":true,"href":"https:\/\/www.piumacare.com\/fr\/wp-json\/wp\/v2\/comments?post=4896"}],"version-history":[{"count":5,"href":"https:\/\/www.piumacare.com\/fr\/wp-json\/wp\/v2\/pages\/4896\/revisions"}],"predecessor-version":[{"id":11014,"href":"https:\/\/www.piumacare.com\/fr\/wp-json\/wp\/v2\/pages\/4896\/revisions\/11014"}],"up":[{"embeddable":true,"href":"https:\/\/www.piumacare.com\/fr\/wp-json\/wp\/v2\/pages\/1963"}],"wp:attachment":[{"href":"https:\/\/www.piumacare.com\/fr\/wp-json\/wp\/v2\/media?parent=4896"}],"curies":[{"name":"wp","href":"https:\/\/api.w.org\/{rel}","templated":true}]}}