{"id":13072,"date":"2022-12-07T13:53:28","date_gmt":"2022-12-07T12:53:41","guid":{"rendered":"https:\/\/www.piumacare.com\/?post_type=product&#038;p=13072"},"modified":"2024-09-13T13:47:36","modified_gmt":"2024-09-13T11:47:36","slug":"brosse-a-dents-sans-base-gift","status":"publish","type":"product","link":"https:\/\/www.piumacare.com\/fr\/product\/brosse-a-dents-sans-base-gift\/","title":{"rendered":"cadeau"},"content":{"rendered":"<div class=\"fusion-fullwidth fullwidth-box fusion-builder-row-1 fusion-flex-container hundred-percent-fullwidth non-hundred-percent-height-scrolling\" style=\"--awb-border-radius-top-left:0px;--awb-border-radius-top-right:0px;--awb-border-radius-bottom-right:0px;--awb-border-radius-bottom-left:0px;--awb-flex-wrap:wrap;\" ><div class=\"fusion-builder-row fusion-row fusion-flex-align-items-flex-start fusion-flex-justify-content-center fusion-flex-content-wrap\" style=\"width:104% !important;max-width:104% !important;margin-left: calc(-4% \/ 2 );margin-right: calc(-4% \/ 2 );\"><div class=\"fusion-layout-column fusion_builder_column fusion-builder-column-0 fusion_builder_column_1_1 1_1 fusion-flex-column\" style=\"--awb-bg-size:cover;--awb-width-large:100%;--awb-margin-top-large:0px;--awb-spacing-right-large:1.92%;--awb-margin-bottom-large:20px;--awb-spacing-left-large:1.92%;--awb-width-medium:100%;--awb-order-medium:0;--awb-spacing-right-medium:1.92%;--awb-spacing-left-medium:1.92%;--awb-width-small:100%;--awb-order-small:0;--awb-spacing-right-small:1.92%;--awb-spacing-left-small:1.92%;\"><div class=\"fusion-column-wrapper fusion-column-has-shadow fusion-flex-justify-content-flex-start fusion-content-layout-column\"><div class=\"accordian fusion-accordian\" style=\"--awb-border-size:1px;--awb-icon-size:13px;--awb-content-font-size:16px;--awb-icon-alignment:left;--awb-hover-color:#f9f9fb;--awb-border-color:#e2e2e2;--awb-background-color:#ffffff;--awb-divider-color:#e2e2e2;--awb-divider-hover-color:#e2e2e2;--awb-icon-color:#000000;--awb-title-color:#212934;--awb-content-color:#000000;--awb-icon-box-color:rgba(255,255,255,0);--awb-toggle-hover-accent-color:#898989;--awb-title-font-family:&quot;Manrope&quot;;--awb-title-font-weight:regular;--awb-title-font-style:normal;--awb-content-font-family:&quot;Manrope&quot;;--awb-content-font-style:normal;--awb-content-font-weight:regular;\"><div class=\"panel-group fusion-toggle-icon-boxed\" id=\"accordion-13072-1\"><div class=\"fusion-panel panel-default panel-3b6f52c3a57d9cdb2 fusion-toggle-has-divider\"><div class=\"panel-heading\"><h4 class=\"panel-title toggle\" id=\"toggle_3b6f52c3a57d9cdb2\"><a aria-expanded=\"false\" aria-controls=\"3b6f52c3a57d9cdb2\" role=\"button\" data-toggle=\"collapse\" data-parent=\"#accordion-13072-1\" data-target=\"#3b6f52c3a57d9cdb2\" href=\"#3b6f52c3a57d9cdb2\"><span class=\"fusion-toggle-icon-wrapper\" aria-hidden=\"true\"><i class=\"fa-fusion-box active-icon awb-icon-minus\" aria-hidden=\"true\"><\/i><i class=\"fa-fusion-box inactive-icon awb-icon-plus\" aria-hidden=\"true\"><\/i><\/span><span class=\"fusion-toggle-heading\">Comment puis-je v\u00e9rifier l&#039;\u00e9tat de ma commande ?<\/span><\/a><\/h4><\/div><div id=\"3b6f52c3a57d9cdb2\" class=\"panel-collapse collapse \" aria-labelledby=\"toggle_3b6f52c3a57d9cdb2\"><div class=\"panel-body toggle-content fusion-clearfix\">\n<p>Chaque fois qu&rsquo;il y a un changement dans le statut de la commande, un e-mail d&rsquo;alerte est envoy\u00e9 au client. Pour toute autre question, veuillez nous contacter \u00e0 l&rsquo;adresse customerservice@piumacare.com.<\/p>\n<\/div><\/div><\/div><div class=\"fusion-panel panel-default panel-b7da9cc2f7c528e12 fusion-toggle-has-divider\"><div class=\"panel-heading\"><h4 class=\"panel-title toggle\" id=\"toggle_b7da9cc2f7c528e12\"><a aria-expanded=\"false\" aria-controls=\"b7da9cc2f7c528e12\" role=\"button\" data-toggle=\"collapse\" data-parent=\"#accordion-13072-1\" data-target=\"#b7da9cc2f7c528e12\" href=\"#b7da9cc2f7c528e12\"><span class=\"fusion-toggle-icon-wrapper\" aria-hidden=\"true\"><i class=\"fa-fusion-box active-icon awb-icon-minus\" aria-hidden=\"true\"><\/i><i class=\"fa-fusion-box inactive-icon awb-icon-plus\" aria-hidden=\"true\"><\/i><\/span><span class=\"fusion-toggle-heading\">Combien de temps faut-il pour pr\u00e9parer la commande ?<\/span><\/a><\/h4><\/div><div id=\"b7da9cc2f7c528e12\" class=\"panel-collapse collapse \" aria-labelledby=\"toggle_b7da9cc2f7c528e12\"><div class=\"panel-body toggle-content fusion-clearfix\">\n<p>Une fois le paiement confirm\u00e9, nous garantissons l&rsquo;exp\u00e9dition dans les 3 jours ouvrables (5 pour les \u00eeles). Le d\u00e9lai d&rsquo;exp\u00e9dition d\u00e9pend du pays de livraison.<\/p>\n<\/div><\/div><\/div><div class=\"fusion-panel panel-default panel-90bcafeaa38066271 fusion-toggle-has-divider\"><div class=\"panel-heading\"><h4 class=\"panel-title toggle\" id=\"toggle_90bcafeaa38066271\"><a aria-expanded=\"false\" aria-controls=\"90bcafeaa38066271\" role=\"button\" data-toggle=\"collapse\" data-parent=\"#accordion-13072-1\" data-target=\"#90bcafeaa38066271\" href=\"#90bcafeaa38066271\"><span class=\"fusion-toggle-icon-wrapper\" aria-hidden=\"true\"><i class=\"fa-fusion-box active-icon awb-icon-minus\" aria-hidden=\"true\"><\/i><i class=\"fa-fusion-box inactive-icon awb-icon-plus\" aria-hidden=\"true\"><\/i><\/span><span class=\"fusion-toggle-heading\">Quels sont les frais de port ?<\/span><\/a><\/h4><\/div><div id=\"90bcafeaa38066271\" class=\"panel-collapse collapse \" aria-labelledby=\"toggle_90bcafeaa38066271\"><div class=\"panel-body toggle-content fusion-clearfix\">\n<p>Le spese di spedizione sono gratuite per i carrelli superiori ai 12\u20ac per l&rsquo;Italia e 20\u20ac per il resto d&rsquo;Europa. Non spediamo extra UE.<\/p>\n<\/div><\/div><\/div><div class=\"fusion-panel panel-default panel-2b33dd3b9842fb029 fusion-toggle-has-divider\"><div class=\"panel-heading\"><h4 class=\"panel-title toggle\" id=\"toggle_2b33dd3b9842fb029\"><a aria-expanded=\"false\" aria-controls=\"2b33dd3b9842fb029\" role=\"button\" data-toggle=\"collapse\" data-parent=\"#accordion-13072-1\" data-target=\"#2b33dd3b9842fb029\" href=\"#2b33dd3b9842fb029\"><span class=\"fusion-toggle-icon-wrapper\" aria-hidden=\"true\"><i class=\"fa-fusion-box active-icon awb-icon-minus\" aria-hidden=\"true\"><\/i><i class=\"fa-fusion-box inactive-icon awb-icon-plus\" aria-hidden=\"true\"><\/i><\/span><span class=\"fusion-toggle-heading\">Est-il possible de me faire livrer \u00e0 l&#039;\u00e9tranger ?<\/span><\/a><\/h4><\/div><div id=\"2b33dd3b9842fb029\" class=\"panel-collapse collapse \" aria-labelledby=\"toggle_2b33dd3b9842fb029\"><div class=\"panel-body toggle-content fusion-clearfix\">\n<p>Si, il nostro sito permette sia di ordinare che spedire all\u2019estero.<\/p>\n<\/div><\/div><\/div><div class=\"fusion-panel panel-default panel-6b3cfb78f8584eabe fusion-toggle-has-divider\"><div class=\"panel-heading\"><h4 class=\"panel-title toggle\" id=\"toggle_6b3cfb78f8584eabe\"><a aria-expanded=\"false\" aria-controls=\"6b3cfb78f8584eabe\" role=\"button\" data-toggle=\"collapse\" data-parent=\"#accordion-13072-1\" data-target=\"#6b3cfb78f8584eabe\" href=\"#6b3cfb78f8584eabe\"><span class=\"fusion-toggle-icon-wrapper\" aria-hidden=\"true\"><i class=\"fa-fusion-box active-icon awb-icon-minus\" aria-hidden=\"true\"><\/i><i class=\"fa-fusion-box inactive-icon awb-icon-plus\" aria-hidden=\"true\"><\/i><\/span><span class=\"fusion-toggle-heading\">Les prix indiqu\u00e9s sur le site internet incluent-ils la TVA ?<\/span><\/a><\/h4><\/div><div id=\"6b3cfb78f8584eabe\" class=\"panel-collapse collapse \" aria-labelledby=\"toggle_6b3cfb78f8584eabe\"><div class=\"panel-body toggle-content fusion-clearfix\">\n<p>S\u00ec, tutti i prezzi includono l\u2019IVA.<\/p>\n<\/div><\/div><\/div><div class=\"fusion-panel panel-default panel-b6c84f08c2b2eedc5 fusion-toggle-has-divider\"><div class=\"panel-heading\"><h4 class=\"panel-title toggle\" id=\"toggle_b6c84f08c2b2eedc5\"><a aria-expanded=\"false\" aria-controls=\"b6c84f08c2b2eedc5\" role=\"button\" data-toggle=\"collapse\" data-parent=\"#accordion-13072-1\" data-target=\"#b6c84f08c2b2eedc5\" href=\"#b6c84f08c2b2eedc5\"><span class=\"fusion-toggle-icon-wrapper\" aria-hidden=\"true\"><i class=\"fa-fusion-box active-icon awb-icon-minus\" aria-hidden=\"true\"><\/i><i class=\"fa-fusion-box inactive-icon awb-icon-plus\" aria-hidden=\"true\"><\/i><\/span><span class=\"fusion-toggle-heading\">Quels modes de paiement acceptez-vous ?<\/span><\/a><\/h4><\/div><div id=\"b6c84f08c2b2eedc5\" class=\"panel-collapse collapse \" aria-labelledby=\"toggle_b6c84f08c2b2eedc5\"><div class=\"panel-body toggle-content fusion-clearfix\">\n<p>Accettiamo pagamenti solo in carta di credito (Visa, Mastercard, PayPal\u2026).<\/p>\n<\/div><\/div><\/div><div class=\"fusion-panel panel-default panel-eae9d256b19fca2d0 fusion-toggle-has-divider\"><div class=\"panel-heading\"><h4 class=\"panel-title toggle\" id=\"toggle_eae9d256b19fca2d0\"><a aria-expanded=\"false\" aria-controls=\"eae9d256b19fca2d0\" role=\"button\" data-toggle=\"collapse\" data-parent=\"#accordion-13072-1\" data-target=\"#eae9d256b19fca2d0\" href=\"#eae9d256b19fca2d0\"><span class=\"fusion-toggle-icon-wrapper\" aria-hidden=\"true\"><i class=\"fa-fusion-box active-icon awb-icon-minus\" aria-hidden=\"true\"><\/i><i class=\"fa-fusion-box inactive-icon awb-icon-plus\" aria-hidden=\"true\"><\/i><\/span><span class=\"fusion-toggle-heading\">Quelle est votre politique de remboursement et de retour ?<\/span><\/a><\/h4><\/div><div id=\"eae9d256b19fca2d0\" class=\"panel-collapse collapse \" aria-labelledby=\"toggle_eae9d256b19fca2d0\"><div class=\"panel-body toggle-content fusion-clearfix\">\n<p>Hai la possibilit\u00e0 di restituirci qualsiasi articolo ordinato entro 30 giorni a partire dalla data di ricezione.<br \/>\nAl momento della restituzione, riporre l\u2019\/gli articolo\/i nell\u2019imballaggio originale, accompagnato\/i dagli accessori e dai documenti forniti, allegando anche il modulo di consegna. Si raccomanda di prendere ogni precauzione possibile al fine di garantire l\u2019integrit\u00e0 del prodotto reso.<br \/>\nGli articoli non restituiti, restituiti incompleti, rovinati, danneggiati, deteriorati, sporchi o in qualsiasi altra condizione che possa ragionevolmente suggerire che siano stati usati, non potranno essere rimborsati o sostituiti, nonch\u00e9 gli articoli sigillati che siano stati aperti dopo la consegna, per motivi igienici o di tutela della salute.<\/p>\n<\/div><\/div><\/div><div class=\"fusion-panel panel-default panel-2d1e44c808ff53c4e fusion-toggle-has-divider\"><div class=\"panel-heading\"><h4 class=\"panel-title toggle\" id=\"toggle_2d1e44c808ff53c4e\"><a aria-expanded=\"false\" aria-controls=\"2d1e44c808ff53c4e\" role=\"button\" data-toggle=\"collapse\" data-parent=\"#accordion-13072-1\" data-target=\"#2d1e44c808ff53c4e\" href=\"#2d1e44c808ff53c4e\"><span class=\"fusion-toggle-icon-wrapper\" aria-hidden=\"true\"><i class=\"fa-fusion-box active-icon awb-icon-minus\" aria-hidden=\"true\"><\/i><i class=\"fa-fusion-box inactive-icon awb-icon-plus\" aria-hidden=\"true\"><\/i><\/span><span class=\"fusion-toggle-heading\">D&#039;o\u00f9 viennent les produits PIUMA ?<\/span><\/a><\/h4><\/div><div id=\"2d1e44c808ff53c4e\" class=\"panel-collapse collapse \" aria-labelledby=\"toggle_2d1e44c808ff53c4e\"><div class=\"panel-body toggle-content fusion-clearfix\">\n<p>I prodotti P\u200aI\u200aU\u200aM\u200aA sono stati progettati e prodotti in Italia.<\/p>\n<\/div><\/div><\/div><div class=\"fusion-panel panel-default panel-5a6368e78a538966a fusion-toggle-has-divider\"><div class=\"panel-heading\"><h4 class=\"panel-title toggle\" id=\"toggle_5a6368e78a538966a\"><a aria-expanded=\"false\" aria-controls=\"5a6368e78a538966a\" role=\"button\" data-toggle=\"collapse\" data-parent=\"#accordion-13072-1\" data-target=\"#5a6368e78a538966a\" href=\"#5a6368e78a538966a\"><span class=\"fusion-toggle-icon-wrapper\" aria-hidden=\"true\"><i class=\"fa-fusion-box active-icon awb-icon-minus\" aria-hidden=\"true\"><\/i><i class=\"fa-fusion-box inactive-icon awb-icon-plus\" aria-hidden=\"true\"><\/i><\/span><span class=\"fusion-toggle-heading\">Quel type de brosse \u00e0 dents dois-je utiliser ?<\/span><\/a><\/h4><\/div><div id=\"5a6368e78a538966a\" class=\"panel-collapse collapse \" aria-labelledby=\"toggle_5a6368e78a538966a\"><div class=\"panel-body toggle-content fusion-clearfix\">\n<p>Lo spazzolino con le setole medium \u00e8 adatto per chi non ha denti e gengive sensibili, in caso contrario consigliamo lo spazzolino con le setole soft.<\/p>\n<\/div><\/div><\/div><div class=\"fusion-panel panel-default panel-e138403c1f20d976a fusion-toggle-has-divider\"><div class=\"panel-heading\"><h4 class=\"panel-title toggle\" id=\"toggle_e138403c1f20d976a\"><a aria-expanded=\"false\" aria-controls=\"e138403c1f20d976a\" role=\"button\" data-toggle=\"collapse\" data-parent=\"#accordion-13072-1\" data-target=\"#e138403c1f20d976a\" href=\"#e138403c1f20d976a\"><span class=\"fusion-toggle-icon-wrapper\" aria-hidden=\"true\"><i class=\"fa-fusion-box active-icon awb-icon-minus\" aria-hidden=\"true\"><\/i><i class=\"fa-fusion-box inactive-icon awb-icon-plus\" aria-hidden=\"true\"><\/i><\/span><span class=\"fusion-toggle-heading\">\u00c0 quelle fr\u00e9quence dois-je changer ma brosse \u00e0 dents ?<\/span><\/a><\/h4><\/div><div id=\"e138403c1f20d976a\" class=\"panel-collapse collapse \" aria-labelledby=\"toggle_e138403c1f20d976a\"><div class=\"panel-body toggle-content fusion-clearfix\">\n<p>Si consiglia di cambiare spazzolino ogni 3 mesi. Abbiamo predisposto un \u201ccalendario\u201d sul retro della Base di appoggio, che ti suggerisce quando effettuare la sostituzione.<\/p>\n<\/div><\/div><\/div><\/div><\/div><\/div><\/div><\/div><\/div>\n","protected":false},"excerpt":{"rendered":"<div class=\"info-description\">\n<p>Choisissez la recharge PiumaBrush si vous avez d\u00e9j\u00e0 la base \u00e0 la maison et que vous avez juste besoin de changer de brosse \u00e0 dents ou si vous aimez simplement utiliser le verre comme r\u00e9cipient.<\/p>\n<p><strong>Qu&rsquo;est-ce que c\u2019est<\/strong>: La brosse \u00e0 dents innovante et prim\u00e9e PiumaBrush<\/p>\n<p><strong>Caract\u00e9ristiques<\/strong>:<\/p>\n<ul>\n<li>Brosse \u00e0 dents au design innovant avec manche flexible<\/li>\n<li>Micro-poils en Tynex\u00ae d&rsquo;un diam\u00e8tre de 0,1 mm, extra d\u00e9licats, ergonomiques et arrondis, permettent \u00e0 Piuma Brush d&rsquo;atteindre les zones les plus profondes de la bouche<\/li>\n<li>Les mati\u00e8res premi\u00e8res utilis\u00e9es sont antibact\u00e9riennes et certifi\u00e9es FDA<\/li>\n<li>Gratte-langue pour une exp\u00e9rience multisensorielle qui garantit un excellent nettoyage de la langue<\/li>\n<li>100% Made in Italy<\/li>\n<\/ul>\n<p><img decoding=\"async\" class=\"alignnone wp-image-8117\" src=\"https:\/\/www.piumacare.com\/wp-content\/uploads\/2021\/07\/Tavola-disegno-1-4.svg\" alt=\"\" width=\"241\" height=\"104\" \/><\/p>\n<p><strong>Extra<\/strong>: La brosse \u00e0 dents est emball\u00e9e dans une atmosph\u00e8re contr\u00f4l\u00e9e pour garantir les plus hauts niveaux d&rsquo;hygi\u00e8ne<\/p>\n<p><strong>Note<\/strong>: Le capuchon est toujours inclus.<\/p>\n<\/div>\n<p><span style=\"line-height: 52px; padding-right: 80px;\">Couleur<\/span><img decoding=\"async\" class=\"alignnone wp-image-8158\" src=\"https:\/\/www.piumacare.com\/wp-content\/uploads\/2021\/07\/icone_colore_Tavola-disegno-1.svg\" alt=\"\" width=\"55\" height=\"55\" \/><a href=\"https:\/\/piumacare.com\/fr\/product\/piumabrush-refill_asphalt-grey\/\"><img decoding=\"async\" class=\"alignnone wp-image-8163\" src=\"https:\/\/www.piumacare.com\/wp-content\/uploads\/2021\/07\/icone_colore_Tavola-disegno-1-copia-3.svg\" alt=\"\" width=\"55\" height=\"55\" \/><\/a><a href=\"https:\/\/piumacare.com\/fr\/product\/piumabrush-refill_pure-white\/\"><img decoding=\"async\" class=\"alignnone wp-image-8168\" src=\"https:\/\/www.piumacare.com\/wp-content\/uploads\/2021\/07\/icone_colore_Tavola-disegno-1-copia-5.svg\" alt=\"\" width=\"55\" height=\"55\" \/><\/a><a href=\"https:\/\/www.piumacare.com\/fr\/product\/piumabrush-refill_nude-rose\/\"><img decoding=\"async\" class=\"alignnone wp-image-8173\" src=\"https:\/\/www.piumacare.com\/wp-content\/uploads\/2021\/07\/icone_colore_Tavola-disegno-1-copia-7.svg\" alt=\"\" width=\"55\" height=\"55\" \/><\/a><\/p>\n","protected":false},"featured_media":1594,"template":"","meta":[],"product_brand":[],"product_cat":[82],"product_tag":[119],"class_list":{"0":"post-13072","1":"product","2":"type-product","3":"status-publish","4":"has-post-thumbnail","6":"product_cat-refill-fr","7":"product_tag-perfect-black-fr","9":"first","10":"instock","11":"shipping-taxable","12":"purchasable","13":"product-type-simple"},"yoast_head":"<!-- This site is optimized with the Yoast SEO plugin v27.3 - https:\/\/yoast.com\/product\/yoast-seo-wordpress\/ -->\n<title>Brosse \u00e0 dents noire de Piuma Care : design et ergonomie de premier ordre<\/title>\n<meta name=\"description\" content=\"Brosse \u00e0 dents noire, premi\u00e8re par son design et son efficacit\u00e9. Id\u00e9al pour tous ceux qui ont d\u00e9j\u00e0 le calendrier de base qui vous rappelle quand le remplacer\" \/>\n<meta name=\"robots\" content=\"index, follow, max-snippet:-1, max-image-preview:large, max-video-preview:-1\" \/>\n<link rel=\"canonical\" href=\"https:\/\/www.piumacare.com\/fr\/product\/brosse-a-dents-sans-base-gift\/\" \/>\n<meta property=\"og:locale\" content=\"fr_FR\" \/>\n<meta property=\"og:type\" content=\"article\" \/>\n<meta property=\"og:title\" content=\"Brosse \u00e0 dents noire de Piuma Care : design et ergonomie de premier ordre\" \/>\n<meta property=\"og:description\" content=\"Brosse \u00e0 dents noire, premi\u00e8re par son design et son efficacit\u00e9. Id\u00e9al pour tous ceux qui ont d\u00e9j\u00e0 le calendrier de base qui vous rappelle quand le remplacer\" \/>\n<meta property=\"og:url\" content=\"https:\/\/www.piumacare.com\/fr\/product\/brosse-a-dents-sans-base-gift\/\" \/>\n<meta property=\"og:site_name\" content=\"Piuma Care\" \/>\n<meta property=\"article:modified_time\" content=\"2024-09-13T11:47:36+00:00\" \/>\n<meta property=\"og:image\" content=\"https:\/\/www.piumacare.com\/wp-content\/uploads\/2021\/07\/Refill_perfect-black.png\" \/>\n\t<meta property=\"og:image:width\" content=\"1000\" \/>\n\t<meta property=\"og:image:height\" content=\"1000\" \/>\n\t<meta property=\"og:image:type\" content=\"image\/png\" \/>\n<meta name=\"twitter:card\" content=\"summary_large_image\" \/>\n<meta name=\"twitter:label1\" content=\"Dur\u00e9e de lecture estim\u00e9e\" \/>\n\t<meta name=\"twitter:data1\" content=\"4 minutes\" \/>\n<script type=\"application\/ld+json\" class=\"yoast-schema-graph\">{\"@context\":\"https:\\\/\\\/schema.org\",\"@graph\":[{\"@type\":\"WebPage\",\"@id\":\"https:\\\/\\\/www.piumacare.com\\\/fr\\\/product\\\/brosse-a-dents-sans-base-gift\\\/\",\"url\":\"https:\\\/\\\/www.piumacare.com\\\/fr\\\/product\\\/brosse-a-dents-sans-base-gift\\\/\",\"name\":\"Brosse \u00e0 dents noire de Piuma Care : design et ergonomie de premier ordre\",\"isPartOf\":{\"@id\":\"https:\\\/\\\/www.piumacare.com\\\/fr\\\/#website\"},\"primaryImageOfPage\":{\"@id\":\"https:\\\/\\\/www.piumacare.com\\\/fr\\\/product\\\/brosse-a-dents-sans-base-gift\\\/#primaryimage\"},\"image\":{\"@id\":\"https:\\\/\\\/www.piumacare.com\\\/fr\\\/product\\\/brosse-a-dents-sans-base-gift\\\/#primaryimage\"},\"thumbnailUrl\":\"https:\\\/\\\/www.piumacare.com\\\/wp-content\\\/uploads\\\/2021\\\/07\\\/Refill_perfect-black.png\",\"datePublished\":\"2022-12-07T12:53:41+00:00\",\"dateModified\":\"2024-09-13T11:47:36+00:00\",\"description\":\"Brosse \u00e0 dents noire, premi\u00e8re par son design et son efficacit\u00e9. Id\u00e9al pour tous ceux qui ont d\u00e9j\u00e0 le calendrier de base qui vous rappelle quand le remplacer\",\"breadcrumb\":{\"@id\":\"https:\\\/\\\/www.piumacare.com\\\/fr\\\/product\\\/brosse-a-dents-sans-base-gift\\\/#breadcrumb\"},\"inLanguage\":\"fr-FR\",\"potentialAction\":[{\"@type\":\"ReadAction\",\"target\":[\"https:\\\/\\\/www.piumacare.com\\\/fr\\\/product\\\/brosse-a-dents-sans-base-gift\\\/\"]}]},{\"@type\":\"ImageObject\",\"inLanguage\":\"fr-FR\",\"@id\":\"https:\\\/\\\/www.piumacare.com\\\/fr\\\/product\\\/brosse-a-dents-sans-base-gift\\\/#primaryimage\",\"url\":\"https:\\\/\\\/www.piumacare.com\\\/wp-content\\\/uploads\\\/2021\\\/07\\\/Refill_perfect-black.png\",\"contentUrl\":\"https:\\\/\\\/www.piumacare.com\\\/wp-content\\\/uploads\\\/2021\\\/07\\\/Refill_perfect-black.png\",\"width\":1000,\"height\":1000,\"caption\":\"PiumaBrush Refill perfect black by Piuma Care\"},{\"@type\":\"BreadcrumbList\",\"@id\":\"https:\\\/\\\/www.piumacare.com\\\/fr\\\/product\\\/brosse-a-dents-sans-base-gift\\\/#breadcrumb\",\"itemListElement\":[{\"@type\":\"ListItem\",\"position\":1,\"name\":\"Home\",\"item\":\"https:\\\/\\\/www.piumacare.com\\\/fr\\\/accueil-fr\\\/\"},{\"@type\":\"ListItem\",\"position\":2,\"name\":\"Boutique\",\"item\":\"https:\\\/\\\/www.piumacare.com\\\/fr\\\/boutique\\\/\"},{\"@type\":\"ListItem\",\"position\":3,\"name\":\"cadeau\"}]},{\"@type\":\"WebSite\",\"@id\":\"https:\\\/\\\/www.piumacare.com\\\/fr\\\/#website\",\"url\":\"https:\\\/\\\/www.piumacare.com\\\/fr\\\/\",\"name\":\"Piuma Care\",\"description\":\"La scienza del sorriso\",\"potentialAction\":[{\"@type\":\"SearchAction\",\"target\":{\"@type\":\"EntryPoint\",\"urlTemplate\":\"https:\\\/\\\/www.piumacare.com\\\/fr\\\/?s={search_term_string}\"},\"query-input\":{\"@type\":\"PropertyValueSpecification\",\"valueRequired\":true,\"valueName\":\"search_term_string\"}}],\"inLanguage\":\"fr-FR\"}]}<\/script>\n<!-- \/ Yoast SEO plugin. -->","yoast_head_json":{"title":"Brosse \u00e0 dents noire de Piuma Care : design et ergonomie de premier ordre","description":"Brosse \u00e0 dents noire, premi\u00e8re par son design et son efficacit\u00e9. Id\u00e9al pour tous ceux qui ont d\u00e9j\u00e0 le calendrier de base qui vous rappelle quand le remplacer","robots":{"index":"index","follow":"follow","max-snippet":"max-snippet:-1","max-image-preview":"max-image-preview:large","max-video-preview":"max-video-preview:-1"},"canonical":"https:\/\/www.piumacare.com\/fr\/product\/brosse-a-dents-sans-base-gift\/","og_locale":"fr_FR","og_type":"article","og_title":"Brosse \u00e0 dents noire de Piuma Care : design et ergonomie de premier ordre","og_description":"Brosse \u00e0 dents noire, premi\u00e8re par son design et son efficacit\u00e9. Id\u00e9al pour tous ceux qui ont d\u00e9j\u00e0 le calendrier de base qui vous rappelle quand le remplacer","og_url":"https:\/\/www.piumacare.com\/fr\/product\/brosse-a-dents-sans-base-gift\/","og_site_name":"Piuma Care","article_modified_time":"2024-09-13T11:47:36+00:00","og_image":[{"width":1000,"height":1000,"url":"https:\/\/www.piumacare.com\/wp-content\/uploads\/2021\/07\/Refill_perfect-black.png","type":"image\/png"}],"twitter_card":"summary_large_image","twitter_misc":{"Dur\u00e9e de lecture estim\u00e9e":"4 minutes"},"schema":{"@context":"https:\/\/schema.org","@graph":[{"@type":"WebPage","@id":"https:\/\/www.piumacare.com\/fr\/product\/brosse-a-dents-sans-base-gift\/","url":"https:\/\/www.piumacare.com\/fr\/product\/brosse-a-dents-sans-base-gift\/","name":"Brosse \u00e0 dents noire de Piuma Care : design et ergonomie de premier ordre","isPartOf":{"@id":"https:\/\/www.piumacare.com\/fr\/#website"},"primaryImageOfPage":{"@id":"https:\/\/www.piumacare.com\/fr\/product\/brosse-a-dents-sans-base-gift\/#primaryimage"},"image":{"@id":"https:\/\/www.piumacare.com\/fr\/product\/brosse-a-dents-sans-base-gift\/#primaryimage"},"thumbnailUrl":"https:\/\/www.piumacare.com\/wp-content\/uploads\/2021\/07\/Refill_perfect-black.png","datePublished":"2022-12-07T12:53:41+00:00","dateModified":"2024-09-13T11:47:36+00:00","description":"Brosse \u00e0 dents noire, premi\u00e8re par son design et son efficacit\u00e9. Id\u00e9al pour tous ceux qui ont d\u00e9j\u00e0 le calendrier de base qui vous rappelle quand le remplacer","breadcrumb":{"@id":"https:\/\/www.piumacare.com\/fr\/product\/brosse-a-dents-sans-base-gift\/#breadcrumb"},"inLanguage":"fr-FR","potentialAction":[{"@type":"ReadAction","target":["https:\/\/www.piumacare.com\/fr\/product\/brosse-a-dents-sans-base-gift\/"]}]},{"@type":"ImageObject","inLanguage":"fr-FR","@id":"https:\/\/www.piumacare.com\/fr\/product\/brosse-a-dents-sans-base-gift\/#primaryimage","url":"https:\/\/www.piumacare.com\/wp-content\/uploads\/2021\/07\/Refill_perfect-black.png","contentUrl":"https:\/\/www.piumacare.com\/wp-content\/uploads\/2021\/07\/Refill_perfect-black.png","width":1000,"height":1000,"caption":"PiumaBrush Refill perfect black by Piuma Care"},{"@type":"BreadcrumbList","@id":"https:\/\/www.piumacare.com\/fr\/product\/brosse-a-dents-sans-base-gift\/#breadcrumb","itemListElement":[{"@type":"ListItem","position":1,"name":"Home","item":"https:\/\/www.piumacare.com\/fr\/accueil-fr\/"},{"@type":"ListItem","position":2,"name":"Boutique","item":"https:\/\/www.piumacare.com\/fr\/boutique\/"},{"@type":"ListItem","position":3,"name":"cadeau"}]},{"@type":"WebSite","@id":"https:\/\/www.piumacare.com\/fr\/#website","url":"https:\/\/www.piumacare.com\/fr\/","name":"Piuma Care","description":"La scienza del sorriso","potentialAction":[{"@type":"SearchAction","target":{"@type":"EntryPoint","urlTemplate":"https:\/\/www.piumacare.com\/fr\/?s={search_term_string}"},"query-input":{"@type":"PropertyValueSpecification","valueRequired":true,"valueName":"search_term_string"}}],"inLanguage":"fr-FR"}]}},"_links":{"self":[{"href":"https:\/\/www.piumacare.com\/fr\/wp-json\/wp\/v2\/product\/13072","targetHints":{"allow":["GET"]}}],"collection":[{"href":"https:\/\/www.piumacare.com\/fr\/wp-json\/wp\/v2\/product"}],"about":[{"href":"https:\/\/www.piumacare.com\/fr\/wp-json\/wp\/v2\/types\/product"}],"wp:featuredmedia":[{"embeddable":true,"href":"https:\/\/www.piumacare.com\/fr\/wp-json\/wp\/v2\/media\/1594"}],"wp:attachment":[{"href":"https:\/\/www.piumacare.com\/fr\/wp-json\/wp\/v2\/media?parent=13072"}],"wp:term":[{"taxonomy":"product_brand","embeddable":true,"href":"https:\/\/www.piumacare.com\/fr\/wp-json\/wp\/v2\/product_brand?post=13072"},{"taxonomy":"product_cat","embeddable":true,"href":"https:\/\/www.piumacare.com\/fr\/wp-json\/wp\/v2\/product_cat?post=13072"},{"taxonomy":"product_tag","embeddable":true,"href":"https:\/\/www.piumacare.com\/fr\/wp-json\/wp\/v2\/product_tag?post=13072"}],"curies":[{"name":"wp","href":"https:\/\/api.w.org\/{rel}","templated":true}]}}