{"id":14735,"date":"2023-06-14T14:38:48","date_gmt":"2023-06-14T12:38:48","guid":{"rendered":"https:\/\/www.piumacare.com\/?post_type=product&#038;p=14735"},"modified":"2024-09-13T13:43:41","modified_gmt":"2024-09-13T11:43:41","slug":"brosse-a-dents-sans-base-verymagenta","status":"publish","type":"product","link":"https:\/\/www.piumacare.com\/fr\/product\/brosse-a-dents-sans-base-verymagenta\/","title":{"rendered":"Brosse \u00e0 dents sans base"},"content":{"rendered":"<div class=\"fusion-fullwidth fullwidth-box fusion-builder-row-1 fusion-flex-container hundred-percent-fullwidth non-hundred-percent-height-scrolling\" style=\"--awb-border-radius-top-left:0px;--awb-border-radius-top-right:0px;--awb-border-radius-bottom-right:0px;--awb-border-radius-bottom-left:0px;--awb-flex-wrap:wrap;\" ><div class=\"fusion-builder-row fusion-row fusion-flex-align-items-flex-start fusion-flex-justify-content-center fusion-flex-content-wrap\" style=\"width:104% !important;max-width:104% !important;margin-left: calc(-4% \/ 2 );margin-right: calc(-4% \/ 2 );\"><div class=\"fusion-layout-column fusion_builder_column fusion-builder-column-0 fusion_builder_column_1_1 1_1 fusion-flex-column\" style=\"--awb-bg-size:cover;--awb-width-large:100%;--awb-margin-top-large:0px;--awb-spacing-right-large:1.92%;--awb-margin-bottom-large:20px;--awb-spacing-left-large:1.92%;--awb-width-medium:100%;--awb-order-medium:0;--awb-spacing-right-medium:1.92%;--awb-spacing-left-medium:1.92%;--awb-width-small:100%;--awb-order-small:0;--awb-spacing-right-small:1.92%;--awb-spacing-left-small:1.92%;\"><div class=\"fusion-column-wrapper fusion-column-has-shadow fusion-flex-justify-content-flex-start fusion-content-layout-column\"><div class=\"accordian fusion-accordian\" style=\"--awb-border-size:1px;--awb-icon-size:13px;--awb-content-font-size:16px;--awb-icon-alignment:left;--awb-hover-color:#f9f9fb;--awb-border-color:#e2e2e2;--awb-background-color:#ffffff;--awb-divider-color:#e2e2e2;--awb-divider-hover-color:#e2e2e2;--awb-icon-color:#000000;--awb-title-color:#212934;--awb-content-color:#000000;--awb-icon-box-color:rgba(255,255,255,0);--awb-toggle-hover-accent-color:#898989;--awb-title-font-family:&quot;Manrope&quot;;--awb-title-font-weight:regular;--awb-title-font-style:normal;--awb-content-font-family:&quot;Manrope&quot;;--awb-content-font-style:normal;--awb-content-font-weight:regular;\"><div class=\"panel-group fusion-toggle-icon-boxed\" id=\"accordion-14735-1\"><div class=\"fusion-panel panel-default panel-4b803d40a82667edd fusion-toggle-has-divider\"><div class=\"panel-heading\"><h4 class=\"panel-title toggle\" id=\"toggle_4b803d40a82667edd\"><a aria-expanded=\"false\" aria-controls=\"4b803d40a82667edd\" role=\"button\" data-toggle=\"collapse\" data-parent=\"#accordion-14735-1\" data-target=\"#4b803d40a82667edd\" href=\"#4b803d40a82667edd\"><span class=\"fusion-toggle-icon-wrapper\" aria-hidden=\"true\"><i class=\"fa-fusion-box active-icon awb-icon-minus\" aria-hidden=\"true\"><\/i><i class=\"fa-fusion-box inactive-icon awb-icon-plus\" aria-hidden=\"true\"><\/i><\/span><span class=\"fusion-toggle-heading\">Les prix indiqu\u00e9s sur le site internet incluent-ils la TVA ?<\/span><\/a><\/h4><\/div><div id=\"4b803d40a82667edd\" class=\"panel-collapse collapse \" aria-labelledby=\"toggle_4b803d40a82667edd\"><div class=\"panel-body toggle-content fusion-clearfix\">\n<p>Oui, tous les prix incluent la TVA.<\/p>\n<\/div><\/div><\/div><div class=\"fusion-panel panel-default panel-4b0c1aa891bc69abc fusion-toggle-has-divider\"><div class=\"panel-heading\"><h4 class=\"panel-title toggle\" id=\"toggle_4b0c1aa891bc69abc\"><a aria-expanded=\"false\" aria-controls=\"4b0c1aa891bc69abc\" role=\"button\" data-toggle=\"collapse\" data-parent=\"#accordion-14735-1\" data-target=\"#4b0c1aa891bc69abc\" href=\"#4b0c1aa891bc69abc\"><span class=\"fusion-toggle-icon-wrapper\" aria-hidden=\"true\"><i class=\"fa-fusion-box active-icon awb-icon-minus\" aria-hidden=\"true\"><\/i><i class=\"fa-fusion-box inactive-icon awb-icon-plus\" aria-hidden=\"true\"><\/i><\/span><span class=\"fusion-toggle-heading\">Quelle est votre politique de remboursement et de retour ?<\/span><\/a><\/h4><\/div><div id=\"4b0c1aa891bc69abc\" class=\"panel-collapse collapse \" aria-labelledby=\"toggle_4b0c1aa891bc69abc\"><div class=\"panel-body toggle-content fusion-clearfix\">\n<p>Vous avez la possibilit\u00e9 de nous retourner tout article command\u00e9 dans les 30 jours suivant la date de r\u00e9ception.<br \/>\nLors du retour du ou des articles, veuillez les renvoyer dans leur emballage d\u2019origine, accompagn\u00e9s des accessoires et documents fournis, et joindre le formulaire de livraison. Nous vous recommandons de prendre toutes les pr\u00e9cautions possibles pour garantir l\u2019int\u00e9grit\u00e9 du produit retourn\u00e9.<br \/>\nLes articles non retourn\u00e9s, retourn\u00e9s incomplets, ab\u00eem\u00e9s, endommag\u00e9s, d\u00e9t\u00e9rior\u00e9s, sales ou dans tout autre \u00e9tat pouvant raisonnablement laisser penser qu\u2019ils ont \u00e9t\u00e9 utilis\u00e9s, ne seront pas rembours\u00e9s ou remplac\u00e9s, de m\u00eame que les articles scell\u00e9s qui ont \u00e9t\u00e9 ouverts apr\u00e8s la livraison, pour des raisons d\u2019hygi\u00e8ne ou de protection de la sant\u00e9.<\/p>\n<\/div><\/div><\/div><div class=\"fusion-panel panel-default panel-25beee81bdafe29ab fusion-toggle-has-divider\"><div class=\"panel-heading\"><h4 class=\"panel-title toggle\" id=\"toggle_25beee81bdafe29ab\"><a aria-expanded=\"false\" aria-controls=\"25beee81bdafe29ab\" role=\"button\" data-toggle=\"collapse\" data-parent=\"#accordion-14735-1\" data-target=\"#25beee81bdafe29ab\" href=\"#25beee81bdafe29ab\"><span class=\"fusion-toggle-icon-wrapper\" aria-hidden=\"true\"><i class=\"fa-fusion-box active-icon awb-icon-minus\" aria-hidden=\"true\"><\/i><i class=\"fa-fusion-box inactive-icon awb-icon-plus\" aria-hidden=\"true\"><\/i><\/span><span class=\"fusion-toggle-heading\">D&#039;o\u00f9 viennent les produits PIUMA ?<\/span><\/a><\/h4><\/div><div id=\"25beee81bdafe29ab\" class=\"panel-collapse collapse \" aria-labelledby=\"toggle_25beee81bdafe29ab\"><div class=\"panel-body toggle-content fusion-clearfix\">\n<p>Les produits PIUMA sont con\u00e7us et fabriqu\u00e9s en Italie.<\/p>\n<\/div><\/div><\/div><div class=\"fusion-panel panel-default panel-382b941e4d3d36032 fusion-toggle-has-divider\"><div class=\"panel-heading\"><h4 class=\"panel-title toggle\" id=\"toggle_382b941e4d3d36032\"><a aria-expanded=\"false\" aria-controls=\"382b941e4d3d36032\" role=\"button\" data-toggle=\"collapse\" data-parent=\"#accordion-14735-1\" data-target=\"#382b941e4d3d36032\" href=\"#382b941e4d3d36032\"><span class=\"fusion-toggle-icon-wrapper\" aria-hidden=\"true\"><i class=\"fa-fusion-box active-icon awb-icon-minus\" aria-hidden=\"true\"><\/i><i class=\"fa-fusion-box inactive-icon awb-icon-plus\" aria-hidden=\"true\"><\/i><\/span><span class=\"fusion-toggle-heading\">Quel type de brosse \u00e0 dents dois-je utiliser ?<\/span><\/a><\/h4><\/div><div id=\"382b941e4d3d36032\" class=\"panel-collapse collapse \" aria-labelledby=\"toggle_382b941e4d3d36032\"><div class=\"panel-body toggle-content fusion-clearfix\">\n<p>Une brosse \u00e0 dents \u00e0 poils m\u00e9diums convient \u00e0 ceux qui n\u2019ont pas les dents et les gencives sensibles, sinon nous recommandons une brosse \u00e0 dents \u00e0 poils souples.<\/p>\n<\/div><\/div><\/div><div class=\"fusion-panel panel-default panel-9fc8b8ddfe3c7a510 fusion-toggle-has-divider\"><div class=\"panel-heading\"><h4 class=\"panel-title toggle\" id=\"toggle_9fc8b8ddfe3c7a510\"><a aria-expanded=\"false\" aria-controls=\"9fc8b8ddfe3c7a510\" role=\"button\" data-toggle=\"collapse\" data-parent=\"#accordion-14735-1\" data-target=\"#9fc8b8ddfe3c7a510\" href=\"#9fc8b8ddfe3c7a510\"><span class=\"fusion-toggle-icon-wrapper\" aria-hidden=\"true\"><i class=\"fa-fusion-box active-icon awb-icon-minus\" aria-hidden=\"true\"><\/i><i class=\"fa-fusion-box inactive-icon awb-icon-plus\" aria-hidden=\"true\"><\/i><\/span><span class=\"fusion-toggle-heading\">\u00c0 quelle fr\u00e9quence dois-je changer ma brosse \u00e0 dents ?<\/span><\/a><\/h4><\/div><div id=\"9fc8b8ddfe3c7a510\" class=\"panel-collapse collapse \" aria-labelledby=\"toggle_9fc8b8ddfe3c7a510\"><div class=\"panel-body toggle-content fusion-clearfix\">\n<p>Nous vous recommandons de changer votre brosse \u00e0 dents tous les 3 mois. Nous avons mis en place un \u00ab calendrier \u00bb au dos de la station de base qui vous indique quand remplacer votre brosse \u00e0 dents.<\/p>\n<\/div><\/div><\/div><\/div><\/div><\/div><\/div><\/div><\/div>\n","protected":false},"excerpt":{"rendered":"<div class=\"info-description\">\n<p>Choisissez la recharge PiumaBrush si vous avez d\u00e9j\u00e0 la base \u00e0 la maison et que vous avez juste besoin de changer de brosse \u00e0 dents ou si vous aimez simplement utiliser le verre comme r\u00e9cipient.<\/p>\n<p><strong>Qu&rsquo;est-ce que c\u2019est<\/strong>: La brosse \u00e0 dents innovante et prim\u00e9e PiumaBrush<\/p>\n<p><strong>Caract\u00e9ristiques<\/strong>:<\/p>\n<ul>\n<li>Poils blanchissants doux avec du charbon de bambou<\/li>\n<li>Brosse \u00e0 dents au design innovant avec manche flexible<\/li>\n<li>Les mati\u00e8res premi\u00e8res utilis\u00e9es sont antibact\u00e9riennes et certifi\u00e9es FDA<\/li>\n<li>Gratte-langue pour une exp\u00e9rience multisensorielle qui garantit un excellent nettoyage de la langue<\/li>\n<li>100% Made in Italy<\/li>\n<\/ul>\n<p><img decoding=\"async\" class=\"alignnone wp-image-8117\" src=\"https:\/\/www.piumacare.com\/wp-content\/uploads\/2021\/07\/Tavola-disegno-1-4.svg\" alt=\"\" width=\"241\" height=\"104\" \/><\/p>\n<p><strong>Extra<\/strong>: La brosse \u00e0 dents est emball\u00e9e dans une atmosph\u00e8re contr\u00f4l\u00e9e pour garantir les plus hauts niveaux d&rsquo;hygi\u00e8ne<\/p>\n<p><strong>Note<\/strong>: Le capuchon est toujours inclus.<\/p>\n<\/div>\n<p><span style=\"line-height: 52px; padding-right: 80px;\">Couleur<\/span><img decoding=\"async\" class=\"alignnone wp-image-14738\" src=\"https:\/\/www.piumacare.com\/wp-content\/uploads\/2023\/06\/icone_colore_VeryMagenta.svg\" alt=\"\" width=\"55\" \/><\/p>\n","protected":false},"featured_media":14745,"template":"","meta":[],"product_brand":[],"product_cat":[82],"product_tag":[356],"class_list":{"0":"post-14735","1":"product","2":"type-product","3":"status-publish","4":"has-post-thumbnail","6":"product_cat-refill-fr","7":"product_tag-very-magenta-fr","9":"first","10":"instock","11":"shipping-taxable","12":"purchasable","13":"product-type-simple"},"yoast_head":"<!-- This site is optimized with the Yoast SEO plugin v27.4 - https:\/\/yoast.com\/product\/yoast-seo-wordpress\/ -->\n<title>Brosse \u00e0 dents blanche de Piuma Care : design et ergonomie de premier ordre<\/title>\n<meta name=\"description\" content=\"Brosse \u00e0 dents blanche, premi\u00e8re par sa conception et son efficacit\u00e9. Id\u00e9al pour tous ceux qui ont d\u00e9j\u00e0 le calendrier de base qui vous rappelle quand le remplacer\" \/>\n<meta name=\"robots\" content=\"index, follow, max-snippet:-1, max-image-preview:large, max-video-preview:-1\" \/>\n<link rel=\"canonical\" href=\"https:\/\/www.piumacare.com\/fr\/product\/brosse-a-dents-sans-base-verymagenta\/\" \/>\n<meta property=\"og:locale\" content=\"fr_FR\" \/>\n<meta property=\"og:type\" content=\"article\" \/>\n<meta property=\"og:title\" content=\"Brosse \u00e0 dents blanche de Piuma Care : design et ergonomie de premier ordre\" \/>\n<meta property=\"og:description\" content=\"Brosse \u00e0 dents blanche, premi\u00e8re par sa conception et son efficacit\u00e9. Id\u00e9al pour tous ceux qui ont d\u00e9j\u00e0 le calendrier de base qui vous rappelle quand le remplacer\" \/>\n<meta property=\"og:url\" content=\"https:\/\/www.piumacare.com\/fr\/product\/brosse-a-dents-sans-base-verymagenta\/\" \/>\n<meta property=\"og:site_name\" content=\"Piuma Care\" \/>\n<meta property=\"article:modified_time\" content=\"2024-09-13T11:43:41+00:00\" \/>\n<meta property=\"og:image\" content=\"https:\/\/www.piumacare.com\/wp-content\/uploads\/2023\/06\/01_SP_MG_CA.jpg\" \/>\n\t<meta property=\"og:image:width\" content=\"2000\" \/>\n\t<meta property=\"og:image:height\" content=\"2000\" \/>\n\t<meta property=\"og:image:type\" content=\"image\/jpeg\" \/>\n<meta name=\"twitter:card\" content=\"summary_large_image\" \/>\n<meta name=\"twitter:label1\" content=\"Dur\u00e9e de lecture estim\u00e9e\" \/>\n\t<meta name=\"twitter:data1\" content=\"5 minutes\" \/>\n<script type=\"application\/ld+json\" class=\"yoast-schema-graph\">{\"@context\":\"https:\\\/\\\/schema.org\",\"@graph\":[{\"@type\":\"WebPage\",\"@id\":\"https:\\\/\\\/www.piumacare.com\\\/fr\\\/product\\\/brosse-a-dents-sans-base-verymagenta\\\/\",\"url\":\"https:\\\/\\\/www.piumacare.com\\\/fr\\\/product\\\/brosse-a-dents-sans-base-verymagenta\\\/\",\"name\":\"Brosse \u00e0 dents blanche de Piuma Care : design et ergonomie de premier ordre\",\"isPartOf\":{\"@id\":\"https:\\\/\\\/www.piumacare.com\\\/fr\\\/#website\"},\"primaryImageOfPage\":{\"@id\":\"https:\\\/\\\/www.piumacare.com\\\/fr\\\/product\\\/brosse-a-dents-sans-base-verymagenta\\\/#primaryimage\"},\"image\":{\"@id\":\"https:\\\/\\\/www.piumacare.com\\\/fr\\\/product\\\/brosse-a-dents-sans-base-verymagenta\\\/#primaryimage\"},\"thumbnailUrl\":\"https:\\\/\\\/www.piumacare.com\\\/wp-content\\\/uploads\\\/2023\\\/06\\\/01_SP_MG_CA.jpg\",\"datePublished\":\"2023-06-14T12:38:48+00:00\",\"dateModified\":\"2024-09-13T11:43:41+00:00\",\"description\":\"Brosse \u00e0 dents blanche, premi\u00e8re par sa conception et son efficacit\u00e9. Id\u00e9al pour tous ceux qui ont d\u00e9j\u00e0 le calendrier de base qui vous rappelle quand le remplacer\",\"breadcrumb\":{\"@id\":\"https:\\\/\\\/www.piumacare.com\\\/fr\\\/product\\\/brosse-a-dents-sans-base-verymagenta\\\/#breadcrumb\"},\"inLanguage\":\"fr-FR\",\"potentialAction\":[{\"@type\":\"ReadAction\",\"target\":[\"https:\\\/\\\/www.piumacare.com\\\/fr\\\/product\\\/brosse-a-dents-sans-base-verymagenta\\\/\"]}]},{\"@type\":\"ImageObject\",\"inLanguage\":\"fr-FR\",\"@id\":\"https:\\\/\\\/www.piumacare.com\\\/fr\\\/product\\\/brosse-a-dents-sans-base-verymagenta\\\/#primaryimage\",\"url\":\"https:\\\/\\\/www.piumacare.com\\\/wp-content\\\/uploads\\\/2023\\\/06\\\/01_SP_MG_CA.jpg\",\"contentUrl\":\"https:\\\/\\\/www.piumacare.com\\\/wp-content\\\/uploads\\\/2023\\\/06\\\/01_SP_MG_CA.jpg\",\"width\":2000,\"height\":2000},{\"@type\":\"BreadcrumbList\",\"@id\":\"https:\\\/\\\/www.piumacare.com\\\/fr\\\/product\\\/brosse-a-dents-sans-base-verymagenta\\\/#breadcrumb\",\"itemListElement\":[{\"@type\":\"ListItem\",\"position\":1,\"name\":\"Home\",\"item\":\"https:\\\/\\\/www.piumacare.com\\\/fr\\\/accueil-fr\\\/\"},{\"@type\":\"ListItem\",\"position\":2,\"name\":\"Boutique\",\"item\":\"https:\\\/\\\/www.piumacare.com\\\/fr\\\/boutique\\\/\"},{\"@type\":\"ListItem\",\"position\":3,\"name\":\"Brosse \u00e0 dents sans base\"}]},{\"@type\":\"WebSite\",\"@id\":\"https:\\\/\\\/www.piumacare.com\\\/fr\\\/#website\",\"url\":\"https:\\\/\\\/www.piumacare.com\\\/fr\\\/\",\"name\":\"Piuma Care\",\"description\":\"La scienza del sorriso\",\"potentialAction\":[{\"@type\":\"SearchAction\",\"target\":{\"@type\":\"EntryPoint\",\"urlTemplate\":\"https:\\\/\\\/www.piumacare.com\\\/fr\\\/?s={search_term_string}\"},\"query-input\":{\"@type\":\"PropertyValueSpecification\",\"valueRequired\":true,\"valueName\":\"search_term_string\"}}],\"inLanguage\":\"fr-FR\"}]}<\/script>\n<!-- \/ Yoast SEO plugin. -->","yoast_head_json":{"title":"Brosse \u00e0 dents blanche de Piuma Care : design et ergonomie de premier ordre","description":"Brosse \u00e0 dents blanche, premi\u00e8re par sa conception et son efficacit\u00e9. Id\u00e9al pour tous ceux qui ont d\u00e9j\u00e0 le calendrier de base qui vous rappelle quand le remplacer","robots":{"index":"index","follow":"follow","max-snippet":"max-snippet:-1","max-image-preview":"max-image-preview:large","max-video-preview":"max-video-preview:-1"},"canonical":"https:\/\/www.piumacare.com\/fr\/product\/brosse-a-dents-sans-base-verymagenta\/","og_locale":"fr_FR","og_type":"article","og_title":"Brosse \u00e0 dents blanche de Piuma Care : design et ergonomie de premier ordre","og_description":"Brosse \u00e0 dents blanche, premi\u00e8re par sa conception et son efficacit\u00e9. Id\u00e9al pour tous ceux qui ont d\u00e9j\u00e0 le calendrier de base qui vous rappelle quand le remplacer","og_url":"https:\/\/www.piumacare.com\/fr\/product\/brosse-a-dents-sans-base-verymagenta\/","og_site_name":"Piuma Care","article_modified_time":"2024-09-13T11:43:41+00:00","og_image":[{"width":2000,"height":2000,"url":"https:\/\/www.piumacare.com\/wp-content\/uploads\/2023\/06\/01_SP_MG_CA.jpg","type":"image\/jpeg"}],"twitter_card":"summary_large_image","twitter_misc":{"Dur\u00e9e de lecture estim\u00e9e":"5 minutes"},"schema":{"@context":"https:\/\/schema.org","@graph":[{"@type":"WebPage","@id":"https:\/\/www.piumacare.com\/fr\/product\/brosse-a-dents-sans-base-verymagenta\/","url":"https:\/\/www.piumacare.com\/fr\/product\/brosse-a-dents-sans-base-verymagenta\/","name":"Brosse \u00e0 dents blanche de Piuma Care : design et ergonomie de premier ordre","isPartOf":{"@id":"https:\/\/www.piumacare.com\/fr\/#website"},"primaryImageOfPage":{"@id":"https:\/\/www.piumacare.com\/fr\/product\/brosse-a-dents-sans-base-verymagenta\/#primaryimage"},"image":{"@id":"https:\/\/www.piumacare.com\/fr\/product\/brosse-a-dents-sans-base-verymagenta\/#primaryimage"},"thumbnailUrl":"https:\/\/www.piumacare.com\/wp-content\/uploads\/2023\/06\/01_SP_MG_CA.jpg","datePublished":"2023-06-14T12:38:48+00:00","dateModified":"2024-09-13T11:43:41+00:00","description":"Brosse \u00e0 dents blanche, premi\u00e8re par sa conception et son efficacit\u00e9. Id\u00e9al pour tous ceux qui ont d\u00e9j\u00e0 le calendrier de base qui vous rappelle quand le remplacer","breadcrumb":{"@id":"https:\/\/www.piumacare.com\/fr\/product\/brosse-a-dents-sans-base-verymagenta\/#breadcrumb"},"inLanguage":"fr-FR","potentialAction":[{"@type":"ReadAction","target":["https:\/\/www.piumacare.com\/fr\/product\/brosse-a-dents-sans-base-verymagenta\/"]}]},{"@type":"ImageObject","inLanguage":"fr-FR","@id":"https:\/\/www.piumacare.com\/fr\/product\/brosse-a-dents-sans-base-verymagenta\/#primaryimage","url":"https:\/\/www.piumacare.com\/wp-content\/uploads\/2023\/06\/01_SP_MG_CA.jpg","contentUrl":"https:\/\/www.piumacare.com\/wp-content\/uploads\/2023\/06\/01_SP_MG_CA.jpg","width":2000,"height":2000},{"@type":"BreadcrumbList","@id":"https:\/\/www.piumacare.com\/fr\/product\/brosse-a-dents-sans-base-verymagenta\/#breadcrumb","itemListElement":[{"@type":"ListItem","position":1,"name":"Home","item":"https:\/\/www.piumacare.com\/fr\/accueil-fr\/"},{"@type":"ListItem","position":2,"name":"Boutique","item":"https:\/\/www.piumacare.com\/fr\/boutique\/"},{"@type":"ListItem","position":3,"name":"Brosse \u00e0 dents sans base"}]},{"@type":"WebSite","@id":"https:\/\/www.piumacare.com\/fr\/#website","url":"https:\/\/www.piumacare.com\/fr\/","name":"Piuma Care","description":"La scienza del sorriso","potentialAction":[{"@type":"SearchAction","target":{"@type":"EntryPoint","urlTemplate":"https:\/\/www.piumacare.com\/fr\/?s={search_term_string}"},"query-input":{"@type":"PropertyValueSpecification","valueRequired":true,"valueName":"search_term_string"}}],"inLanguage":"fr-FR"}]}},"_links":{"self":[{"href":"https:\/\/www.piumacare.com\/fr\/wp-json\/wp\/v2\/product\/14735","targetHints":{"allow":["GET"]}}],"collection":[{"href":"https:\/\/www.piumacare.com\/fr\/wp-json\/wp\/v2\/product"}],"about":[{"href":"https:\/\/www.piumacare.com\/fr\/wp-json\/wp\/v2\/types\/product"}],"wp:featuredmedia":[{"embeddable":true,"href":"https:\/\/www.piumacare.com\/fr\/wp-json\/wp\/v2\/media\/14745"}],"wp:attachment":[{"href":"https:\/\/www.piumacare.com\/fr\/wp-json\/wp\/v2\/media?parent=14735"}],"wp:term":[{"taxonomy":"product_brand","embeddable":true,"href":"https:\/\/www.piumacare.com\/fr\/wp-json\/wp\/v2\/product_brand?post=14735"},{"taxonomy":"product_cat","embeddable":true,"href":"https:\/\/www.piumacare.com\/fr\/wp-json\/wp\/v2\/product_cat?post=14735"},{"taxonomy":"product_tag","embeddable":true,"href":"https:\/\/www.piumacare.com\/fr\/wp-json\/wp\/v2\/product_tag?post=14735"}],"curies":[{"name":"wp","href":"https:\/\/api.w.org\/{rel}","templated":true}]}}