{"id":15496,"date":"2023-09-05T12:42:14","date_gmt":"2023-09-05T10:42:14","guid":{"rendered":"https:\/\/www.piumacare.com\/?post_type=product&#038;p=15496"},"modified":"2024-09-13T13:41:12","modified_gmt":"2024-09-13T11:41:12","slug":"smile-glow","status":"publish","type":"product","link":"https:\/\/www.piumacare.com\/fr\/product\/smile-glow\/","title":{"rendered":"Smile Glow"},"content":{"rendered":"<div class=\"fusion-fullwidth fullwidth-box fusion-builder-row-1 fusion-flex-container hundred-percent-fullwidth non-hundred-percent-height-scrolling\" style=\"--awb-border-radius-top-left:0px;--awb-border-radius-top-right:0px;--awb-border-radius-bottom-right:0px;--awb-border-radius-bottom-left:0px;--awb-flex-wrap:wrap;\" ><div class=\"fusion-builder-row fusion-row fusion-flex-align-items-flex-start fusion-flex-justify-content-center fusion-flex-content-wrap\" style=\"width:104% !important;max-width:104% !important;margin-left: calc(-4% \/ 2 );margin-right: calc(-4% \/ 2 );\"><div class=\"fusion-layout-column fusion_builder_column fusion-builder-column-0 fusion_builder_column_1_1 1_1 fusion-flex-column\" style=\"--awb-bg-size:cover;--awb-width-large:100%;--awb-margin-top-large:0px;--awb-spacing-right-large:1.92%;--awb-margin-bottom-large:20px;--awb-spacing-left-large:1.92%;--awb-width-medium:100%;--awb-order-medium:0;--awb-spacing-right-medium:1.92%;--awb-spacing-left-medium:1.92%;--awb-width-small:100%;--awb-order-small:0;--awb-spacing-right-small:1.92%;--awb-spacing-left-small:1.92%;\"><div class=\"fusion-column-wrapper fusion-column-has-shadow fusion-flex-justify-content-flex-start fusion-content-layout-column\"><div class=\"accordian fusion-accordian\" style=\"--awb-border-size:1px;--awb-icon-size:13px;--awb-content-font-size:16px;--awb-icon-alignment:left;--awb-hover-color:#f9f9fb;--awb-border-color:#e2e2e2;--awb-background-color:#ffffff;--awb-divider-color:#e2e2e2;--awb-divider-hover-color:#e2e2e2;--awb-icon-color:#000000;--awb-title-color:#212934;--awb-content-color:#000000;--awb-icon-box-color:rgba(255,255,255,0);--awb-toggle-hover-accent-color:#898989;--awb-title-font-family:&quot;Manrope&quot;;--awb-title-font-weight:regular;--awb-title-font-style:normal;--awb-content-font-family:&quot;Manrope&quot;;--awb-content-font-style:normal;--awb-content-font-weight:regular;\"><div class=\"panel-group fusion-toggle-icon-boxed\" id=\"accordion-15496-1\"><div class=\"fusion-panel panel-default panel-472392412d49d79ff fusion-toggle-has-divider\"><div class=\"panel-heading\"><h4 class=\"panel-title toggle\" id=\"toggle_472392412d49d79ff\"><a aria-expanded=\"false\" aria-controls=\"472392412d49d79ff\" role=\"button\" data-toggle=\"collapse\" data-parent=\"#accordion-15496-1\" data-target=\"#472392412d49d79ff\" href=\"#472392412d49d79ff\"><span class=\"fusion-toggle-icon-wrapper\" aria-hidden=\"true\"><i class=\"fa-fusion-box active-icon awb-icon-minus\" aria-hidden=\"true\"><\/i><i class=\"fa-fusion-box inactive-icon awb-icon-plus\" aria-hidden=\"true\"><\/i><\/span><span class=\"fusion-toggle-heading\">Les prix indiqu\u00e9s sur le site internet incluent-ils la TVA ?<\/span><\/a><\/h4><\/div><div id=\"472392412d49d79ff\" class=\"panel-collapse collapse \" aria-labelledby=\"toggle_472392412d49d79ff\"><div class=\"panel-body toggle-content fusion-clearfix\">\n<p>Oui, tous les prix incluent la TVA.<\/p>\n<\/div><\/div><\/div><div class=\"fusion-panel panel-default panel-584d99e33a235e5eb fusion-toggle-has-divider\"><div class=\"panel-heading\"><h4 class=\"panel-title toggle\" id=\"toggle_584d99e33a235e5eb\"><a aria-expanded=\"false\" aria-controls=\"584d99e33a235e5eb\" role=\"button\" data-toggle=\"collapse\" data-parent=\"#accordion-15496-1\" data-target=\"#584d99e33a235e5eb\" href=\"#584d99e33a235e5eb\"><span class=\"fusion-toggle-icon-wrapper\" aria-hidden=\"true\"><i class=\"fa-fusion-box active-icon awb-icon-minus\" aria-hidden=\"true\"><\/i><i class=\"fa-fusion-box inactive-icon awb-icon-plus\" aria-hidden=\"true\"><\/i><\/span><span class=\"fusion-toggle-heading\">Quelle est votre politique de remboursement et de retour ?<\/span><\/a><\/h4><\/div><div id=\"584d99e33a235e5eb\" class=\"panel-collapse collapse \" aria-labelledby=\"toggle_584d99e33a235e5eb\"><div class=\"panel-body toggle-content fusion-clearfix\">\n<p>Vous avez la possibilit\u00e9 de nous retourner tout article command\u00e9 dans les 30 jours suivant la date de r\u00e9ception.<br \/>\nLors du retour du ou des articles, veuillez les renvoyer dans leur emballage d\u2019origine, accompagn\u00e9s des accessoires et documents fournis, et joindre le formulaire de livraison. Nous vous recommandons de prendre toutes les pr\u00e9cautions possibles pour garantir l\u2019int\u00e9grit\u00e9 du produit retourn\u00e9.<br \/>\nLes articles non retourn\u00e9s, retourn\u00e9s incomplets, ab\u00eem\u00e9s, endommag\u00e9s, d\u00e9t\u00e9rior\u00e9s, sales ou dans tout autre \u00e9tat pouvant raisonnablement laisser penser qu\u2019ils ont \u00e9t\u00e9 utilis\u00e9s, ne seront pas rembours\u00e9s ou remplac\u00e9s, de m\u00eame que les articles scell\u00e9s qui ont \u00e9t\u00e9 ouverts apr\u00e8s la livraison, pour des raisons d\u2019hygi\u00e8ne ou de protection de la sant\u00e9.<\/p>\n<\/div><\/div><\/div><div class=\"fusion-panel panel-default panel-5d6e74a0f875cb235 fusion-toggle-has-divider\"><div class=\"panel-heading\"><h4 class=\"panel-title toggle\" id=\"toggle_5d6e74a0f875cb235\"><a aria-expanded=\"false\" aria-controls=\"5d6e74a0f875cb235\" role=\"button\" data-toggle=\"collapse\" data-parent=\"#accordion-15496-1\" data-target=\"#5d6e74a0f875cb235\" href=\"#5d6e74a0f875cb235\"><span class=\"fusion-toggle-icon-wrapper\" aria-hidden=\"true\"><i class=\"fa-fusion-box active-icon awb-icon-minus\" aria-hidden=\"true\"><\/i><i class=\"fa-fusion-box inactive-icon awb-icon-plus\" aria-hidden=\"true\"><\/i><\/span><span class=\"fusion-toggle-heading\">D&#039;o\u00f9 viennent les produits PIUMA ?<\/span><\/a><\/h4><\/div><div id=\"5d6e74a0f875cb235\" class=\"panel-collapse collapse \" aria-labelledby=\"toggle_5d6e74a0f875cb235\"><div class=\"panel-body toggle-content fusion-clearfix\">\n<p>Les produits P I U M A sont con\u00e7us et fabriqu\u00e9s en Italie.<\/p>\n<\/div><\/div><\/div><div class=\"fusion-panel panel-default panel-d6d4efd5bc5143744 fusion-toggle-has-divider\"><div class=\"panel-heading\"><h4 class=\"panel-title toggle\" id=\"toggle_d6d4efd5bc5143744\"><a aria-expanded=\"false\" aria-controls=\"d6d4efd5bc5143744\" role=\"button\" data-toggle=\"collapse\" data-parent=\"#accordion-15496-1\" data-target=\"#d6d4efd5bc5143744\" href=\"#d6d4efd5bc5143744\"><span class=\"fusion-toggle-icon-wrapper\" aria-hidden=\"true\"><i class=\"fa-fusion-box active-icon awb-icon-minus\" aria-hidden=\"true\"><\/i><i class=\"fa-fusion-box inactive-icon awb-icon-plus\" aria-hidden=\"true\"><\/i><\/span><span class=\"fusion-toggle-heading\">Quel type de brosse \u00e0 dents dois-je utiliser ?<\/span><\/a><\/h4><\/div><div id=\"d6d4efd5bc5143744\" class=\"panel-collapse collapse \" aria-labelledby=\"toggle_d6d4efd5bc5143744\"><div class=\"panel-body toggle-content fusion-clearfix\">\n<p>Une brosse \u00e0 dents \u00e0 poils m\u00e9diums convient \u00e0 ceux qui n\u2019ont pas les dents et les gencives sensibles, sinon nous recommandons une brosse \u00e0 dents \u00e0 poils souples.<\/p>\n<\/div><\/div><\/div><div class=\"fusion-panel panel-default panel-66ec7b0b98571ae2c fusion-toggle-has-divider\"><div class=\"panel-heading\"><h4 class=\"panel-title toggle\" id=\"toggle_66ec7b0b98571ae2c\"><a aria-expanded=\"false\" aria-controls=\"66ec7b0b98571ae2c\" role=\"button\" data-toggle=\"collapse\" data-parent=\"#accordion-15496-1\" data-target=\"#66ec7b0b98571ae2c\" href=\"#66ec7b0b98571ae2c\"><span class=\"fusion-toggle-icon-wrapper\" aria-hidden=\"true\"><i class=\"fa-fusion-box active-icon awb-icon-minus\" aria-hidden=\"true\"><\/i><i class=\"fa-fusion-box inactive-icon awb-icon-plus\" aria-hidden=\"true\"><\/i><\/span><span class=\"fusion-toggle-heading\">\u00c0 quelle fr\u00e9quence dois-je changer ma brosse \u00e0 dents ?<\/span><\/a><\/h4><\/div><div id=\"66ec7b0b98571ae2c\" class=\"panel-collapse collapse \" aria-labelledby=\"toggle_66ec7b0b98571ae2c\"><div class=\"panel-body toggle-content fusion-clearfix\">\n<p>Nous vous recommandons de changer votre brosse \u00e0 dents tous les 3 mois. Nous avons mis en place un \u00ab\u00a0calendrier\u00a0\u00bb au dos de la station de base qui vous indique quand remplacer votre brosse \u00e0 dents.<\/p>\n<\/div><\/div><\/div><\/div><\/div><\/div><\/div><\/div><\/div>\n","protected":false},"excerpt":{"rendered":"<div class=\"info-description\">\n<p>Smile Glow est le kit r\u00e9volutionnaire de blanchiment des dents qui \u00e9claircit votre sourire jusqu&rsquo;\u00e0 10 teintes !<\/p>\n<p><b>Contenu:<\/b> e kit comprend l&rsquo;appareil \u00e0 lumi\u00e8re LED avec son \u00e9tui, le pot contenant le gel blanchissant et la brosse d&rsquo;application.<\/p>\n<p><b>Caract\u00e9ristiques:<\/b><\/p>\n<p><b>Gel blanchissant<\/b><\/p>\n<ul>\n<li>Test\u00e9 cliniquement : apr\u00e8s 14 jours de traitement, une am\u00e9lioration allant jusqu&rsquo;\u00e0 10 tons a \u00e9t\u00e9 d\u00e9montr\u00e9e (la moyenne est de 6 tons)<\/li>\n<li>Technologie de blanchiment PAP<\/li>\n<li>R\u00e9sultats visibles d\u00e8s la premi\u00e8re application<\/li>\n<li>Contient du calcium et de la vitamine E<\/li>\n<li>Ar\u00f4me naturel de menthe poivr\u00e9e<\/li>\n<\/ul>\n<p><b>Ingr\u00e9dients<\/b>: Glycerin, Aqua, Peg-8, Phthalimidoperoxycaproic Acid, Sodium Acryloyldimethyltaurate\/Vp Crosspolymer, Mica, Mentha Arvensis Leaf Oil, Ci 77891, Sodium Saccharin, Monosodium Citrate, Pvm\/Ma Copolymer, Xanthan Gum, Sodium Hydroxide, Calcium Gluconate, Polysorbate 20, C12-15 Pareth-5, Aloe Barbadensis Leaf Powder, Tocopheryl Acetate.<\/p>\n<p><b>Dispositif de lumi\u00e8re LED<\/b><\/p>\n<ul>\n<li>\u00c9quip\u00e9 de 32 lumi\u00e8res LED bleues (acc\u00e9l\u00e9rateur de blanchiment) et rouges (effet d\u00e9sinfectant et apaisant).<\/li>\n<li>Sans fil et \u00e9tanche<\/li>\n<li>Minuterie d&rsquo;arr\u00eat automatique<\/li>\n<li>\u00c9tui pratique pour ranger l&rsquo;appareil<\/li>\n<li>Chargeur magn\u00e9tique avec c\u00e2ble de charge USB<\/li>\n<\/ul>\n<p><b>Extra<\/b>: dans l&#8217;emballage, vous trouverez le livret d&rsquo;instructions et le guide pratique des nuances.<\/p>\n<\/div>\n","protected":false},"featured_media":19239,"template":"","meta":[],"product_brand":[],"product_cat":[],"product_tag":[],"class_list":{"0":"post-15496","1":"product","2":"type-product","3":"status-publish","4":"has-post-thumbnail","7":"first","8":"instock","9":"shipping-taxable","10":"purchasable","11":"product-type-simple"},"yoast_head":"<!-- This site is optimized with the Yoast SEO plugin v27.4 - https:\/\/yoast.com\/product\/yoast-seo-wordpress\/ -->\n<title>Kit de blanchiment des dents qui \u00e9claircit votre sourire jusqu&#039;\u00e0 10 tons !<\/title>\n<meta name=\"description\" content=\"Smile Glow est un kit compos\u00e9 de l&#039;appareil \u00e0 lumi\u00e8re LED et de son \u00e9tui, du pot contenant le gel blanchissant et de la brosse d&#039;application.\" \/>\n<meta name=\"robots\" content=\"index, follow, max-snippet:-1, max-image-preview:large, max-video-preview:-1\" \/>\n<link rel=\"canonical\" href=\"https:\/\/www.piumacare.com\/fr\/product\/smile-glow\/\" \/>\n<meta property=\"og:locale\" content=\"fr_FR\" \/>\n<meta property=\"og:type\" content=\"article\" \/>\n<meta property=\"og:title\" content=\"Kit de blanchiment des dents qui \u00e9claircit votre sourire jusqu&#039;\u00e0 10 tons !\" \/>\n<meta property=\"og:description\" content=\"Smile Glow est un kit compos\u00e9 de l&#039;appareil \u00e0 lumi\u00e8re LED et de son \u00e9tui, du pot contenant le gel blanchissant et de la brosse d&#039;application.\" \/>\n<meta property=\"og:url\" content=\"https:\/\/www.piumacare.com\/fr\/product\/smile-glow\/\" \/>\n<meta property=\"og:site_name\" content=\"Piuma Care\" \/>\n<meta property=\"article:modified_time\" content=\"2024-09-13T11:41:12+00:00\" \/>\n<meta property=\"og:image\" content=\"https:\/\/www.piumacare.com\/wp-content\/uploads\/2025\/03\/SMILE-GLOW_01.jpg\" \/>\n\t<meta property=\"og:image:width\" content=\"2000\" \/>\n\t<meta property=\"og:image:height\" content=\"1999\" \/>\n\t<meta property=\"og:image:type\" content=\"image\/jpeg\" \/>\n<meta name=\"twitter:card\" content=\"summary_large_image\" \/>\n<meta name=\"twitter:label1\" content=\"Dur\u00e9e de lecture estim\u00e9e\" \/>\n\t<meta name=\"twitter:data1\" content=\"5 minutes\" \/>\n<script type=\"application\/ld+json\" class=\"yoast-schema-graph\">{\"@context\":\"https:\\\/\\\/schema.org\",\"@graph\":[{\"@type\":\"WebPage\",\"@id\":\"https:\\\/\\\/www.piumacare.com\\\/fr\\\/product\\\/smile-glow\\\/\",\"url\":\"https:\\\/\\\/www.piumacare.com\\\/fr\\\/product\\\/smile-glow\\\/\",\"name\":\"Kit de blanchiment des dents qui \u00e9claircit votre sourire jusqu'\u00e0 10 tons !\",\"isPartOf\":{\"@id\":\"https:\\\/\\\/www.piumacare.com\\\/fr\\\/#website\"},\"primaryImageOfPage\":{\"@id\":\"https:\\\/\\\/www.piumacare.com\\\/fr\\\/product\\\/smile-glow\\\/#primaryimage\"},\"image\":{\"@id\":\"https:\\\/\\\/www.piumacare.com\\\/fr\\\/product\\\/smile-glow\\\/#primaryimage\"},\"thumbnailUrl\":\"https:\\\/\\\/www.piumacare.com\\\/wp-content\\\/uploads\\\/2025\\\/03\\\/SMILE-GLOW_01.jpg\",\"datePublished\":\"2023-09-05T10:42:14+00:00\",\"dateModified\":\"2024-09-13T11:41:12+00:00\",\"description\":\"Smile Glow est un kit compos\u00e9 de l'appareil \u00e0 lumi\u00e8re LED et de son \u00e9tui, du pot contenant le gel blanchissant et de la brosse d'application.\",\"breadcrumb\":{\"@id\":\"https:\\\/\\\/www.piumacare.com\\\/fr\\\/product\\\/smile-glow\\\/#breadcrumb\"},\"inLanguage\":\"fr-FR\",\"potentialAction\":[{\"@type\":\"ReadAction\",\"target\":[\"https:\\\/\\\/www.piumacare.com\\\/fr\\\/product\\\/smile-glow\\\/\"]}]},{\"@type\":\"ImageObject\",\"inLanguage\":\"fr-FR\",\"@id\":\"https:\\\/\\\/www.piumacare.com\\\/fr\\\/product\\\/smile-glow\\\/#primaryimage\",\"url\":\"https:\\\/\\\/www.piumacare.com\\\/wp-content\\\/uploads\\\/2025\\\/03\\\/SMILE-GLOW_01.jpg\",\"contentUrl\":\"https:\\\/\\\/www.piumacare.com\\\/wp-content\\\/uploads\\\/2025\\\/03\\\/SMILE-GLOW_01.jpg\",\"width\":2000,\"height\":1999,\"caption\":\"OLYMPUS DIGITAL CAMERA\"},{\"@type\":\"BreadcrumbList\",\"@id\":\"https:\\\/\\\/www.piumacare.com\\\/fr\\\/product\\\/smile-glow\\\/#breadcrumb\",\"itemListElement\":[{\"@type\":\"ListItem\",\"position\":1,\"name\":\"Home\",\"item\":\"https:\\\/\\\/www.piumacare.com\\\/fr\\\/accueil-fr\\\/\"},{\"@type\":\"ListItem\",\"position\":2,\"name\":\"Boutique\",\"item\":\"https:\\\/\\\/www.piumacare.com\\\/fr\\\/boutique\\\/\"},{\"@type\":\"ListItem\",\"position\":3,\"name\":\"Smile Glow\"}]},{\"@type\":\"WebSite\",\"@id\":\"https:\\\/\\\/www.piumacare.com\\\/fr\\\/#website\",\"url\":\"https:\\\/\\\/www.piumacare.com\\\/fr\\\/\",\"name\":\"Piuma Care\",\"description\":\"La scienza del sorriso\",\"potentialAction\":[{\"@type\":\"SearchAction\",\"target\":{\"@type\":\"EntryPoint\",\"urlTemplate\":\"https:\\\/\\\/www.piumacare.com\\\/fr\\\/?s={search_term_string}\"},\"query-input\":{\"@type\":\"PropertyValueSpecification\",\"valueRequired\":true,\"valueName\":\"search_term_string\"}}],\"inLanguage\":\"fr-FR\"}]}<\/script>\n<!-- \/ Yoast SEO plugin. -->","yoast_head_json":{"title":"Kit de blanchiment des dents qui \u00e9claircit votre sourire jusqu'\u00e0 10 tons !","description":"Smile Glow est un kit compos\u00e9 de l'appareil \u00e0 lumi\u00e8re LED et de son \u00e9tui, du pot contenant le gel blanchissant et de la brosse d'application.","robots":{"index":"index","follow":"follow","max-snippet":"max-snippet:-1","max-image-preview":"max-image-preview:large","max-video-preview":"max-video-preview:-1"},"canonical":"https:\/\/www.piumacare.com\/fr\/product\/smile-glow\/","og_locale":"fr_FR","og_type":"article","og_title":"Kit de blanchiment des dents qui \u00e9claircit votre sourire jusqu'\u00e0 10 tons !","og_description":"Smile Glow est un kit compos\u00e9 de l'appareil \u00e0 lumi\u00e8re LED et de son \u00e9tui, du pot contenant le gel blanchissant et de la brosse d'application.","og_url":"https:\/\/www.piumacare.com\/fr\/product\/smile-glow\/","og_site_name":"Piuma Care","article_modified_time":"2024-09-13T11:41:12+00:00","og_image":[{"width":2000,"height":1999,"url":"https:\/\/www.piumacare.com\/wp-content\/uploads\/2025\/03\/SMILE-GLOW_01.jpg","type":"image\/jpeg"}],"twitter_card":"summary_large_image","twitter_misc":{"Dur\u00e9e de lecture estim\u00e9e":"5 minutes"},"schema":{"@context":"https:\/\/schema.org","@graph":[{"@type":"WebPage","@id":"https:\/\/www.piumacare.com\/fr\/product\/smile-glow\/","url":"https:\/\/www.piumacare.com\/fr\/product\/smile-glow\/","name":"Kit de blanchiment des dents qui \u00e9claircit votre sourire jusqu'\u00e0 10 tons !","isPartOf":{"@id":"https:\/\/www.piumacare.com\/fr\/#website"},"primaryImageOfPage":{"@id":"https:\/\/www.piumacare.com\/fr\/product\/smile-glow\/#primaryimage"},"image":{"@id":"https:\/\/www.piumacare.com\/fr\/product\/smile-glow\/#primaryimage"},"thumbnailUrl":"https:\/\/www.piumacare.com\/wp-content\/uploads\/2025\/03\/SMILE-GLOW_01.jpg","datePublished":"2023-09-05T10:42:14+00:00","dateModified":"2024-09-13T11:41:12+00:00","description":"Smile Glow est un kit compos\u00e9 de l'appareil \u00e0 lumi\u00e8re LED et de son \u00e9tui, du pot contenant le gel blanchissant et de la brosse d'application.","breadcrumb":{"@id":"https:\/\/www.piumacare.com\/fr\/product\/smile-glow\/#breadcrumb"},"inLanguage":"fr-FR","potentialAction":[{"@type":"ReadAction","target":["https:\/\/www.piumacare.com\/fr\/product\/smile-glow\/"]}]},{"@type":"ImageObject","inLanguage":"fr-FR","@id":"https:\/\/www.piumacare.com\/fr\/product\/smile-glow\/#primaryimage","url":"https:\/\/www.piumacare.com\/wp-content\/uploads\/2025\/03\/SMILE-GLOW_01.jpg","contentUrl":"https:\/\/www.piumacare.com\/wp-content\/uploads\/2025\/03\/SMILE-GLOW_01.jpg","width":2000,"height":1999,"caption":"OLYMPUS DIGITAL CAMERA"},{"@type":"BreadcrumbList","@id":"https:\/\/www.piumacare.com\/fr\/product\/smile-glow\/#breadcrumb","itemListElement":[{"@type":"ListItem","position":1,"name":"Home","item":"https:\/\/www.piumacare.com\/fr\/accueil-fr\/"},{"@type":"ListItem","position":2,"name":"Boutique","item":"https:\/\/www.piumacare.com\/fr\/boutique\/"},{"@type":"ListItem","position":3,"name":"Smile Glow"}]},{"@type":"WebSite","@id":"https:\/\/www.piumacare.com\/fr\/#website","url":"https:\/\/www.piumacare.com\/fr\/","name":"Piuma Care","description":"La scienza del sorriso","potentialAction":[{"@type":"SearchAction","target":{"@type":"EntryPoint","urlTemplate":"https:\/\/www.piumacare.com\/fr\/?s={search_term_string}"},"query-input":{"@type":"PropertyValueSpecification","valueRequired":true,"valueName":"search_term_string"}}],"inLanguage":"fr-FR"}]}},"_links":{"self":[{"href":"https:\/\/www.piumacare.com\/fr\/wp-json\/wp\/v2\/product\/15496","targetHints":{"allow":["GET"]}}],"collection":[{"href":"https:\/\/www.piumacare.com\/fr\/wp-json\/wp\/v2\/product"}],"about":[{"href":"https:\/\/www.piumacare.com\/fr\/wp-json\/wp\/v2\/types\/product"}],"wp:featuredmedia":[{"embeddable":true,"href":"https:\/\/www.piumacare.com\/fr\/wp-json\/wp\/v2\/media\/19239"}],"wp:attachment":[{"href":"https:\/\/www.piumacare.com\/fr\/wp-json\/wp\/v2\/media?parent=15496"}],"wp:term":[{"taxonomy":"product_brand","embeddable":true,"href":"https:\/\/www.piumacare.com\/fr\/wp-json\/wp\/v2\/product_brand?post=15496"},{"taxonomy":"product_cat","embeddable":true,"href":"https:\/\/www.piumacare.com\/fr\/wp-json\/wp\/v2\/product_cat?post=15496"},{"taxonomy":"product_tag","embeddable":true,"href":"https:\/\/www.piumacare.com\/fr\/wp-json\/wp\/v2\/product_tag?post=15496"}],"curies":[{"name":"wp","href":"https:\/\/api.w.org\/{rel}","templated":true}]}}