{"id":18171,"date":"2025-03-09T12:08:47","date_gmt":"2025-03-09T11:08:47","guid":{"rendered":"https:\/\/www.piumacare.com\/?post_type=product&#038;p=18171"},"modified":"2025-05-01T12:56:46","modified_gmt":"2025-05-01T10:56:46","slug":"brush-visible-active-vitamina-c-medium-black","status":"publish","type":"product","link":"https:\/\/www.piumacare.com\/fr\/product\/brush-visible-active-vitamina-c-medium-black\/","title":{"rendered":"Brush Visible Active"},"content":{"rendered":"<div class=\"fusion-fullwidth fullwidth-box fusion-builder-row-1 fusion-flex-container has-pattern-background has-mask-background nonhundred-percent-fullwidth non-hundred-percent-height-scrolling\" style=\"--awb-border-radius-top-left:0px;--awb-border-radius-top-right:0px;--awb-border-radius-bottom-right:0px;--awb-border-radius-bottom-left:0px;--awb-padding-top:0px;--awb-padding-right:0px;--awb-padding-bottom:0px;--awb-padding-left:0px;--awb-margin-top:0px;--awb-margin-bottom:0px;--awb-flex-wrap:wrap;\" ><div class=\"fusion-builder-row fusion-row fusion-flex-align-items-flex-start fusion-flex-content-wrap\" style=\"max-width:1248px;margin-left: calc(-4% \/ 2 );margin-right: calc(-4% \/ 2 );\"><div class=\"fusion-layout-column fusion_builder_column fusion-builder-column-0 fusion_builder_column_1_2 1_2 fusion-flex-column\" style=\"--awb-bg-size:cover;--awb-width-large:50%;--awb-margin-top-large:0px;--awb-spacing-right-large:3.84%;--awb-margin-bottom-large:20px;--awb-spacing-left-large:3.84%;--awb-width-medium:50%;--awb-order-medium:0;--awb-spacing-right-medium:3.84%;--awb-spacing-left-medium:3.84%;--awb-width-small:100%;--awb-order-small:0;--awb-spacing-right-small:1.92%;--awb-spacing-left-small:1.92%;\"><div class=\"fusion-column-wrapper fusion-column-has-shadow fusion-flex-justify-content-flex-start fusion-content-layout-column\"><div class=\"fusion-text fusion-text-1\" style=\"--awb-font-size:14px;--awb-text-transform:uppercase;--awb-text-font-family:&quot;Manrope&quot;;--awb-text-font-style:normal;--awb-text-font-weight:400;\"><p>Prot\u00e8ge-t\u00eate<\/p>\n<\/div><div class=\"fusion-image-element \" style=\"text-align:center;--awb-caption-title-font-family:var(--h2_typography-font-family);--awb-caption-title-font-weight:var(--h2_typography-font-weight);--awb-caption-title-font-style:var(--h2_typography-font-style);--awb-caption-title-size:var(--h2_typography-font-size);--awb-caption-title-transform:var(--h2_typography-text-transform);--awb-caption-title-line-height:var(--h2_typography-line-height);--awb-caption-title-letter-spacing:var(--h2_typography-letter-spacing);\"><span class=\" fusion-imageframe imageframe-none imageframe-1 hover-type-none\" style=\"border:1px solid #e2e2e2;\"><img decoding=\"async\" width=\"2000\" height=\"2000\" title=\"IMMAGINI SITO PIUMA &#8211; 54\" src=\"https:\/\/www.piumacare.com\/wp-content\/uploads\/2025\/03\/Active_VitC_Antibatterico_Black_med-2.jpg\" alt class=\"img-responsive wp-image-19892\" srcset=\"https:\/\/www.piumacare.com\/wp-content\/uploads\/2025\/03\/Active_VitC_Antibatterico_Black_med-2-200x200.jpg 200w, https:\/\/www.piumacare.com\/wp-content\/uploads\/2025\/03\/Active_VitC_Antibatterico_Black_med-2-400x400.jpg 400w, https:\/\/www.piumacare.com\/wp-content\/uploads\/2025\/03\/Active_VitC_Antibatterico_Black_med-2-600x600.jpg 600w, https:\/\/www.piumacare.com\/wp-content\/uploads\/2025\/03\/Active_VitC_Antibatterico_Black_med-2-800x800.jpg 800w, https:\/\/www.piumacare.com\/wp-content\/uploads\/2025\/03\/Active_VitC_Antibatterico_Black_med-2-1200x1200.jpg 1200w, https:\/\/www.piumacare.com\/wp-content\/uploads\/2025\/03\/Active_VitC_Antibatterico_Black_med-2.jpg 2000w\" sizes=\"(max-width: 640px) 100vw, 600px\" \/><\/span><\/div><\/div><\/div><div class=\"fusion-layout-column fusion_builder_column fusion-builder-column-1 fusion_builder_column_1_2 1_2 fusion-flex-column\" style=\"--awb-bg-size:cover;--awb-width-large:50%;--awb-margin-top-large:0px;--awb-spacing-right-large:3.84%;--awb-margin-bottom-large:20px;--awb-spacing-left-large:3.84%;--awb-width-medium:50%;--awb-order-medium:0;--awb-spacing-right-medium:3.84%;--awb-spacing-left-medium:3.84%;--awb-width-small:100%;--awb-order-small:0;--awb-spacing-right-small:1.92%;--awb-spacing-left-small:1.92%;\"><div class=\"fusion-column-wrapper fusion-column-has-shadow fusion-flex-justify-content-flex-start fusion-content-layout-column\"><div class=\"fusion-text fusion-text-2\" style=\"--awb-font-size:14px;--awb-text-transform:uppercase;--awb-text-font-family:&quot;Manrope&quot;;--awb-text-font-style:normal;--awb-text-font-weight:400;\"><p>Packaging<\/p>\n<\/div><div class=\"fusion-image-element \" style=\"text-align:center;--awb-caption-title-font-family:var(--h2_typography-font-family);--awb-caption-title-font-weight:var(--h2_typography-font-weight);--awb-caption-title-font-style:var(--h2_typography-font-style);--awb-caption-title-size:var(--h2_typography-font-size);--awb-caption-title-transform:var(--h2_typography-text-transform);--awb-caption-title-line-height:var(--h2_typography-line-height);--awb-caption-title-letter-spacing:var(--h2_typography-letter-spacing);\"><span class=\" fusion-imageframe imageframe-none imageframe-2 hover-type-none\" style=\"border:1px solid #e2e2e2;\"><img decoding=\"async\" width=\"2000\" height=\"2000\" title=\"IMMAGINI SITO PIUMA &#8211; 57\" src=\"https:\/\/www.piumacare.com\/wp-content\/uploads\/2025\/03\/Active_VitC_Antibatterico_Black_med-4.jpg\" alt class=\"img-responsive wp-image-19902\" srcset=\"https:\/\/www.piumacare.com\/wp-content\/uploads\/2025\/03\/Active_VitC_Antibatterico_Black_med-4-200x200.jpg 200w, https:\/\/www.piumacare.com\/wp-content\/uploads\/2025\/03\/Active_VitC_Antibatterico_Black_med-4-400x400.jpg 400w, https:\/\/www.piumacare.com\/wp-content\/uploads\/2025\/03\/Active_VitC_Antibatterico_Black_med-4-600x600.jpg 600w, https:\/\/www.piumacare.com\/wp-content\/uploads\/2025\/03\/Active_VitC_Antibatterico_Black_med-4-800x800.jpg 800w, https:\/\/www.piumacare.com\/wp-content\/uploads\/2025\/03\/Active_VitC_Antibatterico_Black_med-4-1200x1200.jpg 1200w, https:\/\/www.piumacare.com\/wp-content\/uploads\/2025\/03\/Active_VitC_Antibatterico_Black_med-4.jpg 2000w\" sizes=\"(max-width: 640px) 100vw, 600px\" \/><\/span><\/div><\/div><\/div><div class=\"fusion-layout-column fusion_builder_column fusion-builder-column-2 fusion_builder_column_1_1 1_1 fusion-flex-column\" style=\"--awb-bg-size:cover;--awb-width-large:100%;--awb-margin-top-large:0px;--awb-spacing-right-large:1.92%;--awb-margin-bottom-large:20px;--awb-spacing-left-large:1.92%;--awb-width-medium:100%;--awb-order-medium:0;--awb-spacing-right-medium:1.92%;--awb-spacing-left-medium:1.92%;--awb-width-small:100%;--awb-order-small:0;--awb-spacing-right-small:1.92%;--awb-spacing-left-small:1.92%;\"><div class=\"fusion-column-wrapper fusion-column-has-shadow fusion-flex-justify-content-flex-start fusion-content-layout-column\"><div class=\"fusion-image-element \" style=\"--awb-caption-title-font-family:var(--h2_typography-font-family);--awb-caption-title-font-weight:var(--h2_typography-font-weight);--awb-caption-title-font-style:var(--h2_typography-font-style);--awb-caption-title-size:var(--h2_typography-font-size);--awb-caption-title-transform:var(--h2_typography-text-transform);--awb-caption-title-line-height:var(--h2_typography-line-height);--awb-caption-title-letter-spacing:var(--h2_typography-letter-spacing);\"><span class=\" fusion-imageframe imageframe-none imageframe-3 hover-type-none\"><img decoding=\"async\" width=\"2000\" height=\"2000\" title=\"IMMAGINI SITO PIUMA &#8211; 53\" src=\"https:\/\/www.piumacare.com\/wp-content\/uploads\/2025\/03\/Active_VitC_Antibatterico_Black_med-1.jpg\" alt class=\"img-responsive wp-image-19887\" srcset=\"https:\/\/www.piumacare.com\/wp-content\/uploads\/2025\/03\/Active_VitC_Antibatterico_Black_med-1-200x200.jpg 200w, https:\/\/www.piumacare.com\/wp-content\/uploads\/2025\/03\/Active_VitC_Antibatterico_Black_med-1-400x400.jpg 400w, https:\/\/www.piumacare.com\/wp-content\/uploads\/2025\/03\/Active_VitC_Antibatterico_Black_med-1-600x600.jpg 600w, https:\/\/www.piumacare.com\/wp-content\/uploads\/2025\/03\/Active_VitC_Antibatterico_Black_med-1-800x800.jpg 800w, https:\/\/www.piumacare.com\/wp-content\/uploads\/2025\/03\/Active_VitC_Antibatterico_Black_med-1-1200x1200.jpg 1200w, https:\/\/www.piumacare.com\/wp-content\/uploads\/2025\/03\/Active_VitC_Antibatterico_Black_med-1.jpg 2000w\" sizes=\"(max-width: 640px) 100vw, 1200px\" \/><\/span><\/div><\/div><\/div><\/div><\/div>\n","protected":false},"excerpt":{"rendered":"<p><b>Aide \u00e0 pr\u00e9venir les probl\u00e8mes de gencives et favorise la formation de collag\u00e8ne, soutenant<br \/>\nle fonctionnement normal des gencives.<\/b><\/p>\n<p><b>Notre brosse \u00e0 dents<\/b> allie<b> innovation et soin bucco-dentaire<\/b> dans un design prim\u00e9. Les poils<br \/>\nenrichis en <b>vitamine C<\/b> favorisent des gencives saines et contribuent \u00e0 un sourire plus fort et<br \/>\nprot\u00e9g\u00e9.<\/p>\n[fusion_accordion type=\"\" inactive_icon=\"fa-angle-down fas\" active_icon=\"fa-angle-up fas\" margin_top=\"\" margin_bottom=\"20px\" hide_on_mobile=\"small-visibility,medium-visibility,large-visibility\" class=\"\" id=\"\" boxed_mode=\"\" border_size=\"1\" border_color=\"\" hue=\"\" saturation=\"\" lightness=\"\" alpha=\"\" hover_color=\"\" background_color=\"\" divider_line=\"no\" divider_hover_color=\"\" divider_color=\"\" padding_top=\"\" padding_right=\"\" padding_bottom=\"\" padding_left=\"\" title_tag=\"h4\" fusion_font_family_title_font=\"Manrope\" fusion_font_variant_title_font=\"400\" title_font_size=\"13px\" title_line_height=\"1.3\" title_letter_spacing=\"\" title_text_transform=\"\" title_color=\"var(--awb-color6)\" icon_size=\"12\" icon_color=\"var(--awb-color5)\" icon_boxed_mode=\"no\" icon_box_color=\"\" icon_alignment=\"\" fusion_font_family_content_font=\"Manrope\" fusion_font_variant_content_font=\"400\" content_font_size=\"13\" content_line_height=\"1.3\" content_letter_spacing=\"\" content_text_transform=\"\" content_color=\"var(--awb-color6)\" toggle_hover_accent_color=\"#0093b5\" toggle_active_accent_color=\"var(--awb-color8)\" parent_dynamic_content=\"\"][fusion_toggle title=\"en savoir plus\" open=\"no\" awb-switch-editor-focus=\"\" class=\"\" id=\"\" fusion_font_family_title_font=\"Manrope\" fusion_font_variant_title_font=\"400\" title_font_size=\"13px\" title_line_height=\"1.3\" title_letter_spacing=\"\" title_text_transform=\"\" title_color=\"var(--awb-color8)\" hue=\"\" saturation=\"\" lightness=\"\" alpha=\"\" fusion_font_family_content_font=\"Manrope\" fusion_font_variant_content_font=\"400\" content_font_size=\"13px\" content_line_height=\"1.3\" content_letter_spacing=\"\" content_text_transform=\"\" content_color=\"var(--awb-color6)\"]<\/p>\n<p><b>Principaux avantages<\/b><\/p>\n<p>\u2714<b> Poils actifs \u00e0 la vitamine C<\/b> \u2013 Aident \u00e0 renforcer les d\u00e9fenses immunitaires et \u00e0 am\u00e9liorer<br \/>\nla sant\u00e9 bucco-dentaire.<br \/>\n\u2714<b> Design innovant et flexible <\/b>\u2013 Poign\u00e9e ergonomique pour une prise en main confortable et<br \/>\nun nettoyage efficace.<br \/>\n\u2714 <b>Nettoyant int\u00e9gr\u00e9 pour la langue<\/b> \u2013 \u00c9limine les bact\u00e9ries pour une hygi\u00e8ne bucco-dentaire<br \/>\ncompl\u00e8te.<br \/>\n\u2714 <b>Poils ultra-souples<\/b> \u2013 Parfaits pour un nettoyage en profondeur et des gencives sensibles.<br \/>\n\u2714 <b>Vegan, sans cruaut\u00e9, fabriqu\u00e9 en Italie<\/b> \u2013 Qualit\u00e9 et durabilit\u00e9 dans un seul produit.<\/p>\n<p><b>Extras inclus<\/b><\/p>\n<p>\u2714 <b>Vegan <\/b>\u2013 Fabriqu\u00e9 en Italie \u2013 Sans cruaut\u00e9<br \/>\n\u2714 <b>Emball\u00e9 en atmosph\u00e8re contr\u00f4l\u00e9e<\/b> pour une hygi\u00e8ne maximale.<br \/>\n\u2714 <b>Toujours inclus<\/b> un protecteur de poils pour les prot\u00e9ger de la contamination.<\/p>\n<p>Id\u00e9ale pour ceux qui recherchent une exp\u00e9rience de soins bucco-dentaires avanc\u00e9e avec un<br \/>\nconfort et une protection maximaux. <b>Ajoutez-le \u00e0 votre routine quotidienne !<\/b><\/p>\n<p><b>Remarque <\/b>: Prot\u00e8ge-t\u00eate toujours inclus<\/p>\n<p>[\/fusion_toggle][\/fusion_accordion]\n<p><b>Poils<\/b>: <a style=\"color: #b4b4b4;\" href=\"https:\/\/www.piumacare.com\/product\/brush-visible-active-vit-c-soft-black\/\">Souples<\/a> &#8211; <b><u>MEDIUM<\/u><\/b><\/p>\n<p><span style=\"padding-right: 80px;\">Couleurs: Noir parfait<\/span><br \/>\n<img decoding=\"async\" class=\"alignnone wp-image-8158\" src=\"https:\/\/www.piumacare.com\/wp-content\/uploads\/2025\/03\/icone_colore_PERFECT-BLACK_act.svg\" alt=\"\" width=\"40\" height=\"40\" \/><a href=\"https:\/\/www.piumacare.com\/product\/brush-visible-active-vitamina-c-medie-gold-yellow\/\"><img decoding=\"async\" class=\"alignnone wp-image-8173\" src=\"https:\/\/www.piumacare.com\/wp-content\/uploads\/2025\/03\/icone_colore_GOLD-YELLOW.svg\" alt=\"\" width=\"40\" height=\"40\" \/><\/a><\/p>\n","protected":false},"featured_media":19882,"template":"","meta":[],"product_brand":[],"product_cat":[463],"product_tag":[119,462],"class_list":{"0":"post-18171","1":"product","2":"type-product","3":"status-publish","4":"has-post-thumbnail","6":"product_cat-poils-medium-a-la-vitamine-c","7":"product_tag-perfect-black-fr","8":"product_tag-refill-fr","10":"first","11":"instock","12":"sale","13":"shipping-taxable","14":"purchasable","15":"product-type-simple"},"yoast_head":"<!-- This site is optimized with the Yoast SEO plugin v27.1.1 - https:\/\/yoast.com\/product\/yoast-seo-wordpress\/ -->\n<title>Brosse \u00e0 dents avec Vitamine C Black- Piuma Care<\/title>\n<meta name=\"description\" content=\"Brosse \u00e0 dents avec Vitamine C. Les brins enrichis en Vitamine C favorisent des gencives saines et contribuent \u00e0 un sourire plus fort et prot\u00e9g\u00e9.\" \/>\n<meta name=\"robots\" content=\"index, follow, max-snippet:-1, max-image-preview:large, max-video-preview:-1\" \/>\n<link rel=\"canonical\" href=\"https:\/\/www.piumacare.com\/fr\/product\/brush-visible-active-vitamina-c-medium-black\/\" \/>\n<meta property=\"og:locale\" content=\"fr_FR\" \/>\n<meta property=\"og:type\" content=\"article\" \/>\n<meta property=\"og:title\" content=\"Brosse \u00e0 dents avec Vitamine C Black- Piuma Care\" \/>\n<meta property=\"og:description\" content=\"Brosse \u00e0 dents avec Vitamine C. Les brins enrichis en Vitamine C favorisent des gencives saines et contribuent \u00e0 un sourire plus fort et prot\u00e9g\u00e9.\" \/>\n<meta property=\"og:url\" content=\"https:\/\/www.piumacare.com\/fr\/product\/brush-visible-active-vitamina-c-medium-black\/\" \/>\n<meta property=\"og:site_name\" content=\"Piuma Care\" \/>\n<meta property=\"article:modified_time\" content=\"2025-05-01T10:56:46+00:00\" \/>\n<meta property=\"og:image\" content=\"https:\/\/www.piumacare.com\/wp-content\/uploads\/2025\/03\/Active_VitC_Antibatterico_Black_med-0.jpg\" \/>\n\t<meta property=\"og:image:width\" content=\"2000\" \/>\n\t<meta property=\"og:image:height\" content=\"2000\" \/>\n\t<meta property=\"og:image:type\" content=\"image\/jpeg\" \/>\n<meta name=\"twitter:card\" content=\"summary_large_image\" \/>\n<meta name=\"twitter:label1\" content=\"Dur\u00e9e de lecture estim\u00e9e\" \/>\n\t<meta name=\"twitter:data1\" content=\"1 minute\" \/>\n<script type=\"application\/ld+json\" class=\"yoast-schema-graph\">{\"@context\":\"https:\/\/schema.org\",\"@graph\":[{\"@type\":\"WebPage\",\"@id\":\"https:\/\/www.piumacare.com\/fr\/product\/brush-visible-active-vitamina-c-medium-black\/\",\"url\":\"https:\/\/www.piumacare.com\/fr\/product\/brush-visible-active-vitamina-c-medium-black\/\",\"name\":\"Brosse \u00e0 dents avec Vitamine C Black- Piuma Care\",\"isPartOf\":{\"@id\":\"https:\/\/www.piumacare.com\/fr\/#website\"},\"primaryImageOfPage\":{\"@id\":\"https:\/\/www.piumacare.com\/fr\/product\/brush-visible-active-vitamina-c-medium-black\/#primaryimage\"},\"image\":{\"@id\":\"https:\/\/www.piumacare.com\/fr\/product\/brush-visible-active-vitamina-c-medium-black\/#primaryimage\"},\"thumbnailUrl\":\"https:\/\/www.piumacare.com\/wp-content\/uploads\/2025\/03\/Active_VitC_Antibatterico_Black_med-0.jpg\",\"datePublished\":\"2025-03-09T11:08:47+00:00\",\"dateModified\":\"2025-05-01T10:56:46+00:00\",\"description\":\"Brosse \u00e0 dents avec Vitamine C. Les brins enrichis en Vitamine C favorisent des gencives saines et contribuent \u00e0 un sourire plus fort et prot\u00e9g\u00e9.\",\"breadcrumb\":{\"@id\":\"https:\/\/www.piumacare.com\/fr\/product\/brush-visible-active-vitamina-c-medium-black\/#breadcrumb\"},\"inLanguage\":\"fr-FR\",\"potentialAction\":[{\"@type\":\"ReadAction\",\"target\":[\"https:\/\/www.piumacare.com\/fr\/product\/brush-visible-active-vitamina-c-medium-black\/\"]}]},{\"@type\":\"ImageObject\",\"inLanguage\":\"fr-FR\",\"@id\":\"https:\/\/www.piumacare.com\/fr\/product\/brush-visible-active-vitamina-c-medium-black\/#primaryimage\",\"url\":\"https:\/\/www.piumacare.com\/wp-content\/uploads\/2025\/03\/Active_VitC_Antibatterico_Black_med-0.jpg\",\"contentUrl\":\"https:\/\/www.piumacare.com\/wp-content\/uploads\/2025\/03\/Active_VitC_Antibatterico_Black_med-0.jpg\",\"width\":2000,\"height\":2000},{\"@type\":\"BreadcrumbList\",\"@id\":\"https:\/\/www.piumacare.com\/fr\/product\/brush-visible-active-vitamina-c-medium-black\/#breadcrumb\",\"itemListElement\":[{\"@type\":\"ListItem\",\"position\":1,\"name\":\"Home\",\"item\":\"https:\/\/www.piumacare.com\/fr\/accueil-fr\/\"},{\"@type\":\"ListItem\",\"position\":2,\"name\":\"Boutique\",\"item\":\"https:\/\/www.piumacare.com\/fr\/boutique\/\"},{\"@type\":\"ListItem\",\"position\":3,\"name\":\"Brush Visible Active\"}]},{\"@type\":\"WebSite\",\"@id\":\"https:\/\/www.piumacare.com\/fr\/#website\",\"url\":\"https:\/\/www.piumacare.com\/fr\/\",\"name\":\"Piuma Care\",\"description\":\"La scienza del sorriso\",\"potentialAction\":[{\"@type\":\"SearchAction\",\"target\":{\"@type\":\"EntryPoint\",\"urlTemplate\":\"https:\/\/www.piumacare.com\/fr\/?s={search_term_string}\"},\"query-input\":{\"@type\":\"PropertyValueSpecification\",\"valueRequired\":true,\"valueName\":\"search_term_string\"}}],\"inLanguage\":\"fr-FR\"}]}<\/script>\n<!-- \/ Yoast SEO plugin. -->","yoast_head_json":{"title":"Brosse \u00e0 dents avec Vitamine C Black- Piuma Care","description":"Brosse \u00e0 dents avec Vitamine C. Les brins enrichis en Vitamine C favorisent des gencives saines et contribuent \u00e0 un sourire plus fort et prot\u00e9g\u00e9.","robots":{"index":"index","follow":"follow","max-snippet":"max-snippet:-1","max-image-preview":"max-image-preview:large","max-video-preview":"max-video-preview:-1"},"canonical":"https:\/\/www.piumacare.com\/fr\/product\/brush-visible-active-vitamina-c-medium-black\/","og_locale":"fr_FR","og_type":"article","og_title":"Brosse \u00e0 dents avec Vitamine C Black- Piuma Care","og_description":"Brosse \u00e0 dents avec Vitamine C. Les brins enrichis en Vitamine C favorisent des gencives saines et contribuent \u00e0 un sourire plus fort et prot\u00e9g\u00e9.","og_url":"https:\/\/www.piumacare.com\/fr\/product\/brush-visible-active-vitamina-c-medium-black\/","og_site_name":"Piuma Care","article_modified_time":"2025-05-01T10:56:46+00:00","og_image":[{"width":2000,"height":2000,"url":"https:\/\/www.piumacare.com\/wp-content\/uploads\/2025\/03\/Active_VitC_Antibatterico_Black_med-0.jpg","type":"image\/jpeg"}],"twitter_card":"summary_large_image","twitter_misc":{"Dur\u00e9e de lecture estim\u00e9e":"1 minute"},"schema":{"@context":"https:\/\/schema.org","@graph":[{"@type":"WebPage","@id":"https:\/\/www.piumacare.com\/fr\/product\/brush-visible-active-vitamina-c-medium-black\/","url":"https:\/\/www.piumacare.com\/fr\/product\/brush-visible-active-vitamina-c-medium-black\/","name":"Brosse \u00e0 dents avec Vitamine C Black- Piuma Care","isPartOf":{"@id":"https:\/\/www.piumacare.com\/fr\/#website"},"primaryImageOfPage":{"@id":"https:\/\/www.piumacare.com\/fr\/product\/brush-visible-active-vitamina-c-medium-black\/#primaryimage"},"image":{"@id":"https:\/\/www.piumacare.com\/fr\/product\/brush-visible-active-vitamina-c-medium-black\/#primaryimage"},"thumbnailUrl":"https:\/\/www.piumacare.com\/wp-content\/uploads\/2025\/03\/Active_VitC_Antibatterico_Black_med-0.jpg","datePublished":"2025-03-09T11:08:47+00:00","dateModified":"2025-05-01T10:56:46+00:00","description":"Brosse \u00e0 dents avec Vitamine C. Les brins enrichis en Vitamine C favorisent des gencives saines et contribuent \u00e0 un sourire plus fort et prot\u00e9g\u00e9.","breadcrumb":{"@id":"https:\/\/www.piumacare.com\/fr\/product\/brush-visible-active-vitamina-c-medium-black\/#breadcrumb"},"inLanguage":"fr-FR","potentialAction":[{"@type":"ReadAction","target":["https:\/\/www.piumacare.com\/fr\/product\/brush-visible-active-vitamina-c-medium-black\/"]}]},{"@type":"ImageObject","inLanguage":"fr-FR","@id":"https:\/\/www.piumacare.com\/fr\/product\/brush-visible-active-vitamina-c-medium-black\/#primaryimage","url":"https:\/\/www.piumacare.com\/wp-content\/uploads\/2025\/03\/Active_VitC_Antibatterico_Black_med-0.jpg","contentUrl":"https:\/\/www.piumacare.com\/wp-content\/uploads\/2025\/03\/Active_VitC_Antibatterico_Black_med-0.jpg","width":2000,"height":2000},{"@type":"BreadcrumbList","@id":"https:\/\/www.piumacare.com\/fr\/product\/brush-visible-active-vitamina-c-medium-black\/#breadcrumb","itemListElement":[{"@type":"ListItem","position":1,"name":"Home","item":"https:\/\/www.piumacare.com\/fr\/accueil-fr\/"},{"@type":"ListItem","position":2,"name":"Boutique","item":"https:\/\/www.piumacare.com\/fr\/boutique\/"},{"@type":"ListItem","position":3,"name":"Brush Visible Active"}]},{"@type":"WebSite","@id":"https:\/\/www.piumacare.com\/fr\/#website","url":"https:\/\/www.piumacare.com\/fr\/","name":"Piuma Care","description":"La scienza del sorriso","potentialAction":[{"@type":"SearchAction","target":{"@type":"EntryPoint","urlTemplate":"https:\/\/www.piumacare.com\/fr\/?s={search_term_string}"},"query-input":{"@type":"PropertyValueSpecification","valueRequired":true,"valueName":"search_term_string"}}],"inLanguage":"fr-FR"}]}},"_links":{"self":[{"href":"https:\/\/www.piumacare.com\/fr\/wp-json\/wp\/v2\/product\/18171","targetHints":{"allow":["GET"]}}],"collection":[{"href":"https:\/\/www.piumacare.com\/fr\/wp-json\/wp\/v2\/product"}],"about":[{"href":"https:\/\/www.piumacare.com\/fr\/wp-json\/wp\/v2\/types\/product"}],"wp:featuredmedia":[{"embeddable":true,"href":"https:\/\/www.piumacare.com\/fr\/wp-json\/wp\/v2\/media\/19882"}],"wp:attachment":[{"href":"https:\/\/www.piumacare.com\/fr\/wp-json\/wp\/v2\/media?parent=18171"}],"wp:term":[{"taxonomy":"product_brand","embeddable":true,"href":"https:\/\/www.piumacare.com\/fr\/wp-json\/wp\/v2\/product_brand?post=18171"},{"taxonomy":"product_cat","embeddable":true,"href":"https:\/\/www.piumacare.com\/fr\/wp-json\/wp\/v2\/product_cat?post=18171"},{"taxonomy":"product_tag","embeddable":true,"href":"https:\/\/www.piumacare.com\/fr\/wp-json\/wp\/v2\/product_tag?post=18171"}],"curies":[{"name":"wp","href":"https:\/\/api.w.org\/{rel}","templated":true}]}}