{"id":18852,"date":"2025-03-13T12:44:36","date_gmt":"2025-03-13T11:44:36","guid":{"rendered":"https:\/\/www.piumacare.com\/?post_type=product&#038;p=18852"},"modified":"2025-04-23T09:12:56","modified_gmt":"2025-04-23T07:12:56","slug":"multipak-3-antibacterial-soft","status":"publish","type":"product","link":"https:\/\/www.piumacare.com\/fr\/product\/multipak-3-antibacterial-soft\/","title":{"rendered":"Multipack 3 pi\u00e8ces"},"content":{"rendered":"<div class=\"fusion-fullwidth fullwidth-box fusion-builder-row-1 fusion-flex-container has-pattern-background has-mask-background nonhundred-percent-fullwidth non-hundred-percent-height-scrolling\" style=\"--awb-border-radius-top-left:0px;--awb-border-radius-top-right:0px;--awb-border-radius-bottom-right:0px;--awb-border-radius-bottom-left:0px;--awb-padding-top:0px;--awb-padding-right:0px;--awb-padding-bottom:0px;--awb-padding-left:0px;--awb-margin-top:0px;--awb-margin-bottom:0px;--awb-flex-wrap:wrap;\" ><div class=\"fusion-builder-row fusion-row fusion-flex-align-items-flex-start fusion-flex-content-wrap\" style=\"max-width:1248px;margin-left: calc(-4% \/ 2 );margin-right: calc(-4% \/ 2 );\"><div class=\"fusion-layout-column fusion_builder_column fusion-builder-column-0 fusion_builder_column_1_3 1_3 fusion-flex-column\" style=\"--awb-bg-size:cover;--awb-width-large:33.333333333333%;--awb-margin-top-large:0px;--awb-spacing-right-large:5.76%;--awb-margin-bottom-large:20px;--awb-spacing-left-large:5.76%;--awb-width-medium:33.333333333333%;--awb-order-medium:0;--awb-spacing-right-medium:5.76%;--awb-spacing-left-medium:5.76%;--awb-width-small:100%;--awb-order-small:0;--awb-spacing-right-small:1.92%;--awb-spacing-left-small:1.92%;\"><div class=\"fusion-column-wrapper fusion-column-has-shadow fusion-flex-justify-content-flex-start fusion-content-layout-column\"><div class=\"fusion-text fusion-text-1\" style=\"--awb-font-size:14px;--awb-text-transform:uppercase;--awb-text-font-family:&quot;Manrope&quot;;--awb-text-font-style:normal;--awb-text-font-weight:400;\"><p>Perfect black<\/p>\n<\/div><div class=\"fusion-image-element \" style=\"text-align:center;--awb-caption-title-font-family:var(--h2_typography-font-family);--awb-caption-title-font-weight:var(--h2_typography-font-weight);--awb-caption-title-font-style:var(--h2_typography-font-style);--awb-caption-title-size:var(--h2_typography-font-size);--awb-caption-title-transform:var(--h2_typography-text-transform);--awb-caption-title-line-height:var(--h2_typography-line-height);--awb-caption-title-letter-spacing:var(--h2_typography-letter-spacing);\"><span class=\" fusion-imageframe imageframe-none imageframe-1 hover-type-none\" style=\"border:1px solid #e2e2e2;\"><img decoding=\"async\" width=\"2000\" height=\"2000\" title=\"IMMAGINI SITO PIUMA &#8211; 25\" src=\"https:\/\/www.piumacare.com\/wp-content\/uploads\/2025\/01\/Piuma_Brush_Antibatterico_Black_med-4.jpg\" alt class=\"img-responsive wp-image-19858\" srcset=\"https:\/\/www.piumacare.com\/wp-content\/uploads\/2025\/01\/Piuma_Brush_Antibatterico_Black_med-4-200x200.jpg 200w, https:\/\/www.piumacare.com\/wp-content\/uploads\/2025\/01\/Piuma_Brush_Antibatterico_Black_med-4-400x400.jpg 400w, https:\/\/www.piumacare.com\/wp-content\/uploads\/2025\/01\/Piuma_Brush_Antibatterico_Black_med-4-600x600.jpg 600w, https:\/\/www.piumacare.com\/wp-content\/uploads\/2025\/01\/Piuma_Brush_Antibatterico_Black_med-4-800x800.jpg 800w, https:\/\/www.piumacare.com\/wp-content\/uploads\/2025\/01\/Piuma_Brush_Antibatterico_Black_med-4-1200x1200.jpg 1200w, https:\/\/www.piumacare.com\/wp-content\/uploads\/2025\/01\/Piuma_Brush_Antibatterico_Black_med-4.jpg 2000w\" sizes=\"(max-width: 640px) 100vw, 400px\" \/><\/span><\/div><\/div><\/div><div class=\"fusion-layout-column fusion_builder_column fusion-builder-column-1 fusion_builder_column_1_3 1_3 fusion-flex-column\" style=\"--awb-bg-size:cover;--awb-width-large:33.333333333333%;--awb-margin-top-large:0px;--awb-spacing-right-large:5.76%;--awb-margin-bottom-large:20px;--awb-spacing-left-large:5.76%;--awb-width-medium:33.333333333333%;--awb-order-medium:0;--awb-spacing-right-medium:5.76%;--awb-spacing-left-medium:5.76%;--awb-width-small:100%;--awb-order-small:0;--awb-spacing-right-small:1.92%;--awb-spacing-left-small:1.92%;\"><div class=\"fusion-column-wrapper fusion-column-has-shadow fusion-flex-justify-content-flex-start fusion-content-layout-column\"><div class=\"fusion-text fusion-text-2\" style=\"--awb-font-size:14px;--awb-text-transform:uppercase;--awb-text-font-family:&quot;Manrope&quot;;--awb-text-font-style:normal;--awb-text-font-weight:400;\"><p>Pure white<\/p>\n<\/div><div class=\"fusion-image-element \" style=\"text-align:center;--awb-caption-title-font-family:var(--h2_typography-font-family);--awb-caption-title-font-weight:var(--h2_typography-font-weight);--awb-caption-title-font-style:var(--h2_typography-font-style);--awb-caption-title-size:var(--h2_typography-font-size);--awb-caption-title-transform:var(--h2_typography-text-transform);--awb-caption-title-line-height:var(--h2_typography-line-height);--awb-caption-title-letter-spacing:var(--h2_typography-letter-spacing);\"><span class=\" fusion-imageframe imageframe-none imageframe-2 hover-type-none\" style=\"border:1px solid #e2e2e2;\"><img decoding=\"async\" width=\"2000\" height=\"2000\" title=\"IMMAGINI SITO PIUMA &#8211; 21\" src=\"https:\/\/www.piumacare.com\/wp-content\/uploads\/2025\/01\/Piuma_Brush_Antibatterico_White_med-4.jpg\" alt class=\"img-responsive wp-image-19873\" srcset=\"https:\/\/www.piumacare.com\/wp-content\/uploads\/2025\/01\/Piuma_Brush_Antibatterico_White_med-4-200x200.jpg 200w, https:\/\/www.piumacare.com\/wp-content\/uploads\/2025\/01\/Piuma_Brush_Antibatterico_White_med-4-400x400.jpg 400w, https:\/\/www.piumacare.com\/wp-content\/uploads\/2025\/01\/Piuma_Brush_Antibatterico_White_med-4-600x600.jpg 600w, https:\/\/www.piumacare.com\/wp-content\/uploads\/2025\/01\/Piuma_Brush_Antibatterico_White_med-4-800x800.jpg 800w, https:\/\/www.piumacare.com\/wp-content\/uploads\/2025\/01\/Piuma_Brush_Antibatterico_White_med-4-1200x1200.jpg 1200w, https:\/\/www.piumacare.com\/wp-content\/uploads\/2025\/01\/Piuma_Brush_Antibatterico_White_med-4.jpg 2000w\" sizes=\"(max-width: 640px) 100vw, 400px\" \/><\/span><\/div><\/div><\/div><div class=\"fusion-layout-column fusion_builder_column fusion-builder-column-2 fusion_builder_column_1_3 1_3 fusion-flex-column\" style=\"--awb-bg-size:cover;--awb-width-large:33.333333333333%;--awb-margin-top-large:0px;--awb-spacing-right-large:5.76%;--awb-margin-bottom-large:20px;--awb-spacing-left-large:5.76%;--awb-width-medium:33.333333333333%;--awb-order-medium:0;--awb-spacing-right-medium:5.76%;--awb-spacing-left-medium:5.76%;--awb-width-small:100%;--awb-order-small:0;--awb-spacing-right-small:1.92%;--awb-spacing-left-small:1.92%;\"><div class=\"fusion-column-wrapper fusion-column-has-shadow fusion-flex-justify-content-flex-start fusion-content-layout-column\"><div class=\"fusion-text fusion-text-3\" style=\"--awb-font-size:14px;--awb-text-transform:uppercase;--awb-text-font-family:&quot;Manrope&quot;;--awb-text-font-style:normal;--awb-text-font-weight:400;\"><p>Asphalt grey<\/p>\n<\/div><div class=\"fusion-image-element \" style=\"text-align:center;--awb-caption-title-font-family:var(--h2_typography-font-family);--awb-caption-title-font-weight:var(--h2_typography-font-weight);--awb-caption-title-font-style:var(--h2_typography-font-style);--awb-caption-title-size:var(--h2_typography-font-size);--awb-caption-title-transform:var(--h2_typography-text-transform);--awb-caption-title-line-height:var(--h2_typography-line-height);--awb-caption-title-letter-spacing:var(--h2_typography-letter-spacing);\"><span class=\" fusion-imageframe imageframe-none imageframe-3 hover-type-none\" style=\"border:1px solid #e2e2e2;\"><img decoding=\"async\" width=\"2000\" height=\"2000\" title=\"IMMAGINI SITO PIUMA &#8211; 29\" src=\"https:\/\/www.piumacare.com\/wp-content\/uploads\/2025\/01\/Piuma_Brush_Antibatterico_Grey_med-4.jpg\" alt class=\"img-responsive wp-image-19863\" srcset=\"https:\/\/www.piumacare.com\/wp-content\/uploads\/2025\/01\/Piuma_Brush_Antibatterico_Grey_med-4-200x200.jpg 200w, https:\/\/www.piumacare.com\/wp-content\/uploads\/2025\/01\/Piuma_Brush_Antibatterico_Grey_med-4-400x400.jpg 400w, https:\/\/www.piumacare.com\/wp-content\/uploads\/2025\/01\/Piuma_Brush_Antibatterico_Grey_med-4-600x600.jpg 600w, https:\/\/www.piumacare.com\/wp-content\/uploads\/2025\/01\/Piuma_Brush_Antibatterico_Grey_med-4-800x800.jpg 800w, https:\/\/www.piumacare.com\/wp-content\/uploads\/2025\/01\/Piuma_Brush_Antibatterico_Grey_med-4-1200x1200.jpg 1200w, https:\/\/www.piumacare.com\/wp-content\/uploads\/2025\/01\/Piuma_Brush_Antibatterico_Grey_med-4.jpg 2000w\" sizes=\"(max-width: 640px) 100vw, 400px\" \/><\/span><\/div><\/div><\/div><\/div><\/div>\n","protected":false},"excerpt":{"rendered":"<p><b>Aide \u00e0 combattre les bact\u00e9ries buccales et favorise une protection compl\u00e8te contre les<br \/>\ninfections des gencives, garantissant un nettoyage en profondeur et durable.<\/b><\/p>\n<p>Un design innovant qui allie science et technologie dans un produit con\u00e7u pour une<br \/>\nprotection optimale des gencives et des dents. Les poils antibact\u00e9riens assurent un<br \/>\nnettoyage plus profond, tandis que la poign\u00e9e ergonomique garantit un confort in\u00e9gal\u00e9.<\/p>\n[fusion_accordion type=\"\" inactive_icon=\"fa-angle-down fas\" active_icon=\"fa-angle-up fas\" margin_top=\"\" margin_bottom=\"20px\" hide_on_mobile=\"small-visibility,medium-visibility,large-visibility\" class=\"\" id=\"\" boxed_mode=\"\" border_size=\"1\" border_color=\"\" hue=\"\" saturation=\"\" lightness=\"\" alpha=\"\" hover_color=\"\" background_color=\"\" divider_line=\"no\" divider_hover_color=\"\" divider_color=\"\" padding_top=\"\" padding_right=\"\" padding_bottom=\"\" padding_left=\"\" title_tag=\"h4\" fusion_font_family_title_font=\"Manrope\" fusion_font_variant_title_font=\"400\" title_font_size=\"13px\" title_line_height=\"1.3\" title_letter_spacing=\"\" title_text_transform=\"\" title_color=\"var(--awb-color6)\" icon_size=\"12\" icon_color=\"var(--awb-color5)\" icon_boxed_mode=\"no\" icon_box_color=\"\" icon_alignment=\"\" fusion_font_family_content_font=\"Manrope\" fusion_font_variant_content_font=\"400\" content_font_size=\"13\" content_line_height=\"1.3\" content_letter_spacing=\"\" content_text_transform=\"\" content_color=\"var(--awb-color6)\" toggle_hover_accent_color=\"#0093b5\" toggle_active_accent_color=\"var(--awb-color8)\" parent_dynamic_content=\"\"][fusion_toggle title=\"en savoir plus\" open=\"no\" awb-switch-editor-focus=\"\" class=\"\" id=\"\" fusion_font_family_title_font=\"Manrope\" fusion_font_variant_title_font=\"400\" title_font_size=\"13px\" title_line_height=\"1.3\" title_letter_spacing=\"\" title_text_transform=\"\" title_color=\"var(--awb-color8)\" hue=\"\" saturation=\"\" lightness=\"\" alpha=\"\" fusion_font_family_content_font=\"Manrope\" fusion_font_variant_content_font=\"400\" content_font_size=\"13px\" content_line_height=\"1.3\" content_letter_spacing=\"\" content_text_transform=\"\" content_color=\"var(--awb-color6)\"]<\/p>\n<p><b>Principaux avantages<br \/>\n<\/b><br \/>\n\u2714 Poils antibact\u00e9riens avanc\u00e9s \u2013 Luttent contre les bact\u00e9ries, prot\u00e8gent les gencives et<br \/>\nam\u00e9liorent la sant\u00e9 buccale.<br \/>\n\u2714 Design innovant et ergonomique \u2013 Poign\u00e9e con\u00e7ue pour offrir une prise confortable et un<br \/>\nnettoyage efficace.<br \/>\n\u2714 Nettoyeur de langue int\u00e9gr\u00e9 \u2013 \u00c9limine les bact\u00e9ries de la langue, favorisant une fra\u00eecheur<br \/>\ndurable.<br \/>\n\u2714 Poils ultra-doux \u2013 Id\u00e9aux pour les gencives sensibles et pour un nettoyage en<br \/>\nprofondeur.<br \/>\n\u2714 Vegan, sans cruaut\u00e9, Made in Italy \u2013 Un produit de haute qualit\u00e9, respectueux de<br \/>\nl&rsquo;environnement.<\/p>\n<p><b>Extras inclus<br \/>\n<\/b>\u2714 Emball\u00e9 en atmosph\u00e8re contr\u00f4l\u00e9e pour garantir une hygi\u00e8ne maximale.<br \/>\n\u2714 Toujours inclus un prot\u00e8ge-brosse pour prot\u00e9ger les poils de la contamination.<\/p>\n<p>Id\u00e9ale pour ceux qui recherchent une exp\u00e9rience de soins bucco-dentaires avanc\u00e9e avec un<br \/>\nconfort et une protection maximaux. <b>Ajoutez-le \u00e0 votre routine quotidienne !<\/b><\/p>\n<p>[\/fusion_toggle][\/fusion_accordion]\n<p><b>Conditionnement:<\/b> <b><u>3 pi\u00e8ces<\/u><\/b> &#8211; <a style=\"color: #b4b4b4;\" href=\"https:\/\/www.piumacare.com\/fr\/?post_type=product&#038;p=18882\">6 pi\u00e8ces<\/a><\/p>\n<p><b>Poils<\/b>: <b><u>SOUPLES<\/u><\/b> &#8211; <a style=\"color: #b4b4b4;\" href=\"https:\/\/www.piumacare.com\/fr\/product\/multipak-3-antibacterial-medium\/\">medium<\/a><\/p>\n<p><span style=\"padding-right: 80px;\">Couleurs:<\/span><br \/>\n<img decoding=\"async\" class=\"alignnone wp-image-8173\" src=\"https:\/\/www.piumacare.com\/wp-content\/uploads\/2025\/03\/icone_colore_PERFECT-BLACK_act.svg\" alt=\"Perfect black\" width=\"40\" height=\"40\" \/><img decoding=\"async\" class=\"alignnone wp-image-8173\" src=\"https:\/\/www.piumacare.com\/wp-content\/uploads\/2025\/03\/icone_colore_PURE-WHITE_act.svg\" alt=\"Pure white\" width=\"40\" height=\"40\" \/><img decoding=\"async\" class=\"alignnone wp-image-8173\" src=\"https:\/\/www.piumacare.com\/wp-content\/uploads\/2025\/03\/icone_colore_ASPHALT-GREY_act.svg\" alt=\"Asphalt grey\" width=\"40\" height=\"40\" \/><\/p>\n[fusion_accordion type=\"\" inactive_icon=\"fa-angle-down fas\" active_icon=\"fa-angle-up fas\" margin_top=\"\" margin_bottom=\"20px\" hide_on_mobile=\"small-visibility,medium-visibility,large-visibility\" class=\"\" id=\"\" boxed_mode=\"\" border_size=\"1\" border_color=\"\" hue=\"\" saturation=\"\" lightness=\"\" alpha=\"\" hover_color=\"\" background_color=\"\" divider_line=\"no\" divider_hover_color=\"\" divider_color=\"\" padding_top=\"\" padding_right=\"\" padding_bottom=\"\" padding_left=\"\" title_tag=\"h4\" fusion_font_family_title_font=\"Manrope\" fusion_font_variant_title_font=\"400\" title_font_size=\"13px\" title_line_height=\"1.3\" title_letter_spacing=\"\" title_text_transform=\"\" title_color=\"var(--awb-color6)\" icon_size=\"12\" icon_color=\"var(--awb-color5)\" icon_boxed_mode=\"no\" icon_box_color=\"\" icon_alignment=\"\" fusion_font_family_content_font=\"Manrope\" fusion_font_variant_content_font=\"400\" content_font_size=\"13\" content_line_height=\"1.3\" content_letter_spacing=\"\" content_text_transform=\"\" content_color=\"var(--awb-color6)\" toggle_hover_accent_color=\"#0093b5\" toggle_active_accent_color=\"var(--awb-color8)\" parent_dynamic_content=\"\"][fusion_toggle title=\"D\u00c9COUVREZ D'AUTRES MULTIPACKS\" open=\"no\" awb-switch-editor-focus=\"\" class=\"\" id=\"\" fusion_font_family_title_font=\"Manrope\" fusion_font_variant_title_font=\"400\" title_font_size=\"13px\" title_line_height=\"1.3\" title_letter_spacing=\"\" title_text_transform=\"\" title_color=\"var(--awb-color8)\" hue=\"\" saturation=\"\" lightness=\"\" alpha=\"\" fusion_font_family_content_font=\"Manrope\" fusion_font_variant_content_font=\"400\" content_font_size=\"13px\" content_line_height=\"1.3\" content_letter_spacing=\"\" content_text_transform=\"\" content_color=\"var(--awb-color6)\"]<\/p>\n<p>\u2714 <a href=\"https:\/\/www.piumacare.com\/fr\/?post_type=product&#038;p=18902\"><b>Poils souples \u00e0 l&rsquo;\u00c9chinac\u00e9e<\/b><\/a><\/p>\n<p>\u2714 <a href=\"https:\/\/www.piumacare.com\/fr\/?post_type=product&#038;p=18892\"><b>Poils au Charbon de Bambou<\/b><\/a><\/p>\n<p>\u2714 <a><b>Poils \u00e0 la Vitamine C<\/b><\/a><\/p>\n<p>[\/fusion_toggle][\/fusion_accordion]\n","protected":false},"featured_media":18835,"template":"","meta":[],"product_brand":[],"product_cat":[494],"product_tag":[110,491],"class_list":{"0":"post-18852","1":"product","2":"type-product","3":"status-publish","4":"has-post-thumbnail","6":"product_cat-poils-souples-antibacteriend","7":"product_tag-multi-couleur","8":"product_tag-refill-x-3-fr","10":"first","11":"instock","12":"sale","13":"shipping-taxable","14":"purchasable","15":"product-type-simple"},"yoast_head":"<!-- This site is optimized with the Yoast SEO plugin v27.3 - https:\/\/yoast.com\/product\/yoast-seo-wordpress\/ -->\n<title>Brosses \u00e0 dents antibact\u00e9riennes Multipack 3 pi\u00e8ces - Piuma Care<\/title>\n<meta name=\"description\" content=\"Multipack 3 pi\u00e8ces. Les brins antibact\u00e9riens assurent un nettoyage en profondeur, tandis que le manche ergonomique garantit un confort incomparable.\" \/>\n<meta name=\"robots\" content=\"index, follow, max-snippet:-1, max-image-preview:large, max-video-preview:-1\" \/>\n<link rel=\"canonical\" href=\"https:\/\/www.piumacare.com\/fr\/product\/multipak-3-antibacterial-soft\/\" \/>\n<meta property=\"og:locale\" content=\"fr_FR\" \/>\n<meta property=\"og:type\" content=\"article\" \/>\n<meta property=\"og:title\" content=\"Brosses \u00e0 dents antibact\u00e9riennes Multipack 3 pi\u00e8ces - Piuma Care\" \/>\n<meta property=\"og:description\" content=\"Multipack 3 pi\u00e8ces. Les brins antibact\u00e9riens assurent un nettoyage en profondeur, tandis que le manche ergonomique garantit un confort incomparable.\" \/>\n<meta property=\"og:url\" content=\"https:\/\/www.piumacare.com\/fr\/product\/multipak-3-antibacterial-soft\/\" \/>\n<meta property=\"og:site_name\" content=\"Piuma Care\" \/>\n<meta property=\"article:modified_time\" content=\"2025-04-23T07:12:56+00:00\" \/>\n<meta property=\"og:image\" content=\"https:\/\/www.piumacare.com\/wp-content\/uploads\/2025\/03\/MULTIPACK-3-Antibatterico-soft.jpg\" \/>\n\t<meta property=\"og:image:width\" content=\"2000\" \/>\n\t<meta property=\"og:image:height\" content=\"2000\" \/>\n\t<meta property=\"og:image:type\" content=\"image\/jpeg\" \/>\n<meta name=\"twitter:card\" content=\"summary_large_image\" \/>\n<meta name=\"twitter:label1\" content=\"Dur\u00e9e de lecture estim\u00e9e\" \/>\n\t<meta name=\"twitter:data1\" content=\"1 minute\" \/>\n<script type=\"application\/ld+json\" class=\"yoast-schema-graph\">{\"@context\":\"https:\\\/\\\/schema.org\",\"@graph\":[{\"@type\":\"WebPage\",\"@id\":\"https:\\\/\\\/www.piumacare.com\\\/fr\\\/product\\\/multipak-3-antibacterial-soft\\\/\",\"url\":\"https:\\\/\\\/www.piumacare.com\\\/fr\\\/product\\\/multipak-3-antibacterial-soft\\\/\",\"name\":\"Brosses \u00e0 dents antibact\u00e9riennes Multipack 3 pi\u00e8ces - Piuma Care\",\"isPartOf\":{\"@id\":\"https:\\\/\\\/www.piumacare.com\\\/fr\\\/#website\"},\"primaryImageOfPage\":{\"@id\":\"https:\\\/\\\/www.piumacare.com\\\/fr\\\/product\\\/multipak-3-antibacterial-soft\\\/#primaryimage\"},\"image\":{\"@id\":\"https:\\\/\\\/www.piumacare.com\\\/fr\\\/product\\\/multipak-3-antibacterial-soft\\\/#primaryimage\"},\"thumbnailUrl\":\"https:\\\/\\\/www.piumacare.com\\\/wp-content\\\/uploads\\\/2025\\\/03\\\/MULTIPACK-3-Antibatterico-soft.jpg\",\"datePublished\":\"2025-03-13T11:44:36+00:00\",\"dateModified\":\"2025-04-23T07:12:56+00:00\",\"description\":\"Multipack 3 pi\u00e8ces. Les brins antibact\u00e9riens assurent un nettoyage en profondeur, tandis que le manche ergonomique garantit un confort incomparable.\",\"breadcrumb\":{\"@id\":\"https:\\\/\\\/www.piumacare.com\\\/fr\\\/product\\\/multipak-3-antibacterial-soft\\\/#breadcrumb\"},\"inLanguage\":\"fr-FR\",\"potentialAction\":[{\"@type\":\"ReadAction\",\"target\":[\"https:\\\/\\\/www.piumacare.com\\\/fr\\\/product\\\/multipak-3-antibacterial-soft\\\/\"]}]},{\"@type\":\"ImageObject\",\"inLanguage\":\"fr-FR\",\"@id\":\"https:\\\/\\\/www.piumacare.com\\\/fr\\\/product\\\/multipak-3-antibacterial-soft\\\/#primaryimage\",\"url\":\"https:\\\/\\\/www.piumacare.com\\\/wp-content\\\/uploads\\\/2025\\\/03\\\/MULTIPACK-3-Antibatterico-soft.jpg\",\"contentUrl\":\"https:\\\/\\\/www.piumacare.com\\\/wp-content\\\/uploads\\\/2025\\\/03\\\/MULTIPACK-3-Antibatterico-soft.jpg\",\"width\":2000,\"height\":2000},{\"@type\":\"BreadcrumbList\",\"@id\":\"https:\\\/\\\/www.piumacare.com\\\/fr\\\/product\\\/multipak-3-antibacterial-soft\\\/#breadcrumb\",\"itemListElement\":[{\"@type\":\"ListItem\",\"position\":1,\"name\":\"Home\",\"item\":\"https:\\\/\\\/www.piumacare.com\\\/fr\\\/accueil-fr\\\/\"},{\"@type\":\"ListItem\",\"position\":2,\"name\":\"Boutique\",\"item\":\"https:\\\/\\\/www.piumacare.com\\\/fr\\\/boutique\\\/\"},{\"@type\":\"ListItem\",\"position\":3,\"name\":\"Multipack 3 pi\u00e8ces\"}]},{\"@type\":\"WebSite\",\"@id\":\"https:\\\/\\\/www.piumacare.com\\\/fr\\\/#website\",\"url\":\"https:\\\/\\\/www.piumacare.com\\\/fr\\\/\",\"name\":\"Piuma Care\",\"description\":\"La scienza del sorriso\",\"potentialAction\":[{\"@type\":\"SearchAction\",\"target\":{\"@type\":\"EntryPoint\",\"urlTemplate\":\"https:\\\/\\\/www.piumacare.com\\\/fr\\\/?s={search_term_string}\"},\"query-input\":{\"@type\":\"PropertyValueSpecification\",\"valueRequired\":true,\"valueName\":\"search_term_string\"}}],\"inLanguage\":\"fr-FR\"}]}<\/script>\n<!-- \/ Yoast SEO plugin. -->","yoast_head_json":{"title":"Brosses \u00e0 dents antibact\u00e9riennes Multipack 3 pi\u00e8ces - Piuma Care","description":"Multipack 3 pi\u00e8ces. Les brins antibact\u00e9riens assurent un nettoyage en profondeur, tandis que le manche ergonomique garantit un confort incomparable.","robots":{"index":"index","follow":"follow","max-snippet":"max-snippet:-1","max-image-preview":"max-image-preview:large","max-video-preview":"max-video-preview:-1"},"canonical":"https:\/\/www.piumacare.com\/fr\/product\/multipak-3-antibacterial-soft\/","og_locale":"fr_FR","og_type":"article","og_title":"Brosses \u00e0 dents antibact\u00e9riennes Multipack 3 pi\u00e8ces - Piuma Care","og_description":"Multipack 3 pi\u00e8ces. Les brins antibact\u00e9riens assurent un nettoyage en profondeur, tandis que le manche ergonomique garantit un confort incomparable.","og_url":"https:\/\/www.piumacare.com\/fr\/product\/multipak-3-antibacterial-soft\/","og_site_name":"Piuma Care","article_modified_time":"2025-04-23T07:12:56+00:00","og_image":[{"width":2000,"height":2000,"url":"https:\/\/www.piumacare.com\/wp-content\/uploads\/2025\/03\/MULTIPACK-3-Antibatterico-soft.jpg","type":"image\/jpeg"}],"twitter_card":"summary_large_image","twitter_misc":{"Dur\u00e9e de lecture estim\u00e9e":"1 minute"},"schema":{"@context":"https:\/\/schema.org","@graph":[{"@type":"WebPage","@id":"https:\/\/www.piumacare.com\/fr\/product\/multipak-3-antibacterial-soft\/","url":"https:\/\/www.piumacare.com\/fr\/product\/multipak-3-antibacterial-soft\/","name":"Brosses \u00e0 dents antibact\u00e9riennes Multipack 3 pi\u00e8ces - Piuma Care","isPartOf":{"@id":"https:\/\/www.piumacare.com\/fr\/#website"},"primaryImageOfPage":{"@id":"https:\/\/www.piumacare.com\/fr\/product\/multipak-3-antibacterial-soft\/#primaryimage"},"image":{"@id":"https:\/\/www.piumacare.com\/fr\/product\/multipak-3-antibacterial-soft\/#primaryimage"},"thumbnailUrl":"https:\/\/www.piumacare.com\/wp-content\/uploads\/2025\/03\/MULTIPACK-3-Antibatterico-soft.jpg","datePublished":"2025-03-13T11:44:36+00:00","dateModified":"2025-04-23T07:12:56+00:00","description":"Multipack 3 pi\u00e8ces. Les brins antibact\u00e9riens assurent un nettoyage en profondeur, tandis que le manche ergonomique garantit un confort incomparable.","breadcrumb":{"@id":"https:\/\/www.piumacare.com\/fr\/product\/multipak-3-antibacterial-soft\/#breadcrumb"},"inLanguage":"fr-FR","potentialAction":[{"@type":"ReadAction","target":["https:\/\/www.piumacare.com\/fr\/product\/multipak-3-antibacterial-soft\/"]}]},{"@type":"ImageObject","inLanguage":"fr-FR","@id":"https:\/\/www.piumacare.com\/fr\/product\/multipak-3-antibacterial-soft\/#primaryimage","url":"https:\/\/www.piumacare.com\/wp-content\/uploads\/2025\/03\/MULTIPACK-3-Antibatterico-soft.jpg","contentUrl":"https:\/\/www.piumacare.com\/wp-content\/uploads\/2025\/03\/MULTIPACK-3-Antibatterico-soft.jpg","width":2000,"height":2000},{"@type":"BreadcrumbList","@id":"https:\/\/www.piumacare.com\/fr\/product\/multipak-3-antibacterial-soft\/#breadcrumb","itemListElement":[{"@type":"ListItem","position":1,"name":"Home","item":"https:\/\/www.piumacare.com\/fr\/accueil-fr\/"},{"@type":"ListItem","position":2,"name":"Boutique","item":"https:\/\/www.piumacare.com\/fr\/boutique\/"},{"@type":"ListItem","position":3,"name":"Multipack 3 pi\u00e8ces"}]},{"@type":"WebSite","@id":"https:\/\/www.piumacare.com\/fr\/#website","url":"https:\/\/www.piumacare.com\/fr\/","name":"Piuma Care","description":"La scienza del sorriso","potentialAction":[{"@type":"SearchAction","target":{"@type":"EntryPoint","urlTemplate":"https:\/\/www.piumacare.com\/fr\/?s={search_term_string}"},"query-input":{"@type":"PropertyValueSpecification","valueRequired":true,"valueName":"search_term_string"}}],"inLanguage":"fr-FR"}]}},"_links":{"self":[{"href":"https:\/\/www.piumacare.com\/fr\/wp-json\/wp\/v2\/product\/18852","targetHints":{"allow":["GET"]}}],"collection":[{"href":"https:\/\/www.piumacare.com\/fr\/wp-json\/wp\/v2\/product"}],"about":[{"href":"https:\/\/www.piumacare.com\/fr\/wp-json\/wp\/v2\/types\/product"}],"wp:featuredmedia":[{"embeddable":true,"href":"https:\/\/www.piumacare.com\/fr\/wp-json\/wp\/v2\/media\/18835"}],"wp:attachment":[{"href":"https:\/\/www.piumacare.com\/fr\/wp-json\/wp\/v2\/media?parent=18852"}],"wp:term":[{"taxonomy":"product_brand","embeddable":true,"href":"https:\/\/www.piumacare.com\/fr\/wp-json\/wp\/v2\/product_brand?post=18852"},{"taxonomy":"product_cat","embeddable":true,"href":"https:\/\/www.piumacare.com\/fr\/wp-json\/wp\/v2\/product_cat?post=18852"},{"taxonomy":"product_tag","embeddable":true,"href":"https:\/\/www.piumacare.com\/fr\/wp-json\/wp\/v2\/product_tag?post=18852"}],"curies":[{"name":"wp","href":"https:\/\/api.w.org\/{rel}","templated":true}]}}