{"id":18988,"date":"2025-03-13T21:56:50","date_gmt":"2025-03-13T20:56:50","guid":{"rendered":"https:\/\/www.piumacare.com\/?post_type=product&#038;p=18988"},"modified":"2025-05-01T12:34:31","modified_gmt":"2025-05-01T10:34:31","slug":"dentifrice-piuma-visible-active","status":"publish","type":"product","link":"https:\/\/www.piumacare.com\/fr\/product\/dentifrice-piuma-visible-active\/","title":{"rendered":"Dentifrice Piuma Visible Active"},"content":{"rendered":"<div class=\"fusion-fullwidth fullwidth-box fusion-builder-row-1 fusion-flex-container has-pattern-background has-mask-background nonhundred-percent-fullwidth non-hundred-percent-height-scrolling\" style=\"--awb-border-radius-top-left:0px;--awb-border-radius-top-right:0px;--awb-border-radius-bottom-right:0px;--awb-border-radius-bottom-left:0px;--awb-padding-top:0px;--awb-padding-right:0px;--awb-padding-bottom:0px;--awb-padding-left:0px;--awb-margin-top:0px;--awb-margin-bottom:0px;--awb-flex-wrap:wrap;\" ><div class=\"fusion-builder-row fusion-row fusion-flex-align-items-flex-start fusion-flex-content-wrap\" style=\"max-width:1248px;margin-left: calc(-4% \/ 2 );margin-right: calc(-4% \/ 2 );\"><\/div><\/div>\n","protected":false},"excerpt":{"rendered":"<p><b>24K Gold<\/b><\/p>\n<p><b>ACTION ANTIBACT\u00c9RIENNE<br \/>\n<\/b><\/p>\n<p>Une formule avanc\u00e9e con\u00e7ue pour pr\u00e9server l\u2019\u00e9clat de l\u2019\u00e9mail et prot\u00e9ger les dents et les gencives. L\u2019acide hyaluronique aide \u00e0 hydrater et \u00e0 prot\u00e9ger les gencives, tandis que sa formule douce assure une hygi\u00e8ne bucco-dentaire efficace au quotidien. Saveur menthe fra\u00eeche pour une sensation de propret\u00e9 durable<\/p>\n[fusion_accordion type=\"\" inactive_icon=\"fa-angle-down fas\" active_icon=\"fa-angle-up fas\" margin_top=\"\" margin_bottom=\"20px\" hide_on_mobile=\"small-visibility,medium-visibility,large-visibility\" class=\"\" id=\"\" boxed_mode=\"\" border_size=\"1\" border_color=\"\" hue=\"\" saturation=\"\" lightness=\"\" alpha=\"\" hover_color=\"\" background_color=\"\" divider_line=\"no\" divider_hover_color=\"\" divider_color=\"\" padding_top=\"\" padding_right=\"\" padding_bottom=\"\" padding_left=\"\" title_tag=\"h4\" fusion_font_family_title_font=\"Manrope\" fusion_font_variant_title_font=\"400\" title_font_size=\"13px\" title_line_height=\"1.3\" title_letter_spacing=\"\" title_text_transform=\"\" title_color=\"var(--awb-color6)\" icon_size=\"12\" icon_color=\"var(--awb-color5)\" icon_boxed_mode=\"no\" icon_box_color=\"\" icon_alignment=\"\" fusion_font_family_content_font=\"Manrope\" fusion_font_variant_content_font=\"400\" content_font_size=\"13\" content_line_height=\"1.3\" content_letter_spacing=\"\" content_text_transform=\"\" content_color=\"var(--awb-color6)\" toggle_hover_accent_color=\"#0093b5\" toggle_active_accent_color=\"var(--awb-color8)\" parent_dynamic_content=\"\"][fusion_toggle title=\"En savoir plus\" open=\"no\" awb-switch-editor-focus=\"\" class=\"\" id=\"\" fusion_font_family_title_font=\"Manrope\" fusion_font_variant_title_font=\"400\" title_font_size=\"13px\" title_line_height=\"1.3\" title_letter_spacing=\"\" title_text_transform=\"\" title_color=\"var(--awb-color8)\" hue=\"\" saturation=\"\" lightness=\"\" alpha=\"\" fusion_font_family_content_font=\"Manrope\" fusion_font_variant_content_font=\"400\" content_font_size=\"13px\" content_line_height=\"1.3\" content_letter_spacing=\"\" content_text_transform=\"\" content_color=\"var(--awb-color6)\"]<\/p>\n<p><b>Principaux avantages<\/b><\/p>\n<p>\u2714 Soutient la sant\u00e9 des gencives gr\u00e2ce \u00e0 une action antibact\u00e9rienne<br \/>\n\u2714 L&rsquo;or 24K aide \u00e0 combattre les bact\u00e9ries et \u00e0 pr\u00e9venir les irritations.<br \/>\n\u2714 Formule enrichie en acide hyaluronique pour une hydratation et une r\u00e9paration optimales<br \/>\n\u2714 Protection avanc\u00e9e pour une hygi\u00e8ne bucco-dentaire premium<br \/>\n\u2714 Vegan, cruelty-free, Made in Italy<\/p>\n<p>[\/fusion_toggle][\/fusion_accordion]\n","protected":false},"featured_media":18954,"template":"","meta":[],"product_brand":[],"product_cat":[503],"product_tag":[504],"class_list":{"0":"post-18988","1":"product","2":"type-product","3":"status-publish","4":"has-post-thumbnail","6":"product_cat-golden-bright-fr","7":"product_tag-dentifrice","9":"first","10":"instock","11":"shipping-taxable","12":"purchasable","13":"product-type-simple"},"yoast_head":"<!-- This site is optimized with the Yoast SEO plugin v27.3 - https:\/\/yoast.com\/product\/yoast-seo-wordpress\/ -->\n<title>Spazzolino antibatterico Nero - Piuma Care<\/title>\n<meta name=\"description\" content=\"Spazzolino antibattericolo Nero dal design pluripremiato. Con micro-setole delicate che permettono un&#039;igiene orale accurata, senza irritare le gengive.\" \/>\n<meta name=\"robots\" content=\"index, follow, max-snippet:-1, max-image-preview:large, max-video-preview:-1\" \/>\n<link rel=\"canonical\" href=\"https:\/\/www.piumacare.com\/fr\/product\/dentifrice-piuma-visible-active\/\" \/>\n<meta property=\"og:locale\" content=\"fr_FR\" \/>\n<meta property=\"og:type\" content=\"article\" \/>\n<meta property=\"og:title\" content=\"Spazzolino antibatterico Nero - Piuma Care\" \/>\n<meta property=\"og:description\" content=\"Spazzolino antibattericolo Nero dal design pluripremiato. Con micro-setole delicate che permettono un&#039;igiene orale accurata, senza irritare le gengive.\" \/>\n<meta property=\"og:url\" content=\"https:\/\/www.piumacare.com\/fr\/product\/dentifrice-piuma-visible-active\/\" \/>\n<meta property=\"og:site_name\" content=\"Piuma Care\" \/>\n<meta property=\"article:modified_time\" content=\"2025-05-01T10:34:31+00:00\" \/>\n<meta property=\"og:image\" content=\"https:\/\/www.piumacare.com\/wp-content\/uploads\/2025\/03\/Toothpaste_Golden-Bright-01-1.jpg\" \/>\n\t<meta property=\"og:image:width\" content=\"2000\" \/>\n\t<meta property=\"og:image:height\" content=\"2000\" \/>\n\t<meta property=\"og:image:type\" content=\"image\/jpeg\" \/>\n<meta name=\"twitter:card\" content=\"summary_large_image\" \/>\n<meta name=\"twitter:label1\" content=\"Dur\u00e9e de lecture estim\u00e9e\" \/>\n\t<meta name=\"twitter:data1\" content=\"1 minute\" \/>\n<script type=\"application\/ld+json\" class=\"yoast-schema-graph\">{\"@context\":\"https:\\\/\\\/schema.org\",\"@graph\":[{\"@type\":\"WebPage\",\"@id\":\"https:\\\/\\\/www.piumacare.com\\\/fr\\\/product\\\/dentifrice-piuma-visible-active\\\/\",\"url\":\"https:\\\/\\\/www.piumacare.com\\\/fr\\\/product\\\/dentifrice-piuma-visible-active\\\/\",\"name\":\"Spazzolino antibatterico Nero - Piuma Care\",\"isPartOf\":{\"@id\":\"https:\\\/\\\/www.piumacare.com\\\/fr\\\/#website\"},\"primaryImageOfPage\":{\"@id\":\"https:\\\/\\\/www.piumacare.com\\\/fr\\\/product\\\/dentifrice-piuma-visible-active\\\/#primaryimage\"},\"image\":{\"@id\":\"https:\\\/\\\/www.piumacare.com\\\/fr\\\/product\\\/dentifrice-piuma-visible-active\\\/#primaryimage\"},\"thumbnailUrl\":\"https:\\\/\\\/www.piumacare.com\\\/wp-content\\\/uploads\\\/2025\\\/03\\\/Toothpaste_Golden-Bright-01-1.jpg\",\"datePublished\":\"2025-03-13T20:56:50+00:00\",\"dateModified\":\"2025-05-01T10:34:31+00:00\",\"description\":\"Spazzolino antibattericolo Nero dal design pluripremiato. Con micro-setole delicate che permettono un'igiene orale accurata, senza irritare le gengive.\",\"breadcrumb\":{\"@id\":\"https:\\\/\\\/www.piumacare.com\\\/fr\\\/product\\\/dentifrice-piuma-visible-active\\\/#breadcrumb\"},\"inLanguage\":\"fr-FR\",\"potentialAction\":[{\"@type\":\"ReadAction\",\"target\":[\"https:\\\/\\\/www.piumacare.com\\\/fr\\\/product\\\/dentifrice-piuma-visible-active\\\/\"]}]},{\"@type\":\"ImageObject\",\"inLanguage\":\"fr-FR\",\"@id\":\"https:\\\/\\\/www.piumacare.com\\\/fr\\\/product\\\/dentifrice-piuma-visible-active\\\/#primaryimage\",\"url\":\"https:\\\/\\\/www.piumacare.com\\\/wp-content\\\/uploads\\\/2025\\\/03\\\/Toothpaste_Golden-Bright-01-1.jpg\",\"contentUrl\":\"https:\\\/\\\/www.piumacare.com\\\/wp-content\\\/uploads\\\/2025\\\/03\\\/Toothpaste_Golden-Bright-01-1.jpg\",\"width\":2000,\"height\":2000},{\"@type\":\"BreadcrumbList\",\"@id\":\"https:\\\/\\\/www.piumacare.com\\\/fr\\\/product\\\/dentifrice-piuma-visible-active\\\/#breadcrumb\",\"itemListElement\":[{\"@type\":\"ListItem\",\"position\":1,\"name\":\"Home\",\"item\":\"https:\\\/\\\/www.piumacare.com\\\/fr\\\/accueil-fr\\\/\"},{\"@type\":\"ListItem\",\"position\":2,\"name\":\"Boutique\",\"item\":\"https:\\\/\\\/www.piumacare.com\\\/fr\\\/boutique\\\/\"},{\"@type\":\"ListItem\",\"position\":3,\"name\":\"Dentifrice Piuma Visible Active\"}]},{\"@type\":\"WebSite\",\"@id\":\"https:\\\/\\\/www.piumacare.com\\\/fr\\\/#website\",\"url\":\"https:\\\/\\\/www.piumacare.com\\\/fr\\\/\",\"name\":\"Piuma Care\",\"description\":\"La scienza del sorriso\",\"potentialAction\":[{\"@type\":\"SearchAction\",\"target\":{\"@type\":\"EntryPoint\",\"urlTemplate\":\"https:\\\/\\\/www.piumacare.com\\\/fr\\\/?s={search_term_string}\"},\"query-input\":{\"@type\":\"PropertyValueSpecification\",\"valueRequired\":true,\"valueName\":\"search_term_string\"}}],\"inLanguage\":\"fr-FR\"}]}<\/script>\n<!-- \/ Yoast SEO plugin. -->","yoast_head_json":{"title":"Spazzolino antibatterico Nero - Piuma Care","description":"Spazzolino antibattericolo Nero dal design pluripremiato. Con micro-setole delicate che permettono un'igiene orale accurata, senza irritare le gengive.","robots":{"index":"index","follow":"follow","max-snippet":"max-snippet:-1","max-image-preview":"max-image-preview:large","max-video-preview":"max-video-preview:-1"},"canonical":"https:\/\/www.piumacare.com\/fr\/product\/dentifrice-piuma-visible-active\/","og_locale":"fr_FR","og_type":"article","og_title":"Spazzolino antibatterico Nero - Piuma Care","og_description":"Spazzolino antibattericolo Nero dal design pluripremiato. Con micro-setole delicate che permettono un'igiene orale accurata, senza irritare le gengive.","og_url":"https:\/\/www.piumacare.com\/fr\/product\/dentifrice-piuma-visible-active\/","og_site_name":"Piuma Care","article_modified_time":"2025-05-01T10:34:31+00:00","og_image":[{"width":2000,"height":2000,"url":"https:\/\/www.piumacare.com\/wp-content\/uploads\/2025\/03\/Toothpaste_Golden-Bright-01-1.jpg","type":"image\/jpeg"}],"twitter_card":"summary_large_image","twitter_misc":{"Dur\u00e9e de lecture estim\u00e9e":"1 minute"},"schema":{"@context":"https:\/\/schema.org","@graph":[{"@type":"WebPage","@id":"https:\/\/www.piumacare.com\/fr\/product\/dentifrice-piuma-visible-active\/","url":"https:\/\/www.piumacare.com\/fr\/product\/dentifrice-piuma-visible-active\/","name":"Spazzolino antibatterico Nero - Piuma Care","isPartOf":{"@id":"https:\/\/www.piumacare.com\/fr\/#website"},"primaryImageOfPage":{"@id":"https:\/\/www.piumacare.com\/fr\/product\/dentifrice-piuma-visible-active\/#primaryimage"},"image":{"@id":"https:\/\/www.piumacare.com\/fr\/product\/dentifrice-piuma-visible-active\/#primaryimage"},"thumbnailUrl":"https:\/\/www.piumacare.com\/wp-content\/uploads\/2025\/03\/Toothpaste_Golden-Bright-01-1.jpg","datePublished":"2025-03-13T20:56:50+00:00","dateModified":"2025-05-01T10:34:31+00:00","description":"Spazzolino antibattericolo Nero dal design pluripremiato. Con micro-setole delicate che permettono un'igiene orale accurata, senza irritare le gengive.","breadcrumb":{"@id":"https:\/\/www.piumacare.com\/fr\/product\/dentifrice-piuma-visible-active\/#breadcrumb"},"inLanguage":"fr-FR","potentialAction":[{"@type":"ReadAction","target":["https:\/\/www.piumacare.com\/fr\/product\/dentifrice-piuma-visible-active\/"]}]},{"@type":"ImageObject","inLanguage":"fr-FR","@id":"https:\/\/www.piumacare.com\/fr\/product\/dentifrice-piuma-visible-active\/#primaryimage","url":"https:\/\/www.piumacare.com\/wp-content\/uploads\/2025\/03\/Toothpaste_Golden-Bright-01-1.jpg","contentUrl":"https:\/\/www.piumacare.com\/wp-content\/uploads\/2025\/03\/Toothpaste_Golden-Bright-01-1.jpg","width":2000,"height":2000},{"@type":"BreadcrumbList","@id":"https:\/\/www.piumacare.com\/fr\/product\/dentifrice-piuma-visible-active\/#breadcrumb","itemListElement":[{"@type":"ListItem","position":1,"name":"Home","item":"https:\/\/www.piumacare.com\/fr\/accueil-fr\/"},{"@type":"ListItem","position":2,"name":"Boutique","item":"https:\/\/www.piumacare.com\/fr\/boutique\/"},{"@type":"ListItem","position":3,"name":"Dentifrice Piuma Visible Active"}]},{"@type":"WebSite","@id":"https:\/\/www.piumacare.com\/fr\/#website","url":"https:\/\/www.piumacare.com\/fr\/","name":"Piuma Care","description":"La scienza del sorriso","potentialAction":[{"@type":"SearchAction","target":{"@type":"EntryPoint","urlTemplate":"https:\/\/www.piumacare.com\/fr\/?s={search_term_string}"},"query-input":{"@type":"PropertyValueSpecification","valueRequired":true,"valueName":"search_term_string"}}],"inLanguage":"fr-FR"}]}},"_links":{"self":[{"href":"https:\/\/www.piumacare.com\/fr\/wp-json\/wp\/v2\/product\/18988","targetHints":{"allow":["GET"]}}],"collection":[{"href":"https:\/\/www.piumacare.com\/fr\/wp-json\/wp\/v2\/product"}],"about":[{"href":"https:\/\/www.piumacare.com\/fr\/wp-json\/wp\/v2\/types\/product"}],"wp:featuredmedia":[{"embeddable":true,"href":"https:\/\/www.piumacare.com\/fr\/wp-json\/wp\/v2\/media\/18954"}],"wp:attachment":[{"href":"https:\/\/www.piumacare.com\/fr\/wp-json\/wp\/v2\/media?parent=18988"}],"wp:term":[{"taxonomy":"product_brand","embeddable":true,"href":"https:\/\/www.piumacare.com\/fr\/wp-json\/wp\/v2\/product_brand?post=18988"},{"taxonomy":"product_cat","embeddable":true,"href":"https:\/\/www.piumacare.com\/fr\/wp-json\/wp\/v2\/product_cat?post=18988"},{"taxonomy":"product_tag","embeddable":true,"href":"https:\/\/www.piumacare.com\/fr\/wp-json\/wp\/v2\/product_tag?post=18988"}],"curies":[{"name":"wp","href":"https:\/\/api.w.org\/{rel}","templated":true}]}}