{"id":19144,"date":"2025-03-13T23:34:33","date_gmt":"2025-03-13T22:34:33","guid":{"rendered":"https:\/\/www.piumacare.com\/?post_type=product&#038;p=19144"},"modified":"2025-05-01T12:25:14","modified_gmt":"2025-05-01T10:25:14","slug":"set-echinacea-green","status":"publish","type":"product","link":"https:\/\/www.piumacare.com\/fr\/product\/set-echinacea-green\/","title":{"rendered":"Visible Active Set"},"content":{"rendered":"<div class=\"fusion-fullwidth fullwidth-box fusion-builder-row-1 fusion-flex-container has-pattern-background has-mask-background nonhundred-percent-fullwidth non-hundred-percent-height-scrolling\" style=\"--awb-border-radius-top-left:0px;--awb-border-radius-top-right:0px;--awb-border-radius-bottom-right:0px;--awb-border-radius-bottom-left:0px;--awb-padding-top:0px;--awb-padding-right:0px;--awb-padding-bottom:0px;--awb-padding-left:0px;--awb-margin-top:0px;--awb-margin-bottom:0px;--awb-flex-wrap:wrap;\" ><div class=\"fusion-builder-row fusion-row fusion-flex-align-items-flex-start fusion-flex-content-wrap\" style=\"max-width:1248px;margin-left: calc(-4% \/ 2 );margin-right: calc(-4% \/ 2 );\"><div class=\"fusion-layout-column fusion_builder_column fusion-builder-column-0 fusion_builder_column_1_1 1_1 fusion-flex-column\" style=\"--awb-bg-size:cover;--awb-width-large:100%;--awb-margin-top-large:0px;--awb-spacing-right-large:1.92%;--awb-margin-bottom-large:20px;--awb-spacing-left-large:1.92%;--awb-width-medium:100%;--awb-order-medium:0;--awb-spacing-right-medium:1.92%;--awb-spacing-left-medium:1.92%;--awb-width-small:100%;--awb-order-small:0;--awb-spacing-right-small:1.92%;--awb-spacing-left-small:1.92%;\"><div class=\"fusion-column-wrapper fusion-column-has-shadow fusion-flex-justify-content-flex-start fusion-content-layout-column\"><div class=\"fusion-image-element \" style=\"--awb-caption-title-font-family:var(--h2_typography-font-family);--awb-caption-title-font-weight:var(--h2_typography-font-weight);--awb-caption-title-font-style:var(--h2_typography-font-style);--awb-caption-title-size:var(--h2_typography-font-size);--awb-caption-title-transform:var(--h2_typography-text-transform);--awb-caption-title-line-height:var(--h2_typography-line-height);--awb-caption-title-letter-spacing:var(--h2_typography-letter-spacing);\"><span class=\" fusion-imageframe imageframe-none imageframe-1 hover-type-none\"><img decoding=\"async\" width=\"2000\" height=\"2000\" title=\"set-Echinacea-aqua2\" src=\"https:\/\/www.piumacare.com\/wp-content\/uploads\/2025\/03\/set-Echinacea-aqua2.jpg\" alt class=\"img-responsive wp-image-19117\" srcset=\"https:\/\/www.piumacare.com\/wp-content\/uploads\/2025\/03\/set-Echinacea-aqua2-200x200.jpg 200w, https:\/\/www.piumacare.com\/wp-content\/uploads\/2025\/03\/set-Echinacea-aqua2-400x400.jpg 400w, https:\/\/www.piumacare.com\/wp-content\/uploads\/2025\/03\/set-Echinacea-aqua2-600x600.jpg 600w, https:\/\/www.piumacare.com\/wp-content\/uploads\/2025\/03\/set-Echinacea-aqua2-800x800.jpg 800w, https:\/\/www.piumacare.com\/wp-content\/uploads\/2025\/03\/set-Echinacea-aqua2-1200x1200.jpg 1200w, https:\/\/www.piumacare.com\/wp-content\/uploads\/2025\/03\/set-Echinacea-aqua2.jpg 2000w\" sizes=\"(max-width: 640px) 100vw, 1200px\" \/><\/span><\/div><\/div><\/div><div class=\"fusion-layout-column fusion_builder_column fusion-builder-column-1 fusion_builder_column_1_1 1_1 fusion-flex-column\" style=\"--awb-bg-size:cover;--awb-width-large:100%;--awb-margin-top-large:0px;--awb-spacing-right-large:1.92%;--awb-margin-bottom-large:20px;--awb-spacing-left-large:1.92%;--awb-width-medium:100%;--awb-order-medium:0;--awb-spacing-right-medium:1.92%;--awb-spacing-left-medium:1.92%;--awb-width-small:100%;--awb-order-small:0;--awb-spacing-right-small:1.92%;--awb-spacing-left-small:1.92%;\"><div class=\"fusion-column-wrapper fusion-column-has-shadow fusion-flex-justify-content-flex-start fusion-content-layout-column\"><div class=\"fusion-image-element \" style=\"--awb-caption-title-font-family:var(--h2_typography-font-family);--awb-caption-title-font-weight:var(--h2_typography-font-weight);--awb-caption-title-font-style:var(--h2_typography-font-style);--awb-caption-title-size:var(--h2_typography-font-size);--awb-caption-title-transform:var(--h2_typography-text-transform);--awb-caption-title-line-height:var(--h2_typography-line-height);--awb-caption-title-letter-spacing:var(--h2_typography-letter-spacing);\"><span class=\" fusion-imageframe imageframe-none imageframe-2 hover-type-none\"><img decoding=\"async\" width=\"2000\" height=\"2000\" title=\"set-Echinacea-aqua3\" src=\"https:\/\/www.piumacare.com\/wp-content\/uploads\/2025\/03\/set-Echinacea-aqua3.jpg\" alt class=\"img-responsive wp-image-19122\" srcset=\"https:\/\/www.piumacare.com\/wp-content\/uploads\/2025\/03\/set-Echinacea-aqua3-200x200.jpg 200w, https:\/\/www.piumacare.com\/wp-content\/uploads\/2025\/03\/set-Echinacea-aqua3-400x400.jpg 400w, https:\/\/www.piumacare.com\/wp-content\/uploads\/2025\/03\/set-Echinacea-aqua3-600x600.jpg 600w, https:\/\/www.piumacare.com\/wp-content\/uploads\/2025\/03\/set-Echinacea-aqua3-800x800.jpg 800w, https:\/\/www.piumacare.com\/wp-content\/uploads\/2025\/03\/set-Echinacea-aqua3-1200x1200.jpg 1200w, https:\/\/www.piumacare.com\/wp-content\/uploads\/2025\/03\/set-Echinacea-aqua3.jpg 2000w\" sizes=\"(max-width: 640px) 100vw, 1200px\" \/><\/span><\/div><\/div><\/div><\/div><\/div>\n","protected":false},"excerpt":{"rendered":"<p><b>Parfait pour ceux qui recherchent une hygi\u00e8ne buccale avanc\u00e9e avec un effet apaisant<br \/>\net rafra\u00eechissant.<\/b><\/p>\n<p>Un set innovant qui combine les propri\u00e9t\u00e9s antibact\u00e9riennes de l\u2019Echinac\u00e9e pour une<br \/>\nprotection compl\u00e8te des dents et des gencives, assurant une haleine fra\u00eeche et un nettoyage<br \/>\nen profondeur.<\/p>\n[fusion_accordion type=\"\" inactive_icon=\"fa-angle-down fas\" active_icon=\"fa-angle-up fas\" margin_top=\"\" margin_bottom=\"20px\" hide_on_mobile=\"small-visibility,medium-visibility,large-visibility\" class=\"\" id=\"\" boxed_mode=\"\" border_size=\"1\" border_color=\"\" hue=\"\" saturation=\"\" lightness=\"\" alpha=\"\" hover_color=\"\" background_color=\"\" divider_line=\"no\" divider_hover_color=\"\" divider_color=\"\" padding_top=\"\" padding_right=\"\" padding_bottom=\"\" padding_left=\"\" title_tag=\"h4\" fusion_font_family_title_font=\"Manrope\" fusion_font_variant_title_font=\"400\" title_font_size=\"13px\" title_line_height=\"1.3\" title_letter_spacing=\"\" title_text_transform=\"\" title_color=\"var(--awb-color6)\" icon_size=\"12\" icon_color=\"var(--awb-color5)\" icon_boxed_mode=\"no\" icon_box_color=\"\" icon_alignment=\"\" fusion_font_family_content_font=\"Manrope\" fusion_font_variant_content_font=\"400\" content_font_size=\"13\" content_line_height=\"1.3\" content_letter_spacing=\"\" content_text_transform=\"\" content_color=\"var(--awb-color6)\" toggle_hover_accent_color=\"#0093b5\" toggle_active_accent_color=\"var(--awb-color8)\" parent_dynamic_content=\"\"][fusion_toggle title=\"En savoir plus\" open=\"no\" awb-switch-editor-focus=\"\" class=\"\" id=\"\" fusion_font_family_title_font=\"Manrope\" fusion_font_variant_title_font=\"400\" title_font_size=\"13px\" title_line_height=\"1.3\" title_letter_spacing=\"\" title_text_transform=\"\" title_color=\"var(--awb-color8)\" hue=\"\" saturation=\"\" lightness=\"\" alpha=\"\" fusion_font_family_content_font=\"Manrope\" fusion_font_variant_content_font=\"400\" content_font_size=\"13px\" content_line_height=\"1.3\" content_letter_spacing=\"\" content_text_transform=\"\" content_color=\"var(--awb-color6)\"]<\/p>\n<p>\ud83d\udc97 <b>Brosse \u00e0 Dents avec Poils Actifs \u00e0 l\u2019Echinac\u00e9e \u2013 Soft<\/b><br \/>\nLes poils enrichis en Echinac\u00e9e aident \u00e0 r\u00e9duire l&rsquo;inflammation des gencives et combattent<br \/>\nles bact\u00e9ries responsables de la mauvaise haleine. Le design ergonomique, avec un<br \/>\nnettoyeur de langue int\u00e9gr\u00e9, assure une hygi\u00e8ne buccale optimale.<\/p>\n<p>\ud83c\udf3f <b>Dentifrice Piuma Visible Active \u2013 Echinac\u00e9e<\/b><br \/>\nLa formule avanc\u00e9e \u00e0 l\u2019Echinac\u00e9e favorise la sant\u00e9 des gencives et aide \u00e0 \u00e9liminer les<br \/>\nbact\u00e9ries responsables de la mauvaise haleine, pour une fra\u00eecheur durable et un sourire<br \/>\nsain.<\/p>\n<p>\u2714 Protection antimicrobienne &amp; anti-inflammatoire<br \/>\n\u2714 Haleine fra\u00eeche et gencives prot\u00e9g\u00e9es<br \/>\n\u2714 Vegan, cruelty-free, Fabriqu\u00e9 en Italie<br \/>\n\u2714 Emball\u00e9 en atmosph\u00e8re contr\u00f4l\u00e9e<\/p>\n<p>\ud83d\udc9a <b>Base PIUMA Calendar<\/b><br \/>\nLe support brevet\u00e9 qui vous rappelle quand remplacer la brosse \u00e0 dents et garde la salle de<br \/>\nbain propre gr\u00e2ce \u00e0 son syst\u00e8me de drainage.<\/p>\n<p><b>Vous avez d\u00e9j\u00e0 la base Piuma ?<\/b> Choisissez la <b><a href=\"https:\/\/www.piumacare.com\/product\/brush-visible-active-echinacea-aqua\/\">recharge PiumaBrush<\/a><\/b> pour remplacer uniquement la brosse \u00e0 dents ou utilisez votre tasse pr\u00e9f\u00e9r\u00e9e comme support.<\/p>\n<p>[\/fusion_toggle][\/fusion_accordion]\n<p><b>Poils<\/b>: Soft<\/p>\n<p><span style=\"padding-right: 80px;\">Coloris : Vert d&rsquo;eau<\/span><br \/>\n<img decoding=\"async\" class=\"alignnone wp-image-8173\" src=\"https:\/\/www.piumacare.com\/wp-content\/uploads\/2025\/03\/icone_colore_AQUA-GREEN_act.svg\" alt=\"\" width=\"40\" height=\"40\" \/><a href=\"https:\/\/www.piumacare.com\/product\/set-echinacea-pink\/\"><img decoding=\"async\" class=\"alignnone wp-image-17723\" src=\"https:\/\/www.piumacare.com\/wp-content\/uploads\/2025\/03\/icone_colore_BABY_PINK.svg\" alt=\"\" width=\"40\" height=\"39\" \/><\/a><\/p>\n","protected":false},"featured_media":19112,"template":"","meta":[],"product_brand":[],"product_cat":[481],"product_tag":[326,522],"class_list":{"0":"post-19144","1":"product","2":"type-product","3":"status-publish","4":"has-post-thumbnail","6":"product_cat-poils-souples-a-lechinacee","7":"product_tag-aqua-fr","8":"product_tag-set-fr","10":"first","11":"instock","12":"sale","13":"shipping-taxable","14":"purchasable","15":"product-type-simple"},"yoast_head":"<!-- This site is optimized with the Yoast SEO plugin v27.3 - https:\/\/yoast.com\/product\/yoast-seo-wordpress\/ -->\n<title>Spazzolino antibatterico Nero - Piuma Care<\/title>\n<meta name=\"description\" content=\"Spazzolino antibattericolo Nero dal design pluripremiato. Con micro-setole delicate che permettono un&#039;igiene orale accurata, senza irritare le gengive.\" \/>\n<meta name=\"robots\" content=\"index, follow, max-snippet:-1, max-image-preview:large, max-video-preview:-1\" \/>\n<link rel=\"canonical\" href=\"https:\/\/www.piumacare.com\/fr\/product\/set-echinacea-green\/\" \/>\n<meta property=\"og:locale\" content=\"fr_FR\" \/>\n<meta property=\"og:type\" content=\"article\" \/>\n<meta property=\"og:title\" content=\"Spazzolino antibatterico Nero - Piuma Care\" \/>\n<meta property=\"og:description\" content=\"Spazzolino antibattericolo Nero dal design pluripremiato. Con micro-setole delicate che permettono un&#039;igiene orale accurata, senza irritare le gengive.\" \/>\n<meta property=\"og:url\" content=\"https:\/\/www.piumacare.com\/fr\/product\/set-echinacea-green\/\" \/>\n<meta property=\"og:site_name\" content=\"Piuma Care\" \/>\n<meta property=\"article:modified_time\" content=\"2025-05-01T10:25:14+00:00\" \/>\n<meta property=\"og:image\" content=\"https:\/\/www.piumacare.com\/wp-content\/uploads\/2025\/03\/set-Echinacea-aqua1.jpg\" \/>\n\t<meta property=\"og:image:width\" content=\"2000\" \/>\n\t<meta property=\"og:image:height\" content=\"2000\" \/>\n\t<meta property=\"og:image:type\" content=\"image\/jpeg\" \/>\n<meta name=\"twitter:card\" content=\"summary_large_image\" \/>\n<meta name=\"twitter:label1\" content=\"Dur\u00e9e de lecture estim\u00e9e\" \/>\n\t<meta name=\"twitter:data1\" content=\"1 minute\" \/>\n<script type=\"application\/ld+json\" class=\"yoast-schema-graph\">{\"@context\":\"https:\\\/\\\/schema.org\",\"@graph\":[{\"@type\":\"WebPage\",\"@id\":\"https:\\\/\\\/www.piumacare.com\\\/fr\\\/product\\\/set-echinacea-green\\\/\",\"url\":\"https:\\\/\\\/www.piumacare.com\\\/fr\\\/product\\\/set-echinacea-green\\\/\",\"name\":\"Spazzolino antibatterico Nero - Piuma Care\",\"isPartOf\":{\"@id\":\"https:\\\/\\\/www.piumacare.com\\\/fr\\\/#website\"},\"primaryImageOfPage\":{\"@id\":\"https:\\\/\\\/www.piumacare.com\\\/fr\\\/product\\\/set-echinacea-green\\\/#primaryimage\"},\"image\":{\"@id\":\"https:\\\/\\\/www.piumacare.com\\\/fr\\\/product\\\/set-echinacea-green\\\/#primaryimage\"},\"thumbnailUrl\":\"https:\\\/\\\/www.piumacare.com\\\/wp-content\\\/uploads\\\/2025\\\/03\\\/set-Echinacea-aqua1.jpg\",\"datePublished\":\"2025-03-13T22:34:33+00:00\",\"dateModified\":\"2025-05-01T10:25:14+00:00\",\"description\":\"Spazzolino antibattericolo Nero dal design pluripremiato. Con micro-setole delicate che permettono un'igiene orale accurata, senza irritare le gengive.\",\"breadcrumb\":{\"@id\":\"https:\\\/\\\/www.piumacare.com\\\/fr\\\/product\\\/set-echinacea-green\\\/#breadcrumb\"},\"inLanguage\":\"fr-FR\",\"potentialAction\":[{\"@type\":\"ReadAction\",\"target\":[\"https:\\\/\\\/www.piumacare.com\\\/fr\\\/product\\\/set-echinacea-green\\\/\"]}]},{\"@type\":\"ImageObject\",\"inLanguage\":\"fr-FR\",\"@id\":\"https:\\\/\\\/www.piumacare.com\\\/fr\\\/product\\\/set-echinacea-green\\\/#primaryimage\",\"url\":\"https:\\\/\\\/www.piumacare.com\\\/wp-content\\\/uploads\\\/2025\\\/03\\\/set-Echinacea-aqua1.jpg\",\"contentUrl\":\"https:\\\/\\\/www.piumacare.com\\\/wp-content\\\/uploads\\\/2025\\\/03\\\/set-Echinacea-aqua1.jpg\",\"width\":2000,\"height\":2000},{\"@type\":\"BreadcrumbList\",\"@id\":\"https:\\\/\\\/www.piumacare.com\\\/fr\\\/product\\\/set-echinacea-green\\\/#breadcrumb\",\"itemListElement\":[{\"@type\":\"ListItem\",\"position\":1,\"name\":\"Home\",\"item\":\"https:\\\/\\\/www.piumacare.com\\\/fr\\\/accueil-fr\\\/\"},{\"@type\":\"ListItem\",\"position\":2,\"name\":\"Boutique\",\"item\":\"https:\\\/\\\/www.piumacare.com\\\/fr\\\/boutique\\\/\"},{\"@type\":\"ListItem\",\"position\":3,\"name\":\"Visible Active Set\"}]},{\"@type\":\"WebSite\",\"@id\":\"https:\\\/\\\/www.piumacare.com\\\/fr\\\/#website\",\"url\":\"https:\\\/\\\/www.piumacare.com\\\/fr\\\/\",\"name\":\"Piuma Care\",\"description\":\"La scienza del sorriso\",\"potentialAction\":[{\"@type\":\"SearchAction\",\"target\":{\"@type\":\"EntryPoint\",\"urlTemplate\":\"https:\\\/\\\/www.piumacare.com\\\/fr\\\/?s={search_term_string}\"},\"query-input\":{\"@type\":\"PropertyValueSpecification\",\"valueRequired\":true,\"valueName\":\"search_term_string\"}}],\"inLanguage\":\"fr-FR\"}]}<\/script>\n<!-- \/ Yoast SEO plugin. -->","yoast_head_json":{"title":"Spazzolino antibatterico Nero - Piuma Care","description":"Spazzolino antibattericolo Nero dal design pluripremiato. Con micro-setole delicate che permettono un'igiene orale accurata, senza irritare le gengive.","robots":{"index":"index","follow":"follow","max-snippet":"max-snippet:-1","max-image-preview":"max-image-preview:large","max-video-preview":"max-video-preview:-1"},"canonical":"https:\/\/www.piumacare.com\/fr\/product\/set-echinacea-green\/","og_locale":"fr_FR","og_type":"article","og_title":"Spazzolino antibatterico Nero - Piuma Care","og_description":"Spazzolino antibattericolo Nero dal design pluripremiato. Con micro-setole delicate che permettono un'igiene orale accurata, senza irritare le gengive.","og_url":"https:\/\/www.piumacare.com\/fr\/product\/set-echinacea-green\/","og_site_name":"Piuma Care","article_modified_time":"2025-05-01T10:25:14+00:00","og_image":[{"width":2000,"height":2000,"url":"https:\/\/www.piumacare.com\/wp-content\/uploads\/2025\/03\/set-Echinacea-aqua1.jpg","type":"image\/jpeg"}],"twitter_card":"summary_large_image","twitter_misc":{"Dur\u00e9e de lecture estim\u00e9e":"1 minute"},"schema":{"@context":"https:\/\/schema.org","@graph":[{"@type":"WebPage","@id":"https:\/\/www.piumacare.com\/fr\/product\/set-echinacea-green\/","url":"https:\/\/www.piumacare.com\/fr\/product\/set-echinacea-green\/","name":"Spazzolino antibatterico Nero - Piuma Care","isPartOf":{"@id":"https:\/\/www.piumacare.com\/fr\/#website"},"primaryImageOfPage":{"@id":"https:\/\/www.piumacare.com\/fr\/product\/set-echinacea-green\/#primaryimage"},"image":{"@id":"https:\/\/www.piumacare.com\/fr\/product\/set-echinacea-green\/#primaryimage"},"thumbnailUrl":"https:\/\/www.piumacare.com\/wp-content\/uploads\/2025\/03\/set-Echinacea-aqua1.jpg","datePublished":"2025-03-13T22:34:33+00:00","dateModified":"2025-05-01T10:25:14+00:00","description":"Spazzolino antibattericolo Nero dal design pluripremiato. Con micro-setole delicate che permettono un'igiene orale accurata, senza irritare le gengive.","breadcrumb":{"@id":"https:\/\/www.piumacare.com\/fr\/product\/set-echinacea-green\/#breadcrumb"},"inLanguage":"fr-FR","potentialAction":[{"@type":"ReadAction","target":["https:\/\/www.piumacare.com\/fr\/product\/set-echinacea-green\/"]}]},{"@type":"ImageObject","inLanguage":"fr-FR","@id":"https:\/\/www.piumacare.com\/fr\/product\/set-echinacea-green\/#primaryimage","url":"https:\/\/www.piumacare.com\/wp-content\/uploads\/2025\/03\/set-Echinacea-aqua1.jpg","contentUrl":"https:\/\/www.piumacare.com\/wp-content\/uploads\/2025\/03\/set-Echinacea-aqua1.jpg","width":2000,"height":2000},{"@type":"BreadcrumbList","@id":"https:\/\/www.piumacare.com\/fr\/product\/set-echinacea-green\/#breadcrumb","itemListElement":[{"@type":"ListItem","position":1,"name":"Home","item":"https:\/\/www.piumacare.com\/fr\/accueil-fr\/"},{"@type":"ListItem","position":2,"name":"Boutique","item":"https:\/\/www.piumacare.com\/fr\/boutique\/"},{"@type":"ListItem","position":3,"name":"Visible Active Set"}]},{"@type":"WebSite","@id":"https:\/\/www.piumacare.com\/fr\/#website","url":"https:\/\/www.piumacare.com\/fr\/","name":"Piuma Care","description":"La scienza del sorriso","potentialAction":[{"@type":"SearchAction","target":{"@type":"EntryPoint","urlTemplate":"https:\/\/www.piumacare.com\/fr\/?s={search_term_string}"},"query-input":{"@type":"PropertyValueSpecification","valueRequired":true,"valueName":"search_term_string"}}],"inLanguage":"fr-FR"}]}},"_links":{"self":[{"href":"https:\/\/www.piumacare.com\/fr\/wp-json\/wp\/v2\/product\/19144","targetHints":{"allow":["GET"]}}],"collection":[{"href":"https:\/\/www.piumacare.com\/fr\/wp-json\/wp\/v2\/product"}],"about":[{"href":"https:\/\/www.piumacare.com\/fr\/wp-json\/wp\/v2\/types\/product"}],"wp:featuredmedia":[{"embeddable":true,"href":"https:\/\/www.piumacare.com\/fr\/wp-json\/wp\/v2\/media\/19112"}],"wp:attachment":[{"href":"https:\/\/www.piumacare.com\/fr\/wp-json\/wp\/v2\/media?parent=19144"}],"wp:term":[{"taxonomy":"product_brand","embeddable":true,"href":"https:\/\/www.piumacare.com\/fr\/wp-json\/wp\/v2\/product_brand?post=19144"},{"taxonomy":"product_cat","embeddable":true,"href":"https:\/\/www.piumacare.com\/fr\/wp-json\/wp\/v2\/product_cat?post=19144"},{"taxonomy":"product_tag","embeddable":true,"href":"https:\/\/www.piumacare.com\/fr\/wp-json\/wp\/v2\/product_tag?post=19144"}],"curies":[{"name":"wp","href":"https:\/\/api.w.org\/{rel}","templated":true}]}}