{"id":19186,"date":"2025-03-14T00:24:42","date_gmt":"2025-03-13T23:24:42","guid":{"rendered":"https:\/\/www.piumacare.com\/?post_type=product&#038;p=19186"},"modified":"2025-05-01T12:15:20","modified_gmt":"2025-05-01T10:15:20","slug":"stella-swarovski-single","status":"publish","type":"product","link":"https:\/\/www.piumacare.com\/fr\/product\/stella-swarovski-single\/","title":{"rendered":"STELLA \u2013 Limited Edition"},"content":{"rendered":"<div class=\"fusion-fullwidth fullwidth-box fusion-builder-row-1 fusion-flex-container has-pattern-background has-mask-background nonhundred-percent-fullwidth non-hundred-percent-height-scrolling\" style=\"--awb-border-radius-top-left:0px;--awb-border-radius-top-right:0px;--awb-border-radius-bottom-right:0px;--awb-border-radius-bottom-left:0px;--awb-padding-top:0px;--awb-padding-right:0px;--awb-padding-bottom:0px;--awb-padding-left:0px;--awb-margin-top:0px;--awb-margin-bottom:0px;--awb-flex-wrap:wrap;\" ><div class=\"fusion-builder-row fusion-row fusion-flex-align-items-flex-start fusion-flex-content-wrap\" style=\"max-width:1248px;margin-left: calc(-4% \/ 2 );margin-right: calc(-4% \/ 2 );\"><div class=\"fusion-layout-column fusion_builder_column fusion-builder-column-0 fusion_builder_column_1_2 1_2 fusion-flex-column\" style=\"--awb-bg-size:cover;--awb-width-large:50%;--awb-margin-top-large:0px;--awb-spacing-right-large:3.84%;--awb-margin-bottom-large:20px;--awb-spacing-left-large:3.84%;--awb-width-medium:50%;--awb-order-medium:0;--awb-spacing-right-medium:3.84%;--awb-spacing-left-medium:3.84%;--awb-width-small:100%;--awb-order-small:0;--awb-spacing-right-small:1.92%;--awb-spacing-left-small:1.92%;\"><div class=\"fusion-column-wrapper fusion-column-has-shadow fusion-flex-justify-content-flex-start fusion-content-layout-column\"><div class=\"fusion-text fusion-text-1\" style=\"--awb-font-size:14px;--awb-text-transform:uppercase;--awb-text-font-family:&quot;Manrope&quot;;--awb-text-font-style:normal;--awb-text-font-weight:400;\"><p>Manche<\/p>\n<\/div><div class=\"fusion-image-element \" style=\"text-align:center;--awb-caption-title-font-family:var(--h2_typography-font-family);--awb-caption-title-font-weight:var(--h2_typography-font-weight);--awb-caption-title-font-style:var(--h2_typography-font-style);--awb-caption-title-size:var(--h2_typography-font-size);--awb-caption-title-transform:var(--h2_typography-text-transform);--awb-caption-title-line-height:var(--h2_typography-line-height);--awb-caption-title-letter-spacing:var(--h2_typography-letter-spacing);\"><span class=\" fusion-imageframe imageframe-none imageframe-1 hover-type-none\" style=\"border:1px solid #e2e2e2;\"><a href=\"https:\/\/www.piumacare.com\/wp-content\/uploads\/2022\/11\/SWAROVSKI_PIUMA_brush-02.jpg\" class=\"fusion-lightbox\" data-rel=\"iLightbox[609ebdb4661bd48556d]\" data-title=\"SWAROVSKI_PIUMA_brush-02\" title=\"SWAROVSKI_PIUMA_brush-02\"><img decoding=\"async\" width=\"2000\" height=\"2000\" src=\"https:\/\/www.piumacare.com\/wp-content\/uploads\/2022\/11\/SWAROVSKI_PIUMA_brush-02.jpg\" alt class=\"img-responsive wp-image-17362\" srcset=\"https:\/\/www.piumacare.com\/wp-content\/uploads\/2022\/11\/SWAROVSKI_PIUMA_brush-02-200x200.jpg 200w, https:\/\/www.piumacare.com\/wp-content\/uploads\/2022\/11\/SWAROVSKI_PIUMA_brush-02-400x400.jpg 400w, https:\/\/www.piumacare.com\/wp-content\/uploads\/2022\/11\/SWAROVSKI_PIUMA_brush-02-600x600.jpg 600w, https:\/\/www.piumacare.com\/wp-content\/uploads\/2022\/11\/SWAROVSKI_PIUMA_brush-02-800x800.jpg 800w, https:\/\/www.piumacare.com\/wp-content\/uploads\/2022\/11\/SWAROVSKI_PIUMA_brush-02-1200x1200.jpg 1200w, https:\/\/www.piumacare.com\/wp-content\/uploads\/2022\/11\/SWAROVSKI_PIUMA_brush-02.jpg 2000w\" sizes=\"(max-width: 640px) 100vw, 600px\" \/><\/a><\/span><\/div><\/div><\/div><div class=\"fusion-layout-column fusion_builder_column fusion-builder-column-1 fusion_builder_column_1_2 1_2 fusion-flex-column\" style=\"--awb-bg-size:cover;--awb-width-large:50%;--awb-margin-top-large:0px;--awb-spacing-right-large:3.84%;--awb-margin-bottom-large:20px;--awb-spacing-left-large:3.84%;--awb-width-medium:50%;--awb-order-medium:0;--awb-spacing-right-medium:3.84%;--awb-spacing-left-medium:3.84%;--awb-width-small:100%;--awb-order-small:0;--awb-spacing-right-small:1.92%;--awb-spacing-left-small:1.92%;\"><div class=\"fusion-column-wrapper fusion-column-has-shadow fusion-flex-justify-content-flex-start fusion-content-layout-column\"><div class=\"fusion-text fusion-text-2\" style=\"--awb-font-size:14px;--awb-text-transform:uppercase;--awb-text-font-family:&quot;Manrope&quot;;--awb-text-font-style:normal;--awb-text-font-weight:400;\"><p>Packaging<\/p>\n<\/div><div class=\"fusion-image-element \" style=\"text-align:center;--awb-caption-title-font-family:var(--h2_typography-font-family);--awb-caption-title-font-weight:var(--h2_typography-font-weight);--awb-caption-title-font-style:var(--h2_typography-font-style);--awb-caption-title-size:var(--h2_typography-font-size);--awb-caption-title-transform:var(--h2_typography-text-transform);--awb-caption-title-line-height:var(--h2_typography-line-height);--awb-caption-title-letter-spacing:var(--h2_typography-letter-spacing);\"><span class=\" fusion-imageframe imageframe-none imageframe-2 hover-type-none\" style=\"border:1px solid #e2e2e2;\"><a href=\"https:\/\/www.piumacare.com\/wp-content\/uploads\/2023\/04\/SWAROVSKI_PIUMA_single-02.jpg\" class=\"fusion-lightbox\" data-rel=\"iLightbox[9f007ae700019daeb4c]\" data-title=\"SWAROVSKI_PIUMA_single-02\" title=\"SWAROVSKI_PIUMA_single-02\"><img decoding=\"async\" width=\"2000\" height=\"2000\" src=\"https:\/\/www.piumacare.com\/wp-content\/uploads\/2023\/04\/SWAROVSKI_PIUMA_single-02.jpg\" alt class=\"img-responsive wp-image-17392\" srcset=\"https:\/\/www.piumacare.com\/wp-content\/uploads\/2023\/04\/SWAROVSKI_PIUMA_single-02-200x200.jpg 200w, https:\/\/www.piumacare.com\/wp-content\/uploads\/2023\/04\/SWAROVSKI_PIUMA_single-02-400x400.jpg 400w, https:\/\/www.piumacare.com\/wp-content\/uploads\/2023\/04\/SWAROVSKI_PIUMA_single-02-600x600.jpg 600w, https:\/\/www.piumacare.com\/wp-content\/uploads\/2023\/04\/SWAROVSKI_PIUMA_single-02-800x800.jpg 800w, https:\/\/www.piumacare.com\/wp-content\/uploads\/2023\/04\/SWAROVSKI_PIUMA_single-02-1200x1200.jpg 1200w, https:\/\/www.piumacare.com\/wp-content\/uploads\/2023\/04\/SWAROVSKI_PIUMA_single-02.jpg 2000w\" sizes=\"(max-width: 640px) 100vw, 600px\" \/><\/a><\/span><\/div><\/div><\/div><\/div><\/div>\n","protected":false},"excerpt":{"rendered":"<p><b>Kit de base embelli avec des cristaux Swarovski<\/b><\/p>\n<p>Inspir\u00e9 par la magie du ciel \u00e9toil\u00e9, notre brosse \u00e0 dents et sa base innovante de calendrier se parent d&rsquo;une nouvelle couleur bleu nuit.<br \/>\nStella, tel est son nom, illumine et d\u00e9core la salle de bain gr\u00e2ce \u00e0 la lumi\u00e8re de ses 38 cristaux Swarovski appliqu\u00e9s \u00e0 la main.<\/p>\n[fusion_accordion type=\"\" inactive_icon=\"fa-angle-down fas\" active_icon=\"fa-angle-up fas\" margin_top=\"\" margin_bottom=\"20px\" hide_on_mobile=\"small-visibility,medium-visibility,large-visibility\" class=\"\" id=\"\" boxed_mode=\"\" border_size=\"1\" border_color=\"\" hue=\"\" saturation=\"\" lightness=\"\" alpha=\"\" hover_color=\"\" background_color=\"\" divider_line=\"no\" divider_hover_color=\"\" divider_color=\"\" padding_top=\"\" padding_right=\"\" padding_bottom=\"\" padding_left=\"\" title_tag=\"h4\" fusion_font_family_title_font=\"Manrope\" fusion_font_variant_title_font=\"400\" title_font_size=\"13px\" title_line_height=\"1.3\" title_letter_spacing=\"\" title_text_transform=\"\" title_color=\"var(--awb-color6)\" icon_size=\"12\" icon_color=\"var(--awb-color5)\" icon_boxed_mode=\"no\" icon_box_color=\"\" icon_alignment=\"\" fusion_font_family_content_font=\"Manrope\" fusion_font_variant_content_font=\"400\" content_font_size=\"13\" content_line_height=\"1.3\" content_letter_spacing=\"\" content_text_transform=\"\" content_color=\"var(--awb-color6)\" toggle_hover_accent_color=\"#0093b5\" toggle_active_accent_color=\"var(--awb-color8)\" parent_dynamic_content=\"\"][fusion_toggle title=\"en savoir plus\" open=\"no\" awb-switch-editor-focus=\"\" class=\"\" id=\"\" fusion_font_family_title_font=\"Manrope\" fusion_font_variant_title_font=\"400\" title_font_size=\"13px\" title_line_height=\"1.3\" title_letter_spacing=\"\" title_text_transform=\"\" title_color=\"var(--awb-color8)\" hue=\"\" saturation=\"\" lightness=\"\" alpha=\"\" fusion_font_family_content_font=\"Manrope\" fusion_font_variant_content_font=\"400\" content_font_size=\"13px\" content_line_height=\"1.3\" content_letter_spacing=\"\" content_text_transform=\"\" content_color=\"var(--awb-color6)\"]<\/p>\n<p>Un objet de design extraordinaire au charme unique qui propose pour la premi\u00e8re fois des poils innovants blanchissants au charbon actif.<br \/>\nUn objet raffin\u00e9 et d&rsquo;une grande valeur distinctive, qui, avec l&rsquo;efficacit\u00e9 exceptionnelle de ses nouveaux poils blanchissants, deviendra l&rsquo;objet culte pour votre bien-\u00eatre.<\/p>\n<p><b>Caract\u00e9ristiques<\/b><br \/>\n\u2714 Un v\u00e9ritable cristal Swarovski appliqu\u00e9 \u00e0 la main<br \/>\n\u2714 Poils innovants au charbon blanchissant<br \/>\n\u2714 Limited edition<\/p>\n<p><b>Extras:<\/b> Une fois le kit achet\u00e9, la base dure toute une vie !<\/p>\n<p><b>Remarque:<\/b> Couvre-poils toujours inclus<\/p>\n<p>[\/fusion_toggle][\/fusion_accordion]\n<p><b>Poils<\/b>: Doux blanchissants au charbon<\/p>\n","protected":false},"featured_media":19169,"template":"","meta":[],"product_brand":[],"product_cat":[477],"product_tag":[462,559],"class_list":{"0":"post-19186","1":"product","2":"type-product","3":"status-publish","4":"has-post-thumbnail","6":"product_cat-poils-souples-au-charbon-de-bambou","7":"product_tag-refill-fr","8":"product_tag-swarovski-fr","10":"first","11":"instock","12":"shipping-taxable","13":"purchasable","14":"product-type-simple"},"yoast_head":"<!-- This site is optimized with the Yoast SEO plugin v27.4 - https:\/\/yoast.com\/product\/yoast-seo-wordpress\/ -->\n<title>STELLA : Brosse \u00e0 dents avec Swarovski - Piuma Care<\/title>\n<meta name=\"description\" content=\"Unique au monde ! Une brosse \u00e0 dents avec Swarovski pour ceux qui aiment s&#039;entourer d\u2019objets du quotidien alliant style et design raffin\u00e9.\" \/>\n<meta name=\"robots\" content=\"index, follow, max-snippet:-1, max-image-preview:large, max-video-preview:-1\" \/>\n<link rel=\"canonical\" href=\"https:\/\/www.piumacare.com\/fr\/product\/stella-swarovski-single\/\" \/>\n<meta property=\"og:locale\" content=\"fr_FR\" \/>\n<meta property=\"og:type\" content=\"article\" \/>\n<meta property=\"og:title\" content=\"STELLA : Brosse \u00e0 dents avec Swarovski - Piuma Care\" \/>\n<meta property=\"og:description\" content=\"Unique au monde ! Une brosse \u00e0 dents avec Swarovski pour ceux qui aiment s&#039;entourer d\u2019objets du quotidien alliant style et design raffin\u00e9.\" \/>\n<meta property=\"og:url\" content=\"https:\/\/www.piumacare.com\/fr\/product\/stella-swarovski-single\/\" \/>\n<meta property=\"og:site_name\" content=\"Piuma Care\" \/>\n<meta property=\"article:modified_time\" content=\"2025-05-01T10:15:20+00:00\" \/>\n<meta property=\"og:image\" content=\"https:\/\/www.piumacare.com\/wp-content\/uploads\/2025\/03\/SWAROVSKI_PIUMA_single-01.jpg\" \/>\n\t<meta property=\"og:image:width\" content=\"2000\" \/>\n\t<meta property=\"og:image:height\" content=\"2000\" \/>\n\t<meta property=\"og:image:type\" content=\"image\/jpeg\" \/>\n<meta name=\"twitter:card\" content=\"summary_large_image\" \/>\n<meta name=\"twitter:label1\" content=\"Dur\u00e9e de lecture estim\u00e9e\" \/>\n\t<meta name=\"twitter:data1\" content=\"1 minute\" \/>\n<script type=\"application\/ld+json\" class=\"yoast-schema-graph\">{\"@context\":\"https:\\\/\\\/schema.org\",\"@graph\":[{\"@type\":\"WebPage\",\"@id\":\"https:\\\/\\\/www.piumacare.com\\\/fr\\\/product\\\/stella-swarovski-single\\\/\",\"url\":\"https:\\\/\\\/www.piumacare.com\\\/fr\\\/product\\\/stella-swarovski-single\\\/\",\"name\":\"STELLA : Brosse \u00e0 dents avec Swarovski - Piuma Care\",\"isPartOf\":{\"@id\":\"https:\\\/\\\/www.piumacare.com\\\/fr\\\/#website\"},\"primaryImageOfPage\":{\"@id\":\"https:\\\/\\\/www.piumacare.com\\\/fr\\\/product\\\/stella-swarovski-single\\\/#primaryimage\"},\"image\":{\"@id\":\"https:\\\/\\\/www.piumacare.com\\\/fr\\\/product\\\/stella-swarovski-single\\\/#primaryimage\"},\"thumbnailUrl\":\"https:\\\/\\\/www.piumacare.com\\\/wp-content\\\/uploads\\\/2025\\\/03\\\/SWAROVSKI_PIUMA_single-01.jpg\",\"datePublished\":\"2025-03-13T23:24:42+00:00\",\"dateModified\":\"2025-05-01T10:15:20+00:00\",\"description\":\"Unique au monde ! Une brosse \u00e0 dents avec Swarovski pour ceux qui aiment s'entourer d\u2019objets du quotidien alliant style et design raffin\u00e9.\",\"breadcrumb\":{\"@id\":\"https:\\\/\\\/www.piumacare.com\\\/fr\\\/product\\\/stella-swarovski-single\\\/#breadcrumb\"},\"inLanguage\":\"fr-FR\",\"potentialAction\":[{\"@type\":\"ReadAction\",\"target\":[\"https:\\\/\\\/www.piumacare.com\\\/fr\\\/product\\\/stella-swarovski-single\\\/\"]}]},{\"@type\":\"ImageObject\",\"inLanguage\":\"fr-FR\",\"@id\":\"https:\\\/\\\/www.piumacare.com\\\/fr\\\/product\\\/stella-swarovski-single\\\/#primaryimage\",\"url\":\"https:\\\/\\\/www.piumacare.com\\\/wp-content\\\/uploads\\\/2025\\\/03\\\/SWAROVSKI_PIUMA_single-01.jpg\",\"contentUrl\":\"https:\\\/\\\/www.piumacare.com\\\/wp-content\\\/uploads\\\/2025\\\/03\\\/SWAROVSKI_PIUMA_single-01.jpg\",\"width\":2000,\"height\":2000},{\"@type\":\"BreadcrumbList\",\"@id\":\"https:\\\/\\\/www.piumacare.com\\\/fr\\\/product\\\/stella-swarovski-single\\\/#breadcrumb\",\"itemListElement\":[{\"@type\":\"ListItem\",\"position\":1,\"name\":\"Home\",\"item\":\"https:\\\/\\\/www.piumacare.com\\\/fr\\\/accueil-fr\\\/\"},{\"@type\":\"ListItem\",\"position\":2,\"name\":\"Boutique\",\"item\":\"https:\\\/\\\/www.piumacare.com\\\/fr\\\/boutique\\\/\"},{\"@type\":\"ListItem\",\"position\":3,\"name\":\"STELLA \u2013 Limited Edition\"}]},{\"@type\":\"WebSite\",\"@id\":\"https:\\\/\\\/www.piumacare.com\\\/fr\\\/#website\",\"url\":\"https:\\\/\\\/www.piumacare.com\\\/fr\\\/\",\"name\":\"Piuma Care\",\"description\":\"La scienza del sorriso\",\"potentialAction\":[{\"@type\":\"SearchAction\",\"target\":{\"@type\":\"EntryPoint\",\"urlTemplate\":\"https:\\\/\\\/www.piumacare.com\\\/fr\\\/?s={search_term_string}\"},\"query-input\":{\"@type\":\"PropertyValueSpecification\",\"valueRequired\":true,\"valueName\":\"search_term_string\"}}],\"inLanguage\":\"fr-FR\"}]}<\/script>\n<!-- \/ Yoast SEO plugin. -->","yoast_head_json":{"title":"STELLA : Brosse \u00e0 dents avec Swarovski - Piuma Care","description":"Unique au monde ! Une brosse \u00e0 dents avec Swarovski pour ceux qui aiment s'entourer d\u2019objets du quotidien alliant style et design raffin\u00e9.","robots":{"index":"index","follow":"follow","max-snippet":"max-snippet:-1","max-image-preview":"max-image-preview:large","max-video-preview":"max-video-preview:-1"},"canonical":"https:\/\/www.piumacare.com\/fr\/product\/stella-swarovski-single\/","og_locale":"fr_FR","og_type":"article","og_title":"STELLA : Brosse \u00e0 dents avec Swarovski - Piuma Care","og_description":"Unique au monde ! Une brosse \u00e0 dents avec Swarovski pour ceux qui aiment s'entourer d\u2019objets du quotidien alliant style et design raffin\u00e9.","og_url":"https:\/\/www.piumacare.com\/fr\/product\/stella-swarovski-single\/","og_site_name":"Piuma Care","article_modified_time":"2025-05-01T10:15:20+00:00","og_image":[{"width":2000,"height":2000,"url":"https:\/\/www.piumacare.com\/wp-content\/uploads\/2025\/03\/SWAROVSKI_PIUMA_single-01.jpg","type":"image\/jpeg"}],"twitter_card":"summary_large_image","twitter_misc":{"Dur\u00e9e de lecture estim\u00e9e":"1 minute"},"schema":{"@context":"https:\/\/schema.org","@graph":[{"@type":"WebPage","@id":"https:\/\/www.piumacare.com\/fr\/product\/stella-swarovski-single\/","url":"https:\/\/www.piumacare.com\/fr\/product\/stella-swarovski-single\/","name":"STELLA : Brosse \u00e0 dents avec Swarovski - Piuma Care","isPartOf":{"@id":"https:\/\/www.piumacare.com\/fr\/#website"},"primaryImageOfPage":{"@id":"https:\/\/www.piumacare.com\/fr\/product\/stella-swarovski-single\/#primaryimage"},"image":{"@id":"https:\/\/www.piumacare.com\/fr\/product\/stella-swarovski-single\/#primaryimage"},"thumbnailUrl":"https:\/\/www.piumacare.com\/wp-content\/uploads\/2025\/03\/SWAROVSKI_PIUMA_single-01.jpg","datePublished":"2025-03-13T23:24:42+00:00","dateModified":"2025-05-01T10:15:20+00:00","description":"Unique au monde ! Une brosse \u00e0 dents avec Swarovski pour ceux qui aiment s'entourer d\u2019objets du quotidien alliant style et design raffin\u00e9.","breadcrumb":{"@id":"https:\/\/www.piumacare.com\/fr\/product\/stella-swarovski-single\/#breadcrumb"},"inLanguage":"fr-FR","potentialAction":[{"@type":"ReadAction","target":["https:\/\/www.piumacare.com\/fr\/product\/stella-swarovski-single\/"]}]},{"@type":"ImageObject","inLanguage":"fr-FR","@id":"https:\/\/www.piumacare.com\/fr\/product\/stella-swarovski-single\/#primaryimage","url":"https:\/\/www.piumacare.com\/wp-content\/uploads\/2025\/03\/SWAROVSKI_PIUMA_single-01.jpg","contentUrl":"https:\/\/www.piumacare.com\/wp-content\/uploads\/2025\/03\/SWAROVSKI_PIUMA_single-01.jpg","width":2000,"height":2000},{"@type":"BreadcrumbList","@id":"https:\/\/www.piumacare.com\/fr\/product\/stella-swarovski-single\/#breadcrumb","itemListElement":[{"@type":"ListItem","position":1,"name":"Home","item":"https:\/\/www.piumacare.com\/fr\/accueil-fr\/"},{"@type":"ListItem","position":2,"name":"Boutique","item":"https:\/\/www.piumacare.com\/fr\/boutique\/"},{"@type":"ListItem","position":3,"name":"STELLA \u2013 Limited Edition"}]},{"@type":"WebSite","@id":"https:\/\/www.piumacare.com\/fr\/#website","url":"https:\/\/www.piumacare.com\/fr\/","name":"Piuma Care","description":"La scienza del sorriso","potentialAction":[{"@type":"SearchAction","target":{"@type":"EntryPoint","urlTemplate":"https:\/\/www.piumacare.com\/fr\/?s={search_term_string}"},"query-input":{"@type":"PropertyValueSpecification","valueRequired":true,"valueName":"search_term_string"}}],"inLanguage":"fr-FR"}]}},"_links":{"self":[{"href":"https:\/\/www.piumacare.com\/fr\/wp-json\/wp\/v2\/product\/19186","targetHints":{"allow":["GET"]}}],"collection":[{"href":"https:\/\/www.piumacare.com\/fr\/wp-json\/wp\/v2\/product"}],"about":[{"href":"https:\/\/www.piumacare.com\/fr\/wp-json\/wp\/v2\/types\/product"}],"wp:featuredmedia":[{"embeddable":true,"href":"https:\/\/www.piumacare.com\/fr\/wp-json\/wp\/v2\/media\/19169"}],"wp:attachment":[{"href":"https:\/\/www.piumacare.com\/fr\/wp-json\/wp\/v2\/media?parent=19186"}],"wp:term":[{"taxonomy":"product_brand","embeddable":true,"href":"https:\/\/www.piumacare.com\/fr\/wp-json\/wp\/v2\/product_brand?post=19186"},{"taxonomy":"product_cat","embeddable":true,"href":"https:\/\/www.piumacare.com\/fr\/wp-json\/wp\/v2\/product_cat?post=19186"},{"taxonomy":"product_tag","embeddable":true,"href":"https:\/\/www.piumacare.com\/fr\/wp-json\/wp\/v2\/product_tag?post=19186"}],"curies":[{"name":"wp","href":"https:\/\/api.w.org\/{rel}","templated":true}]}}