{"id":19542,"date":"2025-03-18T09:55:05","date_gmt":"2025-03-18T08:55:05","guid":{"rendered":"https:\/\/www.piumacare.com\/?post_type=product&#038;p=19542"},"modified":"2025-04-22T18:02:03","modified_gmt":"2025-04-22T16:02:03","slug":"base-grey","status":"publish","type":"product","link":"https:\/\/www.piumacare.com\/fr\/product\/base-grey\/","title":{"rendered":"Base Grey"},"content":{"rendered":"<div class=\"fusion-fullwidth fullwidth-box fusion-builder-row-1 fusion-flex-container has-pattern-background has-mask-background nonhundred-percent-fullwidth non-hundred-percent-height-scrolling\" style=\"--awb-border-radius-top-left:0px;--awb-border-radius-top-right:0px;--awb-border-radius-bottom-right:0px;--awb-border-radius-bottom-left:0px;--awb-padding-top:0px;--awb-padding-right:0px;--awb-padding-bottom:0px;--awb-padding-left:0px;--awb-margin-top:0px;--awb-margin-bottom:0px;--awb-flex-wrap:wrap;\" ><div class=\"fusion-builder-row fusion-row fusion-flex-align-items-flex-start fusion-flex-content-wrap\" style=\"max-width:1248px;margin-left: calc(-4% \/ 2 );margin-right: calc(-4% \/ 2 );\"><div class=\"fusion-layout-column fusion_builder_column fusion-builder-column-0 fusion_builder_column_1_1 1_1 fusion-flex-column\" style=\"--awb-bg-size:cover;--awb-width-large:100%;--awb-margin-top-large:0px;--awb-spacing-right-large:1.92%;--awb-margin-bottom-large:20px;--awb-spacing-left-large:1.92%;--awb-width-medium:100%;--awb-order-medium:0;--awb-spacing-right-medium:1.92%;--awb-spacing-left-medium:1.92%;--awb-width-small:100%;--awb-order-small:0;--awb-spacing-right-small:1.92%;--awb-spacing-left-small:1.92%;\"><div class=\"fusion-column-wrapper fusion-column-has-shadow fusion-flex-justify-content-flex-start fusion-content-layout-column\"><div class=\"fusion-image-element \" style=\"--awb-caption-title-font-family:var(--h2_typography-font-family);--awb-caption-title-font-weight:var(--h2_typography-font-weight);--awb-caption-title-font-style:var(--h2_typography-font-style);--awb-caption-title-size:var(--h2_typography-font-size);--awb-caption-title-transform:var(--h2_typography-text-transform);--awb-caption-title-line-height:var(--h2_typography-line-height);--awb-caption-title-letter-spacing:var(--h2_typography-letter-spacing);\"><span class=\" fusion-imageframe imageframe-none imageframe-1 hover-type-none\"><img decoding=\"async\" width=\"1000\" height=\"1000\" alt=\"Product_base-grey\" title=\"Product_base-grey\" src=\"https:\/\/www.piumacare.com\/wp-content\/uploads\/2021\/07\/Product_base-grey.png\" class=\"img-responsive wp-image-1486\" srcset=\"https:\/\/www.piumacare.com\/wp-content\/uploads\/2021\/07\/Product_base-grey-200x200.png 200w, https:\/\/www.piumacare.com\/wp-content\/uploads\/2021\/07\/Product_base-grey-400x400.png 400w, https:\/\/www.piumacare.com\/wp-content\/uploads\/2021\/07\/Product_base-grey-600x600.png 600w, https:\/\/www.piumacare.com\/wp-content\/uploads\/2021\/07\/Product_base-grey-800x800.png 800w, https:\/\/www.piumacare.com\/wp-content\/uploads\/2021\/07\/Product_base-grey.png 1000w\" sizes=\"(max-width: 640px) 100vw, 1000px\" \/><\/span><\/div><\/div><\/div><\/div><\/div>\n","protected":false},"excerpt":{"rendered":"<p style=\"font-weight: 400;\"><strong>Base Calendrier Piuma<\/strong><b>.<\/b><\/p>\n<p><span lang=\"it\">La Base Calendrier Piuma est une solution brevet\u00e9e qui soutient votre brosse \u00e0 dents et vous aide \u00e0 savoir quand il est temps de la remplacer. Indiquez le mois de d\u00e9part, et la base vous rappellera automatiquement quand changer votre brosse, facilitant ainsi le maintien d&rsquo;une hygi\u00e8ne bucco-dentaire optimale. <\/span><\/p>\n<p style=\"font-weight: 400;\"><b>Caract\u00e9ristiques<\/b><br \/>\n\u2714 Rappel automatique pour le remplacement de la brosse \u00e0 dents.<br \/>\n\u2714 Support pratique sans objets encombrants.<br \/>\n\u2714 Syst\u00e8me de drainage pour garder la salle de bain propre et hygi\u00e9nique.<\/p>\n<p style=\"font-weight: 400;\"><b>Innovation, fonctionnalit\u00e9 et hygi\u00e8ne r\u00e9unies dans un seul produit.<\/b><\/p>\n<p><span style=\"padding-right: 80px;\">Couleur: Grey<\/span><br \/>\n<a href=\"https:\/\/www.piumacare.com\/fr\/?post_type=product&#038;p=19520\"><img decoding=\"async\" class=\"alignnone wp-image-8178\" src=\"https:\/\/www.piumacare.com\/wp-content\/uploads\/2021\/07\/icone_colore_Tavola-disegno-1-copia.svg\" alt=\"\" width=\"40\" height=\"40\" \/><\/a><img decoding=\"async\" class=\"alignnone wp-image-8163\" src=\"https:\/\/www.piumacare.com\/wp-content\/uploads\/2021\/07\/icone_colore_Tavola-disegno-1-copia-2.svg\" alt=\"\" width=\"40\" height=\"40\" \/><a href=\"https:\/\/www.piumacare.com\/fr\/product\/base-white\/\"><img decoding=\"async\" class=\"alignnone wp-image-8168\" src=\"https:\/\/www.piumacare.com\/wp-content\/uploads\/2021\/07\/icone_colore_Tavola-disegno-1-copia-5.svg\" alt=\"\" width=\"40\" height=\"40\" \/><\/a><a href=\"https:\/\/www.piumacare.com\/fr\/product\/base-magenta\/\"><img decoding=\"async\" class=\"alignnone wp-image-8173\" src=\"https:\/\/www.piumacare.com\/wp-content\/uploads\/2025\/01\/icona_colore_Magenta.svg\" alt=\"\" width=\"40\" height=\"40\" \/><\/a><a href=\"https:\/\/www.piumacare.com\/fr\/?post_type=product&#038;p=19526\"><img decoding=\"async\" class=\"alignnone wp-image-8173\" src=\"https:\/\/www.piumacare.com\/wp-content\/uploads\/2025\/03\/icone_colore_AQUA-GREEN.svg\" alt=\"\" width=\"40\" height=\"40\" \/><\/a><a href=\"https:\/\/www.piumacare.com\/fr\/product\/base-pink\/\"><img decoding=\"async\" class=\"alignnone wp-image-8173\" src=\"https:\/\/www.piumacare.com\/wp-content\/uploads\/2025\/03\/icone_colore_BABY_PINK.svg\" alt=\"\" width=\"40\" height=\"40\" \/><\/a><\/p>\n","protected":false},"featured_media":19214,"template":"","meta":[],"product_brand":[],"product_cat":[555],"product_tag":[123],"class_list":{"0":"post-19542","1":"product","2":"type-product","3":"status-publish","4":"has-post-thumbnail","6":"product_cat-base-calendrier","7":"product_tag-asphalt-grey-fr","9":"first","10":"instock","11":"shipping-taxable","12":"purchasable","13":"product-type-simple"},"yoast_head":"<!-- This site is optimized with the Yoast SEO plugin v27.4 - https:\/\/yoast.com\/product\/yoast-seo-wordpress\/ -->\n<title>Base Calendrier Grey - Piuma Care<\/title>\n<meta name=\"description\" content=\"La Base Calendrier Piuma est une solution brevet\u00e9e qui soutient votre brosse \u00e0 dents et vous aide \u00e0 savoir quand il est temps de la remplacer.\" \/>\n<meta name=\"robots\" content=\"index, follow, max-snippet:-1, max-image-preview:large, max-video-preview:-1\" \/>\n<link rel=\"canonical\" href=\"https:\/\/www.piumacare.com\/fr\/product\/base-grey\/\" \/>\n<meta property=\"og:locale\" content=\"fr_FR\" \/>\n<meta property=\"og:type\" content=\"article\" \/>\n<meta property=\"og:title\" content=\"Base Calendrier Grey - Piuma Care\" \/>\n<meta property=\"og:description\" content=\"La Base Calendrier Piuma est une solution brevet\u00e9e qui soutient votre brosse \u00e0 dents et vous aide \u00e0 savoir quand il est temps de la remplacer.\" \/>\n<meta property=\"og:url\" content=\"https:\/\/www.piumacare.com\/fr\/product\/base-grey\/\" \/>\n<meta property=\"og:site_name\" content=\"Piuma Care\" \/>\n<meta property=\"article:modified_time\" content=\"2025-04-22T16:02:03+00:00\" \/>\n<meta property=\"og:image\" content=\"https:\/\/www.piumacare.com\/wp-content\/uploads\/2025\/03\/Base-asphalt-grey.jpg\" \/>\n\t<meta property=\"og:image:width\" content=\"2000\" \/>\n\t<meta property=\"og:image:height\" content=\"2000\" \/>\n\t<meta property=\"og:image:type\" content=\"image\/jpeg\" \/>\n<meta name=\"twitter:card\" content=\"summary_large_image\" \/>\n<meta name=\"twitter:label1\" content=\"Dur\u00e9e de lecture estim\u00e9e\" \/>\n\t<meta name=\"twitter:data1\" content=\"1 minute\" \/>\n<script type=\"application\/ld+json\" class=\"yoast-schema-graph\">{\"@context\":\"https:\\\/\\\/schema.org\",\"@graph\":[{\"@type\":\"WebPage\",\"@id\":\"https:\\\/\\\/www.piumacare.com\\\/fr\\\/product\\\/base-grey\\\/\",\"url\":\"https:\\\/\\\/www.piumacare.com\\\/fr\\\/product\\\/base-grey\\\/\",\"name\":\"Base Calendrier Grey - Piuma Care\",\"isPartOf\":{\"@id\":\"https:\\\/\\\/www.piumacare.com\\\/fr\\\/#website\"},\"primaryImageOfPage\":{\"@id\":\"https:\\\/\\\/www.piumacare.com\\\/fr\\\/product\\\/base-grey\\\/#primaryimage\"},\"image\":{\"@id\":\"https:\\\/\\\/www.piumacare.com\\\/fr\\\/product\\\/base-grey\\\/#primaryimage\"},\"thumbnailUrl\":\"https:\\\/\\\/www.piumacare.com\\\/wp-content\\\/uploads\\\/2025\\\/03\\\/Base-asphalt-grey.jpg\",\"datePublished\":\"2025-03-18T08:55:05+00:00\",\"dateModified\":\"2025-04-22T16:02:03+00:00\",\"description\":\"La Base Calendrier Piuma est une solution brevet\u00e9e qui soutient votre brosse \u00e0 dents et vous aide \u00e0 savoir quand il est temps de la remplacer.\",\"breadcrumb\":{\"@id\":\"https:\\\/\\\/www.piumacare.com\\\/fr\\\/product\\\/base-grey\\\/#breadcrumb\"},\"inLanguage\":\"fr-FR\",\"potentialAction\":[{\"@type\":\"ReadAction\",\"target\":[\"https:\\\/\\\/www.piumacare.com\\\/fr\\\/product\\\/base-grey\\\/\"]}]},{\"@type\":\"ImageObject\",\"inLanguage\":\"fr-FR\",\"@id\":\"https:\\\/\\\/www.piumacare.com\\\/fr\\\/product\\\/base-grey\\\/#primaryimage\",\"url\":\"https:\\\/\\\/www.piumacare.com\\\/wp-content\\\/uploads\\\/2025\\\/03\\\/Base-asphalt-grey.jpg\",\"contentUrl\":\"https:\\\/\\\/www.piumacare.com\\\/wp-content\\\/uploads\\\/2025\\\/03\\\/Base-asphalt-grey.jpg\",\"width\":2000,\"height\":2000},{\"@type\":\"BreadcrumbList\",\"@id\":\"https:\\\/\\\/www.piumacare.com\\\/fr\\\/product\\\/base-grey\\\/#breadcrumb\",\"itemListElement\":[{\"@type\":\"ListItem\",\"position\":1,\"name\":\"Home\",\"item\":\"https:\\\/\\\/www.piumacare.com\\\/fr\\\/accueil-fr\\\/\"},{\"@type\":\"ListItem\",\"position\":2,\"name\":\"Boutique\",\"item\":\"https:\\\/\\\/www.piumacare.com\\\/fr\\\/boutique\\\/\"},{\"@type\":\"ListItem\",\"position\":3,\"name\":\"Base Grey\"}]},{\"@type\":\"WebSite\",\"@id\":\"https:\\\/\\\/www.piumacare.com\\\/fr\\\/#website\",\"url\":\"https:\\\/\\\/www.piumacare.com\\\/fr\\\/\",\"name\":\"Piuma Care\",\"description\":\"La scienza del sorriso\",\"potentialAction\":[{\"@type\":\"SearchAction\",\"target\":{\"@type\":\"EntryPoint\",\"urlTemplate\":\"https:\\\/\\\/www.piumacare.com\\\/fr\\\/?s={search_term_string}\"},\"query-input\":{\"@type\":\"PropertyValueSpecification\",\"valueRequired\":true,\"valueName\":\"search_term_string\"}}],\"inLanguage\":\"fr-FR\"}]}<\/script>\n<!-- \/ Yoast SEO plugin. -->","yoast_head_json":{"title":"Base Calendrier Grey - Piuma Care","description":"La Base Calendrier Piuma est une solution brevet\u00e9e qui soutient votre brosse \u00e0 dents et vous aide \u00e0 savoir quand il est temps de la remplacer.","robots":{"index":"index","follow":"follow","max-snippet":"max-snippet:-1","max-image-preview":"max-image-preview:large","max-video-preview":"max-video-preview:-1"},"canonical":"https:\/\/www.piumacare.com\/fr\/product\/base-grey\/","og_locale":"fr_FR","og_type":"article","og_title":"Base Calendrier Grey - Piuma Care","og_description":"La Base Calendrier Piuma est une solution brevet\u00e9e qui soutient votre brosse \u00e0 dents et vous aide \u00e0 savoir quand il est temps de la remplacer.","og_url":"https:\/\/www.piumacare.com\/fr\/product\/base-grey\/","og_site_name":"Piuma Care","article_modified_time":"2025-04-22T16:02:03+00:00","og_image":[{"width":2000,"height":2000,"url":"https:\/\/www.piumacare.com\/wp-content\/uploads\/2025\/03\/Base-asphalt-grey.jpg","type":"image\/jpeg"}],"twitter_card":"summary_large_image","twitter_misc":{"Dur\u00e9e de lecture estim\u00e9e":"1 minute"},"schema":{"@context":"https:\/\/schema.org","@graph":[{"@type":"WebPage","@id":"https:\/\/www.piumacare.com\/fr\/product\/base-grey\/","url":"https:\/\/www.piumacare.com\/fr\/product\/base-grey\/","name":"Base Calendrier Grey - Piuma Care","isPartOf":{"@id":"https:\/\/www.piumacare.com\/fr\/#website"},"primaryImageOfPage":{"@id":"https:\/\/www.piumacare.com\/fr\/product\/base-grey\/#primaryimage"},"image":{"@id":"https:\/\/www.piumacare.com\/fr\/product\/base-grey\/#primaryimage"},"thumbnailUrl":"https:\/\/www.piumacare.com\/wp-content\/uploads\/2025\/03\/Base-asphalt-grey.jpg","datePublished":"2025-03-18T08:55:05+00:00","dateModified":"2025-04-22T16:02:03+00:00","description":"La Base Calendrier Piuma est une solution brevet\u00e9e qui soutient votre brosse \u00e0 dents et vous aide \u00e0 savoir quand il est temps de la remplacer.","breadcrumb":{"@id":"https:\/\/www.piumacare.com\/fr\/product\/base-grey\/#breadcrumb"},"inLanguage":"fr-FR","potentialAction":[{"@type":"ReadAction","target":["https:\/\/www.piumacare.com\/fr\/product\/base-grey\/"]}]},{"@type":"ImageObject","inLanguage":"fr-FR","@id":"https:\/\/www.piumacare.com\/fr\/product\/base-grey\/#primaryimage","url":"https:\/\/www.piumacare.com\/wp-content\/uploads\/2025\/03\/Base-asphalt-grey.jpg","contentUrl":"https:\/\/www.piumacare.com\/wp-content\/uploads\/2025\/03\/Base-asphalt-grey.jpg","width":2000,"height":2000},{"@type":"BreadcrumbList","@id":"https:\/\/www.piumacare.com\/fr\/product\/base-grey\/#breadcrumb","itemListElement":[{"@type":"ListItem","position":1,"name":"Home","item":"https:\/\/www.piumacare.com\/fr\/accueil-fr\/"},{"@type":"ListItem","position":2,"name":"Boutique","item":"https:\/\/www.piumacare.com\/fr\/boutique\/"},{"@type":"ListItem","position":3,"name":"Base Grey"}]},{"@type":"WebSite","@id":"https:\/\/www.piumacare.com\/fr\/#website","url":"https:\/\/www.piumacare.com\/fr\/","name":"Piuma Care","description":"La scienza del sorriso","potentialAction":[{"@type":"SearchAction","target":{"@type":"EntryPoint","urlTemplate":"https:\/\/www.piumacare.com\/fr\/?s={search_term_string}"},"query-input":{"@type":"PropertyValueSpecification","valueRequired":true,"valueName":"search_term_string"}}],"inLanguage":"fr-FR"}]}},"_links":{"self":[{"href":"https:\/\/www.piumacare.com\/fr\/wp-json\/wp\/v2\/product\/19542","targetHints":{"allow":["GET"]}}],"collection":[{"href":"https:\/\/www.piumacare.com\/fr\/wp-json\/wp\/v2\/product"}],"about":[{"href":"https:\/\/www.piumacare.com\/fr\/wp-json\/wp\/v2\/types\/product"}],"wp:featuredmedia":[{"embeddable":true,"href":"https:\/\/www.piumacare.com\/fr\/wp-json\/wp\/v2\/media\/19214"}],"wp:attachment":[{"href":"https:\/\/www.piumacare.com\/fr\/wp-json\/wp\/v2\/media?parent=19542"}],"wp:term":[{"taxonomy":"product_brand","embeddable":true,"href":"https:\/\/www.piumacare.com\/fr\/wp-json\/wp\/v2\/product_brand?post=19542"},{"taxonomy":"product_cat","embeddable":true,"href":"https:\/\/www.piumacare.com\/fr\/wp-json\/wp\/v2\/product_cat?post=19542"},{"taxonomy":"product_tag","embeddable":true,"href":"https:\/\/www.piumacare.com\/fr\/wp-json\/wp\/v2\/product_tag?post=19542"}],"curies":[{"name":"wp","href":"https:\/\/api.w.org\/{rel}","templated":true}]}}