{"id":2143,"date":"2021-07-12T14:51:24","date_gmt":"2021-07-12T12:51:24","guid":{"rendered":"https:\/\/piumacare.com\/product\/super-smilebox_black\/"},"modified":"2024-09-13T18:19:17","modified_gmt":"2024-09-13T16:19:17","slug":"super-smilebox_black","status":"publish","type":"product","link":"https:\/\/www.piumacare.com\/fr\/product\/super-smilebox_black\/","title":{"rendered":"Super SmileBox"},"content":{"rendered":"<div class=\"fusion-fullwidth fullwidth-box fusion-builder-row-1 fusion-flex-container hundred-percent-fullwidth non-hundred-percent-height-scrolling\" style=\"--awb-border-radius-top-left:0px;--awb-border-radius-top-right:0px;--awb-border-radius-bottom-right:0px;--awb-border-radius-bottom-left:0px;--awb-flex-wrap:wrap;\" ><div class=\"fusion-builder-row fusion-row fusion-flex-align-items-flex-start fusion-flex-justify-content-center fusion-flex-content-wrap\" style=\"width:104% !important;max-width:104% !important;margin-left: calc(-4% \/ 2 );margin-right: calc(-4% \/ 2 );\"><div class=\"fusion-layout-column fusion_builder_column fusion-builder-column-0 fusion_builder_column_1_1 1_1 fusion-flex-column\" style=\"--awb-bg-size:cover;--awb-width-large:100%;--awb-margin-top-large:0px;--awb-spacing-right-large:1.92%;--awb-margin-bottom-large:20px;--awb-spacing-left-large:1.92%;--awb-width-medium:100%;--awb-order-medium:0;--awb-spacing-right-medium:1.92%;--awb-spacing-left-medium:1.92%;--awb-width-small:100%;--awb-order-small:0;--awb-spacing-right-small:1.92%;--awb-spacing-left-small:1.92%;\"><div class=\"fusion-column-wrapper fusion-column-has-shadow fusion-flex-justify-content-flex-start fusion-content-layout-column\"><div class=\"accordian fusion-accordian\" style=\"--awb-border-size:1px;--awb-icon-size:13px;--awb-content-font-size:16px;--awb-icon-alignment:left;--awb-hover-color:#f9f9fb;--awb-border-color:#e2e2e2;--awb-background-color:#ffffff;--awb-divider-color:#e2e2e2;--awb-divider-hover-color:#e2e2e2;--awb-icon-color:#000000;--awb-title-color:#212934;--awb-content-color:#000000;--awb-icon-box-color:rgba(255,255,255,0);--awb-toggle-hover-accent-color:#898989;--awb-title-font-family:&quot;Manrope&quot;;--awb-title-font-weight:regular;--awb-title-font-style:normal;--awb-content-font-family:&quot;Manrope&quot;;--awb-content-font-style:normal;--awb-content-font-weight:regular;\"><div class=\"panel-group fusion-toggle-icon-boxed\" id=\"accordion-2143-1\"><div class=\"fusion-panel panel-default panel-b19bf0feb7669f22c fusion-toggle-has-divider\"><div class=\"panel-heading\"><h4 class=\"panel-title toggle\" id=\"toggle_b19bf0feb7669f22c\"><a aria-expanded=\"false\" aria-controls=\"b19bf0feb7669f22c\" role=\"button\" data-toggle=\"collapse\" data-parent=\"#accordion-2143-1\" data-target=\"#b19bf0feb7669f22c\" href=\"#b19bf0feb7669f22c\"><span class=\"fusion-toggle-icon-wrapper\" aria-hidden=\"true\"><i class=\"fa-fusion-box active-icon awb-icon-minus\" aria-hidden=\"true\"><\/i><i class=\"fa-fusion-box inactive-icon awb-icon-plus\" aria-hidden=\"true\"><\/i><\/span><span class=\"fusion-toggle-heading\">Les prix indiqu\u00e9s sur le site internet incluent-ils la TVA ?<\/span><\/a><\/h4><\/div><div id=\"b19bf0feb7669f22c\" class=\"panel-collapse collapse \" aria-labelledby=\"toggle_b19bf0feb7669f22c\"><div class=\"panel-body toggle-content fusion-clearfix\">\n<p>Oui, tous les prix incluent la TVA.<\/p>\n<\/div><\/div><\/div><div class=\"fusion-panel panel-default panel-749b3844b088c4a6d fusion-toggle-has-divider\"><div class=\"panel-heading\"><h4 class=\"panel-title toggle\" id=\"toggle_749b3844b088c4a6d\"><a aria-expanded=\"false\" aria-controls=\"749b3844b088c4a6d\" role=\"button\" data-toggle=\"collapse\" data-parent=\"#accordion-2143-1\" data-target=\"#749b3844b088c4a6d\" href=\"#749b3844b088c4a6d\"><span class=\"fusion-toggle-icon-wrapper\" aria-hidden=\"true\"><i class=\"fa-fusion-box active-icon awb-icon-minus\" aria-hidden=\"true\"><\/i><i class=\"fa-fusion-box inactive-icon awb-icon-plus\" aria-hidden=\"true\"><\/i><\/span><span class=\"fusion-toggle-heading\">Quelle est votre politique de remboursement et de retour ?<\/span><\/a><\/h4><\/div><div id=\"749b3844b088c4a6d\" class=\"panel-collapse collapse \" aria-labelledby=\"toggle_749b3844b088c4a6d\"><div class=\"panel-body toggle-content fusion-clearfix\">\n<p>Quelle est votre politique de remboursement et de retour ?<br \/>\nVous avez la possibilit\u00e9 de nous retourner tout article command\u00e9 dans les 30 jours suivant la date de r\u00e9ception.<br \/>\nLors du retour du ou des articles, veuillez les renvoyer dans leur emballage d&rsquo;origine, accompagn\u00e9s des accessoires et documents fournis, et joindre le formulaire de livraison. Nous vous recommandons de prendre toutes les pr\u00e9cautions possibles pour garantir l&rsquo;int\u00e9grit\u00e9 du produit retourn\u00e9.<br \/>\nLes articles non retourn\u00e9s, retourn\u00e9s incomplets, ab\u00eem\u00e9s, endommag\u00e9s, d\u00e9t\u00e9rior\u00e9s, sales ou dans tout autre \u00e9tat pouvant raisonnablement laisser penser qu&rsquo;ils ont \u00e9t\u00e9 utilis\u00e9s, ne seront pas rembours\u00e9s ou remplac\u00e9s, de m\u00eame que les articles scell\u00e9s qui ont \u00e9t\u00e9 ouverts apr\u00e8s la livraison, pour des raisons d&rsquo;hygi\u00e8ne ou de protection de la sant\u00e9.<\/p>\n<\/div><\/div><\/div><div class=\"fusion-panel panel-default panel-97c3fc5a190f42918 fusion-toggle-has-divider\"><div class=\"panel-heading\"><h4 class=\"panel-title toggle\" id=\"toggle_97c3fc5a190f42918\"><a aria-expanded=\"false\" aria-controls=\"97c3fc5a190f42918\" role=\"button\" data-toggle=\"collapse\" data-parent=\"#accordion-2143-1\" data-target=\"#97c3fc5a190f42918\" href=\"#97c3fc5a190f42918\"><span class=\"fusion-toggle-icon-wrapper\" aria-hidden=\"true\"><i class=\"fa-fusion-box active-icon awb-icon-minus\" aria-hidden=\"true\"><\/i><i class=\"fa-fusion-box inactive-icon awb-icon-plus\" aria-hidden=\"true\"><\/i><\/span><span class=\"fusion-toggle-heading\">D&#039;o\u00f9 viennent les produits PIUMA ?<\/span><\/a><\/h4><\/div><div id=\"97c3fc5a190f42918\" class=\"panel-collapse collapse \" aria-labelledby=\"toggle_97c3fc5a190f42918\"><div class=\"panel-body toggle-content fusion-clearfix\">\n<p>Les produits PIUMA sont con\u00e7us et fabriqu\u00e9s en Italie.<\/p>\n<\/div><\/div><\/div><div class=\"fusion-panel panel-default panel-dedecefab89cb798b fusion-toggle-has-divider\"><div class=\"panel-heading\"><h4 class=\"panel-title toggle\" id=\"toggle_dedecefab89cb798b\"><a aria-expanded=\"false\" aria-controls=\"dedecefab89cb798b\" role=\"button\" data-toggle=\"collapse\" data-parent=\"#accordion-2143-1\" data-target=\"#dedecefab89cb798b\" href=\"#dedecefab89cb798b\"><span class=\"fusion-toggle-icon-wrapper\" aria-hidden=\"true\"><i class=\"fa-fusion-box active-icon awb-icon-minus\" aria-hidden=\"true\"><\/i><i class=\"fa-fusion-box inactive-icon awb-icon-plus\" aria-hidden=\"true\"><\/i><\/span><span class=\"fusion-toggle-heading\">Quel type de brosse \u00e0 dents dois-je utiliser ?<\/span><\/a><\/h4><\/div><div id=\"dedecefab89cb798b\" class=\"panel-collapse collapse \" aria-labelledby=\"toggle_dedecefab89cb798b\"><div class=\"panel-body toggle-content fusion-clearfix\">\n<p>Une brosse \u00e0 dents \u00e0 poils m\u00e9diums convient \u00e0 ceux qui n&rsquo;ont pas les dents et les gencives sensibles, sinon nous recommandons une brosse \u00e0 dents \u00e0 poils souples.<\/p>\n<\/div><\/div><\/div><div class=\"fusion-panel panel-default panel-3dc557f1ec370a765 fusion-toggle-has-divider\"><div class=\"panel-heading\"><h4 class=\"panel-title toggle\" id=\"toggle_3dc557f1ec370a765\"><a aria-expanded=\"false\" aria-controls=\"3dc557f1ec370a765\" role=\"button\" data-toggle=\"collapse\" data-parent=\"#accordion-2143-1\" data-target=\"#3dc557f1ec370a765\" href=\"#3dc557f1ec370a765\"><span class=\"fusion-toggle-icon-wrapper\" aria-hidden=\"true\"><i class=\"fa-fusion-box active-icon awb-icon-minus\" aria-hidden=\"true\"><\/i><i class=\"fa-fusion-box inactive-icon awb-icon-plus\" aria-hidden=\"true\"><\/i><\/span><span class=\"fusion-toggle-heading\">\u00c0 quelle fr\u00e9quence dois-je changer ma brosse \u00e0 dents ?<\/span><\/a><\/h4><\/div><div id=\"3dc557f1ec370a765\" class=\"panel-collapse collapse \" aria-labelledby=\"toggle_3dc557f1ec370a765\"><div class=\"panel-body toggle-content fusion-clearfix\">\n<p>Nous vous recommandons de changer votre brosse \u00e0 dents tous les 3 mois. Nous avons mis en place un \u00ab\u00a0calendrier\u00a0\u00bb au dos de la station de base qui vous indique quand remplacer votre brosse \u00e0 dents.<\/p>\n<\/div><\/div><\/div><\/div><\/div><\/div><\/div><\/div><\/div>\n","protected":false},"excerpt":{"rendered":"<div class=\"info-description\">\n<div class=\"info-description\">\n<div class=\"info-description\">\n<div class=\"info-description\">\n<div class=\"info-description\">\n<p>Avec la Super Smile Box, vous apportez chez vous les \u00e9l\u00e9ments essentiels pour votre Smile Routine et, en plus&#8230; Vous faites des \u00e9conomies !<\/p>\n<p><strong>Qu&rsquo;est-ce que c\u2019est<\/strong>: LLa Super Smile Box contient le KIT BRUSH+BASE de votre couleur pr\u00e9f\u00e9r\u00e9e, le dentifrice anti-caries PURE WHITE, et le bain de bouche rafra\u00eechissant FRESH<\/p>\n<p><strong>Caract\u00e9ristiques<\/strong>:<\/p>\n<p><strong>Brush+Base Kit<\/strong><\/p>\n<ul>\n<li>Design innovant avec manche flexible<\/li>\n<li>Micro-poils en Tynex\u00ae d&rsquo;un diam\u00e8tre de 0,1 mm, extra d\u00e9licats, ergonomiques et arrondis, permettent \u00e0 Piuma Brush d&rsquo;atteindre les zones les plus profondes de la bouche<\/li>\n<li>T\u00eate effil\u00e9e pour atteindre tous les recoins de la bouche<\/li>\n<li>Gratte-langue pour une exp\u00e9rience multisensorielle qui garantit un excellent nettoyage de la langue<\/li>\n<li>La base calendrier vous permet de placer votre brosse \u00e0 dents sur n&rsquo;importe quelle surface. Son design brevet\u00e9 emp\u00eache l&rsquo;eau de s&rsquo;accumuler et le calendrier \u00e0 l&rsquo;int\u00e9rieur vous rappelle quand changer votre brosse \u00e0 dents<\/li>\n<\/ul>\n<p><strong>Dentifrice Pure White<\/strong><\/p>\n<ul>\n<li>Saveur de menthe fra\u00eeche<\/li>\n<li>Enrichi en vitamines A, B, C, c\u2018est un dentifrice antioxydant et protecteur efficace, id\u00e9al pour une hygi\u00e8ne correcte de la bouche<\/li>\n<li>Il nettoie les dents en profondeur, combat la formation de la plaque dentaire et, gr\u00e2ce \u00e0 l&rsquo;action du fluor, pr\u00e9vient l&rsquo;apparition des caries<\/li>\n<li>Test\u00e9 cliniquement sous contr\u00f4le odontologique<\/li>\n<\/ul>\n<p><strong>Inci:\u00a0<\/strong>Aqua, Hydrogenated Starch Hydrolysate, Hydrated Silica, PEG-32, Cellulose Gum, Aroma, Retinyl Acetate, Panthenol, Sodium Ascorbyl Phosphate, Sodium Lauryl Sulfate, Sodium Saccharin,Sodium Fluoride, Phenoxyethanol, Ethylhexylglycerin,CI 74260, Limonene<\/p>\n<p><strong>Bain de bouche Fresh<\/strong><\/p>\n<ul>\n<li>Bain de bouche anti-plaque et apaisant \u00e0 la menthe et \u00e0 l&rsquo;aloe Vera<\/li>\n<li>Il r\u00e9duit la charge bact\u00e9rienne de la cavit\u00e9 buccale et d\u00e9sinfecte les gencives<\/li>\n<li>Une haleine fra\u00eeche et durable au go\u00fbt de menthe<\/li>\n<li>La bouteille est en aluminium durable et est con\u00e7ue pour \u00eatre r\u00e9utilis\u00e9e une fois le produit termin\u00e9<\/li>\n<\/ul>\n<p><strong>Inci:\u00a0<\/strong>Aqua, Alcohol denat., Sorbitol, Glycerin, Polysorbate 20, Aroma, Cetylpyridinium chloride, Sodium saccharin, Aloe barbadensis leaf juice, 2-bromo-2-nitropropane-1,3-diol, CI 47005, CI 42051, Allantoin<\/p>\n<p><img decoding=\"async\" class=\"alignnone wp-image-8117\" src=\"https:\/\/www.piumacare.com\/wp-content\/uploads\/2021\/07\/Tavola-disegno-1-4.svg\" alt=\"\" width=\"241\" height=\"104\" \/><\/p>\n<p><strong>Extra<\/strong>: Vous y avez d\u00e9j\u00e0 pens\u00e9 ? La Smile Box est un cadeau parfait pour les personnes que vous aimez !<\/p>\n<p><strong>Note<\/strong>: Le capuchon est toujours inclus<\/p>\n<\/div>\n<\/div>\n<\/div>\n<\/div>\n<\/div>\n<p><span style=\"line-height: 52px; padding-right: 80px;\">Couleur<\/span><img decoding=\"async\" class=\"alignnone wp-image-8158\" src=\"https:\/\/www.piumacare.com\/wp-content\/uploads\/2021\/07\/icone_colore_Tavola-disegno-1.svg\" alt=\"\" width=\"55\" height=\"55\" \/><a href=\"https:\/\/piumacare.com\/fr\/product\/super-smilebox_grey\"><img decoding=\"async\" class=\"alignnone wp-image-8163\" src=\"https:\/\/www.piumacare.com\/wp-content\/uploads\/2021\/07\/icone_colore_Tavola-disegno-1-copia-3.svg\" alt=\"\" width=\"55\" height=\"55\" \/><\/a><a href=\"https:\/\/piumacare.com\/fr\/product\/super-smilebox_white\/\"><img decoding=\"async\" class=\"alignnone wp-image-8168\" src=\"https:\/\/www.piumacare.com\/wp-content\/uploads\/2021\/07\/icone_colore_Tavola-disegno-1-copia-5.svg\" alt=\"\" width=\"55\" height=\"55\" \/><\/a><\/p>\n","protected":false},"featured_media":1758,"template":"","meta":[],"product_brand":[],"product_cat":[95],"product_tag":[119],"class_list":{"0":"post-2143","1":"product","2":"type-product","3":"status-publish","4":"has-post-thumbnail","6":"product_cat-super-box-fr","7":"product_tag-perfect-black-fr","9":"first","10":"instock","11":"shipping-taxable","12":"purchasable","13":"product-type-variable","14":"has-default-attributes"},"yoast_head":"<!-- This site is optimized with the Yoast SEO plugin v27.3 - https:\/\/yoast.com\/product\/yoast-seo-wordpress\/ -->\n<title>Kit d&#039;hygi\u00e8ne bucco-dentaire Noire - Piuma Care<\/title>\n<meta name=\"description\" content=\"La Super Smile Box contient un kit d&#039;hygi\u00e8ne bucco-dentaire comprenant une brosse \u00e0 dents antibact\u00e9rienne, un dentifrice anti-caries et un bain de bouche rafra\u00eechissant PIUMA.\" \/>\n<meta name=\"robots\" content=\"index, follow, max-snippet:-1, max-image-preview:large, max-video-preview:-1\" \/>\n<link rel=\"canonical\" href=\"https:\/\/www.piumacare.com\/fr\/product\/super-smilebox_black\/\" \/>\n<meta property=\"og:locale\" content=\"fr_FR\" \/>\n<meta property=\"og:type\" content=\"article\" \/>\n<meta property=\"og:title\" content=\"Kit d&#039;hygi\u00e8ne bucco-dentaire Noire - Piuma Care\" \/>\n<meta property=\"og:description\" content=\"La Super Smile Box contient un kit d&#039;hygi\u00e8ne bucco-dentaire comprenant une brosse \u00e0 dents antibact\u00e9rienne, un dentifrice anti-caries et un bain de bouche rafra\u00eechissant PIUMA.\" \/>\n<meta property=\"og:url\" content=\"https:\/\/www.piumacare.com\/fr\/product\/super-smilebox_black\/\" \/>\n<meta property=\"og:site_name\" content=\"Piuma Care\" \/>\n<meta property=\"article:modified_time\" content=\"2024-09-13T16:19:17+00:00\" \/>\n<meta property=\"og:image\" content=\"https:\/\/www.piumacare.com\/wp-content\/uploads\/2021\/06\/Super_SmileBox.jpg\" \/>\n\t<meta property=\"og:image:width\" content=\"1000\" \/>\n\t<meta property=\"og:image:height\" content=\"1000\" \/>\n\t<meta property=\"og:image:type\" content=\"image\/jpeg\" \/>\n<meta name=\"twitter:card\" content=\"summary_large_image\" \/>\n<meta name=\"twitter:label1\" content=\"Dur\u00e9e de lecture estim\u00e9e\" \/>\n\t<meta name=\"twitter:data1\" content=\"5 minutes\" \/>\n<script type=\"application\/ld+json\" class=\"yoast-schema-graph\">{\"@context\":\"https:\\\/\\\/schema.org\",\"@graph\":[{\"@type\":\"WebPage\",\"@id\":\"https:\\\/\\\/www.piumacare.com\\\/fr\\\/product\\\/super-smilebox_black\\\/\",\"url\":\"https:\\\/\\\/www.piumacare.com\\\/fr\\\/product\\\/super-smilebox_black\\\/\",\"name\":\"Kit d'hygi\u00e8ne bucco-dentaire Noire - Piuma Care\",\"isPartOf\":{\"@id\":\"https:\\\/\\\/www.piumacare.com\\\/fr\\\/#website\"},\"primaryImageOfPage\":{\"@id\":\"https:\\\/\\\/www.piumacare.com\\\/fr\\\/product\\\/super-smilebox_black\\\/#primaryimage\"},\"image\":{\"@id\":\"https:\\\/\\\/www.piumacare.com\\\/fr\\\/product\\\/super-smilebox_black\\\/#primaryimage\"},\"thumbnailUrl\":\"https:\\\/\\\/www.piumacare.com\\\/wp-content\\\/uploads\\\/2021\\\/06\\\/Super_SmileBox.jpg\",\"datePublished\":\"2021-07-12T12:51:24+00:00\",\"dateModified\":\"2024-09-13T16:19:17+00:00\",\"description\":\"La Super Smile Box contient un kit d'hygi\u00e8ne bucco-dentaire comprenant une brosse \u00e0 dents antibact\u00e9rienne, un dentifrice anti-caries et un bain de bouche rafra\u00eechissant PIUMA.\",\"breadcrumb\":{\"@id\":\"https:\\\/\\\/www.piumacare.com\\\/fr\\\/product\\\/super-smilebox_black\\\/#breadcrumb\"},\"inLanguage\":\"fr-FR\",\"potentialAction\":[{\"@type\":\"ReadAction\",\"target\":[\"https:\\\/\\\/www.piumacare.com\\\/fr\\\/product\\\/super-smilebox_black\\\/\"]}]},{\"@type\":\"ImageObject\",\"inLanguage\":\"fr-FR\",\"@id\":\"https:\\\/\\\/www.piumacare.com\\\/fr\\\/product\\\/super-smilebox_black\\\/#primaryimage\",\"url\":\"https:\\\/\\\/www.piumacare.com\\\/wp-content\\\/uploads\\\/2021\\\/06\\\/Super_SmileBox.jpg\",\"contentUrl\":\"https:\\\/\\\/www.piumacare.com\\\/wp-content\\\/uploads\\\/2021\\\/06\\\/Super_SmileBox.jpg\",\"width\":1000,\"height\":1000,\"caption\":\"Contenuto Super Smile Box di Piuma Care\"},{\"@type\":\"BreadcrumbList\",\"@id\":\"https:\\\/\\\/www.piumacare.com\\\/fr\\\/product\\\/super-smilebox_black\\\/#breadcrumb\",\"itemListElement\":[{\"@type\":\"ListItem\",\"position\":1,\"name\":\"Home\",\"item\":\"https:\\\/\\\/www.piumacare.com\\\/fr\\\/accueil-fr\\\/\"},{\"@type\":\"ListItem\",\"position\":2,\"name\":\"Boutique\",\"item\":\"https:\\\/\\\/www.piumacare.com\\\/fr\\\/boutique\\\/\"},{\"@type\":\"ListItem\",\"position\":3,\"name\":\"Super SmileBox\"}]},{\"@type\":\"WebSite\",\"@id\":\"https:\\\/\\\/www.piumacare.com\\\/fr\\\/#website\",\"url\":\"https:\\\/\\\/www.piumacare.com\\\/fr\\\/\",\"name\":\"Piuma Care\",\"description\":\"La scienza del sorriso\",\"potentialAction\":[{\"@type\":\"SearchAction\",\"target\":{\"@type\":\"EntryPoint\",\"urlTemplate\":\"https:\\\/\\\/www.piumacare.com\\\/fr\\\/?s={search_term_string}\"},\"query-input\":{\"@type\":\"PropertyValueSpecification\",\"valueRequired\":true,\"valueName\":\"search_term_string\"}}],\"inLanguage\":\"fr-FR\"}]}<\/script>\n<!-- \/ Yoast SEO plugin. -->","yoast_head_json":{"title":"Kit d'hygi\u00e8ne bucco-dentaire Noire - Piuma Care","description":"La Super Smile Box contient un kit d'hygi\u00e8ne bucco-dentaire comprenant une brosse \u00e0 dents antibact\u00e9rienne, un dentifrice anti-caries et un bain de bouche rafra\u00eechissant PIUMA.","robots":{"index":"index","follow":"follow","max-snippet":"max-snippet:-1","max-image-preview":"max-image-preview:large","max-video-preview":"max-video-preview:-1"},"canonical":"https:\/\/www.piumacare.com\/fr\/product\/super-smilebox_black\/","og_locale":"fr_FR","og_type":"article","og_title":"Kit d'hygi\u00e8ne bucco-dentaire Noire - Piuma Care","og_description":"La Super Smile Box contient un kit d'hygi\u00e8ne bucco-dentaire comprenant une brosse \u00e0 dents antibact\u00e9rienne, un dentifrice anti-caries et un bain de bouche rafra\u00eechissant PIUMA.","og_url":"https:\/\/www.piumacare.com\/fr\/product\/super-smilebox_black\/","og_site_name":"Piuma Care","article_modified_time":"2024-09-13T16:19:17+00:00","og_image":[{"width":1000,"height":1000,"url":"https:\/\/www.piumacare.com\/wp-content\/uploads\/2021\/06\/Super_SmileBox.jpg","type":"image\/jpeg"}],"twitter_card":"summary_large_image","twitter_misc":{"Dur\u00e9e de lecture estim\u00e9e":"5 minutes"},"schema":{"@context":"https:\/\/schema.org","@graph":[{"@type":"WebPage","@id":"https:\/\/www.piumacare.com\/fr\/product\/super-smilebox_black\/","url":"https:\/\/www.piumacare.com\/fr\/product\/super-smilebox_black\/","name":"Kit d'hygi\u00e8ne bucco-dentaire Noire - Piuma Care","isPartOf":{"@id":"https:\/\/www.piumacare.com\/fr\/#website"},"primaryImageOfPage":{"@id":"https:\/\/www.piumacare.com\/fr\/product\/super-smilebox_black\/#primaryimage"},"image":{"@id":"https:\/\/www.piumacare.com\/fr\/product\/super-smilebox_black\/#primaryimage"},"thumbnailUrl":"https:\/\/www.piumacare.com\/wp-content\/uploads\/2021\/06\/Super_SmileBox.jpg","datePublished":"2021-07-12T12:51:24+00:00","dateModified":"2024-09-13T16:19:17+00:00","description":"La Super Smile Box contient un kit d'hygi\u00e8ne bucco-dentaire comprenant une brosse \u00e0 dents antibact\u00e9rienne, un dentifrice anti-caries et un bain de bouche rafra\u00eechissant PIUMA.","breadcrumb":{"@id":"https:\/\/www.piumacare.com\/fr\/product\/super-smilebox_black\/#breadcrumb"},"inLanguage":"fr-FR","potentialAction":[{"@type":"ReadAction","target":["https:\/\/www.piumacare.com\/fr\/product\/super-smilebox_black\/"]}]},{"@type":"ImageObject","inLanguage":"fr-FR","@id":"https:\/\/www.piumacare.com\/fr\/product\/super-smilebox_black\/#primaryimage","url":"https:\/\/www.piumacare.com\/wp-content\/uploads\/2021\/06\/Super_SmileBox.jpg","contentUrl":"https:\/\/www.piumacare.com\/wp-content\/uploads\/2021\/06\/Super_SmileBox.jpg","width":1000,"height":1000,"caption":"Contenuto Super Smile Box di Piuma Care"},{"@type":"BreadcrumbList","@id":"https:\/\/www.piumacare.com\/fr\/product\/super-smilebox_black\/#breadcrumb","itemListElement":[{"@type":"ListItem","position":1,"name":"Home","item":"https:\/\/www.piumacare.com\/fr\/accueil-fr\/"},{"@type":"ListItem","position":2,"name":"Boutique","item":"https:\/\/www.piumacare.com\/fr\/boutique\/"},{"@type":"ListItem","position":3,"name":"Super SmileBox"}]},{"@type":"WebSite","@id":"https:\/\/www.piumacare.com\/fr\/#website","url":"https:\/\/www.piumacare.com\/fr\/","name":"Piuma Care","description":"La scienza del sorriso","potentialAction":[{"@type":"SearchAction","target":{"@type":"EntryPoint","urlTemplate":"https:\/\/www.piumacare.com\/fr\/?s={search_term_string}"},"query-input":{"@type":"PropertyValueSpecification","valueRequired":true,"valueName":"search_term_string"}}],"inLanguage":"fr-FR"}]}},"_links":{"self":[{"href":"https:\/\/www.piumacare.com\/fr\/wp-json\/wp\/v2\/product\/2143","targetHints":{"allow":["GET"]}}],"collection":[{"href":"https:\/\/www.piumacare.com\/fr\/wp-json\/wp\/v2\/product"}],"about":[{"href":"https:\/\/www.piumacare.com\/fr\/wp-json\/wp\/v2\/types\/product"}],"wp:featuredmedia":[{"embeddable":true,"href":"https:\/\/www.piumacare.com\/fr\/wp-json\/wp\/v2\/media\/1758"}],"wp:attachment":[{"href":"https:\/\/www.piumacare.com\/fr\/wp-json\/wp\/v2\/media?parent=2143"}],"wp:term":[{"taxonomy":"product_brand","embeddable":true,"href":"https:\/\/www.piumacare.com\/fr\/wp-json\/wp\/v2\/product_brand?post=2143"},{"taxonomy":"product_cat","embeddable":true,"href":"https:\/\/www.piumacare.com\/fr\/wp-json\/wp\/v2\/product_cat?post=2143"},{"taxonomy":"product_tag","embeddable":true,"href":"https:\/\/www.piumacare.com\/fr\/wp-json\/wp\/v2\/product_tag?post=2143"}],"curies":[{"name":"wp","href":"https:\/\/api.w.org\/{rel}","templated":true}]}}