{"id":21644,"date":"2026-03-06T12:48:54","date_gmt":"2026-03-06T11:48:54","guid":{"rendered":"https:\/\/www.piumacare.com\/?post_type=product&#038;p=21644"},"modified":"2026-03-27T10:15:34","modified_gmt":"2026-03-27T09:15:34","slug":"sally-brown","status":"publish","type":"product","link":"https:\/\/www.piumacare.com\/fr\/product\/sally-brown\/","title":{"rendered":"Sally Brown"},"content":{"rendered":"<div class=\"fusion-fullwidth fullwidth-box fusion-builder-row-1 fusion-flex-container hundred-percent-fullwidth non-hundred-percent-height-scrolling\" style=\"--awb-border-radius-top-left:0px;--awb-border-radius-top-right:0px;--awb-border-radius-bottom-right:0px;--awb-border-radius-bottom-left:0px;--awb-flex-wrap:wrap;\" ><div class=\"fusion-builder-row fusion-row fusion-flex-align-items-flex-start fusion-flex-justify-content-center fusion-flex-content-wrap\" style=\"width:104% !important;max-width:104% !important;margin-left: calc(-4% \/ 2 );margin-right: calc(-4% \/ 2 );\"><div class=\"fusion-layout-column fusion_builder_column fusion-builder-column-0 fusion_builder_column_1_1 1_1 fusion-flex-column\" style=\"--awb-bg-size:cover;--awb-width-large:100%;--awb-margin-top-large:0px;--awb-spacing-right-large:1.92%;--awb-margin-bottom-large:20px;--awb-spacing-left-large:1.92%;--awb-width-medium:100%;--awb-order-medium:0;--awb-spacing-right-medium:1.92%;--awb-spacing-left-medium:1.92%;--awb-width-small:100%;--awb-order-small:0;--awb-spacing-right-small:1.92%;--awb-spacing-left-small:1.92%;\"><div class=\"fusion-column-wrapper fusion-column-has-shadow fusion-flex-justify-content-flex-start fusion-content-layout-column\"><div class=\"accordian fusion-accordian\" style=\"--awb-border-size:1px;--awb-icon-size:13px;--awb-content-font-size:16px;--awb-icon-alignment:left;--awb-hover-color:#f9f9fb;--awb-border-color:#e2e2e2;--awb-background-color:#ffffff;--awb-divider-color:#e2e2e2;--awb-divider-hover-color:#e2e2e2;--awb-icon-color:#000000;--awb-title-color:#212934;--awb-content-color:#000000;--awb-icon-box-color:rgba(255,255,255,0);--awb-toggle-hover-accent-color:#898989;--awb-title-font-family:&quot;Manrope&quot;;--awb-title-font-weight:regular;--awb-title-font-style:normal;--awb-content-font-family:&quot;Manrope&quot;;--awb-content-font-style:normal;--awb-content-font-weight:regular;\"><div class=\"panel-group fusion-toggle-icon-boxed\" id=\"accordion-21644-1\"><div class=\"fusion-panel panel-default panel-a3027fea6968ed02e fusion-toggle-has-divider\"><div class=\"panel-heading\"><h4 class=\"panel-title toggle\" id=\"toggle_a3027fea6968ed02e\"><a aria-expanded=\"false\" aria-controls=\"a3027fea6968ed02e\" role=\"button\" data-toggle=\"collapse\" data-parent=\"#accordion-21644-1\" data-target=\"#a3027fea6968ed02e\" href=\"#a3027fea6968ed02e\"><span class=\"fusion-toggle-icon-wrapper\" aria-hidden=\"true\"><i class=\"fa-fusion-box active-icon awb-icon-minus\" aria-hidden=\"true\"><\/i><i class=\"fa-fusion-box inactive-icon awb-icon-plus\" aria-hidden=\"true\"><\/i><\/span><span class=\"fusion-toggle-heading\">Les prix indiqu\u00e9s sur le site internet incluent-ils la TVA ?<\/span><\/a><\/h4><\/div><div id=\"a3027fea6968ed02e\" class=\"panel-collapse collapse \" aria-labelledby=\"toggle_a3027fea6968ed02e\"><div class=\"panel-body toggle-content fusion-clearfix\">\n<p>Oui, tous les prix incluent la TVA.<\/p>\n<\/div><\/div><\/div><div class=\"fusion-panel panel-default panel-25cdf5e5895b5ee90 fusion-toggle-has-divider\"><div class=\"panel-heading\"><h4 class=\"panel-title toggle\" id=\"toggle_25cdf5e5895b5ee90\"><a aria-expanded=\"false\" aria-controls=\"25cdf5e5895b5ee90\" role=\"button\" data-toggle=\"collapse\" data-parent=\"#accordion-21644-1\" data-target=\"#25cdf5e5895b5ee90\" href=\"#25cdf5e5895b5ee90\"><span class=\"fusion-toggle-icon-wrapper\" aria-hidden=\"true\"><i class=\"fa-fusion-box active-icon awb-icon-minus\" aria-hidden=\"true\"><\/i><i class=\"fa-fusion-box inactive-icon awb-icon-plus\" aria-hidden=\"true\"><\/i><\/span><span class=\"fusion-toggle-heading\">Quelle est votre politique de remboursement et de retour ?<\/span><\/a><\/h4><\/div><div id=\"25cdf5e5895b5ee90\" class=\"panel-collapse collapse \" aria-labelledby=\"toggle_25cdf5e5895b5ee90\"><div class=\"panel-body toggle-content fusion-clearfix\">\n<p>Vous avez la possibilit\u00e9 de nous retourner tout article command\u00e9 dans les 30 jours suivant la date de r\u00e9ception.<br \/>\nLors du retour du ou des articles, veuillez les renvoyer dans leur emballage d\u2019origine, accompagn\u00e9s des accessoires et documents fournis, et joindre le formulaire de livraison. Nous vous recommandons de prendre toutes les pr\u00e9cautions possibles pour garantir l\u2019int\u00e9grit\u00e9 du produit retourn\u00e9.<br \/>\nLes articles non retourn\u00e9s, retourn\u00e9s incomplets, ab\u00eem\u00e9s, endommag\u00e9s, d\u00e9t\u00e9rior\u00e9s, sales ou dans tout autre \u00e9tat pouvant raisonnablement laisser penser qu\u2019ils ont \u00e9t\u00e9 utilis\u00e9s, ne seront pas rembours\u00e9s ou remplac\u00e9s, de m\u00eame que les articles scell\u00e9s qui ont \u00e9t\u00e9 ouverts apr\u00e8s la livraison, pour des raisons d\u2019hygi\u00e8ne ou de protection de la sant\u00e9.<\/p>\n<\/div><\/div><\/div><div class=\"fusion-panel panel-default panel-4d8a03d8b9bbbb425 fusion-toggle-has-divider\"><div class=\"panel-heading\"><h4 class=\"panel-title toggle\" id=\"toggle_4d8a03d8b9bbbb425\"><a aria-expanded=\"false\" aria-controls=\"4d8a03d8b9bbbb425\" role=\"button\" data-toggle=\"collapse\" data-parent=\"#accordion-21644-1\" data-target=\"#4d8a03d8b9bbbb425\" href=\"#4d8a03d8b9bbbb425\"><span class=\"fusion-toggle-icon-wrapper\" aria-hidden=\"true\"><i class=\"fa-fusion-box active-icon awb-icon-minus\" aria-hidden=\"true\"><\/i><i class=\"fa-fusion-box inactive-icon awb-icon-plus\" aria-hidden=\"true\"><\/i><\/span><span class=\"fusion-toggle-heading\">D'o\u00f9 viennent les produits PIUMA ?<\/span><\/a><\/h4><\/div><div id=\"4d8a03d8b9bbbb425\" class=\"panel-collapse collapse \" aria-labelledby=\"toggle_4d8a03d8b9bbbb425\"><div class=\"panel-body toggle-content fusion-clearfix\">\n<p>Les produits PIUMA sont con\u00e7us et fabriqu\u00e9s en Italie.<\/p>\n<\/div><\/div><\/div><div class=\"fusion-panel panel-default panel-88572d0be0ac8f499 fusion-toggle-has-divider\"><div class=\"panel-heading\"><h4 class=\"panel-title toggle\" id=\"toggle_88572d0be0ac8f499\"><a aria-expanded=\"false\" aria-controls=\"88572d0be0ac8f499\" role=\"button\" data-toggle=\"collapse\" data-parent=\"#accordion-21644-1\" data-target=\"#88572d0be0ac8f499\" href=\"#88572d0be0ac8f499\"><span class=\"fusion-toggle-icon-wrapper\" aria-hidden=\"true\"><i class=\"fa-fusion-box active-icon awb-icon-minus\" aria-hidden=\"true\"><\/i><i class=\"fa-fusion-box inactive-icon awb-icon-plus\" aria-hidden=\"true\"><\/i><\/span><span class=\"fusion-toggle-heading\">Quel type de brosse \u00e0 dents dois-je utiliser ?<\/span><\/a><\/h4><\/div><div id=\"88572d0be0ac8f499\" class=\"panel-collapse collapse \" aria-labelledby=\"toggle_88572d0be0ac8f499\"><div class=\"panel-body toggle-content fusion-clearfix\">\n<p>Une brosse \u00e0 dents \u00e0 poils m\u00e9diums convient \u00e0 ceux qui n\u2019ont pas les dents et les gencives sensibles, sinon nous recommandons une brosse \u00e0 dents \u00e0 poils souples.<\/p>\n<\/div><\/div><\/div><div class=\"fusion-panel panel-default panel-823ee05f24778223b fusion-toggle-has-divider\"><div class=\"panel-heading\"><h4 class=\"panel-title toggle\" id=\"toggle_823ee05f24778223b\"><a aria-expanded=\"false\" aria-controls=\"823ee05f24778223b\" role=\"button\" data-toggle=\"collapse\" data-parent=\"#accordion-21644-1\" data-target=\"#823ee05f24778223b\" href=\"#823ee05f24778223b\"><span class=\"fusion-toggle-icon-wrapper\" aria-hidden=\"true\"><i class=\"fa-fusion-box active-icon awb-icon-minus\" aria-hidden=\"true\"><\/i><i class=\"fa-fusion-box inactive-icon awb-icon-plus\" aria-hidden=\"true\"><\/i><\/span><span class=\"fusion-toggle-heading\">\u00c0 quelle fr\u00e9quence dois-je changer ma brosse \u00e0 dents ?<\/span><\/a><\/h4><\/div><div id=\"823ee05f24778223b\" class=\"panel-collapse collapse \" aria-labelledby=\"toggle_823ee05f24778223b\"><div class=\"panel-body toggle-content fusion-clearfix\">\n<p>Nous vous recommandons de changer votre brosse \u00e0 dents tous les 3 mois. Nous avons mis en place un \u00ab\u00a0calendrier\u00a0\u00bb au dos de la station de base qui vous indique quand remplacer votre brosse \u00e0 dents.<\/p>\n<\/div><\/div><\/div><\/div><\/div><\/div><\/div><\/div><\/div>\n","protected":false},"excerpt":{"rendered":"<p>Ajoutez une touche de douceur raffin\u00e9e \u00e0 votre rituel beaut\u00e9 quotidien avec l\u2019exclusive brosse \u00e0 dents antibact\u00e9rienne de <strong>Sally Brown<\/strong>. Pens\u00e9e pour celles et ceux qui recherchent des r\u00e9sultats impeccables et un sourire radieux \u00e0 travers un geste simple, harmonieux et plein de style. Le secret pour briller chaque jour r\u00e9side dans une hygi\u00e8ne profonde qui ne renonce pas \u00e0 la d\u00e9licatesse, refl\u00e9tant la philosophie di chi vive la vie avec spontan\u00e9it\u00e9 et une pointe de pragmatisme enchant\u00e9.  <\/p>\n<p><strong>Collectionnez-les toutes<\/strong> : d\u00e9couvrez les 5 diff\u00e9rentes phrases iconiques de Sally cach\u00e9es sur le manche et transformez votre r\u00e9veil en un premier pas vers une journ\u00e9e pleine de lumi\u00e8re et de petits, grands d\u00e9sirs r\u00e9alis\u00e9s.<\/p>\n[fusion_accordion type=\"\" inactive_icon=\"fa-angle-down fas\" active_icon=\"fa-angle-up fas\" margin_top=\"\" margin_bottom=\"20px\" hide_on_mobile=\"small-visibility,medium-visibility,large-visibility\" class=\"\" id=\"\" boxed_mode=\"\" border_size=\"1\" border_color=\"\" hue=\"\" saturation=\"\" lightness=\"\" alpha=\"\" hover_color=\"\" background_color=\"\" divider_line=\"no\" divider_hover_color=\"\" divider_color=\"\" padding_top=\"\" padding_right=\"\" padding_bottom=\"\" padding_left=\"\" title_tag=\"h4\" fusion_font_family_title_font=\"Manrope\" fusion_font_variant_title_font=\"400\" title_font_size=\"15px\" title_line_height=\"1.5\" title_letter_spacing=\"\" title_text_transform=\"\" title_color=\"var(--awb-color6)\" icon_size=\"12\" icon_color=\"var(--awb-color5)\" icon_boxed_mode=\"no\" icon_box_color=\"\" icon_alignment=\"\" fusion_font_family_content_font=\"Manrope\" fusion_font_variant_content_font=\"400\" content_font_size=\"13\" content_line_height=\"1.3\" content_letter_spacing=\"\" content_text_transform=\"\" content_color=\"var(--awb-color6)\" toggle_hover_accent_color=\"#0093b5\" toggle_active_accent_color=\"var(--awb-color8)\" parent_dynamic_content=\"\"][fusion_toggle title=\"en savoir plus\" open=\"no\" awb-switch-editor-focus=\"\" class=\"\" id=\"\" fusion_font_family_title_font=\"Manrope\" fusion_font_variant_title_font=\"400\" title_font_size=\"13px\" title_line_height=\"1.3\" title_letter_spacing=\"\" title_text_transform=\"\" title_color=\"var(--awb-color8)\" hue=\"\" saturation=\"\" lightness=\"\" alpha=\"\" fusion_font_family_content_font=\"Manrope\" fusion_font_variant_content_font=\"400\" content_font_size=\"13px\" content_line_height=\"1.3\" content_letter_spacing=\"\" content_text_transform=\"\" content_color=\"var(--awb-color6)\"]<br \/>\n<b>Principaux avantages<\/b><br \/>\n<b>\u2714 Setole antibact\u00e9riennes<\/b> \u2013 Luttent contre la prolif\u00e9ration des bact\u00e9ries pour une hygi\u00e8ne bucco-dentaire profonde et durable.<br \/>\n<b>\u2714 Design innovant et flexible<\/b> \u2013 Manche ergonomique pour une prise en main confortable et un nettoyage efficace.<br \/>\n<b>\u2714 Nettoie-langue int\u00e9gr\u00e9<\/b> \u2013 Pour une fra\u00eecheur prolong\u00e9e et une hygi\u00e8ne buccale compl\u00e8te.<br \/>\n<b>\u2714 Vegan, cruelty-free, Made in Italy<\/b> \u2013 Qualit\u00e9 et durabilit\u00e9 en un seul produit.<\/p>\n<p style=\"font-weight: 400;\"><b>Extras inclus<\/b><br \/>\n<strong>\u2714 Conditionn\u00e9 sous atmosph\u00e8re contr\u00f4l\u00e9e<\/strong> pour garantir une hygi\u00e8ne maximale.<br \/>\n<strong>\u2714 Prot\u00e8ge-setole inclus<\/strong> pour prot\u00e9ger les setole des contaminations.<\/p>\n<p>[\/fusion_toggle][\/fusion_accordion]\n<p><strong>Poils<\/strong>: Soft<br \/>\nCouleur : Rose Poudr\u00e9<\/p>\n<p><a href=\"https:\/\/www.piumacare.com\/fr\/product\/lucy-van-pelt\/\"><img decoding=\"async\" class=\"alignnone wp-image-8178\" src=\"https:\/\/www.piumacare.com\/wp-content\/uploads\/2025\/03\/icone_colore_PERFECT-BLACK.svg\" alt=\"Lucy Van Pelt\" width=\"40\" height=\"40\"><\/a> <a href=\"https:\/\/www.piumacare.com\/fr\/product\/snoopy\/\"><img decoding=\"async\" class=\"alignnone wp-image-8163\" src=\"https:\/\/www.piumacare.com\/wp-content\/uploads\/2025\/03\/icone_colore_ASPHALT-GREY.svg\" alt=\"\" width=\"40\" height=\"40\"><\/a><a href=\"https:\/\/www.piumacare.com\/fr\/product\/linus-van-pelt\/\"><img decoding=\"async\" class=\"alignnone wp-image-8168\" src=\"https:\/\/www.piumacare.com\/wp-content\/uploads\/2025\/03\/icone_colore_PURE-WHITE.svg\" alt=\"\" width=\"40\" height=\"40\"><\/a><img decoding=\"async\" class=\"alignnone wp-image-8193\" src=\"https:\/\/www.piumacare.com\/wp-content\/uploads\/2025\/03\/icona_colore_NUDE_act.svg\" alt=\"\" width=\"40\" height=\"40\"><a href=\"https:\/\/www.piumacare.com\/fr\/product\/charlie-brown\/\"><img decoding=\"async\" class=\"alignnone wp-image-8193\" src=\"https:\/\/www.piumacare.com\/wp-content\/uploads\/2026\/03\/icone_colore_ROSSO.svg\" alt=\"\" width=\"40\" height=\"40\"><\/a><\/p>\n","protected":false},"featured_media":21669,"template":"","meta":[],"product_brand":[],"product_cat":[494,597],"product_tag":[237,462],"class_list":{"0":"post-21644","1":"product","2":"type-product","3":"status-publish","4":"has-post-thumbnail","6":"product_cat-poils-souples-antibacteriend","7":"product_cat-t-brush-peantus","8":"product_tag-nude-rose-fr","9":"product_tag-refill-fr","11":"first","12":"instock","13":"sale","14":"shipping-taxable","15":"purchasable","16":"product-type-simple"},"yoast_head":"<!-- This site is optimized with the Yoast SEO plugin v27.4 - https:\/\/yoast.com\/product\/yoast-seo-wordpress\/ -->\n<title>Brosse \u00e0 dents antibact\u00e9rienne Sally Brown - Peanuts - Piuma Care<\/title>\n<meta name=\"description\" content=\"Brosse \u00e0 dents antibact\u00e9rienne de Sally pens\u00e9e pour ceux qui d\u00e9sirent des r\u00e9sultats impeccables et un sourire radieux par un geste simple et styl\u00e9.\" \/>\n<meta name=\"robots\" content=\"index, follow, max-snippet:-1, max-image-preview:large, max-video-preview:-1\" \/>\n<link rel=\"canonical\" href=\"https:\/\/www.piumacare.com\/fr\/product\/sally-brown\/\" \/>\n<meta property=\"og:locale\" content=\"fr_FR\" \/>\n<meta property=\"og:type\" content=\"article\" \/>\n<meta property=\"og:title\" content=\"Brosse \u00e0 dents antibact\u00e9rienne Sally Brown - Peanuts - Piuma Care\" \/>\n<meta property=\"og:description\" content=\"Brosse \u00e0 dents antibact\u00e9rienne de Sally pens\u00e9e pour ceux qui d\u00e9sirent des r\u00e9sultats impeccables et un sourire radieux par un geste simple et styl\u00e9.\" \/>\n<meta property=\"og:url\" content=\"https:\/\/www.piumacare.com\/fr\/product\/sally-brown\/\" \/>\n<meta property=\"og:site_name\" content=\"Piuma Care\" \/>\n<meta property=\"article:modified_time\" content=\"2026-03-27T09:15:34+00:00\" \/>\n<meta property=\"og:image\" content=\"https:\/\/www.piumacare.com\/wp-content\/uploads\/2026\/03\/2-3.png\" \/>\n\t<meta property=\"og:image:width\" content=\"1590\" \/>\n\t<meta property=\"og:image:height\" content=\"1080\" \/>\n\t<meta property=\"og:image:type\" content=\"image\/png\" \/>\n<meta name=\"twitter:card\" content=\"summary_large_image\" \/>\n<meta name=\"twitter:label1\" content=\"Dur\u00e9e de lecture estim\u00e9e\" \/>\n\t<meta name=\"twitter:data1\" content=\"2 minutes\" \/>\n<script type=\"application\/ld+json\" class=\"yoast-schema-graph\">{\"@context\":\"https:\\\/\\\/schema.org\",\"@graph\":[{\"@type\":\"WebPage\",\"@id\":\"https:\\\/\\\/www.piumacare.com\\\/fr\\\/product\\\/sally-brown\\\/\",\"url\":\"https:\\\/\\\/www.piumacare.com\\\/fr\\\/product\\\/sally-brown\\\/\",\"name\":\"Brosse \u00e0 dents antibact\u00e9rienne Sally Brown - Peanuts - Piuma Care\",\"isPartOf\":{\"@id\":\"https:\\\/\\\/www.piumacare.com\\\/fr\\\/#website\"},\"primaryImageOfPage\":{\"@id\":\"https:\\\/\\\/www.piumacare.com\\\/fr\\\/product\\\/sally-brown\\\/#primaryimage\"},\"image\":{\"@id\":\"https:\\\/\\\/www.piumacare.com\\\/fr\\\/product\\\/sally-brown\\\/#primaryimage\"},\"thumbnailUrl\":\"https:\\\/\\\/www.piumacare.com\\\/wp-content\\\/uploads\\\/2026\\\/03\\\/2-3.png\",\"datePublished\":\"2026-03-06T11:48:54+00:00\",\"dateModified\":\"2026-03-27T09:15:34+00:00\",\"description\":\"Brosse \u00e0 dents antibact\u00e9rienne de Sally pens\u00e9e pour ceux qui d\u00e9sirent des r\u00e9sultats impeccables et un sourire radieux par un geste simple et styl\u00e9.\",\"breadcrumb\":{\"@id\":\"https:\\\/\\\/www.piumacare.com\\\/fr\\\/product\\\/sally-brown\\\/#breadcrumb\"},\"inLanguage\":\"fr-FR\",\"potentialAction\":[{\"@type\":\"ReadAction\",\"target\":[\"https:\\\/\\\/www.piumacare.com\\\/fr\\\/product\\\/sally-brown\\\/\"]}]},{\"@type\":\"ImageObject\",\"inLanguage\":\"fr-FR\",\"@id\":\"https:\\\/\\\/www.piumacare.com\\\/fr\\\/product\\\/sally-brown\\\/#primaryimage\",\"url\":\"https:\\\/\\\/www.piumacare.com\\\/wp-content\\\/uploads\\\/2026\\\/03\\\/2-3.png\",\"contentUrl\":\"https:\\\/\\\/www.piumacare.com\\\/wp-content\\\/uploads\\\/2026\\\/03\\\/2-3.png\",\"width\":1590,\"height\":1080,\"caption\":\"Brosse \u00e0 dents antibact\u00e9rienne Sally Brown\"},{\"@type\":\"BreadcrumbList\",\"@id\":\"https:\\\/\\\/www.piumacare.com\\\/fr\\\/product\\\/sally-brown\\\/#breadcrumb\",\"itemListElement\":[{\"@type\":\"ListItem\",\"position\":1,\"name\":\"Home\",\"item\":\"https:\\\/\\\/www.piumacare.com\\\/fr\\\/accueil-fr\\\/\"},{\"@type\":\"ListItem\",\"position\":2,\"name\":\"Boutique\",\"item\":\"https:\\\/\\\/www.piumacare.com\\\/fr\\\/boutique\\\/\"},{\"@type\":\"ListItem\",\"position\":3,\"name\":\"Sally Brown\"}]},{\"@type\":\"WebSite\",\"@id\":\"https:\\\/\\\/www.piumacare.com\\\/fr\\\/#website\",\"url\":\"https:\\\/\\\/www.piumacare.com\\\/fr\\\/\",\"name\":\"Piuma Care\",\"description\":\"La scienza del sorriso\",\"potentialAction\":[{\"@type\":\"SearchAction\",\"target\":{\"@type\":\"EntryPoint\",\"urlTemplate\":\"https:\\\/\\\/www.piumacare.com\\\/fr\\\/?s={search_term_string}\"},\"query-input\":{\"@type\":\"PropertyValueSpecification\",\"valueRequired\":true,\"valueName\":\"search_term_string\"}}],\"inLanguage\":\"fr-FR\"}]}<\/script>\n<!-- \/ Yoast SEO plugin. -->","yoast_head_json":{"title":"Brosse \u00e0 dents antibact\u00e9rienne Sally Brown - Peanuts - Piuma Care","description":"Brosse \u00e0 dents antibact\u00e9rienne de Sally pens\u00e9e pour ceux qui d\u00e9sirent des r\u00e9sultats impeccables et un sourire radieux par un geste simple et styl\u00e9.","robots":{"index":"index","follow":"follow","max-snippet":"max-snippet:-1","max-image-preview":"max-image-preview:large","max-video-preview":"max-video-preview:-1"},"canonical":"https:\/\/www.piumacare.com\/fr\/product\/sally-brown\/","og_locale":"fr_FR","og_type":"article","og_title":"Brosse \u00e0 dents antibact\u00e9rienne Sally Brown - Peanuts - Piuma Care","og_description":"Brosse \u00e0 dents antibact\u00e9rienne de Sally pens\u00e9e pour ceux qui d\u00e9sirent des r\u00e9sultats impeccables et un sourire radieux par un geste simple et styl\u00e9.","og_url":"https:\/\/www.piumacare.com\/fr\/product\/sally-brown\/","og_site_name":"Piuma Care","article_modified_time":"2026-03-27T09:15:34+00:00","og_image":[{"width":1590,"height":1080,"url":"https:\/\/www.piumacare.com\/wp-content\/uploads\/2026\/03\/2-3.png","type":"image\/png"}],"twitter_card":"summary_large_image","twitter_misc":{"Dur\u00e9e de lecture estim\u00e9e":"2 minutes"},"schema":{"@context":"https:\/\/schema.org","@graph":[{"@type":"WebPage","@id":"https:\/\/www.piumacare.com\/fr\/product\/sally-brown\/","url":"https:\/\/www.piumacare.com\/fr\/product\/sally-brown\/","name":"Brosse \u00e0 dents antibact\u00e9rienne Sally Brown - Peanuts - Piuma Care","isPartOf":{"@id":"https:\/\/www.piumacare.com\/fr\/#website"},"primaryImageOfPage":{"@id":"https:\/\/www.piumacare.com\/fr\/product\/sally-brown\/#primaryimage"},"image":{"@id":"https:\/\/www.piumacare.com\/fr\/product\/sally-brown\/#primaryimage"},"thumbnailUrl":"https:\/\/www.piumacare.com\/wp-content\/uploads\/2026\/03\/2-3.png","datePublished":"2026-03-06T11:48:54+00:00","dateModified":"2026-03-27T09:15:34+00:00","description":"Brosse \u00e0 dents antibact\u00e9rienne de Sally pens\u00e9e pour ceux qui d\u00e9sirent des r\u00e9sultats impeccables et un sourire radieux par un geste simple et styl\u00e9.","breadcrumb":{"@id":"https:\/\/www.piumacare.com\/fr\/product\/sally-brown\/#breadcrumb"},"inLanguage":"fr-FR","potentialAction":[{"@type":"ReadAction","target":["https:\/\/www.piumacare.com\/fr\/product\/sally-brown\/"]}]},{"@type":"ImageObject","inLanguage":"fr-FR","@id":"https:\/\/www.piumacare.com\/fr\/product\/sally-brown\/#primaryimage","url":"https:\/\/www.piumacare.com\/wp-content\/uploads\/2026\/03\/2-3.png","contentUrl":"https:\/\/www.piumacare.com\/wp-content\/uploads\/2026\/03\/2-3.png","width":1590,"height":1080,"caption":"Brosse \u00e0 dents antibact\u00e9rienne Sally Brown"},{"@type":"BreadcrumbList","@id":"https:\/\/www.piumacare.com\/fr\/product\/sally-brown\/#breadcrumb","itemListElement":[{"@type":"ListItem","position":1,"name":"Home","item":"https:\/\/www.piumacare.com\/fr\/accueil-fr\/"},{"@type":"ListItem","position":2,"name":"Boutique","item":"https:\/\/www.piumacare.com\/fr\/boutique\/"},{"@type":"ListItem","position":3,"name":"Sally Brown"}]},{"@type":"WebSite","@id":"https:\/\/www.piumacare.com\/fr\/#website","url":"https:\/\/www.piumacare.com\/fr\/","name":"Piuma Care","description":"La scienza del sorriso","potentialAction":[{"@type":"SearchAction","target":{"@type":"EntryPoint","urlTemplate":"https:\/\/www.piumacare.com\/fr\/?s={search_term_string}"},"query-input":{"@type":"PropertyValueSpecification","valueRequired":true,"valueName":"search_term_string"}}],"inLanguage":"fr-FR"}]}},"_links":{"self":[{"href":"https:\/\/www.piumacare.com\/fr\/wp-json\/wp\/v2\/product\/21644","targetHints":{"allow":["GET"]}}],"collection":[{"href":"https:\/\/www.piumacare.com\/fr\/wp-json\/wp\/v2\/product"}],"about":[{"href":"https:\/\/www.piumacare.com\/fr\/wp-json\/wp\/v2\/types\/product"}],"wp:featuredmedia":[{"embeddable":true,"href":"https:\/\/www.piumacare.com\/fr\/wp-json\/wp\/v2\/media\/21669"}],"wp:attachment":[{"href":"https:\/\/www.piumacare.com\/fr\/wp-json\/wp\/v2\/media?parent=21644"}],"wp:term":[{"taxonomy":"product_brand","embeddable":true,"href":"https:\/\/www.piumacare.com\/fr\/wp-json\/wp\/v2\/product_brand?post=21644"},{"taxonomy":"product_cat","embeddable":true,"href":"https:\/\/www.piumacare.com\/fr\/wp-json\/wp\/v2\/product_cat?post=21644"},{"taxonomy":"product_tag","embeddable":true,"href":"https:\/\/www.piumacare.com\/fr\/wp-json\/wp\/v2\/product_tag?post=21644"}],"curies":[{"name":"wp","href":"https:\/\/api.w.org\/{rel}","templated":true}]}}