{"id":2214,"date":"2021-07-12T12:55:48","date_gmt":"2021-07-12T10:55:48","guid":{"rendered":"https:\/\/piumacare.com\/product\/fresh\/"},"modified":"2024-09-17T11:44:28","modified_gmt":"2024-09-17T09:44:28","slug":"fresh","status":"publish","type":"product","link":"https:\/\/www.piumacare.com\/fr\/product\/fresh\/","title":{"rendered":"Fresh"},"content":{"rendered":"<div class=\"fusion-fullwidth fullwidth-box fusion-builder-row-1 fusion-flex-container hundred-percent-fullwidth non-hundred-percent-height-scrolling\" style=\"--awb-border-radius-top-left:0px;--awb-border-radius-top-right:0px;--awb-border-radius-bottom-right:0px;--awb-border-radius-bottom-left:0px;--awb-flex-wrap:wrap;\" ><div class=\"fusion-builder-row fusion-row fusion-flex-align-items-flex-start fusion-flex-justify-content-center fusion-flex-content-wrap\" style=\"width:104% !important;max-width:104% !important;margin-left: calc(-4% \/ 2 );margin-right: calc(-4% \/ 2 );\"><div class=\"fusion-layout-column fusion_builder_column fusion-builder-column-0 fusion_builder_column_1_1 1_1 fusion-flex-column\" style=\"--awb-bg-size:cover;--awb-width-large:100%;--awb-margin-top-large:0px;--awb-spacing-right-large:1.92%;--awb-margin-bottom-large:20px;--awb-spacing-left-large:1.92%;--awb-width-medium:100%;--awb-order-medium:0;--awb-spacing-right-medium:1.92%;--awb-spacing-left-medium:1.92%;--awb-width-small:100%;--awb-order-small:0;--awb-spacing-right-small:1.92%;--awb-spacing-left-small:1.92%;\"><div class=\"fusion-column-wrapper fusion-column-has-shadow fusion-flex-justify-content-flex-start fusion-content-layout-column\"><div class=\"accordian fusion-accordian\" style=\"--awb-border-size:1px;--awb-icon-size:13px;--awb-content-font-size:16px;--awb-icon-alignment:left;--awb-hover-color:#f9f9fb;--awb-border-color:#e2e2e2;--awb-background-color:#ffffff;--awb-divider-color:#e2e2e2;--awb-divider-hover-color:#e2e2e2;--awb-icon-color:#000000;--awb-title-color:#212934;--awb-content-color:#000000;--awb-icon-box-color:rgba(255,255,255,0);--awb-toggle-hover-accent-color:#898989;--awb-title-font-family:&quot;Manrope&quot;;--awb-title-font-weight:regular;--awb-title-font-style:normal;--awb-content-font-family:&quot;Manrope&quot;;--awb-content-font-style:normal;--awb-content-font-weight:regular;\"><div class=\"panel-group fusion-toggle-icon-boxed\" id=\"accordion-2214-1\"><div class=\"fusion-panel panel-default panel-9a00f350473f59543 fusion-toggle-has-divider\"><div class=\"panel-heading\"><h4 class=\"panel-title toggle\" id=\"toggle_9a00f350473f59543\"><a aria-expanded=\"false\" aria-controls=\"9a00f350473f59543\" role=\"button\" data-toggle=\"collapse\" data-parent=\"#accordion-2214-1\" data-target=\"#9a00f350473f59543\" href=\"#9a00f350473f59543\"><span class=\"fusion-toggle-icon-wrapper\" aria-hidden=\"true\"><i class=\"fa-fusion-box active-icon awb-icon-minus\" aria-hidden=\"true\"><\/i><i class=\"fa-fusion-box inactive-icon awb-icon-plus\" aria-hidden=\"true\"><\/i><\/span><span class=\"fusion-toggle-heading\">Les prix indiqu\u00e9s sur le site internet incluent-ils la TVA ?<\/span><\/a><\/h4><\/div><div id=\"9a00f350473f59543\" class=\"panel-collapse collapse \" aria-labelledby=\"toggle_9a00f350473f59543\"><div class=\"panel-body toggle-content fusion-clearfix\">\n<p>Oui, tous les prix incluent la TVA.<\/p>\n<\/div><\/div><\/div><div class=\"fusion-panel panel-default panel-c9002676c63149ffd fusion-toggle-has-divider\"><div class=\"panel-heading\"><h4 class=\"panel-title toggle\" id=\"toggle_c9002676c63149ffd\"><a aria-expanded=\"false\" aria-controls=\"c9002676c63149ffd\" role=\"button\" data-toggle=\"collapse\" data-parent=\"#accordion-2214-1\" data-target=\"#c9002676c63149ffd\" href=\"#c9002676c63149ffd\"><span class=\"fusion-toggle-icon-wrapper\" aria-hidden=\"true\"><i class=\"fa-fusion-box active-icon awb-icon-minus\" aria-hidden=\"true\"><\/i><i class=\"fa-fusion-box inactive-icon awb-icon-plus\" aria-hidden=\"true\"><\/i><\/span><span class=\"fusion-toggle-heading\">Quelle est votre politique de remboursement et de retour ?<\/span><\/a><\/h4><\/div><div id=\"c9002676c63149ffd\" class=\"panel-collapse collapse \" aria-labelledby=\"toggle_c9002676c63149ffd\"><div class=\"panel-body toggle-content fusion-clearfix\">\n<p>Vous avez la possibilit\u00e9 de nous retourner tout article command\u00e9 dans les 30 jours suivant la date de r\u00e9ception.<br \/>\nLors du retour du ou des articles, veuillez les renvoyer dans leur emballage d&rsquo;origine, accompagn\u00e9s des accessoires et documents fournis, et joindre le formulaire de livraison. Nous vous recommandons de prendre toutes les pr\u00e9cautions possibles pour garantir l&rsquo;int\u00e9grit\u00e9 du produit retourn\u00e9.<br \/>\nLes articles non retourn\u00e9s, retourn\u00e9s incomplets, ab\u00eem\u00e9s, endommag\u00e9s, d\u00e9t\u00e9rior\u00e9s, sales ou dans tout autre \u00e9tat pouvant raisonnablement laisser penser qu&rsquo;ils ont \u00e9t\u00e9 utilis\u00e9s, ne seront pas rembours\u00e9s ou remplac\u00e9s, de m\u00eame que les articles scell\u00e9s qui ont \u00e9t\u00e9 ouverts apr\u00e8s la livraison, pour des raisons d&rsquo;hygi\u00e8ne ou de protection de la sant\u00e9.<\/p>\n<\/div><\/div><\/div><div class=\"fusion-panel panel-default panel-1bcc92113e341df86 fusion-toggle-has-divider\"><div class=\"panel-heading\"><h4 class=\"panel-title toggle\" id=\"toggle_1bcc92113e341df86\"><a aria-expanded=\"false\" aria-controls=\"1bcc92113e341df86\" role=\"button\" data-toggle=\"collapse\" data-parent=\"#accordion-2214-1\" data-target=\"#1bcc92113e341df86\" href=\"#1bcc92113e341df86\"><span class=\"fusion-toggle-icon-wrapper\" aria-hidden=\"true\"><i class=\"fa-fusion-box active-icon awb-icon-minus\" aria-hidden=\"true\"><\/i><i class=\"fa-fusion-box inactive-icon awb-icon-plus\" aria-hidden=\"true\"><\/i><\/span><span class=\"fusion-toggle-heading\">D&#039;o\u00f9 viennent les produits P I U M A ?<\/span><\/a><\/h4><\/div><div id=\"1bcc92113e341df86\" class=\"panel-collapse collapse \" aria-labelledby=\"toggle_1bcc92113e341df86\"><div class=\"panel-body toggle-content fusion-clearfix\">\n<p>Les produits P I U M A sont con\u00e7us et fabriqu\u00e9s en Italie.<\/p>\n<\/div><\/div><\/div><div class=\"fusion-panel panel-default panel-3870c88d7f27b2549 fusion-toggle-has-divider\"><div class=\"panel-heading\"><h4 class=\"panel-title toggle\" id=\"toggle_3870c88d7f27b2549\"><a aria-expanded=\"false\" aria-controls=\"3870c88d7f27b2549\" role=\"button\" data-toggle=\"collapse\" data-parent=\"#accordion-2214-1\" data-target=\"#3870c88d7f27b2549\" href=\"#3870c88d7f27b2549\"><span class=\"fusion-toggle-icon-wrapper\" aria-hidden=\"true\"><i class=\"fa-fusion-box active-icon awb-icon-minus\" aria-hidden=\"true\"><\/i><i class=\"fa-fusion-box inactive-icon awb-icon-plus\" aria-hidden=\"true\"><\/i><\/span><span class=\"fusion-toggle-heading\">Quel type de brosse \u00e0 dents dois-je utiliser ?<\/span><\/a><\/h4><\/div><div id=\"3870c88d7f27b2549\" class=\"panel-collapse collapse \" aria-labelledby=\"toggle_3870c88d7f27b2549\"><div class=\"panel-body toggle-content fusion-clearfix\">\n<p>Une brosse \u00e0 dents \u00e0 poils m\u00e9diums convient \u00e0 ceux qui n&rsquo;ont pas les dents et les gencives sensibles, sinon nous recommandons une brosse \u00e0 dents \u00e0 poils souples.<\/p>\n<\/div><\/div><\/div><div class=\"fusion-panel panel-default panel-15f59eea7b9835e63 fusion-toggle-has-divider\"><div class=\"panel-heading\"><h4 class=\"panel-title toggle\" id=\"toggle_15f59eea7b9835e63\"><a aria-expanded=\"false\" aria-controls=\"15f59eea7b9835e63\" role=\"button\" data-toggle=\"collapse\" data-parent=\"#accordion-2214-1\" data-target=\"#15f59eea7b9835e63\" href=\"#15f59eea7b9835e63\"><span class=\"fusion-toggle-icon-wrapper\" aria-hidden=\"true\"><i class=\"fa-fusion-box active-icon awb-icon-minus\" aria-hidden=\"true\"><\/i><i class=\"fa-fusion-box inactive-icon awb-icon-plus\" aria-hidden=\"true\"><\/i><\/span><span class=\"fusion-toggle-heading\">\u00c0 quelle fr\u00e9quence dois-je changer ma brosse \u00e0 dents ?<\/span><\/a><\/h4><\/div><div id=\"15f59eea7b9835e63\" class=\"panel-collapse collapse \" aria-labelledby=\"toggle_15f59eea7b9835e63\"><div class=\"panel-body toggle-content fusion-clearfix\">\n<p>Nous vous recommandons de changer votre brosse \u00e0 dents tous les 3 mois. Nous avons mis en place un \u00ab\u00a0calendrier\u00a0\u00bb au dos de la station de base qui vous indique quand remplacer votre brosse \u00e0 dents.<\/p>\n<\/div><\/div><\/div><\/div><\/div><\/div><\/div><\/div><\/div>\n","protected":false},"excerpt":{"rendered":"<div class=\"info-description\">\n<div class=\"info-description\">\n<div class=\"info-description\">\n<div class=\"info-description\">\n<div class=\"info-description\">\n<p>Fra\u00eecheur prolong\u00e9e et action d\u00e9sinfectante en douceur<br \/>\n250ml<\/p>\n<p><strong>Qu&rsquo;est-ce que c\u2019est<\/strong>:<br \/>\nFRESH est un bain de bouche anti-plaque et apaisant. En effet, il r\u00e9duit la charge bact\u00e9rienne de la cavit\u00e9 buccale, d\u00e9sinfecte les gencives et, gr\u00e2ce \u00e0 sa formulation sp\u00e9ciale enrichie en Aloe Vera, il compl\u00e8te votre Smile Routine.<\/p>\n<p><strong>Caract\u00e9ristiques<\/strong>:<\/p>\n<ul>\n<li>Une haleine fra\u00eeche et durable au go\u00fbt de menthe<\/li>\n<li>Formul\u00e9 avec de l&rsquo;aloe Vera pour une action apaisante d\u00e9licate sur les gencives<\/li>\n<li>Action anti-plaque prouv\u00e9e gr\u00e2ce au chlorure de c\u00e9tylpyridinium<\/li>\n<li>100% produit et fabriqu\u00e9 en Italie<\/li>\n<\/ul>\n<p><img decoding=\"async\" class=\"alignnone wp-image-8117\" src=\"https:\/\/www.piumacare.com\/wp-content\/uploads\/2021\/07\/Tavola-disegno-1-4.svg\" alt=\"\" width=\"241\" height=\"104\" \/><\/p>\n<p><strong>Extra:<\/strong> R\u00e9utilisez-le ! La bouteille de bain de bouche FRESH est fabriqu\u00e9e en aluminium durable et est con\u00e7ue pour \u00eatre r\u00e9utilis\u00e9e une fois le produit termin\u00e9.<\/p>\n<p><strong>Inci:\u00a0<\/strong><span class=\"s1\">Aqua, Alcohol denat., Sorbitol, Glycerin, Polysorbate 20, Aroma, Cetylpyridinium chloride, Sodium saccharin, Aloe barbadensis leaf juice, 2-bromo-2-nitropropane-1,3-diol, CI 47005, CI 42051, Allantoin<\/span><\/p>\n<\/div>\n<\/div>\n<\/div>\n<\/div>\n<\/div>\n","protected":false},"featured_media":1730,"template":"","meta":[],"product_brand":[],"product_cat":[102],"product_tag":[],"class_list":{"0":"post-2214","1":"product","2":"type-product","3":"status-publish","4":"has-post-thumbnail","6":"product_cat-bain-de-bouche","8":"first","9":"instock","10":"shipping-taxable","11":"purchasable","12":"product-type-simple"},"yoast_head":"<!-- This site is optimized with the Yoast SEO plugin v27.4 - https:\/\/yoast.com\/product\/yoast-seo-wordpress\/ -->\n<title>FRESH : le bain de bouche sans plaque \u00e0 l&#039;Aloe Vera de Piuma Care<\/title>\n<meta name=\"description\" content=\"Le bain de bouche innovant \u00e0 l&#039;Aloe Vera qui d\u00e9sinfecte la bouche et apaise les gencives, en laissant un merveilleux go\u00fbt de menthe fra\u00eeche.\" \/>\n<meta name=\"robots\" content=\"index, follow, max-snippet:-1, max-image-preview:large, max-video-preview:-1\" \/>\n<link rel=\"canonical\" href=\"https:\/\/www.piumacare.com\/fr\/product\/fresh\/\" \/>\n<meta property=\"og:locale\" content=\"fr_FR\" \/>\n<meta property=\"og:type\" content=\"article\" \/>\n<meta property=\"og:title\" content=\"FRESH : le bain de bouche sans plaque \u00e0 l&#039;Aloe Vera de Piuma Care\" \/>\n<meta property=\"og:description\" content=\"Le bain de bouche innovant \u00e0 l&#039;Aloe Vera qui d\u00e9sinfecte la bouche et apaise les gencives, en laissant un merveilleux go\u00fbt de menthe fra\u00eeche.\" \/>\n<meta property=\"og:url\" content=\"https:\/\/www.piumacare.com\/fr\/product\/fresh\/\" \/>\n<meta property=\"og:site_name\" content=\"Piuma Care\" \/>\n<meta property=\"article:modified_time\" content=\"2024-09-17T09:44:28+00:00\" \/>\n<meta property=\"og:image\" content=\"https:\/\/www.piumacare.com\/wp-content\/uploads\/2021\/06\/Piuma-Care_Fresh.jpg\" \/>\n\t<meta property=\"og:image:width\" content=\"1000\" \/>\n\t<meta property=\"og:image:height\" content=\"1000\" \/>\n\t<meta property=\"og:image:type\" content=\"image\/jpeg\" \/>\n<meta name=\"twitter:card\" content=\"summary_large_image\" \/>\n<meta name=\"twitter:label1\" content=\"Dur\u00e9e de lecture estim\u00e9e\" \/>\n\t<meta name=\"twitter:data1\" content=\"5 minutes\" \/>\n<script type=\"application\/ld+json\" class=\"yoast-schema-graph\">{\"@context\":\"https:\\\/\\\/schema.org\",\"@graph\":[{\"@type\":\"WebPage\",\"@id\":\"https:\\\/\\\/www.piumacare.com\\\/fr\\\/product\\\/fresh\\\/\",\"url\":\"https:\\\/\\\/www.piumacare.com\\\/fr\\\/product\\\/fresh\\\/\",\"name\":\"FRESH : le bain de bouche sans plaque \u00e0 l'Aloe Vera de Piuma Care\",\"isPartOf\":{\"@id\":\"https:\\\/\\\/www.piumacare.com\\\/fr\\\/#website\"},\"primaryImageOfPage\":{\"@id\":\"https:\\\/\\\/www.piumacare.com\\\/fr\\\/product\\\/fresh\\\/#primaryimage\"},\"image\":{\"@id\":\"https:\\\/\\\/www.piumacare.com\\\/fr\\\/product\\\/fresh\\\/#primaryimage\"},\"thumbnailUrl\":\"https:\\\/\\\/www.piumacare.com\\\/wp-content\\\/uploads\\\/2021\\\/06\\\/Piuma-Care_Fresh.jpg\",\"datePublished\":\"2021-07-12T10:55:48+00:00\",\"dateModified\":\"2024-09-17T09:44:28+00:00\",\"description\":\"Le bain de bouche innovant \u00e0 l'Aloe Vera qui d\u00e9sinfecte la bouche et apaise les gencives, en laissant un merveilleux go\u00fbt de menthe fra\u00eeche.\",\"breadcrumb\":{\"@id\":\"https:\\\/\\\/www.piumacare.com\\\/fr\\\/product\\\/fresh\\\/#breadcrumb\"},\"inLanguage\":\"fr-FR\",\"potentialAction\":[{\"@type\":\"ReadAction\",\"target\":[\"https:\\\/\\\/www.piumacare.com\\\/fr\\\/product\\\/fresh\\\/\"]}]},{\"@type\":\"ImageObject\",\"inLanguage\":\"fr-FR\",\"@id\":\"https:\\\/\\\/www.piumacare.com\\\/fr\\\/product\\\/fresh\\\/#primaryimage\",\"url\":\"https:\\\/\\\/www.piumacare.com\\\/wp-content\\\/uploads\\\/2021\\\/06\\\/Piuma-Care_Fresh.jpg\",\"contentUrl\":\"https:\\\/\\\/www.piumacare.com\\\/wp-content\\\/uploads\\\/2021\\\/06\\\/Piuma-Care_Fresh.jpg\",\"width\":1000,\"height\":1000,\"caption\":\"Bain de bouche Fresh - Piuma Care\"},{\"@type\":\"BreadcrumbList\",\"@id\":\"https:\\\/\\\/www.piumacare.com\\\/fr\\\/product\\\/fresh\\\/#breadcrumb\",\"itemListElement\":[{\"@type\":\"ListItem\",\"position\":1,\"name\":\"Home\",\"item\":\"https:\\\/\\\/www.piumacare.com\\\/fr\\\/accueil-fr\\\/\"},{\"@type\":\"ListItem\",\"position\":2,\"name\":\"Boutique\",\"item\":\"https:\\\/\\\/www.piumacare.com\\\/fr\\\/boutique\\\/\"},{\"@type\":\"ListItem\",\"position\":3,\"name\":\"Fresh\"}]},{\"@type\":\"WebSite\",\"@id\":\"https:\\\/\\\/www.piumacare.com\\\/fr\\\/#website\",\"url\":\"https:\\\/\\\/www.piumacare.com\\\/fr\\\/\",\"name\":\"Piuma Care\",\"description\":\"La scienza del sorriso\",\"potentialAction\":[{\"@type\":\"SearchAction\",\"target\":{\"@type\":\"EntryPoint\",\"urlTemplate\":\"https:\\\/\\\/www.piumacare.com\\\/fr\\\/?s={search_term_string}\"},\"query-input\":{\"@type\":\"PropertyValueSpecification\",\"valueRequired\":true,\"valueName\":\"search_term_string\"}}],\"inLanguage\":\"fr-FR\"}]}<\/script>\n<!-- \/ Yoast SEO plugin. -->","yoast_head_json":{"title":"FRESH : le bain de bouche sans plaque \u00e0 l'Aloe Vera de Piuma Care","description":"Le bain de bouche innovant \u00e0 l'Aloe Vera qui d\u00e9sinfecte la bouche et apaise les gencives, en laissant un merveilleux go\u00fbt de menthe fra\u00eeche.","robots":{"index":"index","follow":"follow","max-snippet":"max-snippet:-1","max-image-preview":"max-image-preview:large","max-video-preview":"max-video-preview:-1"},"canonical":"https:\/\/www.piumacare.com\/fr\/product\/fresh\/","og_locale":"fr_FR","og_type":"article","og_title":"FRESH : le bain de bouche sans plaque \u00e0 l'Aloe Vera de Piuma Care","og_description":"Le bain de bouche innovant \u00e0 l'Aloe Vera qui d\u00e9sinfecte la bouche et apaise les gencives, en laissant un merveilleux go\u00fbt de menthe fra\u00eeche.","og_url":"https:\/\/www.piumacare.com\/fr\/product\/fresh\/","og_site_name":"Piuma Care","article_modified_time":"2024-09-17T09:44:28+00:00","og_image":[{"width":1000,"height":1000,"url":"https:\/\/www.piumacare.com\/wp-content\/uploads\/2021\/06\/Piuma-Care_Fresh.jpg","type":"image\/jpeg"}],"twitter_card":"summary_large_image","twitter_misc":{"Dur\u00e9e de lecture estim\u00e9e":"5 minutes"},"schema":{"@context":"https:\/\/schema.org","@graph":[{"@type":"WebPage","@id":"https:\/\/www.piumacare.com\/fr\/product\/fresh\/","url":"https:\/\/www.piumacare.com\/fr\/product\/fresh\/","name":"FRESH : le bain de bouche sans plaque \u00e0 l'Aloe Vera de Piuma Care","isPartOf":{"@id":"https:\/\/www.piumacare.com\/fr\/#website"},"primaryImageOfPage":{"@id":"https:\/\/www.piumacare.com\/fr\/product\/fresh\/#primaryimage"},"image":{"@id":"https:\/\/www.piumacare.com\/fr\/product\/fresh\/#primaryimage"},"thumbnailUrl":"https:\/\/www.piumacare.com\/wp-content\/uploads\/2021\/06\/Piuma-Care_Fresh.jpg","datePublished":"2021-07-12T10:55:48+00:00","dateModified":"2024-09-17T09:44:28+00:00","description":"Le bain de bouche innovant \u00e0 l'Aloe Vera qui d\u00e9sinfecte la bouche et apaise les gencives, en laissant un merveilleux go\u00fbt de menthe fra\u00eeche.","breadcrumb":{"@id":"https:\/\/www.piumacare.com\/fr\/product\/fresh\/#breadcrumb"},"inLanguage":"fr-FR","potentialAction":[{"@type":"ReadAction","target":["https:\/\/www.piumacare.com\/fr\/product\/fresh\/"]}]},{"@type":"ImageObject","inLanguage":"fr-FR","@id":"https:\/\/www.piumacare.com\/fr\/product\/fresh\/#primaryimage","url":"https:\/\/www.piumacare.com\/wp-content\/uploads\/2021\/06\/Piuma-Care_Fresh.jpg","contentUrl":"https:\/\/www.piumacare.com\/wp-content\/uploads\/2021\/06\/Piuma-Care_Fresh.jpg","width":1000,"height":1000,"caption":"Bain de bouche Fresh - Piuma Care"},{"@type":"BreadcrumbList","@id":"https:\/\/www.piumacare.com\/fr\/product\/fresh\/#breadcrumb","itemListElement":[{"@type":"ListItem","position":1,"name":"Home","item":"https:\/\/www.piumacare.com\/fr\/accueil-fr\/"},{"@type":"ListItem","position":2,"name":"Boutique","item":"https:\/\/www.piumacare.com\/fr\/boutique\/"},{"@type":"ListItem","position":3,"name":"Fresh"}]},{"@type":"WebSite","@id":"https:\/\/www.piumacare.com\/fr\/#website","url":"https:\/\/www.piumacare.com\/fr\/","name":"Piuma Care","description":"La scienza del sorriso","potentialAction":[{"@type":"SearchAction","target":{"@type":"EntryPoint","urlTemplate":"https:\/\/www.piumacare.com\/fr\/?s={search_term_string}"},"query-input":{"@type":"PropertyValueSpecification","valueRequired":true,"valueName":"search_term_string"}}],"inLanguage":"fr-FR"}]}},"_links":{"self":[{"href":"https:\/\/www.piumacare.com\/fr\/wp-json\/wp\/v2\/product\/2214","targetHints":{"allow":["GET"]}}],"collection":[{"href":"https:\/\/www.piumacare.com\/fr\/wp-json\/wp\/v2\/product"}],"about":[{"href":"https:\/\/www.piumacare.com\/fr\/wp-json\/wp\/v2\/types\/product"}],"wp:featuredmedia":[{"embeddable":true,"href":"https:\/\/www.piumacare.com\/fr\/wp-json\/wp\/v2\/media\/1730"}],"wp:attachment":[{"href":"https:\/\/www.piumacare.com\/fr\/wp-json\/wp\/v2\/media?parent=2214"}],"wp:term":[{"taxonomy":"product_brand","embeddable":true,"href":"https:\/\/www.piumacare.com\/fr\/wp-json\/wp\/v2\/product_brand?post=2214"},{"taxonomy":"product_cat","embeddable":true,"href":"https:\/\/www.piumacare.com\/fr\/wp-json\/wp\/v2\/product_cat?post=2214"},{"taxonomy":"product_tag","embeddable":true,"href":"https:\/\/www.piumacare.com\/fr\/wp-json\/wp\/v2\/product_tag?post=2214"}],"curies":[{"name":"wp","href":"https:\/\/api.w.org\/{rel}","templated":true}]}}