{"id":2291,"date":"2021-07-12T10:03:29","date_gmt":"2021-07-12T08:03:29","guid":{"rendered":"https:\/\/piumacare.com\/product\/piumabrush-refill-x-3_black\/"},"modified":"2024-09-17T11:50:53","modified_gmt":"2024-09-17T09:50:53","slug":"piumabrush-refill-x-3_black","status":"publish","type":"product","link":"https:\/\/www.piumacare.com\/fr\/product\/piumabrush-refill-x-3_black\/","title":{"rendered":"Brosse \u00e0 dents sans base x 3"},"content":{"rendered":"<div class=\"fusion-fullwidth fullwidth-box fusion-builder-row-1 fusion-flex-container hundred-percent-fullwidth non-hundred-percent-height-scrolling\" style=\"--awb-border-radius-top-left:0px;--awb-border-radius-top-right:0px;--awb-border-radius-bottom-right:0px;--awb-border-radius-bottom-left:0px;--awb-flex-wrap:wrap;\" ><div class=\"fusion-builder-row fusion-row fusion-flex-align-items-flex-start fusion-flex-justify-content-center fusion-flex-content-wrap\" style=\"width:104% !important;max-width:104% !important;margin-left: calc(-4% \/ 2 );margin-right: calc(-4% \/ 2 );\"><div class=\"fusion-layout-column fusion_builder_column fusion-builder-column-0 fusion_builder_column_1_1 1_1 fusion-flex-column\" style=\"--awb-bg-size:cover;--awb-width-large:100%;--awb-margin-top-large:0px;--awb-spacing-right-large:1.92%;--awb-margin-bottom-large:20px;--awb-spacing-left-large:1.92%;--awb-width-medium:100%;--awb-order-medium:0;--awb-spacing-right-medium:1.92%;--awb-spacing-left-medium:1.92%;--awb-width-small:100%;--awb-order-small:0;--awb-spacing-right-small:1.92%;--awb-spacing-left-small:1.92%;\"><div class=\"fusion-column-wrapper fusion-column-has-shadow fusion-flex-justify-content-flex-start fusion-content-layout-column\"><div class=\"accordian fusion-accordian\" style=\"--awb-border-size:1px;--awb-icon-size:13px;--awb-content-font-size:16px;--awb-icon-alignment:left;--awb-hover-color:#f9f9fb;--awb-border-color:#e2e2e2;--awb-background-color:#ffffff;--awb-divider-color:#e2e2e2;--awb-divider-hover-color:#e2e2e2;--awb-icon-color:#000000;--awb-title-color:#212934;--awb-content-color:#000000;--awb-icon-box-color:rgba(255,255,255,0);--awb-toggle-hover-accent-color:#898989;--awb-title-font-family:&quot;Manrope&quot;;--awb-title-font-weight:regular;--awb-title-font-style:normal;--awb-content-font-family:&quot;Manrope&quot;;--awb-content-font-style:normal;--awb-content-font-weight:regular;\"><div class=\"panel-group fusion-toggle-icon-boxed\" id=\"accordion-2291-1\"><div class=\"fusion-panel panel-default panel-50e7909aa8cc1b58f fusion-toggle-has-divider\"><div class=\"panel-heading\"><h4 class=\"panel-title toggle\" id=\"toggle_50e7909aa8cc1b58f\"><a aria-expanded=\"false\" aria-controls=\"50e7909aa8cc1b58f\" role=\"button\" data-toggle=\"collapse\" data-parent=\"#accordion-2291-1\" data-target=\"#50e7909aa8cc1b58f\" href=\"#50e7909aa8cc1b58f\"><span class=\"fusion-toggle-icon-wrapper\" aria-hidden=\"true\"><i class=\"fa-fusion-box active-icon awb-icon-minus\" aria-hidden=\"true\"><\/i><i class=\"fa-fusion-box inactive-icon awb-icon-plus\" aria-hidden=\"true\"><\/i><\/span><span class=\"fusion-toggle-heading\">Les prix indiqu\u00e9s sur le site internet incluent-ils la TVA ?<\/span><\/a><\/h4><\/div><div id=\"50e7909aa8cc1b58f\" class=\"panel-collapse collapse \" aria-labelledby=\"toggle_50e7909aa8cc1b58f\"><div class=\"panel-body toggle-content fusion-clearfix\">\n<p>Oui, tous les prix incluent la TVA.<\/p>\n<\/div><\/div><\/div><div class=\"fusion-panel panel-default panel-c58a948990328f2fb fusion-toggle-has-divider\"><div class=\"panel-heading\"><h4 class=\"panel-title toggle\" id=\"toggle_c58a948990328f2fb\"><a aria-expanded=\"false\" aria-controls=\"c58a948990328f2fb\" role=\"button\" data-toggle=\"collapse\" data-parent=\"#accordion-2291-1\" data-target=\"#c58a948990328f2fb\" href=\"#c58a948990328f2fb\"><span class=\"fusion-toggle-icon-wrapper\" aria-hidden=\"true\"><i class=\"fa-fusion-box active-icon awb-icon-minus\" aria-hidden=\"true\"><\/i><i class=\"fa-fusion-box inactive-icon awb-icon-plus\" aria-hidden=\"true\"><\/i><\/span><span class=\"fusion-toggle-heading\">Quelle est votre politique de remboursement et de retour ?<\/span><\/a><\/h4><\/div><div id=\"c58a948990328f2fb\" class=\"panel-collapse collapse \" aria-labelledby=\"toggle_c58a948990328f2fb\"><div class=\"panel-body toggle-content fusion-clearfix\">\n<p>Vous avez la possibilit\u00e9 de nous retourner tout article command\u00e9 dans les 30 jours suivant la date de r\u00e9ception.<br \/>\nLors du retour du ou des articles, veuillez les renvoyer dans leur emballage d&rsquo;origine, accompagn\u00e9s des accessoires et documents fournis, et joindre le formulaire de livraison. Nous vous recommandons de prendre toutes les pr\u00e9cautions possibles pour garantir l&rsquo;int\u00e9grit\u00e9 du produit retourn\u00e9.<br \/>\nLes articles non retourn\u00e9s, retourn\u00e9s incomplets, ab\u00eem\u00e9s, endommag\u00e9s, d\u00e9t\u00e9rior\u00e9s, sales ou dans tout autre \u00e9tat pouvant raisonnablement laisser penser qu&rsquo;ils ont \u00e9t\u00e9 utilis\u00e9s, ne seront pas rembours\u00e9s ou remplac\u00e9s, de m\u00eame que les articles scell\u00e9s qui ont \u00e9t\u00e9 ouverts apr\u00e8s la livraison, pour des raisons d&rsquo;hygi\u00e8ne ou de protection de la sant\u00e9.<\/p>\n<\/div><\/div><\/div><div class=\"fusion-panel panel-default panel-8f389e33cac9ca14f fusion-toggle-has-divider\"><div class=\"panel-heading\"><h4 class=\"panel-title toggle\" id=\"toggle_8f389e33cac9ca14f\"><a aria-expanded=\"false\" aria-controls=\"8f389e33cac9ca14f\" role=\"button\" data-toggle=\"collapse\" data-parent=\"#accordion-2291-1\" data-target=\"#8f389e33cac9ca14f\" href=\"#8f389e33cac9ca14f\"><span class=\"fusion-toggle-icon-wrapper\" aria-hidden=\"true\"><i class=\"fa-fusion-box active-icon awb-icon-minus\" aria-hidden=\"true\"><\/i><i class=\"fa-fusion-box inactive-icon awb-icon-plus\" aria-hidden=\"true\"><\/i><\/span><span class=\"fusion-toggle-heading\">D&#039;o\u00f9 viennent les produits PIUMA ?<\/span><\/a><\/h4><\/div><div id=\"8f389e33cac9ca14f\" class=\"panel-collapse collapse \" aria-labelledby=\"toggle_8f389e33cac9ca14f\"><div class=\"panel-body toggle-content fusion-clearfix\">\n<p>Les produits PIUMA sont con\u00e7us et fabriqu\u00e9s en Italie.<\/p>\n<\/div><\/div><\/div><div class=\"fusion-panel panel-default panel-a298afafa3e2136a0 fusion-toggle-has-divider\"><div class=\"panel-heading\"><h4 class=\"panel-title toggle\" id=\"toggle_a298afafa3e2136a0\"><a aria-expanded=\"false\" aria-controls=\"a298afafa3e2136a0\" role=\"button\" data-toggle=\"collapse\" data-parent=\"#accordion-2291-1\" data-target=\"#a298afafa3e2136a0\" href=\"#a298afafa3e2136a0\"><span class=\"fusion-toggle-icon-wrapper\" aria-hidden=\"true\"><i class=\"fa-fusion-box active-icon awb-icon-minus\" aria-hidden=\"true\"><\/i><i class=\"fa-fusion-box inactive-icon awb-icon-plus\" aria-hidden=\"true\"><\/i><\/span><span class=\"fusion-toggle-heading\">Quel type de brosse \u00e0 dents dois-je utiliser ?<\/span><\/a><\/h4><\/div><div id=\"a298afafa3e2136a0\" class=\"panel-collapse collapse \" aria-labelledby=\"toggle_a298afafa3e2136a0\"><div class=\"panel-body toggle-content fusion-clearfix\">\n<p>Une brosse \u00e0 dents \u00e0 poils m\u00e9diums convient \u00e0 ceux qui n&rsquo;ont pas les dents et les gencives sensibles, sinon nous recommandons une brosse \u00e0 dents \u00e0 poils souples.<\/p>\n<\/div><\/div><\/div><div class=\"fusion-panel panel-default panel-400653dc4df8757cb fusion-toggle-has-divider\"><div class=\"panel-heading\"><h4 class=\"panel-title toggle\" id=\"toggle_400653dc4df8757cb\"><a aria-expanded=\"false\" aria-controls=\"400653dc4df8757cb\" role=\"button\" data-toggle=\"collapse\" data-parent=\"#accordion-2291-1\" data-target=\"#400653dc4df8757cb\" href=\"#400653dc4df8757cb\"><span class=\"fusion-toggle-icon-wrapper\" aria-hidden=\"true\"><i class=\"fa-fusion-box active-icon awb-icon-minus\" aria-hidden=\"true\"><\/i><i class=\"fa-fusion-box inactive-icon awb-icon-plus\" aria-hidden=\"true\"><\/i><\/span><span class=\"fusion-toggle-heading\">\u00c0 quelle fr\u00e9quence dois-je changer ma brosse \u00e0 dents ?<\/span><\/a><\/h4><\/div><div id=\"400653dc4df8757cb\" class=\"panel-collapse collapse \" aria-labelledby=\"toggle_400653dc4df8757cb\"><div class=\"panel-body toggle-content fusion-clearfix\">\n<p>Nous vous recommandons de changer votre brosse \u00e0 dents tous les 3 mois. Nous avons mis en place un \u00ab\u00a0calendrier\u00a0\u00bb au dos de la station de base qui vous indique quand remplacer votre brosse \u00e0 dents.<\/p>\n<\/div><\/div><\/div><\/div><\/div><\/div><\/div><\/div><\/div>\n","protected":false},"excerpt":{"rendered":"<div class=\"info-description\">\n<div class=\"info-description\">\n<p>La science et la technologie s&rsquo;unissent dans un design prim\u00e9 qui, gr\u00e2ce \u00e0 son esth\u00e9tique, devient l&rsquo;\u00e9l\u00e9ment parfait pour votre hygi\u00e8ne buccale quotidienne.<\/p>\n<p><strong>Qu&rsquo;est-ce que c\u2019est<\/strong>:<br \/>\nLe kit contient 3 brosses \u00e0 dents PiumaBrush avec capuchons<\/p>\n<p><strong>Caract\u00e9ristiques<\/strong>:<\/p>\n<ul>\n<li>Brosse \u00e0 dents au design innovant avec manche flexible<\/li>\n<li>Micro-poils en Tynex\u00ae d&rsquo;un diam\u00e8tre de 0,1 mm, extra d\u00e9licats, ergonomiques et arrondis, permettent \u00e0 Piuma Brush d&rsquo;atteindre les zones les plus profondes de la bouche<\/li>\n<li>LLes mati\u00e8res premi\u00e8res utilis\u00e9es sont antibact\u00e9riennes et certifi\u00e9es FDA<\/li>\n<li>T\u00eate avec gratte-langue pour une exp\u00e9rience multisensorielle qui garantit un excellent nettoyage de la langue<\/li>\n<li>100% Made in Italy<\/li>\n<\/ul>\n<p><img decoding=\"async\" class=\"alignnone wp-image-8117\" src=\"https:\/\/www.piumacare.com\/wp-content\/uploads\/2021\/07\/Tavola-disegno-1-4.svg\" alt=\"\" width=\"241\" height=\"104\" \/><\/p>\n<p><strong>Extra:<\/strong> La brosse \u00e0 dents est emball\u00e9e dans une atmosph\u00e8re contr\u00f4l\u00e9e pour garantir les plus hauts niveaux d&rsquo;hygi\u00e8ne<\/p>\n<\/div>\n<\/div>\n<p><span style=\"line-height: 52px; padding-right: 80px;\">Couleur<\/span><a href=\"https:\/\/www.piumacare.com\/fr\/product\/piumabrush-refill-x-3_black_gray_white\/\"><img decoding=\"async\" class=\"alignnone wp-image-8258\" src=\"https:\/\/www.piumacare.com\/wp-content\/uploads\/2021\/07\/icone_colore_Tavola-disegno-1-copia-15.svg\" alt=\"\" width=\"55\" height=\"55\" \/><\/a><img decoding=\"async\" class=\"alignnone wp-image-8158\" src=\"https:\/\/www.piumacare.com\/wp-content\/uploads\/2021\/07\/icone_colore_Tavola-disegno-1.svg\" alt=\"\" width=\"55\" height=\"55\" \/><a href=\"https:\/\/www.piumacare.com\/fr\/product\/piumabrush-refill-x-3_gray\/\"><img decoding=\"async\" class=\"alignnone wp-image-8163\" src=\"https:\/\/www.piumacare.com\/wp-content\/uploads\/2021\/07\/icone_colore_Tavola-disegno-1-copia-3.svg\" alt=\"\" width=\"55\" height=\"55\" \/><\/a><a href=\"https:\/\/piumacare.com\/fr\/product\/piumabrush-refill-x-3_white\/\"><img decoding=\"async\" class=\"alignnone wp-image-8168\" src=\"https:\/\/www.piumacare.com\/wp-content\/uploads\/2021\/07\/icone_colore_Tavola-disegno-1-copia-5.svg\" alt=\"\" width=\"55\" height=\"55\" \/><\/a><\/p>\n","protected":false},"featured_media":1618,"template":"","meta":[],"product_brand":[],"product_cat":[89],"product_tag":[119],"class_list":{"0":"post-2291","1":"product","2":"type-product","3":"status-publish","4":"has-post-thumbnail","6":"product_cat-refill-x-3-fr","7":"product_tag-perfect-black-fr","9":"first","10":"instock","11":"sale","12":"shipping-taxable","13":"purchasable","14":"product-type-variable","15":"has-default-attributes"},"yoast_head":"<!-- This site is optimized with the Yoast SEO plugin v27.3 - https:\/\/yoast.com\/product\/yoast-seo-wordpress\/ -->\n<title>Set de trois brosses \u00e0 dents avec poils antibact\u00e9riens - Piuma Care<\/title>\n<meta name=\"description\" content=\"Lot de trois brosses \u00e0 dents noires avec poils antibact\u00e9riens, au design prim\u00e9, parfaites pour votre hygi\u00e8ne bucco-dentaire quotidienne\" \/>\n<meta name=\"robots\" content=\"index, follow, max-snippet:-1, max-image-preview:large, max-video-preview:-1\" \/>\n<link rel=\"canonical\" href=\"https:\/\/www.piumacare.com\/fr\/product\/piumabrush-refill-x-3_black\/\" \/>\n<meta property=\"og:locale\" content=\"fr_FR\" \/>\n<meta property=\"og:type\" content=\"article\" \/>\n<meta property=\"og:title\" content=\"Set de trois brosses \u00e0 dents avec poils antibact\u00e9riens - Piuma Care\" \/>\n<meta property=\"og:description\" content=\"Lot de trois brosses \u00e0 dents noires avec poils antibact\u00e9riens, au design prim\u00e9, parfaites pour votre hygi\u00e8ne bucco-dentaire quotidienne\" \/>\n<meta property=\"og:url\" content=\"https:\/\/www.piumacare.com\/fr\/product\/piumabrush-refill-x-3_black\/\" \/>\n<meta property=\"og:site_name\" content=\"Piuma Care\" \/>\n<meta property=\"article:modified_time\" content=\"2024-09-17T09:50:53+00:00\" \/>\n<meta property=\"og:image\" content=\"https:\/\/www.piumacare.com\/wp-content\/uploads\/2021\/07\/Refill_x-3_black.jpg\" \/>\n\t<meta property=\"og:image:width\" content=\"1000\" \/>\n\t<meta property=\"og:image:height\" content=\"1000\" \/>\n\t<meta property=\"og:image:type\" content=\"image\/jpeg\" \/>\n<meta name=\"twitter:card\" content=\"summary_large_image\" \/>\n<meta name=\"twitter:label1\" content=\"Dur\u00e9e de lecture estim\u00e9e\" \/>\n\t<meta name=\"twitter:data1\" content=\"5 minutes\" \/>\n<script type=\"application\/ld+json\" class=\"yoast-schema-graph\">{\"@context\":\"https:\\\/\\\/schema.org\",\"@graph\":[{\"@type\":\"WebPage\",\"@id\":\"https:\\\/\\\/www.piumacare.com\\\/fr\\\/product\\\/piumabrush-refill-x-3_black\\\/\",\"url\":\"https:\\\/\\\/www.piumacare.com\\\/fr\\\/product\\\/piumabrush-refill-x-3_black\\\/\",\"name\":\"Set de trois brosses \u00e0 dents avec poils antibact\u00e9riens - Piuma Care\",\"isPartOf\":{\"@id\":\"https:\\\/\\\/www.piumacare.com\\\/fr\\\/#website\"},\"primaryImageOfPage\":{\"@id\":\"https:\\\/\\\/www.piumacare.com\\\/fr\\\/product\\\/piumabrush-refill-x-3_black\\\/#primaryimage\"},\"image\":{\"@id\":\"https:\\\/\\\/www.piumacare.com\\\/fr\\\/product\\\/piumabrush-refill-x-3_black\\\/#primaryimage\"},\"thumbnailUrl\":\"https:\\\/\\\/www.piumacare.com\\\/wp-content\\\/uploads\\\/2021\\\/07\\\/Refill_x-3_black.jpg\",\"datePublished\":\"2021-07-12T08:03:29+00:00\",\"dateModified\":\"2024-09-17T09:50:53+00:00\",\"description\":\"Lot de trois brosses \u00e0 dents noires avec poils antibact\u00e9riens, au design prim\u00e9, parfaites pour votre hygi\u00e8ne bucco-dentaire quotidienne\",\"breadcrumb\":{\"@id\":\"https:\\\/\\\/www.piumacare.com\\\/fr\\\/product\\\/piumabrush-refill-x-3_black\\\/#breadcrumb\"},\"inLanguage\":\"fr-FR\",\"potentialAction\":[{\"@type\":\"ReadAction\",\"target\":[\"https:\\\/\\\/www.piumacare.com\\\/fr\\\/product\\\/piumabrush-refill-x-3_black\\\/\"]}]},{\"@type\":\"ImageObject\",\"inLanguage\":\"fr-FR\",\"@id\":\"https:\\\/\\\/www.piumacare.com\\\/fr\\\/product\\\/piumabrush-refill-x-3_black\\\/#primaryimage\",\"url\":\"https:\\\/\\\/www.piumacare.com\\\/wp-content\\\/uploads\\\/2021\\\/07\\\/Refill_x-3_black.jpg\",\"contentUrl\":\"https:\\\/\\\/www.piumacare.com\\\/wp-content\\\/uploads\\\/2021\\\/07\\\/Refill_x-3_black.jpg\",\"width\":1000,\"height\":1000,\"caption\":\"3 PiumaBrush Refill perfect black by Piuma Care\"},{\"@type\":\"BreadcrumbList\",\"@id\":\"https:\\\/\\\/www.piumacare.com\\\/fr\\\/product\\\/piumabrush-refill-x-3_black\\\/#breadcrumb\",\"itemListElement\":[{\"@type\":\"ListItem\",\"position\":1,\"name\":\"Home\",\"item\":\"https:\\\/\\\/www.piumacare.com\\\/fr\\\/accueil-fr\\\/\"},{\"@type\":\"ListItem\",\"position\":2,\"name\":\"Boutique\",\"item\":\"https:\\\/\\\/www.piumacare.com\\\/fr\\\/boutique\\\/\"},{\"@type\":\"ListItem\",\"position\":3,\"name\":\"Brosse \u00e0 dents sans base x 3\"}]},{\"@type\":\"WebSite\",\"@id\":\"https:\\\/\\\/www.piumacare.com\\\/fr\\\/#website\",\"url\":\"https:\\\/\\\/www.piumacare.com\\\/fr\\\/\",\"name\":\"Piuma Care\",\"description\":\"La scienza del sorriso\",\"potentialAction\":[{\"@type\":\"SearchAction\",\"target\":{\"@type\":\"EntryPoint\",\"urlTemplate\":\"https:\\\/\\\/www.piumacare.com\\\/fr\\\/?s={search_term_string}\"},\"query-input\":{\"@type\":\"PropertyValueSpecification\",\"valueRequired\":true,\"valueName\":\"search_term_string\"}}],\"inLanguage\":\"fr-FR\"}]}<\/script>\n<!-- \/ Yoast SEO plugin. -->","yoast_head_json":{"title":"Set de trois brosses \u00e0 dents avec poils antibact\u00e9riens - Piuma Care","description":"Lot de trois brosses \u00e0 dents noires avec poils antibact\u00e9riens, au design prim\u00e9, parfaites pour votre hygi\u00e8ne bucco-dentaire quotidienne","robots":{"index":"index","follow":"follow","max-snippet":"max-snippet:-1","max-image-preview":"max-image-preview:large","max-video-preview":"max-video-preview:-1"},"canonical":"https:\/\/www.piumacare.com\/fr\/product\/piumabrush-refill-x-3_black\/","og_locale":"fr_FR","og_type":"article","og_title":"Set de trois brosses \u00e0 dents avec poils antibact\u00e9riens - Piuma Care","og_description":"Lot de trois brosses \u00e0 dents noires avec poils antibact\u00e9riens, au design prim\u00e9, parfaites pour votre hygi\u00e8ne bucco-dentaire quotidienne","og_url":"https:\/\/www.piumacare.com\/fr\/product\/piumabrush-refill-x-3_black\/","og_site_name":"Piuma Care","article_modified_time":"2024-09-17T09:50:53+00:00","og_image":[{"width":1000,"height":1000,"url":"https:\/\/www.piumacare.com\/wp-content\/uploads\/2021\/07\/Refill_x-3_black.jpg","type":"image\/jpeg"}],"twitter_card":"summary_large_image","twitter_misc":{"Dur\u00e9e de lecture estim\u00e9e":"5 minutes"},"schema":{"@context":"https:\/\/schema.org","@graph":[{"@type":"WebPage","@id":"https:\/\/www.piumacare.com\/fr\/product\/piumabrush-refill-x-3_black\/","url":"https:\/\/www.piumacare.com\/fr\/product\/piumabrush-refill-x-3_black\/","name":"Set de trois brosses \u00e0 dents avec poils antibact\u00e9riens - Piuma Care","isPartOf":{"@id":"https:\/\/www.piumacare.com\/fr\/#website"},"primaryImageOfPage":{"@id":"https:\/\/www.piumacare.com\/fr\/product\/piumabrush-refill-x-3_black\/#primaryimage"},"image":{"@id":"https:\/\/www.piumacare.com\/fr\/product\/piumabrush-refill-x-3_black\/#primaryimage"},"thumbnailUrl":"https:\/\/www.piumacare.com\/wp-content\/uploads\/2021\/07\/Refill_x-3_black.jpg","datePublished":"2021-07-12T08:03:29+00:00","dateModified":"2024-09-17T09:50:53+00:00","description":"Lot de trois brosses \u00e0 dents noires avec poils antibact\u00e9riens, au design prim\u00e9, parfaites pour votre hygi\u00e8ne bucco-dentaire quotidienne","breadcrumb":{"@id":"https:\/\/www.piumacare.com\/fr\/product\/piumabrush-refill-x-3_black\/#breadcrumb"},"inLanguage":"fr-FR","potentialAction":[{"@type":"ReadAction","target":["https:\/\/www.piumacare.com\/fr\/product\/piumabrush-refill-x-3_black\/"]}]},{"@type":"ImageObject","inLanguage":"fr-FR","@id":"https:\/\/www.piumacare.com\/fr\/product\/piumabrush-refill-x-3_black\/#primaryimage","url":"https:\/\/www.piumacare.com\/wp-content\/uploads\/2021\/07\/Refill_x-3_black.jpg","contentUrl":"https:\/\/www.piumacare.com\/wp-content\/uploads\/2021\/07\/Refill_x-3_black.jpg","width":1000,"height":1000,"caption":"3 PiumaBrush Refill perfect black by Piuma Care"},{"@type":"BreadcrumbList","@id":"https:\/\/www.piumacare.com\/fr\/product\/piumabrush-refill-x-3_black\/#breadcrumb","itemListElement":[{"@type":"ListItem","position":1,"name":"Home","item":"https:\/\/www.piumacare.com\/fr\/accueil-fr\/"},{"@type":"ListItem","position":2,"name":"Boutique","item":"https:\/\/www.piumacare.com\/fr\/boutique\/"},{"@type":"ListItem","position":3,"name":"Brosse \u00e0 dents sans base x 3"}]},{"@type":"WebSite","@id":"https:\/\/www.piumacare.com\/fr\/#website","url":"https:\/\/www.piumacare.com\/fr\/","name":"Piuma Care","description":"La scienza del sorriso","potentialAction":[{"@type":"SearchAction","target":{"@type":"EntryPoint","urlTemplate":"https:\/\/www.piumacare.com\/fr\/?s={search_term_string}"},"query-input":{"@type":"PropertyValueSpecification","valueRequired":true,"valueName":"search_term_string"}}],"inLanguage":"fr-FR"}]}},"_links":{"self":[{"href":"https:\/\/www.piumacare.com\/fr\/wp-json\/wp\/v2\/product\/2291","targetHints":{"allow":["GET"]}}],"collection":[{"href":"https:\/\/www.piumacare.com\/fr\/wp-json\/wp\/v2\/product"}],"about":[{"href":"https:\/\/www.piumacare.com\/fr\/wp-json\/wp\/v2\/types\/product"}],"wp:featuredmedia":[{"embeddable":true,"href":"https:\/\/www.piumacare.com\/fr\/wp-json\/wp\/v2\/media\/1618"}],"wp:attachment":[{"href":"https:\/\/www.piumacare.com\/fr\/wp-json\/wp\/v2\/media?parent=2291"}],"wp:term":[{"taxonomy":"product_brand","embeddable":true,"href":"https:\/\/www.piumacare.com\/fr\/wp-json\/wp\/v2\/product_brand?post=2291"},{"taxonomy":"product_cat","embeddable":true,"href":"https:\/\/www.piumacare.com\/fr\/wp-json\/wp\/v2\/product_cat?post=2291"},{"taxonomy":"product_tag","embeddable":true,"href":"https:\/\/www.piumacare.com\/fr\/wp-json\/wp\/v2\/product_tag?post=2291"}],"curies":[{"name":"wp","href":"https:\/\/api.w.org\/{rel}","templated":true}]}}