{"id":5276,"date":"2021-11-17T08:44:55","date_gmt":"2021-11-17T07:44:55","guid":{"rendered":"https:\/\/www.piumacare.com\/?post_type=product&#038;p=5276"},"modified":"2025-04-21T18:32:59","modified_gmt":"2025-04-21T16:32:59","slug":"white-bernini-marble-base","status":"publish","type":"product","link":"https:\/\/www.piumacare.com\/fr\/product\/white-bernini-marble-base\/","title":{"rendered":"Base en Marbre Bernini"},"content":{"rendered":"<div class=\"fusion-fullwidth fullwidth-box fusion-builder-row-1 fusion-flex-container has-pattern-background has-mask-background nonhundred-percent-fullwidth non-hundred-percent-height-scrolling\" style=\"--awb-border-radius-top-left:0px;--awb-border-radius-top-right:0px;--awb-border-radius-bottom-right:0px;--awb-border-radius-bottom-left:0px;--awb-flex-wrap:wrap;\" ><div class=\"fusion-builder-row fusion-row fusion-flex-align-items-flex-start fusion-flex-content-wrap\" style=\"max-width:1248px;margin-left: calc(-4% \/ 2 );margin-right: calc(-4% \/ 2 );\"><div class=\"fusion-layout-column fusion_builder_column fusion-builder-column-0 fusion_builder_column_1_1 1_1 fusion-flex-column\" style=\"--awb-bg-size:cover;--awb-width-large:100%;--awb-margin-top-large:0px;--awb-spacing-right-large:1.92%;--awb-margin-bottom-large:20px;--awb-spacing-left-large:1.92%;--awb-width-medium:100%;--awb-order-medium:0;--awb-spacing-right-medium:1.92%;--awb-spacing-left-medium:1.92%;--awb-width-small:100%;--awb-order-small:0;--awb-spacing-right-small:1.92%;--awb-spacing-left-small:1.92%;\"><div class=\"fusion-column-wrapper fusion-column-has-shadow fusion-flex-justify-content-flex-start fusion-content-layout-column\"><div class=\"fusion-image-element \" style=\"--awb-caption-title-font-family:var(--h2_typography-font-family);--awb-caption-title-font-weight:var(--h2_typography-font-weight);--awb-caption-title-font-style:var(--h2_typography-font-style);--awb-caption-title-size:var(--h2_typography-font-size);--awb-caption-title-transform:var(--h2_typography-text-transform);--awb-caption-title-line-height:var(--h2_typography-line-height);--awb-caption-title-letter-spacing:var(--h2_typography-letter-spacing);\"><span class=\" fusion-imageframe imageframe-none imageframe-1 hover-type-none\"><a href=\"https:\/\/www.piumacare.com\/wp-content\/uploads\/2023\/02\/Piuma_0002_Bernini_White_with.jpg\" class=\"fusion-lightbox\" data-rel=\"iLightbox[bdab4895e0505091ebf]\" data-caption=\"OLYMPUS DIGITAL CAMERA\" data-title=\"OLYMPUS DIGITAL CAMERA\" title=\"OLYMPUS DIGITAL CAMERA\"><img decoding=\"async\" width=\"1434\" height=\"1434\" src=\"https:\/\/www.piumacare.com\/wp-content\/uploads\/2023\/02\/Piuma_0002_Bernini_White_with.jpg\" alt class=\"img-responsive wp-image-13786\" srcset=\"https:\/\/www.piumacare.com\/wp-content\/uploads\/2023\/02\/Piuma_0002_Bernini_White_with-200x200.jpg 200w, https:\/\/www.piumacare.com\/wp-content\/uploads\/2023\/02\/Piuma_0002_Bernini_White_with-400x400.jpg 400w, https:\/\/www.piumacare.com\/wp-content\/uploads\/2023\/02\/Piuma_0002_Bernini_White_with-600x600.jpg 600w, https:\/\/www.piumacare.com\/wp-content\/uploads\/2023\/02\/Piuma_0002_Bernini_White_with-800x800.jpg 800w, https:\/\/www.piumacare.com\/wp-content\/uploads\/2023\/02\/Piuma_0002_Bernini_White_with-1200x1200.jpg 1200w, https:\/\/www.piumacare.com\/wp-content\/uploads\/2023\/02\/Piuma_0002_Bernini_White_with.jpg 1434w\" sizes=\"(max-width: 640px) 100vw, 1200px\" \/><\/a><\/span><\/div><\/div><\/div><\/div><\/div>\n","protected":false},"excerpt":{"rendered":"<p><strong>Ce que c&rsquo;est<\/strong> : Le design et la science se rencontrent dans Bernini, la base exclusive fabriqu\u00e9e en marbre de Carrare. Fini \u00e0 la main, ses formes lisses et essentielles ajoutent une touche de design \u00e9l\u00e9gant et raffin\u00e9 \u00e0 toute salle de bain. <\/p>\n[fusion_accordion type=\"\" inactive_icon=\"fa-angle-down fas\" active_icon=\"fa-angle-up fas\" margin_top=\"\" margin_bottom=\"20px\" hide_on_mobile=\"small-visibility,medium-visibility,large-visibility\" class=\"\" id=\"\" boxed_mode=\"\" border_size=\"1\" border_color=\"\" hue=\"\" saturation=\"\" lightness=\"\" alpha=\"\" hover_color=\"\" background_color=\"\" divider_line=\"no\" divider_hover_color=\"\" divider_color=\"\" padding_top=\"\" padding_right=\"\" padding_bottom=\"\" padding_left=\"\" title_tag=\"h4\" fusion_font_family_title_font=\"Manrope\" fusion_font_variant_title_font=\"400\" title_font_size=\"13px\" title_line_height=\"1.3\" title_letter_spacing=\"\" title_text_transform=\"\" title_color=\"var(--awb-color6)\" icon_size=\"12\" icon_color=\"var(--awb-color5)\" icon_boxed_mode=\"no\" icon_box_color=\"\" icon_alignment=\"\" fusion_font_family_content_font=\"Manrope\" fusion_font_variant_content_font=\"400\" content_font_size=\"13\" content_line_height=\"1.3\" content_letter_spacing=\"\" content_text_transform=\"\" content_color=\"var(--awb-color6)\" toggle_hover_accent_color=\"#0093b5\" toggle_active_accent_color=\"var(--awb-color8)\" parent_dynamic_content=\"\"][fusion_toggle title=\"en savoir plus\" open=\"no\" awb-switch-editor-focus=\"\" class=\"\" id=\"\" fusion_font_family_title_font=\"Manrope\" fusion_font_variant_title_font=\"400\" title_font_size=\"13px\" title_line_height=\"1.3\" title_letter_spacing=\"\" title_text_transform=\"\" title_color=\"var(--awb-color8)\" hue=\"\" saturation=\"\" lightness=\"\" alpha=\"\" fusion_font_family_content_font=\"Manrope\" fusion_font_variant_content_font=\"400\" content_font_size=\"13px\" content_line_height=\"1.3\" content_letter_spacing=\"\" content_text_transform=\"\" content_color=\"var(--awb-color6)\"]<\/p>\n<p><strong>Caract\u00e9ristiques<\/strong>:<\/p>\n<ul>\n<li>Base en marbre de Carrare finie \u00e0 la main<\/li>\n<li>Son design \u00e9vite la stagnation de l&rsquo;eau gr\u00e2ce au trou de drainage<\/li>\n<li>100% Made in Italy<\/li>\n<\/ul>\n<p><strong>Extra <\/strong>: Les mat\u00e9riaux naturels se distinguent par leur unicit\u00e9 : toute diff\u00e9rence de<br \/>teinte garantit la naturalit\u00e9 du produit.<\/p>\n<p>[\/fusion_toggle][\/fusion_accordion]\n<p><span style=\"padding-right: 80px;\">Couleur: Marbre Blanc<\/span><br \/>\n<a href=\"https:\/\/www.piumacare.com\/product\/black-bernini-marble-base\/\"><img decoding=\"async\" class=\"alignnone wp-image-8178\" src=\"https:\/\/www.piumacare.com\/wp-content\/uploads\/2021\/07\/icone_colore_Tavola-disegno-1-copia.svg\" alt=\"\" width=\"40\" height=\"40\"><\/a><a href=\"https:\/\/www.piumacare.com\/product\/grey-bernini-marble-base\/\"><img decoding=\"async\" class=\"alignnone wp-image-8163\" src=\"https:\/\/www.piumacare.com\/wp-content\/uploads\/2021\/07\/icone_colore_Tavola-disegno-1-copia-3.svg\" alt=\"\" width=\"40\" height=\"40\"><\/a><img decoding=\"async\" class=\"alignnone wp-image-8188\" src=\"https:\/\/www.piumacare.com\/wp-content\/uploads\/2021\/07\/icone_colore_Tavola-disegno-1-copia-4.svg\" alt=\"\" width=\"40\" height=\"40\"> <a href=\"https:\/\/www.piumacare.com\/product\/nude-base-marmo-bernini\/\"><img decoding=\"async\" class=\"alignnone wp-image-8173\" src=\"https:\/\/www.piumacare.com\/wp-content\/uploads\/2021\/07\/icone_colore_Tavola-disegno-1-copia-7.svg\" alt=\"\" width=\"40\" height=\"40\"><\/a><\/p>\n","protected":false},"featured_media":13801,"template":"","meta":[],"product_brand":[],"product_cat":[301],"product_tag":[307],"class_list":{"0":"post-5276","1":"product","2":"type-product","3":"status-publish","4":"has-post-thumbnail","6":"product_cat-living-fr","7":"product_tag-bernini-white-fr","9":"first","10":"instock","11":"shipping-taxable","12":"purchasable","13":"product-type-simple"},"yoast_head":"<!-- This site is optimized with the Yoast SEO plugin v27.4 - https:\/\/yoast.com\/product\/yoast-seo-wordpress\/ -->\n<title>Porte-brosse \u00e0 dents en Marbre Blanc Bernini - Piuma Care<\/title>\n<meta name=\"description\" content=\"Kit complet d&#039;hygi\u00e8ne buccale avec la premi\u00e8re brosse \u00e0 dents by design, une base de calendrier innovante, un dentifrice anti-caries et un bain de bouche anti-plaques.\" \/>\n<meta name=\"robots\" content=\"index, follow, max-snippet:-1, max-image-preview:large, max-video-preview:-1\" \/>\n<link rel=\"canonical\" href=\"https:\/\/www.piumacare.com\/fr\/product\/white-bernini-marble-base\/\" \/>\n<meta property=\"og:locale\" content=\"fr_FR\" \/>\n<meta property=\"og:type\" content=\"article\" \/>\n<meta property=\"og:title\" content=\"Porte-brosse \u00e0 dents en Marbre Blanc Bernini - Piuma Care\" \/>\n<meta property=\"og:description\" content=\"Kit complet d&#039;hygi\u00e8ne buccale avec la premi\u00e8re brosse \u00e0 dents by design, une base de calendrier innovante, un dentifrice anti-caries et un bain de bouche anti-plaques.\" \/>\n<meta property=\"og:url\" content=\"https:\/\/www.piumacare.com\/fr\/product\/white-bernini-marble-base\/\" \/>\n<meta property=\"og:site_name\" content=\"Piuma Care\" \/>\n<meta property=\"article:modified_time\" content=\"2025-04-21T16:32:59+00:00\" \/>\n<meta property=\"og:image\" content=\"https:\/\/www.piumacare.com\/wp-content\/uploads\/2023\/02\/Piuma_Bernini_White.jpg\" \/>\n\t<meta property=\"og:image:width\" content=\"1500\" \/>\n\t<meta property=\"og:image:height\" content=\"1500\" \/>\n\t<meta property=\"og:image:type\" content=\"image\/jpeg\" \/>\n<meta name=\"twitter:card\" content=\"summary_large_image\" \/>\n<meta name=\"twitter:label1\" content=\"Dur\u00e9e de lecture estim\u00e9e\" \/>\n\t<meta name=\"twitter:data1\" content=\"6 minutes\" \/>\n<script type=\"application\/ld+json\" class=\"yoast-schema-graph\">{\"@context\":\"https:\\\/\\\/schema.org\",\"@graph\":[{\"@type\":\"WebPage\",\"@id\":\"https:\\\/\\\/www.piumacare.com\\\/fr\\\/product\\\/white-bernini-marble-base\\\/\",\"url\":\"https:\\\/\\\/www.piumacare.com\\\/fr\\\/product\\\/white-bernini-marble-base\\\/\",\"name\":\"Porte-brosse \u00e0 dents en Marbre Blanc Bernini - Piuma Care\",\"isPartOf\":{\"@id\":\"https:\\\/\\\/www.piumacare.com\\\/fr\\\/#website\"},\"primaryImageOfPage\":{\"@id\":\"https:\\\/\\\/www.piumacare.com\\\/fr\\\/product\\\/white-bernini-marble-base\\\/#primaryimage\"},\"image\":{\"@id\":\"https:\\\/\\\/www.piumacare.com\\\/fr\\\/product\\\/white-bernini-marble-base\\\/#primaryimage\"},\"thumbnailUrl\":\"https:\\\/\\\/www.piumacare.com\\\/wp-content\\\/uploads\\\/2023\\\/02\\\/Piuma_Bernini_White.jpg\",\"datePublished\":\"2021-11-17T07:44:55+00:00\",\"dateModified\":\"2025-04-21T16:32:59+00:00\",\"description\":\"Kit complet d'hygi\u00e8ne buccale avec la premi\u00e8re brosse \u00e0 dents by design, une base de calendrier innovante, un dentifrice anti-caries et un bain de bouche anti-plaques.\",\"breadcrumb\":{\"@id\":\"https:\\\/\\\/www.piumacare.com\\\/fr\\\/product\\\/white-bernini-marble-base\\\/#breadcrumb\"},\"inLanguage\":\"fr-FR\",\"potentialAction\":[{\"@type\":\"ReadAction\",\"target\":[\"https:\\\/\\\/www.piumacare.com\\\/fr\\\/product\\\/white-bernini-marble-base\\\/\"]}]},{\"@type\":\"ImageObject\",\"inLanguage\":\"fr-FR\",\"@id\":\"https:\\\/\\\/www.piumacare.com\\\/fr\\\/product\\\/white-bernini-marble-base\\\/#primaryimage\",\"url\":\"https:\\\/\\\/www.piumacare.com\\\/wp-content\\\/uploads\\\/2023\\\/02\\\/Piuma_Bernini_White.jpg\",\"contentUrl\":\"https:\\\/\\\/www.piumacare.com\\\/wp-content\\\/uploads\\\/2023\\\/02\\\/Piuma_Bernini_White.jpg\",\"width\":1500,\"height\":1500,\"caption\":\"OLYMPUS DIGITAL CAMERA\"},{\"@type\":\"BreadcrumbList\",\"@id\":\"https:\\\/\\\/www.piumacare.com\\\/fr\\\/product\\\/white-bernini-marble-base\\\/#breadcrumb\",\"itemListElement\":[{\"@type\":\"ListItem\",\"position\":1,\"name\":\"Home\",\"item\":\"https:\\\/\\\/www.piumacare.com\\\/fr\\\/accueil-fr\\\/\"},{\"@type\":\"ListItem\",\"position\":2,\"name\":\"Boutique\",\"item\":\"https:\\\/\\\/www.piumacare.com\\\/fr\\\/boutique\\\/\"},{\"@type\":\"ListItem\",\"position\":3,\"name\":\"Base en Marbre Bernini\"}]},{\"@type\":\"WebSite\",\"@id\":\"https:\\\/\\\/www.piumacare.com\\\/fr\\\/#website\",\"url\":\"https:\\\/\\\/www.piumacare.com\\\/fr\\\/\",\"name\":\"Piuma Care\",\"description\":\"La scienza del sorriso\",\"potentialAction\":[{\"@type\":\"SearchAction\",\"target\":{\"@type\":\"EntryPoint\",\"urlTemplate\":\"https:\\\/\\\/www.piumacare.com\\\/fr\\\/?s={search_term_string}\"},\"query-input\":{\"@type\":\"PropertyValueSpecification\",\"valueRequired\":true,\"valueName\":\"search_term_string\"}}],\"inLanguage\":\"fr-FR\"}]}<\/script>\n<!-- \/ Yoast SEO plugin. -->","yoast_head_json":{"title":"Porte-brosse \u00e0 dents en Marbre Blanc Bernini - Piuma Care","description":"Kit complet d'hygi\u00e8ne buccale avec la premi\u00e8re brosse \u00e0 dents by design, une base de calendrier innovante, un dentifrice anti-caries et un bain de bouche anti-plaques.","robots":{"index":"index","follow":"follow","max-snippet":"max-snippet:-1","max-image-preview":"max-image-preview:large","max-video-preview":"max-video-preview:-1"},"canonical":"https:\/\/www.piumacare.com\/fr\/product\/white-bernini-marble-base\/","og_locale":"fr_FR","og_type":"article","og_title":"Porte-brosse \u00e0 dents en Marbre Blanc Bernini - Piuma Care","og_description":"Kit complet d'hygi\u00e8ne buccale avec la premi\u00e8re brosse \u00e0 dents by design, une base de calendrier innovante, un dentifrice anti-caries et un bain de bouche anti-plaques.","og_url":"https:\/\/www.piumacare.com\/fr\/product\/white-bernini-marble-base\/","og_site_name":"Piuma Care","article_modified_time":"2025-04-21T16:32:59+00:00","og_image":[{"width":1500,"height":1500,"url":"https:\/\/www.piumacare.com\/wp-content\/uploads\/2023\/02\/Piuma_Bernini_White.jpg","type":"image\/jpeg"}],"twitter_card":"summary_large_image","twitter_misc":{"Dur\u00e9e de lecture estim\u00e9e":"6 minutes"},"schema":{"@context":"https:\/\/schema.org","@graph":[{"@type":"WebPage","@id":"https:\/\/www.piumacare.com\/fr\/product\/white-bernini-marble-base\/","url":"https:\/\/www.piumacare.com\/fr\/product\/white-bernini-marble-base\/","name":"Porte-brosse \u00e0 dents en Marbre Blanc Bernini - Piuma Care","isPartOf":{"@id":"https:\/\/www.piumacare.com\/fr\/#website"},"primaryImageOfPage":{"@id":"https:\/\/www.piumacare.com\/fr\/product\/white-bernini-marble-base\/#primaryimage"},"image":{"@id":"https:\/\/www.piumacare.com\/fr\/product\/white-bernini-marble-base\/#primaryimage"},"thumbnailUrl":"https:\/\/www.piumacare.com\/wp-content\/uploads\/2023\/02\/Piuma_Bernini_White.jpg","datePublished":"2021-11-17T07:44:55+00:00","dateModified":"2025-04-21T16:32:59+00:00","description":"Kit complet d'hygi\u00e8ne buccale avec la premi\u00e8re brosse \u00e0 dents by design, une base de calendrier innovante, un dentifrice anti-caries et un bain de bouche anti-plaques.","breadcrumb":{"@id":"https:\/\/www.piumacare.com\/fr\/product\/white-bernini-marble-base\/#breadcrumb"},"inLanguage":"fr-FR","potentialAction":[{"@type":"ReadAction","target":["https:\/\/www.piumacare.com\/fr\/product\/white-bernini-marble-base\/"]}]},{"@type":"ImageObject","inLanguage":"fr-FR","@id":"https:\/\/www.piumacare.com\/fr\/product\/white-bernini-marble-base\/#primaryimage","url":"https:\/\/www.piumacare.com\/wp-content\/uploads\/2023\/02\/Piuma_Bernini_White.jpg","contentUrl":"https:\/\/www.piumacare.com\/wp-content\/uploads\/2023\/02\/Piuma_Bernini_White.jpg","width":1500,"height":1500,"caption":"OLYMPUS DIGITAL CAMERA"},{"@type":"BreadcrumbList","@id":"https:\/\/www.piumacare.com\/fr\/product\/white-bernini-marble-base\/#breadcrumb","itemListElement":[{"@type":"ListItem","position":1,"name":"Home","item":"https:\/\/www.piumacare.com\/fr\/accueil-fr\/"},{"@type":"ListItem","position":2,"name":"Boutique","item":"https:\/\/www.piumacare.com\/fr\/boutique\/"},{"@type":"ListItem","position":3,"name":"Base en Marbre Bernini"}]},{"@type":"WebSite","@id":"https:\/\/www.piumacare.com\/fr\/#website","url":"https:\/\/www.piumacare.com\/fr\/","name":"Piuma Care","description":"La scienza del sorriso","potentialAction":[{"@type":"SearchAction","target":{"@type":"EntryPoint","urlTemplate":"https:\/\/www.piumacare.com\/fr\/?s={search_term_string}"},"query-input":{"@type":"PropertyValueSpecification","valueRequired":true,"valueName":"search_term_string"}}],"inLanguage":"fr-FR"}]}},"_links":{"self":[{"href":"https:\/\/www.piumacare.com\/fr\/wp-json\/wp\/v2\/product\/5276","targetHints":{"allow":["GET"]}}],"collection":[{"href":"https:\/\/www.piumacare.com\/fr\/wp-json\/wp\/v2\/product"}],"about":[{"href":"https:\/\/www.piumacare.com\/fr\/wp-json\/wp\/v2\/types\/product"}],"wp:featuredmedia":[{"embeddable":true,"href":"https:\/\/www.piumacare.com\/fr\/wp-json\/wp\/v2\/media\/13801"}],"wp:attachment":[{"href":"https:\/\/www.piumacare.com\/fr\/wp-json\/wp\/v2\/media?parent=5276"}],"wp:term":[{"taxonomy":"product_brand","embeddable":true,"href":"https:\/\/www.piumacare.com\/fr\/wp-json\/wp\/v2\/product_brand?post=5276"},{"taxonomy":"product_cat","embeddable":true,"href":"https:\/\/www.piumacare.com\/fr\/wp-json\/wp\/v2\/product_cat?post=5276"},{"taxonomy":"product_tag","embeddable":true,"href":"https:\/\/www.piumacare.com\/fr\/wp-json\/wp\/v2\/product_tag?post=5276"}],"curies":[{"name":"wp","href":"https:\/\/api.w.org\/{rel}","templated":true}]}}