{"id":7130,"date":"2022-01-18T10:55:05","date_gmt":"2022-01-18T09:55:05","guid":{"rendered":"https:\/\/www.piumacare.com\/?post_type=product&#038;p=7130"},"modified":"2024-09-13T18:11:54","modified_gmt":"2024-09-13T16:11:54","slug":"saint-valentine-love-kit","status":"publish","type":"product","link":"https:\/\/www.piumacare.com\/fr\/product\/saint-valentine-love-kit\/","title":{"rendered":"Saint Valentine Love Kit"},"content":{"rendered":"<div class=\"fusion-fullwidth fullwidth-box fusion-builder-row-1 fusion-flex-container nonhundred-percent-fullwidth non-hundred-percent-height-scrolling\" style=\"--awb-border-radius-top-left:0px;--awb-border-radius-top-right:0px;--awb-border-radius-bottom-right:0px;--awb-border-radius-bottom-left:0px;--awb-flex-wrap:wrap;\" ><div class=\"fusion-builder-row fusion-row fusion-flex-align-items-flex-start fusion-flex-content-wrap\" style=\"max-width:1248px;margin-left: calc(-4% \/ 2 );margin-right: calc(-4% \/ 2 );\"><div class=\"fusion-layout-column fusion_builder_column fusion-builder-column-0 fusion_builder_column_1_1 1_1 fusion-flex-column\" style=\"--awb-bg-size:cover;--awb-width-large:100%;--awb-margin-top-large:0px;--awb-spacing-right-large:1.92%;--awb-margin-bottom-large:20px;--awb-spacing-left-large:1.92%;--awb-width-medium:100%;--awb-order-medium:0;--awb-spacing-right-medium:1.92%;--awb-spacing-left-medium:1.92%;--awb-width-small:100%;--awb-order-small:0;--awb-spacing-right-small:1.92%;--awb-spacing-left-small:1.92%;\"><div class=\"fusion-column-wrapper fusion-column-has-shadow fusion-flex-justify-content-flex-start fusion-content-layout-column\"><div class=\"accordian fusion-accordian\" style=\"--awb-border-size:1px;--awb-icon-size:13px;--awb-content-font-size:16px;--awb-icon-alignment:left;--awb-hover-color:#f9f9fb;--awb-border-color:#e2e2e2;--awb-background-color:#ffffff;--awb-divider-color:#e2e2e2;--awb-divider-hover-color:#e2e2e2;--awb-icon-color:#000000;--awb-title-color:#212934;--awb-content-color:#000000;--awb-icon-box-color:rgba(255,255,255,0);--awb-toggle-hover-accent-color:#898989;--awb-title-font-family:&quot;Manrope&quot;;--awb-title-font-weight:regular;--awb-title-font-style:normal;--awb-content-font-family:&quot;Manrope&quot;;--awb-content-font-style:normal;--awb-content-font-weight:regular;\"><div class=\"panel-group fusion-toggle-icon-boxed\" id=\"accordion-7130-1\"><div class=\"fusion-panel panel-default panel-ae9e2d3cebcabda9a fusion-toggle-has-divider\"><div class=\"panel-heading\"><h4 class=\"panel-title toggle\" id=\"toggle_ae9e2d3cebcabda9a\"><a aria-expanded=\"false\" aria-controls=\"ae9e2d3cebcabda9a\" role=\"button\" data-toggle=\"collapse\" data-parent=\"#accordion-7130-1\" data-target=\"#ae9e2d3cebcabda9a\" href=\"#ae9e2d3cebcabda9a\"><span class=\"fusion-toggle-icon-wrapper\" aria-hidden=\"true\"><i class=\"fa-fusion-box active-icon awb-icon-minus\" aria-hidden=\"true\"><\/i><i class=\"fa-fusion-box inactive-icon awb-icon-plus\" aria-hidden=\"true\"><\/i><\/span><span class=\"fusion-toggle-heading\">Les prix indiqu\u00e9s sur le site internet incluent-ils la TVA ?<\/span><\/a><\/h4><\/div><div id=\"ae9e2d3cebcabda9a\" class=\"panel-collapse collapse \" aria-labelledby=\"toggle_ae9e2d3cebcabda9a\"><div class=\"panel-body toggle-content fusion-clearfix\">\n<p>Oui, tous les prix incluent la TVA.<\/p>\n<\/div><\/div><\/div><div class=\"fusion-panel panel-default panel-9163cccd3ebd8d539 fusion-toggle-has-divider\"><div class=\"panel-heading\"><h4 class=\"panel-title toggle\" id=\"toggle_9163cccd3ebd8d539\"><a aria-expanded=\"false\" aria-controls=\"9163cccd3ebd8d539\" role=\"button\" data-toggle=\"collapse\" data-parent=\"#accordion-7130-1\" data-target=\"#9163cccd3ebd8d539\" href=\"#9163cccd3ebd8d539\"><span class=\"fusion-toggle-icon-wrapper\" aria-hidden=\"true\"><i class=\"fa-fusion-box active-icon awb-icon-minus\" aria-hidden=\"true\"><\/i><i class=\"fa-fusion-box inactive-icon awb-icon-plus\" aria-hidden=\"true\"><\/i><\/span><span class=\"fusion-toggle-heading\">Quelle est votre politique de remboursement et de retour ?<\/span><\/a><\/h4><\/div><div id=\"9163cccd3ebd8d539\" class=\"panel-collapse collapse \" aria-labelledby=\"toggle_9163cccd3ebd8d539\"><div class=\"panel-body toggle-content fusion-clearfix\">\n<p>Vous avez la possibilit\u00e9 de nous retourner tout article command\u00e9 dans les 30 jours suivant la date de r\u00e9ception.<br \/>\nLors du retour du ou des articles, veuillez les renvoyer dans leur emballage d\u2019origine, accompagn\u00e9s des accessoires et documents fournis, et joindre le formulaire de livraison. Nous vous recommandons de prendre toutes les pr\u00e9cautions possibles pour garantir l\u2019int\u00e9grit\u00e9 du produit retourn\u00e9.<br \/>\nLes articles non retourn\u00e9s, retourn\u00e9s incomplets, ab\u00eem\u00e9s, endommag\u00e9s, d\u00e9t\u00e9rior\u00e9s, sales ou dans tout autre \u00e9tat pouvant raisonnablement laisser penser qu\u2019ils ont \u00e9t\u00e9 utilis\u00e9s, ne seront pas rembours\u00e9s ou remplac\u00e9s, de m\u00eame que les articles scell\u00e9s qui ont \u00e9t\u00e9 ouverts apr\u00e8s la livraison, pour des raisons d\u2019hygi\u00e8ne ou de protection de la sant\u00e9.<\/p>\n<\/div><\/div><\/div><div class=\"fusion-panel panel-default panel-7febfb53afc88743e fusion-toggle-has-divider\"><div class=\"panel-heading\"><h4 class=\"panel-title toggle\" id=\"toggle_7febfb53afc88743e\"><a aria-expanded=\"false\" aria-controls=\"7febfb53afc88743e\" role=\"button\" data-toggle=\"collapse\" data-parent=\"#accordion-7130-1\" data-target=\"#7febfb53afc88743e\" href=\"#7febfb53afc88743e\"><span class=\"fusion-toggle-icon-wrapper\" aria-hidden=\"true\"><i class=\"fa-fusion-box active-icon awb-icon-minus\" aria-hidden=\"true\"><\/i><i class=\"fa-fusion-box inactive-icon awb-icon-plus\" aria-hidden=\"true\"><\/i><\/span><span class=\"fusion-toggle-heading\">D&#039;o\u00f9 viennent les produits P I U M A ?<\/span><\/a><\/h4><\/div><div id=\"7febfb53afc88743e\" class=\"panel-collapse collapse \" aria-labelledby=\"toggle_7febfb53afc88743e\"><div class=\"panel-body toggle-content fusion-clearfix\">\n<p>Les produits P I U M A sont con\u00e7us et fabriqu\u00e9s en Italie.<\/p>\n<\/div><\/div><\/div><div class=\"fusion-panel panel-default panel-cdbf21717f3c643c6 fusion-toggle-has-divider\"><div class=\"panel-heading\"><h4 class=\"panel-title toggle\" id=\"toggle_cdbf21717f3c643c6\"><a aria-expanded=\"false\" aria-controls=\"cdbf21717f3c643c6\" role=\"button\" data-toggle=\"collapse\" data-parent=\"#accordion-7130-1\" data-target=\"#cdbf21717f3c643c6\" href=\"#cdbf21717f3c643c6\"><span class=\"fusion-toggle-icon-wrapper\" aria-hidden=\"true\"><i class=\"fa-fusion-box active-icon awb-icon-minus\" aria-hidden=\"true\"><\/i><i class=\"fa-fusion-box inactive-icon awb-icon-plus\" aria-hidden=\"true\"><\/i><\/span><span class=\"fusion-toggle-heading\">Quel type de brosse \u00e0 dents dois-je utiliser ?<\/span><\/a><\/h4><\/div><div id=\"cdbf21717f3c643c6\" class=\"panel-collapse collapse \" aria-labelledby=\"toggle_cdbf21717f3c643c6\"><div class=\"panel-body toggle-content fusion-clearfix\">\n<p>Une brosse \u00e0 dents \u00e0 poils m\u00e9diums convient \u00e0 ceux qui n\u2019ont pas les dents et les gencives sensibles, sinon nous recommandons une brosse \u00e0 dents \u00e0 poils souples.<\/p>\n<\/div><\/div><\/div><div class=\"fusion-panel panel-default panel-450cf090630565c50 fusion-toggle-has-divider\"><div class=\"panel-heading\"><h4 class=\"panel-title toggle\" id=\"toggle_450cf090630565c50\"><a aria-expanded=\"false\" aria-controls=\"450cf090630565c50\" role=\"button\" data-toggle=\"collapse\" data-parent=\"#accordion-7130-1\" data-target=\"#450cf090630565c50\" href=\"#450cf090630565c50\"><span class=\"fusion-toggle-icon-wrapper\" aria-hidden=\"true\"><i class=\"fa-fusion-box active-icon awb-icon-minus\" aria-hidden=\"true\"><\/i><i class=\"fa-fusion-box inactive-icon awb-icon-plus\" aria-hidden=\"true\"><\/i><\/span><span class=\"fusion-toggle-heading\">\u00c0 quelle fr\u00e9quence dois-je changer ma brosse \u00e0 dents ?<\/span><\/a><\/h4><\/div><div id=\"450cf090630565c50\" class=\"panel-collapse collapse \" aria-labelledby=\"toggle_450cf090630565c50\"><div class=\"panel-body toggle-content fusion-clearfix\">\n<p>Nous vous recommandons de changer votre brosse \u00e0 dents tous les 3 mois. Nous avons mis en place un \u00ab\u00a0calendrier\u00a0\u00bb au dos de la station de base qui vous indique quand remplacer votre brosse \u00e0 dents.<\/p>\n<\/div><\/div><\/div><\/div><\/div><\/div><\/div><\/div><\/div>\n","protected":false},"excerpt":{"rendered":"<p>Le kit personnalisable, un cadeau id\u00e9al pour la Saint-Valentin !<br \/>\nGravez le nom ou les initiales de la personne que vous aimez.<\/p>\n<p><strong>Qu&rsquo;est-ce que c\u2019est<\/strong>:<br \/>\nLe kit comprend une brosse \u00e0 dents PiumaBrush avec une base de calendrier personnalisable.<\/p>\n<p><strong>Caract\u00e9ristiques<\/strong>:<\/p>\n<ul>\n<li>Brosse \u00e0 dents au design innovant avec manche flexible<\/li>\n<li>Micro-poils en Tynex\u00ae d&rsquo;un diam\u00e8tre de 0,1 mm, extra d\u00e9licats, ergonomiques et arrondis, permettent \u00e0 Piuma Brush d&rsquo;atteindre les zones les plus profondes de la bouche\/li&gt;<\/li>\n<li>Les mati\u00e8res premi\u00e8res utilis\u00e9es sont antibact\u00e9riennes et certifi\u00e9es FDA<\/li>\n<li>T\u00eate avec gratte-langue pour une exp\u00e9rience multisensorielle qui garantit un excellent nettoyage de la langue<\/li>\n<li>La base calendrier vous permet de placer votre brosse \u00e0 dents sur n&rsquo;importe quelle surface. Son design brevet\u00e9 emp\u00eache l&rsquo;eau de s&rsquo;accumuler et le calendrier \u00e0 l&rsquo;int\u00e9rieur vous rappelle quand changer votre brosse \u00e0 dents<\/li>\n<li>100% Made in Italy<\/li>\n<\/ul>\n<p><strong>Extra<\/strong>: Vous achetez le kit une fois et la base dure pour toujours !<\/p>\n<p><strong>Note<\/strong>: Le capuchon est toujours inclus.<\/p>\n","protected":false},"featured_media":17256,"template":"","meta":[],"product_brand":[],"product_cat":[75],"product_tag":[123,237,119,113,368],"class_list":{"0":"post-7130","1":"product","2":"type-product","3":"status-publish","4":"has-post-thumbnail","6":"product_cat-kit-fr","7":"product_tag-asphalt-grey-fr","8":"product_tag-nude-rose-fr","9":"product_tag-perfect-black-fr","10":"product_tag-pure-white-fr","11":"product_tag-sunset-orange-fr","13":"first","14":"instock","15":"shipping-taxable","16":"purchasable","17":"product-type-simple"},"yoast_head":"<!-- This site is optimized with the Yoast SEO plugin v27.4 - https:\/\/yoast.com\/product\/yoast-seo-wordpress\/ -->\n<title>Kit personnalisable, le cadeau id\u00e9al pour la Saint-Valentin<\/title>\n<meta name=\"description\" content=\"Le kit personnalisable, le cadeau id\u00e9al pour la Saint-Valentin ! Gravez le nom ou les initiales de votre bien-aim\u00e9(e) dans la base-calendrier.\" \/>\n<meta name=\"robots\" content=\"index, follow, max-snippet:-1, max-image-preview:large, max-video-preview:-1\" \/>\n<link rel=\"canonical\" href=\"https:\/\/www.piumacare.com\/fr\/product\/saint-valentine-love-kit\/\" \/>\n<meta property=\"og:locale\" content=\"fr_FR\" \/>\n<meta property=\"og:type\" content=\"article\" \/>\n<meta property=\"og:title\" content=\"Kit personnalisable, le cadeau id\u00e9al pour la Saint-Valentin\" \/>\n<meta property=\"og:description\" content=\"Le kit personnalisable, le cadeau id\u00e9al pour la Saint-Valentin ! Gravez le nom ou les initiales de votre bien-aim\u00e9(e) dans la base-calendrier.\" \/>\n<meta property=\"og:url\" content=\"https:\/\/www.piumacare.com\/fr\/product\/saint-valentine-love-kit\/\" \/>\n<meta property=\"og:site_name\" content=\"Piuma Care\" \/>\n<meta property=\"article:modified_time\" content=\"2024-09-13T16:11:54+00:00\" \/>\n<meta property=\"og:image\" content=\"https:\/\/www.piumacare.com\/wp-content\/uploads\/2024\/01\/Kit_S-Valentino_1a.jpg\" \/>\n\t<meta property=\"og:image:width\" content=\"1000\" \/>\n\t<meta property=\"og:image:height\" content=\"1000\" \/>\n\t<meta property=\"og:image:type\" content=\"image\/jpeg\" \/>\n<meta name=\"twitter:card\" content=\"summary_large_image\" \/>\n<meta name=\"twitter:label1\" content=\"Dur\u00e9e de lecture estim\u00e9e\" \/>\n\t<meta name=\"twitter:data1\" content=\"5 minutes\" \/>\n<script type=\"application\/ld+json\" class=\"yoast-schema-graph\">{\"@context\":\"https:\\\/\\\/schema.org\",\"@graph\":[{\"@type\":\"WebPage\",\"@id\":\"https:\\\/\\\/www.piumacare.com\\\/fr\\\/product\\\/saint-valentine-love-kit\\\/\",\"url\":\"https:\\\/\\\/www.piumacare.com\\\/fr\\\/product\\\/saint-valentine-love-kit\\\/\",\"name\":\"Kit personnalisable, le cadeau id\u00e9al pour la Saint-Valentin\",\"isPartOf\":{\"@id\":\"https:\\\/\\\/www.piumacare.com\\\/fr\\\/#website\"},\"primaryImageOfPage\":{\"@id\":\"https:\\\/\\\/www.piumacare.com\\\/fr\\\/product\\\/saint-valentine-love-kit\\\/#primaryimage\"},\"image\":{\"@id\":\"https:\\\/\\\/www.piumacare.com\\\/fr\\\/product\\\/saint-valentine-love-kit\\\/#primaryimage\"},\"thumbnailUrl\":\"https:\\\/\\\/www.piumacare.com\\\/wp-content\\\/uploads\\\/2024\\\/01\\\/Kit_S-Valentino_1a.jpg\",\"datePublished\":\"2022-01-18T09:55:05+00:00\",\"dateModified\":\"2024-09-13T16:11:54+00:00\",\"description\":\"Le kit personnalisable, le cadeau id\u00e9al pour la Saint-Valentin ! Gravez le nom ou les initiales de votre bien-aim\u00e9(e) dans la base-calendrier.\",\"breadcrumb\":{\"@id\":\"https:\\\/\\\/www.piumacare.com\\\/fr\\\/product\\\/saint-valentine-love-kit\\\/#breadcrumb\"},\"inLanguage\":\"fr-FR\",\"potentialAction\":[{\"@type\":\"ReadAction\",\"target\":[\"https:\\\/\\\/www.piumacare.com\\\/fr\\\/product\\\/saint-valentine-love-kit\\\/\"]}]},{\"@type\":\"ImageObject\",\"inLanguage\":\"fr-FR\",\"@id\":\"https:\\\/\\\/www.piumacare.com\\\/fr\\\/product\\\/saint-valentine-love-kit\\\/#primaryimage\",\"url\":\"https:\\\/\\\/www.piumacare.com\\\/wp-content\\\/uploads\\\/2024\\\/01\\\/Kit_S-Valentino_1a.jpg\",\"contentUrl\":\"https:\\\/\\\/www.piumacare.com\\\/wp-content\\\/uploads\\\/2024\\\/01\\\/Kit_S-Valentino_1a.jpg\",\"width\":1000,\"height\":1000},{\"@type\":\"BreadcrumbList\",\"@id\":\"https:\\\/\\\/www.piumacare.com\\\/fr\\\/product\\\/saint-valentine-love-kit\\\/#breadcrumb\",\"itemListElement\":[{\"@type\":\"ListItem\",\"position\":1,\"name\":\"Home\",\"item\":\"https:\\\/\\\/www.piumacare.com\\\/fr\\\/accueil-fr\\\/\"},{\"@type\":\"ListItem\",\"position\":2,\"name\":\"Boutique\",\"item\":\"https:\\\/\\\/www.piumacare.com\\\/fr\\\/boutique\\\/\"},{\"@type\":\"ListItem\",\"position\":3,\"name\":\"Saint Valentine Love Kit\"}]},{\"@type\":\"WebSite\",\"@id\":\"https:\\\/\\\/www.piumacare.com\\\/fr\\\/#website\",\"url\":\"https:\\\/\\\/www.piumacare.com\\\/fr\\\/\",\"name\":\"Piuma Care\",\"description\":\"La scienza del sorriso\",\"potentialAction\":[{\"@type\":\"SearchAction\",\"target\":{\"@type\":\"EntryPoint\",\"urlTemplate\":\"https:\\\/\\\/www.piumacare.com\\\/fr\\\/?s={search_term_string}\"},\"query-input\":{\"@type\":\"PropertyValueSpecification\",\"valueRequired\":true,\"valueName\":\"search_term_string\"}}],\"inLanguage\":\"fr-FR\"}]}<\/script>\n<!-- \/ Yoast SEO plugin. -->","yoast_head_json":{"title":"Kit personnalisable, le cadeau id\u00e9al pour la Saint-Valentin","description":"Le kit personnalisable, le cadeau id\u00e9al pour la Saint-Valentin ! Gravez le nom ou les initiales de votre bien-aim\u00e9(e) dans la base-calendrier.","robots":{"index":"index","follow":"follow","max-snippet":"max-snippet:-1","max-image-preview":"max-image-preview:large","max-video-preview":"max-video-preview:-1"},"canonical":"https:\/\/www.piumacare.com\/fr\/product\/saint-valentine-love-kit\/","og_locale":"fr_FR","og_type":"article","og_title":"Kit personnalisable, le cadeau id\u00e9al pour la Saint-Valentin","og_description":"Le kit personnalisable, le cadeau id\u00e9al pour la Saint-Valentin ! Gravez le nom ou les initiales de votre bien-aim\u00e9(e) dans la base-calendrier.","og_url":"https:\/\/www.piumacare.com\/fr\/product\/saint-valentine-love-kit\/","og_site_name":"Piuma Care","article_modified_time":"2024-09-13T16:11:54+00:00","og_image":[{"width":1000,"height":1000,"url":"https:\/\/www.piumacare.com\/wp-content\/uploads\/2024\/01\/Kit_S-Valentino_1a.jpg","type":"image\/jpeg"}],"twitter_card":"summary_large_image","twitter_misc":{"Dur\u00e9e de lecture estim\u00e9e":"5 minutes"},"schema":{"@context":"https:\/\/schema.org","@graph":[{"@type":"WebPage","@id":"https:\/\/www.piumacare.com\/fr\/product\/saint-valentine-love-kit\/","url":"https:\/\/www.piumacare.com\/fr\/product\/saint-valentine-love-kit\/","name":"Kit personnalisable, le cadeau id\u00e9al pour la Saint-Valentin","isPartOf":{"@id":"https:\/\/www.piumacare.com\/fr\/#website"},"primaryImageOfPage":{"@id":"https:\/\/www.piumacare.com\/fr\/product\/saint-valentine-love-kit\/#primaryimage"},"image":{"@id":"https:\/\/www.piumacare.com\/fr\/product\/saint-valentine-love-kit\/#primaryimage"},"thumbnailUrl":"https:\/\/www.piumacare.com\/wp-content\/uploads\/2024\/01\/Kit_S-Valentino_1a.jpg","datePublished":"2022-01-18T09:55:05+00:00","dateModified":"2024-09-13T16:11:54+00:00","description":"Le kit personnalisable, le cadeau id\u00e9al pour la Saint-Valentin ! Gravez le nom ou les initiales de votre bien-aim\u00e9(e) dans la base-calendrier.","breadcrumb":{"@id":"https:\/\/www.piumacare.com\/fr\/product\/saint-valentine-love-kit\/#breadcrumb"},"inLanguage":"fr-FR","potentialAction":[{"@type":"ReadAction","target":["https:\/\/www.piumacare.com\/fr\/product\/saint-valentine-love-kit\/"]}]},{"@type":"ImageObject","inLanguage":"fr-FR","@id":"https:\/\/www.piumacare.com\/fr\/product\/saint-valentine-love-kit\/#primaryimage","url":"https:\/\/www.piumacare.com\/wp-content\/uploads\/2024\/01\/Kit_S-Valentino_1a.jpg","contentUrl":"https:\/\/www.piumacare.com\/wp-content\/uploads\/2024\/01\/Kit_S-Valentino_1a.jpg","width":1000,"height":1000},{"@type":"BreadcrumbList","@id":"https:\/\/www.piumacare.com\/fr\/product\/saint-valentine-love-kit\/#breadcrumb","itemListElement":[{"@type":"ListItem","position":1,"name":"Home","item":"https:\/\/www.piumacare.com\/fr\/accueil-fr\/"},{"@type":"ListItem","position":2,"name":"Boutique","item":"https:\/\/www.piumacare.com\/fr\/boutique\/"},{"@type":"ListItem","position":3,"name":"Saint Valentine Love Kit"}]},{"@type":"WebSite","@id":"https:\/\/www.piumacare.com\/fr\/#website","url":"https:\/\/www.piumacare.com\/fr\/","name":"Piuma Care","description":"La scienza del sorriso","potentialAction":[{"@type":"SearchAction","target":{"@type":"EntryPoint","urlTemplate":"https:\/\/www.piumacare.com\/fr\/?s={search_term_string}"},"query-input":{"@type":"PropertyValueSpecification","valueRequired":true,"valueName":"search_term_string"}}],"inLanguage":"fr-FR"}]}},"_links":{"self":[{"href":"https:\/\/www.piumacare.com\/fr\/wp-json\/wp\/v2\/product\/7130","targetHints":{"allow":["GET"]}}],"collection":[{"href":"https:\/\/www.piumacare.com\/fr\/wp-json\/wp\/v2\/product"}],"about":[{"href":"https:\/\/www.piumacare.com\/fr\/wp-json\/wp\/v2\/types\/product"}],"wp:featuredmedia":[{"embeddable":true,"href":"https:\/\/www.piumacare.com\/fr\/wp-json\/wp\/v2\/media\/17256"}],"wp:attachment":[{"href":"https:\/\/www.piumacare.com\/fr\/wp-json\/wp\/v2\/media?parent=7130"}],"wp:term":[{"taxonomy":"product_brand","embeddable":true,"href":"https:\/\/www.piumacare.com\/fr\/wp-json\/wp\/v2\/product_brand?post=7130"},{"taxonomy":"product_cat","embeddable":true,"href":"https:\/\/www.piumacare.com\/fr\/wp-json\/wp\/v2\/product_cat?post=7130"},{"taxonomy":"product_tag","embeddable":true,"href":"https:\/\/www.piumacare.com\/fr\/wp-json\/wp\/v2\/product_tag?post=7130"}],"curies":[{"name":"wp","href":"https:\/\/api.w.org\/{rel}","templated":true}]}}